{"id":10669,"date":"2023-07-26T06:53:29","date_gmt":"2023-07-26T06:53:29","guid":{"rendered":"https:\/\/anivet.lt\/elparduotuve\/?post_type=product&#038;p=10669"},"modified":"2026-01-22T17:51:34","modified_gmt":"2026-01-22T17:51:34","slug":"calibra-vd-cat-gastrointestinal-pancreas-sausas-maistas-katems","status":"publish","type":"product","link":"https:\/\/anivet.lt\/elparduotuve\/produktas\/calibra-vd-cat-gastrointestinal-pancreas-sausas-maistas-katems\/","title":{"rendered":"Calibra VD Cat Gastrointestinal &amp; Pancreas sausas maistas kat\u0117ms"},"content":{"rendered":"<ul>\n<li style=\"font-weight: 400;\" aria-level=\"1\"><span style=\"font-weight: 400;\">Palaiko vir\u0161kinimo sistem\u0105: Sud\u0117tyje yra lengvai vir\u0161kinam\u0173 baltym\u0173, toki\u0173 kaip d\u017eiovinti kiau\u0161iniai ir hidrolizuota la\u0161i\u0161a.<\/span><\/li>\n<li style=\"font-weight: 400;\" aria-level=\"1\"><span style=\"font-weight: 400;\">Padidintas natrio ir kalio kiekis: Palaiko elektrolit\u0173 balans\u0105 organizme.<\/span><\/li>\n<li style=\"font-weight: 400;\" aria-level=\"1\"><span style=\"font-weight: 400;\">\u017darnyno mikrobiom\u0173 kompleksas: Prebiotikai ir paraprobiotikai padeda i\u0161laikyti sveik\u0105 \u017earnyno mikroflor\u0105.<\/span><\/li>\n<li style=\"font-weight: 400;\" aria-level=\"1\"><span style=\"font-weight: 400;\">Fulvin\u0117 r\u016bg\u0161tis: Gerina vir\u0161kinimo sistemos funkcijas ir skatina maistini\u0173 med\u017eiag\u0173 \u012fsisavinim\u0105.<\/span><\/li>\n<li style=\"font-weight: 400;\" aria-level=\"1\"><span style=\"font-weight: 400;\">Praturtintas omega-3 ir omega-6 riebal\u0173 r\u016bg\u0161timis: Mal\u0161ina u\u017edegim\u0105 ir stiprina imunin\u0119 sistem\u0105.<\/span><\/li>\n<\/ul>\n<p><span style=\"font-weight: 400;\">\u0160is dietinis maistas yra idealus pasirinkimas kat\u0117ms, ken\u010dian\u010dioms nuo vir\u0161kinimo sutrikim\u0173 ar kasos lig\u0173. Jo sud\u0117tyje esantys auk\u0161tos kokyb\u0117s baltymai ir specialios sudedamosios dalys padeda pagerinti vir\u0161kinimo funkcij\u0105 bei suma\u017eina u\u017edegim\u0105.<\/span><\/p>\n","protected":false},"excerpt":{"rendered":"<p><span style=\"font-weight: 400;\">Specialiai sukurtas visavertis dietinis maistas kat\u0117ms, turin\u010dioms vir\u0161kinimo trakto ar kasos sutrikim\u0173. \u0160is pa\u0161aras padeda palaikyti vir\u0161kinimo sistemos sveikat\u0105 ir gerina \u017earnyno funkcij\u0105.<\/span><\/p>\n","protected":false},"featured_media":10670,"template":"","meta":[],"product_brand":[],"product_cat":[114,102,118,339],"product_tag":[],"class_list":{"0":"post-10669","1":"product","2":"type-product","3":"status-publish","4":"has-post-thumbnail","6":"product_cat-kaciu-maistas","7":"product_cat-katems","8":"product_cat-veterinarinis-maistas-katems","9":"product_cat-calibra-kaciu-maistas","10":"pa_prekinis-zenklas-calibra","12":"first","13":"instock","14":"taxable","15":"shipping-taxable","16":"purchasable","17":"product-type-simple"},"yoast_head":"<!-- This site is optimized with the Yoast SEO Premium plugin v27.1 (Yoast SEO v27.5) - https:\/\/yoast.com\/product\/yoast-seo-premium-wordpress\/ -->\n<title>Calibra VD Cat Gastrointestinal &amp; Pancreas sausas maistas kat\u0117ms - anivet.lt<\/title>\n<meta name=\"description\" content=\"Specialiai sukurtas visavertis dietinis maistas kat\u0117ms, turin\u010dioms vir\u0161kinimo trakto ar kasos sutrikim\u0173. \u0160is pa\u0161aras padeda palaikyti vir\u0161kinimo sistemos sveikat\u0105 ir gerina \u017earnyno funkcij\u0105.\" \/>\n<meta name=\"robots\" content=\"index, follow, max-snippet:-1, max-image-preview:large, max-video-preview:-1\" \/>\n<link rel=\"canonical\" href=\"https:\/\/anivet.lt\/elparduotuve\/produktas\/calibra-vd-cat-gastrointestinal-pancreas-sausas-maistas-katems\/\" \/>\n<meta property=\"og:locale\" content=\"lt_LT\" \/>\n<meta property=\"og:type\" content=\"article\" \/>\n<meta property=\"og:title\" content=\"Calibra VD Cat Gastrointestinal &amp; Pancreas sausas maistas kat\u0117ms\" \/>\n<meta property=\"og:description\" content=\"Specialiai sukurtas visavertis dietinis maistas kat\u0117ms, turin\u010dioms vir\u0161kinimo trakto ar kasos sutrikim\u0173. \u0160is pa\u0161aras padeda palaikyti vir\u0161kinimo sistemos sveikat\u0105 ir gerina \u017earnyno funkcij\u0105.\" \/>\n<meta property=\"og:url\" content=\"https:\/\/anivet.lt\/elparduotuve\/produktas\/calibra-vd-cat-gastrointestinal-pancreas-sausas-maistas-katems\/\" \/>\n<meta property=\"og:site_name\" content=\"anivet.lt\" \/>\n<meta property=\"article:modified_time\" content=\"2026-01-22T17:51:34+00:00\" \/>\n<meta property=\"og:image\" content=\"https:\/\/anivet.lt\/elparduotuve\/wp-content\/uploads\/2023\/07\/1563-calibra-vd-cat-gastrointestinal-2kg-2021.webp\" \/>\n\t<meta property=\"og:image:width\" content=\"1920\" \/>\n\t<meta property=\"og:image:height\" content=\"1920\" \/>\n\t<meta property=\"og:image:type\" content=\"image\/webp\" \/>\n<meta name=\"twitter:card\" content=\"summary_large_image\" \/>\n<meta name=\"twitter:label1\" content=\"Est. reading time\" \/>\n\t<meta name=\"twitter:data1\" content=\"1 minut\u0117\" \/>\n<script type=\"application\/ld+json\" class=\"yoast-schema-graph\">{\"@context\":\"https:\\\/\\\/schema.org\",\"@graph\":[{\"@type\":\"WebPage\",\"@id\":\"https:\\\/\\\/anivet.lt\\\/elparduotuve\\\/produktas\\\/calibra-vd-cat-gastrointestinal-pancreas-sausas-maistas-katems\\\/\",\"url\":\"https:\\\/\\\/anivet.lt\\\/elparduotuve\\\/produktas\\\/calibra-vd-cat-gastrointestinal-pancreas-sausas-maistas-katems\\\/\",\"name\":\"Calibra VD Cat Gastrointestinal &amp; Pancreas sausas maistas kat\u0117ms - anivet.lt\",\"isPartOf\":{\"@id\":\"https:\\\/\\\/anivet.lt\\\/elparduotuve\\\/#website\"},\"primaryImageOfPage\":{\"@id\":\"https:\\\/\\\/anivet.lt\\\/elparduotuve\\\/produktas\\\/calibra-vd-cat-gastrointestinal-pancreas-sausas-maistas-katems\\\/#primaryimage\"},\"image\":{\"@id\":\"https:\\\/\\\/anivet.lt\\\/elparduotuve\\\/produktas\\\/calibra-vd-cat-gastrointestinal-pancreas-sausas-maistas-katems\\\/#primaryimage\"},\"thumbnailUrl\":\"https:\\\/\\\/anivet.lt\\\/elparduotuve\\\/wp-content\\\/uploads\\\/2023\\\/07\\\/1563-calibra-vd-cat-gastrointestinal-2kg-2021.webp\",\"datePublished\":\"2023-07-26T06:53:29+00:00\",\"dateModified\":\"2026-01-22T17:51:34+00:00\",\"description\":\"Specialiai sukurtas visavertis dietinis maistas kat\u0117ms, turin\u010dioms vir\u0161kinimo trakto ar kasos sutrikim\u0173. \u0160is pa\u0161aras padeda palaikyti vir\u0161kinimo sistemos sveikat\u0105 ir gerina \u017earnyno funkcij\u0105.\",\"breadcrumb\":{\"@id\":\"https:\\\/\\\/anivet.lt\\\/elparduotuve\\\/produktas\\\/calibra-vd-cat-gastrointestinal-pancreas-sausas-maistas-katems\\\/#breadcrumb\"},\"inLanguage\":\"lt-LT\",\"potentialAction\":[{\"@type\":\"ReadAction\",\"target\":[\"https:\\\/\\\/anivet.lt\\\/elparduotuve\\\/produktas\\\/calibra-vd-cat-gastrointestinal-pancreas-sausas-maistas-katems\\\/\"]}]},{\"@type\":\"ImageObject\",\"inLanguage\":\"lt-LT\",\"@id\":\"https:\\\/\\\/anivet.lt\\\/elparduotuve\\\/produktas\\\/calibra-vd-cat-gastrointestinal-pancreas-sausas-maistas-katems\\\/#primaryimage\",\"url\":\"https:\\\/\\\/anivet.lt\\\/elparduotuve\\\/wp-content\\\/uploads\\\/2023\\\/07\\\/1563-calibra-vd-cat-gastrointestinal-2kg-2021.webp\",\"contentUrl\":\"https:\\\/\\\/anivet.lt\\\/elparduotuve\\\/wp-content\\\/uploads\\\/2023\\\/07\\\/1563-calibra-vd-cat-gastrointestinal-2kg-2021.webp\",\"width\":1920,\"height\":1920,\"caption\":\"Calibra VD Cat Gastrointestinal &amp; Pancreas sausas maistas kat\u0117ms\"},{\"@type\":\"BreadcrumbList\",\"@id\":\"https:\\\/\\\/anivet.lt\\\/elparduotuve\\\/produktas\\\/calibra-vd-cat-gastrointestinal-pancreas-sausas-maistas-katems\\\/#breadcrumb\",\"itemListElement\":[{\"@type\":\"ListItem\",\"position\":1,\"name\":\"Home\",\"item\":\"https:\\\/\\\/anivet.lt\\\/elparduotuve\\\/\"},{\"@type\":\"ListItem\",\"position\":2,\"name\":\"Produktai\",\"item\":\"https:\\\/\\\/anivet.lt\\\/elparduotuve\\\/produktai\\\/\"},{\"@type\":\"ListItem\",\"position\":3,\"name\":\"Calibra VD Cat Gastrointestinal &amp; Pancreas sausas maistas kat\u0117ms\"}]},{\"@type\":\"WebSite\",\"@id\":\"https:\\\/\\\/anivet.lt\\\/elparduotuve\\\/#website\",\"url\":\"https:\\\/\\\/anivet.lt\\\/elparduotuve\\\/\",\"name\":\"anivet.lt\",\"description\":\"Viskas J\u016bs\u0173 \u0161uns, kat\u0117s prie\u017ei\u016brai\",\"publisher\":{\"@id\":\"https:\\\/\\\/anivet.lt\\\/elparduotuve\\\/#organization\"},\"alternateName\":\"Viskas J\u016bs\u0173 \u0161uns, kat\u0117s prie\u017ei\u016brai\",\"potentialAction\":[{\"@type\":\"SearchAction\",\"target\":{\"@type\":\"EntryPoint\",\"urlTemplate\":\"https:\\\/\\\/anivet.lt\\\/elparduotuve\\\/?s={search_term_string}\"},\"query-input\":{\"@type\":\"PropertyValueSpecification\",\"valueRequired\":true,\"valueName\":\"search_term_string\"}}],\"inLanguage\":\"lt-LT\"},{\"@type\":\"Organization\",\"@id\":\"https:\\\/\\\/anivet.lt\\\/elparduotuve\\\/#organization\",\"name\":\"Viskas J\u016bs\u0173 \u0161uns, kat\u0117s prie\u017ei\u016brai\",\"url\":\"https:\\\/\\\/anivet.lt\\\/elparduotuve\\\/\",\"logo\":{\"@type\":\"ImageObject\",\"inLanguage\":\"lt-LT\",\"@id\":\"https:\\\/\\\/anivet.lt\\\/elparduotuve\\\/#\\\/schema\\\/logo\\\/image\\\/\",\"url\":\"https:\\\/\\\/anivet.lt\\\/elparduotuve\\\/wp-content\\\/uploads\\\/2023\\\/06\\\/logo2.jpg\",\"contentUrl\":\"https:\\\/\\\/anivet.lt\\\/elparduotuve\\\/wp-content\\\/uploads\\\/2023\\\/06\\\/logo2.jpg\",\"width\":655,\"height\":194,\"caption\":\"Viskas J\u016bs\u0173 \u0161uns, kat\u0117s prie\u017ei\u016brai\"},\"image\":{\"@id\":\"https:\\\/\\\/anivet.lt\\\/elparduotuve\\\/#\\\/schema\\\/logo\\\/image\\\/\"}}]}<\/script>\n<!-- \/ Yoast SEO Premium plugin. -->","yoast_head_json":{"title":"Calibra VD Cat Gastrointestinal &amp; Pancreas sausas maistas kat\u0117ms - anivet.lt","description":"Specialiai sukurtas visavertis dietinis maistas kat\u0117ms, turin\u010dioms vir\u0161kinimo trakto ar kasos sutrikim\u0173. \u0160is pa\u0161aras padeda palaikyti vir\u0161kinimo sistemos sveikat\u0105 ir gerina \u017earnyno funkcij\u0105.","robots":{"index":"index","follow":"follow","max-snippet":"max-snippet:-1","max-image-preview":"max-image-preview:large","max-video-preview":"max-video-preview:-1"},"canonical":"https:\/\/anivet.lt\/elparduotuve\/produktas\/calibra-vd-cat-gastrointestinal-pancreas-sausas-maistas-katems\/","og_locale":"lt_LT","og_type":"article","og_title":"Calibra VD Cat Gastrointestinal &amp; Pancreas sausas maistas kat\u0117ms","og_description":"Specialiai sukurtas visavertis dietinis maistas kat\u0117ms, turin\u010dioms vir\u0161kinimo trakto ar kasos sutrikim\u0173. \u0160is pa\u0161aras padeda palaikyti vir\u0161kinimo sistemos sveikat\u0105 ir gerina \u017earnyno funkcij\u0105.","og_url":"https:\/\/anivet.lt\/elparduotuve\/produktas\/calibra-vd-cat-gastrointestinal-pancreas-sausas-maistas-katems\/","og_site_name":"anivet.lt","article_modified_time":"2026-01-22T17:51:34+00:00","og_image":[{"width":1920,"height":1920,"url":"https:\/\/anivet.lt\/elparduotuve\/wp-content\/uploads\/2023\/07\/1563-calibra-vd-cat-gastrointestinal-2kg-2021.webp","type":"image\/webp"}],"twitter_card":"summary_large_image","twitter_misc":{"Est. reading time":"1 minut\u0117"},"schema":{"@context":"https:\/\/schema.org","@graph":[{"@type":"WebPage","@id":"https:\/\/anivet.lt\/elparduotuve\/produktas\/calibra-vd-cat-gastrointestinal-pancreas-sausas-maistas-katems\/","url":"https:\/\/anivet.lt\/elparduotuve\/produktas\/calibra-vd-cat-gastrointestinal-pancreas-sausas-maistas-katems\/","name":"Calibra VD Cat Gastrointestinal &amp; Pancreas sausas maistas kat\u0117ms - anivet.lt","isPartOf":{"@id":"https:\/\/anivet.lt\/elparduotuve\/#website"},"primaryImageOfPage":{"@id":"https:\/\/anivet.lt\/elparduotuve\/produktas\/calibra-vd-cat-gastrointestinal-pancreas-sausas-maistas-katems\/#primaryimage"},"image":{"@id":"https:\/\/anivet.lt\/elparduotuve\/produktas\/calibra-vd-cat-gastrointestinal-pancreas-sausas-maistas-katems\/#primaryimage"},"thumbnailUrl":"https:\/\/anivet.lt\/elparduotuve\/wp-content\/uploads\/2023\/07\/1563-calibra-vd-cat-gastrointestinal-2kg-2021.webp","datePublished":"2023-07-26T06:53:29+00:00","dateModified":"2026-01-22T17:51:34+00:00","description":"Specialiai sukurtas visavertis dietinis maistas kat\u0117ms, turin\u010dioms vir\u0161kinimo trakto ar kasos sutrikim\u0173. \u0160is pa\u0161aras padeda palaikyti vir\u0161kinimo sistemos sveikat\u0105 ir gerina \u017earnyno funkcij\u0105.","breadcrumb":{"@id":"https:\/\/anivet.lt\/elparduotuve\/produktas\/calibra-vd-cat-gastrointestinal-pancreas-sausas-maistas-katems\/#breadcrumb"},"inLanguage":"lt-LT","potentialAction":[{"@type":"ReadAction","target":["https:\/\/anivet.lt\/elparduotuve\/produktas\/calibra-vd-cat-gastrointestinal-pancreas-sausas-maistas-katems\/"]}]},{"@type":"ImageObject","inLanguage":"lt-LT","@id":"https:\/\/anivet.lt\/elparduotuve\/produktas\/calibra-vd-cat-gastrointestinal-pancreas-sausas-maistas-katems\/#primaryimage","url":"https:\/\/anivet.lt\/elparduotuve\/wp-content\/uploads\/2023\/07\/1563-calibra-vd-cat-gastrointestinal-2kg-2021.webp","contentUrl":"https:\/\/anivet.lt\/elparduotuve\/wp-content\/uploads\/2023\/07\/1563-calibra-vd-cat-gastrointestinal-2kg-2021.webp","width":1920,"height":1920,"caption":"Calibra VD Cat Gastrointestinal &amp; Pancreas sausas maistas kat\u0117ms"},{"@type":"BreadcrumbList","@id":"https:\/\/anivet.lt\/elparduotuve\/produktas\/calibra-vd-cat-gastrointestinal-pancreas-sausas-maistas-katems\/#breadcrumb","itemListElement":[{"@type":"ListItem","position":1,"name":"Home","item":"https:\/\/anivet.lt\/elparduotuve\/"},{"@type":"ListItem","position":2,"name":"Produktai","item":"https:\/\/anivet.lt\/elparduotuve\/produktai\/"},{"@type":"ListItem","position":3,"name":"Calibra VD Cat Gastrointestinal &amp; Pancreas sausas maistas kat\u0117ms"}]},{"@type":"WebSite","@id":"https:\/\/anivet.lt\/elparduotuve\/#website","url":"https:\/\/anivet.lt\/elparduotuve\/","name":"anivet.lt","description":"Viskas J\u016bs\u0173 \u0161uns, kat\u0117s prie\u017ei\u016brai","publisher":{"@id":"https:\/\/anivet.lt\/elparduotuve\/#organization"},"alternateName":"Viskas J\u016bs\u0173 \u0161uns, kat\u0117s prie\u017ei\u016brai","potentialAction":[{"@type":"SearchAction","target":{"@type":"EntryPoint","urlTemplate":"https:\/\/anivet.lt\/elparduotuve\/?s={search_term_string}"},"query-input":{"@type":"PropertyValueSpecification","valueRequired":true,"valueName":"search_term_string"}}],"inLanguage":"lt-LT"},{"@type":"Organization","@id":"https:\/\/anivet.lt\/elparduotuve\/#organization","name":"Viskas J\u016bs\u0173 \u0161uns, kat\u0117s prie\u017ei\u016brai","url":"https:\/\/anivet.lt\/elparduotuve\/","logo":{"@type":"ImageObject","inLanguage":"lt-LT","@id":"https:\/\/anivet.lt\/elparduotuve\/#\/schema\/logo\/image\/","url":"https:\/\/anivet.lt\/elparduotuve\/wp-content\/uploads\/2023\/06\/logo2.jpg","contentUrl":"https:\/\/anivet.lt\/elparduotuve\/wp-content\/uploads\/2023\/06\/logo2.jpg","width":655,"height":194,"caption":"Viskas J\u016bs\u0173 \u0161uns, kat\u0117s prie\u017ei\u016brai"},"image":{"@id":"https:\/\/anivet.lt\/elparduotuve\/#\/schema\/logo\/image\/"}}]}},"_links":{"self":[{"href":"https:\/\/anivet.lt\/elparduotuve\/wp-json\/wp\/v2\/product\/10669","targetHints":{"allow":["GET"]}}],"collection":[{"href":"https:\/\/anivet.lt\/elparduotuve\/wp-json\/wp\/v2\/product"}],"about":[{"href":"https:\/\/anivet.lt\/elparduotuve\/wp-json\/wp\/v2\/types\/product"}],"wp:featuredmedia":[{"embeddable":true,"href":"https:\/\/anivet.lt\/elparduotuve\/wp-json\/wp\/v2\/media\/10670"}],"wp:attachment":[{"href":"https:\/\/anivet.lt\/elparduotuve\/wp-json\/wp\/v2\/media?parent=10669"}],"wp:term":[{"taxonomy":"product_brand","embeddable":true,"href":"https:\/\/anivet.lt\/elparduotuve\/wp-json\/wp\/v2\/product_brand?post=10669"},{"taxonomy":"product_cat","embeddable":true,"href":"https:\/\/anivet.lt\/elparduotuve\/wp-json\/wp\/v2\/product_cat?post=10669"},{"taxonomy":"product_tag","embeddable":true,"href":"https:\/\/anivet.lt\/elparduotuve\/wp-json\/wp\/v2\/product_tag?post=10669"}],"curies":[{"name":"wp","href":"https:\/\/api.w.org\/{rel}","templated":true}]}}