{"id":10681,"date":"2023-07-26T08:21:48","date_gmt":"2023-07-26T08:21:48","guid":{"rendered":"https:\/\/anivet.lt\/elparduotuve\/?post_type=product&#038;p=10681"},"modified":"2026-02-11T16:12:33","modified_gmt":"2026-02-11T16:12:33","slug":"calibra-dog-life-junior-large-breed-lamb-sausas-pasaras-su-eriena-jauniems-dideliu-veisliu-sunims","status":"publish","type":"product","link":"https:\/\/anivet.lt\/elparduotuve\/produktas\/calibra-dog-life-junior-large-breed-lamb-sausas-pasaras-su-eriena-jauniems-dideliu-veisliu-sunims\/","title":{"rendered":"Calibra Dog Life Junior Large Breed Lamb sausas pa\u0161aras su \u0117riena jauniems, dideli\u0173 veisli\u0173 \u0161unims"},"content":{"rendered":"<ul>\n<li style=\"font-weight: 400;\" aria-level=\"1\"><span style=\"font-weight: 400;\">Didelis \u0117rienos kiekis: 40 % \u0117rienos baltym\u0173 u\u017etikrina vien\u0105 gyv\u016bnini\u0173 baltym\u0173 \u0161altin\u012f ir auk\u0161t\u0105 vir\u0161kinamum\u0105.<\/span><\/li>\n<li style=\"font-weight: 400;\" aria-level=\"1\"><span style=\"font-weight: 400;\">Chondroprotektoriai: Gliukozaminas ir chondroitino sulfatas palaiko sveik\u0105 s\u0105nari\u0173 funkcij\u0105 ir kremzli\u0173 b\u016bkl\u0119.<\/span><\/li>\n<li style=\"font-weight: 400;\" aria-level=\"1\"><span style=\"font-weight: 400;\">La\u0161i\u0161\u0173 aliejus: Omega-3 riebiosios r\u016bg\u0161tys gerina kailio, odos b\u016bkl\u0119 ir pasi\u017eymi prie\u0161u\u017edegimin\u0117mis savyb\u0117mis.<\/span><\/li>\n<li style=\"font-weight: 400;\" aria-level=\"1\"><span style=\"font-weight: 400;\">Vitaminai ir chelatiniai mineralai: Padeda palaikyti stipr\u0173 imunitet\u0105 ir normalias k\u016bno funkcijas.<\/span><\/li>\n<li style=\"font-weight: 400;\" aria-level=\"1\"><span style=\"font-weight: 400;\">Hipoalergin\u0117 sud\u0117tis: Tinka jautresn\u0119 vir\u0161kinimo sistem\u0105 turintiems \u0161unims, nes pa\u0161are n\u0117ra da\u017eniausiai netoleruojam\u0173 gr\u016bd\u0173 ir glitimo.<\/span><\/li>\n<\/ul>\n<p><span style=\"font-weight: 400;\">Specialiai pritaikytas jauniems dideli\u0173 veisli\u0173 \u0161unims, u\u017etikrinant j\u0173 kaul\u0173, raumen\u0173 ir imunin\u0117s sistemos vystym\u0105si. Sud\u0117tyje esan\u010dios nat\u016bralios maistin\u0117s med\u017eiagos ir chondroprotektoriai padeda apsaugoti spar\u010diai augan\u010dio \u0161uns s\u0105narius ir kaulus, o la\u0161i\u0161\u0173 aliejus palaiko odos ir kailio sveikat\u0105.<\/span><\/p>\n","protected":false},"excerpt":{"rendered":"<p><span style=\"font-weight: 400;\">Visavertis, superpremium linijos sausas pa\u0161aras, skirtas jauniems dideli\u0173 veisli\u0173 \u0161unims (3\u201312 m\u0117n.). \u0160is hipoalerginis pa\u0161aras su \u0117riena u\u017etikrina tinkam\u0105 vir\u0161kinim\u0105 ir subalansuot\u0105 mityb\u0105, pritaikyt\u0105 dideli\u0173 \u0161un\u0173 augimo poreikiams.<\/span><\/p>\n","protected":false},"featured_media":10684,"template":"","meta":[],"product_brand":[],"product_cat":[101,103,104,332],"product_tag":[],"class_list":{"0":"post-10681","1":"product","2":"type-product","3":"status-publish","4":"has-post-thumbnail","6":"product_cat-sunims","7":"product_cat-sunu-maistas","8":"product_cat-sausas-maistas","9":"product_cat-calibra-sunu-maistas","10":"pa_prekinis-zenklas-calibra","12":"first","13":"instock","14":"taxable","15":"shipping-taxable","16":"purchasable","17":"product-type-variable"},"yoast_head":"<!-- This site is optimized with the Yoast SEO Premium plugin v27.1 (Yoast SEO v27.5) - https:\/\/yoast.com\/product\/yoast-seo-premium-wordpress\/ -->\n<title>Calibra Dog Life Junior Large Breed Lamb sausas pa\u0161aras su \u0117riena jauniems, dideli\u0173 veisli\u0173 \u0161unims - anivet.lt<\/title>\n<meta name=\"description\" content=\"Visavertis, superpremium linijos sausas pa\u0161aras, skirtas jauniems dideli\u0173 veisli\u0173 \u0161unims (3\u201312 m\u0117n.). \u0160is hipoalerginis pa\u0161aras su \u0117riena u\u017etikrina tinkam\u0105 vir\u0161kinim\u0105 ir subalansuot\u0105 mityb\u0105, pritaikyt\u0105 dideli\u0173 \u0161un\u0173 augimo poreikiams.\" \/>\n<meta name=\"robots\" content=\"index, follow, max-snippet:-1, max-image-preview:large, max-video-preview:-1\" \/>\n<link rel=\"canonical\" href=\"https:\/\/anivet.lt\/elparduotuve\/produktas\/calibra-dog-life-junior-large-breed-lamb-sausas-pasaras-su-eriena-jauniems-dideliu-veisliu-sunims\/\" \/>\n<meta property=\"og:locale\" content=\"lt_LT\" \/>\n<meta property=\"og:type\" content=\"article\" \/>\n<meta property=\"og:title\" content=\"Calibra Dog Life Junior Large Breed Lamb sausas pa\u0161aras su \u0117riena jauniems, dideli\u0173 veisli\u0173 \u0161unims\" \/>\n<meta property=\"og:description\" content=\"Visavertis, superpremium linijos sausas pa\u0161aras, skirtas jauniems dideli\u0173 veisli\u0173 \u0161unims (3\u201312 m\u0117n.). \u0160is hipoalerginis pa\u0161aras su \u0117riena u\u017etikrina tinkam\u0105 vir\u0161kinim\u0105 ir subalansuot\u0105 mityb\u0105, pritaikyt\u0105 dideli\u0173 \u0161un\u0173 augimo poreikiams.\" \/>\n<meta property=\"og:url\" content=\"https:\/\/anivet.lt\/elparduotuve\/produktas\/calibra-dog-life-junior-large-breed-lamb-sausas-pasaras-su-eriena-jauniems-dideliu-veisliu-sunims\/\" \/>\n<meta property=\"og:site_name\" content=\"anivet.lt\" \/>\n<meta property=\"article:modified_time\" content=\"2026-02-11T16:12:33+00:00\" \/>\n<meta property=\"og:image\" content=\"https:\/\/anivet.lt\/elparduotuve\/wp-content\/uploads\/2023\/07\/352-calibra-dog-life-junior-large-lamb.webp\" \/>\n\t<meta property=\"og:image:width\" content=\"1920\" \/>\n\t<meta property=\"og:image:height\" content=\"1920\" \/>\n\t<meta property=\"og:image:type\" content=\"image\/webp\" \/>\n<meta name=\"twitter:card\" content=\"summary_large_image\" \/>\n<meta name=\"twitter:label1\" content=\"Est. reading time\" \/>\n\t<meta name=\"twitter:data1\" content=\"1 minut\u0117\" \/>\n<script type=\"application\/ld+json\" class=\"yoast-schema-graph\">{\"@context\":\"https:\\\/\\\/schema.org\",\"@graph\":[{\"@type\":\"WebPage\",\"@id\":\"https:\\\/\\\/anivet.lt\\\/elparduotuve\\\/produktas\\\/calibra-dog-life-junior-large-breed-lamb-sausas-pasaras-su-eriena-jauniems-dideliu-veisliu-sunims\\\/\",\"url\":\"https:\\\/\\\/anivet.lt\\\/elparduotuve\\\/produktas\\\/calibra-dog-life-junior-large-breed-lamb-sausas-pasaras-su-eriena-jauniems-dideliu-veisliu-sunims\\\/\",\"name\":\"Calibra Dog Life Junior Large Breed Lamb sausas pa\u0161aras su \u0117riena jauniems, dideli\u0173 veisli\u0173 \u0161unims - anivet.lt\",\"isPartOf\":{\"@id\":\"https:\\\/\\\/anivet.lt\\\/elparduotuve\\\/#website\"},\"primaryImageOfPage\":{\"@id\":\"https:\\\/\\\/anivet.lt\\\/elparduotuve\\\/produktas\\\/calibra-dog-life-junior-large-breed-lamb-sausas-pasaras-su-eriena-jauniems-dideliu-veisliu-sunims\\\/#primaryimage\"},\"image\":{\"@id\":\"https:\\\/\\\/anivet.lt\\\/elparduotuve\\\/produktas\\\/calibra-dog-life-junior-large-breed-lamb-sausas-pasaras-su-eriena-jauniems-dideliu-veisliu-sunims\\\/#primaryimage\"},\"thumbnailUrl\":\"https:\\\/\\\/anivet.lt\\\/elparduotuve\\\/wp-content\\\/uploads\\\/2023\\\/07\\\/352-calibra-dog-life-junior-large-lamb.webp\",\"datePublished\":\"2023-07-26T08:21:48+00:00\",\"dateModified\":\"2026-02-11T16:12:33+00:00\",\"description\":\"Visavertis, superpremium linijos sausas pa\u0161aras, skirtas jauniems dideli\u0173 veisli\u0173 \u0161unims (3\u201312 m\u0117n.). \u0160is hipoalerginis pa\u0161aras su \u0117riena u\u017etikrina tinkam\u0105 vir\u0161kinim\u0105 ir subalansuot\u0105 mityb\u0105, pritaikyt\u0105 dideli\u0173 \u0161un\u0173 augimo poreikiams.\",\"breadcrumb\":{\"@id\":\"https:\\\/\\\/anivet.lt\\\/elparduotuve\\\/produktas\\\/calibra-dog-life-junior-large-breed-lamb-sausas-pasaras-su-eriena-jauniems-dideliu-veisliu-sunims\\\/#breadcrumb\"},\"inLanguage\":\"lt-LT\",\"potentialAction\":[{\"@type\":\"ReadAction\",\"target\":[\"https:\\\/\\\/anivet.lt\\\/elparduotuve\\\/produktas\\\/calibra-dog-life-junior-large-breed-lamb-sausas-pasaras-su-eriena-jauniems-dideliu-veisliu-sunims\\\/\"]}]},{\"@type\":\"ImageObject\",\"inLanguage\":\"lt-LT\",\"@id\":\"https:\\\/\\\/anivet.lt\\\/elparduotuve\\\/produktas\\\/calibra-dog-life-junior-large-breed-lamb-sausas-pasaras-su-eriena-jauniems-dideliu-veisliu-sunims\\\/#primaryimage\",\"url\":\"https:\\\/\\\/anivet.lt\\\/elparduotuve\\\/wp-content\\\/uploads\\\/2023\\\/07\\\/352-calibra-dog-life-junior-large-lamb.webp\",\"contentUrl\":\"https:\\\/\\\/anivet.lt\\\/elparduotuve\\\/wp-content\\\/uploads\\\/2023\\\/07\\\/352-calibra-dog-life-junior-large-lamb.webp\",\"width\":1920,\"height\":1920,\"caption\":\"Calibra Dog Life Junior Large Breed Lamb sausas pa\u0161aras su \u0117riena jauniems, dideli\u0173 veisli\u0173 \u0161unims\"},{\"@type\":\"BreadcrumbList\",\"@id\":\"https:\\\/\\\/anivet.lt\\\/elparduotuve\\\/produktas\\\/calibra-dog-life-junior-large-breed-lamb-sausas-pasaras-su-eriena-jauniems-dideliu-veisliu-sunims\\\/#breadcrumb\",\"itemListElement\":[{\"@type\":\"ListItem\",\"position\":1,\"name\":\"Home\",\"item\":\"https:\\\/\\\/anivet.lt\\\/elparduotuve\\\/\"},{\"@type\":\"ListItem\",\"position\":2,\"name\":\"Produktai\",\"item\":\"https:\\\/\\\/anivet.lt\\\/elparduotuve\\\/produktai\\\/\"},{\"@type\":\"ListItem\",\"position\":3,\"name\":\"Calibra Dog Life Junior Large Breed Lamb sausas pa\u0161aras su \u0117riena jauniems, dideli\u0173 veisli\u0173 \u0161unims\"}]},{\"@type\":\"WebSite\",\"@id\":\"https:\\\/\\\/anivet.lt\\\/elparduotuve\\\/#website\",\"url\":\"https:\\\/\\\/anivet.lt\\\/elparduotuve\\\/\",\"name\":\"anivet.lt\",\"description\":\"Viskas J\u016bs\u0173 \u0161uns, kat\u0117s prie\u017ei\u016brai\",\"publisher\":{\"@id\":\"https:\\\/\\\/anivet.lt\\\/elparduotuve\\\/#organization\"},\"alternateName\":\"Viskas J\u016bs\u0173 \u0161uns, kat\u0117s prie\u017ei\u016brai\",\"potentialAction\":[{\"@type\":\"SearchAction\",\"target\":{\"@type\":\"EntryPoint\",\"urlTemplate\":\"https:\\\/\\\/anivet.lt\\\/elparduotuve\\\/?s={search_term_string}\"},\"query-input\":{\"@type\":\"PropertyValueSpecification\",\"valueRequired\":true,\"valueName\":\"search_term_string\"}}],\"inLanguage\":\"lt-LT\"},{\"@type\":\"Organization\",\"@id\":\"https:\\\/\\\/anivet.lt\\\/elparduotuve\\\/#organization\",\"name\":\"Viskas J\u016bs\u0173 \u0161uns, kat\u0117s prie\u017ei\u016brai\",\"url\":\"https:\\\/\\\/anivet.lt\\\/elparduotuve\\\/\",\"logo\":{\"@type\":\"ImageObject\",\"inLanguage\":\"lt-LT\",\"@id\":\"https:\\\/\\\/anivet.lt\\\/elparduotuve\\\/#\\\/schema\\\/logo\\\/image\\\/\",\"url\":\"https:\\\/\\\/anivet.lt\\\/elparduotuve\\\/wp-content\\\/uploads\\\/2023\\\/06\\\/logo2.jpg\",\"contentUrl\":\"https:\\\/\\\/anivet.lt\\\/elparduotuve\\\/wp-content\\\/uploads\\\/2023\\\/06\\\/logo2.jpg\",\"width\":655,\"height\":194,\"caption\":\"Viskas J\u016bs\u0173 \u0161uns, kat\u0117s prie\u017ei\u016brai\"},\"image\":{\"@id\":\"https:\\\/\\\/anivet.lt\\\/elparduotuve\\\/#\\\/schema\\\/logo\\\/image\\\/\"}}]}<\/script>\n<!-- \/ Yoast SEO Premium plugin. -->","yoast_head_json":{"title":"Calibra Dog Life Junior Large Breed Lamb sausas pa\u0161aras su \u0117riena jauniems, dideli\u0173 veisli\u0173 \u0161unims - anivet.lt","description":"Visavertis, superpremium linijos sausas pa\u0161aras, skirtas jauniems dideli\u0173 veisli\u0173 \u0161unims (3\u201312 m\u0117n.). \u0160is hipoalerginis pa\u0161aras su \u0117riena u\u017etikrina tinkam\u0105 vir\u0161kinim\u0105 ir subalansuot\u0105 mityb\u0105, pritaikyt\u0105 dideli\u0173 \u0161un\u0173 augimo poreikiams.","robots":{"index":"index","follow":"follow","max-snippet":"max-snippet:-1","max-image-preview":"max-image-preview:large","max-video-preview":"max-video-preview:-1"},"canonical":"https:\/\/anivet.lt\/elparduotuve\/produktas\/calibra-dog-life-junior-large-breed-lamb-sausas-pasaras-su-eriena-jauniems-dideliu-veisliu-sunims\/","og_locale":"lt_LT","og_type":"article","og_title":"Calibra Dog Life Junior Large Breed Lamb sausas pa\u0161aras su \u0117riena jauniems, dideli\u0173 veisli\u0173 \u0161unims","og_description":"Visavertis, superpremium linijos sausas pa\u0161aras, skirtas jauniems dideli\u0173 veisli\u0173 \u0161unims (3\u201312 m\u0117n.). \u0160is hipoalerginis pa\u0161aras su \u0117riena u\u017etikrina tinkam\u0105 vir\u0161kinim\u0105 ir subalansuot\u0105 mityb\u0105, pritaikyt\u0105 dideli\u0173 \u0161un\u0173 augimo poreikiams.","og_url":"https:\/\/anivet.lt\/elparduotuve\/produktas\/calibra-dog-life-junior-large-breed-lamb-sausas-pasaras-su-eriena-jauniems-dideliu-veisliu-sunims\/","og_site_name":"anivet.lt","article_modified_time":"2026-02-11T16:12:33+00:00","og_image":[{"width":1920,"height":1920,"url":"https:\/\/anivet.lt\/elparduotuve\/wp-content\/uploads\/2023\/07\/352-calibra-dog-life-junior-large-lamb.webp","type":"image\/webp"}],"twitter_card":"summary_large_image","twitter_misc":{"Est. reading time":"1 minut\u0117"},"schema":{"@context":"https:\/\/schema.org","@graph":[{"@type":"WebPage","@id":"https:\/\/anivet.lt\/elparduotuve\/produktas\/calibra-dog-life-junior-large-breed-lamb-sausas-pasaras-su-eriena-jauniems-dideliu-veisliu-sunims\/","url":"https:\/\/anivet.lt\/elparduotuve\/produktas\/calibra-dog-life-junior-large-breed-lamb-sausas-pasaras-su-eriena-jauniems-dideliu-veisliu-sunims\/","name":"Calibra Dog Life Junior Large Breed Lamb sausas pa\u0161aras su \u0117riena jauniems, dideli\u0173 veisli\u0173 \u0161unims - anivet.lt","isPartOf":{"@id":"https:\/\/anivet.lt\/elparduotuve\/#website"},"primaryImageOfPage":{"@id":"https:\/\/anivet.lt\/elparduotuve\/produktas\/calibra-dog-life-junior-large-breed-lamb-sausas-pasaras-su-eriena-jauniems-dideliu-veisliu-sunims\/#primaryimage"},"image":{"@id":"https:\/\/anivet.lt\/elparduotuve\/produktas\/calibra-dog-life-junior-large-breed-lamb-sausas-pasaras-su-eriena-jauniems-dideliu-veisliu-sunims\/#primaryimage"},"thumbnailUrl":"https:\/\/anivet.lt\/elparduotuve\/wp-content\/uploads\/2023\/07\/352-calibra-dog-life-junior-large-lamb.webp","datePublished":"2023-07-26T08:21:48+00:00","dateModified":"2026-02-11T16:12:33+00:00","description":"Visavertis, superpremium linijos sausas pa\u0161aras, skirtas jauniems dideli\u0173 veisli\u0173 \u0161unims (3\u201312 m\u0117n.). \u0160is hipoalerginis pa\u0161aras su \u0117riena u\u017etikrina tinkam\u0105 vir\u0161kinim\u0105 ir subalansuot\u0105 mityb\u0105, pritaikyt\u0105 dideli\u0173 \u0161un\u0173 augimo poreikiams.","breadcrumb":{"@id":"https:\/\/anivet.lt\/elparduotuve\/produktas\/calibra-dog-life-junior-large-breed-lamb-sausas-pasaras-su-eriena-jauniems-dideliu-veisliu-sunims\/#breadcrumb"},"inLanguage":"lt-LT","potentialAction":[{"@type":"ReadAction","target":["https:\/\/anivet.lt\/elparduotuve\/produktas\/calibra-dog-life-junior-large-breed-lamb-sausas-pasaras-su-eriena-jauniems-dideliu-veisliu-sunims\/"]}]},{"@type":"ImageObject","inLanguage":"lt-LT","@id":"https:\/\/anivet.lt\/elparduotuve\/produktas\/calibra-dog-life-junior-large-breed-lamb-sausas-pasaras-su-eriena-jauniems-dideliu-veisliu-sunims\/#primaryimage","url":"https:\/\/anivet.lt\/elparduotuve\/wp-content\/uploads\/2023\/07\/352-calibra-dog-life-junior-large-lamb.webp","contentUrl":"https:\/\/anivet.lt\/elparduotuve\/wp-content\/uploads\/2023\/07\/352-calibra-dog-life-junior-large-lamb.webp","width":1920,"height":1920,"caption":"Calibra Dog Life Junior Large Breed Lamb sausas pa\u0161aras su \u0117riena jauniems, dideli\u0173 veisli\u0173 \u0161unims"},{"@type":"BreadcrumbList","@id":"https:\/\/anivet.lt\/elparduotuve\/produktas\/calibra-dog-life-junior-large-breed-lamb-sausas-pasaras-su-eriena-jauniems-dideliu-veisliu-sunims\/#breadcrumb","itemListElement":[{"@type":"ListItem","position":1,"name":"Home","item":"https:\/\/anivet.lt\/elparduotuve\/"},{"@type":"ListItem","position":2,"name":"Produktai","item":"https:\/\/anivet.lt\/elparduotuve\/produktai\/"},{"@type":"ListItem","position":3,"name":"Calibra Dog Life Junior Large Breed Lamb sausas pa\u0161aras su \u0117riena jauniems, dideli\u0173 veisli\u0173 \u0161unims"}]},{"@type":"WebSite","@id":"https:\/\/anivet.lt\/elparduotuve\/#website","url":"https:\/\/anivet.lt\/elparduotuve\/","name":"anivet.lt","description":"Viskas J\u016bs\u0173 \u0161uns, kat\u0117s prie\u017ei\u016brai","publisher":{"@id":"https:\/\/anivet.lt\/elparduotuve\/#organization"},"alternateName":"Viskas J\u016bs\u0173 \u0161uns, kat\u0117s prie\u017ei\u016brai","potentialAction":[{"@type":"SearchAction","target":{"@type":"EntryPoint","urlTemplate":"https:\/\/anivet.lt\/elparduotuve\/?s={search_term_string}"},"query-input":{"@type":"PropertyValueSpecification","valueRequired":true,"valueName":"search_term_string"}}],"inLanguage":"lt-LT"},{"@type":"Organization","@id":"https:\/\/anivet.lt\/elparduotuve\/#organization","name":"Viskas J\u016bs\u0173 \u0161uns, kat\u0117s prie\u017ei\u016brai","url":"https:\/\/anivet.lt\/elparduotuve\/","logo":{"@type":"ImageObject","inLanguage":"lt-LT","@id":"https:\/\/anivet.lt\/elparduotuve\/#\/schema\/logo\/image\/","url":"https:\/\/anivet.lt\/elparduotuve\/wp-content\/uploads\/2023\/06\/logo2.jpg","contentUrl":"https:\/\/anivet.lt\/elparduotuve\/wp-content\/uploads\/2023\/06\/logo2.jpg","width":655,"height":194,"caption":"Viskas J\u016bs\u0173 \u0161uns, kat\u0117s prie\u017ei\u016brai"},"image":{"@id":"https:\/\/anivet.lt\/elparduotuve\/#\/schema\/logo\/image\/"}}]}},"_links":{"self":[{"href":"https:\/\/anivet.lt\/elparduotuve\/wp-json\/wp\/v2\/product\/10681","targetHints":{"allow":["GET"]}}],"collection":[{"href":"https:\/\/anivet.lt\/elparduotuve\/wp-json\/wp\/v2\/product"}],"about":[{"href":"https:\/\/anivet.lt\/elparduotuve\/wp-json\/wp\/v2\/types\/product"}],"wp:featuredmedia":[{"embeddable":true,"href":"https:\/\/anivet.lt\/elparduotuve\/wp-json\/wp\/v2\/media\/10684"}],"wp:attachment":[{"href":"https:\/\/anivet.lt\/elparduotuve\/wp-json\/wp\/v2\/media?parent=10681"}],"wp:term":[{"taxonomy":"product_brand","embeddable":true,"href":"https:\/\/anivet.lt\/elparduotuve\/wp-json\/wp\/v2\/product_brand?post=10681"},{"taxonomy":"product_cat","embeddable":true,"href":"https:\/\/anivet.lt\/elparduotuve\/wp-json\/wp\/v2\/product_cat?post=10681"},{"taxonomy":"product_tag","embeddable":true,"href":"https:\/\/anivet.lt\/elparduotuve\/wp-json\/wp\/v2\/product_tag?post=10681"}],"curies":[{"name":"wp","href":"https:\/\/api.w.org\/{rel}","templated":true}]}}