{"id":10685,"date":"2023-07-26T08:17:47","date_gmt":"2023-07-26T08:17:47","guid":{"rendered":"https:\/\/anivet.lt\/elparduotuve\/?post_type=product&#038;p=10685"},"modified":"2025-05-27T13:14:15","modified_gmt":"2025-05-27T13:14:15","slug":"exclusion-hypoallergenic-sausas-edalas-su-elniena-suaugusiems-sunims","status":"publish","type":"product","link":"https:\/\/anivet.lt\/elparduotuve\/produktas\/exclusion-hypoallergenic-sausas-edalas-su-elniena-suaugusiems-sunims\/","title":{"rendered":"Exclusion Hypoallergenic sausas \u0117dalas su elniena suaugusiems \u0161unims"},"content":{"rendered":"<ul>\n<li>Vieno baltymo formul\u0117: Elniena \u2013 vienintelis gyv\u016bnin\u0117s kilm\u0117s baltym\u0173 \u0161altinis, suma\u017einantis alergini\u0173 reakcij\u0173 rizik\u0105.<\/li>\n<li>Be gr\u016bd\u0173: Sud\u0117tyje n\u0117ra gr\u016bd\u0173, tod\u0117l pa\u0161aras yra lengvai vir\u0161kinamas ir tinka jautriems \u0161unims.<\/li>\n<li>Alavijas: Nat\u016bralus ingredientas, padedantis ma\u017einti u\u017edegimus ir raminti odos sudirgimus.<\/li>\n<li>Sveika oda ir kailis: Lin\u0173 s\u0117men\u0173 riebal\u0173 r\u016bg\u0161tys u\u017etikrina sveik\u0105 od\u0105 ir blizgant\u012f kail\u012f.<\/li>\n<li>Minimalus ingredient\u0173 skai\u010dius: Supaprastinta sud\u0117tis u\u017etikrina auk\u0161t\u0105 tolerancij\u0105 net jautriausiems \u0161unims.<\/li>\n<\/ul>\n<p>\u201eExclusion Hypoallergenic\u201c sausas \u0117dalas su elniena yra puikus sprendimas suaugusiems \u0161unims, kuriems reikia ypatingos prie\u017ei\u016bros d\u0117l maisto alergij\u0173 ar netoleravimo. \u0160is produktas padeda palaikyti j\u016bs\u0173 augintinio gerov\u0119 ir u\u017etikrina puiki\u0105 kasdien\u0119 savijaut\u0105.<\/p>\n","protected":false},"excerpt":{"rendered":"<p><span lang=\"en-US\">A<\/span><span lang=\"en-US\">uk\u0161tos kokyb\u0117s sausas \u0117dalas, skirtas suaugusiems \u0161unims, turintiems alergijos ar maistini\u0173 med\u017eiag\u0173 netoleravimo simptomus. \u0160io pa\u0161aro pagrind\u0105 sudaro lengvai vir\u0161kinama elniena ir bulv\u0117s, u\u017etikrinan\u010dios subalansuot\u0105 ir saugi\u0105 mityb\u0105.<\/span><\/p>\n","protected":false},"featured_media":10688,"template":"","meta":[],"product_brand":[],"product_cat":[101,103,107,317],"product_tag":[],"class_list":{"0":"post-10685","1":"product","2":"type-product","3":"status-publish","4":"has-post-thumbnail","6":"product_cat-sunims","7":"product_cat-sunu-maistas","8":"product_cat-veterinarine-dieta","9":"product_cat-exclusion-sunu-maistas","10":"pa_prekinis-zenklas-exclusion","12":"first","13":"outofstock","14":"taxable","15":"shipping-taxable","16":"purchasable","17":"product-type-simple"},"yoast_head":"<!-- This site is optimized with the Yoast SEO Premium plugin v27.1 (Yoast SEO v27.5) - https:\/\/yoast.com\/product\/yoast-seo-premium-wordpress\/ -->\n<title>Exclusion Hypoallergenic sausas \u0117dalas su elniena suaugusiems \u0161unims - anivet.lt<\/title>\n<meta name=\"description\" content=\"Auk\u0161tos kokyb\u0117s sausas \u0117dalas, skirtas suaugusiems \u0161unims, turintiems alergijos ar maistini\u0173 med\u017eiag\u0173 netoleravimo simptomus. \u0160io pa\u0161aro pagrind\u0105 sudaro lengvai vir\u0161kinama elniena ir bulv\u0117s, u\u017etikrinan\u010dios subalansuot\u0105 ir saugi\u0105 mityb\u0105.\" \/>\n<meta name=\"robots\" content=\"index, follow, max-snippet:-1, max-image-preview:large, max-video-preview:-1\" \/>\n<link rel=\"canonical\" href=\"https:\/\/anivet.lt\/elparduotuve\/produktas\/exclusion-hypoallergenic-sausas-edalas-su-elniena-suaugusiems-sunims\/\" \/>\n<meta property=\"og:locale\" content=\"lt_LT\" \/>\n<meta property=\"og:type\" content=\"article\" \/>\n<meta property=\"og:title\" content=\"Exclusion Hypoallergenic sausas \u0117dalas su elniena suaugusiems \u0161unims\" \/>\n<meta property=\"og:description\" content=\"Auk\u0161tos kokyb\u0117s sausas \u0117dalas, skirtas suaugusiems \u0161unims, turintiems alergijos ar maistini\u0173 med\u017eiag\u0173 netoleravimo simptomus. \u0160io pa\u0161aro pagrind\u0105 sudaro lengvai vir\u0161kinama elniena ir bulv\u0117s, u\u017etikrinan\u010dios subalansuot\u0105 ir saugi\u0105 mityb\u0105.\" \/>\n<meta property=\"og:url\" content=\"https:\/\/anivet.lt\/elparduotuve\/produktas\/exclusion-hypoallergenic-sausas-edalas-su-elniena-suaugusiems-sunims\/\" \/>\n<meta property=\"og:site_name\" content=\"anivet.lt\" \/>\n<meta property=\"article:modified_time\" content=\"2025-05-27T13:14:15+00:00\" \/>\n<meta property=\"og:image\" content=\"https:\/\/anivet.lt\/elparduotuve\/wp-content\/uploads\/2023\/07\/exclusion-sausas-sunu-maistas-suaugusiems-sunims-su-elniena.png\" \/>\n\t<meta property=\"og:image:width\" content=\"600\" \/>\n\t<meta property=\"og:image:height\" content=\"600\" \/>\n\t<meta property=\"og:image:type\" content=\"image\/png\" \/>\n<meta name=\"twitter:card\" content=\"summary_large_image\" \/>\n<meta name=\"twitter:label1\" content=\"Est. reading time\" \/>\n\t<meta name=\"twitter:data1\" content=\"1 minut\u0117\" \/>\n<script type=\"application\/ld+json\" class=\"yoast-schema-graph\">{\"@context\":\"https:\\\/\\\/schema.org\",\"@graph\":[{\"@type\":\"WebPage\",\"@id\":\"https:\\\/\\\/anivet.lt\\\/elparduotuve\\\/produktas\\\/exclusion-hypoallergenic-sausas-edalas-su-elniena-suaugusiems-sunims\\\/\",\"url\":\"https:\\\/\\\/anivet.lt\\\/elparduotuve\\\/produktas\\\/exclusion-hypoallergenic-sausas-edalas-su-elniena-suaugusiems-sunims\\\/\",\"name\":\"Exclusion Hypoallergenic sausas \u0117dalas su elniena suaugusiems \u0161unims - anivet.lt\",\"isPartOf\":{\"@id\":\"https:\\\/\\\/anivet.lt\\\/elparduotuve\\\/#website\"},\"primaryImageOfPage\":{\"@id\":\"https:\\\/\\\/anivet.lt\\\/elparduotuve\\\/produktas\\\/exclusion-hypoallergenic-sausas-edalas-su-elniena-suaugusiems-sunims\\\/#primaryimage\"},\"image\":{\"@id\":\"https:\\\/\\\/anivet.lt\\\/elparduotuve\\\/produktas\\\/exclusion-hypoallergenic-sausas-edalas-su-elniena-suaugusiems-sunims\\\/#primaryimage\"},\"thumbnailUrl\":\"https:\\\/\\\/anivet.lt\\\/elparduotuve\\\/wp-content\\\/uploads\\\/2023\\\/07\\\/exclusion-sausas-sunu-maistas-suaugusiems-sunims-su-elniena.png\",\"datePublished\":\"2023-07-26T08:17:47+00:00\",\"dateModified\":\"2025-05-27T13:14:15+00:00\",\"description\":\"Auk\u0161tos kokyb\u0117s sausas \u0117dalas, skirtas suaugusiems \u0161unims, turintiems alergijos ar maistini\u0173 med\u017eiag\u0173 netoleravimo simptomus. \u0160io pa\u0161aro pagrind\u0105 sudaro lengvai vir\u0161kinama elniena ir bulv\u0117s, u\u017etikrinan\u010dios subalansuot\u0105 ir saugi\u0105 mityb\u0105.\",\"breadcrumb\":{\"@id\":\"https:\\\/\\\/anivet.lt\\\/elparduotuve\\\/produktas\\\/exclusion-hypoallergenic-sausas-edalas-su-elniena-suaugusiems-sunims\\\/#breadcrumb\"},\"inLanguage\":\"lt-LT\",\"potentialAction\":[{\"@type\":\"ReadAction\",\"target\":[\"https:\\\/\\\/anivet.lt\\\/elparduotuve\\\/produktas\\\/exclusion-hypoallergenic-sausas-edalas-su-elniena-suaugusiems-sunims\\\/\"]}]},{\"@type\":\"ImageObject\",\"inLanguage\":\"lt-LT\",\"@id\":\"https:\\\/\\\/anivet.lt\\\/elparduotuve\\\/produktas\\\/exclusion-hypoallergenic-sausas-edalas-su-elniena-suaugusiems-sunims\\\/#primaryimage\",\"url\":\"https:\\\/\\\/anivet.lt\\\/elparduotuve\\\/wp-content\\\/uploads\\\/2023\\\/07\\\/exclusion-sausas-sunu-maistas-suaugusiems-sunims-su-elniena.png\",\"contentUrl\":\"https:\\\/\\\/anivet.lt\\\/elparduotuve\\\/wp-content\\\/uploads\\\/2023\\\/07\\\/exclusion-sausas-sunu-maistas-suaugusiems-sunims-su-elniena.png\",\"width\":600,\"height\":600,\"caption\":\"Exclusion Hypoallergenic sausas \u0117dalas su elniena suaugusiems \u0161unims\"},{\"@type\":\"BreadcrumbList\",\"@id\":\"https:\\\/\\\/anivet.lt\\\/elparduotuve\\\/produktas\\\/exclusion-hypoallergenic-sausas-edalas-su-elniena-suaugusiems-sunims\\\/#breadcrumb\",\"itemListElement\":[{\"@type\":\"ListItem\",\"position\":1,\"name\":\"Home\",\"item\":\"https:\\\/\\\/anivet.lt\\\/elparduotuve\\\/\"},{\"@type\":\"ListItem\",\"position\":2,\"name\":\"Produktai\",\"item\":\"https:\\\/\\\/anivet.lt\\\/elparduotuve\\\/produktai\\\/\"},{\"@type\":\"ListItem\",\"position\":3,\"name\":\"Exclusion Hypoallergenic sausas \u0117dalas su elniena suaugusiems \u0161unims\"}]},{\"@type\":\"WebSite\",\"@id\":\"https:\\\/\\\/anivet.lt\\\/elparduotuve\\\/#website\",\"url\":\"https:\\\/\\\/anivet.lt\\\/elparduotuve\\\/\",\"name\":\"anivet.lt\",\"description\":\"Viskas J\u016bs\u0173 \u0161uns, kat\u0117s prie\u017ei\u016brai\",\"publisher\":{\"@id\":\"https:\\\/\\\/anivet.lt\\\/elparduotuve\\\/#organization\"},\"alternateName\":\"Viskas J\u016bs\u0173 \u0161uns, kat\u0117s prie\u017ei\u016brai\",\"potentialAction\":[{\"@type\":\"SearchAction\",\"target\":{\"@type\":\"EntryPoint\",\"urlTemplate\":\"https:\\\/\\\/anivet.lt\\\/elparduotuve\\\/?s={search_term_string}\"},\"query-input\":{\"@type\":\"PropertyValueSpecification\",\"valueRequired\":true,\"valueName\":\"search_term_string\"}}],\"inLanguage\":\"lt-LT\"},{\"@type\":\"Organization\",\"@id\":\"https:\\\/\\\/anivet.lt\\\/elparduotuve\\\/#organization\",\"name\":\"Viskas J\u016bs\u0173 \u0161uns, kat\u0117s prie\u017ei\u016brai\",\"url\":\"https:\\\/\\\/anivet.lt\\\/elparduotuve\\\/\",\"logo\":{\"@type\":\"ImageObject\",\"inLanguage\":\"lt-LT\",\"@id\":\"https:\\\/\\\/anivet.lt\\\/elparduotuve\\\/#\\\/schema\\\/logo\\\/image\\\/\",\"url\":\"https:\\\/\\\/anivet.lt\\\/elparduotuve\\\/wp-content\\\/uploads\\\/2023\\\/06\\\/logo2.jpg\",\"contentUrl\":\"https:\\\/\\\/anivet.lt\\\/elparduotuve\\\/wp-content\\\/uploads\\\/2023\\\/06\\\/logo2.jpg\",\"width\":655,\"height\":194,\"caption\":\"Viskas J\u016bs\u0173 \u0161uns, kat\u0117s prie\u017ei\u016brai\"},\"image\":{\"@id\":\"https:\\\/\\\/anivet.lt\\\/elparduotuve\\\/#\\\/schema\\\/logo\\\/image\\\/\"}}]}<\/script>\n<!-- \/ Yoast SEO Premium plugin. -->","yoast_head_json":{"title":"Exclusion Hypoallergenic sausas \u0117dalas su elniena suaugusiems \u0161unims - anivet.lt","description":"Auk\u0161tos kokyb\u0117s sausas \u0117dalas, skirtas suaugusiems \u0161unims, turintiems alergijos ar maistini\u0173 med\u017eiag\u0173 netoleravimo simptomus. \u0160io pa\u0161aro pagrind\u0105 sudaro lengvai vir\u0161kinama elniena ir bulv\u0117s, u\u017etikrinan\u010dios subalansuot\u0105 ir saugi\u0105 mityb\u0105.","robots":{"index":"index","follow":"follow","max-snippet":"max-snippet:-1","max-image-preview":"max-image-preview:large","max-video-preview":"max-video-preview:-1"},"canonical":"https:\/\/anivet.lt\/elparduotuve\/produktas\/exclusion-hypoallergenic-sausas-edalas-su-elniena-suaugusiems-sunims\/","og_locale":"lt_LT","og_type":"article","og_title":"Exclusion Hypoallergenic sausas \u0117dalas su elniena suaugusiems \u0161unims","og_description":"Auk\u0161tos kokyb\u0117s sausas \u0117dalas, skirtas suaugusiems \u0161unims, turintiems alergijos ar maistini\u0173 med\u017eiag\u0173 netoleravimo simptomus. \u0160io pa\u0161aro pagrind\u0105 sudaro lengvai vir\u0161kinama elniena ir bulv\u0117s, u\u017etikrinan\u010dios subalansuot\u0105 ir saugi\u0105 mityb\u0105.","og_url":"https:\/\/anivet.lt\/elparduotuve\/produktas\/exclusion-hypoallergenic-sausas-edalas-su-elniena-suaugusiems-sunims\/","og_site_name":"anivet.lt","article_modified_time":"2025-05-27T13:14:15+00:00","og_image":[{"width":600,"height":600,"url":"https:\/\/anivet.lt\/elparduotuve\/wp-content\/uploads\/2023\/07\/exclusion-sausas-sunu-maistas-suaugusiems-sunims-su-elniena.png","type":"image\/png"}],"twitter_card":"summary_large_image","twitter_misc":{"Est. reading time":"1 minut\u0117"},"schema":{"@context":"https:\/\/schema.org","@graph":[{"@type":"WebPage","@id":"https:\/\/anivet.lt\/elparduotuve\/produktas\/exclusion-hypoallergenic-sausas-edalas-su-elniena-suaugusiems-sunims\/","url":"https:\/\/anivet.lt\/elparduotuve\/produktas\/exclusion-hypoallergenic-sausas-edalas-su-elniena-suaugusiems-sunims\/","name":"Exclusion Hypoallergenic sausas \u0117dalas su elniena suaugusiems \u0161unims - anivet.lt","isPartOf":{"@id":"https:\/\/anivet.lt\/elparduotuve\/#website"},"primaryImageOfPage":{"@id":"https:\/\/anivet.lt\/elparduotuve\/produktas\/exclusion-hypoallergenic-sausas-edalas-su-elniena-suaugusiems-sunims\/#primaryimage"},"image":{"@id":"https:\/\/anivet.lt\/elparduotuve\/produktas\/exclusion-hypoallergenic-sausas-edalas-su-elniena-suaugusiems-sunims\/#primaryimage"},"thumbnailUrl":"https:\/\/anivet.lt\/elparduotuve\/wp-content\/uploads\/2023\/07\/exclusion-sausas-sunu-maistas-suaugusiems-sunims-su-elniena.png","datePublished":"2023-07-26T08:17:47+00:00","dateModified":"2025-05-27T13:14:15+00:00","description":"Auk\u0161tos kokyb\u0117s sausas \u0117dalas, skirtas suaugusiems \u0161unims, turintiems alergijos ar maistini\u0173 med\u017eiag\u0173 netoleravimo simptomus. \u0160io pa\u0161aro pagrind\u0105 sudaro lengvai vir\u0161kinama elniena ir bulv\u0117s, u\u017etikrinan\u010dios subalansuot\u0105 ir saugi\u0105 mityb\u0105.","breadcrumb":{"@id":"https:\/\/anivet.lt\/elparduotuve\/produktas\/exclusion-hypoallergenic-sausas-edalas-su-elniena-suaugusiems-sunims\/#breadcrumb"},"inLanguage":"lt-LT","potentialAction":[{"@type":"ReadAction","target":["https:\/\/anivet.lt\/elparduotuve\/produktas\/exclusion-hypoallergenic-sausas-edalas-su-elniena-suaugusiems-sunims\/"]}]},{"@type":"ImageObject","inLanguage":"lt-LT","@id":"https:\/\/anivet.lt\/elparduotuve\/produktas\/exclusion-hypoallergenic-sausas-edalas-su-elniena-suaugusiems-sunims\/#primaryimage","url":"https:\/\/anivet.lt\/elparduotuve\/wp-content\/uploads\/2023\/07\/exclusion-sausas-sunu-maistas-suaugusiems-sunims-su-elniena.png","contentUrl":"https:\/\/anivet.lt\/elparduotuve\/wp-content\/uploads\/2023\/07\/exclusion-sausas-sunu-maistas-suaugusiems-sunims-su-elniena.png","width":600,"height":600,"caption":"Exclusion Hypoallergenic sausas \u0117dalas su elniena suaugusiems \u0161unims"},{"@type":"BreadcrumbList","@id":"https:\/\/anivet.lt\/elparduotuve\/produktas\/exclusion-hypoallergenic-sausas-edalas-su-elniena-suaugusiems-sunims\/#breadcrumb","itemListElement":[{"@type":"ListItem","position":1,"name":"Home","item":"https:\/\/anivet.lt\/elparduotuve\/"},{"@type":"ListItem","position":2,"name":"Produktai","item":"https:\/\/anivet.lt\/elparduotuve\/produktai\/"},{"@type":"ListItem","position":3,"name":"Exclusion Hypoallergenic sausas \u0117dalas su elniena suaugusiems \u0161unims"}]},{"@type":"WebSite","@id":"https:\/\/anivet.lt\/elparduotuve\/#website","url":"https:\/\/anivet.lt\/elparduotuve\/","name":"anivet.lt","description":"Viskas J\u016bs\u0173 \u0161uns, kat\u0117s prie\u017ei\u016brai","publisher":{"@id":"https:\/\/anivet.lt\/elparduotuve\/#organization"},"alternateName":"Viskas J\u016bs\u0173 \u0161uns, kat\u0117s prie\u017ei\u016brai","potentialAction":[{"@type":"SearchAction","target":{"@type":"EntryPoint","urlTemplate":"https:\/\/anivet.lt\/elparduotuve\/?s={search_term_string}"},"query-input":{"@type":"PropertyValueSpecification","valueRequired":true,"valueName":"search_term_string"}}],"inLanguage":"lt-LT"},{"@type":"Organization","@id":"https:\/\/anivet.lt\/elparduotuve\/#organization","name":"Viskas J\u016bs\u0173 \u0161uns, kat\u0117s prie\u017ei\u016brai","url":"https:\/\/anivet.lt\/elparduotuve\/","logo":{"@type":"ImageObject","inLanguage":"lt-LT","@id":"https:\/\/anivet.lt\/elparduotuve\/#\/schema\/logo\/image\/","url":"https:\/\/anivet.lt\/elparduotuve\/wp-content\/uploads\/2023\/06\/logo2.jpg","contentUrl":"https:\/\/anivet.lt\/elparduotuve\/wp-content\/uploads\/2023\/06\/logo2.jpg","width":655,"height":194,"caption":"Viskas J\u016bs\u0173 \u0161uns, kat\u0117s prie\u017ei\u016brai"},"image":{"@id":"https:\/\/anivet.lt\/elparduotuve\/#\/schema\/logo\/image\/"}}]}},"_links":{"self":[{"href":"https:\/\/anivet.lt\/elparduotuve\/wp-json\/wp\/v2\/product\/10685","targetHints":{"allow":["GET"]}}],"collection":[{"href":"https:\/\/anivet.lt\/elparduotuve\/wp-json\/wp\/v2\/product"}],"about":[{"href":"https:\/\/anivet.lt\/elparduotuve\/wp-json\/wp\/v2\/types\/product"}],"wp:featuredmedia":[{"embeddable":true,"href":"https:\/\/anivet.lt\/elparduotuve\/wp-json\/wp\/v2\/media\/10688"}],"wp:attachment":[{"href":"https:\/\/anivet.lt\/elparduotuve\/wp-json\/wp\/v2\/media?parent=10685"}],"wp:term":[{"taxonomy":"product_brand","embeddable":true,"href":"https:\/\/anivet.lt\/elparduotuve\/wp-json\/wp\/v2\/product_brand?post=10685"},{"taxonomy":"product_cat","embeddable":true,"href":"https:\/\/anivet.lt\/elparduotuve\/wp-json\/wp\/v2\/product_cat?post=10685"},{"taxonomy":"product_tag","embeddable":true,"href":"https:\/\/anivet.lt\/elparduotuve\/wp-json\/wp\/v2\/product_tag?post=10685"}],"curies":[{"name":"wp","href":"https:\/\/api.w.org\/{rel}","templated":true}]}}