{"id":10691,"date":"2023-07-26T09:36:26","date_gmt":"2023-07-26T09:36:26","guid":{"rendered":"https:\/\/anivet.lt\/elparduotuve\/?post_type=product&#038;p=10691"},"modified":"2026-01-02T15:56:13","modified_gmt":"2026-01-02T15:56:13","slug":"calibra-cat-life-kitten-chicken-sausas-maistas-kaciukams","status":"publish","type":"product","link":"https:\/\/anivet.lt\/elparduotuve\/produktas\/calibra-cat-life-kitten-chicken-sausas-maistas-kaciukams\/","title":{"rendered":"Calibra Cat Life Kitten Chicken sausas maistas ka\u010diukams su vi\u0161tiena"},"content":{"rendered":"<p><span style=\"font-weight: 400;\">Visavertis ir subalansuotas superpremium sausas pa\u0161aras, skirtas ka\u010diukams iki 12 m\u0117nesi\u0173 am\u017eiaus, taip pat tinkantis vaikingoms ir \u017eindan\u010dioms kat\u0117ms. \u0160is begr\u016bdis receptas su vi\u0161tiena ir kiau\u0161iniais suteikia b\u016btin\u0173 med\u017eiag\u0173 optimaliam augimui ir sveikatai palaikyti.<\/span><\/p>\n<ul>\n<li style=\"font-weight: 400;\" aria-level=\"1\"><span style=\"font-weight: 400;\">Subalansuotas baltym\u0173 ir energijos kiekis: Padeda u\u017etikrinti sveik\u0105 ka\u010diuko augim\u0105.<\/span><\/li>\n<li style=\"font-weight: 400;\" aria-level=\"1\"><span style=\"font-weight: 400;\">Didelis vi\u0161tienos kiekis: \u012eskaitant 12% \u0161vie\u017eios m\u0117sos.<\/span><\/li>\n<li style=\"font-weight: 400;\" aria-level=\"1\"><span style=\"font-weight: 400;\">Be gr\u016bd\u0173: Suma\u017eina alergijos ir netoleravimo rizik\u0105.<\/span><\/li>\n<li style=\"font-weight: 400;\" aria-level=\"1\"><span style=\"font-weight: 400;\">Praturtintas prebiotikais: Gerina \u017earnyno veikl\u0105 ir stiprina imunin\u0119 sistem\u0105.<\/span><\/li>\n<li style=\"font-weight: 400;\" aria-level=\"1\"><span style=\"font-weight: 400;\">Taurinas: B\u016btinas aki\u0173 ir \u0161irdies sveikatai.<\/span><\/li>\n<li style=\"font-weight: 400;\" aria-level=\"1\"><span style=\"font-weight: 400;\">La\u0161i\u0161\u0173 aliejus: Odos ir kailio b\u016bklei pagerinti.<\/span><\/li>\n<\/ul>\n<p><span style=\"font-weight: 400;\">\u201eCalibra Cat Life Kitten Chicken\u201c pasi\u017eymi auk\u0161tos kokyb\u0117s sud\u0117timi, kurioje 88% baltym\u0173 yra gyv\u016bnin\u0117s kilm\u0117s. \u0160is pa\u0161aras puikiai subalansuotas, u\u017etikrina sveik\u0105 ka\u010diuko augim\u0105 ir stiprina imunin\u0119 sistem\u0105. Jis pritaikytas tiek jauniems ka\u010diukams, tiek kat\u0117ms j\u0173 ypatingu gyvenimo laikotarpiu, palaikant j\u0173 sveikat\u0105 ir gyvybingum\u0105.<\/span><\/p>\n","protected":false},"excerpt":{"rendered":"<p>Visavertis ir subalansuotas superpremium sausas pa\u0161aras, skirtas ka\u010diukams iki 12 m\u0117nesi\u0173 am\u017eiaus, taip pat tinkantis vaikingoms ir \u017eindan\u010dioms kat\u0117ms. \u0160is<\/p>\n","protected":false},"featured_media":10706,"template":"","meta":[],"product_brand":[],"product_cat":[114,115,102,339],"product_tag":[],"class_list":{"0":"post-10691","1":"product","2":"type-product","3":"status-publish","4":"has-post-thumbnail","6":"product_cat-kaciu-maistas","7":"product_cat-sausas-maistas-ir-skanestai-katems","8":"product_cat-katems","9":"product_cat-calibra-kaciu-maistas","10":"pa_prekinis-zenklas-calibra","12":"first","13":"instock","14":"taxable","15":"shipping-taxable","16":"purchasable","17":"product-type-variable"},"yoast_head":"<!-- This site is optimized with the Yoast SEO Premium plugin v27.1 (Yoast SEO v27.5) - https:\/\/yoast.com\/product\/yoast-seo-premium-wordpress\/ -->\n<title>Calibra Cat Life Kitten Chicken sausas maistas ka\u010diukams su vi\u0161tiena - anivet.lt<\/title>\n<meta name=\"description\" content=\"Visavertis ir subalansuotas superpremium sausas pa\u0161aras, skirtas ka\u010diukams iki 12 m\u0117nesi\u0173 am\u017eiaus, taip pat tinkantis vaikingoms ir \u017eindan\u010dioms kat\u0117ms.\" \/>\n<meta name=\"robots\" content=\"index, follow, max-snippet:-1, max-image-preview:large, max-video-preview:-1\" \/>\n<link rel=\"canonical\" href=\"https:\/\/anivet.lt\/elparduotuve\/produktas\/calibra-cat-life-kitten-chicken-sausas-maistas-kaciukams\/\" \/>\n<meta property=\"og:locale\" content=\"lt_LT\" \/>\n<meta property=\"og:type\" content=\"article\" \/>\n<meta property=\"og:title\" content=\"Calibra Cat Life Kitten Chicken sausas maistas ka\u010diukams su vi\u0161tiena\" \/>\n<meta property=\"og:description\" content=\"Visavertis ir subalansuotas superpremium sausas pa\u0161aras, skirtas ka\u010diukams iki 12 m\u0117nesi\u0173 am\u017eiaus, taip pat tinkantis vaikingoms ir \u017eindan\u010dioms kat\u0117ms.\" \/>\n<meta property=\"og:url\" content=\"https:\/\/anivet.lt\/elparduotuve\/produktas\/calibra-cat-life-kitten-chicken-sausas-maistas-kaciukams\/\" \/>\n<meta property=\"og:site_name\" content=\"anivet.lt\" \/>\n<meta property=\"article:modified_time\" content=\"2026-01-02T15:56:13+00:00\" \/>\n<meta property=\"og:image\" content=\"https:\/\/anivet.lt\/elparduotuve\/wp-content\/uploads\/2023\/07\/2477-calibra-cat-life-kitten-chicken-1-5kg.webp\" \/>\n\t<meta property=\"og:image:width\" content=\"1920\" \/>\n\t<meta property=\"og:image:height\" content=\"1920\" \/>\n\t<meta property=\"og:image:type\" content=\"image\/webp\" \/>\n<meta name=\"twitter:card\" content=\"summary_large_image\" \/>\n<meta name=\"twitter:label1\" content=\"Est. reading time\" \/>\n\t<meta name=\"twitter:data1\" content=\"1 minut\u0117\" \/>\n<script type=\"application\/ld+json\" class=\"yoast-schema-graph\">{\"@context\":\"https:\\\/\\\/schema.org\",\"@graph\":[{\"@type\":\"WebPage\",\"@id\":\"https:\\\/\\\/anivet.lt\\\/elparduotuve\\\/produktas\\\/calibra-cat-life-kitten-chicken-sausas-maistas-kaciukams\\\/\",\"url\":\"https:\\\/\\\/anivet.lt\\\/elparduotuve\\\/produktas\\\/calibra-cat-life-kitten-chicken-sausas-maistas-kaciukams\\\/\",\"name\":\"Calibra Cat Life Kitten Chicken sausas maistas ka\u010diukams su vi\u0161tiena - anivet.lt\",\"isPartOf\":{\"@id\":\"https:\\\/\\\/anivet.lt\\\/elparduotuve\\\/#website\"},\"primaryImageOfPage\":{\"@id\":\"https:\\\/\\\/anivet.lt\\\/elparduotuve\\\/produktas\\\/calibra-cat-life-kitten-chicken-sausas-maistas-kaciukams\\\/#primaryimage\"},\"image\":{\"@id\":\"https:\\\/\\\/anivet.lt\\\/elparduotuve\\\/produktas\\\/calibra-cat-life-kitten-chicken-sausas-maistas-kaciukams\\\/#primaryimage\"},\"thumbnailUrl\":\"https:\\\/\\\/anivet.lt\\\/elparduotuve\\\/wp-content\\\/uploads\\\/2023\\\/07\\\/2477-calibra-cat-life-kitten-chicken-1-5kg.webp\",\"datePublished\":\"2023-07-26T09:36:26+00:00\",\"dateModified\":\"2026-01-02T15:56:13+00:00\",\"description\":\"Visavertis ir subalansuotas superpremium sausas pa\u0161aras, skirtas ka\u010diukams iki 12 m\u0117nesi\u0173 am\u017eiaus, taip pat tinkantis vaikingoms ir \u017eindan\u010dioms kat\u0117ms.\",\"breadcrumb\":{\"@id\":\"https:\\\/\\\/anivet.lt\\\/elparduotuve\\\/produktas\\\/calibra-cat-life-kitten-chicken-sausas-maistas-kaciukams\\\/#breadcrumb\"},\"inLanguage\":\"lt-LT\",\"potentialAction\":[{\"@type\":\"ReadAction\",\"target\":[\"https:\\\/\\\/anivet.lt\\\/elparduotuve\\\/produktas\\\/calibra-cat-life-kitten-chicken-sausas-maistas-kaciukams\\\/\"]}]},{\"@type\":\"ImageObject\",\"inLanguage\":\"lt-LT\",\"@id\":\"https:\\\/\\\/anivet.lt\\\/elparduotuve\\\/produktas\\\/calibra-cat-life-kitten-chicken-sausas-maistas-kaciukams\\\/#primaryimage\",\"url\":\"https:\\\/\\\/anivet.lt\\\/elparduotuve\\\/wp-content\\\/uploads\\\/2023\\\/07\\\/2477-calibra-cat-life-kitten-chicken-1-5kg.webp\",\"contentUrl\":\"https:\\\/\\\/anivet.lt\\\/elparduotuve\\\/wp-content\\\/uploads\\\/2023\\\/07\\\/2477-calibra-cat-life-kitten-chicken-1-5kg.webp\",\"width\":1920,\"height\":1920,\"caption\":\"Calibra Cat Life Kitten Chicken sausas maistas ka\u010diukams su vi\u0161tiena\"},{\"@type\":\"BreadcrumbList\",\"@id\":\"https:\\\/\\\/anivet.lt\\\/elparduotuve\\\/produktas\\\/calibra-cat-life-kitten-chicken-sausas-maistas-kaciukams\\\/#breadcrumb\",\"itemListElement\":[{\"@type\":\"ListItem\",\"position\":1,\"name\":\"Home\",\"item\":\"https:\\\/\\\/anivet.lt\\\/elparduotuve\\\/\"},{\"@type\":\"ListItem\",\"position\":2,\"name\":\"Produktai\",\"item\":\"https:\\\/\\\/anivet.lt\\\/elparduotuve\\\/produktai\\\/\"},{\"@type\":\"ListItem\",\"position\":3,\"name\":\"Calibra Cat Life Kitten Chicken sausas maistas ka\u010diukams su vi\u0161tiena\"}]},{\"@type\":\"WebSite\",\"@id\":\"https:\\\/\\\/anivet.lt\\\/elparduotuve\\\/#website\",\"url\":\"https:\\\/\\\/anivet.lt\\\/elparduotuve\\\/\",\"name\":\"anivet.lt\",\"description\":\"Viskas J\u016bs\u0173 \u0161uns, kat\u0117s prie\u017ei\u016brai\",\"publisher\":{\"@id\":\"https:\\\/\\\/anivet.lt\\\/elparduotuve\\\/#organization\"},\"alternateName\":\"Viskas J\u016bs\u0173 \u0161uns, kat\u0117s prie\u017ei\u016brai\",\"potentialAction\":[{\"@type\":\"SearchAction\",\"target\":{\"@type\":\"EntryPoint\",\"urlTemplate\":\"https:\\\/\\\/anivet.lt\\\/elparduotuve\\\/?s={search_term_string}\"},\"query-input\":{\"@type\":\"PropertyValueSpecification\",\"valueRequired\":true,\"valueName\":\"search_term_string\"}}],\"inLanguage\":\"lt-LT\"},{\"@type\":\"Organization\",\"@id\":\"https:\\\/\\\/anivet.lt\\\/elparduotuve\\\/#organization\",\"name\":\"Viskas J\u016bs\u0173 \u0161uns, kat\u0117s prie\u017ei\u016brai\",\"url\":\"https:\\\/\\\/anivet.lt\\\/elparduotuve\\\/\",\"logo\":{\"@type\":\"ImageObject\",\"inLanguage\":\"lt-LT\",\"@id\":\"https:\\\/\\\/anivet.lt\\\/elparduotuve\\\/#\\\/schema\\\/logo\\\/image\\\/\",\"url\":\"https:\\\/\\\/anivet.lt\\\/elparduotuve\\\/wp-content\\\/uploads\\\/2023\\\/06\\\/logo2.jpg\",\"contentUrl\":\"https:\\\/\\\/anivet.lt\\\/elparduotuve\\\/wp-content\\\/uploads\\\/2023\\\/06\\\/logo2.jpg\",\"width\":655,\"height\":194,\"caption\":\"Viskas J\u016bs\u0173 \u0161uns, kat\u0117s prie\u017ei\u016brai\"},\"image\":{\"@id\":\"https:\\\/\\\/anivet.lt\\\/elparduotuve\\\/#\\\/schema\\\/logo\\\/image\\\/\"}}]}<\/script>\n<!-- \/ Yoast SEO Premium plugin. -->","yoast_head_json":{"title":"Calibra Cat Life Kitten Chicken sausas maistas ka\u010diukams su vi\u0161tiena - anivet.lt","description":"Visavertis ir subalansuotas superpremium sausas pa\u0161aras, skirtas ka\u010diukams iki 12 m\u0117nesi\u0173 am\u017eiaus, taip pat tinkantis vaikingoms ir \u017eindan\u010dioms kat\u0117ms.","robots":{"index":"index","follow":"follow","max-snippet":"max-snippet:-1","max-image-preview":"max-image-preview:large","max-video-preview":"max-video-preview:-1"},"canonical":"https:\/\/anivet.lt\/elparduotuve\/produktas\/calibra-cat-life-kitten-chicken-sausas-maistas-kaciukams\/","og_locale":"lt_LT","og_type":"article","og_title":"Calibra Cat Life Kitten Chicken sausas maistas ka\u010diukams su vi\u0161tiena","og_description":"Visavertis ir subalansuotas superpremium sausas pa\u0161aras, skirtas ka\u010diukams iki 12 m\u0117nesi\u0173 am\u017eiaus, taip pat tinkantis vaikingoms ir \u017eindan\u010dioms kat\u0117ms.","og_url":"https:\/\/anivet.lt\/elparduotuve\/produktas\/calibra-cat-life-kitten-chicken-sausas-maistas-kaciukams\/","og_site_name":"anivet.lt","article_modified_time":"2026-01-02T15:56:13+00:00","og_image":[{"width":1920,"height":1920,"url":"https:\/\/anivet.lt\/elparduotuve\/wp-content\/uploads\/2023\/07\/2477-calibra-cat-life-kitten-chicken-1-5kg.webp","type":"image\/webp"}],"twitter_card":"summary_large_image","twitter_misc":{"Est. reading time":"1 minut\u0117"},"schema":{"@context":"https:\/\/schema.org","@graph":[{"@type":"WebPage","@id":"https:\/\/anivet.lt\/elparduotuve\/produktas\/calibra-cat-life-kitten-chicken-sausas-maistas-kaciukams\/","url":"https:\/\/anivet.lt\/elparduotuve\/produktas\/calibra-cat-life-kitten-chicken-sausas-maistas-kaciukams\/","name":"Calibra Cat Life Kitten Chicken sausas maistas ka\u010diukams su vi\u0161tiena - anivet.lt","isPartOf":{"@id":"https:\/\/anivet.lt\/elparduotuve\/#website"},"primaryImageOfPage":{"@id":"https:\/\/anivet.lt\/elparduotuve\/produktas\/calibra-cat-life-kitten-chicken-sausas-maistas-kaciukams\/#primaryimage"},"image":{"@id":"https:\/\/anivet.lt\/elparduotuve\/produktas\/calibra-cat-life-kitten-chicken-sausas-maistas-kaciukams\/#primaryimage"},"thumbnailUrl":"https:\/\/anivet.lt\/elparduotuve\/wp-content\/uploads\/2023\/07\/2477-calibra-cat-life-kitten-chicken-1-5kg.webp","datePublished":"2023-07-26T09:36:26+00:00","dateModified":"2026-01-02T15:56:13+00:00","description":"Visavertis ir subalansuotas superpremium sausas pa\u0161aras, skirtas ka\u010diukams iki 12 m\u0117nesi\u0173 am\u017eiaus, taip pat tinkantis vaikingoms ir \u017eindan\u010dioms kat\u0117ms.","breadcrumb":{"@id":"https:\/\/anivet.lt\/elparduotuve\/produktas\/calibra-cat-life-kitten-chicken-sausas-maistas-kaciukams\/#breadcrumb"},"inLanguage":"lt-LT","potentialAction":[{"@type":"ReadAction","target":["https:\/\/anivet.lt\/elparduotuve\/produktas\/calibra-cat-life-kitten-chicken-sausas-maistas-kaciukams\/"]}]},{"@type":"ImageObject","inLanguage":"lt-LT","@id":"https:\/\/anivet.lt\/elparduotuve\/produktas\/calibra-cat-life-kitten-chicken-sausas-maistas-kaciukams\/#primaryimage","url":"https:\/\/anivet.lt\/elparduotuve\/wp-content\/uploads\/2023\/07\/2477-calibra-cat-life-kitten-chicken-1-5kg.webp","contentUrl":"https:\/\/anivet.lt\/elparduotuve\/wp-content\/uploads\/2023\/07\/2477-calibra-cat-life-kitten-chicken-1-5kg.webp","width":1920,"height":1920,"caption":"Calibra Cat Life Kitten Chicken sausas maistas ka\u010diukams su vi\u0161tiena"},{"@type":"BreadcrumbList","@id":"https:\/\/anivet.lt\/elparduotuve\/produktas\/calibra-cat-life-kitten-chicken-sausas-maistas-kaciukams\/#breadcrumb","itemListElement":[{"@type":"ListItem","position":1,"name":"Home","item":"https:\/\/anivet.lt\/elparduotuve\/"},{"@type":"ListItem","position":2,"name":"Produktai","item":"https:\/\/anivet.lt\/elparduotuve\/produktai\/"},{"@type":"ListItem","position":3,"name":"Calibra Cat Life Kitten Chicken sausas maistas ka\u010diukams su vi\u0161tiena"}]},{"@type":"WebSite","@id":"https:\/\/anivet.lt\/elparduotuve\/#website","url":"https:\/\/anivet.lt\/elparduotuve\/","name":"anivet.lt","description":"Viskas J\u016bs\u0173 \u0161uns, kat\u0117s prie\u017ei\u016brai","publisher":{"@id":"https:\/\/anivet.lt\/elparduotuve\/#organization"},"alternateName":"Viskas J\u016bs\u0173 \u0161uns, kat\u0117s prie\u017ei\u016brai","potentialAction":[{"@type":"SearchAction","target":{"@type":"EntryPoint","urlTemplate":"https:\/\/anivet.lt\/elparduotuve\/?s={search_term_string}"},"query-input":{"@type":"PropertyValueSpecification","valueRequired":true,"valueName":"search_term_string"}}],"inLanguage":"lt-LT"},{"@type":"Organization","@id":"https:\/\/anivet.lt\/elparduotuve\/#organization","name":"Viskas J\u016bs\u0173 \u0161uns, kat\u0117s prie\u017ei\u016brai","url":"https:\/\/anivet.lt\/elparduotuve\/","logo":{"@type":"ImageObject","inLanguage":"lt-LT","@id":"https:\/\/anivet.lt\/elparduotuve\/#\/schema\/logo\/image\/","url":"https:\/\/anivet.lt\/elparduotuve\/wp-content\/uploads\/2023\/06\/logo2.jpg","contentUrl":"https:\/\/anivet.lt\/elparduotuve\/wp-content\/uploads\/2023\/06\/logo2.jpg","width":655,"height":194,"caption":"Viskas J\u016bs\u0173 \u0161uns, kat\u0117s prie\u017ei\u016brai"},"image":{"@id":"https:\/\/anivet.lt\/elparduotuve\/#\/schema\/logo\/image\/"}}]}},"_links":{"self":[{"href":"https:\/\/anivet.lt\/elparduotuve\/wp-json\/wp\/v2\/product\/10691","targetHints":{"allow":["GET"]}}],"collection":[{"href":"https:\/\/anivet.lt\/elparduotuve\/wp-json\/wp\/v2\/product"}],"about":[{"href":"https:\/\/anivet.lt\/elparduotuve\/wp-json\/wp\/v2\/types\/product"}],"wp:featuredmedia":[{"embeddable":true,"href":"https:\/\/anivet.lt\/elparduotuve\/wp-json\/wp\/v2\/media\/10706"}],"wp:attachment":[{"href":"https:\/\/anivet.lt\/elparduotuve\/wp-json\/wp\/v2\/media?parent=10691"}],"wp:term":[{"taxonomy":"product_brand","embeddable":true,"href":"https:\/\/anivet.lt\/elparduotuve\/wp-json\/wp\/v2\/product_brand?post=10691"},{"taxonomy":"product_cat","embeddable":true,"href":"https:\/\/anivet.lt\/elparduotuve\/wp-json\/wp\/v2\/product_cat?post=10691"},{"taxonomy":"product_tag","embeddable":true,"href":"https:\/\/anivet.lt\/elparduotuve\/wp-json\/wp\/v2\/product_tag?post=10691"}],"curies":[{"name":"wp","href":"https:\/\/api.w.org\/{rel}","templated":true}]}}