{"id":10693,"date":"2023-07-26T08:44:59","date_gmt":"2023-07-26T08:44:59","guid":{"rendered":"https:\/\/anivet.lt\/elparduotuve\/?post_type=product&#038;p=10693"},"modified":"2026-04-16T14:20:25","modified_gmt":"2026-04-16T14:20:25","slug":"exclusion-hypoallergenic-konservai-sunims-su-elniena","status":"publish","type":"product","link":"https:\/\/anivet.lt\/elparduotuve\/produktas\/exclusion-hypoallergenic-konservai-sunims-su-elniena\/","title":{"rendered":"Exclusion Hypoallergenic konservai \u0161unims su elniena"},"content":{"rendered":"<ul>\n<li style=\"font-weight: 400;\" aria-level=\"1\"><span style=\"font-weight: 400;\">Elniena 90 %: Vienintelis gyv\u016bnin\u0117s kilm\u0117s baltym\u0173 \u0161altinis, puikiai tinka hipoalerginei dietai.<\/span><\/li>\n<li style=\"font-weight: 400;\" aria-level=\"1\"><span style=\"font-weight: 400;\">Bulv\u0117s 4 %: Lengvai vir\u0161kinamas angliavandeni\u0173 \u0161altinis be glitimo.<\/span><\/li>\n<li style=\"font-weight: 400;\" aria-level=\"1\"><span style=\"font-weight: 400;\">Saul\u0117gr\u0105\u017e\u0173 aliejus: Prisideda prie sveikos odos ir blizgaus kailio.<\/span><\/li>\n<li style=\"font-weight: 400;\" aria-level=\"1\"><span style=\"font-weight: 400;\">Alavijas: Mal\u0161ina u\u017edegimus ir skatina odos atsinaujinim\u0105.<\/span><\/li>\n<li style=\"font-weight: 400;\" aria-level=\"1\"><span style=\"font-weight: 400;\">Be gr\u016bd\u0173 ir sintetini\u0173 pried\u0173: U\u017etikrina lengv\u0105 toleravim\u0105 jautriems \u0161unims.<\/span><\/li>\n<\/ul>\n<p><span style=\"font-weight: 400;\">\u0160ie konservai ne tik padeda spr\u0119sti maisto netoleravimo problemas, bet ir palaiko \u0161uns odos bei kailio sveikat\u0105. Subalansuota sud\u0117tis, praturtinta alaviju ir saul\u0117gr\u0105\u017e\u0173 aliejumi, u\u017etikrina j\u016bs\u0173 augintinio gerov\u0119 kasdien. Tai puikus pasirinkimas jautriems \u0161unims.<\/span><\/p>\n","protected":false},"excerpt":{"rendered":"<p><span style=\"font-weight: 400;\">\u0160is hipoalerginis \u0161lapias maistas, skirtas suaugusiems \u0161unims, yra sukurtas taip, kad pad\u0117t\u0173 suma\u017einti maisto netoleravimo ar alergij\u0173 simptomus. Sud\u0117tis pritaikyta lengvai vir\u0161kinimui, u\u017etikrinant subalansuot\u0105 mityb\u0105 ir sveikat\u0105.<\/span><\/p>\n","protected":false},"featured_media":10696,"template":"","meta":[],"product_brand":[],"product_cat":[101,103,107,317],"product_tag":[],"class_list":{"0":"post-10693","1":"product","2":"type-product","3":"status-publish","4":"has-post-thumbnail","6":"product_cat-sunims","7":"product_cat-sunu-maistas","8":"product_cat-veterinarine-dieta","9":"product_cat-exclusion-sunu-maistas","10":"pa_prekinis-zenklas-exclusion","12":"first","13":"instock","14":"sale","15":"taxable","16":"shipping-taxable","17":"purchasable","18":"product-type-variable"},"yoast_head":"<!-- This site is optimized with the Yoast SEO Premium plugin v27.1 (Yoast SEO v27.5) - https:\/\/yoast.com\/product\/yoast-seo-premium-wordpress\/ -->\n<title>Exclusion Hypoallergenic konservai \u0161unims su elniena - anivet.lt<\/title>\n<meta name=\"description\" content=\"\u0160is hipoalerginis \u0161lapias maistas, skirtas suaugusiems \u0161unims, yra sukurtas taip, kad pad\u0117t\u0173 suma\u017einti maisto netoleravimo ar alergij\u0173 simptomus. Sud\u0117tis pritaikyta lengvai vir\u0161kinimui, u\u017etikrinant subalansuot\u0105 mityb\u0105 ir sveikat\u0105.\" \/>\n<meta name=\"robots\" content=\"index, follow, max-snippet:-1, max-image-preview:large, max-video-preview:-1\" \/>\n<link rel=\"canonical\" href=\"https:\/\/anivet.lt\/elparduotuve\/produktas\/exclusion-hypoallergenic-konservai-sunims-su-elniena\/\" \/>\n<meta property=\"og:locale\" content=\"lt_LT\" \/>\n<meta property=\"og:type\" content=\"article\" \/>\n<meta property=\"og:title\" content=\"Exclusion Hypoallergenic konservai \u0161unims su elniena\" \/>\n<meta property=\"og:description\" content=\"\u0160is hipoalerginis \u0161lapias maistas, skirtas suaugusiems \u0161unims, yra sukurtas taip, kad pad\u0117t\u0173 suma\u017einti maisto netoleravimo ar alergij\u0173 simptomus. Sud\u0117tis pritaikyta lengvai vir\u0161kinimui, u\u017etikrinant subalansuot\u0105 mityb\u0105 ir sveikat\u0105.\" \/>\n<meta property=\"og:url\" content=\"https:\/\/anivet.lt\/elparduotuve\/produktas\/exclusion-hypoallergenic-konservai-sunims-su-elniena\/\" \/>\n<meta property=\"og:site_name\" content=\"anivet.lt\" \/>\n<meta property=\"article:modified_time\" content=\"2026-04-16T14:20:25+00:00\" \/>\n<meta property=\"og:image\" content=\"https:\/\/anivet.lt\/elparduotuve\/wp-content\/uploads\/2023\/07\/exclusion-konservai-sunims-su-elniena.png\" \/>\n\t<meta property=\"og:image:width\" content=\"600\" \/>\n\t<meta property=\"og:image:height\" content=\"600\" \/>\n\t<meta property=\"og:image:type\" content=\"image\/png\" \/>\n<meta name=\"twitter:card\" content=\"summary_large_image\" \/>\n<meta name=\"twitter:label1\" content=\"Est. reading time\" \/>\n\t<meta name=\"twitter:data1\" content=\"1 minut\u0117\" \/>\n<script type=\"application\/ld+json\" class=\"yoast-schema-graph\">{\"@context\":\"https:\\\/\\\/schema.org\",\"@graph\":[{\"@type\":\"WebPage\",\"@id\":\"https:\\\/\\\/anivet.lt\\\/elparduotuve\\\/produktas\\\/exclusion-hypoallergenic-konservai-sunims-su-elniena\\\/\",\"url\":\"https:\\\/\\\/anivet.lt\\\/elparduotuve\\\/produktas\\\/exclusion-hypoallergenic-konservai-sunims-su-elniena\\\/\",\"name\":\"Exclusion Hypoallergenic konservai \u0161unims su elniena - anivet.lt\",\"isPartOf\":{\"@id\":\"https:\\\/\\\/anivet.lt\\\/elparduotuve\\\/#website\"},\"primaryImageOfPage\":{\"@id\":\"https:\\\/\\\/anivet.lt\\\/elparduotuve\\\/produktas\\\/exclusion-hypoallergenic-konservai-sunims-su-elniena\\\/#primaryimage\"},\"image\":{\"@id\":\"https:\\\/\\\/anivet.lt\\\/elparduotuve\\\/produktas\\\/exclusion-hypoallergenic-konservai-sunims-su-elniena\\\/#primaryimage\"},\"thumbnailUrl\":\"https:\\\/\\\/anivet.lt\\\/elparduotuve\\\/wp-content\\\/uploads\\\/2023\\\/07\\\/exclusion-konservai-sunims-su-elniena.png\",\"datePublished\":\"2023-07-26T08:44:59+00:00\",\"dateModified\":\"2026-04-16T14:20:25+00:00\",\"description\":\"\u0160is hipoalerginis \u0161lapias maistas, skirtas suaugusiems \u0161unims, yra sukurtas taip, kad pad\u0117t\u0173 suma\u017einti maisto netoleravimo ar alergij\u0173 simptomus. Sud\u0117tis pritaikyta lengvai vir\u0161kinimui, u\u017etikrinant subalansuot\u0105 mityb\u0105 ir sveikat\u0105.\",\"breadcrumb\":{\"@id\":\"https:\\\/\\\/anivet.lt\\\/elparduotuve\\\/produktas\\\/exclusion-hypoallergenic-konservai-sunims-su-elniena\\\/#breadcrumb\"},\"inLanguage\":\"lt-LT\",\"potentialAction\":[{\"@type\":\"ReadAction\",\"target\":[\"https:\\\/\\\/anivet.lt\\\/elparduotuve\\\/produktas\\\/exclusion-hypoallergenic-konservai-sunims-su-elniena\\\/\"]}]},{\"@type\":\"ImageObject\",\"inLanguage\":\"lt-LT\",\"@id\":\"https:\\\/\\\/anivet.lt\\\/elparduotuve\\\/produktas\\\/exclusion-hypoallergenic-konservai-sunims-su-elniena\\\/#primaryimage\",\"url\":\"https:\\\/\\\/anivet.lt\\\/elparduotuve\\\/wp-content\\\/uploads\\\/2023\\\/07\\\/exclusion-konservai-sunims-su-elniena.png\",\"contentUrl\":\"https:\\\/\\\/anivet.lt\\\/elparduotuve\\\/wp-content\\\/uploads\\\/2023\\\/07\\\/exclusion-konservai-sunims-su-elniena.png\",\"width\":600,\"height\":600,\"caption\":\"Exclusion Hypoallergenic konservai \u0161unims su elniena - 400g.\"},{\"@type\":\"BreadcrumbList\",\"@id\":\"https:\\\/\\\/anivet.lt\\\/elparduotuve\\\/produktas\\\/exclusion-hypoallergenic-konservai-sunims-su-elniena\\\/#breadcrumb\",\"itemListElement\":[{\"@type\":\"ListItem\",\"position\":1,\"name\":\"Home\",\"item\":\"https:\\\/\\\/anivet.lt\\\/elparduotuve\\\/\"},{\"@type\":\"ListItem\",\"position\":2,\"name\":\"Produktai\",\"item\":\"https:\\\/\\\/anivet.lt\\\/elparduotuve\\\/produktai\\\/\"},{\"@type\":\"ListItem\",\"position\":3,\"name\":\"Exclusion Hypoallergenic konservai \u0161unims su elniena\"}]},{\"@type\":\"WebSite\",\"@id\":\"https:\\\/\\\/anivet.lt\\\/elparduotuve\\\/#website\",\"url\":\"https:\\\/\\\/anivet.lt\\\/elparduotuve\\\/\",\"name\":\"anivet.lt\",\"description\":\"Viskas J\u016bs\u0173 \u0161uns, kat\u0117s prie\u017ei\u016brai\",\"publisher\":{\"@id\":\"https:\\\/\\\/anivet.lt\\\/elparduotuve\\\/#organization\"},\"alternateName\":\"Viskas J\u016bs\u0173 \u0161uns, kat\u0117s prie\u017ei\u016brai\",\"potentialAction\":[{\"@type\":\"SearchAction\",\"target\":{\"@type\":\"EntryPoint\",\"urlTemplate\":\"https:\\\/\\\/anivet.lt\\\/elparduotuve\\\/?s={search_term_string}\"},\"query-input\":{\"@type\":\"PropertyValueSpecification\",\"valueRequired\":true,\"valueName\":\"search_term_string\"}}],\"inLanguage\":\"lt-LT\"},{\"@type\":\"Organization\",\"@id\":\"https:\\\/\\\/anivet.lt\\\/elparduotuve\\\/#organization\",\"name\":\"Viskas J\u016bs\u0173 \u0161uns, kat\u0117s prie\u017ei\u016brai\",\"url\":\"https:\\\/\\\/anivet.lt\\\/elparduotuve\\\/\",\"logo\":{\"@type\":\"ImageObject\",\"inLanguage\":\"lt-LT\",\"@id\":\"https:\\\/\\\/anivet.lt\\\/elparduotuve\\\/#\\\/schema\\\/logo\\\/image\\\/\",\"url\":\"https:\\\/\\\/anivet.lt\\\/elparduotuve\\\/wp-content\\\/uploads\\\/2023\\\/06\\\/logo2.jpg\",\"contentUrl\":\"https:\\\/\\\/anivet.lt\\\/elparduotuve\\\/wp-content\\\/uploads\\\/2023\\\/06\\\/logo2.jpg\",\"width\":655,\"height\":194,\"caption\":\"Viskas J\u016bs\u0173 \u0161uns, kat\u0117s prie\u017ei\u016brai\"},\"image\":{\"@id\":\"https:\\\/\\\/anivet.lt\\\/elparduotuve\\\/#\\\/schema\\\/logo\\\/image\\\/\"}}]}<\/script>\n<!-- \/ Yoast SEO Premium plugin. -->","yoast_head_json":{"title":"Exclusion Hypoallergenic konservai \u0161unims su elniena - anivet.lt","description":"\u0160is hipoalerginis \u0161lapias maistas, skirtas suaugusiems \u0161unims, yra sukurtas taip, kad pad\u0117t\u0173 suma\u017einti maisto netoleravimo ar alergij\u0173 simptomus. Sud\u0117tis pritaikyta lengvai vir\u0161kinimui, u\u017etikrinant subalansuot\u0105 mityb\u0105 ir sveikat\u0105.","robots":{"index":"index","follow":"follow","max-snippet":"max-snippet:-1","max-image-preview":"max-image-preview:large","max-video-preview":"max-video-preview:-1"},"canonical":"https:\/\/anivet.lt\/elparduotuve\/produktas\/exclusion-hypoallergenic-konservai-sunims-su-elniena\/","og_locale":"lt_LT","og_type":"article","og_title":"Exclusion Hypoallergenic konservai \u0161unims su elniena","og_description":"\u0160is hipoalerginis \u0161lapias maistas, skirtas suaugusiems \u0161unims, yra sukurtas taip, kad pad\u0117t\u0173 suma\u017einti maisto netoleravimo ar alergij\u0173 simptomus. Sud\u0117tis pritaikyta lengvai vir\u0161kinimui, u\u017etikrinant subalansuot\u0105 mityb\u0105 ir sveikat\u0105.","og_url":"https:\/\/anivet.lt\/elparduotuve\/produktas\/exclusion-hypoallergenic-konservai-sunims-su-elniena\/","og_site_name":"anivet.lt","article_modified_time":"2026-04-16T14:20:25+00:00","og_image":[{"width":600,"height":600,"url":"https:\/\/anivet.lt\/elparduotuve\/wp-content\/uploads\/2023\/07\/exclusion-konservai-sunims-su-elniena.png","type":"image\/png"}],"twitter_card":"summary_large_image","twitter_misc":{"Est. reading time":"1 minut\u0117"},"schema":{"@context":"https:\/\/schema.org","@graph":[{"@type":"WebPage","@id":"https:\/\/anivet.lt\/elparduotuve\/produktas\/exclusion-hypoallergenic-konservai-sunims-su-elniena\/","url":"https:\/\/anivet.lt\/elparduotuve\/produktas\/exclusion-hypoallergenic-konservai-sunims-su-elniena\/","name":"Exclusion Hypoallergenic konservai \u0161unims su elniena - anivet.lt","isPartOf":{"@id":"https:\/\/anivet.lt\/elparduotuve\/#website"},"primaryImageOfPage":{"@id":"https:\/\/anivet.lt\/elparduotuve\/produktas\/exclusion-hypoallergenic-konservai-sunims-su-elniena\/#primaryimage"},"image":{"@id":"https:\/\/anivet.lt\/elparduotuve\/produktas\/exclusion-hypoallergenic-konservai-sunims-su-elniena\/#primaryimage"},"thumbnailUrl":"https:\/\/anivet.lt\/elparduotuve\/wp-content\/uploads\/2023\/07\/exclusion-konservai-sunims-su-elniena.png","datePublished":"2023-07-26T08:44:59+00:00","dateModified":"2026-04-16T14:20:25+00:00","description":"\u0160is hipoalerginis \u0161lapias maistas, skirtas suaugusiems \u0161unims, yra sukurtas taip, kad pad\u0117t\u0173 suma\u017einti maisto netoleravimo ar alergij\u0173 simptomus. Sud\u0117tis pritaikyta lengvai vir\u0161kinimui, u\u017etikrinant subalansuot\u0105 mityb\u0105 ir sveikat\u0105.","breadcrumb":{"@id":"https:\/\/anivet.lt\/elparduotuve\/produktas\/exclusion-hypoallergenic-konservai-sunims-su-elniena\/#breadcrumb"},"inLanguage":"lt-LT","potentialAction":[{"@type":"ReadAction","target":["https:\/\/anivet.lt\/elparduotuve\/produktas\/exclusion-hypoallergenic-konservai-sunims-su-elniena\/"]}]},{"@type":"ImageObject","inLanguage":"lt-LT","@id":"https:\/\/anivet.lt\/elparduotuve\/produktas\/exclusion-hypoallergenic-konservai-sunims-su-elniena\/#primaryimage","url":"https:\/\/anivet.lt\/elparduotuve\/wp-content\/uploads\/2023\/07\/exclusion-konservai-sunims-su-elniena.png","contentUrl":"https:\/\/anivet.lt\/elparduotuve\/wp-content\/uploads\/2023\/07\/exclusion-konservai-sunims-su-elniena.png","width":600,"height":600,"caption":"Exclusion Hypoallergenic konservai \u0161unims su elniena - 400g."},{"@type":"BreadcrumbList","@id":"https:\/\/anivet.lt\/elparduotuve\/produktas\/exclusion-hypoallergenic-konservai-sunims-su-elniena\/#breadcrumb","itemListElement":[{"@type":"ListItem","position":1,"name":"Home","item":"https:\/\/anivet.lt\/elparduotuve\/"},{"@type":"ListItem","position":2,"name":"Produktai","item":"https:\/\/anivet.lt\/elparduotuve\/produktai\/"},{"@type":"ListItem","position":3,"name":"Exclusion Hypoallergenic konservai \u0161unims su elniena"}]},{"@type":"WebSite","@id":"https:\/\/anivet.lt\/elparduotuve\/#website","url":"https:\/\/anivet.lt\/elparduotuve\/","name":"anivet.lt","description":"Viskas J\u016bs\u0173 \u0161uns, kat\u0117s prie\u017ei\u016brai","publisher":{"@id":"https:\/\/anivet.lt\/elparduotuve\/#organization"},"alternateName":"Viskas J\u016bs\u0173 \u0161uns, kat\u0117s prie\u017ei\u016brai","potentialAction":[{"@type":"SearchAction","target":{"@type":"EntryPoint","urlTemplate":"https:\/\/anivet.lt\/elparduotuve\/?s={search_term_string}"},"query-input":{"@type":"PropertyValueSpecification","valueRequired":true,"valueName":"search_term_string"}}],"inLanguage":"lt-LT"},{"@type":"Organization","@id":"https:\/\/anivet.lt\/elparduotuve\/#organization","name":"Viskas J\u016bs\u0173 \u0161uns, kat\u0117s prie\u017ei\u016brai","url":"https:\/\/anivet.lt\/elparduotuve\/","logo":{"@type":"ImageObject","inLanguage":"lt-LT","@id":"https:\/\/anivet.lt\/elparduotuve\/#\/schema\/logo\/image\/","url":"https:\/\/anivet.lt\/elparduotuve\/wp-content\/uploads\/2023\/06\/logo2.jpg","contentUrl":"https:\/\/anivet.lt\/elparduotuve\/wp-content\/uploads\/2023\/06\/logo2.jpg","width":655,"height":194,"caption":"Viskas J\u016bs\u0173 \u0161uns, kat\u0117s prie\u017ei\u016brai"},"image":{"@id":"https:\/\/anivet.lt\/elparduotuve\/#\/schema\/logo\/image\/"}}]}},"_links":{"self":[{"href":"https:\/\/anivet.lt\/elparduotuve\/wp-json\/wp\/v2\/product\/10693","targetHints":{"allow":["GET"]}}],"collection":[{"href":"https:\/\/anivet.lt\/elparduotuve\/wp-json\/wp\/v2\/product"}],"about":[{"href":"https:\/\/anivet.lt\/elparduotuve\/wp-json\/wp\/v2\/types\/product"}],"wp:featuredmedia":[{"embeddable":true,"href":"https:\/\/anivet.lt\/elparduotuve\/wp-json\/wp\/v2\/media\/10696"}],"wp:attachment":[{"href":"https:\/\/anivet.lt\/elparduotuve\/wp-json\/wp\/v2\/media?parent=10693"}],"wp:term":[{"taxonomy":"product_brand","embeddable":true,"href":"https:\/\/anivet.lt\/elparduotuve\/wp-json\/wp\/v2\/product_brand?post=10693"},{"taxonomy":"product_cat","embeddable":true,"href":"https:\/\/anivet.lt\/elparduotuve\/wp-json\/wp\/v2\/product_cat?post=10693"},{"taxonomy":"product_tag","embeddable":true,"href":"https:\/\/anivet.lt\/elparduotuve\/wp-json\/wp\/v2\/product_tag?post=10693"}],"curies":[{"name":"wp","href":"https:\/\/api.w.org\/{rel}","templated":true}]}}