{"id":10703,"date":"2023-07-26T09:24:48","date_gmt":"2023-07-26T09:24:48","guid":{"rendered":"https:\/\/anivet.lt\/elparduotuve\/?post_type=product&#038;p=10703"},"modified":"2026-05-04T15:07:25","modified_gmt":"2026-05-04T15:07:25","slug":"exclusion-hypoallergenic-sausas-edalas-su-arkliena-mazu-veisliu-sunims","status":"publish","type":"product","link":"https:\/\/anivet.lt\/elparduotuve\/produktas\/exclusion-hypoallergenic-sausas-edalas-su-arkliena-mazu-veisliu-sunims\/","title":{"rendered":"Exclusion Hypoallergenic sausas \u0117dalas su arkliena ma\u017e\u0173 veisli\u0173 \u0161unims"},"content":{"rendered":"<ul>\n<li style=\"font-weight: 400;\" aria-level=\"1\"><span style=\"font-weight: 400;\">Hipoalergin\u0117 sud\u0117tis: Tik vienas gyvulin\u0117s kilm\u0117s baltym\u0173 \u0161altinis \u2013 arkliena, kuri tinka net itin jautriems \u0161unims.<\/span><\/li>\n<li style=\"font-weight: 400;\" aria-level=\"1\"><span style=\"font-weight: 400;\">Be gr\u016bd\u0173: Pa\u0161aras yra lengvai vir\u0161kinamas, ma\u017eina skrand\u017eio jautrumo rizik\u0105.<\/span><\/li>\n<li style=\"font-weight: 400;\" aria-level=\"1\"><span style=\"font-weight: 400;\">Alavijo poveikis: Veikliosios med\u017eiagos mal\u0161ina u\u017edegim\u0105 ir palaiko odos sveikat\u0105.<\/span><\/li>\n<li style=\"font-weight: 400;\" aria-level=\"1\"><span style=\"font-weight: 400;\">Kailiui ir odai: Lin\u0173 s\u0117men\u0173 riebal\u0173 r\u016bg\u0161tys u\u017etikrina blizgant\u012f kail\u012f ir stipri\u0105 odos barjerin\u0119 funkcij\u0105.<\/span><\/li>\n<li style=\"font-weight: 400;\" aria-level=\"1\"><span style=\"font-weight: 400;\">Suma\u017eintas ingredient\u0173 skai\u010dius: Padeda efektyviai suma\u017einti maisto netoleravimo simptomus.<\/span><\/li>\n<\/ul>\n<p><span style=\"font-weight: 400;\">\u0160is pa\u0161aras ne tik atitinka hipoalergin\u0117s dietos reikalavimus, bet ir puikiai subalansuoja maistines med\u017eiagas, reikalingas ma\u017e\u0173 veisli\u0173 \u0161unims. Jis suteikia visus b\u016btinus elementus j\u0173 sveikatai palaikyti, tuo pa\u010diu suma\u017eindamas alergijos ir vir\u0161kinimo sutrikim\u0173 rizik\u0105.<\/span><\/p>\n","protected":false},"excerpt":{"rendered":"<p><span style=\"font-weight: 400;\">Visavertis sausas pa\u0161aras, specialiai sukurtas ma\u017e\u0173 veisli\u0173 suaugusiems \u0161unims, ken\u010diantiems nuo alergijos ar maisto netoleravimo. \u0160is pa\u0161aras yra ne tik lengvai vir\u0161kinamas, bet ir praturtintas naudingomis med\u017eiagomis, kurios palaiko sveik\u0105 od\u0105, kail\u012f bei bendr\u0105 organizmo b\u016bkl\u0119.<\/span><\/p>\n","protected":false},"featured_media":10704,"template":"","meta":[],"product_brand":[],"product_cat":[101,103,107,317],"product_tag":[],"class_list":{"0":"post-10703","1":"product","2":"type-product","3":"status-publish","4":"has-post-thumbnail","6":"product_cat-sunims","7":"product_cat-sunu-maistas","8":"product_cat-veterinarine-dieta","9":"product_cat-exclusion-sunu-maistas","10":"pa_prekinis-zenklas-exclusion","12":"first","13":"instock","14":"taxable","15":"shipping-taxable","16":"purchasable","17":"product-type-simple"},"yoast_head":"<!-- This site is optimized with the Yoast SEO Premium plugin v27.1 (Yoast SEO v27.5) - https:\/\/yoast.com\/product\/yoast-seo-premium-wordpress\/ -->\n<title>Exclusion Hypoallergenic sausas \u0117dalas su arkliena ma\u017e\u0173 veisli\u0173 \u0161unims - anivet.lt<\/title>\n<meta name=\"description\" content=\"Visavertis sausas pa\u0161aras, specialiai sukurtas ma\u017e\u0173 veisli\u0173 suaugusiems \u0161unims, ken\u010diantiems nuo alergijos ar maisto netoleravimo. \u0160is pa\u0161aras yra ne tik lengvai vir\u0161kinamas, bet ir praturtintas naudingomis med\u017eiagomis, kurios palaiko sveik\u0105 od\u0105, kail\u012f bei bendr\u0105 organizmo b\u016bkl\u0119.\" \/>\n<meta name=\"robots\" content=\"index, follow, max-snippet:-1, max-image-preview:large, max-video-preview:-1\" \/>\n<link rel=\"canonical\" href=\"https:\/\/anivet.lt\/elparduotuve\/produktas\/exclusion-hypoallergenic-sausas-edalas-su-arkliena-mazu-veisliu-sunims\/\" \/>\n<meta property=\"og:locale\" content=\"lt_LT\" \/>\n<meta property=\"og:type\" content=\"article\" \/>\n<meta property=\"og:title\" content=\"Exclusion Hypoallergenic sausas \u0117dalas su arkliena ma\u017e\u0173 veisli\u0173 \u0161unims\" \/>\n<meta property=\"og:description\" content=\"Visavertis sausas pa\u0161aras, specialiai sukurtas ma\u017e\u0173 veisli\u0173 suaugusiems \u0161unims, ken\u010diantiems nuo alergijos ar maisto netoleravimo. \u0160is pa\u0161aras yra ne tik lengvai vir\u0161kinamas, bet ir praturtintas naudingomis med\u017eiagomis, kurios palaiko sveik\u0105 od\u0105, kail\u012f bei bendr\u0105 organizmo b\u016bkl\u0119.\" \/>\n<meta property=\"og:url\" content=\"https:\/\/anivet.lt\/elparduotuve\/produktas\/exclusion-hypoallergenic-sausas-edalas-su-arkliena-mazu-veisliu-sunims\/\" \/>\n<meta property=\"og:site_name\" content=\"anivet.lt\" \/>\n<meta property=\"article:modified_time\" content=\"2026-05-04T15:07:25+00:00\" \/>\n<meta property=\"og:image\" content=\"https:\/\/anivet.lt\/elparduotuve\/wp-content\/uploads\/2023\/07\/exlusion-hypoallergenic-sausas-edalas-su-arkliena-mazu-veisliu-sunims.png\" \/>\n\t<meta property=\"og:image:width\" content=\"600\" \/>\n\t<meta property=\"og:image:height\" content=\"600\" \/>\n\t<meta property=\"og:image:type\" content=\"image\/png\" \/>\n<meta name=\"twitter:card\" content=\"summary_large_image\" \/>\n<meta name=\"twitter:label1\" content=\"Est. reading time\" \/>\n\t<meta name=\"twitter:data1\" content=\"1 minut\u0117\" \/>\n<script type=\"application\/ld+json\" class=\"yoast-schema-graph\">{\"@context\":\"https:\\\/\\\/schema.org\",\"@graph\":[{\"@type\":\"WebPage\",\"@id\":\"https:\\\/\\\/anivet.lt\\\/elparduotuve\\\/produktas\\\/exclusion-hypoallergenic-sausas-edalas-su-arkliena-mazu-veisliu-sunims\\\/\",\"url\":\"https:\\\/\\\/anivet.lt\\\/elparduotuve\\\/produktas\\\/exclusion-hypoallergenic-sausas-edalas-su-arkliena-mazu-veisliu-sunims\\\/\",\"name\":\"Exclusion Hypoallergenic sausas \u0117dalas su arkliena ma\u017e\u0173 veisli\u0173 \u0161unims - anivet.lt\",\"isPartOf\":{\"@id\":\"https:\\\/\\\/anivet.lt\\\/elparduotuve\\\/#website\"},\"primaryImageOfPage\":{\"@id\":\"https:\\\/\\\/anivet.lt\\\/elparduotuve\\\/produktas\\\/exclusion-hypoallergenic-sausas-edalas-su-arkliena-mazu-veisliu-sunims\\\/#primaryimage\"},\"image\":{\"@id\":\"https:\\\/\\\/anivet.lt\\\/elparduotuve\\\/produktas\\\/exclusion-hypoallergenic-sausas-edalas-su-arkliena-mazu-veisliu-sunims\\\/#primaryimage\"},\"thumbnailUrl\":\"https:\\\/\\\/anivet.lt\\\/elparduotuve\\\/wp-content\\\/uploads\\\/2023\\\/07\\\/exlusion-hypoallergenic-sausas-edalas-su-arkliena-mazu-veisliu-sunims.png\",\"datePublished\":\"2023-07-26T09:24:48+00:00\",\"dateModified\":\"2026-05-04T15:07:25+00:00\",\"description\":\"Visavertis sausas pa\u0161aras, specialiai sukurtas ma\u017e\u0173 veisli\u0173 suaugusiems \u0161unims, ken\u010diantiems nuo alergijos ar maisto netoleravimo. \u0160is pa\u0161aras yra ne tik lengvai vir\u0161kinamas, bet ir praturtintas naudingomis med\u017eiagomis, kurios palaiko sveik\u0105 od\u0105, kail\u012f bei bendr\u0105 organizmo b\u016bkl\u0119.\",\"breadcrumb\":{\"@id\":\"https:\\\/\\\/anivet.lt\\\/elparduotuve\\\/produktas\\\/exclusion-hypoallergenic-sausas-edalas-su-arkliena-mazu-veisliu-sunims\\\/#breadcrumb\"},\"inLanguage\":\"lt-LT\",\"potentialAction\":[{\"@type\":\"ReadAction\",\"target\":[\"https:\\\/\\\/anivet.lt\\\/elparduotuve\\\/produktas\\\/exclusion-hypoallergenic-sausas-edalas-su-arkliena-mazu-veisliu-sunims\\\/\"]}]},{\"@type\":\"ImageObject\",\"inLanguage\":\"lt-LT\",\"@id\":\"https:\\\/\\\/anivet.lt\\\/elparduotuve\\\/produktas\\\/exclusion-hypoallergenic-sausas-edalas-su-arkliena-mazu-veisliu-sunims\\\/#primaryimage\",\"url\":\"https:\\\/\\\/anivet.lt\\\/elparduotuve\\\/wp-content\\\/uploads\\\/2023\\\/07\\\/exlusion-hypoallergenic-sausas-edalas-su-arkliena-mazu-veisliu-sunims.png\",\"contentUrl\":\"https:\\\/\\\/anivet.lt\\\/elparduotuve\\\/wp-content\\\/uploads\\\/2023\\\/07\\\/exlusion-hypoallergenic-sausas-edalas-su-arkliena-mazu-veisliu-sunims.png\",\"width\":600,\"height\":600,\"caption\":\"Exclusion Hypoallergenic sausas \u0117dalas su arkliena ma\u017e\u0173 veisli\u0173 \u0161unims\"},{\"@type\":\"BreadcrumbList\",\"@id\":\"https:\\\/\\\/anivet.lt\\\/elparduotuve\\\/produktas\\\/exclusion-hypoallergenic-sausas-edalas-su-arkliena-mazu-veisliu-sunims\\\/#breadcrumb\",\"itemListElement\":[{\"@type\":\"ListItem\",\"position\":1,\"name\":\"Home\",\"item\":\"https:\\\/\\\/anivet.lt\\\/elparduotuve\\\/\"},{\"@type\":\"ListItem\",\"position\":2,\"name\":\"Produktai\",\"item\":\"https:\\\/\\\/anivet.lt\\\/elparduotuve\\\/produktai\\\/\"},{\"@type\":\"ListItem\",\"position\":3,\"name\":\"Exclusion Hypoallergenic sausas \u0117dalas su arkliena ma\u017e\u0173 veisli\u0173 \u0161unims\"}]},{\"@type\":\"WebSite\",\"@id\":\"https:\\\/\\\/anivet.lt\\\/elparduotuve\\\/#website\",\"url\":\"https:\\\/\\\/anivet.lt\\\/elparduotuve\\\/\",\"name\":\"anivet.lt\",\"description\":\"Viskas J\u016bs\u0173 \u0161uns, kat\u0117s prie\u017ei\u016brai\",\"publisher\":{\"@id\":\"https:\\\/\\\/anivet.lt\\\/elparduotuve\\\/#organization\"},\"alternateName\":\"Viskas J\u016bs\u0173 \u0161uns, kat\u0117s prie\u017ei\u016brai\",\"potentialAction\":[{\"@type\":\"SearchAction\",\"target\":{\"@type\":\"EntryPoint\",\"urlTemplate\":\"https:\\\/\\\/anivet.lt\\\/elparduotuve\\\/?s={search_term_string}\"},\"query-input\":{\"@type\":\"PropertyValueSpecification\",\"valueRequired\":true,\"valueName\":\"search_term_string\"}}],\"inLanguage\":\"lt-LT\"},{\"@type\":\"Organization\",\"@id\":\"https:\\\/\\\/anivet.lt\\\/elparduotuve\\\/#organization\",\"name\":\"Viskas J\u016bs\u0173 \u0161uns, kat\u0117s prie\u017ei\u016brai\",\"url\":\"https:\\\/\\\/anivet.lt\\\/elparduotuve\\\/\",\"logo\":{\"@type\":\"ImageObject\",\"inLanguage\":\"lt-LT\",\"@id\":\"https:\\\/\\\/anivet.lt\\\/elparduotuve\\\/#\\\/schema\\\/logo\\\/image\\\/\",\"url\":\"https:\\\/\\\/anivet.lt\\\/elparduotuve\\\/wp-content\\\/uploads\\\/2023\\\/06\\\/logo2.jpg\",\"contentUrl\":\"https:\\\/\\\/anivet.lt\\\/elparduotuve\\\/wp-content\\\/uploads\\\/2023\\\/06\\\/logo2.jpg\",\"width\":655,\"height\":194,\"caption\":\"Viskas J\u016bs\u0173 \u0161uns, kat\u0117s prie\u017ei\u016brai\"},\"image\":{\"@id\":\"https:\\\/\\\/anivet.lt\\\/elparduotuve\\\/#\\\/schema\\\/logo\\\/image\\\/\"}}]}<\/script>\n<!-- \/ Yoast SEO Premium plugin. -->","yoast_head_json":{"title":"Exclusion Hypoallergenic sausas \u0117dalas su arkliena ma\u017e\u0173 veisli\u0173 \u0161unims - anivet.lt","description":"Visavertis sausas pa\u0161aras, specialiai sukurtas ma\u017e\u0173 veisli\u0173 suaugusiems \u0161unims, ken\u010diantiems nuo alergijos ar maisto netoleravimo. \u0160is pa\u0161aras yra ne tik lengvai vir\u0161kinamas, bet ir praturtintas naudingomis med\u017eiagomis, kurios palaiko sveik\u0105 od\u0105, kail\u012f bei bendr\u0105 organizmo b\u016bkl\u0119.","robots":{"index":"index","follow":"follow","max-snippet":"max-snippet:-1","max-image-preview":"max-image-preview:large","max-video-preview":"max-video-preview:-1"},"canonical":"https:\/\/anivet.lt\/elparduotuve\/produktas\/exclusion-hypoallergenic-sausas-edalas-su-arkliena-mazu-veisliu-sunims\/","og_locale":"lt_LT","og_type":"article","og_title":"Exclusion Hypoallergenic sausas \u0117dalas su arkliena ma\u017e\u0173 veisli\u0173 \u0161unims","og_description":"Visavertis sausas pa\u0161aras, specialiai sukurtas ma\u017e\u0173 veisli\u0173 suaugusiems \u0161unims, ken\u010diantiems nuo alergijos ar maisto netoleravimo. \u0160is pa\u0161aras yra ne tik lengvai vir\u0161kinamas, bet ir praturtintas naudingomis med\u017eiagomis, kurios palaiko sveik\u0105 od\u0105, kail\u012f bei bendr\u0105 organizmo b\u016bkl\u0119.","og_url":"https:\/\/anivet.lt\/elparduotuve\/produktas\/exclusion-hypoallergenic-sausas-edalas-su-arkliena-mazu-veisliu-sunims\/","og_site_name":"anivet.lt","article_modified_time":"2026-05-04T15:07:25+00:00","og_image":[{"width":600,"height":600,"url":"https:\/\/anivet.lt\/elparduotuve\/wp-content\/uploads\/2023\/07\/exlusion-hypoallergenic-sausas-edalas-su-arkliena-mazu-veisliu-sunims.png","type":"image\/png"}],"twitter_card":"summary_large_image","twitter_misc":{"Est. reading time":"1 minut\u0117"},"schema":{"@context":"https:\/\/schema.org","@graph":[{"@type":"WebPage","@id":"https:\/\/anivet.lt\/elparduotuve\/produktas\/exclusion-hypoallergenic-sausas-edalas-su-arkliena-mazu-veisliu-sunims\/","url":"https:\/\/anivet.lt\/elparduotuve\/produktas\/exclusion-hypoallergenic-sausas-edalas-su-arkliena-mazu-veisliu-sunims\/","name":"Exclusion Hypoallergenic sausas \u0117dalas su arkliena ma\u017e\u0173 veisli\u0173 \u0161unims - anivet.lt","isPartOf":{"@id":"https:\/\/anivet.lt\/elparduotuve\/#website"},"primaryImageOfPage":{"@id":"https:\/\/anivet.lt\/elparduotuve\/produktas\/exclusion-hypoallergenic-sausas-edalas-su-arkliena-mazu-veisliu-sunims\/#primaryimage"},"image":{"@id":"https:\/\/anivet.lt\/elparduotuve\/produktas\/exclusion-hypoallergenic-sausas-edalas-su-arkliena-mazu-veisliu-sunims\/#primaryimage"},"thumbnailUrl":"https:\/\/anivet.lt\/elparduotuve\/wp-content\/uploads\/2023\/07\/exlusion-hypoallergenic-sausas-edalas-su-arkliena-mazu-veisliu-sunims.png","datePublished":"2023-07-26T09:24:48+00:00","dateModified":"2026-05-04T15:07:25+00:00","description":"Visavertis sausas pa\u0161aras, specialiai sukurtas ma\u017e\u0173 veisli\u0173 suaugusiems \u0161unims, ken\u010diantiems nuo alergijos ar maisto netoleravimo. \u0160is pa\u0161aras yra ne tik lengvai vir\u0161kinamas, bet ir praturtintas naudingomis med\u017eiagomis, kurios palaiko sveik\u0105 od\u0105, kail\u012f bei bendr\u0105 organizmo b\u016bkl\u0119.","breadcrumb":{"@id":"https:\/\/anivet.lt\/elparduotuve\/produktas\/exclusion-hypoallergenic-sausas-edalas-su-arkliena-mazu-veisliu-sunims\/#breadcrumb"},"inLanguage":"lt-LT","potentialAction":[{"@type":"ReadAction","target":["https:\/\/anivet.lt\/elparduotuve\/produktas\/exclusion-hypoallergenic-sausas-edalas-su-arkliena-mazu-veisliu-sunims\/"]}]},{"@type":"ImageObject","inLanguage":"lt-LT","@id":"https:\/\/anivet.lt\/elparduotuve\/produktas\/exclusion-hypoallergenic-sausas-edalas-su-arkliena-mazu-veisliu-sunims\/#primaryimage","url":"https:\/\/anivet.lt\/elparduotuve\/wp-content\/uploads\/2023\/07\/exlusion-hypoallergenic-sausas-edalas-su-arkliena-mazu-veisliu-sunims.png","contentUrl":"https:\/\/anivet.lt\/elparduotuve\/wp-content\/uploads\/2023\/07\/exlusion-hypoallergenic-sausas-edalas-su-arkliena-mazu-veisliu-sunims.png","width":600,"height":600,"caption":"Exclusion Hypoallergenic sausas \u0117dalas su arkliena ma\u017e\u0173 veisli\u0173 \u0161unims"},{"@type":"BreadcrumbList","@id":"https:\/\/anivet.lt\/elparduotuve\/produktas\/exclusion-hypoallergenic-sausas-edalas-su-arkliena-mazu-veisliu-sunims\/#breadcrumb","itemListElement":[{"@type":"ListItem","position":1,"name":"Home","item":"https:\/\/anivet.lt\/elparduotuve\/"},{"@type":"ListItem","position":2,"name":"Produktai","item":"https:\/\/anivet.lt\/elparduotuve\/produktai\/"},{"@type":"ListItem","position":3,"name":"Exclusion Hypoallergenic sausas \u0117dalas su arkliena ma\u017e\u0173 veisli\u0173 \u0161unims"}]},{"@type":"WebSite","@id":"https:\/\/anivet.lt\/elparduotuve\/#website","url":"https:\/\/anivet.lt\/elparduotuve\/","name":"anivet.lt","description":"Viskas J\u016bs\u0173 \u0161uns, kat\u0117s prie\u017ei\u016brai","publisher":{"@id":"https:\/\/anivet.lt\/elparduotuve\/#organization"},"alternateName":"Viskas J\u016bs\u0173 \u0161uns, kat\u0117s prie\u017ei\u016brai","potentialAction":[{"@type":"SearchAction","target":{"@type":"EntryPoint","urlTemplate":"https:\/\/anivet.lt\/elparduotuve\/?s={search_term_string}"},"query-input":{"@type":"PropertyValueSpecification","valueRequired":true,"valueName":"search_term_string"}}],"inLanguage":"lt-LT"},{"@type":"Organization","@id":"https:\/\/anivet.lt\/elparduotuve\/#organization","name":"Viskas J\u016bs\u0173 \u0161uns, kat\u0117s prie\u017ei\u016brai","url":"https:\/\/anivet.lt\/elparduotuve\/","logo":{"@type":"ImageObject","inLanguage":"lt-LT","@id":"https:\/\/anivet.lt\/elparduotuve\/#\/schema\/logo\/image\/","url":"https:\/\/anivet.lt\/elparduotuve\/wp-content\/uploads\/2023\/06\/logo2.jpg","contentUrl":"https:\/\/anivet.lt\/elparduotuve\/wp-content\/uploads\/2023\/06\/logo2.jpg","width":655,"height":194,"caption":"Viskas J\u016bs\u0173 \u0161uns, kat\u0117s prie\u017ei\u016brai"},"image":{"@id":"https:\/\/anivet.lt\/elparduotuve\/#\/schema\/logo\/image\/"}}]}},"_links":{"self":[{"href":"https:\/\/anivet.lt\/elparduotuve\/wp-json\/wp\/v2\/product\/10703","targetHints":{"allow":["GET"]}}],"collection":[{"href":"https:\/\/anivet.lt\/elparduotuve\/wp-json\/wp\/v2\/product"}],"about":[{"href":"https:\/\/anivet.lt\/elparduotuve\/wp-json\/wp\/v2\/types\/product"}],"wp:featuredmedia":[{"embeddable":true,"href":"https:\/\/anivet.lt\/elparduotuve\/wp-json\/wp\/v2\/media\/10704"}],"wp:attachment":[{"href":"https:\/\/anivet.lt\/elparduotuve\/wp-json\/wp\/v2\/media?parent=10703"}],"wp:term":[{"taxonomy":"product_brand","embeddable":true,"href":"https:\/\/anivet.lt\/elparduotuve\/wp-json\/wp\/v2\/product_brand?post=10703"},{"taxonomy":"product_cat","embeddable":true,"href":"https:\/\/anivet.lt\/elparduotuve\/wp-json\/wp\/v2\/product_cat?post=10703"},{"taxonomy":"product_tag","embeddable":true,"href":"https:\/\/anivet.lt\/elparduotuve\/wp-json\/wp\/v2\/product_tag?post=10703"}],"curies":[{"name":"wp","href":"https:\/\/api.w.org\/{rel}","templated":true}]}}