{"id":10714,"date":"2023-07-26T09:46:53","date_gmt":"2023-07-26T09:46:53","guid":{"rendered":"https:\/\/anivet.lt\/elparduotuve\/?post_type=product&#038;p=10714"},"modified":"2025-05-27T13:14:29","modified_gmt":"2025-05-27T13:14:29","slug":"calibra-cat-life-adult-beef-slapias-maistas-katems","status":"publish","type":"product","link":"https:\/\/anivet.lt\/elparduotuve\/produktas\/calibra-cat-life-adult-beef-slapias-maistas-katems\/","title":{"rendered":"Calibra Cat Life Adult Beef  \u0161lapias maistas kat\u0117ms su jautiena"},"content":{"rendered":"<ul>\n<li style=\"font-weight: 400;\" aria-level=\"1\"><span style=\"font-weight: 400;\">Auk\u0161tos kokyb\u0117s sud\u0117tis: 70 % jautienos, u\u017etikrinan\u010dios vien\u0105 baltym\u0173 \u0161altin\u012f.<\/span><\/li>\n<li style=\"font-weight: 400;\" aria-level=\"1\"><span style=\"font-weight: 400;\">Su la\u0161i\u0161\u0173 aliejumi: Omega-3 r\u016bg\u0161tys palaiko smegen\u0173, odos ir kailio sveikat\u0105 bei turi prie\u0161u\u017edegimini\u0173 savybi\u0173.<\/span><\/li>\n<li style=\"font-weight: 400;\" aria-level=\"1\"><span style=\"font-weight: 400;\">Taurinas: Esmin\u0117 med\u017eiaga reg\u0117jimui ir \u0161irdies funkcijoms palaikyti.<\/span><\/li>\n<li style=\"font-weight: 400;\" aria-level=\"1\"><span style=\"font-weight: 400;\">Be gr\u016bd\u0173 ir glitimo: Tinka jautrioms kat\u0117ms, turin\u010dioms maisto netoleravim\u0105.<\/span><\/li>\n<li style=\"font-weight: 400;\" aria-level=\"1\"><span style=\"font-weight: 400;\">Be dirbtini\u0173 pried\u0173: N\u0117ra kvie\u010di\u0173, glitimo, kukur\u016bz\u0173, soj\u0173 ar GMO.<\/span><\/li>\n<\/ul>\n<p><span style=\"font-weight: 400;\">\u0160is konservuotas pa\u0161aras ne tik pasi\u017eymi puikiu skoniu, bet ir u\u017etikrina visapusi\u0161k\u0105 mityb\u0105, pritaikyt\u0105 suaugusi\u0173 ka\u010di\u0173 poreikiams. Pa\u0161aro sud\u0117tyje esan\u010dios naudingos med\u017eiagos, tokios kaip taurinas ir la\u0161i\u0161\u0173 aliejus, padeda palaikyti kat\u0117s sveikat\u0105 bei ger\u0105 savijaut\u0105.<\/span><\/p>\n","protected":false},"excerpt":{"rendered":"<p><span style=\"font-weight: 400;\">Visavertis dr\u0117gnas pa\u0161aras, skirtas suaugusioms kat\u0117ms, pagamintas i\u0161 auk\u0161\u010diausios kokyb\u0117s ingredient\u0173. \u0160is pa\u0161aras be gr\u016bd\u0173 ir glitimo yra lengvai vir\u0161kinamas bei praturtintas vertingais priedais, palaikan\u010diais j\u016bs\u0173 augintinio sveikat\u0105.<\/span><\/p>\n","protected":false},"featured_media":10717,"template":"","meta":[],"product_brand":[],"product_cat":[114,102,116,339],"product_tag":[],"class_list":{"0":"post-10714","1":"product","2":"type-product","3":"status-publish","4":"has-post-thumbnail","6":"product_cat-kaciu-maistas","7":"product_cat-katems","8":"product_cat-konservai-katems","9":"product_cat-calibra-kaciu-maistas","10":"pa_prekinis-zenklas-calibra","12":"first","13":"instock","14":"taxable","15":"shipping-taxable","16":"purchasable","17":"product-type-simple"},"yoast_head":"<!-- This site is optimized with the Yoast SEO Premium plugin v27.1 (Yoast SEO v27.5) - https:\/\/yoast.com\/product\/yoast-seo-premium-wordpress\/ -->\n<title>Calibra Cat Life Adult Beef \u0161lapias maistas kat\u0117ms su jautiena - anivet.lt<\/title>\n<meta name=\"description\" content=\"Visavertis dr\u0117gnas pa\u0161aras, skirtas suaugusioms kat\u0117ms, pagamintas i\u0161 auk\u0161\u010diausios kokyb\u0117s ingredient\u0173. \u0160is pa\u0161aras be gr\u016bd\u0173 ir glitimo yra lengvai vir\u0161kinamas bei praturtintas vertingais priedais, palaikan\u010diais j\u016bs\u0173 augintinio sveikat\u0105.\" \/>\n<meta name=\"robots\" content=\"index, follow, max-snippet:-1, max-image-preview:large, max-video-preview:-1\" \/>\n<link rel=\"canonical\" href=\"https:\/\/anivet.lt\/elparduotuve\/produktas\/calibra-cat-life-adult-beef-slapias-maistas-katems\/\" \/>\n<meta property=\"og:locale\" content=\"lt_LT\" \/>\n<meta property=\"og:type\" content=\"article\" \/>\n<meta property=\"og:title\" content=\"Calibra Cat Life Adult Beef \u0161lapias maistas kat\u0117ms su jautiena\" \/>\n<meta property=\"og:description\" content=\"Visavertis dr\u0117gnas pa\u0161aras, skirtas suaugusioms kat\u0117ms, pagamintas i\u0161 auk\u0161\u010diausios kokyb\u0117s ingredient\u0173. \u0160is pa\u0161aras be gr\u016bd\u0173 ir glitimo yra lengvai vir\u0161kinamas bei praturtintas vertingais priedais, palaikan\u010diais j\u016bs\u0173 augintinio sveikat\u0105.\" \/>\n<meta property=\"og:url\" content=\"https:\/\/anivet.lt\/elparduotuve\/produktas\/calibra-cat-life-adult-beef-slapias-maistas-katems\/\" \/>\n<meta property=\"og:site_name\" content=\"anivet.lt\" \/>\n<meta property=\"article:modified_time\" content=\"2025-05-27T13:14:29+00:00\" \/>\n<meta property=\"og:image\" content=\"https:\/\/anivet.lt\/elparduotuve\/wp-content\/uploads\/2023\/07\/2092-calibra-life-cat-konzerva-200g-adult-beef.webp\" \/>\n\t<meta property=\"og:image:width\" content=\"1920\" \/>\n\t<meta property=\"og:image:height\" content=\"1920\" \/>\n\t<meta property=\"og:image:type\" content=\"image\/webp\" \/>\n<meta name=\"twitter:card\" content=\"summary_large_image\" \/>\n<meta name=\"twitter:label1\" content=\"Est. reading time\" \/>\n\t<meta name=\"twitter:data1\" content=\"1 minut\u0117\" \/>\n<script type=\"application\/ld+json\" class=\"yoast-schema-graph\">{\"@context\":\"https:\\\/\\\/schema.org\",\"@graph\":[{\"@type\":\"WebPage\",\"@id\":\"https:\\\/\\\/anivet.lt\\\/elparduotuve\\\/produktas\\\/calibra-cat-life-adult-beef-slapias-maistas-katems\\\/\",\"url\":\"https:\\\/\\\/anivet.lt\\\/elparduotuve\\\/produktas\\\/calibra-cat-life-adult-beef-slapias-maistas-katems\\\/\",\"name\":\"Calibra Cat Life Adult Beef \u0161lapias maistas kat\u0117ms su jautiena - anivet.lt\",\"isPartOf\":{\"@id\":\"https:\\\/\\\/anivet.lt\\\/elparduotuve\\\/#website\"},\"primaryImageOfPage\":{\"@id\":\"https:\\\/\\\/anivet.lt\\\/elparduotuve\\\/produktas\\\/calibra-cat-life-adult-beef-slapias-maistas-katems\\\/#primaryimage\"},\"image\":{\"@id\":\"https:\\\/\\\/anivet.lt\\\/elparduotuve\\\/produktas\\\/calibra-cat-life-adult-beef-slapias-maistas-katems\\\/#primaryimage\"},\"thumbnailUrl\":\"https:\\\/\\\/anivet.lt\\\/elparduotuve\\\/wp-content\\\/uploads\\\/2023\\\/07\\\/2092-calibra-life-cat-konzerva-200g-adult-beef.webp\",\"datePublished\":\"2023-07-26T09:46:53+00:00\",\"dateModified\":\"2025-05-27T13:14:29+00:00\",\"description\":\"Visavertis dr\u0117gnas pa\u0161aras, skirtas suaugusioms kat\u0117ms, pagamintas i\u0161 auk\u0161\u010diausios kokyb\u0117s ingredient\u0173. \u0160is pa\u0161aras be gr\u016bd\u0173 ir glitimo yra lengvai vir\u0161kinamas bei praturtintas vertingais priedais, palaikan\u010diais j\u016bs\u0173 augintinio sveikat\u0105.\",\"breadcrumb\":{\"@id\":\"https:\\\/\\\/anivet.lt\\\/elparduotuve\\\/produktas\\\/calibra-cat-life-adult-beef-slapias-maistas-katems\\\/#breadcrumb\"},\"inLanguage\":\"lt-LT\",\"potentialAction\":[{\"@type\":\"ReadAction\",\"target\":[\"https:\\\/\\\/anivet.lt\\\/elparduotuve\\\/produktas\\\/calibra-cat-life-adult-beef-slapias-maistas-katems\\\/\"]}]},{\"@type\":\"ImageObject\",\"inLanguage\":\"lt-LT\",\"@id\":\"https:\\\/\\\/anivet.lt\\\/elparduotuve\\\/produktas\\\/calibra-cat-life-adult-beef-slapias-maistas-katems\\\/#primaryimage\",\"url\":\"https:\\\/\\\/anivet.lt\\\/elparduotuve\\\/wp-content\\\/uploads\\\/2023\\\/07\\\/2092-calibra-life-cat-konzerva-200g-adult-beef.webp\",\"contentUrl\":\"https:\\\/\\\/anivet.lt\\\/elparduotuve\\\/wp-content\\\/uploads\\\/2023\\\/07\\\/2092-calibra-life-cat-konzerva-200g-adult-beef.webp\",\"width\":1920,\"height\":1920,\"caption\":\"Calibra Cat Life Adult Beef \u0161lapias maistas kat\u0117ms su jautiena\"},{\"@type\":\"BreadcrumbList\",\"@id\":\"https:\\\/\\\/anivet.lt\\\/elparduotuve\\\/produktas\\\/calibra-cat-life-adult-beef-slapias-maistas-katems\\\/#breadcrumb\",\"itemListElement\":[{\"@type\":\"ListItem\",\"position\":1,\"name\":\"Home\",\"item\":\"https:\\\/\\\/anivet.lt\\\/elparduotuve\\\/\"},{\"@type\":\"ListItem\",\"position\":2,\"name\":\"Produktai\",\"item\":\"https:\\\/\\\/anivet.lt\\\/elparduotuve\\\/produktai\\\/\"},{\"@type\":\"ListItem\",\"position\":3,\"name\":\"Calibra Cat Life Adult Beef \u0161lapias maistas kat\u0117ms su jautiena\"}]},{\"@type\":\"WebSite\",\"@id\":\"https:\\\/\\\/anivet.lt\\\/elparduotuve\\\/#website\",\"url\":\"https:\\\/\\\/anivet.lt\\\/elparduotuve\\\/\",\"name\":\"anivet.lt\",\"description\":\"Viskas J\u016bs\u0173 \u0161uns, kat\u0117s prie\u017ei\u016brai\",\"publisher\":{\"@id\":\"https:\\\/\\\/anivet.lt\\\/elparduotuve\\\/#organization\"},\"alternateName\":\"Viskas J\u016bs\u0173 \u0161uns, kat\u0117s prie\u017ei\u016brai\",\"potentialAction\":[{\"@type\":\"SearchAction\",\"target\":{\"@type\":\"EntryPoint\",\"urlTemplate\":\"https:\\\/\\\/anivet.lt\\\/elparduotuve\\\/?s={search_term_string}\"},\"query-input\":{\"@type\":\"PropertyValueSpecification\",\"valueRequired\":true,\"valueName\":\"search_term_string\"}}],\"inLanguage\":\"lt-LT\"},{\"@type\":\"Organization\",\"@id\":\"https:\\\/\\\/anivet.lt\\\/elparduotuve\\\/#organization\",\"name\":\"Viskas J\u016bs\u0173 \u0161uns, kat\u0117s prie\u017ei\u016brai\",\"url\":\"https:\\\/\\\/anivet.lt\\\/elparduotuve\\\/\",\"logo\":{\"@type\":\"ImageObject\",\"inLanguage\":\"lt-LT\",\"@id\":\"https:\\\/\\\/anivet.lt\\\/elparduotuve\\\/#\\\/schema\\\/logo\\\/image\\\/\",\"url\":\"https:\\\/\\\/anivet.lt\\\/elparduotuve\\\/wp-content\\\/uploads\\\/2023\\\/06\\\/logo2.jpg\",\"contentUrl\":\"https:\\\/\\\/anivet.lt\\\/elparduotuve\\\/wp-content\\\/uploads\\\/2023\\\/06\\\/logo2.jpg\",\"width\":655,\"height\":194,\"caption\":\"Viskas J\u016bs\u0173 \u0161uns, kat\u0117s prie\u017ei\u016brai\"},\"image\":{\"@id\":\"https:\\\/\\\/anivet.lt\\\/elparduotuve\\\/#\\\/schema\\\/logo\\\/image\\\/\"}}]}<\/script>\n<!-- \/ Yoast SEO Premium plugin. -->","yoast_head_json":{"title":"Calibra Cat Life Adult Beef \u0161lapias maistas kat\u0117ms su jautiena - anivet.lt","description":"Visavertis dr\u0117gnas pa\u0161aras, skirtas suaugusioms kat\u0117ms, pagamintas i\u0161 auk\u0161\u010diausios kokyb\u0117s ingredient\u0173. \u0160is pa\u0161aras be gr\u016bd\u0173 ir glitimo yra lengvai vir\u0161kinamas bei praturtintas vertingais priedais, palaikan\u010diais j\u016bs\u0173 augintinio sveikat\u0105.","robots":{"index":"index","follow":"follow","max-snippet":"max-snippet:-1","max-image-preview":"max-image-preview:large","max-video-preview":"max-video-preview:-1"},"canonical":"https:\/\/anivet.lt\/elparduotuve\/produktas\/calibra-cat-life-adult-beef-slapias-maistas-katems\/","og_locale":"lt_LT","og_type":"article","og_title":"Calibra Cat Life Adult Beef \u0161lapias maistas kat\u0117ms su jautiena","og_description":"Visavertis dr\u0117gnas pa\u0161aras, skirtas suaugusioms kat\u0117ms, pagamintas i\u0161 auk\u0161\u010diausios kokyb\u0117s ingredient\u0173. \u0160is pa\u0161aras be gr\u016bd\u0173 ir glitimo yra lengvai vir\u0161kinamas bei praturtintas vertingais priedais, palaikan\u010diais j\u016bs\u0173 augintinio sveikat\u0105.","og_url":"https:\/\/anivet.lt\/elparduotuve\/produktas\/calibra-cat-life-adult-beef-slapias-maistas-katems\/","og_site_name":"anivet.lt","article_modified_time":"2025-05-27T13:14:29+00:00","og_image":[{"width":1920,"height":1920,"url":"https:\/\/anivet.lt\/elparduotuve\/wp-content\/uploads\/2023\/07\/2092-calibra-life-cat-konzerva-200g-adult-beef.webp","type":"image\/webp"}],"twitter_card":"summary_large_image","twitter_misc":{"Est. reading time":"1 minut\u0117"},"schema":{"@context":"https:\/\/schema.org","@graph":[{"@type":"WebPage","@id":"https:\/\/anivet.lt\/elparduotuve\/produktas\/calibra-cat-life-adult-beef-slapias-maistas-katems\/","url":"https:\/\/anivet.lt\/elparduotuve\/produktas\/calibra-cat-life-adult-beef-slapias-maistas-katems\/","name":"Calibra Cat Life Adult Beef \u0161lapias maistas kat\u0117ms su jautiena - anivet.lt","isPartOf":{"@id":"https:\/\/anivet.lt\/elparduotuve\/#website"},"primaryImageOfPage":{"@id":"https:\/\/anivet.lt\/elparduotuve\/produktas\/calibra-cat-life-adult-beef-slapias-maistas-katems\/#primaryimage"},"image":{"@id":"https:\/\/anivet.lt\/elparduotuve\/produktas\/calibra-cat-life-adult-beef-slapias-maistas-katems\/#primaryimage"},"thumbnailUrl":"https:\/\/anivet.lt\/elparduotuve\/wp-content\/uploads\/2023\/07\/2092-calibra-life-cat-konzerva-200g-adult-beef.webp","datePublished":"2023-07-26T09:46:53+00:00","dateModified":"2025-05-27T13:14:29+00:00","description":"Visavertis dr\u0117gnas pa\u0161aras, skirtas suaugusioms kat\u0117ms, pagamintas i\u0161 auk\u0161\u010diausios kokyb\u0117s ingredient\u0173. \u0160is pa\u0161aras be gr\u016bd\u0173 ir glitimo yra lengvai vir\u0161kinamas bei praturtintas vertingais priedais, palaikan\u010diais j\u016bs\u0173 augintinio sveikat\u0105.","breadcrumb":{"@id":"https:\/\/anivet.lt\/elparduotuve\/produktas\/calibra-cat-life-adult-beef-slapias-maistas-katems\/#breadcrumb"},"inLanguage":"lt-LT","potentialAction":[{"@type":"ReadAction","target":["https:\/\/anivet.lt\/elparduotuve\/produktas\/calibra-cat-life-adult-beef-slapias-maistas-katems\/"]}]},{"@type":"ImageObject","inLanguage":"lt-LT","@id":"https:\/\/anivet.lt\/elparduotuve\/produktas\/calibra-cat-life-adult-beef-slapias-maistas-katems\/#primaryimage","url":"https:\/\/anivet.lt\/elparduotuve\/wp-content\/uploads\/2023\/07\/2092-calibra-life-cat-konzerva-200g-adult-beef.webp","contentUrl":"https:\/\/anivet.lt\/elparduotuve\/wp-content\/uploads\/2023\/07\/2092-calibra-life-cat-konzerva-200g-adult-beef.webp","width":1920,"height":1920,"caption":"Calibra Cat Life Adult Beef \u0161lapias maistas kat\u0117ms su jautiena"},{"@type":"BreadcrumbList","@id":"https:\/\/anivet.lt\/elparduotuve\/produktas\/calibra-cat-life-adult-beef-slapias-maistas-katems\/#breadcrumb","itemListElement":[{"@type":"ListItem","position":1,"name":"Home","item":"https:\/\/anivet.lt\/elparduotuve\/"},{"@type":"ListItem","position":2,"name":"Produktai","item":"https:\/\/anivet.lt\/elparduotuve\/produktai\/"},{"@type":"ListItem","position":3,"name":"Calibra Cat Life Adult Beef \u0161lapias maistas kat\u0117ms su jautiena"}]},{"@type":"WebSite","@id":"https:\/\/anivet.lt\/elparduotuve\/#website","url":"https:\/\/anivet.lt\/elparduotuve\/","name":"anivet.lt","description":"Viskas J\u016bs\u0173 \u0161uns, kat\u0117s prie\u017ei\u016brai","publisher":{"@id":"https:\/\/anivet.lt\/elparduotuve\/#organization"},"alternateName":"Viskas J\u016bs\u0173 \u0161uns, kat\u0117s prie\u017ei\u016brai","potentialAction":[{"@type":"SearchAction","target":{"@type":"EntryPoint","urlTemplate":"https:\/\/anivet.lt\/elparduotuve\/?s={search_term_string}"},"query-input":{"@type":"PropertyValueSpecification","valueRequired":true,"valueName":"search_term_string"}}],"inLanguage":"lt-LT"},{"@type":"Organization","@id":"https:\/\/anivet.lt\/elparduotuve\/#organization","name":"Viskas J\u016bs\u0173 \u0161uns, kat\u0117s prie\u017ei\u016brai","url":"https:\/\/anivet.lt\/elparduotuve\/","logo":{"@type":"ImageObject","inLanguage":"lt-LT","@id":"https:\/\/anivet.lt\/elparduotuve\/#\/schema\/logo\/image\/","url":"https:\/\/anivet.lt\/elparduotuve\/wp-content\/uploads\/2023\/06\/logo2.jpg","contentUrl":"https:\/\/anivet.lt\/elparduotuve\/wp-content\/uploads\/2023\/06\/logo2.jpg","width":655,"height":194,"caption":"Viskas J\u016bs\u0173 \u0161uns, kat\u0117s prie\u017ei\u016brai"},"image":{"@id":"https:\/\/anivet.lt\/elparduotuve\/#\/schema\/logo\/image\/"}}]}},"_links":{"self":[{"href":"https:\/\/anivet.lt\/elparduotuve\/wp-json\/wp\/v2\/product\/10714","targetHints":{"allow":["GET"]}}],"collection":[{"href":"https:\/\/anivet.lt\/elparduotuve\/wp-json\/wp\/v2\/product"}],"about":[{"href":"https:\/\/anivet.lt\/elparduotuve\/wp-json\/wp\/v2\/types\/product"}],"wp:featuredmedia":[{"embeddable":true,"href":"https:\/\/anivet.lt\/elparduotuve\/wp-json\/wp\/v2\/media\/10717"}],"wp:attachment":[{"href":"https:\/\/anivet.lt\/elparduotuve\/wp-json\/wp\/v2\/media?parent=10714"}],"wp:term":[{"taxonomy":"product_brand","embeddable":true,"href":"https:\/\/anivet.lt\/elparduotuve\/wp-json\/wp\/v2\/product_brand?post=10714"},{"taxonomy":"product_cat","embeddable":true,"href":"https:\/\/anivet.lt\/elparduotuve\/wp-json\/wp\/v2\/product_cat?post=10714"},{"taxonomy":"product_tag","embeddable":true,"href":"https:\/\/anivet.lt\/elparduotuve\/wp-json\/wp\/v2\/product_tag?post=10714"}],"curies":[{"name":"wp","href":"https:\/\/api.w.org\/{rel}","templated":true}]}}