{"id":10715,"date":"2023-07-26T10:07:38","date_gmt":"2023-07-26T10:07:38","guid":{"rendered":"https:\/\/anivet.lt\/elparduotuve\/?post_type=product&#038;p=10715"},"modified":"2026-01-08T17:34:32","modified_gmt":"2026-01-08T17:34:32","slug":"calibra-dog-life-junior-medium-breed-chicken-sausas-pasaras-su-vistiena-jauniems-vidutiniu-veisliu-sunims","status":"publish","type":"product","link":"https:\/\/anivet.lt\/elparduotuve\/produktas\/calibra-dog-life-junior-medium-breed-chicken-sausas-pasaras-su-vistiena-jauniems-vidutiniu-veisliu-sunims\/","title":{"rendered":"Calibra Dog Life Junior Medium Breed Chicken sausas pa\u0161aras su vi\u0161tiena jauniems, vidutini\u0173 veisli\u0173 \u0161unims"},"content":{"rendered":"<ul>\n<li style=\"font-weight: 400;\" aria-level=\"1\"><span style=\"font-weight: 400;\">Auk\u0161tos kokyb\u0117s baltymai: 85 % baltym\u0173 i\u0161 gyv\u016bnin\u0117s kilm\u0117s ingredient\u0173 suteikia pa\u0161arui didel\u0119 maistin\u0119 vert\u0119.<\/span><\/li>\n<li style=\"font-weight: 400;\" aria-level=\"1\"><span style=\"font-weight: 400;\">Lengvai vir\u0161kinamas: Vi\u0161tienos baltymai ir ry\u017eiai u\u017etikrina puik\u0173 vir\u0161kinim\u0105 ir energijos tiekim\u0105.<\/span><\/li>\n<li style=\"font-weight: 400;\" aria-level=\"1\"><span style=\"font-weight: 400;\">Odos ir kailio sveikatai: La\u0161i\u0161\u0173 aliejus suteikia omega-3 riebal\u0173 r\u016bg\u0161\u010di\u0173, gerinan\u010di\u0173 odos b\u016bkl\u0119 ir kailio blizges\u012f.<\/span><\/li>\n<li style=\"font-weight: 400;\" aria-level=\"1\"><span style=\"font-weight: 400;\">Imunin\u0117s sistemos stiprinimas: Vitaminai ir chelatiniai mineralai palaiko stipri\u0105 imunin\u0119 sistem\u0105.<\/span><\/li>\n<li style=\"font-weight: 400;\" aria-level=\"1\"><span style=\"font-weight: 400;\">\u017darnyno mikrofloros palaikymas: Prebiotikai ir inaktyvuotos laktobacilos padeda palaikyti sveik\u0105 vir\u0161kinimo sistem\u0105.<\/span><\/li>\n<\/ul>\n<p><span style=\"font-weight: 400;\">\u0160is pa\u0161aras ne tik patenkina augan\u010di\u0173 \u0161uniuk\u0173 mitybos poreikius, bet ir padeda u\u017etikrinti j\u0173 ger\u0105 sveikat\u0105 bei energij\u0105 aktyviam gyvenimui. D\u0117l hipoalergin\u0117s formul\u0117s ir kokybi\u0161k\u0173 ingredient\u0173 jis idealiai tinka net jautriems \u0161uniukams. <\/span><\/p>\n","protected":false},"excerpt":{"rendered":"<p><span style=\"font-weight: 400;\">Sukurtas specialiai jauniems, vidutini\u0173 veisli\u0173 \u0161unims nuo 3 iki 15 m\u0117nesi\u0173. \u0160is pa\u0161aras padeda u\u017etikrinti tinkam\u0105 augim\u0105 ir vystym\u0105si, atsi\u017evelgiant \u012f specifinius augan\u010dio \u0161uniuko poreikius. Pa\u0161aras hipoalerginis, tod\u0117l tinka net jautriems \u0161unims.<\/span><\/p>\n","protected":false},"featured_media":10718,"template":"","meta":[],"product_brand":[],"product_cat":[101,103,104,332],"product_tag":[],"class_list":{"0":"post-10715","1":"product","2":"type-product","3":"status-publish","4":"has-post-thumbnail","6":"product_cat-sunims","7":"product_cat-sunu-maistas","8":"product_cat-sausas-maistas","9":"product_cat-calibra-sunu-maistas","10":"pa_prekinis-zenklas-calibra","12":"first","13":"outofstock","14":"taxable","15":"shipping-taxable","16":"purchasable","17":"product-type-variable"},"yoast_head":"<!-- This site is optimized with the Yoast SEO Premium plugin v27.1 (Yoast SEO v27.5) - https:\/\/yoast.com\/product\/yoast-seo-premium-wordpress\/ -->\n<title>Calibra Dog Life Junior Medium Breed Chicken sausas pa\u0161aras su vi\u0161tiena jauniems, vidutini\u0173 veisli\u0173 \u0161unims - anivet.lt<\/title>\n<meta name=\"description\" content=\"Sukurtas specialiai jauniems, vidutini\u0173 veisli\u0173 \u0161unims nuo 3 iki 15 m\u0117nesi\u0173. \u0160is pa\u0161aras padeda u\u017etikrinti tinkam\u0105 augim\u0105 ir vystym\u0105si, atsi\u017evelgiant \u012f specifinius augan\u010dio \u0161uniuko poreikius. Pa\u0161aras hipoalerginis, tod\u0117l tinka net jautriems \u0161unims.\" \/>\n<meta name=\"robots\" content=\"index, follow, max-snippet:-1, max-image-preview:large, max-video-preview:-1\" \/>\n<link rel=\"canonical\" href=\"https:\/\/anivet.lt\/elparduotuve\/produktas\/calibra-dog-life-junior-medium-breed-chicken-sausas-pasaras-su-vistiena-jauniems-vidutiniu-veisliu-sunims\/\" \/>\n<meta property=\"og:locale\" content=\"lt_LT\" \/>\n<meta property=\"og:type\" content=\"article\" \/>\n<meta property=\"og:title\" content=\"Calibra Dog Life Junior Medium Breed Chicken sausas pa\u0161aras su vi\u0161tiena jauniems, vidutini\u0173 veisli\u0173 \u0161unims\" \/>\n<meta property=\"og:description\" content=\"Sukurtas specialiai jauniems, vidutini\u0173 veisli\u0173 \u0161unims nuo 3 iki 15 m\u0117nesi\u0173. \u0160is pa\u0161aras padeda u\u017etikrinti tinkam\u0105 augim\u0105 ir vystym\u0105si, atsi\u017evelgiant \u012f specifinius augan\u010dio \u0161uniuko poreikius. Pa\u0161aras hipoalerginis, tod\u0117l tinka net jautriems \u0161unims.\" \/>\n<meta property=\"og:url\" content=\"https:\/\/anivet.lt\/elparduotuve\/produktas\/calibra-dog-life-junior-medium-breed-chicken-sausas-pasaras-su-vistiena-jauniems-vidutiniu-veisliu-sunims\/\" \/>\n<meta property=\"og:site_name\" content=\"anivet.lt\" \/>\n<meta property=\"article:modified_time\" content=\"2026-01-08T17:34:32+00:00\" \/>\n<meta property=\"og:image\" content=\"https:\/\/anivet.lt\/elparduotuve\/wp-content\/uploads\/2023\/07\/360-calibra-dog-life-junior-medium-chicken.webp\" \/>\n\t<meta property=\"og:image:width\" content=\"1920\" \/>\n\t<meta property=\"og:image:height\" content=\"1920\" \/>\n\t<meta property=\"og:image:type\" content=\"image\/webp\" \/>\n<meta name=\"twitter:card\" content=\"summary_large_image\" \/>\n<meta name=\"twitter:label1\" content=\"Est. reading time\" \/>\n\t<meta name=\"twitter:data1\" content=\"1 minut\u0117\" \/>\n<script type=\"application\/ld+json\" class=\"yoast-schema-graph\">{\"@context\":\"https:\\\/\\\/schema.org\",\"@graph\":[{\"@type\":\"WebPage\",\"@id\":\"https:\\\/\\\/anivet.lt\\\/elparduotuve\\\/produktas\\\/calibra-dog-life-junior-medium-breed-chicken-sausas-pasaras-su-vistiena-jauniems-vidutiniu-veisliu-sunims\\\/\",\"url\":\"https:\\\/\\\/anivet.lt\\\/elparduotuve\\\/produktas\\\/calibra-dog-life-junior-medium-breed-chicken-sausas-pasaras-su-vistiena-jauniems-vidutiniu-veisliu-sunims\\\/\",\"name\":\"Calibra Dog Life Junior Medium Breed Chicken sausas pa\u0161aras su vi\u0161tiena jauniems, vidutini\u0173 veisli\u0173 \u0161unims - anivet.lt\",\"isPartOf\":{\"@id\":\"https:\\\/\\\/anivet.lt\\\/elparduotuve\\\/#website\"},\"primaryImageOfPage\":{\"@id\":\"https:\\\/\\\/anivet.lt\\\/elparduotuve\\\/produktas\\\/calibra-dog-life-junior-medium-breed-chicken-sausas-pasaras-su-vistiena-jauniems-vidutiniu-veisliu-sunims\\\/#primaryimage\"},\"image\":{\"@id\":\"https:\\\/\\\/anivet.lt\\\/elparduotuve\\\/produktas\\\/calibra-dog-life-junior-medium-breed-chicken-sausas-pasaras-su-vistiena-jauniems-vidutiniu-veisliu-sunims\\\/#primaryimage\"},\"thumbnailUrl\":\"https:\\\/\\\/anivet.lt\\\/elparduotuve\\\/wp-content\\\/uploads\\\/2023\\\/07\\\/360-calibra-dog-life-junior-medium-chicken.webp\",\"datePublished\":\"2023-07-26T10:07:38+00:00\",\"dateModified\":\"2026-01-08T17:34:32+00:00\",\"description\":\"Sukurtas specialiai jauniems, vidutini\u0173 veisli\u0173 \u0161unims nuo 3 iki 15 m\u0117nesi\u0173. \u0160is pa\u0161aras padeda u\u017etikrinti tinkam\u0105 augim\u0105 ir vystym\u0105si, atsi\u017evelgiant \u012f specifinius augan\u010dio \u0161uniuko poreikius. Pa\u0161aras hipoalerginis, tod\u0117l tinka net jautriems \u0161unims.\",\"breadcrumb\":{\"@id\":\"https:\\\/\\\/anivet.lt\\\/elparduotuve\\\/produktas\\\/calibra-dog-life-junior-medium-breed-chicken-sausas-pasaras-su-vistiena-jauniems-vidutiniu-veisliu-sunims\\\/#breadcrumb\"},\"inLanguage\":\"lt-LT\",\"potentialAction\":[{\"@type\":\"ReadAction\",\"target\":[\"https:\\\/\\\/anivet.lt\\\/elparduotuve\\\/produktas\\\/calibra-dog-life-junior-medium-breed-chicken-sausas-pasaras-su-vistiena-jauniems-vidutiniu-veisliu-sunims\\\/\"]}]},{\"@type\":\"ImageObject\",\"inLanguage\":\"lt-LT\",\"@id\":\"https:\\\/\\\/anivet.lt\\\/elparduotuve\\\/produktas\\\/calibra-dog-life-junior-medium-breed-chicken-sausas-pasaras-su-vistiena-jauniems-vidutiniu-veisliu-sunims\\\/#primaryimage\",\"url\":\"https:\\\/\\\/anivet.lt\\\/elparduotuve\\\/wp-content\\\/uploads\\\/2023\\\/07\\\/360-calibra-dog-life-junior-medium-chicken.webp\",\"contentUrl\":\"https:\\\/\\\/anivet.lt\\\/elparduotuve\\\/wp-content\\\/uploads\\\/2023\\\/07\\\/360-calibra-dog-life-junior-medium-chicken.webp\",\"width\":1920,\"height\":1920,\"caption\":\"Calibra Dog Life Junior Medium Breed Chicken sausas pa\u0161aras su vi\u0161tiena jauniems, vidutini\u0173 veisli\u0173 \u0161unims\"},{\"@type\":\"BreadcrumbList\",\"@id\":\"https:\\\/\\\/anivet.lt\\\/elparduotuve\\\/produktas\\\/calibra-dog-life-junior-medium-breed-chicken-sausas-pasaras-su-vistiena-jauniems-vidutiniu-veisliu-sunims\\\/#breadcrumb\",\"itemListElement\":[{\"@type\":\"ListItem\",\"position\":1,\"name\":\"Home\",\"item\":\"https:\\\/\\\/anivet.lt\\\/elparduotuve\\\/\"},{\"@type\":\"ListItem\",\"position\":2,\"name\":\"Produktai\",\"item\":\"https:\\\/\\\/anivet.lt\\\/elparduotuve\\\/produktai\\\/\"},{\"@type\":\"ListItem\",\"position\":3,\"name\":\"Calibra Dog Life Junior Medium Breed Chicken sausas pa\u0161aras su vi\u0161tiena jauniems, vidutini\u0173 veisli\u0173 \u0161unims\"}]},{\"@type\":\"WebSite\",\"@id\":\"https:\\\/\\\/anivet.lt\\\/elparduotuve\\\/#website\",\"url\":\"https:\\\/\\\/anivet.lt\\\/elparduotuve\\\/\",\"name\":\"anivet.lt\",\"description\":\"Viskas J\u016bs\u0173 \u0161uns, kat\u0117s prie\u017ei\u016brai\",\"publisher\":{\"@id\":\"https:\\\/\\\/anivet.lt\\\/elparduotuve\\\/#organization\"},\"alternateName\":\"Viskas J\u016bs\u0173 \u0161uns, kat\u0117s prie\u017ei\u016brai\",\"potentialAction\":[{\"@type\":\"SearchAction\",\"target\":{\"@type\":\"EntryPoint\",\"urlTemplate\":\"https:\\\/\\\/anivet.lt\\\/elparduotuve\\\/?s={search_term_string}\"},\"query-input\":{\"@type\":\"PropertyValueSpecification\",\"valueRequired\":true,\"valueName\":\"search_term_string\"}}],\"inLanguage\":\"lt-LT\"},{\"@type\":\"Organization\",\"@id\":\"https:\\\/\\\/anivet.lt\\\/elparduotuve\\\/#organization\",\"name\":\"Viskas J\u016bs\u0173 \u0161uns, kat\u0117s prie\u017ei\u016brai\",\"url\":\"https:\\\/\\\/anivet.lt\\\/elparduotuve\\\/\",\"logo\":{\"@type\":\"ImageObject\",\"inLanguage\":\"lt-LT\",\"@id\":\"https:\\\/\\\/anivet.lt\\\/elparduotuve\\\/#\\\/schema\\\/logo\\\/image\\\/\",\"url\":\"https:\\\/\\\/anivet.lt\\\/elparduotuve\\\/wp-content\\\/uploads\\\/2023\\\/06\\\/logo2.jpg\",\"contentUrl\":\"https:\\\/\\\/anivet.lt\\\/elparduotuve\\\/wp-content\\\/uploads\\\/2023\\\/06\\\/logo2.jpg\",\"width\":655,\"height\":194,\"caption\":\"Viskas J\u016bs\u0173 \u0161uns, kat\u0117s prie\u017ei\u016brai\"},\"image\":{\"@id\":\"https:\\\/\\\/anivet.lt\\\/elparduotuve\\\/#\\\/schema\\\/logo\\\/image\\\/\"}}]}<\/script>\n<!-- \/ Yoast SEO Premium plugin. -->","yoast_head_json":{"title":"Calibra Dog Life Junior Medium Breed Chicken sausas pa\u0161aras su vi\u0161tiena jauniems, vidutini\u0173 veisli\u0173 \u0161unims - anivet.lt","description":"Sukurtas specialiai jauniems, vidutini\u0173 veisli\u0173 \u0161unims nuo 3 iki 15 m\u0117nesi\u0173. \u0160is pa\u0161aras padeda u\u017etikrinti tinkam\u0105 augim\u0105 ir vystym\u0105si, atsi\u017evelgiant \u012f specifinius augan\u010dio \u0161uniuko poreikius. Pa\u0161aras hipoalerginis, tod\u0117l tinka net jautriems \u0161unims.","robots":{"index":"index","follow":"follow","max-snippet":"max-snippet:-1","max-image-preview":"max-image-preview:large","max-video-preview":"max-video-preview:-1"},"canonical":"https:\/\/anivet.lt\/elparduotuve\/produktas\/calibra-dog-life-junior-medium-breed-chicken-sausas-pasaras-su-vistiena-jauniems-vidutiniu-veisliu-sunims\/","og_locale":"lt_LT","og_type":"article","og_title":"Calibra Dog Life Junior Medium Breed Chicken sausas pa\u0161aras su vi\u0161tiena jauniems, vidutini\u0173 veisli\u0173 \u0161unims","og_description":"Sukurtas specialiai jauniems, vidutini\u0173 veisli\u0173 \u0161unims nuo 3 iki 15 m\u0117nesi\u0173. \u0160is pa\u0161aras padeda u\u017etikrinti tinkam\u0105 augim\u0105 ir vystym\u0105si, atsi\u017evelgiant \u012f specifinius augan\u010dio \u0161uniuko poreikius. Pa\u0161aras hipoalerginis, tod\u0117l tinka net jautriems \u0161unims.","og_url":"https:\/\/anivet.lt\/elparduotuve\/produktas\/calibra-dog-life-junior-medium-breed-chicken-sausas-pasaras-su-vistiena-jauniems-vidutiniu-veisliu-sunims\/","og_site_name":"anivet.lt","article_modified_time":"2026-01-08T17:34:32+00:00","og_image":[{"width":1920,"height":1920,"url":"https:\/\/anivet.lt\/elparduotuve\/wp-content\/uploads\/2023\/07\/360-calibra-dog-life-junior-medium-chicken.webp","type":"image\/webp"}],"twitter_card":"summary_large_image","twitter_misc":{"Est. reading time":"1 minut\u0117"},"schema":{"@context":"https:\/\/schema.org","@graph":[{"@type":"WebPage","@id":"https:\/\/anivet.lt\/elparduotuve\/produktas\/calibra-dog-life-junior-medium-breed-chicken-sausas-pasaras-su-vistiena-jauniems-vidutiniu-veisliu-sunims\/","url":"https:\/\/anivet.lt\/elparduotuve\/produktas\/calibra-dog-life-junior-medium-breed-chicken-sausas-pasaras-su-vistiena-jauniems-vidutiniu-veisliu-sunims\/","name":"Calibra Dog Life Junior Medium Breed Chicken sausas pa\u0161aras su vi\u0161tiena jauniems, vidutini\u0173 veisli\u0173 \u0161unims - anivet.lt","isPartOf":{"@id":"https:\/\/anivet.lt\/elparduotuve\/#website"},"primaryImageOfPage":{"@id":"https:\/\/anivet.lt\/elparduotuve\/produktas\/calibra-dog-life-junior-medium-breed-chicken-sausas-pasaras-su-vistiena-jauniems-vidutiniu-veisliu-sunims\/#primaryimage"},"image":{"@id":"https:\/\/anivet.lt\/elparduotuve\/produktas\/calibra-dog-life-junior-medium-breed-chicken-sausas-pasaras-su-vistiena-jauniems-vidutiniu-veisliu-sunims\/#primaryimage"},"thumbnailUrl":"https:\/\/anivet.lt\/elparduotuve\/wp-content\/uploads\/2023\/07\/360-calibra-dog-life-junior-medium-chicken.webp","datePublished":"2023-07-26T10:07:38+00:00","dateModified":"2026-01-08T17:34:32+00:00","description":"Sukurtas specialiai jauniems, vidutini\u0173 veisli\u0173 \u0161unims nuo 3 iki 15 m\u0117nesi\u0173. \u0160is pa\u0161aras padeda u\u017etikrinti tinkam\u0105 augim\u0105 ir vystym\u0105si, atsi\u017evelgiant \u012f specifinius augan\u010dio \u0161uniuko poreikius. Pa\u0161aras hipoalerginis, tod\u0117l tinka net jautriems \u0161unims.","breadcrumb":{"@id":"https:\/\/anivet.lt\/elparduotuve\/produktas\/calibra-dog-life-junior-medium-breed-chicken-sausas-pasaras-su-vistiena-jauniems-vidutiniu-veisliu-sunims\/#breadcrumb"},"inLanguage":"lt-LT","potentialAction":[{"@type":"ReadAction","target":["https:\/\/anivet.lt\/elparduotuve\/produktas\/calibra-dog-life-junior-medium-breed-chicken-sausas-pasaras-su-vistiena-jauniems-vidutiniu-veisliu-sunims\/"]}]},{"@type":"ImageObject","inLanguage":"lt-LT","@id":"https:\/\/anivet.lt\/elparduotuve\/produktas\/calibra-dog-life-junior-medium-breed-chicken-sausas-pasaras-su-vistiena-jauniems-vidutiniu-veisliu-sunims\/#primaryimage","url":"https:\/\/anivet.lt\/elparduotuve\/wp-content\/uploads\/2023\/07\/360-calibra-dog-life-junior-medium-chicken.webp","contentUrl":"https:\/\/anivet.lt\/elparduotuve\/wp-content\/uploads\/2023\/07\/360-calibra-dog-life-junior-medium-chicken.webp","width":1920,"height":1920,"caption":"Calibra Dog Life Junior Medium Breed Chicken sausas pa\u0161aras su vi\u0161tiena jauniems, vidutini\u0173 veisli\u0173 \u0161unims"},{"@type":"BreadcrumbList","@id":"https:\/\/anivet.lt\/elparduotuve\/produktas\/calibra-dog-life-junior-medium-breed-chicken-sausas-pasaras-su-vistiena-jauniems-vidutiniu-veisliu-sunims\/#breadcrumb","itemListElement":[{"@type":"ListItem","position":1,"name":"Home","item":"https:\/\/anivet.lt\/elparduotuve\/"},{"@type":"ListItem","position":2,"name":"Produktai","item":"https:\/\/anivet.lt\/elparduotuve\/produktai\/"},{"@type":"ListItem","position":3,"name":"Calibra Dog Life Junior Medium Breed Chicken sausas pa\u0161aras su vi\u0161tiena jauniems, vidutini\u0173 veisli\u0173 \u0161unims"}]},{"@type":"WebSite","@id":"https:\/\/anivet.lt\/elparduotuve\/#website","url":"https:\/\/anivet.lt\/elparduotuve\/","name":"anivet.lt","description":"Viskas J\u016bs\u0173 \u0161uns, kat\u0117s prie\u017ei\u016brai","publisher":{"@id":"https:\/\/anivet.lt\/elparduotuve\/#organization"},"alternateName":"Viskas J\u016bs\u0173 \u0161uns, kat\u0117s prie\u017ei\u016brai","potentialAction":[{"@type":"SearchAction","target":{"@type":"EntryPoint","urlTemplate":"https:\/\/anivet.lt\/elparduotuve\/?s={search_term_string}"},"query-input":{"@type":"PropertyValueSpecification","valueRequired":true,"valueName":"search_term_string"}}],"inLanguage":"lt-LT"},{"@type":"Organization","@id":"https:\/\/anivet.lt\/elparduotuve\/#organization","name":"Viskas J\u016bs\u0173 \u0161uns, kat\u0117s prie\u017ei\u016brai","url":"https:\/\/anivet.lt\/elparduotuve\/","logo":{"@type":"ImageObject","inLanguage":"lt-LT","@id":"https:\/\/anivet.lt\/elparduotuve\/#\/schema\/logo\/image\/","url":"https:\/\/anivet.lt\/elparduotuve\/wp-content\/uploads\/2023\/06\/logo2.jpg","contentUrl":"https:\/\/anivet.lt\/elparduotuve\/wp-content\/uploads\/2023\/06\/logo2.jpg","width":655,"height":194,"caption":"Viskas J\u016bs\u0173 \u0161uns, kat\u0117s prie\u017ei\u016brai"},"image":{"@id":"https:\/\/anivet.lt\/elparduotuve\/#\/schema\/logo\/image\/"}}]}},"_links":{"self":[{"href":"https:\/\/anivet.lt\/elparduotuve\/wp-json\/wp\/v2\/product\/10715","targetHints":{"allow":["GET"]}}],"collection":[{"href":"https:\/\/anivet.lt\/elparduotuve\/wp-json\/wp\/v2\/product"}],"about":[{"href":"https:\/\/anivet.lt\/elparduotuve\/wp-json\/wp\/v2\/types\/product"}],"wp:featuredmedia":[{"embeddable":true,"href":"https:\/\/anivet.lt\/elparduotuve\/wp-json\/wp\/v2\/media\/10718"}],"wp:attachment":[{"href":"https:\/\/anivet.lt\/elparduotuve\/wp-json\/wp\/v2\/media?parent=10715"}],"wp:term":[{"taxonomy":"product_brand","embeddable":true,"href":"https:\/\/anivet.lt\/elparduotuve\/wp-json\/wp\/v2\/product_brand?post=10715"},{"taxonomy":"product_cat","embeddable":true,"href":"https:\/\/anivet.lt\/elparduotuve\/wp-json\/wp\/v2\/product_cat?post=10715"},{"taxonomy":"product_tag","embeddable":true,"href":"https:\/\/anivet.lt\/elparduotuve\/wp-json\/wp\/v2\/product_tag?post=10715"}],"curies":[{"name":"wp","href":"https:\/\/api.w.org\/{rel}","templated":true}]}}