{"id":10725,"date":"2023-07-26T10:07:45","date_gmt":"2023-07-26T10:07:45","guid":{"rendered":"https:\/\/anivet.lt\/elparduotuve\/?post_type=product&#038;p=10725"},"modified":"2025-07-23T14:29:11","modified_gmt":"2025-07-23T14:29:11","slug":"calibra-cat-life-kitten-chicken-slapias-maistas-jauniems-kaciukams","status":"publish","type":"product","link":"https:\/\/anivet.lt\/elparduotuve\/produktas\/calibra-cat-life-kitten-chicken-slapias-maistas-jauniems-kaciukams\/","title":{"rendered":"Calibra Cat Life Kitten Chicken \u0161lapias maistas jauniems ka\u010diukams su vi\u0161tiena"},"content":{"rendered":"<ul>\n<li style=\"font-weight: 400;\" aria-level=\"1\"><span style=\"font-weight: 400;\">Auk\u0161tos kokyb\u0117s baltymai: Sud\u0117tyje 55% vi\u0161tienos ir 15% vi\u0161t\u0173 \u0161irdeli\u0173 \u2013 puikus lengvai vir\u0161kinam\u0173 baltym\u0173 \u0161altinis.<\/span><\/li>\n<li style=\"font-weight: 400;\" aria-level=\"1\"><span style=\"font-weight: 400;\">Omega-3 ir Omega-6: La\u0161i\u0161\u0173 aliejus ir d\u017eiovinti dumbliai (Schizochytrium limacinum) praturtina pa\u0161ar\u0105 riebal\u0173 r\u016bg\u0161timis, kurios palaiko smegen\u0173 veikl\u0105, odos ir kailio sveikat\u0105 bei turi prie\u0161u\u017edegimini\u0173 savybi\u0173.<\/span><\/li>\n<li style=\"font-weight: 400;\" aria-level=\"1\"><span style=\"font-weight: 400;\">Praturtintas taurinu: Taurinas (800 mg\/kg) yra b\u016btinas reg\u0117jimo ir \u0161irdies funkcijoms palaikyti.<\/span><\/li>\n<li style=\"font-weight: 400;\" aria-level=\"1\"><span style=\"font-weight: 400;\">Be gr\u016bd\u0173 ir glitimo: Lengvai vir\u0161kinama formul\u0117, tinkama jautresniems augintiniams.<\/span><\/li>\n<li style=\"font-weight: 400;\" aria-level=\"1\"><span style=\"font-weight: 400;\">Subalansuota sud\u0117tis: Tinkamai subalansuoti baltymai (10,5%), riebalai (6,5%) ir mikroelementai u\u017etikrina augan\u010di\u0173 ka\u010diuk\u0173 sveikat\u0105 ir energij\u0105.<\/span><\/li>\n<\/ul>\n<p><span style=\"font-weight: 400;\">\u0160is dr\u0117gnas maistas yra puikus pasirinkimas kasdienei jauno ka\u010diuko mitybai, u\u017etikrinantis optimal\u0173 augim\u0105, sveik\u0105 kail\u012f ir bendr\u0105 gerov\u0119. Tinka ir specialiems gyvenimo etapams, kai kat\u0117ms reikalinga ypatinga mityba.<\/span><\/p>\n","protected":false},"excerpt":{"rendered":"<p><span style=\"font-weight: 400;\">\u0160is visavertis konservuotas pa\u0161aras yra specialiai sukurtas jauniems ka\u010diukams, taip pat katingoms ir laktuojan\u010dioms kat\u0117ms. Sudarytas i\u0161 vieno baltym\u0173 \u0161altinio ir be gr\u016bd\u0173, pa\u0161aras yra lengvai vir\u0161kinamas ir pagamintas i\u0161 100% auk\u0161\u010diausios kokyb\u0117s ingredient\u0173.<\/span><\/p>\n","protected":false},"featured_media":10726,"template":"","meta":[],"product_brand":[],"product_cat":[114,102,116,339],"product_tag":[],"class_list":{"0":"post-10725","1":"product","2":"type-product","3":"status-publish","4":"has-post-thumbnail","6":"product_cat-kaciu-maistas","7":"product_cat-katems","8":"product_cat-konservai-katems","9":"product_cat-calibra-kaciu-maistas","10":"pa_prekinis-zenklas-calibra","12":"first","13":"instock","14":"taxable","15":"shipping-taxable","16":"purchasable","17":"product-type-simple"},"yoast_head":"<!-- This site is optimized with the Yoast SEO Premium plugin v27.1 (Yoast SEO v27.5) - https:\/\/yoast.com\/product\/yoast-seo-premium-wordpress\/ -->\n<title>Calibra Cat Life Kitten Chicken \u0161lapias maistas jauniems ka\u010diukams su vi\u0161tiena - anivet.lt<\/title>\n<meta name=\"description\" content=\"\u0160is visavertis konservuotas pa\u0161aras yra specialiai sukurtas jauniems ka\u010diukams, taip pat katingoms ir laktuojan\u010dioms kat\u0117ms. Sudarytas i\u0161 vieno baltym\u0173 \u0161altinio ir be gr\u016bd\u0173, pa\u0161aras yra lengvai vir\u0161kinamas ir pagamintas i\u0161 100% auk\u0161\u010diausios kokyb\u0117s ingredient\u0173.\" \/>\n<meta name=\"robots\" content=\"index, follow, max-snippet:-1, max-image-preview:large, max-video-preview:-1\" \/>\n<link rel=\"canonical\" href=\"https:\/\/anivet.lt\/elparduotuve\/produktas\/calibra-cat-life-kitten-chicken-slapias-maistas-jauniems-kaciukams\/\" \/>\n<meta property=\"og:locale\" content=\"lt_LT\" \/>\n<meta property=\"og:type\" content=\"article\" \/>\n<meta property=\"og:title\" content=\"Calibra Cat Life Kitten Chicken \u0161lapias maistas jauniems ka\u010diukams su vi\u0161tiena\" \/>\n<meta property=\"og:description\" content=\"\u0160is visavertis konservuotas pa\u0161aras yra specialiai sukurtas jauniems ka\u010diukams, taip pat katingoms ir laktuojan\u010dioms kat\u0117ms. Sudarytas i\u0161 vieno baltym\u0173 \u0161altinio ir be gr\u016bd\u0173, pa\u0161aras yra lengvai vir\u0161kinamas ir pagamintas i\u0161 100% auk\u0161\u010diausios kokyb\u0117s ingredient\u0173.\" \/>\n<meta property=\"og:url\" content=\"https:\/\/anivet.lt\/elparduotuve\/produktas\/calibra-cat-life-kitten-chicken-slapias-maistas-jauniems-kaciukams\/\" \/>\n<meta property=\"og:site_name\" content=\"anivet.lt\" \/>\n<meta property=\"article:modified_time\" content=\"2025-07-23T14:29:11+00:00\" \/>\n<meta property=\"og:image\" content=\"https:\/\/anivet.lt\/elparduotuve\/wp-content\/uploads\/2023\/07\/2084-calibra-life-cat-konzerva-200g-kitten-chicken.webp\" \/>\n\t<meta property=\"og:image:width\" content=\"1920\" \/>\n\t<meta property=\"og:image:height\" content=\"1920\" \/>\n\t<meta property=\"og:image:type\" content=\"image\/webp\" \/>\n<meta name=\"twitter:card\" content=\"summary_large_image\" \/>\n<meta name=\"twitter:label1\" content=\"Est. reading time\" \/>\n\t<meta name=\"twitter:data1\" content=\"1 minut\u0117\" \/>\n<script type=\"application\/ld+json\" class=\"yoast-schema-graph\">{\"@context\":\"https:\\\/\\\/schema.org\",\"@graph\":[{\"@type\":\"WebPage\",\"@id\":\"https:\\\/\\\/anivet.lt\\\/elparduotuve\\\/produktas\\\/calibra-cat-life-kitten-chicken-slapias-maistas-jauniems-kaciukams\\\/\",\"url\":\"https:\\\/\\\/anivet.lt\\\/elparduotuve\\\/produktas\\\/calibra-cat-life-kitten-chicken-slapias-maistas-jauniems-kaciukams\\\/\",\"name\":\"Calibra Cat Life Kitten Chicken \u0161lapias maistas jauniems ka\u010diukams su vi\u0161tiena - anivet.lt\",\"isPartOf\":{\"@id\":\"https:\\\/\\\/anivet.lt\\\/elparduotuve\\\/#website\"},\"primaryImageOfPage\":{\"@id\":\"https:\\\/\\\/anivet.lt\\\/elparduotuve\\\/produktas\\\/calibra-cat-life-kitten-chicken-slapias-maistas-jauniems-kaciukams\\\/#primaryimage\"},\"image\":{\"@id\":\"https:\\\/\\\/anivet.lt\\\/elparduotuve\\\/produktas\\\/calibra-cat-life-kitten-chicken-slapias-maistas-jauniems-kaciukams\\\/#primaryimage\"},\"thumbnailUrl\":\"https:\\\/\\\/anivet.lt\\\/elparduotuve\\\/wp-content\\\/uploads\\\/2023\\\/07\\\/2084-calibra-life-cat-konzerva-200g-kitten-chicken.webp\",\"datePublished\":\"2023-07-26T10:07:45+00:00\",\"dateModified\":\"2025-07-23T14:29:11+00:00\",\"description\":\"\u0160is visavertis konservuotas pa\u0161aras yra specialiai sukurtas jauniems ka\u010diukams, taip pat katingoms ir laktuojan\u010dioms kat\u0117ms. Sudarytas i\u0161 vieno baltym\u0173 \u0161altinio ir be gr\u016bd\u0173, pa\u0161aras yra lengvai vir\u0161kinamas ir pagamintas i\u0161 100% auk\u0161\u010diausios kokyb\u0117s ingredient\u0173.\",\"breadcrumb\":{\"@id\":\"https:\\\/\\\/anivet.lt\\\/elparduotuve\\\/produktas\\\/calibra-cat-life-kitten-chicken-slapias-maistas-jauniems-kaciukams\\\/#breadcrumb\"},\"inLanguage\":\"lt-LT\",\"potentialAction\":[{\"@type\":\"ReadAction\",\"target\":[\"https:\\\/\\\/anivet.lt\\\/elparduotuve\\\/produktas\\\/calibra-cat-life-kitten-chicken-slapias-maistas-jauniems-kaciukams\\\/\"]}]},{\"@type\":\"ImageObject\",\"inLanguage\":\"lt-LT\",\"@id\":\"https:\\\/\\\/anivet.lt\\\/elparduotuve\\\/produktas\\\/calibra-cat-life-kitten-chicken-slapias-maistas-jauniems-kaciukams\\\/#primaryimage\",\"url\":\"https:\\\/\\\/anivet.lt\\\/elparduotuve\\\/wp-content\\\/uploads\\\/2023\\\/07\\\/2084-calibra-life-cat-konzerva-200g-kitten-chicken.webp\",\"contentUrl\":\"https:\\\/\\\/anivet.lt\\\/elparduotuve\\\/wp-content\\\/uploads\\\/2023\\\/07\\\/2084-calibra-life-cat-konzerva-200g-kitten-chicken.webp\",\"width\":1920,\"height\":1920,\"caption\":\"Calibra Cat Life Kitten Chicken \u0161lapias maistas jauniems ka\u010diukams su vi\u0161tiena\"},{\"@type\":\"BreadcrumbList\",\"@id\":\"https:\\\/\\\/anivet.lt\\\/elparduotuve\\\/produktas\\\/calibra-cat-life-kitten-chicken-slapias-maistas-jauniems-kaciukams\\\/#breadcrumb\",\"itemListElement\":[{\"@type\":\"ListItem\",\"position\":1,\"name\":\"Home\",\"item\":\"https:\\\/\\\/anivet.lt\\\/elparduotuve\\\/\"},{\"@type\":\"ListItem\",\"position\":2,\"name\":\"Produktai\",\"item\":\"https:\\\/\\\/anivet.lt\\\/elparduotuve\\\/produktai\\\/\"},{\"@type\":\"ListItem\",\"position\":3,\"name\":\"Calibra Cat Life Kitten Chicken \u0161lapias maistas jauniems ka\u010diukams su vi\u0161tiena\"}]},{\"@type\":\"WebSite\",\"@id\":\"https:\\\/\\\/anivet.lt\\\/elparduotuve\\\/#website\",\"url\":\"https:\\\/\\\/anivet.lt\\\/elparduotuve\\\/\",\"name\":\"anivet.lt\",\"description\":\"Viskas J\u016bs\u0173 \u0161uns, kat\u0117s prie\u017ei\u016brai\",\"publisher\":{\"@id\":\"https:\\\/\\\/anivet.lt\\\/elparduotuve\\\/#organization\"},\"alternateName\":\"Viskas J\u016bs\u0173 \u0161uns, kat\u0117s prie\u017ei\u016brai\",\"potentialAction\":[{\"@type\":\"SearchAction\",\"target\":{\"@type\":\"EntryPoint\",\"urlTemplate\":\"https:\\\/\\\/anivet.lt\\\/elparduotuve\\\/?s={search_term_string}\"},\"query-input\":{\"@type\":\"PropertyValueSpecification\",\"valueRequired\":true,\"valueName\":\"search_term_string\"}}],\"inLanguage\":\"lt-LT\"},{\"@type\":\"Organization\",\"@id\":\"https:\\\/\\\/anivet.lt\\\/elparduotuve\\\/#organization\",\"name\":\"Viskas J\u016bs\u0173 \u0161uns, kat\u0117s prie\u017ei\u016brai\",\"url\":\"https:\\\/\\\/anivet.lt\\\/elparduotuve\\\/\",\"logo\":{\"@type\":\"ImageObject\",\"inLanguage\":\"lt-LT\",\"@id\":\"https:\\\/\\\/anivet.lt\\\/elparduotuve\\\/#\\\/schema\\\/logo\\\/image\\\/\",\"url\":\"https:\\\/\\\/anivet.lt\\\/elparduotuve\\\/wp-content\\\/uploads\\\/2023\\\/06\\\/logo2.jpg\",\"contentUrl\":\"https:\\\/\\\/anivet.lt\\\/elparduotuve\\\/wp-content\\\/uploads\\\/2023\\\/06\\\/logo2.jpg\",\"width\":655,\"height\":194,\"caption\":\"Viskas J\u016bs\u0173 \u0161uns, kat\u0117s prie\u017ei\u016brai\"},\"image\":{\"@id\":\"https:\\\/\\\/anivet.lt\\\/elparduotuve\\\/#\\\/schema\\\/logo\\\/image\\\/\"}}]}<\/script>\n<!-- \/ Yoast SEO Premium plugin. -->","yoast_head_json":{"title":"Calibra Cat Life Kitten Chicken \u0161lapias maistas jauniems ka\u010diukams su vi\u0161tiena - anivet.lt","description":"\u0160is visavertis konservuotas pa\u0161aras yra specialiai sukurtas jauniems ka\u010diukams, taip pat katingoms ir laktuojan\u010dioms kat\u0117ms. Sudarytas i\u0161 vieno baltym\u0173 \u0161altinio ir be gr\u016bd\u0173, pa\u0161aras yra lengvai vir\u0161kinamas ir pagamintas i\u0161 100% auk\u0161\u010diausios kokyb\u0117s ingredient\u0173.","robots":{"index":"index","follow":"follow","max-snippet":"max-snippet:-1","max-image-preview":"max-image-preview:large","max-video-preview":"max-video-preview:-1"},"canonical":"https:\/\/anivet.lt\/elparduotuve\/produktas\/calibra-cat-life-kitten-chicken-slapias-maistas-jauniems-kaciukams\/","og_locale":"lt_LT","og_type":"article","og_title":"Calibra Cat Life Kitten Chicken \u0161lapias maistas jauniems ka\u010diukams su vi\u0161tiena","og_description":"\u0160is visavertis konservuotas pa\u0161aras yra specialiai sukurtas jauniems ka\u010diukams, taip pat katingoms ir laktuojan\u010dioms kat\u0117ms. Sudarytas i\u0161 vieno baltym\u0173 \u0161altinio ir be gr\u016bd\u0173, pa\u0161aras yra lengvai vir\u0161kinamas ir pagamintas i\u0161 100% auk\u0161\u010diausios kokyb\u0117s ingredient\u0173.","og_url":"https:\/\/anivet.lt\/elparduotuve\/produktas\/calibra-cat-life-kitten-chicken-slapias-maistas-jauniems-kaciukams\/","og_site_name":"anivet.lt","article_modified_time":"2025-07-23T14:29:11+00:00","og_image":[{"width":1920,"height":1920,"url":"https:\/\/anivet.lt\/elparduotuve\/wp-content\/uploads\/2023\/07\/2084-calibra-life-cat-konzerva-200g-kitten-chicken.webp","type":"image\/webp"}],"twitter_card":"summary_large_image","twitter_misc":{"Est. reading time":"1 minut\u0117"},"schema":{"@context":"https:\/\/schema.org","@graph":[{"@type":"WebPage","@id":"https:\/\/anivet.lt\/elparduotuve\/produktas\/calibra-cat-life-kitten-chicken-slapias-maistas-jauniems-kaciukams\/","url":"https:\/\/anivet.lt\/elparduotuve\/produktas\/calibra-cat-life-kitten-chicken-slapias-maistas-jauniems-kaciukams\/","name":"Calibra Cat Life Kitten Chicken \u0161lapias maistas jauniems ka\u010diukams su vi\u0161tiena - anivet.lt","isPartOf":{"@id":"https:\/\/anivet.lt\/elparduotuve\/#website"},"primaryImageOfPage":{"@id":"https:\/\/anivet.lt\/elparduotuve\/produktas\/calibra-cat-life-kitten-chicken-slapias-maistas-jauniems-kaciukams\/#primaryimage"},"image":{"@id":"https:\/\/anivet.lt\/elparduotuve\/produktas\/calibra-cat-life-kitten-chicken-slapias-maistas-jauniems-kaciukams\/#primaryimage"},"thumbnailUrl":"https:\/\/anivet.lt\/elparduotuve\/wp-content\/uploads\/2023\/07\/2084-calibra-life-cat-konzerva-200g-kitten-chicken.webp","datePublished":"2023-07-26T10:07:45+00:00","dateModified":"2025-07-23T14:29:11+00:00","description":"\u0160is visavertis konservuotas pa\u0161aras yra specialiai sukurtas jauniems ka\u010diukams, taip pat katingoms ir laktuojan\u010dioms kat\u0117ms. Sudarytas i\u0161 vieno baltym\u0173 \u0161altinio ir be gr\u016bd\u0173, pa\u0161aras yra lengvai vir\u0161kinamas ir pagamintas i\u0161 100% auk\u0161\u010diausios kokyb\u0117s ingredient\u0173.","breadcrumb":{"@id":"https:\/\/anivet.lt\/elparduotuve\/produktas\/calibra-cat-life-kitten-chicken-slapias-maistas-jauniems-kaciukams\/#breadcrumb"},"inLanguage":"lt-LT","potentialAction":[{"@type":"ReadAction","target":["https:\/\/anivet.lt\/elparduotuve\/produktas\/calibra-cat-life-kitten-chicken-slapias-maistas-jauniems-kaciukams\/"]}]},{"@type":"ImageObject","inLanguage":"lt-LT","@id":"https:\/\/anivet.lt\/elparduotuve\/produktas\/calibra-cat-life-kitten-chicken-slapias-maistas-jauniems-kaciukams\/#primaryimage","url":"https:\/\/anivet.lt\/elparduotuve\/wp-content\/uploads\/2023\/07\/2084-calibra-life-cat-konzerva-200g-kitten-chicken.webp","contentUrl":"https:\/\/anivet.lt\/elparduotuve\/wp-content\/uploads\/2023\/07\/2084-calibra-life-cat-konzerva-200g-kitten-chicken.webp","width":1920,"height":1920,"caption":"Calibra Cat Life Kitten Chicken \u0161lapias maistas jauniems ka\u010diukams su vi\u0161tiena"},{"@type":"BreadcrumbList","@id":"https:\/\/anivet.lt\/elparduotuve\/produktas\/calibra-cat-life-kitten-chicken-slapias-maistas-jauniems-kaciukams\/#breadcrumb","itemListElement":[{"@type":"ListItem","position":1,"name":"Home","item":"https:\/\/anivet.lt\/elparduotuve\/"},{"@type":"ListItem","position":2,"name":"Produktai","item":"https:\/\/anivet.lt\/elparduotuve\/produktai\/"},{"@type":"ListItem","position":3,"name":"Calibra Cat Life Kitten Chicken \u0161lapias maistas jauniems ka\u010diukams su vi\u0161tiena"}]},{"@type":"WebSite","@id":"https:\/\/anivet.lt\/elparduotuve\/#website","url":"https:\/\/anivet.lt\/elparduotuve\/","name":"anivet.lt","description":"Viskas J\u016bs\u0173 \u0161uns, kat\u0117s prie\u017ei\u016brai","publisher":{"@id":"https:\/\/anivet.lt\/elparduotuve\/#organization"},"alternateName":"Viskas J\u016bs\u0173 \u0161uns, kat\u0117s prie\u017ei\u016brai","potentialAction":[{"@type":"SearchAction","target":{"@type":"EntryPoint","urlTemplate":"https:\/\/anivet.lt\/elparduotuve\/?s={search_term_string}"},"query-input":{"@type":"PropertyValueSpecification","valueRequired":true,"valueName":"search_term_string"}}],"inLanguage":"lt-LT"},{"@type":"Organization","@id":"https:\/\/anivet.lt\/elparduotuve\/#organization","name":"Viskas J\u016bs\u0173 \u0161uns, kat\u0117s prie\u017ei\u016brai","url":"https:\/\/anivet.lt\/elparduotuve\/","logo":{"@type":"ImageObject","inLanguage":"lt-LT","@id":"https:\/\/anivet.lt\/elparduotuve\/#\/schema\/logo\/image\/","url":"https:\/\/anivet.lt\/elparduotuve\/wp-content\/uploads\/2023\/06\/logo2.jpg","contentUrl":"https:\/\/anivet.lt\/elparduotuve\/wp-content\/uploads\/2023\/06\/logo2.jpg","width":655,"height":194,"caption":"Viskas J\u016bs\u0173 \u0161uns, kat\u0117s prie\u017ei\u016brai"},"image":{"@id":"https:\/\/anivet.lt\/elparduotuve\/#\/schema\/logo\/image\/"}}]}},"_links":{"self":[{"href":"https:\/\/anivet.lt\/elparduotuve\/wp-json\/wp\/v2\/product\/10725","targetHints":{"allow":["GET"]}}],"collection":[{"href":"https:\/\/anivet.lt\/elparduotuve\/wp-json\/wp\/v2\/product"}],"about":[{"href":"https:\/\/anivet.lt\/elparduotuve\/wp-json\/wp\/v2\/types\/product"}],"wp:featuredmedia":[{"embeddable":true,"href":"https:\/\/anivet.lt\/elparduotuve\/wp-json\/wp\/v2\/media\/10726"}],"wp:attachment":[{"href":"https:\/\/anivet.lt\/elparduotuve\/wp-json\/wp\/v2\/media?parent=10725"}],"wp:term":[{"taxonomy":"product_brand","embeddable":true,"href":"https:\/\/anivet.lt\/elparduotuve\/wp-json\/wp\/v2\/product_brand?post=10725"},{"taxonomy":"product_cat","embeddable":true,"href":"https:\/\/anivet.lt\/elparduotuve\/wp-json\/wp\/v2\/product_cat?post=10725"},{"taxonomy":"product_tag","embeddable":true,"href":"https:\/\/anivet.lt\/elparduotuve\/wp-json\/wp\/v2\/product_tag?post=10725"}],"curies":[{"name":"wp","href":"https:\/\/api.w.org\/{rel}","templated":true}]}}