{"id":10729,"date":"2023-07-26T10:27:00","date_gmt":"2023-07-26T10:27:00","guid":{"rendered":"https:\/\/anivet.lt\/elparduotuve\/?post_type=product&#038;p=10729"},"modified":"2025-05-27T13:14:34","modified_gmt":"2025-05-27T13:14:34","slug":"calibra-cat-life-adult-salmon-slapias-maistas-katems","status":"publish","type":"product","link":"https:\/\/anivet.lt\/elparduotuve\/produktas\/calibra-cat-life-adult-salmon-slapias-maistas-katems\/","title":{"rendered":"Calibra Cat Life Adult Salmon \u0161lapias maistas kat\u0117ms su la\u0161i\u0161a"},"content":{"rendered":"<ul>\n<li style=\"font-weight: 400;\" aria-level=\"1\"><span style=\"font-weight: 400;\">La\u0161i\u0161a 70 %: Pagrindinis baltym\u0173 \u0161altinis, suteikiantis auk\u0161t\u0105 maistin\u0119 vert\u0119.<\/span><\/li>\n<li style=\"font-weight: 400;\" aria-level=\"1\"><span style=\"font-weight: 400;\">Taurinas: B\u016btinas reg\u0117jimui ir \u0161irdies veiklai palaikyti, nes kat\u0117s pa\u010dios jo nepasigamina.<\/span><\/li>\n<li style=\"font-weight: 400;\" aria-level=\"1\"><span style=\"font-weight: 400;\">La\u0161i\u0161\u0173 aliejus: Turtingas omega-3 r\u016bg\u0161timis, kurios palaiko smegen\u0173 funkcijas, odos ir kailio sveikat\u0105 bei turi prie\u0161u\u017edegimin\u012f poveik\u012f.<\/span><\/li>\n<li style=\"font-weight: 400;\" aria-level=\"1\"><span style=\"font-weight: 400;\">Be gr\u016bd\u0173 ir glitimo: Tinkamas kat\u0117ms su jautria vir\u0161kinimo sistema.<\/span><\/li>\n<li style=\"font-weight: 400;\" aria-level=\"1\"><span style=\"font-weight: 400;\">Hipoalerginis receptas: Be kvie\u010di\u0173, kukur\u016bz\u0173, soj\u0173 ir GMO.<\/span><\/li>\n<\/ul>\n<p><span style=\"font-weight: 400;\">\u201eCalibra Cat Life Adult Salmon\u201d u\u017etikrina pilnavert\u0119 ir subalansuot\u0105 mityb\u0105, praturtint\u0105 svarbiausiomis maistin\u0117mis med\u017eiagomis, kuri\u0173 reikia sveikam augimui, kailiui, odai ir bendrai gerai savijautai. \u0160is \u0161lapias maistas yra puikus pasirinkimas j\u016bs\u0173 kat\u0117s kasdienei mitybai.<\/span><\/p>\n","protected":false},"excerpt":{"rendered":"<p><span style=\"font-weight: 400;\">Subalansuotas ir maistingas konservuotas pa\u0161aras, specialiai sukurtas suaugusioms kat\u0117ms. Pagamintas i\u0161 auk\u0161\u010diausios kokyb\u0117s ingredient\u0173 su vienu baltym\u0173 \u0161altiniu \u2013 la\u0161i\u0161a, pa\u0161aras u\u017etikrina lengv\u0105 vir\u0161kinim\u0105 ir yra hipoalerginis.<\/span><\/p>\n","protected":false},"featured_media":10730,"template":"","meta":[],"product_brand":[],"product_cat":[114,102,116,339],"product_tag":[],"class_list":{"0":"post-10729","1":"product","2":"type-product","3":"status-publish","4":"has-post-thumbnail","6":"product_cat-kaciu-maistas","7":"product_cat-katems","8":"product_cat-konservai-katems","9":"product_cat-calibra-kaciu-maistas","10":"pa_prekinis-zenklas-calibra","12":"first","13":"instock","14":"taxable","15":"shipping-taxable","16":"purchasable","17":"product-type-simple"},"yoast_head":"<!-- This site is optimized with the Yoast SEO Premium plugin v27.1 (Yoast SEO v27.5) - https:\/\/yoast.com\/product\/yoast-seo-premium-wordpress\/ -->\n<title>Calibra Cat Life Adult Salmon \u0161lapias maistas kat\u0117ms su la\u0161i\u0161a - anivet.lt<\/title>\n<meta name=\"description\" content=\"Subalansuotas ir maistingas konservuotas pa\u0161aras, specialiai sukurtas suaugusioms kat\u0117ms. Pagamintas i\u0161 auk\u0161\u010diausios kokyb\u0117s ingredient\u0173 su vienu baltym\u0173 \u0161altiniu \u2013 la\u0161i\u0161a, pa\u0161aras u\u017etikrina lengv\u0105 vir\u0161kinim\u0105 ir yra hipoalerginis.\" \/>\n<meta name=\"robots\" content=\"index, follow, max-snippet:-1, max-image-preview:large, max-video-preview:-1\" \/>\n<link rel=\"canonical\" href=\"https:\/\/anivet.lt\/elparduotuve\/produktas\/calibra-cat-life-adult-salmon-slapias-maistas-katems\/\" \/>\n<meta property=\"og:locale\" content=\"lt_LT\" \/>\n<meta property=\"og:type\" content=\"article\" \/>\n<meta property=\"og:title\" content=\"Calibra Cat Life Adult Salmon \u0161lapias maistas kat\u0117ms su la\u0161i\u0161a\" \/>\n<meta property=\"og:description\" content=\"Subalansuotas ir maistingas konservuotas pa\u0161aras, specialiai sukurtas suaugusioms kat\u0117ms. Pagamintas i\u0161 auk\u0161\u010diausios kokyb\u0117s ingredient\u0173 su vienu baltym\u0173 \u0161altiniu \u2013 la\u0161i\u0161a, pa\u0161aras u\u017etikrina lengv\u0105 vir\u0161kinim\u0105 ir yra hipoalerginis.\" \/>\n<meta property=\"og:url\" content=\"https:\/\/anivet.lt\/elparduotuve\/produktas\/calibra-cat-life-adult-salmon-slapias-maistas-katems\/\" \/>\n<meta property=\"og:site_name\" content=\"anivet.lt\" \/>\n<meta property=\"article:modified_time\" content=\"2025-05-27T13:14:34+00:00\" \/>\n<meta property=\"og:image\" content=\"https:\/\/anivet.lt\/elparduotuve\/wp-content\/uploads\/2023\/07\/2088-calibra-life-cat-konzerva-200g-adult-salmon.webp\" \/>\n\t<meta property=\"og:image:width\" content=\"1920\" \/>\n\t<meta property=\"og:image:height\" content=\"1920\" \/>\n\t<meta property=\"og:image:type\" content=\"image\/webp\" \/>\n<meta name=\"twitter:card\" content=\"summary_large_image\" \/>\n<meta name=\"twitter:label1\" content=\"Est. reading time\" \/>\n\t<meta name=\"twitter:data1\" content=\"1 minut\u0117\" \/>\n<script type=\"application\/ld+json\" class=\"yoast-schema-graph\">{\"@context\":\"https:\\\/\\\/schema.org\",\"@graph\":[{\"@type\":\"WebPage\",\"@id\":\"https:\\\/\\\/anivet.lt\\\/elparduotuve\\\/produktas\\\/calibra-cat-life-adult-salmon-slapias-maistas-katems\\\/\",\"url\":\"https:\\\/\\\/anivet.lt\\\/elparduotuve\\\/produktas\\\/calibra-cat-life-adult-salmon-slapias-maistas-katems\\\/\",\"name\":\"Calibra Cat Life Adult Salmon \u0161lapias maistas kat\u0117ms su la\u0161i\u0161a - anivet.lt\",\"isPartOf\":{\"@id\":\"https:\\\/\\\/anivet.lt\\\/elparduotuve\\\/#website\"},\"primaryImageOfPage\":{\"@id\":\"https:\\\/\\\/anivet.lt\\\/elparduotuve\\\/produktas\\\/calibra-cat-life-adult-salmon-slapias-maistas-katems\\\/#primaryimage\"},\"image\":{\"@id\":\"https:\\\/\\\/anivet.lt\\\/elparduotuve\\\/produktas\\\/calibra-cat-life-adult-salmon-slapias-maistas-katems\\\/#primaryimage\"},\"thumbnailUrl\":\"https:\\\/\\\/anivet.lt\\\/elparduotuve\\\/wp-content\\\/uploads\\\/2023\\\/07\\\/2088-calibra-life-cat-konzerva-200g-adult-salmon.webp\",\"datePublished\":\"2023-07-26T10:27:00+00:00\",\"dateModified\":\"2025-05-27T13:14:34+00:00\",\"description\":\"Subalansuotas ir maistingas konservuotas pa\u0161aras, specialiai sukurtas suaugusioms kat\u0117ms. Pagamintas i\u0161 auk\u0161\u010diausios kokyb\u0117s ingredient\u0173 su vienu baltym\u0173 \u0161altiniu \u2013 la\u0161i\u0161a, pa\u0161aras u\u017etikrina lengv\u0105 vir\u0161kinim\u0105 ir yra hipoalerginis.\",\"breadcrumb\":{\"@id\":\"https:\\\/\\\/anivet.lt\\\/elparduotuve\\\/produktas\\\/calibra-cat-life-adult-salmon-slapias-maistas-katems\\\/#breadcrumb\"},\"inLanguage\":\"lt-LT\",\"potentialAction\":[{\"@type\":\"ReadAction\",\"target\":[\"https:\\\/\\\/anivet.lt\\\/elparduotuve\\\/produktas\\\/calibra-cat-life-adult-salmon-slapias-maistas-katems\\\/\"]}]},{\"@type\":\"ImageObject\",\"inLanguage\":\"lt-LT\",\"@id\":\"https:\\\/\\\/anivet.lt\\\/elparduotuve\\\/produktas\\\/calibra-cat-life-adult-salmon-slapias-maistas-katems\\\/#primaryimage\",\"url\":\"https:\\\/\\\/anivet.lt\\\/elparduotuve\\\/wp-content\\\/uploads\\\/2023\\\/07\\\/2088-calibra-life-cat-konzerva-200g-adult-salmon.webp\",\"contentUrl\":\"https:\\\/\\\/anivet.lt\\\/elparduotuve\\\/wp-content\\\/uploads\\\/2023\\\/07\\\/2088-calibra-life-cat-konzerva-200g-adult-salmon.webp\",\"width\":1920,\"height\":1920,\"caption\":\"Calibra Cat Life Adult Salmon \u0161lapias maistas kat\u0117ms su la\u0161i\u0161a\"},{\"@type\":\"BreadcrumbList\",\"@id\":\"https:\\\/\\\/anivet.lt\\\/elparduotuve\\\/produktas\\\/calibra-cat-life-adult-salmon-slapias-maistas-katems\\\/#breadcrumb\",\"itemListElement\":[{\"@type\":\"ListItem\",\"position\":1,\"name\":\"Home\",\"item\":\"https:\\\/\\\/anivet.lt\\\/elparduotuve\\\/\"},{\"@type\":\"ListItem\",\"position\":2,\"name\":\"Produktai\",\"item\":\"https:\\\/\\\/anivet.lt\\\/elparduotuve\\\/produktai\\\/\"},{\"@type\":\"ListItem\",\"position\":3,\"name\":\"Calibra Cat Life Adult Salmon \u0161lapias maistas kat\u0117ms su la\u0161i\u0161a\"}]},{\"@type\":\"WebSite\",\"@id\":\"https:\\\/\\\/anivet.lt\\\/elparduotuve\\\/#website\",\"url\":\"https:\\\/\\\/anivet.lt\\\/elparduotuve\\\/\",\"name\":\"anivet.lt\",\"description\":\"Viskas J\u016bs\u0173 \u0161uns, kat\u0117s prie\u017ei\u016brai\",\"publisher\":{\"@id\":\"https:\\\/\\\/anivet.lt\\\/elparduotuve\\\/#organization\"},\"alternateName\":\"Viskas J\u016bs\u0173 \u0161uns, kat\u0117s prie\u017ei\u016brai\",\"potentialAction\":[{\"@type\":\"SearchAction\",\"target\":{\"@type\":\"EntryPoint\",\"urlTemplate\":\"https:\\\/\\\/anivet.lt\\\/elparduotuve\\\/?s={search_term_string}\"},\"query-input\":{\"@type\":\"PropertyValueSpecification\",\"valueRequired\":true,\"valueName\":\"search_term_string\"}}],\"inLanguage\":\"lt-LT\"},{\"@type\":\"Organization\",\"@id\":\"https:\\\/\\\/anivet.lt\\\/elparduotuve\\\/#organization\",\"name\":\"Viskas J\u016bs\u0173 \u0161uns, kat\u0117s prie\u017ei\u016brai\",\"url\":\"https:\\\/\\\/anivet.lt\\\/elparduotuve\\\/\",\"logo\":{\"@type\":\"ImageObject\",\"inLanguage\":\"lt-LT\",\"@id\":\"https:\\\/\\\/anivet.lt\\\/elparduotuve\\\/#\\\/schema\\\/logo\\\/image\\\/\",\"url\":\"https:\\\/\\\/anivet.lt\\\/elparduotuve\\\/wp-content\\\/uploads\\\/2023\\\/06\\\/logo2.jpg\",\"contentUrl\":\"https:\\\/\\\/anivet.lt\\\/elparduotuve\\\/wp-content\\\/uploads\\\/2023\\\/06\\\/logo2.jpg\",\"width\":655,\"height\":194,\"caption\":\"Viskas J\u016bs\u0173 \u0161uns, kat\u0117s prie\u017ei\u016brai\"},\"image\":{\"@id\":\"https:\\\/\\\/anivet.lt\\\/elparduotuve\\\/#\\\/schema\\\/logo\\\/image\\\/\"}}]}<\/script>\n<!-- \/ Yoast SEO Premium plugin. -->","yoast_head_json":{"title":"Calibra Cat Life Adult Salmon \u0161lapias maistas kat\u0117ms su la\u0161i\u0161a - anivet.lt","description":"Subalansuotas ir maistingas konservuotas pa\u0161aras, specialiai sukurtas suaugusioms kat\u0117ms. Pagamintas i\u0161 auk\u0161\u010diausios kokyb\u0117s ingredient\u0173 su vienu baltym\u0173 \u0161altiniu \u2013 la\u0161i\u0161a, pa\u0161aras u\u017etikrina lengv\u0105 vir\u0161kinim\u0105 ir yra hipoalerginis.","robots":{"index":"index","follow":"follow","max-snippet":"max-snippet:-1","max-image-preview":"max-image-preview:large","max-video-preview":"max-video-preview:-1"},"canonical":"https:\/\/anivet.lt\/elparduotuve\/produktas\/calibra-cat-life-adult-salmon-slapias-maistas-katems\/","og_locale":"lt_LT","og_type":"article","og_title":"Calibra Cat Life Adult Salmon \u0161lapias maistas kat\u0117ms su la\u0161i\u0161a","og_description":"Subalansuotas ir maistingas konservuotas pa\u0161aras, specialiai sukurtas suaugusioms kat\u0117ms. Pagamintas i\u0161 auk\u0161\u010diausios kokyb\u0117s ingredient\u0173 su vienu baltym\u0173 \u0161altiniu \u2013 la\u0161i\u0161a, pa\u0161aras u\u017etikrina lengv\u0105 vir\u0161kinim\u0105 ir yra hipoalerginis.","og_url":"https:\/\/anivet.lt\/elparduotuve\/produktas\/calibra-cat-life-adult-salmon-slapias-maistas-katems\/","og_site_name":"anivet.lt","article_modified_time":"2025-05-27T13:14:34+00:00","og_image":[{"width":1920,"height":1920,"url":"https:\/\/anivet.lt\/elparduotuve\/wp-content\/uploads\/2023\/07\/2088-calibra-life-cat-konzerva-200g-adult-salmon.webp","type":"image\/webp"}],"twitter_card":"summary_large_image","twitter_misc":{"Est. reading time":"1 minut\u0117"},"schema":{"@context":"https:\/\/schema.org","@graph":[{"@type":"WebPage","@id":"https:\/\/anivet.lt\/elparduotuve\/produktas\/calibra-cat-life-adult-salmon-slapias-maistas-katems\/","url":"https:\/\/anivet.lt\/elparduotuve\/produktas\/calibra-cat-life-adult-salmon-slapias-maistas-katems\/","name":"Calibra Cat Life Adult Salmon \u0161lapias maistas kat\u0117ms su la\u0161i\u0161a - anivet.lt","isPartOf":{"@id":"https:\/\/anivet.lt\/elparduotuve\/#website"},"primaryImageOfPage":{"@id":"https:\/\/anivet.lt\/elparduotuve\/produktas\/calibra-cat-life-adult-salmon-slapias-maistas-katems\/#primaryimage"},"image":{"@id":"https:\/\/anivet.lt\/elparduotuve\/produktas\/calibra-cat-life-adult-salmon-slapias-maistas-katems\/#primaryimage"},"thumbnailUrl":"https:\/\/anivet.lt\/elparduotuve\/wp-content\/uploads\/2023\/07\/2088-calibra-life-cat-konzerva-200g-adult-salmon.webp","datePublished":"2023-07-26T10:27:00+00:00","dateModified":"2025-05-27T13:14:34+00:00","description":"Subalansuotas ir maistingas konservuotas pa\u0161aras, specialiai sukurtas suaugusioms kat\u0117ms. Pagamintas i\u0161 auk\u0161\u010diausios kokyb\u0117s ingredient\u0173 su vienu baltym\u0173 \u0161altiniu \u2013 la\u0161i\u0161a, pa\u0161aras u\u017etikrina lengv\u0105 vir\u0161kinim\u0105 ir yra hipoalerginis.","breadcrumb":{"@id":"https:\/\/anivet.lt\/elparduotuve\/produktas\/calibra-cat-life-adult-salmon-slapias-maistas-katems\/#breadcrumb"},"inLanguage":"lt-LT","potentialAction":[{"@type":"ReadAction","target":["https:\/\/anivet.lt\/elparduotuve\/produktas\/calibra-cat-life-adult-salmon-slapias-maistas-katems\/"]}]},{"@type":"ImageObject","inLanguage":"lt-LT","@id":"https:\/\/anivet.lt\/elparduotuve\/produktas\/calibra-cat-life-adult-salmon-slapias-maistas-katems\/#primaryimage","url":"https:\/\/anivet.lt\/elparduotuve\/wp-content\/uploads\/2023\/07\/2088-calibra-life-cat-konzerva-200g-adult-salmon.webp","contentUrl":"https:\/\/anivet.lt\/elparduotuve\/wp-content\/uploads\/2023\/07\/2088-calibra-life-cat-konzerva-200g-adult-salmon.webp","width":1920,"height":1920,"caption":"Calibra Cat Life Adult Salmon \u0161lapias maistas kat\u0117ms su la\u0161i\u0161a"},{"@type":"BreadcrumbList","@id":"https:\/\/anivet.lt\/elparduotuve\/produktas\/calibra-cat-life-adult-salmon-slapias-maistas-katems\/#breadcrumb","itemListElement":[{"@type":"ListItem","position":1,"name":"Home","item":"https:\/\/anivet.lt\/elparduotuve\/"},{"@type":"ListItem","position":2,"name":"Produktai","item":"https:\/\/anivet.lt\/elparduotuve\/produktai\/"},{"@type":"ListItem","position":3,"name":"Calibra Cat Life Adult Salmon \u0161lapias maistas kat\u0117ms su la\u0161i\u0161a"}]},{"@type":"WebSite","@id":"https:\/\/anivet.lt\/elparduotuve\/#website","url":"https:\/\/anivet.lt\/elparduotuve\/","name":"anivet.lt","description":"Viskas J\u016bs\u0173 \u0161uns, kat\u0117s prie\u017ei\u016brai","publisher":{"@id":"https:\/\/anivet.lt\/elparduotuve\/#organization"},"alternateName":"Viskas J\u016bs\u0173 \u0161uns, kat\u0117s prie\u017ei\u016brai","potentialAction":[{"@type":"SearchAction","target":{"@type":"EntryPoint","urlTemplate":"https:\/\/anivet.lt\/elparduotuve\/?s={search_term_string}"},"query-input":{"@type":"PropertyValueSpecification","valueRequired":true,"valueName":"search_term_string"}}],"inLanguage":"lt-LT"},{"@type":"Organization","@id":"https:\/\/anivet.lt\/elparduotuve\/#organization","name":"Viskas J\u016bs\u0173 \u0161uns, kat\u0117s prie\u017ei\u016brai","url":"https:\/\/anivet.lt\/elparduotuve\/","logo":{"@type":"ImageObject","inLanguage":"lt-LT","@id":"https:\/\/anivet.lt\/elparduotuve\/#\/schema\/logo\/image\/","url":"https:\/\/anivet.lt\/elparduotuve\/wp-content\/uploads\/2023\/06\/logo2.jpg","contentUrl":"https:\/\/anivet.lt\/elparduotuve\/wp-content\/uploads\/2023\/06\/logo2.jpg","width":655,"height":194,"caption":"Viskas J\u016bs\u0173 \u0161uns, kat\u0117s prie\u017ei\u016brai"},"image":{"@id":"https:\/\/anivet.lt\/elparduotuve\/#\/schema\/logo\/image\/"}}]}},"_links":{"self":[{"href":"https:\/\/anivet.lt\/elparduotuve\/wp-json\/wp\/v2\/product\/10729","targetHints":{"allow":["GET"]}}],"collection":[{"href":"https:\/\/anivet.lt\/elparduotuve\/wp-json\/wp\/v2\/product"}],"about":[{"href":"https:\/\/anivet.lt\/elparduotuve\/wp-json\/wp\/v2\/types\/product"}],"wp:featuredmedia":[{"embeddable":true,"href":"https:\/\/anivet.lt\/elparduotuve\/wp-json\/wp\/v2\/media\/10730"}],"wp:attachment":[{"href":"https:\/\/anivet.lt\/elparduotuve\/wp-json\/wp\/v2\/media?parent=10729"}],"wp:term":[{"taxonomy":"product_brand","embeddable":true,"href":"https:\/\/anivet.lt\/elparduotuve\/wp-json\/wp\/v2\/product_brand?post=10729"},{"taxonomy":"product_cat","embeddable":true,"href":"https:\/\/anivet.lt\/elparduotuve\/wp-json\/wp\/v2\/product_cat?post=10729"},{"taxonomy":"product_tag","embeddable":true,"href":"https:\/\/anivet.lt\/elparduotuve\/wp-json\/wp\/v2\/product_tag?post=10729"}],"curies":[{"name":"wp","href":"https:\/\/api.w.org\/{rel}","templated":true}]}}