{"id":10733,"date":"2023-07-26T10:41:48","date_gmt":"2023-07-26T10:41:48","guid":{"rendered":"https:\/\/anivet.lt\/elparduotuve\/?post_type=product&#038;p=10733"},"modified":"2026-05-08T15:43:18","modified_gmt":"2026-05-08T15:43:18","slug":"calibra-cat-life-sensitive-rabbit-slapias-kaciu-maistas","status":"publish","type":"product","link":"https:\/\/anivet.lt\/elparduotuve\/produktas\/calibra-cat-life-sensitive-rabbit-slapias-kaciu-maistas\/","title":{"rendered":"Calibra Cat Life Sensitive Rabbit \u0161lapias ka\u010di\u0173 maistas su triu\u0161iena"},"content":{"rendered":"<ul>\n<li style=\"font-weight: 400;\" aria-level=\"1\"><span style=\"font-weight: 400;\">Hipoalerginis: Be kvie\u010di\u0173, kukur\u016bz\u0173, glitimo ar soj\u0173, tod\u0117l tinka alergi\u0161koms kat\u0117ms.<\/span><\/li>\n<li style=\"font-weight: 400;\" aria-level=\"1\"><span style=\"font-weight: 400;\">Auk\u0161tos kokyb\u0117s ingredientai: 70 % triu\u0161ienos suteikia nat\u016brali\u0173 baltym\u0173, reikaling\u0173 sveikai mitybai.<\/span><\/li>\n<li style=\"font-weight: 400;\" aria-level=\"1\"><span style=\"font-weight: 400;\">Praturtintas taurinu: Svarbi maistin\u0117 med\u017eiaga reg\u0117jimo ir \u0161irdies funkcijoms palaikyti.<\/span><\/li>\n<li style=\"font-weight: 400;\" aria-level=\"1\"><span style=\"font-weight: 400;\">Omega-3 ir omega-6 riebiosios r\u016bg\u0161tys: La\u0161i\u0161\u0173 aliejus ir dumbliai padeda palaikyti smegen\u0173 veikl\u0105, sveik\u0105 od\u0105 ir kail\u012f.<\/span><\/li>\n<li style=\"font-weight: 400;\" aria-level=\"1\"><span style=\"font-weight: 400;\">Lengvai vir\u0161kinamas: Pritaikyta jautrioms vir\u0161kinimo sistemoms, u\u017etikrinant optimal\u0173 maisto pasisavinim\u0105.<\/span><\/li>\n<\/ul>\n<p><span style=\"font-weight: 400;\">\u201eCalibra Cat Life Sensitive Rabbit\u201c yra subalansuotas pasirinkimas, garantuojantis j\u016bs\u0173 kat\u0117s sveikat\u0105 ir puiki\u0105 savijaut\u0105. Puikus skonis ir maistin\u0117 vert\u0117 u\u017etikrina, kad j\u016bs\u0173 augintinis m\u0117gausis \u0161iuo pa\u0161aru kiekvien\u0105 dien\u0105.<\/span><\/p>\n","protected":false},"excerpt":{"rendered":"<p><span style=\"font-weight: 400;\">\u0160is hipoalerginis \u0161lapias maistas su triu\u0161iena puikiai tinka suaugusioms kat\u0117ms, ypa\u010d toms, kurios turi jautri\u0105 vir\u0161kinimo sistem\u0105. Vieno baltym\u0173 \u0161altinio formul\u0117 u\u017etikrina auk\u0161t\u0105 maistin\u0119 vert\u0119, o pa\u0161aras yra visi\u0161kai be gr\u016bd\u0173, glitimo ir GMO.<\/span><\/p>\n","protected":false},"featured_media":10737,"template":"","meta":[],"product_brand":[],"product_cat":[114,102,116,339],"product_tag":[],"class_list":{"0":"post-10733","1":"product","2":"type-product","3":"status-publish","4":"has-post-thumbnail","6":"product_cat-kaciu-maistas","7":"product_cat-katems","8":"product_cat-konservai-katems","9":"product_cat-calibra-kaciu-maistas","10":"pa_prekinis-zenklas-calibra","12":"first","13":"instock","14":"taxable","15":"shipping-taxable","16":"purchasable","17":"product-type-simple"},"yoast_head":"<!-- This site is optimized with the Yoast SEO Premium plugin v27.1 (Yoast SEO v27.5) - https:\/\/yoast.com\/product\/yoast-seo-premium-wordpress\/ -->\n<title>Calibra Cat Life Sensitive Rabbit \u0161lapias ka\u010di\u0173 maistas su triu\u0161iena - anivet.lt<\/title>\n<meta name=\"description\" content=\"\u0160is hipoalerginis \u0161lapias maistas su triu\u0161iena puikiai tinka suaugusioms kat\u0117ms, ypa\u010d toms, kurios turi jautri\u0105 vir\u0161kinimo sistem\u0105. Vieno baltym\u0173 \u0161altinio formul\u0117 u\u017etikrina auk\u0161t\u0105 maistin\u0119 vert\u0119, o pa\u0161aras yra visi\u0161kai be gr\u016bd\u0173, glitimo ir GMO.\" \/>\n<meta name=\"robots\" content=\"index, follow, max-snippet:-1, max-image-preview:large, max-video-preview:-1\" \/>\n<link rel=\"canonical\" href=\"https:\/\/anivet.lt\/elparduotuve\/produktas\/calibra-cat-life-sensitive-rabbit-slapias-kaciu-maistas\/\" \/>\n<meta property=\"og:locale\" content=\"lt_LT\" \/>\n<meta property=\"og:type\" content=\"article\" \/>\n<meta property=\"og:title\" content=\"Calibra Cat Life Sensitive Rabbit \u0161lapias ka\u010di\u0173 maistas su triu\u0161iena\" \/>\n<meta property=\"og:description\" content=\"\u0160is hipoalerginis \u0161lapias maistas su triu\u0161iena puikiai tinka suaugusioms kat\u0117ms, ypa\u010d toms, kurios turi jautri\u0105 vir\u0161kinimo sistem\u0105. Vieno baltym\u0173 \u0161altinio formul\u0117 u\u017etikrina auk\u0161t\u0105 maistin\u0119 vert\u0119, o pa\u0161aras yra visi\u0161kai be gr\u016bd\u0173, glitimo ir GMO.\" \/>\n<meta property=\"og:url\" content=\"https:\/\/anivet.lt\/elparduotuve\/produktas\/calibra-cat-life-sensitive-rabbit-slapias-kaciu-maistas\/\" \/>\n<meta property=\"og:site_name\" content=\"anivet.lt\" \/>\n<meta property=\"article:modified_time\" content=\"2026-05-08T15:43:18+00:00\" \/>\n<meta property=\"og:image\" content=\"https:\/\/anivet.lt\/elparduotuve\/wp-content\/uploads\/2023\/07\/2131-calibra-life-cat-konzerva-200g-sensitive-rabbit.webp\" \/>\n\t<meta property=\"og:image:width\" content=\"1920\" \/>\n\t<meta property=\"og:image:height\" content=\"1920\" \/>\n\t<meta property=\"og:image:type\" content=\"image\/webp\" \/>\n<meta name=\"twitter:card\" content=\"summary_large_image\" \/>\n<meta name=\"twitter:label1\" content=\"Est. reading time\" \/>\n\t<meta name=\"twitter:data1\" content=\"1 minut\u0117\" \/>\n<script type=\"application\/ld+json\" class=\"yoast-schema-graph\">{\"@context\":\"https:\\\/\\\/schema.org\",\"@graph\":[{\"@type\":\"WebPage\",\"@id\":\"https:\\\/\\\/anivet.lt\\\/elparduotuve\\\/produktas\\\/calibra-cat-life-sensitive-rabbit-slapias-kaciu-maistas\\\/\",\"url\":\"https:\\\/\\\/anivet.lt\\\/elparduotuve\\\/produktas\\\/calibra-cat-life-sensitive-rabbit-slapias-kaciu-maistas\\\/\",\"name\":\"Calibra Cat Life Sensitive Rabbit \u0161lapias ka\u010di\u0173 maistas su triu\u0161iena - anivet.lt\",\"isPartOf\":{\"@id\":\"https:\\\/\\\/anivet.lt\\\/elparduotuve\\\/#website\"},\"primaryImageOfPage\":{\"@id\":\"https:\\\/\\\/anivet.lt\\\/elparduotuve\\\/produktas\\\/calibra-cat-life-sensitive-rabbit-slapias-kaciu-maistas\\\/#primaryimage\"},\"image\":{\"@id\":\"https:\\\/\\\/anivet.lt\\\/elparduotuve\\\/produktas\\\/calibra-cat-life-sensitive-rabbit-slapias-kaciu-maistas\\\/#primaryimage\"},\"thumbnailUrl\":\"https:\\\/\\\/anivet.lt\\\/elparduotuve\\\/wp-content\\\/uploads\\\/2023\\\/07\\\/2131-calibra-life-cat-konzerva-200g-sensitive-rabbit.webp\",\"datePublished\":\"2023-07-26T10:41:48+00:00\",\"dateModified\":\"2026-05-08T15:43:18+00:00\",\"description\":\"\u0160is hipoalerginis \u0161lapias maistas su triu\u0161iena puikiai tinka suaugusioms kat\u0117ms, ypa\u010d toms, kurios turi jautri\u0105 vir\u0161kinimo sistem\u0105. Vieno baltym\u0173 \u0161altinio formul\u0117 u\u017etikrina auk\u0161t\u0105 maistin\u0119 vert\u0119, o pa\u0161aras yra visi\u0161kai be gr\u016bd\u0173, glitimo ir GMO.\",\"breadcrumb\":{\"@id\":\"https:\\\/\\\/anivet.lt\\\/elparduotuve\\\/produktas\\\/calibra-cat-life-sensitive-rabbit-slapias-kaciu-maistas\\\/#breadcrumb\"},\"inLanguage\":\"lt-LT\",\"potentialAction\":[{\"@type\":\"ReadAction\",\"target\":[\"https:\\\/\\\/anivet.lt\\\/elparduotuve\\\/produktas\\\/calibra-cat-life-sensitive-rabbit-slapias-kaciu-maistas\\\/\"]}]},{\"@type\":\"ImageObject\",\"inLanguage\":\"lt-LT\",\"@id\":\"https:\\\/\\\/anivet.lt\\\/elparduotuve\\\/produktas\\\/calibra-cat-life-sensitive-rabbit-slapias-kaciu-maistas\\\/#primaryimage\",\"url\":\"https:\\\/\\\/anivet.lt\\\/elparduotuve\\\/wp-content\\\/uploads\\\/2023\\\/07\\\/2131-calibra-life-cat-konzerva-200g-sensitive-rabbit.webp\",\"contentUrl\":\"https:\\\/\\\/anivet.lt\\\/elparduotuve\\\/wp-content\\\/uploads\\\/2023\\\/07\\\/2131-calibra-life-cat-konzerva-200g-sensitive-rabbit.webp\",\"width\":1920,\"height\":1920,\"caption\":\"Calibra Cat Life Sensitive Rabbit \u0161lapias ka\u010di\u0173 maistas su triu\u0161iena\"},{\"@type\":\"BreadcrumbList\",\"@id\":\"https:\\\/\\\/anivet.lt\\\/elparduotuve\\\/produktas\\\/calibra-cat-life-sensitive-rabbit-slapias-kaciu-maistas\\\/#breadcrumb\",\"itemListElement\":[{\"@type\":\"ListItem\",\"position\":1,\"name\":\"Home\",\"item\":\"https:\\\/\\\/anivet.lt\\\/elparduotuve\\\/\"},{\"@type\":\"ListItem\",\"position\":2,\"name\":\"Produktai\",\"item\":\"https:\\\/\\\/anivet.lt\\\/elparduotuve\\\/produktai\\\/\"},{\"@type\":\"ListItem\",\"position\":3,\"name\":\"Calibra Cat Life Sensitive Rabbit \u0161lapias ka\u010di\u0173 maistas su triu\u0161iena\"}]},{\"@type\":\"WebSite\",\"@id\":\"https:\\\/\\\/anivet.lt\\\/elparduotuve\\\/#website\",\"url\":\"https:\\\/\\\/anivet.lt\\\/elparduotuve\\\/\",\"name\":\"anivet.lt\",\"description\":\"Viskas J\u016bs\u0173 \u0161uns, kat\u0117s prie\u017ei\u016brai\",\"publisher\":{\"@id\":\"https:\\\/\\\/anivet.lt\\\/elparduotuve\\\/#organization\"},\"alternateName\":\"Viskas J\u016bs\u0173 \u0161uns, kat\u0117s prie\u017ei\u016brai\",\"potentialAction\":[{\"@type\":\"SearchAction\",\"target\":{\"@type\":\"EntryPoint\",\"urlTemplate\":\"https:\\\/\\\/anivet.lt\\\/elparduotuve\\\/?s={search_term_string}\"},\"query-input\":{\"@type\":\"PropertyValueSpecification\",\"valueRequired\":true,\"valueName\":\"search_term_string\"}}],\"inLanguage\":\"lt-LT\"},{\"@type\":\"Organization\",\"@id\":\"https:\\\/\\\/anivet.lt\\\/elparduotuve\\\/#organization\",\"name\":\"Viskas J\u016bs\u0173 \u0161uns, kat\u0117s prie\u017ei\u016brai\",\"url\":\"https:\\\/\\\/anivet.lt\\\/elparduotuve\\\/\",\"logo\":{\"@type\":\"ImageObject\",\"inLanguage\":\"lt-LT\",\"@id\":\"https:\\\/\\\/anivet.lt\\\/elparduotuve\\\/#\\\/schema\\\/logo\\\/image\\\/\",\"url\":\"https:\\\/\\\/anivet.lt\\\/elparduotuve\\\/wp-content\\\/uploads\\\/2023\\\/06\\\/logo2.jpg\",\"contentUrl\":\"https:\\\/\\\/anivet.lt\\\/elparduotuve\\\/wp-content\\\/uploads\\\/2023\\\/06\\\/logo2.jpg\",\"width\":655,\"height\":194,\"caption\":\"Viskas J\u016bs\u0173 \u0161uns, kat\u0117s prie\u017ei\u016brai\"},\"image\":{\"@id\":\"https:\\\/\\\/anivet.lt\\\/elparduotuve\\\/#\\\/schema\\\/logo\\\/image\\\/\"}}]}<\/script>\n<!-- \/ Yoast SEO Premium plugin. -->","yoast_head_json":{"title":"Calibra Cat Life Sensitive Rabbit \u0161lapias ka\u010di\u0173 maistas su triu\u0161iena - anivet.lt","description":"\u0160is hipoalerginis \u0161lapias maistas su triu\u0161iena puikiai tinka suaugusioms kat\u0117ms, ypa\u010d toms, kurios turi jautri\u0105 vir\u0161kinimo sistem\u0105. Vieno baltym\u0173 \u0161altinio formul\u0117 u\u017etikrina auk\u0161t\u0105 maistin\u0119 vert\u0119, o pa\u0161aras yra visi\u0161kai be gr\u016bd\u0173, glitimo ir GMO.","robots":{"index":"index","follow":"follow","max-snippet":"max-snippet:-1","max-image-preview":"max-image-preview:large","max-video-preview":"max-video-preview:-1"},"canonical":"https:\/\/anivet.lt\/elparduotuve\/produktas\/calibra-cat-life-sensitive-rabbit-slapias-kaciu-maistas\/","og_locale":"lt_LT","og_type":"article","og_title":"Calibra Cat Life Sensitive Rabbit \u0161lapias ka\u010di\u0173 maistas su triu\u0161iena","og_description":"\u0160is hipoalerginis \u0161lapias maistas su triu\u0161iena puikiai tinka suaugusioms kat\u0117ms, ypa\u010d toms, kurios turi jautri\u0105 vir\u0161kinimo sistem\u0105. Vieno baltym\u0173 \u0161altinio formul\u0117 u\u017etikrina auk\u0161t\u0105 maistin\u0119 vert\u0119, o pa\u0161aras yra visi\u0161kai be gr\u016bd\u0173, glitimo ir GMO.","og_url":"https:\/\/anivet.lt\/elparduotuve\/produktas\/calibra-cat-life-sensitive-rabbit-slapias-kaciu-maistas\/","og_site_name":"anivet.lt","article_modified_time":"2026-05-08T15:43:18+00:00","og_image":[{"width":1920,"height":1920,"url":"https:\/\/anivet.lt\/elparduotuve\/wp-content\/uploads\/2023\/07\/2131-calibra-life-cat-konzerva-200g-sensitive-rabbit.webp","type":"image\/webp"}],"twitter_card":"summary_large_image","twitter_misc":{"Est. reading time":"1 minut\u0117"},"schema":{"@context":"https:\/\/schema.org","@graph":[{"@type":"WebPage","@id":"https:\/\/anivet.lt\/elparduotuve\/produktas\/calibra-cat-life-sensitive-rabbit-slapias-kaciu-maistas\/","url":"https:\/\/anivet.lt\/elparduotuve\/produktas\/calibra-cat-life-sensitive-rabbit-slapias-kaciu-maistas\/","name":"Calibra Cat Life Sensitive Rabbit \u0161lapias ka\u010di\u0173 maistas su triu\u0161iena - anivet.lt","isPartOf":{"@id":"https:\/\/anivet.lt\/elparduotuve\/#website"},"primaryImageOfPage":{"@id":"https:\/\/anivet.lt\/elparduotuve\/produktas\/calibra-cat-life-sensitive-rabbit-slapias-kaciu-maistas\/#primaryimage"},"image":{"@id":"https:\/\/anivet.lt\/elparduotuve\/produktas\/calibra-cat-life-sensitive-rabbit-slapias-kaciu-maistas\/#primaryimage"},"thumbnailUrl":"https:\/\/anivet.lt\/elparduotuve\/wp-content\/uploads\/2023\/07\/2131-calibra-life-cat-konzerva-200g-sensitive-rabbit.webp","datePublished":"2023-07-26T10:41:48+00:00","dateModified":"2026-05-08T15:43:18+00:00","description":"\u0160is hipoalerginis \u0161lapias maistas su triu\u0161iena puikiai tinka suaugusioms kat\u0117ms, ypa\u010d toms, kurios turi jautri\u0105 vir\u0161kinimo sistem\u0105. Vieno baltym\u0173 \u0161altinio formul\u0117 u\u017etikrina auk\u0161t\u0105 maistin\u0119 vert\u0119, o pa\u0161aras yra visi\u0161kai be gr\u016bd\u0173, glitimo ir GMO.","breadcrumb":{"@id":"https:\/\/anivet.lt\/elparduotuve\/produktas\/calibra-cat-life-sensitive-rabbit-slapias-kaciu-maistas\/#breadcrumb"},"inLanguage":"lt-LT","potentialAction":[{"@type":"ReadAction","target":["https:\/\/anivet.lt\/elparduotuve\/produktas\/calibra-cat-life-sensitive-rabbit-slapias-kaciu-maistas\/"]}]},{"@type":"ImageObject","inLanguage":"lt-LT","@id":"https:\/\/anivet.lt\/elparduotuve\/produktas\/calibra-cat-life-sensitive-rabbit-slapias-kaciu-maistas\/#primaryimage","url":"https:\/\/anivet.lt\/elparduotuve\/wp-content\/uploads\/2023\/07\/2131-calibra-life-cat-konzerva-200g-sensitive-rabbit.webp","contentUrl":"https:\/\/anivet.lt\/elparduotuve\/wp-content\/uploads\/2023\/07\/2131-calibra-life-cat-konzerva-200g-sensitive-rabbit.webp","width":1920,"height":1920,"caption":"Calibra Cat Life Sensitive Rabbit \u0161lapias ka\u010di\u0173 maistas su triu\u0161iena"},{"@type":"BreadcrumbList","@id":"https:\/\/anivet.lt\/elparduotuve\/produktas\/calibra-cat-life-sensitive-rabbit-slapias-kaciu-maistas\/#breadcrumb","itemListElement":[{"@type":"ListItem","position":1,"name":"Home","item":"https:\/\/anivet.lt\/elparduotuve\/"},{"@type":"ListItem","position":2,"name":"Produktai","item":"https:\/\/anivet.lt\/elparduotuve\/produktai\/"},{"@type":"ListItem","position":3,"name":"Calibra Cat Life Sensitive Rabbit \u0161lapias ka\u010di\u0173 maistas su triu\u0161iena"}]},{"@type":"WebSite","@id":"https:\/\/anivet.lt\/elparduotuve\/#website","url":"https:\/\/anivet.lt\/elparduotuve\/","name":"anivet.lt","description":"Viskas J\u016bs\u0173 \u0161uns, kat\u0117s prie\u017ei\u016brai","publisher":{"@id":"https:\/\/anivet.lt\/elparduotuve\/#organization"},"alternateName":"Viskas J\u016bs\u0173 \u0161uns, kat\u0117s prie\u017ei\u016brai","potentialAction":[{"@type":"SearchAction","target":{"@type":"EntryPoint","urlTemplate":"https:\/\/anivet.lt\/elparduotuve\/?s={search_term_string}"},"query-input":{"@type":"PropertyValueSpecification","valueRequired":true,"valueName":"search_term_string"}}],"inLanguage":"lt-LT"},{"@type":"Organization","@id":"https:\/\/anivet.lt\/elparduotuve\/#organization","name":"Viskas J\u016bs\u0173 \u0161uns, kat\u0117s prie\u017ei\u016brai","url":"https:\/\/anivet.lt\/elparduotuve\/","logo":{"@type":"ImageObject","inLanguage":"lt-LT","@id":"https:\/\/anivet.lt\/elparduotuve\/#\/schema\/logo\/image\/","url":"https:\/\/anivet.lt\/elparduotuve\/wp-content\/uploads\/2023\/06\/logo2.jpg","contentUrl":"https:\/\/anivet.lt\/elparduotuve\/wp-content\/uploads\/2023\/06\/logo2.jpg","width":655,"height":194,"caption":"Viskas J\u016bs\u0173 \u0161uns, kat\u0117s prie\u017ei\u016brai"},"image":{"@id":"https:\/\/anivet.lt\/elparduotuve\/#\/schema\/logo\/image\/"}}]}},"_links":{"self":[{"href":"https:\/\/anivet.lt\/elparduotuve\/wp-json\/wp\/v2\/product\/10733","targetHints":{"allow":["GET"]}}],"collection":[{"href":"https:\/\/anivet.lt\/elparduotuve\/wp-json\/wp\/v2\/product"}],"about":[{"href":"https:\/\/anivet.lt\/elparduotuve\/wp-json\/wp\/v2\/types\/product"}],"wp:featuredmedia":[{"embeddable":true,"href":"https:\/\/anivet.lt\/elparduotuve\/wp-json\/wp\/v2\/media\/10737"}],"wp:attachment":[{"href":"https:\/\/anivet.lt\/elparduotuve\/wp-json\/wp\/v2\/media?parent=10733"}],"wp:term":[{"taxonomy":"product_brand","embeddable":true,"href":"https:\/\/anivet.lt\/elparduotuve\/wp-json\/wp\/v2\/product_brand?post=10733"},{"taxonomy":"product_cat","embeddable":true,"href":"https:\/\/anivet.lt\/elparduotuve\/wp-json\/wp\/v2\/product_cat?post=10733"},{"taxonomy":"product_tag","embeddable":true,"href":"https:\/\/anivet.lt\/elparduotuve\/wp-json\/wp\/v2\/product_tag?post=10733"}],"curies":[{"name":"wp","href":"https:\/\/api.w.org\/{rel}","templated":true}]}}