{"id":10736,"date":"2023-07-26T10:49:22","date_gmt":"2023-07-26T10:49:22","guid":{"rendered":"https:\/\/anivet.lt\/elparduotuve\/?post_type=product&#038;p=10736"},"modified":"2026-04-16T14:18:04","modified_gmt":"2026-04-16T14:18:04","slug":"exclusion-hypoallergenic-sunu-konservai-su-triusiena","status":"publish","type":"product","link":"https:\/\/anivet.lt\/elparduotuve\/produktas\/exclusion-hypoallergenic-sunu-konservai-su-triusiena\/","title":{"rendered":"Exclusion Hypoallergenic \u0161un\u0173 konservai su triu\u0161iena"},"content":{"rendered":"<ul>\n<li style=\"font-weight: 400;\" aria-level=\"1\"><span style=\"font-weight: 400;\">Hipoalergin\u0117 dieta: Sud\u0117tyje tik vienas baltym\u0173 \u0161altinis \u2013 triu\u0161iena, padeda suma\u017einti alergijos simptomus.<\/span><\/li>\n<li style=\"font-weight: 400;\" aria-level=\"1\"><span style=\"font-weight: 400;\">Lengvai vir\u0161kinamas: Be gr\u016bd\u0173, tod\u0117l lengvai toleruojamas ir gerai \u012fsisavinamas.<\/span><\/li>\n<li style=\"font-weight: 400;\" aria-level=\"1\"><span style=\"font-weight: 400;\">Sveikai odai ir kailiui: Praturtintas lin\u0173 s\u0117men\u0173 riebal\u0173 r\u016bg\u0161timis, kurios palaiko sveik\u0105 od\u0105 ir kail\u012f.<\/span><\/li>\n<li style=\"font-weight: 400;\" aria-level=\"1\"><span style=\"font-weight: 400;\">U\u017edegim\u0173 ma\u017einimui: Alavijas mal\u0161ina u\u017edegimus ir padeda palaikyti \u0161uns gerov\u0119.<\/span><\/li>\n<li style=\"font-weight: 400;\" aria-level=\"1\"><span style=\"font-weight: 400;\">Kokybi\u0161ki ingredientai: Sud\u0117tyje tik nat\u016bral\u016bs ingredientai \u2013 triu\u0161iena, bulv\u0117s ir rozmarinas.<\/span><\/li>\n<\/ul>\n<p><span style=\"font-weight: 400;\">\u201eExclusion Hypoalergenic\u201d konservai \u0161unims su triu\u0161iena yra puikus pasirinkimas \u0161unims, kuriems reikia specializuotos dietos. \u0160ie konservai u\u017etikrina ne tik ger\u0105 vir\u0161kinim\u0105, bet ir padeda palaikyti sveik\u0105 od\u0105 ir kail\u012f, nes juose yra tik paprasti ir auk\u0161tos kokyb\u0117s ingredientai.<\/span><\/p>\n","protected":false},"excerpt":{"rendered":"<p><span style=\"font-weight: 400;\">\u0160ie konservai yra subalansuotas maistas suaugusiems \u0161unims, kuriems pasirei\u0161kia alergija maistui. Naudojant tik vien\u0105 gyv\u016bnin\u0117s kilm\u0117s baltym\u0173 \u0161altin\u012f ir be gr\u016bd\u0173, \u0161ie konservai puikiai tinka \u0161unims, turintiems jautri\u0105 vir\u0161kinimo sistem\u0105.<\/span><\/p>\n","protected":false},"featured_media":10740,"template":"","meta":[],"product_brand":[],"product_cat":[101,103,107,317],"product_tag":[],"class_list":{"0":"post-10736","1":"product","2":"type-product","3":"status-publish","4":"has-post-thumbnail","6":"product_cat-sunims","7":"product_cat-sunu-maistas","8":"product_cat-veterinarine-dieta","9":"product_cat-exclusion-sunu-maistas","10":"pa_prekinis-zenklas-exclusion","12":"first","13":"instock","14":"taxable","15":"shipping-taxable","16":"purchasable","17":"product-type-variable"},"yoast_head":"<!-- This site is optimized with the Yoast SEO Premium plugin v27.1 (Yoast SEO v27.5) - https:\/\/yoast.com\/product\/yoast-seo-premium-wordpress\/ -->\n<title>Exclusion Hypoallergenic \u0161un\u0173 konservai su triu\u0161iena - anivet.lt<\/title>\n<meta name=\"description\" content=\"\u0160ie konservai yra subalansuotas maistas suaugusiems \u0161unims, kuriems pasirei\u0161kia alergija maistui. Naudojant tik vien\u0105 gyv\u016bnin\u0117s kilm\u0117s baltym\u0173 \u0161altin\u012f ir be gr\u016bd\u0173, \u0161ie konservai puikiai tinka \u0161unims, turintiems jautri\u0105 vir\u0161kinimo sistem\u0105.\" \/>\n<meta name=\"robots\" content=\"index, follow, max-snippet:-1, max-image-preview:large, max-video-preview:-1\" \/>\n<link rel=\"canonical\" href=\"https:\/\/anivet.lt\/elparduotuve\/produktas\/exclusion-hypoallergenic-sunu-konservai-su-triusiena\/\" \/>\n<meta property=\"og:locale\" content=\"lt_LT\" \/>\n<meta property=\"og:type\" content=\"article\" \/>\n<meta property=\"og:title\" content=\"Exclusion Hypoallergenic \u0161un\u0173 konservai su triu\u0161iena\" \/>\n<meta property=\"og:description\" content=\"\u0160ie konservai yra subalansuotas maistas suaugusiems \u0161unims, kuriems pasirei\u0161kia alergija maistui. Naudojant tik vien\u0105 gyv\u016bnin\u0117s kilm\u0117s baltym\u0173 \u0161altin\u012f ir be gr\u016bd\u0173, \u0161ie konservai puikiai tinka \u0161unims, turintiems jautri\u0105 vir\u0161kinimo sistem\u0105.\" \/>\n<meta property=\"og:url\" content=\"https:\/\/anivet.lt\/elparduotuve\/produktas\/exclusion-hypoallergenic-sunu-konservai-su-triusiena\/\" \/>\n<meta property=\"og:site_name\" content=\"anivet.lt\" \/>\n<meta property=\"article:modified_time\" content=\"2026-04-16T14:18:04+00:00\" \/>\n<meta property=\"og:image\" content=\"https:\/\/anivet.lt\/elparduotuve\/wp-content\/uploads\/2023\/07\/exclusive-konservai-sunims-su-triusiena-maistas-suaugusiems-sunims.png\" \/>\n\t<meta property=\"og:image:width\" content=\"600\" \/>\n\t<meta property=\"og:image:height\" content=\"600\" \/>\n\t<meta property=\"og:image:type\" content=\"image\/png\" \/>\n<meta name=\"twitter:card\" content=\"summary_large_image\" \/>\n<meta name=\"twitter:label1\" content=\"Est. reading time\" \/>\n\t<meta name=\"twitter:data1\" content=\"1 minut\u0117\" \/>\n<script type=\"application\/ld+json\" class=\"yoast-schema-graph\">{\"@context\":\"https:\\\/\\\/schema.org\",\"@graph\":[{\"@type\":\"WebPage\",\"@id\":\"https:\\\/\\\/anivet.lt\\\/elparduotuve\\\/produktas\\\/exclusion-hypoallergenic-sunu-konservai-su-triusiena\\\/\",\"url\":\"https:\\\/\\\/anivet.lt\\\/elparduotuve\\\/produktas\\\/exclusion-hypoallergenic-sunu-konservai-su-triusiena\\\/\",\"name\":\"Exclusion Hypoallergenic \u0161un\u0173 konservai su triu\u0161iena - anivet.lt\",\"isPartOf\":{\"@id\":\"https:\\\/\\\/anivet.lt\\\/elparduotuve\\\/#website\"},\"primaryImageOfPage\":{\"@id\":\"https:\\\/\\\/anivet.lt\\\/elparduotuve\\\/produktas\\\/exclusion-hypoallergenic-sunu-konservai-su-triusiena\\\/#primaryimage\"},\"image\":{\"@id\":\"https:\\\/\\\/anivet.lt\\\/elparduotuve\\\/produktas\\\/exclusion-hypoallergenic-sunu-konservai-su-triusiena\\\/#primaryimage\"},\"thumbnailUrl\":\"https:\\\/\\\/anivet.lt\\\/elparduotuve\\\/wp-content\\\/uploads\\\/2023\\\/07\\\/exclusive-konservai-sunims-su-triusiena-maistas-suaugusiems-sunims.png\",\"datePublished\":\"2023-07-26T10:49:22+00:00\",\"dateModified\":\"2026-04-16T14:18:04+00:00\",\"description\":\"\u0160ie konservai yra subalansuotas maistas suaugusiems \u0161unims, kuriems pasirei\u0161kia alergija maistui. Naudojant tik vien\u0105 gyv\u016bnin\u0117s kilm\u0117s baltym\u0173 \u0161altin\u012f ir be gr\u016bd\u0173, \u0161ie konservai puikiai tinka \u0161unims, turintiems jautri\u0105 vir\u0161kinimo sistem\u0105.\",\"breadcrumb\":{\"@id\":\"https:\\\/\\\/anivet.lt\\\/elparduotuve\\\/produktas\\\/exclusion-hypoallergenic-sunu-konservai-su-triusiena\\\/#breadcrumb\"},\"inLanguage\":\"lt-LT\",\"potentialAction\":[{\"@type\":\"ReadAction\",\"target\":[\"https:\\\/\\\/anivet.lt\\\/elparduotuve\\\/produktas\\\/exclusion-hypoallergenic-sunu-konservai-su-triusiena\\\/\"]}]},{\"@type\":\"ImageObject\",\"inLanguage\":\"lt-LT\",\"@id\":\"https:\\\/\\\/anivet.lt\\\/elparduotuve\\\/produktas\\\/exclusion-hypoallergenic-sunu-konservai-su-triusiena\\\/#primaryimage\",\"url\":\"https:\\\/\\\/anivet.lt\\\/elparduotuve\\\/wp-content\\\/uploads\\\/2023\\\/07\\\/exclusive-konservai-sunims-su-triusiena-maistas-suaugusiems-sunims.png\",\"contentUrl\":\"https:\\\/\\\/anivet.lt\\\/elparduotuve\\\/wp-content\\\/uploads\\\/2023\\\/07\\\/exclusive-konservai-sunims-su-triusiena-maistas-suaugusiems-sunims.png\",\"width\":600,\"height\":600,\"caption\":\"Exclusion Hypoallergenic \u0161un\u0173 konservai su triu\u0161iena\"},{\"@type\":\"BreadcrumbList\",\"@id\":\"https:\\\/\\\/anivet.lt\\\/elparduotuve\\\/produktas\\\/exclusion-hypoallergenic-sunu-konservai-su-triusiena\\\/#breadcrumb\",\"itemListElement\":[{\"@type\":\"ListItem\",\"position\":1,\"name\":\"Home\",\"item\":\"https:\\\/\\\/anivet.lt\\\/elparduotuve\\\/\"},{\"@type\":\"ListItem\",\"position\":2,\"name\":\"Produktai\",\"item\":\"https:\\\/\\\/anivet.lt\\\/elparduotuve\\\/produktai\\\/\"},{\"@type\":\"ListItem\",\"position\":3,\"name\":\"Exclusion Hypoallergenic \u0161un\u0173 konservai su triu\u0161iena\"}]},{\"@type\":\"WebSite\",\"@id\":\"https:\\\/\\\/anivet.lt\\\/elparduotuve\\\/#website\",\"url\":\"https:\\\/\\\/anivet.lt\\\/elparduotuve\\\/\",\"name\":\"anivet.lt\",\"description\":\"Viskas J\u016bs\u0173 \u0161uns, kat\u0117s prie\u017ei\u016brai\",\"publisher\":{\"@id\":\"https:\\\/\\\/anivet.lt\\\/elparduotuve\\\/#organization\"},\"alternateName\":\"Viskas J\u016bs\u0173 \u0161uns, kat\u0117s prie\u017ei\u016brai\",\"potentialAction\":[{\"@type\":\"SearchAction\",\"target\":{\"@type\":\"EntryPoint\",\"urlTemplate\":\"https:\\\/\\\/anivet.lt\\\/elparduotuve\\\/?s={search_term_string}\"},\"query-input\":{\"@type\":\"PropertyValueSpecification\",\"valueRequired\":true,\"valueName\":\"search_term_string\"}}],\"inLanguage\":\"lt-LT\"},{\"@type\":\"Organization\",\"@id\":\"https:\\\/\\\/anivet.lt\\\/elparduotuve\\\/#organization\",\"name\":\"Viskas J\u016bs\u0173 \u0161uns, kat\u0117s prie\u017ei\u016brai\",\"url\":\"https:\\\/\\\/anivet.lt\\\/elparduotuve\\\/\",\"logo\":{\"@type\":\"ImageObject\",\"inLanguage\":\"lt-LT\",\"@id\":\"https:\\\/\\\/anivet.lt\\\/elparduotuve\\\/#\\\/schema\\\/logo\\\/image\\\/\",\"url\":\"https:\\\/\\\/anivet.lt\\\/elparduotuve\\\/wp-content\\\/uploads\\\/2023\\\/06\\\/logo2.jpg\",\"contentUrl\":\"https:\\\/\\\/anivet.lt\\\/elparduotuve\\\/wp-content\\\/uploads\\\/2023\\\/06\\\/logo2.jpg\",\"width\":655,\"height\":194,\"caption\":\"Viskas J\u016bs\u0173 \u0161uns, kat\u0117s prie\u017ei\u016brai\"},\"image\":{\"@id\":\"https:\\\/\\\/anivet.lt\\\/elparduotuve\\\/#\\\/schema\\\/logo\\\/image\\\/\"}}]}<\/script>\n<!-- \/ Yoast SEO Premium plugin. -->","yoast_head_json":{"title":"Exclusion Hypoallergenic \u0161un\u0173 konservai su triu\u0161iena - anivet.lt","description":"\u0160ie konservai yra subalansuotas maistas suaugusiems \u0161unims, kuriems pasirei\u0161kia alergija maistui. Naudojant tik vien\u0105 gyv\u016bnin\u0117s kilm\u0117s baltym\u0173 \u0161altin\u012f ir be gr\u016bd\u0173, \u0161ie konservai puikiai tinka \u0161unims, turintiems jautri\u0105 vir\u0161kinimo sistem\u0105.","robots":{"index":"index","follow":"follow","max-snippet":"max-snippet:-1","max-image-preview":"max-image-preview:large","max-video-preview":"max-video-preview:-1"},"canonical":"https:\/\/anivet.lt\/elparduotuve\/produktas\/exclusion-hypoallergenic-sunu-konservai-su-triusiena\/","og_locale":"lt_LT","og_type":"article","og_title":"Exclusion Hypoallergenic \u0161un\u0173 konservai su triu\u0161iena","og_description":"\u0160ie konservai yra subalansuotas maistas suaugusiems \u0161unims, kuriems pasirei\u0161kia alergija maistui. Naudojant tik vien\u0105 gyv\u016bnin\u0117s kilm\u0117s baltym\u0173 \u0161altin\u012f ir be gr\u016bd\u0173, \u0161ie konservai puikiai tinka \u0161unims, turintiems jautri\u0105 vir\u0161kinimo sistem\u0105.","og_url":"https:\/\/anivet.lt\/elparduotuve\/produktas\/exclusion-hypoallergenic-sunu-konservai-su-triusiena\/","og_site_name":"anivet.lt","article_modified_time":"2026-04-16T14:18:04+00:00","og_image":[{"width":600,"height":600,"url":"https:\/\/anivet.lt\/elparduotuve\/wp-content\/uploads\/2023\/07\/exclusive-konservai-sunims-su-triusiena-maistas-suaugusiems-sunims.png","type":"image\/png"}],"twitter_card":"summary_large_image","twitter_misc":{"Est. reading time":"1 minut\u0117"},"schema":{"@context":"https:\/\/schema.org","@graph":[{"@type":"WebPage","@id":"https:\/\/anivet.lt\/elparduotuve\/produktas\/exclusion-hypoallergenic-sunu-konservai-su-triusiena\/","url":"https:\/\/anivet.lt\/elparduotuve\/produktas\/exclusion-hypoallergenic-sunu-konservai-su-triusiena\/","name":"Exclusion Hypoallergenic \u0161un\u0173 konservai su triu\u0161iena - anivet.lt","isPartOf":{"@id":"https:\/\/anivet.lt\/elparduotuve\/#website"},"primaryImageOfPage":{"@id":"https:\/\/anivet.lt\/elparduotuve\/produktas\/exclusion-hypoallergenic-sunu-konservai-su-triusiena\/#primaryimage"},"image":{"@id":"https:\/\/anivet.lt\/elparduotuve\/produktas\/exclusion-hypoallergenic-sunu-konservai-su-triusiena\/#primaryimage"},"thumbnailUrl":"https:\/\/anivet.lt\/elparduotuve\/wp-content\/uploads\/2023\/07\/exclusive-konservai-sunims-su-triusiena-maistas-suaugusiems-sunims.png","datePublished":"2023-07-26T10:49:22+00:00","dateModified":"2026-04-16T14:18:04+00:00","description":"\u0160ie konservai yra subalansuotas maistas suaugusiems \u0161unims, kuriems pasirei\u0161kia alergija maistui. Naudojant tik vien\u0105 gyv\u016bnin\u0117s kilm\u0117s baltym\u0173 \u0161altin\u012f ir be gr\u016bd\u0173, \u0161ie konservai puikiai tinka \u0161unims, turintiems jautri\u0105 vir\u0161kinimo sistem\u0105.","breadcrumb":{"@id":"https:\/\/anivet.lt\/elparduotuve\/produktas\/exclusion-hypoallergenic-sunu-konservai-su-triusiena\/#breadcrumb"},"inLanguage":"lt-LT","potentialAction":[{"@type":"ReadAction","target":["https:\/\/anivet.lt\/elparduotuve\/produktas\/exclusion-hypoallergenic-sunu-konservai-su-triusiena\/"]}]},{"@type":"ImageObject","inLanguage":"lt-LT","@id":"https:\/\/anivet.lt\/elparduotuve\/produktas\/exclusion-hypoallergenic-sunu-konservai-su-triusiena\/#primaryimage","url":"https:\/\/anivet.lt\/elparduotuve\/wp-content\/uploads\/2023\/07\/exclusive-konservai-sunims-su-triusiena-maistas-suaugusiems-sunims.png","contentUrl":"https:\/\/anivet.lt\/elparduotuve\/wp-content\/uploads\/2023\/07\/exclusive-konservai-sunims-su-triusiena-maistas-suaugusiems-sunims.png","width":600,"height":600,"caption":"Exclusion Hypoallergenic \u0161un\u0173 konservai su triu\u0161iena"},{"@type":"BreadcrumbList","@id":"https:\/\/anivet.lt\/elparduotuve\/produktas\/exclusion-hypoallergenic-sunu-konservai-su-triusiena\/#breadcrumb","itemListElement":[{"@type":"ListItem","position":1,"name":"Home","item":"https:\/\/anivet.lt\/elparduotuve\/"},{"@type":"ListItem","position":2,"name":"Produktai","item":"https:\/\/anivet.lt\/elparduotuve\/produktai\/"},{"@type":"ListItem","position":3,"name":"Exclusion Hypoallergenic \u0161un\u0173 konservai su triu\u0161iena"}]},{"@type":"WebSite","@id":"https:\/\/anivet.lt\/elparduotuve\/#website","url":"https:\/\/anivet.lt\/elparduotuve\/","name":"anivet.lt","description":"Viskas J\u016bs\u0173 \u0161uns, kat\u0117s prie\u017ei\u016brai","publisher":{"@id":"https:\/\/anivet.lt\/elparduotuve\/#organization"},"alternateName":"Viskas J\u016bs\u0173 \u0161uns, kat\u0117s prie\u017ei\u016brai","potentialAction":[{"@type":"SearchAction","target":{"@type":"EntryPoint","urlTemplate":"https:\/\/anivet.lt\/elparduotuve\/?s={search_term_string}"},"query-input":{"@type":"PropertyValueSpecification","valueRequired":true,"valueName":"search_term_string"}}],"inLanguage":"lt-LT"},{"@type":"Organization","@id":"https:\/\/anivet.lt\/elparduotuve\/#organization","name":"Viskas J\u016bs\u0173 \u0161uns, kat\u0117s prie\u017ei\u016brai","url":"https:\/\/anivet.lt\/elparduotuve\/","logo":{"@type":"ImageObject","inLanguage":"lt-LT","@id":"https:\/\/anivet.lt\/elparduotuve\/#\/schema\/logo\/image\/","url":"https:\/\/anivet.lt\/elparduotuve\/wp-content\/uploads\/2023\/06\/logo2.jpg","contentUrl":"https:\/\/anivet.lt\/elparduotuve\/wp-content\/uploads\/2023\/06\/logo2.jpg","width":655,"height":194,"caption":"Viskas J\u016bs\u0173 \u0161uns, kat\u0117s prie\u017ei\u016brai"},"image":{"@id":"https:\/\/anivet.lt\/elparduotuve\/#\/schema\/logo\/image\/"}}]}},"_links":{"self":[{"href":"https:\/\/anivet.lt\/elparduotuve\/wp-json\/wp\/v2\/product\/10736","targetHints":{"allow":["GET"]}}],"collection":[{"href":"https:\/\/anivet.lt\/elparduotuve\/wp-json\/wp\/v2\/product"}],"about":[{"href":"https:\/\/anivet.lt\/elparduotuve\/wp-json\/wp\/v2\/types\/product"}],"wp:featuredmedia":[{"embeddable":true,"href":"https:\/\/anivet.lt\/elparduotuve\/wp-json\/wp\/v2\/media\/10740"}],"wp:attachment":[{"href":"https:\/\/anivet.lt\/elparduotuve\/wp-json\/wp\/v2\/media?parent=10736"}],"wp:term":[{"taxonomy":"product_brand","embeddable":true,"href":"https:\/\/anivet.lt\/elparduotuve\/wp-json\/wp\/v2\/product_brand?post=10736"},{"taxonomy":"product_cat","embeddable":true,"href":"https:\/\/anivet.lt\/elparduotuve\/wp-json\/wp\/v2\/product_cat?post=10736"},{"taxonomy":"product_tag","embeddable":true,"href":"https:\/\/anivet.lt\/elparduotuve\/wp-json\/wp\/v2\/product_tag?post=10736"}],"curies":[{"name":"wp","href":"https:\/\/api.w.org\/{rel}","templated":true}]}}