{"id":10738,"date":"2023-07-26T10:49:30","date_gmt":"2023-07-26T10:49:30","guid":{"rendered":"https:\/\/anivet.lt\/elparduotuve\/?post_type=product&#038;p=10738"},"modified":"2026-04-23T15:25:26","modified_gmt":"2026-04-23T15:25:26","slug":"calibra-cat-life-sterilised-duck-slapias-kastruotu-kaciu-maistas","status":"publish","type":"product","link":"https:\/\/anivet.lt\/elparduotuve\/produktas\/calibra-cat-life-sterilised-duck-slapias-kastruotu-kaciu-maistas\/","title":{"rendered":"Calibra Cat Life Sterilised Duck \u0161lapias kastruot\u0173 ka\u010di\u0173 maistas su antiena"},"content":{"rendered":"<ul>\n<li style=\"font-weight: 400;\" aria-level=\"1\"><span style=\"font-weight: 400;\">Auk\u0161tos kokyb\u0117s ingredientai: Sud\u0117tyje yra 70 % antienos, u\u017etikrinan\u010dios nat\u016bral\u0173 ir gerai vir\u0161kinam\u0105 baltym\u0173 \u0161altin\u012f.<\/span><\/li>\n<li style=\"font-weight: 400;\" aria-level=\"1\"><span style=\"font-weight: 400;\">Subalansuotas kalorij\u0173 kiekis: Tinkamas sterilizuotoms kat\u0117ms, padeda palaikyti ideal\u0173 k\u016bno svor\u012f.<\/span><\/li>\n<li style=\"font-weight: 400;\" aria-level=\"1\"><span style=\"font-weight: 400;\">Praturtintas taurinu: Esmin\u0117 aminor\u016bg\u0161tis, svarbi aki\u0173 ir \u0161irdies funkcijoms palaikyti.<\/span><\/li>\n<li style=\"font-weight: 400;\" aria-level=\"1\"><span style=\"font-weight: 400;\">Omega-3 riebal\u0173 r\u016bg\u0161tys: La\u0161i\u0161\u0173 aliejus padeda i\u0161laikyti sveik\u0105 od\u0105, blizgant\u012f kail\u012f ir palaiko smegen\u0173 veikl\u0105.<\/span><\/li>\n<li style=\"font-weight: 400;\" aria-level=\"1\"><span style=\"font-weight: 400;\">Spanguoli\u0173 lapai: Turi antioksidant\u0173, diuretini\u0173 ir antimikrobini\u0173 savybi\u0173, kurios prisideda prie \u0161lapimo tak\u0173 sveikatos.<\/span><\/li>\n<\/ul>\n<p><span style=\"font-weight: 400;\">\u201eCalibra Cat Life Sterilised Duck\u201c yra subalansuotas, maistingas ir gardus pasirinkimas, padedantis u\u017etikrinti sterilizuot\u0173 ka\u010di\u0173 sveikat\u0105 ir ger\u0105 savijaut\u0105. Puikus skonis ir funkcional\u016bs ingredientai j\u016bs\u0173 augintiniui kiekvien\u0105 dien\u0105.<\/span><\/p>\n","protected":false},"excerpt":{"rendered":"<p><span style=\"font-weight: 400;\">\u0160is visavertis \u0161lapias pa\u0161aras su antiena yra specialiai sukurtas sterilizuotoms ir kastruotoms kat\u0117ms. Pa\u0161aras sudarytas i\u0161 auk\u0161tos kokyb\u0117s ingredient\u0173, turi subalansuot\u0105 kalorij\u0173 kiek\u012f ir vien\u0105 baltym\u0173 \u0161altin\u012f. Be gr\u016bd\u0173 ir glitimo, tod\u0117l puikiai tinka jautrioms vir\u0161kinimo sistemoms.<\/span><\/p>\n","protected":false},"featured_media":10747,"template":"","meta":[],"product_brand":[],"product_cat":[114,102,116,339],"product_tag":[],"class_list":{"0":"post-10738","1":"product","2":"type-product","3":"status-publish","4":"has-post-thumbnail","6":"product_cat-kaciu-maistas","7":"product_cat-katems","8":"product_cat-konservai-katems","9":"product_cat-calibra-kaciu-maistas","10":"pa_prekinis-zenklas-calibra","12":"first","13":"instock","14":"taxable","15":"shipping-taxable","16":"purchasable","17":"product-type-simple"},"yoast_head":"<!-- This site is optimized with the Yoast SEO Premium plugin v27.1 (Yoast SEO v27.5) - https:\/\/yoast.com\/product\/yoast-seo-premium-wordpress\/ -->\n<title>Calibra Cat Life Sterilised Duck \u0161lapias kastruot\u0173 ka\u010di\u0173 maistas su antiena - anivet.lt<\/title>\n<meta name=\"description\" content=\"\u0160is visavertis \u0161lapias pa\u0161aras su antiena yra specialiai sukurtas sterilizuotoms ir kastruotoms kat\u0117ms. Pa\u0161aras sudarytas i\u0161 auk\u0161tos kokyb\u0117s ingredient\u0173, turi subalansuot\u0105 kalorij\u0173 kiek\u012f ir vien\u0105 baltym\u0173 \u0161altin\u012f. Be gr\u016bd\u0173 ir glitimo, tod\u0117l puikiai tinka jautrioms vir\u0161kinimo sistemoms.\" \/>\n<meta name=\"robots\" content=\"index, follow, max-snippet:-1, max-image-preview:large, max-video-preview:-1\" \/>\n<link rel=\"canonical\" href=\"https:\/\/anivet.lt\/elparduotuve\/produktas\/calibra-cat-life-sterilised-duck-slapias-kastruotu-kaciu-maistas\/\" \/>\n<meta property=\"og:locale\" content=\"lt_LT\" \/>\n<meta property=\"og:type\" content=\"article\" \/>\n<meta property=\"og:title\" content=\"Calibra Cat Life Sterilised Duck \u0161lapias kastruot\u0173 ka\u010di\u0173 maistas su antiena\" \/>\n<meta property=\"og:description\" content=\"\u0160is visavertis \u0161lapias pa\u0161aras su antiena yra specialiai sukurtas sterilizuotoms ir kastruotoms kat\u0117ms. Pa\u0161aras sudarytas i\u0161 auk\u0161tos kokyb\u0117s ingredient\u0173, turi subalansuot\u0105 kalorij\u0173 kiek\u012f ir vien\u0105 baltym\u0173 \u0161altin\u012f. Be gr\u016bd\u0173 ir glitimo, tod\u0117l puikiai tinka jautrioms vir\u0161kinimo sistemoms.\" \/>\n<meta property=\"og:url\" content=\"https:\/\/anivet.lt\/elparduotuve\/produktas\/calibra-cat-life-sterilised-duck-slapias-kastruotu-kaciu-maistas\/\" \/>\n<meta property=\"og:site_name\" content=\"anivet.lt\" \/>\n<meta property=\"article:modified_time\" content=\"2026-04-23T15:25:26+00:00\" \/>\n<meta property=\"og:image\" content=\"https:\/\/anivet.lt\/elparduotuve\/wp-content\/uploads\/2023\/07\/2086-calibra-life-cat-konzerva-200g-sterilised-duck.webp\" \/>\n\t<meta property=\"og:image:width\" content=\"1920\" \/>\n\t<meta property=\"og:image:height\" content=\"1920\" \/>\n\t<meta property=\"og:image:type\" content=\"image\/webp\" \/>\n<meta name=\"twitter:card\" content=\"summary_large_image\" \/>\n<meta name=\"twitter:label1\" content=\"Est. reading time\" \/>\n\t<meta name=\"twitter:data1\" content=\"1 minut\u0117\" \/>\n<script type=\"application\/ld+json\" class=\"yoast-schema-graph\">{\"@context\":\"https:\\\/\\\/schema.org\",\"@graph\":[{\"@type\":\"WebPage\",\"@id\":\"https:\\\/\\\/anivet.lt\\\/elparduotuve\\\/produktas\\\/calibra-cat-life-sterilised-duck-slapias-kastruotu-kaciu-maistas\\\/\",\"url\":\"https:\\\/\\\/anivet.lt\\\/elparduotuve\\\/produktas\\\/calibra-cat-life-sterilised-duck-slapias-kastruotu-kaciu-maistas\\\/\",\"name\":\"Calibra Cat Life Sterilised Duck \u0161lapias kastruot\u0173 ka\u010di\u0173 maistas su antiena - anivet.lt\",\"isPartOf\":{\"@id\":\"https:\\\/\\\/anivet.lt\\\/elparduotuve\\\/#website\"},\"primaryImageOfPage\":{\"@id\":\"https:\\\/\\\/anivet.lt\\\/elparduotuve\\\/produktas\\\/calibra-cat-life-sterilised-duck-slapias-kastruotu-kaciu-maistas\\\/#primaryimage\"},\"image\":{\"@id\":\"https:\\\/\\\/anivet.lt\\\/elparduotuve\\\/produktas\\\/calibra-cat-life-sterilised-duck-slapias-kastruotu-kaciu-maistas\\\/#primaryimage\"},\"thumbnailUrl\":\"https:\\\/\\\/anivet.lt\\\/elparduotuve\\\/wp-content\\\/uploads\\\/2023\\\/07\\\/2086-calibra-life-cat-konzerva-200g-sterilised-duck.webp\",\"datePublished\":\"2023-07-26T10:49:30+00:00\",\"dateModified\":\"2026-04-23T15:25:26+00:00\",\"description\":\"\u0160is visavertis \u0161lapias pa\u0161aras su antiena yra specialiai sukurtas sterilizuotoms ir kastruotoms kat\u0117ms. Pa\u0161aras sudarytas i\u0161 auk\u0161tos kokyb\u0117s ingredient\u0173, turi subalansuot\u0105 kalorij\u0173 kiek\u012f ir vien\u0105 baltym\u0173 \u0161altin\u012f. Be gr\u016bd\u0173 ir glitimo, tod\u0117l puikiai tinka jautrioms vir\u0161kinimo sistemoms.\",\"breadcrumb\":{\"@id\":\"https:\\\/\\\/anivet.lt\\\/elparduotuve\\\/produktas\\\/calibra-cat-life-sterilised-duck-slapias-kastruotu-kaciu-maistas\\\/#breadcrumb\"},\"inLanguage\":\"lt-LT\",\"potentialAction\":[{\"@type\":\"ReadAction\",\"target\":[\"https:\\\/\\\/anivet.lt\\\/elparduotuve\\\/produktas\\\/calibra-cat-life-sterilised-duck-slapias-kastruotu-kaciu-maistas\\\/\"]}]},{\"@type\":\"ImageObject\",\"inLanguage\":\"lt-LT\",\"@id\":\"https:\\\/\\\/anivet.lt\\\/elparduotuve\\\/produktas\\\/calibra-cat-life-sterilised-duck-slapias-kastruotu-kaciu-maistas\\\/#primaryimage\",\"url\":\"https:\\\/\\\/anivet.lt\\\/elparduotuve\\\/wp-content\\\/uploads\\\/2023\\\/07\\\/2086-calibra-life-cat-konzerva-200g-sterilised-duck.webp\",\"contentUrl\":\"https:\\\/\\\/anivet.lt\\\/elparduotuve\\\/wp-content\\\/uploads\\\/2023\\\/07\\\/2086-calibra-life-cat-konzerva-200g-sterilised-duck.webp\",\"width\":1920,\"height\":1920,\"caption\":\"Calibra Cat Life Sterilised Duck \u0161lapias kastruot\u0173 ka\u010di\u0173 maistas su antiena\"},{\"@type\":\"BreadcrumbList\",\"@id\":\"https:\\\/\\\/anivet.lt\\\/elparduotuve\\\/produktas\\\/calibra-cat-life-sterilised-duck-slapias-kastruotu-kaciu-maistas\\\/#breadcrumb\",\"itemListElement\":[{\"@type\":\"ListItem\",\"position\":1,\"name\":\"Home\",\"item\":\"https:\\\/\\\/anivet.lt\\\/elparduotuve\\\/\"},{\"@type\":\"ListItem\",\"position\":2,\"name\":\"Produktai\",\"item\":\"https:\\\/\\\/anivet.lt\\\/elparduotuve\\\/produktai\\\/\"},{\"@type\":\"ListItem\",\"position\":3,\"name\":\"Calibra Cat Life Sterilised Duck \u0161lapias kastruot\u0173 ka\u010di\u0173 maistas su antiena\"}]},{\"@type\":\"WebSite\",\"@id\":\"https:\\\/\\\/anivet.lt\\\/elparduotuve\\\/#website\",\"url\":\"https:\\\/\\\/anivet.lt\\\/elparduotuve\\\/\",\"name\":\"anivet.lt\",\"description\":\"Viskas J\u016bs\u0173 \u0161uns, kat\u0117s prie\u017ei\u016brai\",\"publisher\":{\"@id\":\"https:\\\/\\\/anivet.lt\\\/elparduotuve\\\/#organization\"},\"alternateName\":\"Viskas J\u016bs\u0173 \u0161uns, kat\u0117s prie\u017ei\u016brai\",\"potentialAction\":[{\"@type\":\"SearchAction\",\"target\":{\"@type\":\"EntryPoint\",\"urlTemplate\":\"https:\\\/\\\/anivet.lt\\\/elparduotuve\\\/?s={search_term_string}\"},\"query-input\":{\"@type\":\"PropertyValueSpecification\",\"valueRequired\":true,\"valueName\":\"search_term_string\"}}],\"inLanguage\":\"lt-LT\"},{\"@type\":\"Organization\",\"@id\":\"https:\\\/\\\/anivet.lt\\\/elparduotuve\\\/#organization\",\"name\":\"Viskas J\u016bs\u0173 \u0161uns, kat\u0117s prie\u017ei\u016brai\",\"url\":\"https:\\\/\\\/anivet.lt\\\/elparduotuve\\\/\",\"logo\":{\"@type\":\"ImageObject\",\"inLanguage\":\"lt-LT\",\"@id\":\"https:\\\/\\\/anivet.lt\\\/elparduotuve\\\/#\\\/schema\\\/logo\\\/image\\\/\",\"url\":\"https:\\\/\\\/anivet.lt\\\/elparduotuve\\\/wp-content\\\/uploads\\\/2023\\\/06\\\/logo2.jpg\",\"contentUrl\":\"https:\\\/\\\/anivet.lt\\\/elparduotuve\\\/wp-content\\\/uploads\\\/2023\\\/06\\\/logo2.jpg\",\"width\":655,\"height\":194,\"caption\":\"Viskas J\u016bs\u0173 \u0161uns, kat\u0117s prie\u017ei\u016brai\"},\"image\":{\"@id\":\"https:\\\/\\\/anivet.lt\\\/elparduotuve\\\/#\\\/schema\\\/logo\\\/image\\\/\"}}]}<\/script>\n<!-- \/ Yoast SEO Premium plugin. -->","yoast_head_json":{"title":"Calibra Cat Life Sterilised Duck \u0161lapias kastruot\u0173 ka\u010di\u0173 maistas su antiena - anivet.lt","description":"\u0160is visavertis \u0161lapias pa\u0161aras su antiena yra specialiai sukurtas sterilizuotoms ir kastruotoms kat\u0117ms. Pa\u0161aras sudarytas i\u0161 auk\u0161tos kokyb\u0117s ingredient\u0173, turi subalansuot\u0105 kalorij\u0173 kiek\u012f ir vien\u0105 baltym\u0173 \u0161altin\u012f. Be gr\u016bd\u0173 ir glitimo, tod\u0117l puikiai tinka jautrioms vir\u0161kinimo sistemoms.","robots":{"index":"index","follow":"follow","max-snippet":"max-snippet:-1","max-image-preview":"max-image-preview:large","max-video-preview":"max-video-preview:-1"},"canonical":"https:\/\/anivet.lt\/elparduotuve\/produktas\/calibra-cat-life-sterilised-duck-slapias-kastruotu-kaciu-maistas\/","og_locale":"lt_LT","og_type":"article","og_title":"Calibra Cat Life Sterilised Duck \u0161lapias kastruot\u0173 ka\u010di\u0173 maistas su antiena","og_description":"\u0160is visavertis \u0161lapias pa\u0161aras su antiena yra specialiai sukurtas sterilizuotoms ir kastruotoms kat\u0117ms. Pa\u0161aras sudarytas i\u0161 auk\u0161tos kokyb\u0117s ingredient\u0173, turi subalansuot\u0105 kalorij\u0173 kiek\u012f ir vien\u0105 baltym\u0173 \u0161altin\u012f. Be gr\u016bd\u0173 ir glitimo, tod\u0117l puikiai tinka jautrioms vir\u0161kinimo sistemoms.","og_url":"https:\/\/anivet.lt\/elparduotuve\/produktas\/calibra-cat-life-sterilised-duck-slapias-kastruotu-kaciu-maistas\/","og_site_name":"anivet.lt","article_modified_time":"2026-04-23T15:25:26+00:00","og_image":[{"width":1920,"height":1920,"url":"https:\/\/anivet.lt\/elparduotuve\/wp-content\/uploads\/2023\/07\/2086-calibra-life-cat-konzerva-200g-sterilised-duck.webp","type":"image\/webp"}],"twitter_card":"summary_large_image","twitter_misc":{"Est. reading time":"1 minut\u0117"},"schema":{"@context":"https:\/\/schema.org","@graph":[{"@type":"WebPage","@id":"https:\/\/anivet.lt\/elparduotuve\/produktas\/calibra-cat-life-sterilised-duck-slapias-kastruotu-kaciu-maistas\/","url":"https:\/\/anivet.lt\/elparduotuve\/produktas\/calibra-cat-life-sterilised-duck-slapias-kastruotu-kaciu-maistas\/","name":"Calibra Cat Life Sterilised Duck \u0161lapias kastruot\u0173 ka\u010di\u0173 maistas su antiena - anivet.lt","isPartOf":{"@id":"https:\/\/anivet.lt\/elparduotuve\/#website"},"primaryImageOfPage":{"@id":"https:\/\/anivet.lt\/elparduotuve\/produktas\/calibra-cat-life-sterilised-duck-slapias-kastruotu-kaciu-maistas\/#primaryimage"},"image":{"@id":"https:\/\/anivet.lt\/elparduotuve\/produktas\/calibra-cat-life-sterilised-duck-slapias-kastruotu-kaciu-maistas\/#primaryimage"},"thumbnailUrl":"https:\/\/anivet.lt\/elparduotuve\/wp-content\/uploads\/2023\/07\/2086-calibra-life-cat-konzerva-200g-sterilised-duck.webp","datePublished":"2023-07-26T10:49:30+00:00","dateModified":"2026-04-23T15:25:26+00:00","description":"\u0160is visavertis \u0161lapias pa\u0161aras su antiena yra specialiai sukurtas sterilizuotoms ir kastruotoms kat\u0117ms. Pa\u0161aras sudarytas i\u0161 auk\u0161tos kokyb\u0117s ingredient\u0173, turi subalansuot\u0105 kalorij\u0173 kiek\u012f ir vien\u0105 baltym\u0173 \u0161altin\u012f. Be gr\u016bd\u0173 ir glitimo, tod\u0117l puikiai tinka jautrioms vir\u0161kinimo sistemoms.","breadcrumb":{"@id":"https:\/\/anivet.lt\/elparduotuve\/produktas\/calibra-cat-life-sterilised-duck-slapias-kastruotu-kaciu-maistas\/#breadcrumb"},"inLanguage":"lt-LT","potentialAction":[{"@type":"ReadAction","target":["https:\/\/anivet.lt\/elparduotuve\/produktas\/calibra-cat-life-sterilised-duck-slapias-kastruotu-kaciu-maistas\/"]}]},{"@type":"ImageObject","inLanguage":"lt-LT","@id":"https:\/\/anivet.lt\/elparduotuve\/produktas\/calibra-cat-life-sterilised-duck-slapias-kastruotu-kaciu-maistas\/#primaryimage","url":"https:\/\/anivet.lt\/elparduotuve\/wp-content\/uploads\/2023\/07\/2086-calibra-life-cat-konzerva-200g-sterilised-duck.webp","contentUrl":"https:\/\/anivet.lt\/elparduotuve\/wp-content\/uploads\/2023\/07\/2086-calibra-life-cat-konzerva-200g-sterilised-duck.webp","width":1920,"height":1920,"caption":"Calibra Cat Life Sterilised Duck \u0161lapias kastruot\u0173 ka\u010di\u0173 maistas su antiena"},{"@type":"BreadcrumbList","@id":"https:\/\/anivet.lt\/elparduotuve\/produktas\/calibra-cat-life-sterilised-duck-slapias-kastruotu-kaciu-maistas\/#breadcrumb","itemListElement":[{"@type":"ListItem","position":1,"name":"Home","item":"https:\/\/anivet.lt\/elparduotuve\/"},{"@type":"ListItem","position":2,"name":"Produktai","item":"https:\/\/anivet.lt\/elparduotuve\/produktai\/"},{"@type":"ListItem","position":3,"name":"Calibra Cat Life Sterilised Duck \u0161lapias kastruot\u0173 ka\u010di\u0173 maistas su antiena"}]},{"@type":"WebSite","@id":"https:\/\/anivet.lt\/elparduotuve\/#website","url":"https:\/\/anivet.lt\/elparduotuve\/","name":"anivet.lt","description":"Viskas J\u016bs\u0173 \u0161uns, kat\u0117s prie\u017ei\u016brai","publisher":{"@id":"https:\/\/anivet.lt\/elparduotuve\/#organization"},"alternateName":"Viskas J\u016bs\u0173 \u0161uns, kat\u0117s prie\u017ei\u016brai","potentialAction":[{"@type":"SearchAction","target":{"@type":"EntryPoint","urlTemplate":"https:\/\/anivet.lt\/elparduotuve\/?s={search_term_string}"},"query-input":{"@type":"PropertyValueSpecification","valueRequired":true,"valueName":"search_term_string"}}],"inLanguage":"lt-LT"},{"@type":"Organization","@id":"https:\/\/anivet.lt\/elparduotuve\/#organization","name":"Viskas J\u016bs\u0173 \u0161uns, kat\u0117s prie\u017ei\u016brai","url":"https:\/\/anivet.lt\/elparduotuve\/","logo":{"@type":"ImageObject","inLanguage":"lt-LT","@id":"https:\/\/anivet.lt\/elparduotuve\/#\/schema\/logo\/image\/","url":"https:\/\/anivet.lt\/elparduotuve\/wp-content\/uploads\/2023\/06\/logo2.jpg","contentUrl":"https:\/\/anivet.lt\/elparduotuve\/wp-content\/uploads\/2023\/06\/logo2.jpg","width":655,"height":194,"caption":"Viskas J\u016bs\u0173 \u0161uns, kat\u0117s prie\u017ei\u016brai"},"image":{"@id":"https:\/\/anivet.lt\/elparduotuve\/#\/schema\/logo\/image\/"}}]}},"_links":{"self":[{"href":"https:\/\/anivet.lt\/elparduotuve\/wp-json\/wp\/v2\/product\/10738","targetHints":{"allow":["GET"]}}],"collection":[{"href":"https:\/\/anivet.lt\/elparduotuve\/wp-json\/wp\/v2\/product"}],"about":[{"href":"https:\/\/anivet.lt\/elparduotuve\/wp-json\/wp\/v2\/types\/product"}],"wp:featuredmedia":[{"embeddable":true,"href":"https:\/\/anivet.lt\/elparduotuve\/wp-json\/wp\/v2\/media\/10747"}],"wp:attachment":[{"href":"https:\/\/anivet.lt\/elparduotuve\/wp-json\/wp\/v2\/media?parent=10738"}],"wp:term":[{"taxonomy":"product_brand","embeddable":true,"href":"https:\/\/anivet.lt\/elparduotuve\/wp-json\/wp\/v2\/product_brand?post=10738"},{"taxonomy":"product_cat","embeddable":true,"href":"https:\/\/anivet.lt\/elparduotuve\/wp-json\/wp\/v2\/product_cat?post=10738"},{"taxonomy":"product_tag","embeddable":true,"href":"https:\/\/anivet.lt\/elparduotuve\/wp-json\/wp\/v2\/product_tag?post=10738"}],"curies":[{"name":"wp","href":"https:\/\/api.w.org\/{rel}","templated":true}]}}