{"id":10748,"date":"2023-07-26T10:56:38","date_gmt":"2023-07-26T10:56:38","guid":{"rendered":"https:\/\/anivet.lt\/elparduotuve\/?post_type=product&#038;p=10748"},"modified":"2025-06-13T14:46:23","modified_gmt":"2025-06-13T14:46:23","slug":"calibra-cat-life-sterilised-turkey-slapias-kastuotu-kaciu-maistas","status":"publish","type":"product","link":"https:\/\/anivet.lt\/elparduotuve\/produktas\/calibra-cat-life-sterilised-turkey-slapias-kastuotu-kaciu-maistas\/","title":{"rendered":"Calibra Cat Life Sterilised Turkey \u0161lapias kastruot\u0173 ka\u010di\u0173 maistas su kalakutiena"},"content":{"rendered":"<ul>\n<li style=\"font-weight: 400;\" aria-level=\"1\"><span style=\"font-weight: 400;\">Auk\u0161tos kokyb\u0117s sud\u0117tis: 70 % kalakutienos u\u017etikrina nat\u016brali\u0173 ir lengvai vir\u0161kinam\u0173 baltym\u0173 \u0161altin\u012f.<\/span><\/li>\n<li style=\"font-weight: 400;\" aria-level=\"1\"><span style=\"font-weight: 400;\">Subalansuotas kalorij\u0173 kiekis: Prisideda prie sterilizuot\u0173 ka\u010di\u0173 tinkamo svorio ir sveikatos palaikymo.<\/span><\/li>\n<li style=\"font-weight: 400;\" aria-level=\"1\"><span style=\"font-weight: 400;\">Praturtintas taurinu: Svarbi aminor\u016bg\u0161tis, palaikanti aki\u0173 reg\u0117jim\u0105 ir \u0161irdies funkcijas.<\/span><\/li>\n<li style=\"font-weight: 400;\" aria-level=\"1\"><span style=\"font-weight: 400;\">Omega-3 riebal\u0173 r\u016bg\u0161tys: La\u0161i\u0161\u0173 aliejus palaiko smegen\u0173 veikl\u0105, sveik\u0105 od\u0105 ir kail\u012f bei turi prie\u0161u\u017edegimini\u0173 savybi\u0173.<\/span><\/li>\n<li style=\"font-weight: 400;\" aria-level=\"1\"><span style=\"font-weight: 400;\">Spanguoli\u0173 lap\u0173 nauda: Antioksidantai, diuretin\u0117s ir antimikrobin\u0117s savyb\u0117s padeda palaikyti \u0161lapimo tak\u0173 sveikat\u0105.<\/span><\/li>\n<\/ul>\n<p><span style=\"font-weight: 400;\">\u201eCalibra Cat Life Sterilised Turkey\u201c yra puikus pasirinkimas sterilizuotoms kat\u0117ms, suteikiantis auk\u0161tos kokyb\u0117s mityb\u0105 ir funkcinius priedus, palaikan\u010dius bendr\u0105 gerov\u0119. Gardus ir maistingas, \u0161is pa\u0161aras taps j\u016bs\u0173 augintinio kasdien\u0117s mitybos dalimi.<\/span><\/p>\n","protected":false},"excerpt":{"rendered":"<p><span style=\"font-weight: 400;\">\u0160is visavertis \u0161lapias pa\u0161aras su kalakutiena yra sukurtas sterilizuotoms ir kastruotoms kat\u0117ms. Auk\u0161tos kokyb\u0117s ingredientai, vienas baltym\u0173 \u0161altinis ir subalansuotas kalorij\u0173 kiekis u\u017etikrina puik\u0173 mitybos sprendim\u0105 kasdieniam \u0161\u0117rimui.<\/span><\/p>\n","protected":false},"featured_media":10749,"template":"","meta":[],"product_brand":[],"product_cat":[114,102,116,339],"product_tag":[],"class_list":{"0":"post-10748","1":"product","2":"type-product","3":"status-publish","4":"has-post-thumbnail","6":"product_cat-kaciu-maistas","7":"product_cat-katems","8":"product_cat-konservai-katems","9":"product_cat-calibra-kaciu-maistas","10":"pa_prekinis-zenklas-calibra","12":"first","13":"instock","14":"taxable","15":"shipping-taxable","16":"purchasable","17":"product-type-simple"},"yoast_head":"<!-- This site is optimized with the Yoast SEO Premium plugin v27.1 (Yoast SEO v27.5) - https:\/\/yoast.com\/product\/yoast-seo-premium-wordpress\/ -->\n<title>Calibra Cat Life Sterilised Turkey \u0161lapias kastruot\u0173 ka\u010di\u0173 maistas su kalakutiena - anivet.lt<\/title>\n<meta name=\"description\" content=\"\u0160is visavertis \u0161lapias pa\u0161aras su kalakutiena yra sukurtas sterilizuotoms ir kastruotoms kat\u0117ms. Auk\u0161tos kokyb\u0117s ingredientai, vienas baltym\u0173 \u0161altinis ir subalansuotas kalorij\u0173 kiekis u\u017etikrina puik\u0173 mitybos sprendim\u0105 kasdieniam \u0161\u0117rimui.\" \/>\n<meta name=\"robots\" content=\"index, follow, max-snippet:-1, max-image-preview:large, max-video-preview:-1\" \/>\n<link rel=\"canonical\" href=\"https:\/\/anivet.lt\/elparduotuve\/produktas\/calibra-cat-life-sterilised-turkey-slapias-kastuotu-kaciu-maistas\/\" \/>\n<meta property=\"og:locale\" content=\"lt_LT\" \/>\n<meta property=\"og:type\" content=\"article\" \/>\n<meta property=\"og:title\" content=\"Calibra Cat Life Sterilised Turkey \u0161lapias kastruot\u0173 ka\u010di\u0173 maistas su kalakutiena\" \/>\n<meta property=\"og:description\" content=\"\u0160is visavertis \u0161lapias pa\u0161aras su kalakutiena yra sukurtas sterilizuotoms ir kastruotoms kat\u0117ms. Auk\u0161tos kokyb\u0117s ingredientai, vienas baltym\u0173 \u0161altinis ir subalansuotas kalorij\u0173 kiekis u\u017etikrina puik\u0173 mitybos sprendim\u0105 kasdieniam \u0161\u0117rimui.\" \/>\n<meta property=\"og:url\" content=\"https:\/\/anivet.lt\/elparduotuve\/produktas\/calibra-cat-life-sterilised-turkey-slapias-kastuotu-kaciu-maistas\/\" \/>\n<meta property=\"og:site_name\" content=\"anivet.lt\" \/>\n<meta property=\"article:modified_time\" content=\"2025-06-13T14:46:23+00:00\" \/>\n<meta property=\"og:image\" content=\"https:\/\/anivet.lt\/elparduotuve\/wp-content\/uploads\/2023\/07\/2130-calibra-life-cat-konzerva-200g-sterilised-turkey.webp\" \/>\n\t<meta property=\"og:image:width\" content=\"1920\" \/>\n\t<meta property=\"og:image:height\" content=\"1920\" \/>\n\t<meta property=\"og:image:type\" content=\"image\/webp\" \/>\n<meta name=\"twitter:card\" content=\"summary_large_image\" \/>\n<meta name=\"twitter:label1\" content=\"Est. reading time\" \/>\n\t<meta name=\"twitter:data1\" content=\"1 minut\u0117\" \/>\n<script type=\"application\/ld+json\" class=\"yoast-schema-graph\">{\"@context\":\"https:\\\/\\\/schema.org\",\"@graph\":[{\"@type\":\"WebPage\",\"@id\":\"https:\\\/\\\/anivet.lt\\\/elparduotuve\\\/produktas\\\/calibra-cat-life-sterilised-turkey-slapias-kastuotu-kaciu-maistas\\\/\",\"url\":\"https:\\\/\\\/anivet.lt\\\/elparduotuve\\\/produktas\\\/calibra-cat-life-sterilised-turkey-slapias-kastuotu-kaciu-maistas\\\/\",\"name\":\"Calibra Cat Life Sterilised Turkey \u0161lapias kastruot\u0173 ka\u010di\u0173 maistas su kalakutiena - anivet.lt\",\"isPartOf\":{\"@id\":\"https:\\\/\\\/anivet.lt\\\/elparduotuve\\\/#website\"},\"primaryImageOfPage\":{\"@id\":\"https:\\\/\\\/anivet.lt\\\/elparduotuve\\\/produktas\\\/calibra-cat-life-sterilised-turkey-slapias-kastuotu-kaciu-maistas\\\/#primaryimage\"},\"image\":{\"@id\":\"https:\\\/\\\/anivet.lt\\\/elparduotuve\\\/produktas\\\/calibra-cat-life-sterilised-turkey-slapias-kastuotu-kaciu-maistas\\\/#primaryimage\"},\"thumbnailUrl\":\"https:\\\/\\\/anivet.lt\\\/elparduotuve\\\/wp-content\\\/uploads\\\/2023\\\/07\\\/2130-calibra-life-cat-konzerva-200g-sterilised-turkey.webp\",\"datePublished\":\"2023-07-26T10:56:38+00:00\",\"dateModified\":\"2025-06-13T14:46:23+00:00\",\"description\":\"\u0160is visavertis \u0161lapias pa\u0161aras su kalakutiena yra sukurtas sterilizuotoms ir kastruotoms kat\u0117ms. Auk\u0161tos kokyb\u0117s ingredientai, vienas baltym\u0173 \u0161altinis ir subalansuotas kalorij\u0173 kiekis u\u017etikrina puik\u0173 mitybos sprendim\u0105 kasdieniam \u0161\u0117rimui.\",\"breadcrumb\":{\"@id\":\"https:\\\/\\\/anivet.lt\\\/elparduotuve\\\/produktas\\\/calibra-cat-life-sterilised-turkey-slapias-kastuotu-kaciu-maistas\\\/#breadcrumb\"},\"inLanguage\":\"lt-LT\",\"potentialAction\":[{\"@type\":\"ReadAction\",\"target\":[\"https:\\\/\\\/anivet.lt\\\/elparduotuve\\\/produktas\\\/calibra-cat-life-sterilised-turkey-slapias-kastuotu-kaciu-maistas\\\/\"]}]},{\"@type\":\"ImageObject\",\"inLanguage\":\"lt-LT\",\"@id\":\"https:\\\/\\\/anivet.lt\\\/elparduotuve\\\/produktas\\\/calibra-cat-life-sterilised-turkey-slapias-kastuotu-kaciu-maistas\\\/#primaryimage\",\"url\":\"https:\\\/\\\/anivet.lt\\\/elparduotuve\\\/wp-content\\\/uploads\\\/2023\\\/07\\\/2130-calibra-life-cat-konzerva-200g-sterilised-turkey.webp\",\"contentUrl\":\"https:\\\/\\\/anivet.lt\\\/elparduotuve\\\/wp-content\\\/uploads\\\/2023\\\/07\\\/2130-calibra-life-cat-konzerva-200g-sterilised-turkey.webp\",\"width\":1920,\"height\":1920,\"caption\":\"Calibra Cat Life Sterilised Turkey \u0161lapias kastruot\u0173 ka\u010di\u0173 maistas su kalakutiena\"},{\"@type\":\"BreadcrumbList\",\"@id\":\"https:\\\/\\\/anivet.lt\\\/elparduotuve\\\/produktas\\\/calibra-cat-life-sterilised-turkey-slapias-kastuotu-kaciu-maistas\\\/#breadcrumb\",\"itemListElement\":[{\"@type\":\"ListItem\",\"position\":1,\"name\":\"Home\",\"item\":\"https:\\\/\\\/anivet.lt\\\/elparduotuve\\\/\"},{\"@type\":\"ListItem\",\"position\":2,\"name\":\"Produktai\",\"item\":\"https:\\\/\\\/anivet.lt\\\/elparduotuve\\\/produktai\\\/\"},{\"@type\":\"ListItem\",\"position\":3,\"name\":\"Calibra Cat Life Sterilised Turkey \u0161lapias kastruot\u0173 ka\u010di\u0173 maistas su kalakutiena\"}]},{\"@type\":\"WebSite\",\"@id\":\"https:\\\/\\\/anivet.lt\\\/elparduotuve\\\/#website\",\"url\":\"https:\\\/\\\/anivet.lt\\\/elparduotuve\\\/\",\"name\":\"anivet.lt\",\"description\":\"Viskas J\u016bs\u0173 \u0161uns, kat\u0117s prie\u017ei\u016brai\",\"publisher\":{\"@id\":\"https:\\\/\\\/anivet.lt\\\/elparduotuve\\\/#organization\"},\"alternateName\":\"Viskas J\u016bs\u0173 \u0161uns, kat\u0117s prie\u017ei\u016brai\",\"potentialAction\":[{\"@type\":\"SearchAction\",\"target\":{\"@type\":\"EntryPoint\",\"urlTemplate\":\"https:\\\/\\\/anivet.lt\\\/elparduotuve\\\/?s={search_term_string}\"},\"query-input\":{\"@type\":\"PropertyValueSpecification\",\"valueRequired\":true,\"valueName\":\"search_term_string\"}}],\"inLanguage\":\"lt-LT\"},{\"@type\":\"Organization\",\"@id\":\"https:\\\/\\\/anivet.lt\\\/elparduotuve\\\/#organization\",\"name\":\"Viskas J\u016bs\u0173 \u0161uns, kat\u0117s prie\u017ei\u016brai\",\"url\":\"https:\\\/\\\/anivet.lt\\\/elparduotuve\\\/\",\"logo\":{\"@type\":\"ImageObject\",\"inLanguage\":\"lt-LT\",\"@id\":\"https:\\\/\\\/anivet.lt\\\/elparduotuve\\\/#\\\/schema\\\/logo\\\/image\\\/\",\"url\":\"https:\\\/\\\/anivet.lt\\\/elparduotuve\\\/wp-content\\\/uploads\\\/2023\\\/06\\\/logo2.jpg\",\"contentUrl\":\"https:\\\/\\\/anivet.lt\\\/elparduotuve\\\/wp-content\\\/uploads\\\/2023\\\/06\\\/logo2.jpg\",\"width\":655,\"height\":194,\"caption\":\"Viskas J\u016bs\u0173 \u0161uns, kat\u0117s prie\u017ei\u016brai\"},\"image\":{\"@id\":\"https:\\\/\\\/anivet.lt\\\/elparduotuve\\\/#\\\/schema\\\/logo\\\/image\\\/\"}}]}<\/script>\n<!-- \/ Yoast SEO Premium plugin. -->","yoast_head_json":{"title":"Calibra Cat Life Sterilised Turkey \u0161lapias kastruot\u0173 ka\u010di\u0173 maistas su kalakutiena - anivet.lt","description":"\u0160is visavertis \u0161lapias pa\u0161aras su kalakutiena yra sukurtas sterilizuotoms ir kastruotoms kat\u0117ms. Auk\u0161tos kokyb\u0117s ingredientai, vienas baltym\u0173 \u0161altinis ir subalansuotas kalorij\u0173 kiekis u\u017etikrina puik\u0173 mitybos sprendim\u0105 kasdieniam \u0161\u0117rimui.","robots":{"index":"index","follow":"follow","max-snippet":"max-snippet:-1","max-image-preview":"max-image-preview:large","max-video-preview":"max-video-preview:-1"},"canonical":"https:\/\/anivet.lt\/elparduotuve\/produktas\/calibra-cat-life-sterilised-turkey-slapias-kastuotu-kaciu-maistas\/","og_locale":"lt_LT","og_type":"article","og_title":"Calibra Cat Life Sterilised Turkey \u0161lapias kastruot\u0173 ka\u010di\u0173 maistas su kalakutiena","og_description":"\u0160is visavertis \u0161lapias pa\u0161aras su kalakutiena yra sukurtas sterilizuotoms ir kastruotoms kat\u0117ms. Auk\u0161tos kokyb\u0117s ingredientai, vienas baltym\u0173 \u0161altinis ir subalansuotas kalorij\u0173 kiekis u\u017etikrina puik\u0173 mitybos sprendim\u0105 kasdieniam \u0161\u0117rimui.","og_url":"https:\/\/anivet.lt\/elparduotuve\/produktas\/calibra-cat-life-sterilised-turkey-slapias-kastuotu-kaciu-maistas\/","og_site_name":"anivet.lt","article_modified_time":"2025-06-13T14:46:23+00:00","og_image":[{"width":1920,"height":1920,"url":"https:\/\/anivet.lt\/elparduotuve\/wp-content\/uploads\/2023\/07\/2130-calibra-life-cat-konzerva-200g-sterilised-turkey.webp","type":"image\/webp"}],"twitter_card":"summary_large_image","twitter_misc":{"Est. reading time":"1 minut\u0117"},"schema":{"@context":"https:\/\/schema.org","@graph":[{"@type":"WebPage","@id":"https:\/\/anivet.lt\/elparduotuve\/produktas\/calibra-cat-life-sterilised-turkey-slapias-kastuotu-kaciu-maistas\/","url":"https:\/\/anivet.lt\/elparduotuve\/produktas\/calibra-cat-life-sterilised-turkey-slapias-kastuotu-kaciu-maistas\/","name":"Calibra Cat Life Sterilised Turkey \u0161lapias kastruot\u0173 ka\u010di\u0173 maistas su kalakutiena - anivet.lt","isPartOf":{"@id":"https:\/\/anivet.lt\/elparduotuve\/#website"},"primaryImageOfPage":{"@id":"https:\/\/anivet.lt\/elparduotuve\/produktas\/calibra-cat-life-sterilised-turkey-slapias-kastuotu-kaciu-maistas\/#primaryimage"},"image":{"@id":"https:\/\/anivet.lt\/elparduotuve\/produktas\/calibra-cat-life-sterilised-turkey-slapias-kastuotu-kaciu-maistas\/#primaryimage"},"thumbnailUrl":"https:\/\/anivet.lt\/elparduotuve\/wp-content\/uploads\/2023\/07\/2130-calibra-life-cat-konzerva-200g-sterilised-turkey.webp","datePublished":"2023-07-26T10:56:38+00:00","dateModified":"2025-06-13T14:46:23+00:00","description":"\u0160is visavertis \u0161lapias pa\u0161aras su kalakutiena yra sukurtas sterilizuotoms ir kastruotoms kat\u0117ms. Auk\u0161tos kokyb\u0117s ingredientai, vienas baltym\u0173 \u0161altinis ir subalansuotas kalorij\u0173 kiekis u\u017etikrina puik\u0173 mitybos sprendim\u0105 kasdieniam \u0161\u0117rimui.","breadcrumb":{"@id":"https:\/\/anivet.lt\/elparduotuve\/produktas\/calibra-cat-life-sterilised-turkey-slapias-kastuotu-kaciu-maistas\/#breadcrumb"},"inLanguage":"lt-LT","potentialAction":[{"@type":"ReadAction","target":["https:\/\/anivet.lt\/elparduotuve\/produktas\/calibra-cat-life-sterilised-turkey-slapias-kastuotu-kaciu-maistas\/"]}]},{"@type":"ImageObject","inLanguage":"lt-LT","@id":"https:\/\/anivet.lt\/elparduotuve\/produktas\/calibra-cat-life-sterilised-turkey-slapias-kastuotu-kaciu-maistas\/#primaryimage","url":"https:\/\/anivet.lt\/elparduotuve\/wp-content\/uploads\/2023\/07\/2130-calibra-life-cat-konzerva-200g-sterilised-turkey.webp","contentUrl":"https:\/\/anivet.lt\/elparduotuve\/wp-content\/uploads\/2023\/07\/2130-calibra-life-cat-konzerva-200g-sterilised-turkey.webp","width":1920,"height":1920,"caption":"Calibra Cat Life Sterilised Turkey \u0161lapias kastruot\u0173 ka\u010di\u0173 maistas su kalakutiena"},{"@type":"BreadcrumbList","@id":"https:\/\/anivet.lt\/elparduotuve\/produktas\/calibra-cat-life-sterilised-turkey-slapias-kastuotu-kaciu-maistas\/#breadcrumb","itemListElement":[{"@type":"ListItem","position":1,"name":"Home","item":"https:\/\/anivet.lt\/elparduotuve\/"},{"@type":"ListItem","position":2,"name":"Produktai","item":"https:\/\/anivet.lt\/elparduotuve\/produktai\/"},{"@type":"ListItem","position":3,"name":"Calibra Cat Life Sterilised Turkey \u0161lapias kastruot\u0173 ka\u010di\u0173 maistas su kalakutiena"}]},{"@type":"WebSite","@id":"https:\/\/anivet.lt\/elparduotuve\/#website","url":"https:\/\/anivet.lt\/elparduotuve\/","name":"anivet.lt","description":"Viskas J\u016bs\u0173 \u0161uns, kat\u0117s prie\u017ei\u016brai","publisher":{"@id":"https:\/\/anivet.lt\/elparduotuve\/#organization"},"alternateName":"Viskas J\u016bs\u0173 \u0161uns, kat\u0117s prie\u017ei\u016brai","potentialAction":[{"@type":"SearchAction","target":{"@type":"EntryPoint","urlTemplate":"https:\/\/anivet.lt\/elparduotuve\/?s={search_term_string}"},"query-input":{"@type":"PropertyValueSpecification","valueRequired":true,"valueName":"search_term_string"}}],"inLanguage":"lt-LT"},{"@type":"Organization","@id":"https:\/\/anivet.lt\/elparduotuve\/#organization","name":"Viskas J\u016bs\u0173 \u0161uns, kat\u0117s prie\u017ei\u016brai","url":"https:\/\/anivet.lt\/elparduotuve\/","logo":{"@type":"ImageObject","inLanguage":"lt-LT","@id":"https:\/\/anivet.lt\/elparduotuve\/#\/schema\/logo\/image\/","url":"https:\/\/anivet.lt\/elparduotuve\/wp-content\/uploads\/2023\/06\/logo2.jpg","contentUrl":"https:\/\/anivet.lt\/elparduotuve\/wp-content\/uploads\/2023\/06\/logo2.jpg","width":655,"height":194,"caption":"Viskas J\u016bs\u0173 \u0161uns, kat\u0117s prie\u017ei\u016brai"},"image":{"@id":"https:\/\/anivet.lt\/elparduotuve\/#\/schema\/logo\/image\/"}}]}},"_links":{"self":[{"href":"https:\/\/anivet.lt\/elparduotuve\/wp-json\/wp\/v2\/product\/10748","targetHints":{"allow":["GET"]}}],"collection":[{"href":"https:\/\/anivet.lt\/elparduotuve\/wp-json\/wp\/v2\/product"}],"about":[{"href":"https:\/\/anivet.lt\/elparduotuve\/wp-json\/wp\/v2\/types\/product"}],"wp:featuredmedia":[{"embeddable":true,"href":"https:\/\/anivet.lt\/elparduotuve\/wp-json\/wp\/v2\/media\/10749"}],"wp:attachment":[{"href":"https:\/\/anivet.lt\/elparduotuve\/wp-json\/wp\/v2\/media?parent=10748"}],"wp:term":[{"taxonomy":"product_brand","embeddable":true,"href":"https:\/\/anivet.lt\/elparduotuve\/wp-json\/wp\/v2\/product_brand?post=10748"},{"taxonomy":"product_cat","embeddable":true,"href":"https:\/\/anivet.lt\/elparduotuve\/wp-json\/wp\/v2\/product_cat?post=10748"},{"taxonomy":"product_tag","embeddable":true,"href":"https:\/\/anivet.lt\/elparduotuve\/wp-json\/wp\/v2\/product_tag?post=10748"}],"curies":[{"name":"wp","href":"https:\/\/api.w.org\/{rel}","templated":true}]}}