{"id":10750,"date":"2023-07-26T11:08:12","date_gmt":"2023-07-26T11:08:12","guid":{"rendered":"https:\/\/anivet.lt\/elparduotuve\/?post_type=product&#038;p=10750"},"modified":"2026-04-13T17:30:28","modified_gmt":"2026-04-13T17:30:28","slug":"hipoalerginis-maistas-sunims-su-antiena-ir-bulvemis-subalansuotas-suaugusiems-vidutiniu-dideliu-veisliu-sunims-kuriems-pasireiske-alergijos-maistui-simptomai","status":"publish","type":"product","link":"https:\/\/anivet.lt\/elparduotuve\/produktas\/hipoalerginis-maistas-sunims-su-antiena-ir-bulvemis-subalansuotas-suaugusiems-vidutiniu-dideliu-veisliu-sunims-kuriems-pasireiske-alergijos-maistui-simptomai\/","title":{"rendered":"Hipoalerginis maistas \u0161unims su antiena ir bulv\u0117mis."},"content":{"rendered":"<ul>\n<li style=\"font-weight: 400;\" aria-level=\"1\"><span style=\"font-weight: 400;\">Monoproteinin\u0117 sud\u0117tis: Tik vienas gyv\u016bnin\u0117s kilm\u0117s baltym\u0173 \u0161altinis \u2013 antiena \u2013 suma\u017eina alergini\u0173 reakcij\u0173 rizik\u0105.<\/span><\/li>\n<li style=\"font-weight: 400;\" aria-level=\"1\"><span style=\"font-weight: 400;\">Be gr\u016bd\u0173: Maistas lengvai vir\u0161kinamas ir tinkamas jautriems \u0161unims.<\/span><\/li>\n<li style=\"font-weight: 400;\" aria-level=\"1\"><span style=\"font-weight: 400;\">Nat\u016bral\u016bs ingredientai: Sud\u0117tyje 68% bulvi\u0173, 21% antienos, saul\u0117gr\u0105\u017e\u0173 aliejus ir lin\u0173 s\u0117menys, u\u017etikrinantys auk\u0161t\u0105 maistin\u0119 vert\u0119.<\/span><\/li>\n<li style=\"font-weight: 400;\" aria-level=\"1\"><span style=\"font-weight: 400;\">Odos ir kailio prie\u017ei\u016bra: Papildytas lin\u0173 s\u0117men\u0173 riebal\u0173 r\u016bg\u0161timis, kurios skatina sveikos odos ir blizgaus kailio palaikym\u0105.<\/span><\/li>\n<li style=\"font-weight: 400;\" aria-level=\"1\"><span style=\"font-weight: 400;\">Praturtintas alaviju: Alavijo ekstraktas padeda mal\u0161inti u\u017edegim\u0105 ir palaiko \u0161uns imunin\u0119 sistem\u0105.<\/span><\/li>\n<\/ul>\n<p><span style=\"font-weight: 400;\">\u0160is sausas pa\u0161aras ne tik padeda suma\u017einti alergijos simptomus, bet ir u\u017etikrina optimal\u0173 mitybos balans\u0105, kad j\u016bs\u0173 augintinis jaust\u0173si gerai ir energingai kiekvien\u0105 dien\u0105.<\/span><\/p>\n","protected":false},"excerpt":{"rendered":"<p><span style=\"font-weight: 400;\">\u0160is hipoalerginis \u0161un\u0173 maistas su antiena ir bulv\u0117mis yra specialiai sukurtas vidutini\u0173 ir dideli\u0173 veisli\u0173 suaugusiems \u0161unims, kurie ken\u010dia nuo maisto netoleravimo ar alergij\u0173. Puikus pasirinkimas siekiant u\u017etikrinti sveik\u0105 ir subalansuot\u0105 mityb\u0105.<\/span><\/p>\n","protected":false},"featured_media":10752,"template":"","meta":[],"product_brand":[],"product_cat":[101,103,107,317],"product_tag":[],"class_list":{"0":"post-10750","1":"product","2":"type-product","3":"status-publish","4":"has-post-thumbnail","6":"product_cat-sunims","7":"product_cat-sunu-maistas","8":"product_cat-veterinarine-dieta","9":"product_cat-exclusion-sunu-maistas","10":"pa_prekinis-zenklas-exclusion","12":"first","13":"outofstock","14":"taxable","15":"shipping-taxable","16":"purchasable","17":"product-type-simple"},"yoast_head":"<!-- This site is optimized with the Yoast SEO Premium plugin v27.1 (Yoast SEO v27.5) - https:\/\/yoast.com\/product\/yoast-seo-premium-wordpress\/ -->\n<title>Hipoalerginis maistas \u0161unims su antiena ir bulv\u0117mis. - anivet.lt<\/title>\n<meta name=\"description\" content=\"\u0160is hipoalerginis \u0161un\u0173 maistas su antiena ir bulv\u0117mis yra specialiai sukurtas vidutini\u0173 ir dideli\u0173 veisli\u0173 suaugusiems \u0161unims, kurie ken\u010dia nuo maisto netoleravimo ar alergij\u0173. Puikus pasirinkimas siekiant u\u017etikrinti sveik\u0105 ir subalansuot\u0105 mityb\u0105.\" \/>\n<meta name=\"robots\" content=\"index, follow, max-snippet:-1, max-image-preview:large, max-video-preview:-1\" \/>\n<link rel=\"canonical\" href=\"https:\/\/anivet.lt\/elparduotuve\/produktas\/hipoalerginis-maistas-sunims-su-antiena-ir-bulvemis-subalansuotas-suaugusiems-vidutiniu-dideliu-veisliu-sunims-kuriems-pasireiske-alergijos-maistui-simptomai\/\" \/>\n<meta property=\"og:locale\" content=\"lt_LT\" \/>\n<meta property=\"og:type\" content=\"article\" \/>\n<meta property=\"og:title\" content=\"Hipoalerginis maistas \u0161unims su antiena ir bulv\u0117mis.\" \/>\n<meta property=\"og:description\" content=\"\u0160is hipoalerginis \u0161un\u0173 maistas su antiena ir bulv\u0117mis yra specialiai sukurtas vidutini\u0173 ir dideli\u0173 veisli\u0173 suaugusiems \u0161unims, kurie ken\u010dia nuo maisto netoleravimo ar alergij\u0173. Puikus pasirinkimas siekiant u\u017etikrinti sveik\u0105 ir subalansuot\u0105 mityb\u0105.\" \/>\n<meta property=\"og:url\" content=\"https:\/\/anivet.lt\/elparduotuve\/produktas\/hipoalerginis-maistas-sunims-su-antiena-ir-bulvemis-subalansuotas-suaugusiems-vidutiniu-dideliu-veisliu-sunims-kuriems-pasireiske-alergijos-maistui-simptomai\/\" \/>\n<meta property=\"og:site_name\" content=\"anivet.lt\" \/>\n<meta property=\"article:modified_time\" content=\"2026-04-13T17:30:28+00:00\" \/>\n<meta property=\"og:image\" content=\"https:\/\/anivet.lt\/elparduotuve\/wp-content\/uploads\/2023\/07\/exclusion-sausas-maistas-suaugusiems-sunims-su-antiena.png\" \/>\n\t<meta property=\"og:image:width\" content=\"600\" \/>\n\t<meta property=\"og:image:height\" content=\"600\" \/>\n\t<meta property=\"og:image:type\" content=\"image\/png\" \/>\n<meta name=\"twitter:card\" content=\"summary_large_image\" \/>\n<meta name=\"twitter:label1\" content=\"Est. reading time\" \/>\n\t<meta name=\"twitter:data1\" content=\"1 minut\u0117\" \/>\n<script type=\"application\/ld+json\" class=\"yoast-schema-graph\">{\"@context\":\"https:\\\/\\\/schema.org\",\"@graph\":[{\"@type\":\"WebPage\",\"@id\":\"https:\\\/\\\/anivet.lt\\\/elparduotuve\\\/produktas\\\/hipoalerginis-maistas-sunims-su-antiena-ir-bulvemis-subalansuotas-suaugusiems-vidutiniu-dideliu-veisliu-sunims-kuriems-pasireiske-alergijos-maistui-simptomai\\\/\",\"url\":\"https:\\\/\\\/anivet.lt\\\/elparduotuve\\\/produktas\\\/hipoalerginis-maistas-sunims-su-antiena-ir-bulvemis-subalansuotas-suaugusiems-vidutiniu-dideliu-veisliu-sunims-kuriems-pasireiske-alergijos-maistui-simptomai\\\/\",\"name\":\"Hipoalerginis maistas \u0161unims su antiena ir bulv\u0117mis. - anivet.lt\",\"isPartOf\":{\"@id\":\"https:\\\/\\\/anivet.lt\\\/elparduotuve\\\/#website\"},\"primaryImageOfPage\":{\"@id\":\"https:\\\/\\\/anivet.lt\\\/elparduotuve\\\/produktas\\\/hipoalerginis-maistas-sunims-su-antiena-ir-bulvemis-subalansuotas-suaugusiems-vidutiniu-dideliu-veisliu-sunims-kuriems-pasireiske-alergijos-maistui-simptomai\\\/#primaryimage\"},\"image\":{\"@id\":\"https:\\\/\\\/anivet.lt\\\/elparduotuve\\\/produktas\\\/hipoalerginis-maistas-sunims-su-antiena-ir-bulvemis-subalansuotas-suaugusiems-vidutiniu-dideliu-veisliu-sunims-kuriems-pasireiske-alergijos-maistui-simptomai\\\/#primaryimage\"},\"thumbnailUrl\":\"https:\\\/\\\/anivet.lt\\\/elparduotuve\\\/wp-content\\\/uploads\\\/2023\\\/07\\\/exclusion-sausas-maistas-suaugusiems-sunims-su-antiena.png\",\"datePublished\":\"2023-07-26T11:08:12+00:00\",\"dateModified\":\"2026-04-13T17:30:28+00:00\",\"description\":\"\u0160is hipoalerginis \u0161un\u0173 maistas su antiena ir bulv\u0117mis yra specialiai sukurtas vidutini\u0173 ir dideli\u0173 veisli\u0173 suaugusiems \u0161unims, kurie ken\u010dia nuo maisto netoleravimo ar alergij\u0173. Puikus pasirinkimas siekiant u\u017etikrinti sveik\u0105 ir subalansuot\u0105 mityb\u0105.\",\"breadcrumb\":{\"@id\":\"https:\\\/\\\/anivet.lt\\\/elparduotuve\\\/produktas\\\/hipoalerginis-maistas-sunims-su-antiena-ir-bulvemis-subalansuotas-suaugusiems-vidutiniu-dideliu-veisliu-sunims-kuriems-pasireiske-alergijos-maistui-simptomai\\\/#breadcrumb\"},\"inLanguage\":\"lt-LT\",\"potentialAction\":[{\"@type\":\"ReadAction\",\"target\":[\"https:\\\/\\\/anivet.lt\\\/elparduotuve\\\/produktas\\\/hipoalerginis-maistas-sunims-su-antiena-ir-bulvemis-subalansuotas-suaugusiems-vidutiniu-dideliu-veisliu-sunims-kuriems-pasireiske-alergijos-maistui-simptomai\\\/\"]}]},{\"@type\":\"ImageObject\",\"inLanguage\":\"lt-LT\",\"@id\":\"https:\\\/\\\/anivet.lt\\\/elparduotuve\\\/produktas\\\/hipoalerginis-maistas-sunims-su-antiena-ir-bulvemis-subalansuotas-suaugusiems-vidutiniu-dideliu-veisliu-sunims-kuriems-pasireiske-alergijos-maistui-simptomai\\\/#primaryimage\",\"url\":\"https:\\\/\\\/anivet.lt\\\/elparduotuve\\\/wp-content\\\/uploads\\\/2023\\\/07\\\/exclusion-sausas-maistas-suaugusiems-sunims-su-antiena.png\",\"contentUrl\":\"https:\\\/\\\/anivet.lt\\\/elparduotuve\\\/wp-content\\\/uploads\\\/2023\\\/07\\\/exclusion-sausas-maistas-suaugusiems-sunims-su-antiena.png\",\"width\":600,\"height\":600,\"caption\":\"Hipoalerginis maistas \u0161unims su antiena ir bulv\u0117mis.\"},{\"@type\":\"BreadcrumbList\",\"@id\":\"https:\\\/\\\/anivet.lt\\\/elparduotuve\\\/produktas\\\/hipoalerginis-maistas-sunims-su-antiena-ir-bulvemis-subalansuotas-suaugusiems-vidutiniu-dideliu-veisliu-sunims-kuriems-pasireiske-alergijos-maistui-simptomai\\\/#breadcrumb\",\"itemListElement\":[{\"@type\":\"ListItem\",\"position\":1,\"name\":\"Home\",\"item\":\"https:\\\/\\\/anivet.lt\\\/elparduotuve\\\/\"},{\"@type\":\"ListItem\",\"position\":2,\"name\":\"Produktai\",\"item\":\"https:\\\/\\\/anivet.lt\\\/elparduotuve\\\/produktai\\\/\"},{\"@type\":\"ListItem\",\"position\":3,\"name\":\"Hipoalerginis maistas \u0161unims su antiena ir bulv\u0117mis.\"}]},{\"@type\":\"WebSite\",\"@id\":\"https:\\\/\\\/anivet.lt\\\/elparduotuve\\\/#website\",\"url\":\"https:\\\/\\\/anivet.lt\\\/elparduotuve\\\/\",\"name\":\"anivet.lt\",\"description\":\"Viskas J\u016bs\u0173 \u0161uns, kat\u0117s prie\u017ei\u016brai\",\"publisher\":{\"@id\":\"https:\\\/\\\/anivet.lt\\\/elparduotuve\\\/#organization\"},\"alternateName\":\"Viskas J\u016bs\u0173 \u0161uns, kat\u0117s prie\u017ei\u016brai\",\"potentialAction\":[{\"@type\":\"SearchAction\",\"target\":{\"@type\":\"EntryPoint\",\"urlTemplate\":\"https:\\\/\\\/anivet.lt\\\/elparduotuve\\\/?s={search_term_string}\"},\"query-input\":{\"@type\":\"PropertyValueSpecification\",\"valueRequired\":true,\"valueName\":\"search_term_string\"}}],\"inLanguage\":\"lt-LT\"},{\"@type\":\"Organization\",\"@id\":\"https:\\\/\\\/anivet.lt\\\/elparduotuve\\\/#organization\",\"name\":\"Viskas J\u016bs\u0173 \u0161uns, kat\u0117s prie\u017ei\u016brai\",\"url\":\"https:\\\/\\\/anivet.lt\\\/elparduotuve\\\/\",\"logo\":{\"@type\":\"ImageObject\",\"inLanguage\":\"lt-LT\",\"@id\":\"https:\\\/\\\/anivet.lt\\\/elparduotuve\\\/#\\\/schema\\\/logo\\\/image\\\/\",\"url\":\"https:\\\/\\\/anivet.lt\\\/elparduotuve\\\/wp-content\\\/uploads\\\/2023\\\/06\\\/logo2.jpg\",\"contentUrl\":\"https:\\\/\\\/anivet.lt\\\/elparduotuve\\\/wp-content\\\/uploads\\\/2023\\\/06\\\/logo2.jpg\",\"width\":655,\"height\":194,\"caption\":\"Viskas J\u016bs\u0173 \u0161uns, kat\u0117s prie\u017ei\u016brai\"},\"image\":{\"@id\":\"https:\\\/\\\/anivet.lt\\\/elparduotuve\\\/#\\\/schema\\\/logo\\\/image\\\/\"}}]}<\/script>\n<!-- \/ Yoast SEO Premium plugin. -->","yoast_head_json":{"title":"Hipoalerginis maistas \u0161unims su antiena ir bulv\u0117mis. - anivet.lt","description":"\u0160is hipoalerginis \u0161un\u0173 maistas su antiena ir bulv\u0117mis yra specialiai sukurtas vidutini\u0173 ir dideli\u0173 veisli\u0173 suaugusiems \u0161unims, kurie ken\u010dia nuo maisto netoleravimo ar alergij\u0173. Puikus pasirinkimas siekiant u\u017etikrinti sveik\u0105 ir subalansuot\u0105 mityb\u0105.","robots":{"index":"index","follow":"follow","max-snippet":"max-snippet:-1","max-image-preview":"max-image-preview:large","max-video-preview":"max-video-preview:-1"},"canonical":"https:\/\/anivet.lt\/elparduotuve\/produktas\/hipoalerginis-maistas-sunims-su-antiena-ir-bulvemis-subalansuotas-suaugusiems-vidutiniu-dideliu-veisliu-sunims-kuriems-pasireiske-alergijos-maistui-simptomai\/","og_locale":"lt_LT","og_type":"article","og_title":"Hipoalerginis maistas \u0161unims su antiena ir bulv\u0117mis.","og_description":"\u0160is hipoalerginis \u0161un\u0173 maistas su antiena ir bulv\u0117mis yra specialiai sukurtas vidutini\u0173 ir dideli\u0173 veisli\u0173 suaugusiems \u0161unims, kurie ken\u010dia nuo maisto netoleravimo ar alergij\u0173. Puikus pasirinkimas siekiant u\u017etikrinti sveik\u0105 ir subalansuot\u0105 mityb\u0105.","og_url":"https:\/\/anivet.lt\/elparduotuve\/produktas\/hipoalerginis-maistas-sunims-su-antiena-ir-bulvemis-subalansuotas-suaugusiems-vidutiniu-dideliu-veisliu-sunims-kuriems-pasireiske-alergijos-maistui-simptomai\/","og_site_name":"anivet.lt","article_modified_time":"2026-04-13T17:30:28+00:00","og_image":[{"width":600,"height":600,"url":"https:\/\/anivet.lt\/elparduotuve\/wp-content\/uploads\/2023\/07\/exclusion-sausas-maistas-suaugusiems-sunims-su-antiena.png","type":"image\/png"}],"twitter_card":"summary_large_image","twitter_misc":{"Est. reading time":"1 minut\u0117"},"schema":{"@context":"https:\/\/schema.org","@graph":[{"@type":"WebPage","@id":"https:\/\/anivet.lt\/elparduotuve\/produktas\/hipoalerginis-maistas-sunims-su-antiena-ir-bulvemis-subalansuotas-suaugusiems-vidutiniu-dideliu-veisliu-sunims-kuriems-pasireiske-alergijos-maistui-simptomai\/","url":"https:\/\/anivet.lt\/elparduotuve\/produktas\/hipoalerginis-maistas-sunims-su-antiena-ir-bulvemis-subalansuotas-suaugusiems-vidutiniu-dideliu-veisliu-sunims-kuriems-pasireiske-alergijos-maistui-simptomai\/","name":"Hipoalerginis maistas \u0161unims su antiena ir bulv\u0117mis. - anivet.lt","isPartOf":{"@id":"https:\/\/anivet.lt\/elparduotuve\/#website"},"primaryImageOfPage":{"@id":"https:\/\/anivet.lt\/elparduotuve\/produktas\/hipoalerginis-maistas-sunims-su-antiena-ir-bulvemis-subalansuotas-suaugusiems-vidutiniu-dideliu-veisliu-sunims-kuriems-pasireiske-alergijos-maistui-simptomai\/#primaryimage"},"image":{"@id":"https:\/\/anivet.lt\/elparduotuve\/produktas\/hipoalerginis-maistas-sunims-su-antiena-ir-bulvemis-subalansuotas-suaugusiems-vidutiniu-dideliu-veisliu-sunims-kuriems-pasireiske-alergijos-maistui-simptomai\/#primaryimage"},"thumbnailUrl":"https:\/\/anivet.lt\/elparduotuve\/wp-content\/uploads\/2023\/07\/exclusion-sausas-maistas-suaugusiems-sunims-su-antiena.png","datePublished":"2023-07-26T11:08:12+00:00","dateModified":"2026-04-13T17:30:28+00:00","description":"\u0160is hipoalerginis \u0161un\u0173 maistas su antiena ir bulv\u0117mis yra specialiai sukurtas vidutini\u0173 ir dideli\u0173 veisli\u0173 suaugusiems \u0161unims, kurie ken\u010dia nuo maisto netoleravimo ar alergij\u0173. Puikus pasirinkimas siekiant u\u017etikrinti sveik\u0105 ir subalansuot\u0105 mityb\u0105.","breadcrumb":{"@id":"https:\/\/anivet.lt\/elparduotuve\/produktas\/hipoalerginis-maistas-sunims-su-antiena-ir-bulvemis-subalansuotas-suaugusiems-vidutiniu-dideliu-veisliu-sunims-kuriems-pasireiske-alergijos-maistui-simptomai\/#breadcrumb"},"inLanguage":"lt-LT","potentialAction":[{"@type":"ReadAction","target":["https:\/\/anivet.lt\/elparduotuve\/produktas\/hipoalerginis-maistas-sunims-su-antiena-ir-bulvemis-subalansuotas-suaugusiems-vidutiniu-dideliu-veisliu-sunims-kuriems-pasireiske-alergijos-maistui-simptomai\/"]}]},{"@type":"ImageObject","inLanguage":"lt-LT","@id":"https:\/\/anivet.lt\/elparduotuve\/produktas\/hipoalerginis-maistas-sunims-su-antiena-ir-bulvemis-subalansuotas-suaugusiems-vidutiniu-dideliu-veisliu-sunims-kuriems-pasireiske-alergijos-maistui-simptomai\/#primaryimage","url":"https:\/\/anivet.lt\/elparduotuve\/wp-content\/uploads\/2023\/07\/exclusion-sausas-maistas-suaugusiems-sunims-su-antiena.png","contentUrl":"https:\/\/anivet.lt\/elparduotuve\/wp-content\/uploads\/2023\/07\/exclusion-sausas-maistas-suaugusiems-sunims-su-antiena.png","width":600,"height":600,"caption":"Hipoalerginis maistas \u0161unims su antiena ir bulv\u0117mis."},{"@type":"BreadcrumbList","@id":"https:\/\/anivet.lt\/elparduotuve\/produktas\/hipoalerginis-maistas-sunims-su-antiena-ir-bulvemis-subalansuotas-suaugusiems-vidutiniu-dideliu-veisliu-sunims-kuriems-pasireiske-alergijos-maistui-simptomai\/#breadcrumb","itemListElement":[{"@type":"ListItem","position":1,"name":"Home","item":"https:\/\/anivet.lt\/elparduotuve\/"},{"@type":"ListItem","position":2,"name":"Produktai","item":"https:\/\/anivet.lt\/elparduotuve\/produktai\/"},{"@type":"ListItem","position":3,"name":"Hipoalerginis maistas \u0161unims su antiena ir bulv\u0117mis."}]},{"@type":"WebSite","@id":"https:\/\/anivet.lt\/elparduotuve\/#website","url":"https:\/\/anivet.lt\/elparduotuve\/","name":"anivet.lt","description":"Viskas J\u016bs\u0173 \u0161uns, kat\u0117s prie\u017ei\u016brai","publisher":{"@id":"https:\/\/anivet.lt\/elparduotuve\/#organization"},"alternateName":"Viskas J\u016bs\u0173 \u0161uns, kat\u0117s prie\u017ei\u016brai","potentialAction":[{"@type":"SearchAction","target":{"@type":"EntryPoint","urlTemplate":"https:\/\/anivet.lt\/elparduotuve\/?s={search_term_string}"},"query-input":{"@type":"PropertyValueSpecification","valueRequired":true,"valueName":"search_term_string"}}],"inLanguage":"lt-LT"},{"@type":"Organization","@id":"https:\/\/anivet.lt\/elparduotuve\/#organization","name":"Viskas J\u016bs\u0173 \u0161uns, kat\u0117s prie\u017ei\u016brai","url":"https:\/\/anivet.lt\/elparduotuve\/","logo":{"@type":"ImageObject","inLanguage":"lt-LT","@id":"https:\/\/anivet.lt\/elparduotuve\/#\/schema\/logo\/image\/","url":"https:\/\/anivet.lt\/elparduotuve\/wp-content\/uploads\/2023\/06\/logo2.jpg","contentUrl":"https:\/\/anivet.lt\/elparduotuve\/wp-content\/uploads\/2023\/06\/logo2.jpg","width":655,"height":194,"caption":"Viskas J\u016bs\u0173 \u0161uns, kat\u0117s prie\u017ei\u016brai"},"image":{"@id":"https:\/\/anivet.lt\/elparduotuve\/#\/schema\/logo\/image\/"}}]}},"_links":{"self":[{"href":"https:\/\/anivet.lt\/elparduotuve\/wp-json\/wp\/v2\/product\/10750","targetHints":{"allow":["GET"]}}],"collection":[{"href":"https:\/\/anivet.lt\/elparduotuve\/wp-json\/wp\/v2\/product"}],"about":[{"href":"https:\/\/anivet.lt\/elparduotuve\/wp-json\/wp\/v2\/types\/product"}],"wp:featuredmedia":[{"embeddable":true,"href":"https:\/\/anivet.lt\/elparduotuve\/wp-json\/wp\/v2\/media\/10752"}],"wp:attachment":[{"href":"https:\/\/anivet.lt\/elparduotuve\/wp-json\/wp\/v2\/media?parent=10750"}],"wp:term":[{"taxonomy":"product_brand","embeddable":true,"href":"https:\/\/anivet.lt\/elparduotuve\/wp-json\/wp\/v2\/product_brand?post=10750"},{"taxonomy":"product_cat","embeddable":true,"href":"https:\/\/anivet.lt\/elparduotuve\/wp-json\/wp\/v2\/product_cat?post=10750"},{"taxonomy":"product_tag","embeddable":true,"href":"https:\/\/anivet.lt\/elparduotuve\/wp-json\/wp\/v2\/product_tag?post=10750"}],"curies":[{"name":"wp","href":"https:\/\/api.w.org\/{rel}","templated":true}]}}