{"id":10775,"date":"2023-07-26T11:29:51","date_gmt":"2023-07-26T11:29:51","guid":{"rendered":"https:\/\/anivet.lt\/elparduotuve\/?post_type=product&#038;p=10775"},"modified":"2026-04-20T14:50:35","modified_gmt":"2026-04-20T14:50:35","slug":"exclusion-hypoallergenic-konservai-sunims-su-putpeliu-mesa-ir-zirniais","status":"publish","type":"product","link":"https:\/\/anivet.lt\/elparduotuve\/produktas\/exclusion-hypoallergenic-konservai-sunims-su-putpeliu-mesa-ir-zirniais\/","title":{"rendered":"Exclusion Hypoallergenic konservai \u0161unims su putpeli\u0173 m\u0117sa ir \u017eirniais"},"content":{"rendered":"<ul>\n<li style=\"font-weight: 400;\" aria-level=\"1\"><span style=\"font-weight: 400;\">Vieno baltymo \u0161altinis: Putpeli\u0173 m\u0117sa \u2013 vienintelis gyv\u016bnini\u0173 baltym\u0173 \u0161altinis, suma\u017einantis alergini\u0173 reakcij\u0173 rizik\u0105.<\/span><\/li>\n<li style=\"font-weight: 400;\" aria-level=\"1\"><span style=\"font-weight: 400;\">Be gr\u016bd\u0173: \u0160lapias maistas lengvai vir\u0161kinamas ir tinkamas jautriems \u0161unims.<\/span><\/li>\n<li style=\"font-weight: 400;\" aria-level=\"1\"><span style=\"font-weight: 400;\">Alavijas: Veiksmingai ma\u017eina u\u017edegimus ir ramina odos sudirgimus.<\/span><\/li>\n<li style=\"font-weight: 400;\" aria-level=\"1\"><span style=\"font-weight: 400;\">Sveika oda ir kailis: Lin\u0173 s\u0117men\u0173 riebal\u0173 r\u016bg\u0161tys padeda palaikyti odos sveikat\u0105 ir suteikia kailiui blizgesio.<\/span><\/li>\n<li style=\"font-weight: 400;\" aria-level=\"1\"><span style=\"font-weight: 400;\">Ma\u017eai ingredient\u0173: Minimalus ingredient\u0173 skai\u010dius u\u017etikrina auk\u0161t\u0105 tolerancij\u0105 net jautriausiems \u0161unims.<\/span><\/li>\n<\/ul>\n<p><span style=\"font-weight: 400;\">\u201eExclusion Hypoallergenic\u201c konservai \u2013 tai idealus pasirinkimas j\u016bs\u0173 augintiniui, suteikiantis reikiam\u0105 mityb\u0105 ir puosel\u0117jantis ger\u0105 savijaut\u0105. \u0160is produktas padeda palaikyti sveik\u0105 od\u0105, kail\u012f ir vir\u0161kinimo sistem\u0105, u\u017etikrindamas komfort\u0105 kiekvien\u0105 dien\u0105.<\/span><\/p>\n","protected":false},"excerpt":{"rendered":"<p><span style=\"font-weight: 400;\">Auk\u0161tos kokyb\u0117s \u0161lapias maistas, skirtas suaugusiems \u0161unims, kuriems pasirei\u0161kia maisto alergijos ar netoleravimo simptomai. Sud\u0117tyje esan\u010dios putpeli\u0173 m\u0117sa ir \u017eirniai u\u017etikrina subalansuot\u0105 ir lengvai vir\u0161kinam\u0105 mityb\u0105.<\/span><\/p>\n","protected":false},"featured_media":10780,"template":"","meta":[],"product_brand":[],"product_cat":[101,103,107,317],"product_tag":[],"class_list":{"0":"post-10775","1":"product","2":"type-product","3":"status-publish","4":"has-post-thumbnail","6":"product_cat-sunims","7":"product_cat-sunu-maistas","8":"product_cat-veterinarine-dieta","9":"product_cat-exclusion-sunu-maistas","10":"pa_prekinis-zenklas-exclusion","12":"first","13":"instock","14":"sale","15":"taxable","16":"shipping-taxable","17":"purchasable","18":"product-type-variable"},"yoast_head":"<!-- This site is optimized with the Yoast SEO Premium plugin v27.1 (Yoast SEO v27.5) - https:\/\/yoast.com\/product\/yoast-seo-premium-wordpress\/ -->\n<title>Exclusion Hypoallergenic konservai \u0161unims su putpeli\u0173 m\u0117sa ir \u017eirniais - anivet.lt<\/title>\n<meta name=\"description\" content=\"Auk\u0161tos kokyb\u0117s \u0161lapias maistas, skirtas suaugusiems \u0161unims, kuriems pasirei\u0161kia maisto alergijos ar netoleravimo simptomai. Sud\u0117tyje esan\u010dios putpeli\u0173 m\u0117sa ir \u017eirniai u\u017etikrina subalansuot\u0105 ir lengvai vir\u0161kinam\u0105 mityb\u0105.\" \/>\n<meta name=\"robots\" content=\"index, follow, max-snippet:-1, max-image-preview:large, max-video-preview:-1\" \/>\n<link rel=\"canonical\" href=\"https:\/\/anivet.lt\/elparduotuve\/produktas\/exclusion-hypoallergenic-konservai-sunims-su-putpeliu-mesa-ir-zirniais\/\" \/>\n<meta property=\"og:locale\" content=\"lt_LT\" \/>\n<meta property=\"og:type\" content=\"article\" \/>\n<meta property=\"og:title\" content=\"Exclusion Hypoallergenic konservai \u0161unims su putpeli\u0173 m\u0117sa ir \u017eirniais\" \/>\n<meta property=\"og:description\" content=\"Auk\u0161tos kokyb\u0117s \u0161lapias maistas, skirtas suaugusiems \u0161unims, kuriems pasirei\u0161kia maisto alergijos ar netoleravimo simptomai. Sud\u0117tyje esan\u010dios putpeli\u0173 m\u0117sa ir \u017eirniai u\u017etikrina subalansuot\u0105 ir lengvai vir\u0161kinam\u0105 mityb\u0105.\" \/>\n<meta property=\"og:url\" content=\"https:\/\/anivet.lt\/elparduotuve\/produktas\/exclusion-hypoallergenic-konservai-sunims-su-putpeliu-mesa-ir-zirniais\/\" \/>\n<meta property=\"og:site_name\" content=\"anivet.lt\" \/>\n<meta property=\"article:modified_time\" content=\"2026-04-20T14:50:35+00:00\" \/>\n<meta property=\"og:image\" content=\"https:\/\/anivet.lt\/elparduotuve\/wp-content\/uploads\/2023\/07\/Exclusion-Hypoallergenic-konservai-sunims-su-paukstiena-ir-zirniais-400g.png\" \/>\n\t<meta property=\"og:image:width\" content=\"600\" \/>\n\t<meta property=\"og:image:height\" content=\"600\" \/>\n\t<meta property=\"og:image:type\" content=\"image\/png\" \/>\n<meta name=\"twitter:card\" content=\"summary_large_image\" \/>\n<meta name=\"twitter:label1\" content=\"Est. reading time\" \/>\n\t<meta name=\"twitter:data1\" content=\"1 minut\u0117\" \/>\n<script type=\"application\/ld+json\" class=\"yoast-schema-graph\">{\"@context\":\"https:\\\/\\\/schema.org\",\"@graph\":[{\"@type\":\"WebPage\",\"@id\":\"https:\\\/\\\/anivet.lt\\\/elparduotuve\\\/produktas\\\/exclusion-hypoallergenic-konservai-sunims-su-putpeliu-mesa-ir-zirniais\\\/\",\"url\":\"https:\\\/\\\/anivet.lt\\\/elparduotuve\\\/produktas\\\/exclusion-hypoallergenic-konservai-sunims-su-putpeliu-mesa-ir-zirniais\\\/\",\"name\":\"Exclusion Hypoallergenic konservai \u0161unims su putpeli\u0173 m\u0117sa ir \u017eirniais - anivet.lt\",\"isPartOf\":{\"@id\":\"https:\\\/\\\/anivet.lt\\\/elparduotuve\\\/#website\"},\"primaryImageOfPage\":{\"@id\":\"https:\\\/\\\/anivet.lt\\\/elparduotuve\\\/produktas\\\/exclusion-hypoallergenic-konservai-sunims-su-putpeliu-mesa-ir-zirniais\\\/#primaryimage\"},\"image\":{\"@id\":\"https:\\\/\\\/anivet.lt\\\/elparduotuve\\\/produktas\\\/exclusion-hypoallergenic-konservai-sunims-su-putpeliu-mesa-ir-zirniais\\\/#primaryimage\"},\"thumbnailUrl\":\"https:\\\/\\\/anivet.lt\\\/elparduotuve\\\/wp-content\\\/uploads\\\/2023\\\/07\\\/Exclusion-Hypoallergenic-konservai-sunims-su-paukstiena-ir-zirniais-400g.png\",\"datePublished\":\"2023-07-26T11:29:51+00:00\",\"dateModified\":\"2026-04-20T14:50:35+00:00\",\"description\":\"Auk\u0161tos kokyb\u0117s \u0161lapias maistas, skirtas suaugusiems \u0161unims, kuriems pasirei\u0161kia maisto alergijos ar netoleravimo simptomai. Sud\u0117tyje esan\u010dios putpeli\u0173 m\u0117sa ir \u017eirniai u\u017etikrina subalansuot\u0105 ir lengvai vir\u0161kinam\u0105 mityb\u0105.\",\"breadcrumb\":{\"@id\":\"https:\\\/\\\/anivet.lt\\\/elparduotuve\\\/produktas\\\/exclusion-hypoallergenic-konservai-sunims-su-putpeliu-mesa-ir-zirniais\\\/#breadcrumb\"},\"inLanguage\":\"lt-LT\",\"potentialAction\":[{\"@type\":\"ReadAction\",\"target\":[\"https:\\\/\\\/anivet.lt\\\/elparduotuve\\\/produktas\\\/exclusion-hypoallergenic-konservai-sunims-su-putpeliu-mesa-ir-zirniais\\\/\"]}]},{\"@type\":\"ImageObject\",\"inLanguage\":\"lt-LT\",\"@id\":\"https:\\\/\\\/anivet.lt\\\/elparduotuve\\\/produktas\\\/exclusion-hypoallergenic-konservai-sunims-su-putpeliu-mesa-ir-zirniais\\\/#primaryimage\",\"url\":\"https:\\\/\\\/anivet.lt\\\/elparduotuve\\\/wp-content\\\/uploads\\\/2023\\\/07\\\/Exclusion-Hypoallergenic-konservai-sunims-su-paukstiena-ir-zirniais-400g.png\",\"contentUrl\":\"https:\\\/\\\/anivet.lt\\\/elparduotuve\\\/wp-content\\\/uploads\\\/2023\\\/07\\\/Exclusion-Hypoallergenic-konservai-sunims-su-paukstiena-ir-zirniais-400g.png\",\"width\":600,\"height\":600,\"caption\":\"Exclusion Hypoallergenic konservai \u0161unims su putpeli\u0173 m\u0117sa ir \u017eirniais - 400g.\"},{\"@type\":\"BreadcrumbList\",\"@id\":\"https:\\\/\\\/anivet.lt\\\/elparduotuve\\\/produktas\\\/exclusion-hypoallergenic-konservai-sunims-su-putpeliu-mesa-ir-zirniais\\\/#breadcrumb\",\"itemListElement\":[{\"@type\":\"ListItem\",\"position\":1,\"name\":\"Home\",\"item\":\"https:\\\/\\\/anivet.lt\\\/elparduotuve\\\/\"},{\"@type\":\"ListItem\",\"position\":2,\"name\":\"Produktai\",\"item\":\"https:\\\/\\\/anivet.lt\\\/elparduotuve\\\/produktai\\\/\"},{\"@type\":\"ListItem\",\"position\":3,\"name\":\"Exclusion Hypoallergenic konservai \u0161unims su putpeli\u0173 m\u0117sa ir \u017eirniais\"}]},{\"@type\":\"WebSite\",\"@id\":\"https:\\\/\\\/anivet.lt\\\/elparduotuve\\\/#website\",\"url\":\"https:\\\/\\\/anivet.lt\\\/elparduotuve\\\/\",\"name\":\"anivet.lt\",\"description\":\"Viskas J\u016bs\u0173 \u0161uns, kat\u0117s prie\u017ei\u016brai\",\"publisher\":{\"@id\":\"https:\\\/\\\/anivet.lt\\\/elparduotuve\\\/#organization\"},\"alternateName\":\"Viskas J\u016bs\u0173 \u0161uns, kat\u0117s prie\u017ei\u016brai\",\"potentialAction\":[{\"@type\":\"SearchAction\",\"target\":{\"@type\":\"EntryPoint\",\"urlTemplate\":\"https:\\\/\\\/anivet.lt\\\/elparduotuve\\\/?s={search_term_string}\"},\"query-input\":{\"@type\":\"PropertyValueSpecification\",\"valueRequired\":true,\"valueName\":\"search_term_string\"}}],\"inLanguage\":\"lt-LT\"},{\"@type\":\"Organization\",\"@id\":\"https:\\\/\\\/anivet.lt\\\/elparduotuve\\\/#organization\",\"name\":\"Viskas J\u016bs\u0173 \u0161uns, kat\u0117s prie\u017ei\u016brai\",\"url\":\"https:\\\/\\\/anivet.lt\\\/elparduotuve\\\/\",\"logo\":{\"@type\":\"ImageObject\",\"inLanguage\":\"lt-LT\",\"@id\":\"https:\\\/\\\/anivet.lt\\\/elparduotuve\\\/#\\\/schema\\\/logo\\\/image\\\/\",\"url\":\"https:\\\/\\\/anivet.lt\\\/elparduotuve\\\/wp-content\\\/uploads\\\/2023\\\/06\\\/logo2.jpg\",\"contentUrl\":\"https:\\\/\\\/anivet.lt\\\/elparduotuve\\\/wp-content\\\/uploads\\\/2023\\\/06\\\/logo2.jpg\",\"width\":655,\"height\":194,\"caption\":\"Viskas J\u016bs\u0173 \u0161uns, kat\u0117s prie\u017ei\u016brai\"},\"image\":{\"@id\":\"https:\\\/\\\/anivet.lt\\\/elparduotuve\\\/#\\\/schema\\\/logo\\\/image\\\/\"}}]}<\/script>\n<!-- \/ Yoast SEO Premium plugin. -->","yoast_head_json":{"title":"Exclusion Hypoallergenic konservai \u0161unims su putpeli\u0173 m\u0117sa ir \u017eirniais - anivet.lt","description":"Auk\u0161tos kokyb\u0117s \u0161lapias maistas, skirtas suaugusiems \u0161unims, kuriems pasirei\u0161kia maisto alergijos ar netoleravimo simptomai. Sud\u0117tyje esan\u010dios putpeli\u0173 m\u0117sa ir \u017eirniai u\u017etikrina subalansuot\u0105 ir lengvai vir\u0161kinam\u0105 mityb\u0105.","robots":{"index":"index","follow":"follow","max-snippet":"max-snippet:-1","max-image-preview":"max-image-preview:large","max-video-preview":"max-video-preview:-1"},"canonical":"https:\/\/anivet.lt\/elparduotuve\/produktas\/exclusion-hypoallergenic-konservai-sunims-su-putpeliu-mesa-ir-zirniais\/","og_locale":"lt_LT","og_type":"article","og_title":"Exclusion Hypoallergenic konservai \u0161unims su putpeli\u0173 m\u0117sa ir \u017eirniais","og_description":"Auk\u0161tos kokyb\u0117s \u0161lapias maistas, skirtas suaugusiems \u0161unims, kuriems pasirei\u0161kia maisto alergijos ar netoleravimo simptomai. Sud\u0117tyje esan\u010dios putpeli\u0173 m\u0117sa ir \u017eirniai u\u017etikrina subalansuot\u0105 ir lengvai vir\u0161kinam\u0105 mityb\u0105.","og_url":"https:\/\/anivet.lt\/elparduotuve\/produktas\/exclusion-hypoallergenic-konservai-sunims-su-putpeliu-mesa-ir-zirniais\/","og_site_name":"anivet.lt","article_modified_time":"2026-04-20T14:50:35+00:00","og_image":[{"width":600,"height":600,"url":"https:\/\/anivet.lt\/elparduotuve\/wp-content\/uploads\/2023\/07\/Exclusion-Hypoallergenic-konservai-sunims-su-paukstiena-ir-zirniais-400g.png","type":"image\/png"}],"twitter_card":"summary_large_image","twitter_misc":{"Est. reading time":"1 minut\u0117"},"schema":{"@context":"https:\/\/schema.org","@graph":[{"@type":"WebPage","@id":"https:\/\/anivet.lt\/elparduotuve\/produktas\/exclusion-hypoallergenic-konservai-sunims-su-putpeliu-mesa-ir-zirniais\/","url":"https:\/\/anivet.lt\/elparduotuve\/produktas\/exclusion-hypoallergenic-konservai-sunims-su-putpeliu-mesa-ir-zirniais\/","name":"Exclusion Hypoallergenic konservai \u0161unims su putpeli\u0173 m\u0117sa ir \u017eirniais - anivet.lt","isPartOf":{"@id":"https:\/\/anivet.lt\/elparduotuve\/#website"},"primaryImageOfPage":{"@id":"https:\/\/anivet.lt\/elparduotuve\/produktas\/exclusion-hypoallergenic-konservai-sunims-su-putpeliu-mesa-ir-zirniais\/#primaryimage"},"image":{"@id":"https:\/\/anivet.lt\/elparduotuve\/produktas\/exclusion-hypoallergenic-konservai-sunims-su-putpeliu-mesa-ir-zirniais\/#primaryimage"},"thumbnailUrl":"https:\/\/anivet.lt\/elparduotuve\/wp-content\/uploads\/2023\/07\/Exclusion-Hypoallergenic-konservai-sunims-su-paukstiena-ir-zirniais-400g.png","datePublished":"2023-07-26T11:29:51+00:00","dateModified":"2026-04-20T14:50:35+00:00","description":"Auk\u0161tos kokyb\u0117s \u0161lapias maistas, skirtas suaugusiems \u0161unims, kuriems pasirei\u0161kia maisto alergijos ar netoleravimo simptomai. Sud\u0117tyje esan\u010dios putpeli\u0173 m\u0117sa ir \u017eirniai u\u017etikrina subalansuot\u0105 ir lengvai vir\u0161kinam\u0105 mityb\u0105.","breadcrumb":{"@id":"https:\/\/anivet.lt\/elparduotuve\/produktas\/exclusion-hypoallergenic-konservai-sunims-su-putpeliu-mesa-ir-zirniais\/#breadcrumb"},"inLanguage":"lt-LT","potentialAction":[{"@type":"ReadAction","target":["https:\/\/anivet.lt\/elparduotuve\/produktas\/exclusion-hypoallergenic-konservai-sunims-su-putpeliu-mesa-ir-zirniais\/"]}]},{"@type":"ImageObject","inLanguage":"lt-LT","@id":"https:\/\/anivet.lt\/elparduotuve\/produktas\/exclusion-hypoallergenic-konservai-sunims-su-putpeliu-mesa-ir-zirniais\/#primaryimage","url":"https:\/\/anivet.lt\/elparduotuve\/wp-content\/uploads\/2023\/07\/Exclusion-Hypoallergenic-konservai-sunims-su-paukstiena-ir-zirniais-400g.png","contentUrl":"https:\/\/anivet.lt\/elparduotuve\/wp-content\/uploads\/2023\/07\/Exclusion-Hypoallergenic-konservai-sunims-su-paukstiena-ir-zirniais-400g.png","width":600,"height":600,"caption":"Exclusion Hypoallergenic konservai \u0161unims su putpeli\u0173 m\u0117sa ir \u017eirniais - 400g."},{"@type":"BreadcrumbList","@id":"https:\/\/anivet.lt\/elparduotuve\/produktas\/exclusion-hypoallergenic-konservai-sunims-su-putpeliu-mesa-ir-zirniais\/#breadcrumb","itemListElement":[{"@type":"ListItem","position":1,"name":"Home","item":"https:\/\/anivet.lt\/elparduotuve\/"},{"@type":"ListItem","position":2,"name":"Produktai","item":"https:\/\/anivet.lt\/elparduotuve\/produktai\/"},{"@type":"ListItem","position":3,"name":"Exclusion Hypoallergenic konservai \u0161unims su putpeli\u0173 m\u0117sa ir \u017eirniais"}]},{"@type":"WebSite","@id":"https:\/\/anivet.lt\/elparduotuve\/#website","url":"https:\/\/anivet.lt\/elparduotuve\/","name":"anivet.lt","description":"Viskas J\u016bs\u0173 \u0161uns, kat\u0117s prie\u017ei\u016brai","publisher":{"@id":"https:\/\/anivet.lt\/elparduotuve\/#organization"},"alternateName":"Viskas J\u016bs\u0173 \u0161uns, kat\u0117s prie\u017ei\u016brai","potentialAction":[{"@type":"SearchAction","target":{"@type":"EntryPoint","urlTemplate":"https:\/\/anivet.lt\/elparduotuve\/?s={search_term_string}"},"query-input":{"@type":"PropertyValueSpecification","valueRequired":true,"valueName":"search_term_string"}}],"inLanguage":"lt-LT"},{"@type":"Organization","@id":"https:\/\/anivet.lt\/elparduotuve\/#organization","name":"Viskas J\u016bs\u0173 \u0161uns, kat\u0117s prie\u017ei\u016brai","url":"https:\/\/anivet.lt\/elparduotuve\/","logo":{"@type":"ImageObject","inLanguage":"lt-LT","@id":"https:\/\/anivet.lt\/elparduotuve\/#\/schema\/logo\/image\/","url":"https:\/\/anivet.lt\/elparduotuve\/wp-content\/uploads\/2023\/06\/logo2.jpg","contentUrl":"https:\/\/anivet.lt\/elparduotuve\/wp-content\/uploads\/2023\/06\/logo2.jpg","width":655,"height":194,"caption":"Viskas J\u016bs\u0173 \u0161uns, kat\u0117s prie\u017ei\u016brai"},"image":{"@id":"https:\/\/anivet.lt\/elparduotuve\/#\/schema\/logo\/image\/"}}]}},"_links":{"self":[{"href":"https:\/\/anivet.lt\/elparduotuve\/wp-json\/wp\/v2\/product\/10775","targetHints":{"allow":["GET"]}}],"collection":[{"href":"https:\/\/anivet.lt\/elparduotuve\/wp-json\/wp\/v2\/product"}],"about":[{"href":"https:\/\/anivet.lt\/elparduotuve\/wp-json\/wp\/v2\/types\/product"}],"wp:featuredmedia":[{"embeddable":true,"href":"https:\/\/anivet.lt\/elparduotuve\/wp-json\/wp\/v2\/media\/10780"}],"wp:attachment":[{"href":"https:\/\/anivet.lt\/elparduotuve\/wp-json\/wp\/v2\/media?parent=10775"}],"wp:term":[{"taxonomy":"product_brand","embeddable":true,"href":"https:\/\/anivet.lt\/elparduotuve\/wp-json\/wp\/v2\/product_brand?post=10775"},{"taxonomy":"product_cat","embeddable":true,"href":"https:\/\/anivet.lt\/elparduotuve\/wp-json\/wp\/v2\/product_cat?post=10775"},{"taxonomy":"product_tag","embeddable":true,"href":"https:\/\/anivet.lt\/elparduotuve\/wp-json\/wp\/v2\/product_tag?post=10775"}],"curies":[{"name":"wp","href":"https:\/\/api.w.org\/{rel}","templated":true}]}}