{"id":10776,"date":"2023-07-26T11:37:52","date_gmt":"2023-07-26T11:37:52","guid":{"rendered":"https:\/\/anivet.lt\/elparduotuve\/?post_type=product&#038;p=10776"},"modified":"2026-04-08T19:08:34","modified_gmt":"2026-04-08T19:08:34","slug":"calibra-cat-life-pouch-kitten-turkey-in-gravy-slapias-maistas-kaciukams-su-kalakutiena","status":"publish","type":"product","link":"https:\/\/anivet.lt\/elparduotuve\/produktas\/calibra-cat-life-pouch-kitten-turkey-in-gravy-slapias-maistas-kaciukams-su-kalakutiena\/","title":{"rendered":"Calibra Cat Life\u00a0pouch Kitten Turkey in gravy  \u0161lapias maistas ka\u010diukams su kalakutiena"},"content":{"rendered":"<p><span style=\"font-weight: 400;\">Subalansuotas superpremium klas\u0117s dr\u0117gnas pa\u0161aras su kalakutienos fil\u0117 pada\u017ee, skirtas jautriems ka\u010diuk\u0173 skrandukams. \u0160i gr\u016bd\u0173 neturinti sud\u0117tis u\u017etikrina puik\u0173 vir\u0161kinim\u0105, ilgalaik\u012f \u0161\u0117rim\u0105 ir neprilygstam\u0105 skon\u012f.<\/span><\/p>\n<ul>\n<li style=\"font-weight: 400;\" aria-level=\"1\"><span style=\"font-weight: 400;\">Didelis kiekis m\u0117sos (88 %): Kalakutienos fil\u0117 suteikia auk\u0161tos kokyb\u0117s baltym\u0173.<\/span><\/li>\n<li style=\"font-weight: 400;\" aria-level=\"1\"><span style=\"font-weight: 400;\">Be gr\u016bd\u0173, kukur\u016bz\u0173, sojos ir GMO: Idealiai tinka jautriems ka\u010diukams.<\/span><\/li>\n<li style=\"font-weight: 400;\" aria-level=\"1\"><span style=\"font-weight: 400;\">Praturtintas taurinu: B\u016btina aminor\u016bg\u0161tis, palaikanti \u0161irdies ir aki\u0173 sveikat\u0105.<\/span><\/li>\n<li style=\"font-weight: 400;\" aria-level=\"1\"><span style=\"font-weight: 400;\">Spanguol\u0117s: Pasi\u017eymi antioksidacin\u0117mis savyb\u0117mis, teigiamai veikia \u0161lapimo tak\u0173 sveikat\u0105.<\/span><\/li>\n<li style=\"font-weight: 400;\" aria-level=\"1\"><span style=\"font-weight: 400;\">La\u0161i\u0161\u0173 aliejus: Omega-3 \u0161altinis, svarbus smegen\u0173 vystymuisi, odai ir kailiui, turintis prie\u0161u\u017edegimin\u012f poveik\u012f.<\/span><\/li>\n<\/ul>\n<p><span style=\"font-weight: 400;\">\u201eCalibra Cat Life Pouch Kitten Turkey in Gravy\u201c yra i\u0161skirtin\u0117s kokyb\u0117s pa\u0161aras, sukurtas specialiai ka\u010diukams. Sud\u0117tyje esantys nat\u016bral\u016bs ingredientai ir funkciniai priedai ne tik skatina sveik\u0105 augim\u0105, bet ir gerina bendr\u0105 organizmo b\u016bkl\u0119, u\u017etikrina puik\u0173 vir\u0161kinim\u0105 bei skan\u0173 \u0117dim\u0105. Tai idealus pasirinkimas jauniems augintiniams, siekiant suteikti visavert\u0119 ir sveik\u0105 mityb\u0105.<\/span><\/p>\n","protected":false},"excerpt":{"rendered":"<p>Subalansuotas superpremium klas\u0117s dr\u0117gnas pa\u0161aras su kalakutienos fil\u0117 pada\u017ee, skirtas jautriems ka\u010diuk\u0173 skrandukams. \u0160i gr\u016bd\u0173 neturinti sud\u0117tis u\u017etikrina puik\u0173 vir\u0161kinim\u0105,<\/p>\n","protected":false},"featured_media":10783,"template":"","meta":[],"product_brand":[],"product_cat":[114,116,102,339],"product_tag":[],"class_list":{"0":"post-10776","1":"product","2":"type-product","3":"status-publish","4":"has-post-thumbnail","6":"product_cat-kaciu-maistas","7":"product_cat-konservai-katems","8":"product_cat-katems","9":"product_cat-calibra-kaciu-maistas","10":"pa_prekinis-zenklas-calibra","12":"first","13":"instock","14":"taxable","15":"shipping-taxable","16":"purchasable","17":"product-type-simple"},"yoast_head":"<!-- This site is optimized with the Yoast SEO Premium plugin v27.1 (Yoast SEO v27.5) - https:\/\/yoast.com\/product\/yoast-seo-premium-wordpress\/ -->\n<title>Calibra Cat Life\u00a0pouch Kitten Turkey in gravy \u0161lapias maistas ka\u010diukams su kalakutiena - anivet.lt<\/title>\n<meta name=\"description\" content=\"Subalansuotas superpremium klas\u0117s dr\u0117gnas pa\u0161aras su kalakutienos fil\u0117 pada\u017ee, skirtas jautriems ka\u010diuk\u0173 skrandukams. \u0160i gr\u016bd\u0173 neturinti sud\u0117tis u\u017etikrina\" \/>\n<meta name=\"robots\" content=\"index, follow, max-snippet:-1, max-image-preview:large, max-video-preview:-1\" \/>\n<link rel=\"canonical\" href=\"https:\/\/anivet.lt\/elparduotuve\/produktas\/calibra-cat-life-pouch-kitten-turkey-in-gravy-slapias-maistas-kaciukams-su-kalakutiena\/\" \/>\n<meta property=\"og:locale\" content=\"lt_LT\" \/>\n<meta property=\"og:type\" content=\"article\" \/>\n<meta property=\"og:title\" content=\"Calibra Cat Life\u00a0pouch Kitten Turkey in gravy \u0161lapias maistas ka\u010diukams su kalakutiena\" \/>\n<meta property=\"og:description\" content=\"Subalansuotas superpremium klas\u0117s dr\u0117gnas pa\u0161aras su kalakutienos fil\u0117 pada\u017ee, skirtas jautriems ka\u010diuk\u0173 skrandukams. \u0160i gr\u016bd\u0173 neturinti sud\u0117tis u\u017etikrina\" \/>\n<meta property=\"og:url\" content=\"https:\/\/anivet.lt\/elparduotuve\/produktas\/calibra-cat-life-pouch-kitten-turkey-in-gravy-slapias-maistas-kaciukams-su-kalakutiena\/\" \/>\n<meta property=\"og:site_name\" content=\"anivet.lt\" \/>\n<meta property=\"article:modified_time\" content=\"2026-04-08T19:08:34+00:00\" \/>\n<meta property=\"og:image\" content=\"https:\/\/anivet.lt\/elparduotuve\/wp-content\/uploads\/2023\/07\/2648-calibra-cat-life-kapsicka-kitten-turkey.webp\" \/>\n\t<meta property=\"og:image:width\" content=\"1300\" \/>\n\t<meta property=\"og:image:height\" content=\"1300\" \/>\n\t<meta property=\"og:image:type\" content=\"image\/webp\" \/>\n<meta name=\"twitter:card\" content=\"summary_large_image\" \/>\n<meta name=\"twitter:label1\" content=\"Est. reading time\" \/>\n\t<meta name=\"twitter:data1\" content=\"1 minut\u0117\" \/>\n<script type=\"application\/ld+json\" class=\"yoast-schema-graph\">{\"@context\":\"https:\\\/\\\/schema.org\",\"@graph\":[{\"@type\":\"WebPage\",\"@id\":\"https:\\\/\\\/anivet.lt\\\/elparduotuve\\\/produktas\\\/calibra-cat-life-pouch-kitten-turkey-in-gravy-slapias-maistas-kaciukams-su-kalakutiena\\\/\",\"url\":\"https:\\\/\\\/anivet.lt\\\/elparduotuve\\\/produktas\\\/calibra-cat-life-pouch-kitten-turkey-in-gravy-slapias-maistas-kaciukams-su-kalakutiena\\\/\",\"name\":\"Calibra Cat Life\u00a0pouch Kitten Turkey in gravy \u0161lapias maistas ka\u010diukams su kalakutiena - anivet.lt\",\"isPartOf\":{\"@id\":\"https:\\\/\\\/anivet.lt\\\/elparduotuve\\\/#website\"},\"primaryImageOfPage\":{\"@id\":\"https:\\\/\\\/anivet.lt\\\/elparduotuve\\\/produktas\\\/calibra-cat-life-pouch-kitten-turkey-in-gravy-slapias-maistas-kaciukams-su-kalakutiena\\\/#primaryimage\"},\"image\":{\"@id\":\"https:\\\/\\\/anivet.lt\\\/elparduotuve\\\/produktas\\\/calibra-cat-life-pouch-kitten-turkey-in-gravy-slapias-maistas-kaciukams-su-kalakutiena\\\/#primaryimage\"},\"thumbnailUrl\":\"https:\\\/\\\/anivet.lt\\\/elparduotuve\\\/wp-content\\\/uploads\\\/2023\\\/07\\\/2648-calibra-cat-life-kapsicka-kitten-turkey.webp\",\"datePublished\":\"2023-07-26T11:37:52+00:00\",\"dateModified\":\"2026-04-08T19:08:34+00:00\",\"description\":\"Subalansuotas superpremium klas\u0117s dr\u0117gnas pa\u0161aras su kalakutienos fil\u0117 pada\u017ee, skirtas jautriems ka\u010diuk\u0173 skrandukams. \u0160i gr\u016bd\u0173 neturinti sud\u0117tis u\u017etikrina\",\"breadcrumb\":{\"@id\":\"https:\\\/\\\/anivet.lt\\\/elparduotuve\\\/produktas\\\/calibra-cat-life-pouch-kitten-turkey-in-gravy-slapias-maistas-kaciukams-su-kalakutiena\\\/#breadcrumb\"},\"inLanguage\":\"lt-LT\",\"potentialAction\":[{\"@type\":\"ReadAction\",\"target\":[\"https:\\\/\\\/anivet.lt\\\/elparduotuve\\\/produktas\\\/calibra-cat-life-pouch-kitten-turkey-in-gravy-slapias-maistas-kaciukams-su-kalakutiena\\\/\"]}]},{\"@type\":\"ImageObject\",\"inLanguage\":\"lt-LT\",\"@id\":\"https:\\\/\\\/anivet.lt\\\/elparduotuve\\\/produktas\\\/calibra-cat-life-pouch-kitten-turkey-in-gravy-slapias-maistas-kaciukams-su-kalakutiena\\\/#primaryimage\",\"url\":\"https:\\\/\\\/anivet.lt\\\/elparduotuve\\\/wp-content\\\/uploads\\\/2023\\\/07\\\/2648-calibra-cat-life-kapsicka-kitten-turkey.webp\",\"contentUrl\":\"https:\\\/\\\/anivet.lt\\\/elparduotuve\\\/wp-content\\\/uploads\\\/2023\\\/07\\\/2648-calibra-cat-life-kapsicka-kitten-turkey.webp\",\"width\":1300,\"height\":1300,\"caption\":\"Calibra Cat Life\u00a0pouch Kitten Turkey in gravy \u0161lapias maistas ka\u010diukams su kalakutiena\"},{\"@type\":\"BreadcrumbList\",\"@id\":\"https:\\\/\\\/anivet.lt\\\/elparduotuve\\\/produktas\\\/calibra-cat-life-pouch-kitten-turkey-in-gravy-slapias-maistas-kaciukams-su-kalakutiena\\\/#breadcrumb\",\"itemListElement\":[{\"@type\":\"ListItem\",\"position\":1,\"name\":\"Home\",\"item\":\"https:\\\/\\\/anivet.lt\\\/elparduotuve\\\/\"},{\"@type\":\"ListItem\",\"position\":2,\"name\":\"Produktai\",\"item\":\"https:\\\/\\\/anivet.lt\\\/elparduotuve\\\/produktai\\\/\"},{\"@type\":\"ListItem\",\"position\":3,\"name\":\"Calibra Cat Life\u00a0pouch Kitten Turkey in gravy \u0161lapias maistas ka\u010diukams su kalakutiena\"}]},{\"@type\":\"WebSite\",\"@id\":\"https:\\\/\\\/anivet.lt\\\/elparduotuve\\\/#website\",\"url\":\"https:\\\/\\\/anivet.lt\\\/elparduotuve\\\/\",\"name\":\"anivet.lt\",\"description\":\"Viskas J\u016bs\u0173 \u0161uns, kat\u0117s prie\u017ei\u016brai\",\"publisher\":{\"@id\":\"https:\\\/\\\/anivet.lt\\\/elparduotuve\\\/#organization\"},\"alternateName\":\"Viskas J\u016bs\u0173 \u0161uns, kat\u0117s prie\u017ei\u016brai\",\"potentialAction\":[{\"@type\":\"SearchAction\",\"target\":{\"@type\":\"EntryPoint\",\"urlTemplate\":\"https:\\\/\\\/anivet.lt\\\/elparduotuve\\\/?s={search_term_string}\"},\"query-input\":{\"@type\":\"PropertyValueSpecification\",\"valueRequired\":true,\"valueName\":\"search_term_string\"}}],\"inLanguage\":\"lt-LT\"},{\"@type\":\"Organization\",\"@id\":\"https:\\\/\\\/anivet.lt\\\/elparduotuve\\\/#organization\",\"name\":\"Viskas J\u016bs\u0173 \u0161uns, kat\u0117s prie\u017ei\u016brai\",\"url\":\"https:\\\/\\\/anivet.lt\\\/elparduotuve\\\/\",\"logo\":{\"@type\":\"ImageObject\",\"inLanguage\":\"lt-LT\",\"@id\":\"https:\\\/\\\/anivet.lt\\\/elparduotuve\\\/#\\\/schema\\\/logo\\\/image\\\/\",\"url\":\"https:\\\/\\\/anivet.lt\\\/elparduotuve\\\/wp-content\\\/uploads\\\/2023\\\/06\\\/logo2.jpg\",\"contentUrl\":\"https:\\\/\\\/anivet.lt\\\/elparduotuve\\\/wp-content\\\/uploads\\\/2023\\\/06\\\/logo2.jpg\",\"width\":655,\"height\":194,\"caption\":\"Viskas J\u016bs\u0173 \u0161uns, kat\u0117s prie\u017ei\u016brai\"},\"image\":{\"@id\":\"https:\\\/\\\/anivet.lt\\\/elparduotuve\\\/#\\\/schema\\\/logo\\\/image\\\/\"}}]}<\/script>\n<!-- \/ Yoast SEO Premium plugin. -->","yoast_head_json":{"title":"Calibra Cat Life\u00a0pouch Kitten Turkey in gravy \u0161lapias maistas ka\u010diukams su kalakutiena - anivet.lt","description":"Subalansuotas superpremium klas\u0117s dr\u0117gnas pa\u0161aras su kalakutienos fil\u0117 pada\u017ee, skirtas jautriems ka\u010diuk\u0173 skrandukams. \u0160i gr\u016bd\u0173 neturinti sud\u0117tis u\u017etikrina","robots":{"index":"index","follow":"follow","max-snippet":"max-snippet:-1","max-image-preview":"max-image-preview:large","max-video-preview":"max-video-preview:-1"},"canonical":"https:\/\/anivet.lt\/elparduotuve\/produktas\/calibra-cat-life-pouch-kitten-turkey-in-gravy-slapias-maistas-kaciukams-su-kalakutiena\/","og_locale":"lt_LT","og_type":"article","og_title":"Calibra Cat Life\u00a0pouch Kitten Turkey in gravy \u0161lapias maistas ka\u010diukams su kalakutiena","og_description":"Subalansuotas superpremium klas\u0117s dr\u0117gnas pa\u0161aras su kalakutienos fil\u0117 pada\u017ee, skirtas jautriems ka\u010diuk\u0173 skrandukams. \u0160i gr\u016bd\u0173 neturinti sud\u0117tis u\u017etikrina","og_url":"https:\/\/anivet.lt\/elparduotuve\/produktas\/calibra-cat-life-pouch-kitten-turkey-in-gravy-slapias-maistas-kaciukams-su-kalakutiena\/","og_site_name":"anivet.lt","article_modified_time":"2026-04-08T19:08:34+00:00","og_image":[{"width":1300,"height":1300,"url":"https:\/\/anivet.lt\/elparduotuve\/wp-content\/uploads\/2023\/07\/2648-calibra-cat-life-kapsicka-kitten-turkey.webp","type":"image\/webp"}],"twitter_card":"summary_large_image","twitter_misc":{"Est. reading time":"1 minut\u0117"},"schema":{"@context":"https:\/\/schema.org","@graph":[{"@type":"WebPage","@id":"https:\/\/anivet.lt\/elparduotuve\/produktas\/calibra-cat-life-pouch-kitten-turkey-in-gravy-slapias-maistas-kaciukams-su-kalakutiena\/","url":"https:\/\/anivet.lt\/elparduotuve\/produktas\/calibra-cat-life-pouch-kitten-turkey-in-gravy-slapias-maistas-kaciukams-su-kalakutiena\/","name":"Calibra Cat Life\u00a0pouch Kitten Turkey in gravy \u0161lapias maistas ka\u010diukams su kalakutiena - anivet.lt","isPartOf":{"@id":"https:\/\/anivet.lt\/elparduotuve\/#website"},"primaryImageOfPage":{"@id":"https:\/\/anivet.lt\/elparduotuve\/produktas\/calibra-cat-life-pouch-kitten-turkey-in-gravy-slapias-maistas-kaciukams-su-kalakutiena\/#primaryimage"},"image":{"@id":"https:\/\/anivet.lt\/elparduotuve\/produktas\/calibra-cat-life-pouch-kitten-turkey-in-gravy-slapias-maistas-kaciukams-su-kalakutiena\/#primaryimage"},"thumbnailUrl":"https:\/\/anivet.lt\/elparduotuve\/wp-content\/uploads\/2023\/07\/2648-calibra-cat-life-kapsicka-kitten-turkey.webp","datePublished":"2023-07-26T11:37:52+00:00","dateModified":"2026-04-08T19:08:34+00:00","description":"Subalansuotas superpremium klas\u0117s dr\u0117gnas pa\u0161aras su kalakutienos fil\u0117 pada\u017ee, skirtas jautriems ka\u010diuk\u0173 skrandukams. \u0160i gr\u016bd\u0173 neturinti sud\u0117tis u\u017etikrina","breadcrumb":{"@id":"https:\/\/anivet.lt\/elparduotuve\/produktas\/calibra-cat-life-pouch-kitten-turkey-in-gravy-slapias-maistas-kaciukams-su-kalakutiena\/#breadcrumb"},"inLanguage":"lt-LT","potentialAction":[{"@type":"ReadAction","target":["https:\/\/anivet.lt\/elparduotuve\/produktas\/calibra-cat-life-pouch-kitten-turkey-in-gravy-slapias-maistas-kaciukams-su-kalakutiena\/"]}]},{"@type":"ImageObject","inLanguage":"lt-LT","@id":"https:\/\/anivet.lt\/elparduotuve\/produktas\/calibra-cat-life-pouch-kitten-turkey-in-gravy-slapias-maistas-kaciukams-su-kalakutiena\/#primaryimage","url":"https:\/\/anivet.lt\/elparduotuve\/wp-content\/uploads\/2023\/07\/2648-calibra-cat-life-kapsicka-kitten-turkey.webp","contentUrl":"https:\/\/anivet.lt\/elparduotuve\/wp-content\/uploads\/2023\/07\/2648-calibra-cat-life-kapsicka-kitten-turkey.webp","width":1300,"height":1300,"caption":"Calibra Cat Life\u00a0pouch Kitten Turkey in gravy \u0161lapias maistas ka\u010diukams su kalakutiena"},{"@type":"BreadcrumbList","@id":"https:\/\/anivet.lt\/elparduotuve\/produktas\/calibra-cat-life-pouch-kitten-turkey-in-gravy-slapias-maistas-kaciukams-su-kalakutiena\/#breadcrumb","itemListElement":[{"@type":"ListItem","position":1,"name":"Home","item":"https:\/\/anivet.lt\/elparduotuve\/"},{"@type":"ListItem","position":2,"name":"Produktai","item":"https:\/\/anivet.lt\/elparduotuve\/produktai\/"},{"@type":"ListItem","position":3,"name":"Calibra Cat Life\u00a0pouch Kitten Turkey in gravy \u0161lapias maistas ka\u010diukams su kalakutiena"}]},{"@type":"WebSite","@id":"https:\/\/anivet.lt\/elparduotuve\/#website","url":"https:\/\/anivet.lt\/elparduotuve\/","name":"anivet.lt","description":"Viskas J\u016bs\u0173 \u0161uns, kat\u0117s prie\u017ei\u016brai","publisher":{"@id":"https:\/\/anivet.lt\/elparduotuve\/#organization"},"alternateName":"Viskas J\u016bs\u0173 \u0161uns, kat\u0117s prie\u017ei\u016brai","potentialAction":[{"@type":"SearchAction","target":{"@type":"EntryPoint","urlTemplate":"https:\/\/anivet.lt\/elparduotuve\/?s={search_term_string}"},"query-input":{"@type":"PropertyValueSpecification","valueRequired":true,"valueName":"search_term_string"}}],"inLanguage":"lt-LT"},{"@type":"Organization","@id":"https:\/\/anivet.lt\/elparduotuve\/#organization","name":"Viskas J\u016bs\u0173 \u0161uns, kat\u0117s prie\u017ei\u016brai","url":"https:\/\/anivet.lt\/elparduotuve\/","logo":{"@type":"ImageObject","inLanguage":"lt-LT","@id":"https:\/\/anivet.lt\/elparduotuve\/#\/schema\/logo\/image\/","url":"https:\/\/anivet.lt\/elparduotuve\/wp-content\/uploads\/2023\/06\/logo2.jpg","contentUrl":"https:\/\/anivet.lt\/elparduotuve\/wp-content\/uploads\/2023\/06\/logo2.jpg","width":655,"height":194,"caption":"Viskas J\u016bs\u0173 \u0161uns, kat\u0117s prie\u017ei\u016brai"},"image":{"@id":"https:\/\/anivet.lt\/elparduotuve\/#\/schema\/logo\/image\/"}}]}},"_links":{"self":[{"href":"https:\/\/anivet.lt\/elparduotuve\/wp-json\/wp\/v2\/product\/10776","targetHints":{"allow":["GET"]}}],"collection":[{"href":"https:\/\/anivet.lt\/elparduotuve\/wp-json\/wp\/v2\/product"}],"about":[{"href":"https:\/\/anivet.lt\/elparduotuve\/wp-json\/wp\/v2\/types\/product"}],"wp:featuredmedia":[{"embeddable":true,"href":"https:\/\/anivet.lt\/elparduotuve\/wp-json\/wp\/v2\/media\/10783"}],"wp:attachment":[{"href":"https:\/\/anivet.lt\/elparduotuve\/wp-json\/wp\/v2\/media?parent=10776"}],"wp:term":[{"taxonomy":"product_brand","embeddable":true,"href":"https:\/\/anivet.lt\/elparduotuve\/wp-json\/wp\/v2\/product_brand?post=10776"},{"taxonomy":"product_cat","embeddable":true,"href":"https:\/\/anivet.lt\/elparduotuve\/wp-json\/wp\/v2\/product_cat?post=10776"},{"taxonomy":"product_tag","embeddable":true,"href":"https:\/\/anivet.lt\/elparduotuve\/wp-json\/wp\/v2\/product_tag?post=10776"}],"curies":[{"name":"wp","href":"https:\/\/api.w.org\/{rel}","templated":true}]}}