{"id":10781,"date":"2023-07-26T12:03:00","date_gmt":"2023-07-26T12:03:00","guid":{"rendered":"https:\/\/anivet.lt\/elparduotuve\/?post_type=product&#038;p=10781"},"modified":"2026-03-25T16:31:44","modified_gmt":"2026-03-25T16:31:44","slug":"calibra-dog-life-starter-puppy-lamb-sausas-pasaras-suniukams-suningoms-ir-maitinancioms-kalems-su-eriena","status":"publish","type":"product","link":"https:\/\/anivet.lt\/elparduotuve\/produktas\/calibra-dog-life-starter-puppy-lamb-sausas-pasaras-suniukams-suningoms-ir-maitinancioms-kalems-su-eriena\/","title":{"rendered":"Calibra Dog Life Starter &amp; Puppy Lamb sausas pa\u0161aras \u0161uniukams, \u0161uningoms ir maitinan\u010dioms kal\u0117ms su \u0117riena"},"content":{"rendered":"<ul>\n<li style=\"font-weight: 400;\" aria-level=\"1\"><span style=\"font-weight: 400;\">Auk\u0161tos kokyb\u0117s baltymai: 38 % \u0117rienos baltym\u0173, i\u0161 kuri\u0173 90 % yra gyv\u016bnin\u0117s kilm\u0117s, u\u017etikrina didel\u0119 maistin\u0119 vert\u0119 augan\u010diam organizmui.<\/span><\/li>\n<li style=\"font-weight: 400;\" aria-level=\"1\"><span style=\"font-weight: 400;\">Omega-3 r\u016bg\u0161tys i\u0161 la\u0161i\u0161\u0173 aliejaus: Palaiko smegen\u0173 vystym\u0105si, sveik\u0105 kail\u012f ir od\u0105 bei turi prie\u0161u\u017edegimini\u0173 savybi\u0173.<\/span><\/li>\n<li style=\"font-weight: 400;\" aria-level=\"1\"><span style=\"font-weight: 400;\">Prebiotikai ir Laktobacilos: FOS, MOS ir inaktyvuotos Laktobacilos palaiko sveik\u0105 vir\u0161kinimo sistem\u0105 ir stiprina imunitet\u0105.<\/span><\/li>\n<li style=\"font-weight: 400;\" aria-level=\"1\"><span style=\"font-weight: 400;\">Chelatiniai mineralai ir vitaminai: Organin\u0117s mineral\u0173 formos ir vitaminai u\u017etikrina sveik\u0105 augim\u0105 ir apsaug\u0105 nuo lig\u0173.<\/span><\/li>\n<li style=\"font-weight: 400;\" aria-level=\"1\"><span style=\"font-weight: 400;\">Hipoalergin\u0117 formul\u0117: Puikiai tinka jautriems \u0161uniukams, lengvai vir\u0161kinama ir subalansuota mityba.<\/span><\/li>\n<\/ul>\n<p><span style=\"font-weight: 400;\">\u201eCalibra Dog Life Starter &amp; Puppy Lamb\u201c yra idealus pasirinkimas jauniems \u0161uniukams, kuriems reikia gerai subalansuoto ir maistingo pa\u0161aro. Puikus skonis ir auk\u0161ta kokyb\u0117 u\u017etikrins sveik\u0105 augim\u0105 ir puiki\u0105 savijaut\u0105 tiek ma\u017eiems \u0161uniukams, tiek \u0161uningoms kal\u0117ms.<\/span><\/p>\n","protected":false},"excerpt":{"rendered":"<p><span style=\"font-weight: 400;\">\u0160is superpremium sausas pa\u0161aras sukurtas \u0161uniukams iki 3 m\u0117nesi\u0173 am\u017eiaus, taip pat tinka \u0161uningoms ir maitinan\u010dioms kal\u0117ms. Pa\u0161are yra auk\u0161tos kokyb\u0117s \u0117rienos baltym\u0173 ir nedidelis kiekis ry\u017ei\u0173, u\u017etikrinant lengv\u0105 vir\u0161kinamum\u0105 ir subalansuot\u0105 mityb\u0105.<\/span><\/p>\n","protected":false},"featured_media":10795,"template":"","meta":[],"product_brand":[],"product_cat":[101,103,104,332],"product_tag":[],"class_list":{"0":"post-10781","1":"product","2":"type-product","3":"status-publish","4":"has-post-thumbnail","6":"product_cat-sunims","7":"product_cat-sunu-maistas","8":"product_cat-sausas-maistas","9":"product_cat-calibra-sunu-maistas","10":"pa_prekinis-zenklas-calibra","12":"first","13":"instock","14":"taxable","15":"shipping-taxable","16":"purchasable","17":"product-type-variable"},"yoast_head":"<!-- This site is optimized with the Yoast SEO Premium plugin v27.1 (Yoast SEO v27.5) - https:\/\/yoast.com\/product\/yoast-seo-premium-wordpress\/ -->\n<title>Calibra Dog Life Starter &amp; Puppy Lamb sausas pa\u0161aras \u0161uniukams, \u0161uningoms ir maitinan\u010dioms kal\u0117ms su \u0117riena - anivet.lt<\/title>\n<meta name=\"description\" content=\"\u0160is superpremium sausas pa\u0161aras sukurtas \u0161uniukams iki 3 m\u0117nesi\u0173 am\u017eiaus, taip pat tinka \u0161uningoms ir maitinan\u010dioms kal\u0117ms. Pa\u0161are yra auk\u0161tos kokyb\u0117s \u0117rienos baltym\u0173 ir nedidelis kiekis ry\u017ei\u0173, u\u017etikrinant lengv\u0105 vir\u0161kinamum\u0105 ir subalansuot\u0105 mityb\u0105.\" \/>\n<meta name=\"robots\" content=\"index, follow, max-snippet:-1, max-image-preview:large, max-video-preview:-1\" \/>\n<link rel=\"canonical\" href=\"https:\/\/anivet.lt\/elparduotuve\/produktas\/calibra-dog-life-starter-puppy-lamb-sausas-pasaras-suniukams-suningoms-ir-maitinancioms-kalems-su-eriena\/\" \/>\n<meta property=\"og:locale\" content=\"lt_LT\" \/>\n<meta property=\"og:type\" content=\"article\" \/>\n<meta property=\"og:title\" content=\"Calibra Dog Life Starter &amp; Puppy Lamb sausas pa\u0161aras \u0161uniukams, \u0161uningoms ir maitinan\u010dioms kal\u0117ms su \u0117riena\" \/>\n<meta property=\"og:description\" content=\"\u0160is superpremium sausas pa\u0161aras sukurtas \u0161uniukams iki 3 m\u0117nesi\u0173 am\u017eiaus, taip pat tinka \u0161uningoms ir maitinan\u010dioms kal\u0117ms. Pa\u0161are yra auk\u0161tos kokyb\u0117s \u0117rienos baltym\u0173 ir nedidelis kiekis ry\u017ei\u0173, u\u017etikrinant lengv\u0105 vir\u0161kinamum\u0105 ir subalansuot\u0105 mityb\u0105.\" \/>\n<meta property=\"og:url\" content=\"https:\/\/anivet.lt\/elparduotuve\/produktas\/calibra-dog-life-starter-puppy-lamb-sausas-pasaras-suniukams-suningoms-ir-maitinancioms-kalems-su-eriena\/\" \/>\n<meta property=\"og:site_name\" content=\"anivet.lt\" \/>\n<meta property=\"article:modified_time\" content=\"2026-03-25T16:31:44+00:00\" \/>\n<meta property=\"og:image\" content=\"https:\/\/anivet.lt\/elparduotuve\/wp-content\/uploads\/2023\/07\/353-calibra-dog-life-starter-puppy-lamb.webp\" \/>\n\t<meta property=\"og:image:width\" content=\"1920\" \/>\n\t<meta property=\"og:image:height\" content=\"1920\" \/>\n\t<meta property=\"og:image:type\" content=\"image\/webp\" \/>\n<meta name=\"twitter:card\" content=\"summary_large_image\" \/>\n<meta name=\"twitter:label1\" content=\"Est. reading time\" \/>\n\t<meta name=\"twitter:data1\" content=\"1 minut\u0117\" \/>\n<script type=\"application\/ld+json\" class=\"yoast-schema-graph\">{\"@context\":\"https:\\\/\\\/schema.org\",\"@graph\":[{\"@type\":\"WebPage\",\"@id\":\"https:\\\/\\\/anivet.lt\\\/elparduotuve\\\/produktas\\\/calibra-dog-life-starter-puppy-lamb-sausas-pasaras-suniukams-suningoms-ir-maitinancioms-kalems-su-eriena\\\/\",\"url\":\"https:\\\/\\\/anivet.lt\\\/elparduotuve\\\/produktas\\\/calibra-dog-life-starter-puppy-lamb-sausas-pasaras-suniukams-suningoms-ir-maitinancioms-kalems-su-eriena\\\/\",\"name\":\"Calibra Dog Life Starter &amp; Puppy Lamb sausas pa\u0161aras \u0161uniukams, \u0161uningoms ir maitinan\u010dioms kal\u0117ms su \u0117riena - anivet.lt\",\"isPartOf\":{\"@id\":\"https:\\\/\\\/anivet.lt\\\/elparduotuve\\\/#website\"},\"primaryImageOfPage\":{\"@id\":\"https:\\\/\\\/anivet.lt\\\/elparduotuve\\\/produktas\\\/calibra-dog-life-starter-puppy-lamb-sausas-pasaras-suniukams-suningoms-ir-maitinancioms-kalems-su-eriena\\\/#primaryimage\"},\"image\":{\"@id\":\"https:\\\/\\\/anivet.lt\\\/elparduotuve\\\/produktas\\\/calibra-dog-life-starter-puppy-lamb-sausas-pasaras-suniukams-suningoms-ir-maitinancioms-kalems-su-eriena\\\/#primaryimage\"},\"thumbnailUrl\":\"https:\\\/\\\/anivet.lt\\\/elparduotuve\\\/wp-content\\\/uploads\\\/2023\\\/07\\\/353-calibra-dog-life-starter-puppy-lamb.webp\",\"datePublished\":\"2023-07-26T12:03:00+00:00\",\"dateModified\":\"2026-03-25T16:31:44+00:00\",\"description\":\"\u0160is superpremium sausas pa\u0161aras sukurtas \u0161uniukams iki 3 m\u0117nesi\u0173 am\u017eiaus, taip pat tinka \u0161uningoms ir maitinan\u010dioms kal\u0117ms. Pa\u0161are yra auk\u0161tos kokyb\u0117s \u0117rienos baltym\u0173 ir nedidelis kiekis ry\u017ei\u0173, u\u017etikrinant lengv\u0105 vir\u0161kinamum\u0105 ir subalansuot\u0105 mityb\u0105.\",\"breadcrumb\":{\"@id\":\"https:\\\/\\\/anivet.lt\\\/elparduotuve\\\/produktas\\\/calibra-dog-life-starter-puppy-lamb-sausas-pasaras-suniukams-suningoms-ir-maitinancioms-kalems-su-eriena\\\/#breadcrumb\"},\"inLanguage\":\"lt-LT\",\"potentialAction\":[{\"@type\":\"ReadAction\",\"target\":[\"https:\\\/\\\/anivet.lt\\\/elparduotuve\\\/produktas\\\/calibra-dog-life-starter-puppy-lamb-sausas-pasaras-suniukams-suningoms-ir-maitinancioms-kalems-su-eriena\\\/\"]}]},{\"@type\":\"ImageObject\",\"inLanguage\":\"lt-LT\",\"@id\":\"https:\\\/\\\/anivet.lt\\\/elparduotuve\\\/produktas\\\/calibra-dog-life-starter-puppy-lamb-sausas-pasaras-suniukams-suningoms-ir-maitinancioms-kalems-su-eriena\\\/#primaryimage\",\"url\":\"https:\\\/\\\/anivet.lt\\\/elparduotuve\\\/wp-content\\\/uploads\\\/2023\\\/07\\\/353-calibra-dog-life-starter-puppy-lamb.webp\",\"contentUrl\":\"https:\\\/\\\/anivet.lt\\\/elparduotuve\\\/wp-content\\\/uploads\\\/2023\\\/07\\\/353-calibra-dog-life-starter-puppy-lamb.webp\",\"width\":1920,\"height\":1920,\"caption\":\"Calibra Dog Life Starter &amp; Puppy Lamb sausas pa\u0161aras \u0161uniukams, \u0161uningoms ir maitinan\u010dioms kal\u0117ms su \u0117riena\"},{\"@type\":\"BreadcrumbList\",\"@id\":\"https:\\\/\\\/anivet.lt\\\/elparduotuve\\\/produktas\\\/calibra-dog-life-starter-puppy-lamb-sausas-pasaras-suniukams-suningoms-ir-maitinancioms-kalems-su-eriena\\\/#breadcrumb\",\"itemListElement\":[{\"@type\":\"ListItem\",\"position\":1,\"name\":\"Home\",\"item\":\"https:\\\/\\\/anivet.lt\\\/elparduotuve\\\/\"},{\"@type\":\"ListItem\",\"position\":2,\"name\":\"Produktai\",\"item\":\"https:\\\/\\\/anivet.lt\\\/elparduotuve\\\/produktai\\\/\"},{\"@type\":\"ListItem\",\"position\":3,\"name\":\"Calibra Dog Life Starter &amp; Puppy Lamb sausas pa\u0161aras \u0161uniukams, \u0161uningoms ir maitinan\u010dioms kal\u0117ms su \u0117riena\"}]},{\"@type\":\"WebSite\",\"@id\":\"https:\\\/\\\/anivet.lt\\\/elparduotuve\\\/#website\",\"url\":\"https:\\\/\\\/anivet.lt\\\/elparduotuve\\\/\",\"name\":\"anivet.lt\",\"description\":\"Viskas J\u016bs\u0173 \u0161uns, kat\u0117s prie\u017ei\u016brai\",\"publisher\":{\"@id\":\"https:\\\/\\\/anivet.lt\\\/elparduotuve\\\/#organization\"},\"alternateName\":\"Viskas J\u016bs\u0173 \u0161uns, kat\u0117s prie\u017ei\u016brai\",\"potentialAction\":[{\"@type\":\"SearchAction\",\"target\":{\"@type\":\"EntryPoint\",\"urlTemplate\":\"https:\\\/\\\/anivet.lt\\\/elparduotuve\\\/?s={search_term_string}\"},\"query-input\":{\"@type\":\"PropertyValueSpecification\",\"valueRequired\":true,\"valueName\":\"search_term_string\"}}],\"inLanguage\":\"lt-LT\"},{\"@type\":\"Organization\",\"@id\":\"https:\\\/\\\/anivet.lt\\\/elparduotuve\\\/#organization\",\"name\":\"Viskas J\u016bs\u0173 \u0161uns, kat\u0117s prie\u017ei\u016brai\",\"url\":\"https:\\\/\\\/anivet.lt\\\/elparduotuve\\\/\",\"logo\":{\"@type\":\"ImageObject\",\"inLanguage\":\"lt-LT\",\"@id\":\"https:\\\/\\\/anivet.lt\\\/elparduotuve\\\/#\\\/schema\\\/logo\\\/image\\\/\",\"url\":\"https:\\\/\\\/anivet.lt\\\/elparduotuve\\\/wp-content\\\/uploads\\\/2023\\\/06\\\/logo2.jpg\",\"contentUrl\":\"https:\\\/\\\/anivet.lt\\\/elparduotuve\\\/wp-content\\\/uploads\\\/2023\\\/06\\\/logo2.jpg\",\"width\":655,\"height\":194,\"caption\":\"Viskas J\u016bs\u0173 \u0161uns, kat\u0117s prie\u017ei\u016brai\"},\"image\":{\"@id\":\"https:\\\/\\\/anivet.lt\\\/elparduotuve\\\/#\\\/schema\\\/logo\\\/image\\\/\"}}]}<\/script>\n<!-- \/ Yoast SEO Premium plugin. -->","yoast_head_json":{"title":"Calibra Dog Life Starter &amp; Puppy Lamb sausas pa\u0161aras \u0161uniukams, \u0161uningoms ir maitinan\u010dioms kal\u0117ms su \u0117riena - anivet.lt","description":"\u0160is superpremium sausas pa\u0161aras sukurtas \u0161uniukams iki 3 m\u0117nesi\u0173 am\u017eiaus, taip pat tinka \u0161uningoms ir maitinan\u010dioms kal\u0117ms. Pa\u0161are yra auk\u0161tos kokyb\u0117s \u0117rienos baltym\u0173 ir nedidelis kiekis ry\u017ei\u0173, u\u017etikrinant lengv\u0105 vir\u0161kinamum\u0105 ir subalansuot\u0105 mityb\u0105.","robots":{"index":"index","follow":"follow","max-snippet":"max-snippet:-1","max-image-preview":"max-image-preview:large","max-video-preview":"max-video-preview:-1"},"canonical":"https:\/\/anivet.lt\/elparduotuve\/produktas\/calibra-dog-life-starter-puppy-lamb-sausas-pasaras-suniukams-suningoms-ir-maitinancioms-kalems-su-eriena\/","og_locale":"lt_LT","og_type":"article","og_title":"Calibra Dog Life Starter &amp; Puppy Lamb sausas pa\u0161aras \u0161uniukams, \u0161uningoms ir maitinan\u010dioms kal\u0117ms su \u0117riena","og_description":"\u0160is superpremium sausas pa\u0161aras sukurtas \u0161uniukams iki 3 m\u0117nesi\u0173 am\u017eiaus, taip pat tinka \u0161uningoms ir maitinan\u010dioms kal\u0117ms. Pa\u0161are yra auk\u0161tos kokyb\u0117s \u0117rienos baltym\u0173 ir nedidelis kiekis ry\u017ei\u0173, u\u017etikrinant lengv\u0105 vir\u0161kinamum\u0105 ir subalansuot\u0105 mityb\u0105.","og_url":"https:\/\/anivet.lt\/elparduotuve\/produktas\/calibra-dog-life-starter-puppy-lamb-sausas-pasaras-suniukams-suningoms-ir-maitinancioms-kalems-su-eriena\/","og_site_name":"anivet.lt","article_modified_time":"2026-03-25T16:31:44+00:00","og_image":[{"width":1920,"height":1920,"url":"https:\/\/anivet.lt\/elparduotuve\/wp-content\/uploads\/2023\/07\/353-calibra-dog-life-starter-puppy-lamb.webp","type":"image\/webp"}],"twitter_card":"summary_large_image","twitter_misc":{"Est. reading time":"1 minut\u0117"},"schema":{"@context":"https:\/\/schema.org","@graph":[{"@type":"WebPage","@id":"https:\/\/anivet.lt\/elparduotuve\/produktas\/calibra-dog-life-starter-puppy-lamb-sausas-pasaras-suniukams-suningoms-ir-maitinancioms-kalems-su-eriena\/","url":"https:\/\/anivet.lt\/elparduotuve\/produktas\/calibra-dog-life-starter-puppy-lamb-sausas-pasaras-suniukams-suningoms-ir-maitinancioms-kalems-su-eriena\/","name":"Calibra Dog Life Starter &amp; Puppy Lamb sausas pa\u0161aras \u0161uniukams, \u0161uningoms ir maitinan\u010dioms kal\u0117ms su \u0117riena - anivet.lt","isPartOf":{"@id":"https:\/\/anivet.lt\/elparduotuve\/#website"},"primaryImageOfPage":{"@id":"https:\/\/anivet.lt\/elparduotuve\/produktas\/calibra-dog-life-starter-puppy-lamb-sausas-pasaras-suniukams-suningoms-ir-maitinancioms-kalems-su-eriena\/#primaryimage"},"image":{"@id":"https:\/\/anivet.lt\/elparduotuve\/produktas\/calibra-dog-life-starter-puppy-lamb-sausas-pasaras-suniukams-suningoms-ir-maitinancioms-kalems-su-eriena\/#primaryimage"},"thumbnailUrl":"https:\/\/anivet.lt\/elparduotuve\/wp-content\/uploads\/2023\/07\/353-calibra-dog-life-starter-puppy-lamb.webp","datePublished":"2023-07-26T12:03:00+00:00","dateModified":"2026-03-25T16:31:44+00:00","description":"\u0160is superpremium sausas pa\u0161aras sukurtas \u0161uniukams iki 3 m\u0117nesi\u0173 am\u017eiaus, taip pat tinka \u0161uningoms ir maitinan\u010dioms kal\u0117ms. Pa\u0161are yra auk\u0161tos kokyb\u0117s \u0117rienos baltym\u0173 ir nedidelis kiekis ry\u017ei\u0173, u\u017etikrinant lengv\u0105 vir\u0161kinamum\u0105 ir subalansuot\u0105 mityb\u0105.","breadcrumb":{"@id":"https:\/\/anivet.lt\/elparduotuve\/produktas\/calibra-dog-life-starter-puppy-lamb-sausas-pasaras-suniukams-suningoms-ir-maitinancioms-kalems-su-eriena\/#breadcrumb"},"inLanguage":"lt-LT","potentialAction":[{"@type":"ReadAction","target":["https:\/\/anivet.lt\/elparduotuve\/produktas\/calibra-dog-life-starter-puppy-lamb-sausas-pasaras-suniukams-suningoms-ir-maitinancioms-kalems-su-eriena\/"]}]},{"@type":"ImageObject","inLanguage":"lt-LT","@id":"https:\/\/anivet.lt\/elparduotuve\/produktas\/calibra-dog-life-starter-puppy-lamb-sausas-pasaras-suniukams-suningoms-ir-maitinancioms-kalems-su-eriena\/#primaryimage","url":"https:\/\/anivet.lt\/elparduotuve\/wp-content\/uploads\/2023\/07\/353-calibra-dog-life-starter-puppy-lamb.webp","contentUrl":"https:\/\/anivet.lt\/elparduotuve\/wp-content\/uploads\/2023\/07\/353-calibra-dog-life-starter-puppy-lamb.webp","width":1920,"height":1920,"caption":"Calibra Dog Life Starter &amp; Puppy Lamb sausas pa\u0161aras \u0161uniukams, \u0161uningoms ir maitinan\u010dioms kal\u0117ms su \u0117riena"},{"@type":"BreadcrumbList","@id":"https:\/\/anivet.lt\/elparduotuve\/produktas\/calibra-dog-life-starter-puppy-lamb-sausas-pasaras-suniukams-suningoms-ir-maitinancioms-kalems-su-eriena\/#breadcrumb","itemListElement":[{"@type":"ListItem","position":1,"name":"Home","item":"https:\/\/anivet.lt\/elparduotuve\/"},{"@type":"ListItem","position":2,"name":"Produktai","item":"https:\/\/anivet.lt\/elparduotuve\/produktai\/"},{"@type":"ListItem","position":3,"name":"Calibra Dog Life Starter &amp; Puppy Lamb sausas pa\u0161aras \u0161uniukams, \u0161uningoms ir maitinan\u010dioms kal\u0117ms su \u0117riena"}]},{"@type":"WebSite","@id":"https:\/\/anivet.lt\/elparduotuve\/#website","url":"https:\/\/anivet.lt\/elparduotuve\/","name":"anivet.lt","description":"Viskas J\u016bs\u0173 \u0161uns, kat\u0117s prie\u017ei\u016brai","publisher":{"@id":"https:\/\/anivet.lt\/elparduotuve\/#organization"},"alternateName":"Viskas J\u016bs\u0173 \u0161uns, kat\u0117s prie\u017ei\u016brai","potentialAction":[{"@type":"SearchAction","target":{"@type":"EntryPoint","urlTemplate":"https:\/\/anivet.lt\/elparduotuve\/?s={search_term_string}"},"query-input":{"@type":"PropertyValueSpecification","valueRequired":true,"valueName":"search_term_string"}}],"inLanguage":"lt-LT"},{"@type":"Organization","@id":"https:\/\/anivet.lt\/elparduotuve\/#organization","name":"Viskas J\u016bs\u0173 \u0161uns, kat\u0117s prie\u017ei\u016brai","url":"https:\/\/anivet.lt\/elparduotuve\/","logo":{"@type":"ImageObject","inLanguage":"lt-LT","@id":"https:\/\/anivet.lt\/elparduotuve\/#\/schema\/logo\/image\/","url":"https:\/\/anivet.lt\/elparduotuve\/wp-content\/uploads\/2023\/06\/logo2.jpg","contentUrl":"https:\/\/anivet.lt\/elparduotuve\/wp-content\/uploads\/2023\/06\/logo2.jpg","width":655,"height":194,"caption":"Viskas J\u016bs\u0173 \u0161uns, kat\u0117s prie\u017ei\u016brai"},"image":{"@id":"https:\/\/anivet.lt\/elparduotuve\/#\/schema\/logo\/image\/"}}]}},"_links":{"self":[{"href":"https:\/\/anivet.lt\/elparduotuve\/wp-json\/wp\/v2\/product\/10781","targetHints":{"allow":["GET"]}}],"collection":[{"href":"https:\/\/anivet.lt\/elparduotuve\/wp-json\/wp\/v2\/product"}],"about":[{"href":"https:\/\/anivet.lt\/elparduotuve\/wp-json\/wp\/v2\/types\/product"}],"wp:featuredmedia":[{"embeddable":true,"href":"https:\/\/anivet.lt\/elparduotuve\/wp-json\/wp\/v2\/media\/10795"}],"wp:attachment":[{"href":"https:\/\/anivet.lt\/elparduotuve\/wp-json\/wp\/v2\/media?parent=10781"}],"wp:term":[{"taxonomy":"product_brand","embeddable":true,"href":"https:\/\/anivet.lt\/elparduotuve\/wp-json\/wp\/v2\/product_brand?post=10781"},{"taxonomy":"product_cat","embeddable":true,"href":"https:\/\/anivet.lt\/elparduotuve\/wp-json\/wp\/v2\/product_cat?post=10781"},{"taxonomy":"product_tag","embeddable":true,"href":"https:\/\/anivet.lt\/elparduotuve\/wp-json\/wp\/v2\/product_tag?post=10781"}],"curies":[{"name":"wp","href":"https:\/\/api.w.org\/{rel}","templated":true}]}}