{"id":10789,"date":"2023-07-26T11:53:30","date_gmt":"2023-07-26T11:53:30","guid":{"rendered":"https:\/\/anivet.lt\/elparduotuve\/?post_type=product&#038;p=10789"},"modified":"2025-05-27T13:14:49","modified_gmt":"2025-05-27T13:14:49","slug":"calibra-cat-life-pouch-kitten-salmon-in-gravy-slapias-maistas-kaciukams-su-lasisa","status":"publish","type":"product","link":"https:\/\/anivet.lt\/elparduotuve\/produktas\/calibra-cat-life-pouch-kitten-salmon-in-gravy-slapias-maistas-kaciukams-su-lasisa\/","title":{"rendered":"Calibra Cat Life\u00a0pouch Kitten Salmon in gravy \u0161lapias maistas ka\u010diukams su la\u0161i\u0161a"},"content":{"rendered":"<p><span style=\"font-weight: 400;\">Pilnavertis superpremium klas\u0117s \u0161lapias pa\u0161aras ka\u010diukams su la\u0161i\u0161a fil\u0117 pada\u017ee. \u0160is begr\u016bdis receptas, turintis 74% m\u0117sos, u\u017etikrina puik\u0173 vir\u0161kinim\u0105 ir patrauklias skonio savybes, tinkan\u010dias ilgalaikiam \u0161\u0117rimui.<\/span><\/p>\n<ul>\n<li style=\"font-weight: 400;\" aria-level=\"1\"><span style=\"font-weight: 400;\">La\u0161i\u0161a: Turtingas omega-3 riebal\u0173 r\u016bg\u0161\u010di\u0173 \u0161altinis sveikai odai, kailiui ir smegen\u0173 vystymuisi.<\/span><\/li>\n<li style=\"font-weight: 400;\" aria-level=\"1\"><span style=\"font-weight: 400;\">Praturtintas \u0161altalankiais: Palaiko imunitet\u0105, kraujotak\u0105 ir med\u017eiag\u0173 apykait\u0105, gausu vitamin\u0173 bei antioksidant\u0173.<\/span><\/li>\n<li style=\"font-weight: 400;\" aria-level=\"1\"><span style=\"font-weight: 400;\">Lin\u0173 s\u0117men\u0173 aliejus: Puikus l\u0105stelienos, baltym\u0173 ir mineral\u0173 \u0161altinis, padedantis vir\u0161kinimui ir bendram augimui.<\/span><\/li>\n<li style=\"font-weight: 400;\" aria-level=\"1\"><span style=\"font-weight: 400;\">Begr\u016bd\u0117 sud\u0117tis: Tinka jautriems ka\u010diukams, suma\u017eina alergijos rizik\u0105.<\/span><\/li>\n<li style=\"font-weight: 400;\" aria-level=\"1\"><span style=\"font-weight: 400;\">Taurinas: B\u016btinas \u0161irdies ir regos sveikatai palaikyti.<\/span><\/li>\n<\/ul>\n<p><span style=\"font-weight: 400;\">\u0160is pa\u0161aras idealiai tinka ka\u010diukams, u\u017etikrinant visavert\u0119 mityb\u0105 ir auk\u0161tos kokyb\u0117s ingredientus, kurie prisideda prie augintinio sveikatos ir gyvybingumo. Papildyti \u0161altalankiais ir lin\u0173 s\u0117menimis, konservai palaiko imunitet\u0105, vir\u0161kinim\u0105 ir kailio b\u016bkl\u0119, tod\u0117l jie yra ne tik skan\u016bs, bet ir naudingi j\u016bs\u0173 ka\u010diuko gerovei.<\/span><\/p>\n","protected":false},"excerpt":{"rendered":"<p>Pilnavertis superpremium klas\u0117s \u0161lapias pa\u0161aras ka\u010diukams su la\u0161i\u0161a fil\u0117 pada\u017ee. \u0160is begr\u016bdis receptas, turintis 74% m\u0117sos, u\u017etikrina puik\u0173 vir\u0161kinim\u0105 ir<\/p>\n","protected":false},"featured_media":10798,"template":"","meta":[],"product_brand":[],"product_cat":[114,102,116,339],"product_tag":[],"class_list":{"0":"post-10789","1":"product","2":"type-product","3":"status-publish","4":"has-post-thumbnail","6":"product_cat-kaciu-maistas","7":"product_cat-katems","8":"product_cat-konservai-katems","9":"product_cat-calibra-kaciu-maistas","10":"pa_prekinis-zenklas-calibra","12":"first","13":"instock","14":"taxable","15":"shipping-taxable","16":"purchasable","17":"product-type-simple"},"yoast_head":"<!-- This site is optimized with the Yoast SEO Premium plugin v27.1 (Yoast SEO v27.5) - https:\/\/yoast.com\/product\/yoast-seo-premium-wordpress\/ -->\n<title>Calibra Cat Life\u00a0pouch Kitten Salmon in gravy \u0161lapias maistas ka\u010diukams su la\u0161i\u0161a - anivet.lt<\/title>\n<meta name=\"description\" content=\"Pilnavertis superpremium klas\u0117s \u0161lapias pa\u0161aras ka\u010diukams su la\u0161i\u0161a fil\u0117 pada\u017ee. \u0160is begr\u016bdis receptas, turintis 74% m\u0117sos, u\u017etikrina puik\u0173 vir\u0161kinim\u0105 ir\" \/>\n<meta name=\"robots\" content=\"index, follow, max-snippet:-1, max-image-preview:large, max-video-preview:-1\" \/>\n<link rel=\"canonical\" href=\"https:\/\/anivet.lt\/elparduotuve\/produktas\/calibra-cat-life-pouch-kitten-salmon-in-gravy-slapias-maistas-kaciukams-su-lasisa\/\" \/>\n<meta property=\"og:locale\" content=\"lt_LT\" \/>\n<meta property=\"og:type\" content=\"article\" \/>\n<meta property=\"og:title\" content=\"Calibra Cat Life\u00a0pouch Kitten Salmon in gravy \u0161lapias maistas ka\u010diukams su la\u0161i\u0161a\" \/>\n<meta property=\"og:description\" content=\"Pilnavertis superpremium klas\u0117s \u0161lapias pa\u0161aras ka\u010diukams su la\u0161i\u0161a fil\u0117 pada\u017ee. \u0160is begr\u016bdis receptas, turintis 74% m\u0117sos, u\u017etikrina puik\u0173 vir\u0161kinim\u0105 ir\" \/>\n<meta property=\"og:url\" content=\"https:\/\/anivet.lt\/elparduotuve\/produktas\/calibra-cat-life-pouch-kitten-salmon-in-gravy-slapias-maistas-kaciukams-su-lasisa\/\" \/>\n<meta property=\"og:site_name\" content=\"anivet.lt\" \/>\n<meta property=\"article:modified_time\" content=\"2025-05-27T13:14:49+00:00\" \/>\n<meta property=\"og:image\" content=\"https:\/\/anivet.lt\/elparduotuve\/wp-content\/uploads\/2023\/07\/2650-calibra-cat-life-kapsicka-kitten-salmon.webp\" \/>\n\t<meta property=\"og:image:width\" content=\"1300\" \/>\n\t<meta property=\"og:image:height\" content=\"1300\" \/>\n\t<meta property=\"og:image:type\" content=\"image\/webp\" \/>\n<meta name=\"twitter:card\" content=\"summary_large_image\" \/>\n<meta name=\"twitter:label1\" content=\"Est. reading time\" \/>\n\t<meta name=\"twitter:data1\" content=\"1 minut\u0117\" \/>\n<script type=\"application\/ld+json\" class=\"yoast-schema-graph\">{\"@context\":\"https:\\\/\\\/schema.org\",\"@graph\":[{\"@type\":\"WebPage\",\"@id\":\"https:\\\/\\\/anivet.lt\\\/elparduotuve\\\/produktas\\\/calibra-cat-life-pouch-kitten-salmon-in-gravy-slapias-maistas-kaciukams-su-lasisa\\\/\",\"url\":\"https:\\\/\\\/anivet.lt\\\/elparduotuve\\\/produktas\\\/calibra-cat-life-pouch-kitten-salmon-in-gravy-slapias-maistas-kaciukams-su-lasisa\\\/\",\"name\":\"Calibra Cat Life\u00a0pouch Kitten Salmon in gravy \u0161lapias maistas ka\u010diukams su la\u0161i\u0161a - anivet.lt\",\"isPartOf\":{\"@id\":\"https:\\\/\\\/anivet.lt\\\/elparduotuve\\\/#website\"},\"primaryImageOfPage\":{\"@id\":\"https:\\\/\\\/anivet.lt\\\/elparduotuve\\\/produktas\\\/calibra-cat-life-pouch-kitten-salmon-in-gravy-slapias-maistas-kaciukams-su-lasisa\\\/#primaryimage\"},\"image\":{\"@id\":\"https:\\\/\\\/anivet.lt\\\/elparduotuve\\\/produktas\\\/calibra-cat-life-pouch-kitten-salmon-in-gravy-slapias-maistas-kaciukams-su-lasisa\\\/#primaryimage\"},\"thumbnailUrl\":\"https:\\\/\\\/anivet.lt\\\/elparduotuve\\\/wp-content\\\/uploads\\\/2023\\\/07\\\/2650-calibra-cat-life-kapsicka-kitten-salmon.webp\",\"datePublished\":\"2023-07-26T11:53:30+00:00\",\"dateModified\":\"2025-05-27T13:14:49+00:00\",\"description\":\"Pilnavertis superpremium klas\u0117s \u0161lapias pa\u0161aras ka\u010diukams su la\u0161i\u0161a fil\u0117 pada\u017ee. \u0160is begr\u016bdis receptas, turintis 74% m\u0117sos, u\u017etikrina puik\u0173 vir\u0161kinim\u0105 ir\",\"breadcrumb\":{\"@id\":\"https:\\\/\\\/anivet.lt\\\/elparduotuve\\\/produktas\\\/calibra-cat-life-pouch-kitten-salmon-in-gravy-slapias-maistas-kaciukams-su-lasisa\\\/#breadcrumb\"},\"inLanguage\":\"lt-LT\",\"potentialAction\":[{\"@type\":\"ReadAction\",\"target\":[\"https:\\\/\\\/anivet.lt\\\/elparduotuve\\\/produktas\\\/calibra-cat-life-pouch-kitten-salmon-in-gravy-slapias-maistas-kaciukams-su-lasisa\\\/\"]}]},{\"@type\":\"ImageObject\",\"inLanguage\":\"lt-LT\",\"@id\":\"https:\\\/\\\/anivet.lt\\\/elparduotuve\\\/produktas\\\/calibra-cat-life-pouch-kitten-salmon-in-gravy-slapias-maistas-kaciukams-su-lasisa\\\/#primaryimage\",\"url\":\"https:\\\/\\\/anivet.lt\\\/elparduotuve\\\/wp-content\\\/uploads\\\/2023\\\/07\\\/2650-calibra-cat-life-kapsicka-kitten-salmon.webp\",\"contentUrl\":\"https:\\\/\\\/anivet.lt\\\/elparduotuve\\\/wp-content\\\/uploads\\\/2023\\\/07\\\/2650-calibra-cat-life-kapsicka-kitten-salmon.webp\",\"width\":1300,\"height\":1300,\"caption\":\"Calibra Cat Life\u00a0pouch Kitten Salmon in gravy \u0161lapias maistas ka\u010diukams su la\u0161i\u0161a\"},{\"@type\":\"BreadcrumbList\",\"@id\":\"https:\\\/\\\/anivet.lt\\\/elparduotuve\\\/produktas\\\/calibra-cat-life-pouch-kitten-salmon-in-gravy-slapias-maistas-kaciukams-su-lasisa\\\/#breadcrumb\",\"itemListElement\":[{\"@type\":\"ListItem\",\"position\":1,\"name\":\"Home\",\"item\":\"https:\\\/\\\/anivet.lt\\\/elparduotuve\\\/\"},{\"@type\":\"ListItem\",\"position\":2,\"name\":\"Produktai\",\"item\":\"https:\\\/\\\/anivet.lt\\\/elparduotuve\\\/produktai\\\/\"},{\"@type\":\"ListItem\",\"position\":3,\"name\":\"Calibra Cat Life\u00a0pouch Kitten Salmon in gravy \u0161lapias maistas ka\u010diukams su la\u0161i\u0161a\"}]},{\"@type\":\"WebSite\",\"@id\":\"https:\\\/\\\/anivet.lt\\\/elparduotuve\\\/#website\",\"url\":\"https:\\\/\\\/anivet.lt\\\/elparduotuve\\\/\",\"name\":\"anivet.lt\",\"description\":\"Viskas J\u016bs\u0173 \u0161uns, kat\u0117s prie\u017ei\u016brai\",\"publisher\":{\"@id\":\"https:\\\/\\\/anivet.lt\\\/elparduotuve\\\/#organization\"},\"alternateName\":\"Viskas J\u016bs\u0173 \u0161uns, kat\u0117s prie\u017ei\u016brai\",\"potentialAction\":[{\"@type\":\"SearchAction\",\"target\":{\"@type\":\"EntryPoint\",\"urlTemplate\":\"https:\\\/\\\/anivet.lt\\\/elparduotuve\\\/?s={search_term_string}\"},\"query-input\":{\"@type\":\"PropertyValueSpecification\",\"valueRequired\":true,\"valueName\":\"search_term_string\"}}],\"inLanguage\":\"lt-LT\"},{\"@type\":\"Organization\",\"@id\":\"https:\\\/\\\/anivet.lt\\\/elparduotuve\\\/#organization\",\"name\":\"Viskas J\u016bs\u0173 \u0161uns, kat\u0117s prie\u017ei\u016brai\",\"url\":\"https:\\\/\\\/anivet.lt\\\/elparduotuve\\\/\",\"logo\":{\"@type\":\"ImageObject\",\"inLanguage\":\"lt-LT\",\"@id\":\"https:\\\/\\\/anivet.lt\\\/elparduotuve\\\/#\\\/schema\\\/logo\\\/image\\\/\",\"url\":\"https:\\\/\\\/anivet.lt\\\/elparduotuve\\\/wp-content\\\/uploads\\\/2023\\\/06\\\/logo2.jpg\",\"contentUrl\":\"https:\\\/\\\/anivet.lt\\\/elparduotuve\\\/wp-content\\\/uploads\\\/2023\\\/06\\\/logo2.jpg\",\"width\":655,\"height\":194,\"caption\":\"Viskas J\u016bs\u0173 \u0161uns, kat\u0117s prie\u017ei\u016brai\"},\"image\":{\"@id\":\"https:\\\/\\\/anivet.lt\\\/elparduotuve\\\/#\\\/schema\\\/logo\\\/image\\\/\"}}]}<\/script>\n<!-- \/ Yoast SEO Premium plugin. -->","yoast_head_json":{"title":"Calibra Cat Life\u00a0pouch Kitten Salmon in gravy \u0161lapias maistas ka\u010diukams su la\u0161i\u0161a - anivet.lt","description":"Pilnavertis superpremium klas\u0117s \u0161lapias pa\u0161aras ka\u010diukams su la\u0161i\u0161a fil\u0117 pada\u017ee. \u0160is begr\u016bdis receptas, turintis 74% m\u0117sos, u\u017etikrina puik\u0173 vir\u0161kinim\u0105 ir","robots":{"index":"index","follow":"follow","max-snippet":"max-snippet:-1","max-image-preview":"max-image-preview:large","max-video-preview":"max-video-preview:-1"},"canonical":"https:\/\/anivet.lt\/elparduotuve\/produktas\/calibra-cat-life-pouch-kitten-salmon-in-gravy-slapias-maistas-kaciukams-su-lasisa\/","og_locale":"lt_LT","og_type":"article","og_title":"Calibra Cat Life\u00a0pouch Kitten Salmon in gravy \u0161lapias maistas ka\u010diukams su la\u0161i\u0161a","og_description":"Pilnavertis superpremium klas\u0117s \u0161lapias pa\u0161aras ka\u010diukams su la\u0161i\u0161a fil\u0117 pada\u017ee. \u0160is begr\u016bdis receptas, turintis 74% m\u0117sos, u\u017etikrina puik\u0173 vir\u0161kinim\u0105 ir","og_url":"https:\/\/anivet.lt\/elparduotuve\/produktas\/calibra-cat-life-pouch-kitten-salmon-in-gravy-slapias-maistas-kaciukams-su-lasisa\/","og_site_name":"anivet.lt","article_modified_time":"2025-05-27T13:14:49+00:00","og_image":[{"width":1300,"height":1300,"url":"https:\/\/anivet.lt\/elparduotuve\/wp-content\/uploads\/2023\/07\/2650-calibra-cat-life-kapsicka-kitten-salmon.webp","type":"image\/webp"}],"twitter_card":"summary_large_image","twitter_misc":{"Est. reading time":"1 minut\u0117"},"schema":{"@context":"https:\/\/schema.org","@graph":[{"@type":"WebPage","@id":"https:\/\/anivet.lt\/elparduotuve\/produktas\/calibra-cat-life-pouch-kitten-salmon-in-gravy-slapias-maistas-kaciukams-su-lasisa\/","url":"https:\/\/anivet.lt\/elparduotuve\/produktas\/calibra-cat-life-pouch-kitten-salmon-in-gravy-slapias-maistas-kaciukams-su-lasisa\/","name":"Calibra Cat Life\u00a0pouch Kitten Salmon in gravy \u0161lapias maistas ka\u010diukams su la\u0161i\u0161a - anivet.lt","isPartOf":{"@id":"https:\/\/anivet.lt\/elparduotuve\/#website"},"primaryImageOfPage":{"@id":"https:\/\/anivet.lt\/elparduotuve\/produktas\/calibra-cat-life-pouch-kitten-salmon-in-gravy-slapias-maistas-kaciukams-su-lasisa\/#primaryimage"},"image":{"@id":"https:\/\/anivet.lt\/elparduotuve\/produktas\/calibra-cat-life-pouch-kitten-salmon-in-gravy-slapias-maistas-kaciukams-su-lasisa\/#primaryimage"},"thumbnailUrl":"https:\/\/anivet.lt\/elparduotuve\/wp-content\/uploads\/2023\/07\/2650-calibra-cat-life-kapsicka-kitten-salmon.webp","datePublished":"2023-07-26T11:53:30+00:00","dateModified":"2025-05-27T13:14:49+00:00","description":"Pilnavertis superpremium klas\u0117s \u0161lapias pa\u0161aras ka\u010diukams su la\u0161i\u0161a fil\u0117 pada\u017ee. \u0160is begr\u016bdis receptas, turintis 74% m\u0117sos, u\u017etikrina puik\u0173 vir\u0161kinim\u0105 ir","breadcrumb":{"@id":"https:\/\/anivet.lt\/elparduotuve\/produktas\/calibra-cat-life-pouch-kitten-salmon-in-gravy-slapias-maistas-kaciukams-su-lasisa\/#breadcrumb"},"inLanguage":"lt-LT","potentialAction":[{"@type":"ReadAction","target":["https:\/\/anivet.lt\/elparduotuve\/produktas\/calibra-cat-life-pouch-kitten-salmon-in-gravy-slapias-maistas-kaciukams-su-lasisa\/"]}]},{"@type":"ImageObject","inLanguage":"lt-LT","@id":"https:\/\/anivet.lt\/elparduotuve\/produktas\/calibra-cat-life-pouch-kitten-salmon-in-gravy-slapias-maistas-kaciukams-su-lasisa\/#primaryimage","url":"https:\/\/anivet.lt\/elparduotuve\/wp-content\/uploads\/2023\/07\/2650-calibra-cat-life-kapsicka-kitten-salmon.webp","contentUrl":"https:\/\/anivet.lt\/elparduotuve\/wp-content\/uploads\/2023\/07\/2650-calibra-cat-life-kapsicka-kitten-salmon.webp","width":1300,"height":1300,"caption":"Calibra Cat Life\u00a0pouch Kitten Salmon in gravy \u0161lapias maistas ka\u010diukams su la\u0161i\u0161a"},{"@type":"BreadcrumbList","@id":"https:\/\/anivet.lt\/elparduotuve\/produktas\/calibra-cat-life-pouch-kitten-salmon-in-gravy-slapias-maistas-kaciukams-su-lasisa\/#breadcrumb","itemListElement":[{"@type":"ListItem","position":1,"name":"Home","item":"https:\/\/anivet.lt\/elparduotuve\/"},{"@type":"ListItem","position":2,"name":"Produktai","item":"https:\/\/anivet.lt\/elparduotuve\/produktai\/"},{"@type":"ListItem","position":3,"name":"Calibra Cat Life\u00a0pouch Kitten Salmon in gravy \u0161lapias maistas ka\u010diukams su la\u0161i\u0161a"}]},{"@type":"WebSite","@id":"https:\/\/anivet.lt\/elparduotuve\/#website","url":"https:\/\/anivet.lt\/elparduotuve\/","name":"anivet.lt","description":"Viskas J\u016bs\u0173 \u0161uns, kat\u0117s prie\u017ei\u016brai","publisher":{"@id":"https:\/\/anivet.lt\/elparduotuve\/#organization"},"alternateName":"Viskas J\u016bs\u0173 \u0161uns, kat\u0117s prie\u017ei\u016brai","potentialAction":[{"@type":"SearchAction","target":{"@type":"EntryPoint","urlTemplate":"https:\/\/anivet.lt\/elparduotuve\/?s={search_term_string}"},"query-input":{"@type":"PropertyValueSpecification","valueRequired":true,"valueName":"search_term_string"}}],"inLanguage":"lt-LT"},{"@type":"Organization","@id":"https:\/\/anivet.lt\/elparduotuve\/#organization","name":"Viskas J\u016bs\u0173 \u0161uns, kat\u0117s prie\u017ei\u016brai","url":"https:\/\/anivet.lt\/elparduotuve\/","logo":{"@type":"ImageObject","inLanguage":"lt-LT","@id":"https:\/\/anivet.lt\/elparduotuve\/#\/schema\/logo\/image\/","url":"https:\/\/anivet.lt\/elparduotuve\/wp-content\/uploads\/2023\/06\/logo2.jpg","contentUrl":"https:\/\/anivet.lt\/elparduotuve\/wp-content\/uploads\/2023\/06\/logo2.jpg","width":655,"height":194,"caption":"Viskas J\u016bs\u0173 \u0161uns, kat\u0117s prie\u017ei\u016brai"},"image":{"@id":"https:\/\/anivet.lt\/elparduotuve\/#\/schema\/logo\/image\/"}}]}},"_links":{"self":[{"href":"https:\/\/anivet.lt\/elparduotuve\/wp-json\/wp\/v2\/product\/10789","targetHints":{"allow":["GET"]}}],"collection":[{"href":"https:\/\/anivet.lt\/elparduotuve\/wp-json\/wp\/v2\/product"}],"about":[{"href":"https:\/\/anivet.lt\/elparduotuve\/wp-json\/wp\/v2\/types\/product"}],"wp:featuredmedia":[{"embeddable":true,"href":"https:\/\/anivet.lt\/elparduotuve\/wp-json\/wp\/v2\/media\/10798"}],"wp:attachment":[{"href":"https:\/\/anivet.lt\/elparduotuve\/wp-json\/wp\/v2\/media?parent=10789"}],"wp:term":[{"taxonomy":"product_brand","embeddable":true,"href":"https:\/\/anivet.lt\/elparduotuve\/wp-json\/wp\/v2\/product_brand?post=10789"},{"taxonomy":"product_cat","embeddable":true,"href":"https:\/\/anivet.lt\/elparduotuve\/wp-json\/wp\/v2\/product_cat?post=10789"},{"taxonomy":"product_tag","embeddable":true,"href":"https:\/\/anivet.lt\/elparduotuve\/wp-json\/wp\/v2\/product_tag?post=10789"}],"curies":[{"name":"wp","href":"https:\/\/api.w.org\/{rel}","templated":true}]}}