{"id":10799,"date":"2023-07-26T12:02:00","date_gmt":"2023-07-26T12:02:00","guid":{"rendered":"https:\/\/anivet.lt\/elparduotuve\/?post_type=product&#038;p=10799"},"modified":"2026-04-01T14:47:17","modified_gmt":"2026-04-01T14:47:17","slug":"exclusion-hydrolyzed-hypoallergenic-sunu-maistas-su-zuvimi-dideliu-mazu-veisliu-sunims","status":"publish","type":"product","link":"https:\/\/anivet.lt\/elparduotuve\/produktas\/exclusion-hydrolyzed-hypoallergenic-sunu-maistas-su-zuvimi-dideliu-mazu-veisliu-sunims\/","title":{"rendered":"Exclusion Hydrolyzed Hypoallergenic \u0161un\u0173 maistas su \u017euvimi dideli\u0173 \/ vidutini\u0173 veisli\u0173 \u0161unims"},"content":{"rendered":"<ul>\n<li><span style=\"font-weight: 400;\">Hipoalergin\u0117 sud\u0117tis: Sud\u0117tyje tik vienas gyv\u016bnin\u0117s kilm\u0117s baltym\u0173 \u0161altinis \u2013 hidrolizuoti \u017euv\u0173 baltymai.<\/span><\/li>\n<li style=\"font-weight: 400;\" aria-level=\"1\"><span style=\"font-weight: 400;\">Suma\u017einta alergij\u0173 rizika: Pagrindinis angliavandeni\u0173 \u0161altinis \u2013 kukur\u016bz\u0173 krakmolas.<\/span><\/li>\n<li style=\"font-weight: 400;\" aria-level=\"1\"><span style=\"font-weight: 400;\">Sveikai odai ir kailiui: Sud\u0117tyje yra omega-3 riebal\u0173 r\u016bg\u0161\u010di\u0173.<\/span><\/li>\n<li style=\"font-weight: 400;\" aria-level=\"1\"><span style=\"font-weight: 400;\">Lengvai vir\u0161kinamas<\/span><b>:<\/b><span style=\"font-weight: 400;\"> Minimalus ingredient\u0173 kiekis ma\u017eina vir\u0161kinimo trakto apkrov\u0105.<\/span><\/li>\n<\/ul>\n<p><span style=\"font-weight: 400;\">\u0160is pa\u0161aras puikiai tinka jautriems \u0161unims, kuriems pasirei\u0161kia alergijos ar netoleravimo simptomai. Hipoalergin\u0117 formul\u0117 su hidrolizuotais baltymais ir kukur\u016bz\u0173 krakmolu suma\u017eina alergini\u0173 reakcij\u0173 rizik\u0105, o omega-3 riebal\u0173 r\u016bg\u0161tys u\u017etikrina sveik\u0105 od\u0105 ir \u017evilgant\u012f kail\u012f. Tai subalansuotas ir specializuotas pasirinkimas \u0161un\u0173 gerovei.<\/span><\/p>\n","protected":false},"excerpt":{"rendered":"<p><span style=\"font-weight: 400;\">\u0160is specialus dietinis maistas skirtas vidutini\u0173 ir dideli\u0173 veisli\u0173 suaugusiems \u0161unims, kuriems pasirei\u0161kia maistini\u0173 med\u017eiag\u0173 netoleravimas ar alergijos simptomai.<\/span><\/p>\n","protected":false},"featured_media":10801,"template":"","meta":[],"product_brand":[],"product_cat":[101,103,107,317],"product_tag":[],"class_list":{"0":"post-10799","1":"product","2":"type-product","3":"status-publish","4":"has-post-thumbnail","6":"product_cat-sunims","7":"product_cat-sunu-maistas","8":"product_cat-veterinarine-dieta","9":"product_cat-exclusion-sunu-maistas","10":"pa_prekinis-zenklas-exclusion","12":"first","13":"instock","14":"taxable","15":"shipping-taxable","16":"purchasable","17":"product-type-simple"},"yoast_head":"<!-- This site is optimized with the Yoast SEO Premium plugin v27.1 (Yoast SEO v27.5) - https:\/\/yoast.com\/product\/yoast-seo-premium-wordpress\/ -->\n<title>Exclusion Hydrolyzed Hypoallergenic \u0161un\u0173 maistas su \u017euvimi dideli\u0173 \/ vidutini\u0173 veisli\u0173 \u0161unims - anivet.lt<\/title>\n<meta name=\"description\" content=\"\u0160is specialus dietinis maistas skirtas vidutini\u0173 ir dideli\u0173 veisli\u0173 suaugusiems \u0161unims, kuriems pasirei\u0161kia maistini\u0173 med\u017eiag\u0173 netoleravimas ar alergijos simptomai.\" \/>\n<meta name=\"robots\" content=\"index, follow, max-snippet:-1, max-image-preview:large, max-video-preview:-1\" \/>\n<link rel=\"canonical\" href=\"https:\/\/anivet.lt\/elparduotuve\/produktas\/exclusion-hydrolyzed-hypoallergenic-sunu-maistas-su-zuvimi-dideliu-mazu-veisliu-sunims\/\" \/>\n<meta property=\"og:locale\" content=\"lt_LT\" \/>\n<meta property=\"og:type\" content=\"article\" \/>\n<meta property=\"og:title\" content=\"Exclusion Hydrolyzed Hypoallergenic \u0161un\u0173 maistas su \u017euvimi dideli\u0173 \/ vidutini\u0173 veisli\u0173 \u0161unims\" \/>\n<meta property=\"og:description\" content=\"\u0160is specialus dietinis maistas skirtas vidutini\u0173 ir dideli\u0173 veisli\u0173 suaugusiems \u0161unims, kuriems pasirei\u0161kia maistini\u0173 med\u017eiag\u0173 netoleravimas ar alergijos simptomai.\" \/>\n<meta property=\"og:url\" content=\"https:\/\/anivet.lt\/elparduotuve\/produktas\/exclusion-hydrolyzed-hypoallergenic-sunu-maistas-su-zuvimi-dideliu-mazu-veisliu-sunims\/\" \/>\n<meta property=\"og:site_name\" content=\"anivet.lt\" \/>\n<meta property=\"article:modified_time\" content=\"2026-04-01T14:47:17+00:00\" \/>\n<meta property=\"og:image\" content=\"https:\/\/anivet.lt\/elparduotuve\/wp-content\/uploads\/2023\/07\/Exclusion-Hydrolysed-Hypoallergenic-sausas-sunu-maistas-su-zuvimi-ir-kukuruzu-krakmolu-ML.png\" \/>\n\t<meta property=\"og:image:width\" content=\"600\" \/>\n\t<meta property=\"og:image:height\" content=\"600\" \/>\n\t<meta property=\"og:image:type\" content=\"image\/png\" \/>\n<meta name=\"twitter:card\" content=\"summary_large_image\" \/>\n<meta name=\"twitter:label1\" content=\"Est. reading time\" \/>\n\t<meta name=\"twitter:data1\" content=\"1 minut\u0117\" \/>\n<script type=\"application\/ld+json\" class=\"yoast-schema-graph\">{\"@context\":\"https:\\\/\\\/schema.org\",\"@graph\":[{\"@type\":\"WebPage\",\"@id\":\"https:\\\/\\\/anivet.lt\\\/elparduotuve\\\/produktas\\\/exclusion-hydrolyzed-hypoallergenic-sunu-maistas-su-zuvimi-dideliu-mazu-veisliu-sunims\\\/\",\"url\":\"https:\\\/\\\/anivet.lt\\\/elparduotuve\\\/produktas\\\/exclusion-hydrolyzed-hypoallergenic-sunu-maistas-su-zuvimi-dideliu-mazu-veisliu-sunims\\\/\",\"name\":\"Exclusion Hydrolyzed Hypoallergenic \u0161un\u0173 maistas su \u017euvimi dideli\u0173 \\\/ vidutini\u0173 veisli\u0173 \u0161unims - anivet.lt\",\"isPartOf\":{\"@id\":\"https:\\\/\\\/anivet.lt\\\/elparduotuve\\\/#website\"},\"primaryImageOfPage\":{\"@id\":\"https:\\\/\\\/anivet.lt\\\/elparduotuve\\\/produktas\\\/exclusion-hydrolyzed-hypoallergenic-sunu-maistas-su-zuvimi-dideliu-mazu-veisliu-sunims\\\/#primaryimage\"},\"image\":{\"@id\":\"https:\\\/\\\/anivet.lt\\\/elparduotuve\\\/produktas\\\/exclusion-hydrolyzed-hypoallergenic-sunu-maistas-su-zuvimi-dideliu-mazu-veisliu-sunims\\\/#primaryimage\"},\"thumbnailUrl\":\"https:\\\/\\\/anivet.lt\\\/elparduotuve\\\/wp-content\\\/uploads\\\/2023\\\/07\\\/Exclusion-Hydrolysed-Hypoallergenic-sausas-sunu-maistas-su-zuvimi-ir-kukuruzu-krakmolu-ML.png\",\"datePublished\":\"2023-07-26T12:02:00+00:00\",\"dateModified\":\"2026-04-01T14:47:17+00:00\",\"description\":\"\u0160is specialus dietinis maistas skirtas vidutini\u0173 ir dideli\u0173 veisli\u0173 suaugusiems \u0161unims, kuriems pasirei\u0161kia maistini\u0173 med\u017eiag\u0173 netoleravimas ar alergijos simptomai.\",\"breadcrumb\":{\"@id\":\"https:\\\/\\\/anivet.lt\\\/elparduotuve\\\/produktas\\\/exclusion-hydrolyzed-hypoallergenic-sunu-maistas-su-zuvimi-dideliu-mazu-veisliu-sunims\\\/#breadcrumb\"},\"inLanguage\":\"lt-LT\",\"potentialAction\":[{\"@type\":\"ReadAction\",\"target\":[\"https:\\\/\\\/anivet.lt\\\/elparduotuve\\\/produktas\\\/exclusion-hydrolyzed-hypoallergenic-sunu-maistas-su-zuvimi-dideliu-mazu-veisliu-sunims\\\/\"]}]},{\"@type\":\"ImageObject\",\"inLanguage\":\"lt-LT\",\"@id\":\"https:\\\/\\\/anivet.lt\\\/elparduotuve\\\/produktas\\\/exclusion-hydrolyzed-hypoallergenic-sunu-maistas-su-zuvimi-dideliu-mazu-veisliu-sunims\\\/#primaryimage\",\"url\":\"https:\\\/\\\/anivet.lt\\\/elparduotuve\\\/wp-content\\\/uploads\\\/2023\\\/07\\\/Exclusion-Hydrolysed-Hypoallergenic-sausas-sunu-maistas-su-zuvimi-ir-kukuruzu-krakmolu-ML.png\",\"contentUrl\":\"https:\\\/\\\/anivet.lt\\\/elparduotuve\\\/wp-content\\\/uploads\\\/2023\\\/07\\\/Exclusion-Hydrolysed-Hypoallergenic-sausas-sunu-maistas-su-zuvimi-ir-kukuruzu-krakmolu-ML.png\",\"width\":600,\"height\":600,\"caption\":\"Exclusion Hydrolyzed Hypoallergenic \u0161un\u0173 maistas su \u017euvimi dideli\u0173 \\\/ vidutini\u0173 veisli\u0173 \u0161unims\"},{\"@type\":\"BreadcrumbList\",\"@id\":\"https:\\\/\\\/anivet.lt\\\/elparduotuve\\\/produktas\\\/exclusion-hydrolyzed-hypoallergenic-sunu-maistas-su-zuvimi-dideliu-mazu-veisliu-sunims\\\/#breadcrumb\",\"itemListElement\":[{\"@type\":\"ListItem\",\"position\":1,\"name\":\"Home\",\"item\":\"https:\\\/\\\/anivet.lt\\\/elparduotuve\\\/\"},{\"@type\":\"ListItem\",\"position\":2,\"name\":\"Produktai\",\"item\":\"https:\\\/\\\/anivet.lt\\\/elparduotuve\\\/produktai\\\/\"},{\"@type\":\"ListItem\",\"position\":3,\"name\":\"Exclusion Hydrolyzed Hypoallergenic \u0161un\u0173 maistas su \u017euvimi dideli\u0173 \\\/ vidutini\u0173 veisli\u0173 \u0161unims\"}]},{\"@type\":\"WebSite\",\"@id\":\"https:\\\/\\\/anivet.lt\\\/elparduotuve\\\/#website\",\"url\":\"https:\\\/\\\/anivet.lt\\\/elparduotuve\\\/\",\"name\":\"anivet.lt\",\"description\":\"Viskas J\u016bs\u0173 \u0161uns, kat\u0117s prie\u017ei\u016brai\",\"publisher\":{\"@id\":\"https:\\\/\\\/anivet.lt\\\/elparduotuve\\\/#organization\"},\"alternateName\":\"Viskas J\u016bs\u0173 \u0161uns, kat\u0117s prie\u017ei\u016brai\",\"potentialAction\":[{\"@type\":\"SearchAction\",\"target\":{\"@type\":\"EntryPoint\",\"urlTemplate\":\"https:\\\/\\\/anivet.lt\\\/elparduotuve\\\/?s={search_term_string}\"},\"query-input\":{\"@type\":\"PropertyValueSpecification\",\"valueRequired\":true,\"valueName\":\"search_term_string\"}}],\"inLanguage\":\"lt-LT\"},{\"@type\":\"Organization\",\"@id\":\"https:\\\/\\\/anivet.lt\\\/elparduotuve\\\/#organization\",\"name\":\"Viskas J\u016bs\u0173 \u0161uns, kat\u0117s prie\u017ei\u016brai\",\"url\":\"https:\\\/\\\/anivet.lt\\\/elparduotuve\\\/\",\"logo\":{\"@type\":\"ImageObject\",\"inLanguage\":\"lt-LT\",\"@id\":\"https:\\\/\\\/anivet.lt\\\/elparduotuve\\\/#\\\/schema\\\/logo\\\/image\\\/\",\"url\":\"https:\\\/\\\/anivet.lt\\\/elparduotuve\\\/wp-content\\\/uploads\\\/2023\\\/06\\\/logo2.jpg\",\"contentUrl\":\"https:\\\/\\\/anivet.lt\\\/elparduotuve\\\/wp-content\\\/uploads\\\/2023\\\/06\\\/logo2.jpg\",\"width\":655,\"height\":194,\"caption\":\"Viskas J\u016bs\u0173 \u0161uns, kat\u0117s prie\u017ei\u016brai\"},\"image\":{\"@id\":\"https:\\\/\\\/anivet.lt\\\/elparduotuve\\\/#\\\/schema\\\/logo\\\/image\\\/\"}}]}<\/script>\n<!-- \/ Yoast SEO Premium plugin. -->","yoast_head_json":{"title":"Exclusion Hydrolyzed Hypoallergenic \u0161un\u0173 maistas su \u017euvimi dideli\u0173 \/ vidutini\u0173 veisli\u0173 \u0161unims - anivet.lt","description":"\u0160is specialus dietinis maistas skirtas vidutini\u0173 ir dideli\u0173 veisli\u0173 suaugusiems \u0161unims, kuriems pasirei\u0161kia maistini\u0173 med\u017eiag\u0173 netoleravimas ar alergijos simptomai.","robots":{"index":"index","follow":"follow","max-snippet":"max-snippet:-1","max-image-preview":"max-image-preview:large","max-video-preview":"max-video-preview:-1"},"canonical":"https:\/\/anivet.lt\/elparduotuve\/produktas\/exclusion-hydrolyzed-hypoallergenic-sunu-maistas-su-zuvimi-dideliu-mazu-veisliu-sunims\/","og_locale":"lt_LT","og_type":"article","og_title":"Exclusion Hydrolyzed Hypoallergenic \u0161un\u0173 maistas su \u017euvimi dideli\u0173 \/ vidutini\u0173 veisli\u0173 \u0161unims","og_description":"\u0160is specialus dietinis maistas skirtas vidutini\u0173 ir dideli\u0173 veisli\u0173 suaugusiems \u0161unims, kuriems pasirei\u0161kia maistini\u0173 med\u017eiag\u0173 netoleravimas ar alergijos simptomai.","og_url":"https:\/\/anivet.lt\/elparduotuve\/produktas\/exclusion-hydrolyzed-hypoallergenic-sunu-maistas-su-zuvimi-dideliu-mazu-veisliu-sunims\/","og_site_name":"anivet.lt","article_modified_time":"2026-04-01T14:47:17+00:00","og_image":[{"width":600,"height":600,"url":"https:\/\/anivet.lt\/elparduotuve\/wp-content\/uploads\/2023\/07\/Exclusion-Hydrolysed-Hypoallergenic-sausas-sunu-maistas-su-zuvimi-ir-kukuruzu-krakmolu-ML.png","type":"image\/png"}],"twitter_card":"summary_large_image","twitter_misc":{"Est. reading time":"1 minut\u0117"},"schema":{"@context":"https:\/\/schema.org","@graph":[{"@type":"WebPage","@id":"https:\/\/anivet.lt\/elparduotuve\/produktas\/exclusion-hydrolyzed-hypoallergenic-sunu-maistas-su-zuvimi-dideliu-mazu-veisliu-sunims\/","url":"https:\/\/anivet.lt\/elparduotuve\/produktas\/exclusion-hydrolyzed-hypoallergenic-sunu-maistas-su-zuvimi-dideliu-mazu-veisliu-sunims\/","name":"Exclusion Hydrolyzed Hypoallergenic \u0161un\u0173 maistas su \u017euvimi dideli\u0173 \/ vidutini\u0173 veisli\u0173 \u0161unims - anivet.lt","isPartOf":{"@id":"https:\/\/anivet.lt\/elparduotuve\/#website"},"primaryImageOfPage":{"@id":"https:\/\/anivet.lt\/elparduotuve\/produktas\/exclusion-hydrolyzed-hypoallergenic-sunu-maistas-su-zuvimi-dideliu-mazu-veisliu-sunims\/#primaryimage"},"image":{"@id":"https:\/\/anivet.lt\/elparduotuve\/produktas\/exclusion-hydrolyzed-hypoallergenic-sunu-maistas-su-zuvimi-dideliu-mazu-veisliu-sunims\/#primaryimage"},"thumbnailUrl":"https:\/\/anivet.lt\/elparduotuve\/wp-content\/uploads\/2023\/07\/Exclusion-Hydrolysed-Hypoallergenic-sausas-sunu-maistas-su-zuvimi-ir-kukuruzu-krakmolu-ML.png","datePublished":"2023-07-26T12:02:00+00:00","dateModified":"2026-04-01T14:47:17+00:00","description":"\u0160is specialus dietinis maistas skirtas vidutini\u0173 ir dideli\u0173 veisli\u0173 suaugusiems \u0161unims, kuriems pasirei\u0161kia maistini\u0173 med\u017eiag\u0173 netoleravimas ar alergijos simptomai.","breadcrumb":{"@id":"https:\/\/anivet.lt\/elparduotuve\/produktas\/exclusion-hydrolyzed-hypoallergenic-sunu-maistas-su-zuvimi-dideliu-mazu-veisliu-sunims\/#breadcrumb"},"inLanguage":"lt-LT","potentialAction":[{"@type":"ReadAction","target":["https:\/\/anivet.lt\/elparduotuve\/produktas\/exclusion-hydrolyzed-hypoallergenic-sunu-maistas-su-zuvimi-dideliu-mazu-veisliu-sunims\/"]}]},{"@type":"ImageObject","inLanguage":"lt-LT","@id":"https:\/\/anivet.lt\/elparduotuve\/produktas\/exclusion-hydrolyzed-hypoallergenic-sunu-maistas-su-zuvimi-dideliu-mazu-veisliu-sunims\/#primaryimage","url":"https:\/\/anivet.lt\/elparduotuve\/wp-content\/uploads\/2023\/07\/Exclusion-Hydrolysed-Hypoallergenic-sausas-sunu-maistas-su-zuvimi-ir-kukuruzu-krakmolu-ML.png","contentUrl":"https:\/\/anivet.lt\/elparduotuve\/wp-content\/uploads\/2023\/07\/Exclusion-Hydrolysed-Hypoallergenic-sausas-sunu-maistas-su-zuvimi-ir-kukuruzu-krakmolu-ML.png","width":600,"height":600,"caption":"Exclusion Hydrolyzed Hypoallergenic \u0161un\u0173 maistas su \u017euvimi dideli\u0173 \/ vidutini\u0173 veisli\u0173 \u0161unims"},{"@type":"BreadcrumbList","@id":"https:\/\/anivet.lt\/elparduotuve\/produktas\/exclusion-hydrolyzed-hypoallergenic-sunu-maistas-su-zuvimi-dideliu-mazu-veisliu-sunims\/#breadcrumb","itemListElement":[{"@type":"ListItem","position":1,"name":"Home","item":"https:\/\/anivet.lt\/elparduotuve\/"},{"@type":"ListItem","position":2,"name":"Produktai","item":"https:\/\/anivet.lt\/elparduotuve\/produktai\/"},{"@type":"ListItem","position":3,"name":"Exclusion Hydrolyzed Hypoallergenic \u0161un\u0173 maistas su \u017euvimi dideli\u0173 \/ vidutini\u0173 veisli\u0173 \u0161unims"}]},{"@type":"WebSite","@id":"https:\/\/anivet.lt\/elparduotuve\/#website","url":"https:\/\/anivet.lt\/elparduotuve\/","name":"anivet.lt","description":"Viskas J\u016bs\u0173 \u0161uns, kat\u0117s prie\u017ei\u016brai","publisher":{"@id":"https:\/\/anivet.lt\/elparduotuve\/#organization"},"alternateName":"Viskas J\u016bs\u0173 \u0161uns, kat\u0117s prie\u017ei\u016brai","potentialAction":[{"@type":"SearchAction","target":{"@type":"EntryPoint","urlTemplate":"https:\/\/anivet.lt\/elparduotuve\/?s={search_term_string}"},"query-input":{"@type":"PropertyValueSpecification","valueRequired":true,"valueName":"search_term_string"}}],"inLanguage":"lt-LT"},{"@type":"Organization","@id":"https:\/\/anivet.lt\/elparduotuve\/#organization","name":"Viskas J\u016bs\u0173 \u0161uns, kat\u0117s prie\u017ei\u016brai","url":"https:\/\/anivet.lt\/elparduotuve\/","logo":{"@type":"ImageObject","inLanguage":"lt-LT","@id":"https:\/\/anivet.lt\/elparduotuve\/#\/schema\/logo\/image\/","url":"https:\/\/anivet.lt\/elparduotuve\/wp-content\/uploads\/2023\/06\/logo2.jpg","contentUrl":"https:\/\/anivet.lt\/elparduotuve\/wp-content\/uploads\/2023\/06\/logo2.jpg","width":655,"height":194,"caption":"Viskas J\u016bs\u0173 \u0161uns, kat\u0117s prie\u017ei\u016brai"},"image":{"@id":"https:\/\/anivet.lt\/elparduotuve\/#\/schema\/logo\/image\/"}}]}},"_links":{"self":[{"href":"https:\/\/anivet.lt\/elparduotuve\/wp-json\/wp\/v2\/product\/10799","targetHints":{"allow":["GET"]}}],"collection":[{"href":"https:\/\/anivet.lt\/elparduotuve\/wp-json\/wp\/v2\/product"}],"about":[{"href":"https:\/\/anivet.lt\/elparduotuve\/wp-json\/wp\/v2\/types\/product"}],"wp:featuredmedia":[{"embeddable":true,"href":"https:\/\/anivet.lt\/elparduotuve\/wp-json\/wp\/v2\/media\/10801"}],"wp:attachment":[{"href":"https:\/\/anivet.lt\/elparduotuve\/wp-json\/wp\/v2\/media?parent=10799"}],"wp:term":[{"taxonomy":"product_brand","embeddable":true,"href":"https:\/\/anivet.lt\/elparduotuve\/wp-json\/wp\/v2\/product_brand?post=10799"},{"taxonomy":"product_cat","embeddable":true,"href":"https:\/\/anivet.lt\/elparduotuve\/wp-json\/wp\/v2\/product_cat?post=10799"},{"taxonomy":"product_tag","embeddable":true,"href":"https:\/\/anivet.lt\/elparduotuve\/wp-json\/wp\/v2\/product_tag?post=10799"}],"curies":[{"name":"wp","href":"https:\/\/api.w.org\/{rel}","templated":true}]}}