{"id":10804,"date":"2023-07-26T12:14:38","date_gmt":"2023-07-26T12:14:38","guid":{"rendered":"https:\/\/anivet.lt\/elparduotuve\/?post_type=product&#038;p=10804"},"modified":"2026-01-28T20:59:01","modified_gmt":"2026-01-28T20:59:01","slug":"exclusion-hydrolyzed-hypoallergenic-sunu-maistas-su-zuvimi-mazu-veisliu-sunims","status":"publish","type":"product","link":"https:\/\/anivet.lt\/elparduotuve\/produktas\/exclusion-hydrolyzed-hypoallergenic-sunu-maistas-su-zuvimi-mazu-veisliu-sunims\/","title":{"rendered":"Exclusion Hydrolyzed Hypoallergenic \u0161un\u0173 maistas su \u017euvimi ma\u017e\u0173 veisli\u0173 \u0161unims"},"content":{"rendered":"<p><span style=\"font-weight: 400;\">Specialiai sukurtas dietinis maistas ma\u017e\u0173 veisli\u0173 suaugusiems \u0161unims, padedantis suma\u017einti maisto netoleravim\u0105 ir alergijas. Su hidrolizuotais \u017euv\u0173 baltymais ir kukur\u016bz\u0173 krakmolu \u2013 idealus hipoalerginei dietai.<\/span><\/p>\n<ul>\n<li style=\"font-weight: 400;\" aria-level=\"1\"><span style=\"font-weight: 400;\">Hipoalerginis: Sud\u0117tyje tik vienos r\u016b\u0161ies gyv\u016bnin\u0117s kilm\u0117s baltymai ir kukur\u016bz\u0173 krakmolas.<\/span><\/li>\n<li style=\"font-weight: 400;\" aria-level=\"1\"><span style=\"font-weight: 400;\">Tinka jautriems \u0161unims: Ma\u017eina maisto netoleravimo rizik\u0105.<\/span><\/li>\n<li style=\"font-weight: 400;\" aria-level=\"1\"><span style=\"font-weight: 400;\">Sveikai odai ir kailiui: Praturtintas omega-3 riebal\u0173 r\u016bg\u0161timis.<\/span><\/li>\n<li style=\"font-weight: 400;\" aria-level=\"1\"><span style=\"font-weight: 400;\">Subalansuota mityba: U\u017etikrina visapusi\u0161k\u0105 palaikym\u0105 alergi\u0161kiems \u0161unims.<\/span><\/li>\n<li style=\"font-weight: 400;\" aria-level=\"1\"><span style=\"font-weight: 400;\">Lengvai vir\u0161kinamas: Su auk\u0161tos kokyb\u0117s ingredientais.<\/span><\/li>\n<\/ul>\n<p><span style=\"font-weight: 400;\">\u201eExclusion Hydrolyzed Hypoallergenic\u201c yra optimalus pasirinkimas \u0161unims, ken\u010diantiems nuo alergijos ar maisto netoleravimo. Paprasta ir ai\u0161ki sud\u0117tis, kurioje dominuoja hidrolizuoti \u017euv\u0173 baltymai ir kukur\u016bz\u0173 krakmolas, u\u017etikrina ger\u0105 \u012fsisavinim\u0105 ir padeda i\u0161laikyti sveik\u0105 od\u0105 bei kail\u012f.<\/span><\/p>\n","protected":false},"excerpt":{"rendered":"<p>Specialiai sukurtas dietinis maistas ma\u017e\u0173 veisli\u0173 suaugusiems \u0161unims, padedantis suma\u017einti maisto netoleravim\u0105 ir alergijas. Su hidrolizuotais \u017euv\u0173 baltymais ir kukur\u016bz\u0173<\/p>\n","protected":false},"featured_media":10805,"template":"","meta":[],"product_brand":[],"product_cat":[101,103,107,317],"product_tag":[],"class_list":{"0":"post-10804","1":"product","2":"type-product","3":"status-publish","4":"has-post-thumbnail","6":"product_cat-sunims","7":"product_cat-sunu-maistas","8":"product_cat-veterinarine-dieta","9":"product_cat-exclusion-sunu-maistas","10":"pa_prekinis-zenklas-exclusion","12":"first","13":"instock","14":"taxable","15":"shipping-taxable","16":"purchasable","17":"product-type-simple"},"yoast_head":"<!-- This site is optimized with the Yoast SEO Premium plugin v27.1 (Yoast SEO v27.5) - https:\/\/yoast.com\/product\/yoast-seo-premium-wordpress\/ -->\n<title>Exclusion Hydrolyzed Hypoallergenic \u0161un\u0173 maistas su \u017euvimi ma\u017e\u0173 veisli\u0173 \u0161unims - anivet.lt<\/title>\n<meta name=\"description\" content=\"Specialiai sukurtas dietinis maistas ma\u017e\u0173 veisli\u0173 suaugusiems \u0161unims, padedantis suma\u017einti maisto netoleravim\u0105 ir alergijas. Su hidrolizuotais \u017euv\u0173\" \/>\n<meta name=\"robots\" content=\"index, follow, max-snippet:-1, max-image-preview:large, max-video-preview:-1\" \/>\n<link rel=\"canonical\" href=\"https:\/\/anivet.lt\/elparduotuve\/produktas\/exclusion-hydrolyzed-hypoallergenic-sunu-maistas-su-zuvimi-mazu-veisliu-sunims\/\" \/>\n<meta property=\"og:locale\" content=\"lt_LT\" \/>\n<meta property=\"og:type\" content=\"article\" \/>\n<meta property=\"og:title\" content=\"Exclusion Hydrolyzed Hypoallergenic \u0161un\u0173 maistas su \u017euvimi ma\u017e\u0173 veisli\u0173 \u0161unims\" \/>\n<meta property=\"og:description\" content=\"Specialiai sukurtas dietinis maistas ma\u017e\u0173 veisli\u0173 suaugusiems \u0161unims, padedantis suma\u017einti maisto netoleravim\u0105 ir alergijas. Su hidrolizuotais \u017euv\u0173\" \/>\n<meta property=\"og:url\" content=\"https:\/\/anivet.lt\/elparduotuve\/produktas\/exclusion-hydrolyzed-hypoallergenic-sunu-maistas-su-zuvimi-mazu-veisliu-sunims\/\" \/>\n<meta property=\"og:site_name\" content=\"anivet.lt\" \/>\n<meta property=\"article:modified_time\" content=\"2026-01-28T20:59:01+00:00\" \/>\n<meta property=\"og:image\" content=\"https:\/\/anivet.lt\/elparduotuve\/wp-content\/uploads\/2023\/07\/Exclusion-Hydrolysed-Hypoallergenic-sausas-sunu-maistas-su-zuvimi-ir-kukuruzu-krakmolu-S.png\" \/>\n\t<meta property=\"og:image:width\" content=\"600\" \/>\n\t<meta property=\"og:image:height\" content=\"600\" \/>\n\t<meta property=\"og:image:type\" content=\"image\/png\" \/>\n<meta name=\"twitter:card\" content=\"summary_large_image\" \/>\n<meta name=\"twitter:label1\" content=\"Est. reading time\" \/>\n\t<meta name=\"twitter:data1\" content=\"1 minut\u0117\" \/>\n<script type=\"application\/ld+json\" class=\"yoast-schema-graph\">{\"@context\":\"https:\\\/\\\/schema.org\",\"@graph\":[{\"@type\":\"WebPage\",\"@id\":\"https:\\\/\\\/anivet.lt\\\/elparduotuve\\\/produktas\\\/exclusion-hydrolyzed-hypoallergenic-sunu-maistas-su-zuvimi-mazu-veisliu-sunims\\\/\",\"url\":\"https:\\\/\\\/anivet.lt\\\/elparduotuve\\\/produktas\\\/exclusion-hydrolyzed-hypoallergenic-sunu-maistas-su-zuvimi-mazu-veisliu-sunims\\\/\",\"name\":\"Exclusion Hydrolyzed Hypoallergenic \u0161un\u0173 maistas su \u017euvimi ma\u017e\u0173 veisli\u0173 \u0161unims - anivet.lt\",\"isPartOf\":{\"@id\":\"https:\\\/\\\/anivet.lt\\\/elparduotuve\\\/#website\"},\"primaryImageOfPage\":{\"@id\":\"https:\\\/\\\/anivet.lt\\\/elparduotuve\\\/produktas\\\/exclusion-hydrolyzed-hypoallergenic-sunu-maistas-su-zuvimi-mazu-veisliu-sunims\\\/#primaryimage\"},\"image\":{\"@id\":\"https:\\\/\\\/anivet.lt\\\/elparduotuve\\\/produktas\\\/exclusion-hydrolyzed-hypoallergenic-sunu-maistas-su-zuvimi-mazu-veisliu-sunims\\\/#primaryimage\"},\"thumbnailUrl\":\"https:\\\/\\\/anivet.lt\\\/elparduotuve\\\/wp-content\\\/uploads\\\/2023\\\/07\\\/Exclusion-Hydrolysed-Hypoallergenic-sausas-sunu-maistas-su-zuvimi-ir-kukuruzu-krakmolu-S.png\",\"datePublished\":\"2023-07-26T12:14:38+00:00\",\"dateModified\":\"2026-01-28T20:59:01+00:00\",\"description\":\"Specialiai sukurtas dietinis maistas ma\u017e\u0173 veisli\u0173 suaugusiems \u0161unims, padedantis suma\u017einti maisto netoleravim\u0105 ir alergijas. Su hidrolizuotais \u017euv\u0173\",\"breadcrumb\":{\"@id\":\"https:\\\/\\\/anivet.lt\\\/elparduotuve\\\/produktas\\\/exclusion-hydrolyzed-hypoallergenic-sunu-maistas-su-zuvimi-mazu-veisliu-sunims\\\/#breadcrumb\"},\"inLanguage\":\"lt-LT\",\"potentialAction\":[{\"@type\":\"ReadAction\",\"target\":[\"https:\\\/\\\/anivet.lt\\\/elparduotuve\\\/produktas\\\/exclusion-hydrolyzed-hypoallergenic-sunu-maistas-su-zuvimi-mazu-veisliu-sunims\\\/\"]}]},{\"@type\":\"ImageObject\",\"inLanguage\":\"lt-LT\",\"@id\":\"https:\\\/\\\/anivet.lt\\\/elparduotuve\\\/produktas\\\/exclusion-hydrolyzed-hypoallergenic-sunu-maistas-su-zuvimi-mazu-veisliu-sunims\\\/#primaryimage\",\"url\":\"https:\\\/\\\/anivet.lt\\\/elparduotuve\\\/wp-content\\\/uploads\\\/2023\\\/07\\\/Exclusion-Hydrolysed-Hypoallergenic-sausas-sunu-maistas-su-zuvimi-ir-kukuruzu-krakmolu-S.png\",\"contentUrl\":\"https:\\\/\\\/anivet.lt\\\/elparduotuve\\\/wp-content\\\/uploads\\\/2023\\\/07\\\/Exclusion-Hydrolysed-Hypoallergenic-sausas-sunu-maistas-su-zuvimi-ir-kukuruzu-krakmolu-S.png\",\"width\":600,\"height\":600,\"caption\":\"Exclusion Hydrolyzed Hypoallergenic \u0161un\u0173 maistas su \u017euvimi ma\u017e\u0173 veisli\u0173 \u0161unims\"},{\"@type\":\"BreadcrumbList\",\"@id\":\"https:\\\/\\\/anivet.lt\\\/elparduotuve\\\/produktas\\\/exclusion-hydrolyzed-hypoallergenic-sunu-maistas-su-zuvimi-mazu-veisliu-sunims\\\/#breadcrumb\",\"itemListElement\":[{\"@type\":\"ListItem\",\"position\":1,\"name\":\"Home\",\"item\":\"https:\\\/\\\/anivet.lt\\\/elparduotuve\\\/\"},{\"@type\":\"ListItem\",\"position\":2,\"name\":\"Produktai\",\"item\":\"https:\\\/\\\/anivet.lt\\\/elparduotuve\\\/produktai\\\/\"},{\"@type\":\"ListItem\",\"position\":3,\"name\":\"Exclusion Hydrolyzed Hypoallergenic \u0161un\u0173 maistas su \u017euvimi ma\u017e\u0173 veisli\u0173 \u0161unims\"}]},{\"@type\":\"WebSite\",\"@id\":\"https:\\\/\\\/anivet.lt\\\/elparduotuve\\\/#website\",\"url\":\"https:\\\/\\\/anivet.lt\\\/elparduotuve\\\/\",\"name\":\"anivet.lt\",\"description\":\"Viskas J\u016bs\u0173 \u0161uns, kat\u0117s prie\u017ei\u016brai\",\"publisher\":{\"@id\":\"https:\\\/\\\/anivet.lt\\\/elparduotuve\\\/#organization\"},\"alternateName\":\"Viskas J\u016bs\u0173 \u0161uns, kat\u0117s prie\u017ei\u016brai\",\"potentialAction\":[{\"@type\":\"SearchAction\",\"target\":{\"@type\":\"EntryPoint\",\"urlTemplate\":\"https:\\\/\\\/anivet.lt\\\/elparduotuve\\\/?s={search_term_string}\"},\"query-input\":{\"@type\":\"PropertyValueSpecification\",\"valueRequired\":true,\"valueName\":\"search_term_string\"}}],\"inLanguage\":\"lt-LT\"},{\"@type\":\"Organization\",\"@id\":\"https:\\\/\\\/anivet.lt\\\/elparduotuve\\\/#organization\",\"name\":\"Viskas J\u016bs\u0173 \u0161uns, kat\u0117s prie\u017ei\u016brai\",\"url\":\"https:\\\/\\\/anivet.lt\\\/elparduotuve\\\/\",\"logo\":{\"@type\":\"ImageObject\",\"inLanguage\":\"lt-LT\",\"@id\":\"https:\\\/\\\/anivet.lt\\\/elparduotuve\\\/#\\\/schema\\\/logo\\\/image\\\/\",\"url\":\"https:\\\/\\\/anivet.lt\\\/elparduotuve\\\/wp-content\\\/uploads\\\/2023\\\/06\\\/logo2.jpg\",\"contentUrl\":\"https:\\\/\\\/anivet.lt\\\/elparduotuve\\\/wp-content\\\/uploads\\\/2023\\\/06\\\/logo2.jpg\",\"width\":655,\"height\":194,\"caption\":\"Viskas J\u016bs\u0173 \u0161uns, kat\u0117s prie\u017ei\u016brai\"},\"image\":{\"@id\":\"https:\\\/\\\/anivet.lt\\\/elparduotuve\\\/#\\\/schema\\\/logo\\\/image\\\/\"}}]}<\/script>\n<!-- \/ Yoast SEO Premium plugin. -->","yoast_head_json":{"title":"Exclusion Hydrolyzed Hypoallergenic \u0161un\u0173 maistas su \u017euvimi ma\u017e\u0173 veisli\u0173 \u0161unims - anivet.lt","description":"Specialiai sukurtas dietinis maistas ma\u017e\u0173 veisli\u0173 suaugusiems \u0161unims, padedantis suma\u017einti maisto netoleravim\u0105 ir alergijas. Su hidrolizuotais \u017euv\u0173","robots":{"index":"index","follow":"follow","max-snippet":"max-snippet:-1","max-image-preview":"max-image-preview:large","max-video-preview":"max-video-preview:-1"},"canonical":"https:\/\/anivet.lt\/elparduotuve\/produktas\/exclusion-hydrolyzed-hypoallergenic-sunu-maistas-su-zuvimi-mazu-veisliu-sunims\/","og_locale":"lt_LT","og_type":"article","og_title":"Exclusion Hydrolyzed Hypoallergenic \u0161un\u0173 maistas su \u017euvimi ma\u017e\u0173 veisli\u0173 \u0161unims","og_description":"Specialiai sukurtas dietinis maistas ma\u017e\u0173 veisli\u0173 suaugusiems \u0161unims, padedantis suma\u017einti maisto netoleravim\u0105 ir alergijas. Su hidrolizuotais \u017euv\u0173","og_url":"https:\/\/anivet.lt\/elparduotuve\/produktas\/exclusion-hydrolyzed-hypoallergenic-sunu-maistas-su-zuvimi-mazu-veisliu-sunims\/","og_site_name":"anivet.lt","article_modified_time":"2026-01-28T20:59:01+00:00","og_image":[{"width":600,"height":600,"url":"https:\/\/anivet.lt\/elparduotuve\/wp-content\/uploads\/2023\/07\/Exclusion-Hydrolysed-Hypoallergenic-sausas-sunu-maistas-su-zuvimi-ir-kukuruzu-krakmolu-S.png","type":"image\/png"}],"twitter_card":"summary_large_image","twitter_misc":{"Est. reading time":"1 minut\u0117"},"schema":{"@context":"https:\/\/schema.org","@graph":[{"@type":"WebPage","@id":"https:\/\/anivet.lt\/elparduotuve\/produktas\/exclusion-hydrolyzed-hypoallergenic-sunu-maistas-su-zuvimi-mazu-veisliu-sunims\/","url":"https:\/\/anivet.lt\/elparduotuve\/produktas\/exclusion-hydrolyzed-hypoallergenic-sunu-maistas-su-zuvimi-mazu-veisliu-sunims\/","name":"Exclusion Hydrolyzed Hypoallergenic \u0161un\u0173 maistas su \u017euvimi ma\u017e\u0173 veisli\u0173 \u0161unims - anivet.lt","isPartOf":{"@id":"https:\/\/anivet.lt\/elparduotuve\/#website"},"primaryImageOfPage":{"@id":"https:\/\/anivet.lt\/elparduotuve\/produktas\/exclusion-hydrolyzed-hypoallergenic-sunu-maistas-su-zuvimi-mazu-veisliu-sunims\/#primaryimage"},"image":{"@id":"https:\/\/anivet.lt\/elparduotuve\/produktas\/exclusion-hydrolyzed-hypoallergenic-sunu-maistas-su-zuvimi-mazu-veisliu-sunims\/#primaryimage"},"thumbnailUrl":"https:\/\/anivet.lt\/elparduotuve\/wp-content\/uploads\/2023\/07\/Exclusion-Hydrolysed-Hypoallergenic-sausas-sunu-maistas-su-zuvimi-ir-kukuruzu-krakmolu-S.png","datePublished":"2023-07-26T12:14:38+00:00","dateModified":"2026-01-28T20:59:01+00:00","description":"Specialiai sukurtas dietinis maistas ma\u017e\u0173 veisli\u0173 suaugusiems \u0161unims, padedantis suma\u017einti maisto netoleravim\u0105 ir alergijas. Su hidrolizuotais \u017euv\u0173","breadcrumb":{"@id":"https:\/\/anivet.lt\/elparduotuve\/produktas\/exclusion-hydrolyzed-hypoallergenic-sunu-maistas-su-zuvimi-mazu-veisliu-sunims\/#breadcrumb"},"inLanguage":"lt-LT","potentialAction":[{"@type":"ReadAction","target":["https:\/\/anivet.lt\/elparduotuve\/produktas\/exclusion-hydrolyzed-hypoallergenic-sunu-maistas-su-zuvimi-mazu-veisliu-sunims\/"]}]},{"@type":"ImageObject","inLanguage":"lt-LT","@id":"https:\/\/anivet.lt\/elparduotuve\/produktas\/exclusion-hydrolyzed-hypoallergenic-sunu-maistas-su-zuvimi-mazu-veisliu-sunims\/#primaryimage","url":"https:\/\/anivet.lt\/elparduotuve\/wp-content\/uploads\/2023\/07\/Exclusion-Hydrolysed-Hypoallergenic-sausas-sunu-maistas-su-zuvimi-ir-kukuruzu-krakmolu-S.png","contentUrl":"https:\/\/anivet.lt\/elparduotuve\/wp-content\/uploads\/2023\/07\/Exclusion-Hydrolysed-Hypoallergenic-sausas-sunu-maistas-su-zuvimi-ir-kukuruzu-krakmolu-S.png","width":600,"height":600,"caption":"Exclusion Hydrolyzed Hypoallergenic \u0161un\u0173 maistas su \u017euvimi ma\u017e\u0173 veisli\u0173 \u0161unims"},{"@type":"BreadcrumbList","@id":"https:\/\/anivet.lt\/elparduotuve\/produktas\/exclusion-hydrolyzed-hypoallergenic-sunu-maistas-su-zuvimi-mazu-veisliu-sunims\/#breadcrumb","itemListElement":[{"@type":"ListItem","position":1,"name":"Home","item":"https:\/\/anivet.lt\/elparduotuve\/"},{"@type":"ListItem","position":2,"name":"Produktai","item":"https:\/\/anivet.lt\/elparduotuve\/produktai\/"},{"@type":"ListItem","position":3,"name":"Exclusion Hydrolyzed Hypoallergenic \u0161un\u0173 maistas su \u017euvimi ma\u017e\u0173 veisli\u0173 \u0161unims"}]},{"@type":"WebSite","@id":"https:\/\/anivet.lt\/elparduotuve\/#website","url":"https:\/\/anivet.lt\/elparduotuve\/","name":"anivet.lt","description":"Viskas J\u016bs\u0173 \u0161uns, kat\u0117s prie\u017ei\u016brai","publisher":{"@id":"https:\/\/anivet.lt\/elparduotuve\/#organization"},"alternateName":"Viskas J\u016bs\u0173 \u0161uns, kat\u0117s prie\u017ei\u016brai","potentialAction":[{"@type":"SearchAction","target":{"@type":"EntryPoint","urlTemplate":"https:\/\/anivet.lt\/elparduotuve\/?s={search_term_string}"},"query-input":{"@type":"PropertyValueSpecification","valueRequired":true,"valueName":"search_term_string"}}],"inLanguage":"lt-LT"},{"@type":"Organization","@id":"https:\/\/anivet.lt\/elparduotuve\/#organization","name":"Viskas J\u016bs\u0173 \u0161uns, kat\u0117s prie\u017ei\u016brai","url":"https:\/\/anivet.lt\/elparduotuve\/","logo":{"@type":"ImageObject","inLanguage":"lt-LT","@id":"https:\/\/anivet.lt\/elparduotuve\/#\/schema\/logo\/image\/","url":"https:\/\/anivet.lt\/elparduotuve\/wp-content\/uploads\/2023\/06\/logo2.jpg","contentUrl":"https:\/\/anivet.lt\/elparduotuve\/wp-content\/uploads\/2023\/06\/logo2.jpg","width":655,"height":194,"caption":"Viskas J\u016bs\u0173 \u0161uns, kat\u0117s prie\u017ei\u016brai"},"image":{"@id":"https:\/\/anivet.lt\/elparduotuve\/#\/schema\/logo\/image\/"}}]}},"_links":{"self":[{"href":"https:\/\/anivet.lt\/elparduotuve\/wp-json\/wp\/v2\/product\/10804","targetHints":{"allow":["GET"]}}],"collection":[{"href":"https:\/\/anivet.lt\/elparduotuve\/wp-json\/wp\/v2\/product"}],"about":[{"href":"https:\/\/anivet.lt\/elparduotuve\/wp-json\/wp\/v2\/types\/product"}],"wp:featuredmedia":[{"embeddable":true,"href":"https:\/\/anivet.lt\/elparduotuve\/wp-json\/wp\/v2\/media\/10805"}],"wp:attachment":[{"href":"https:\/\/anivet.lt\/elparduotuve\/wp-json\/wp\/v2\/media?parent=10804"}],"wp:term":[{"taxonomy":"product_brand","embeddable":true,"href":"https:\/\/anivet.lt\/elparduotuve\/wp-json\/wp\/v2\/product_brand?post=10804"},{"taxonomy":"product_cat","embeddable":true,"href":"https:\/\/anivet.lt\/elparduotuve\/wp-json\/wp\/v2\/product_cat?post=10804"},{"taxonomy":"product_tag","embeddable":true,"href":"https:\/\/anivet.lt\/elparduotuve\/wp-json\/wp\/v2\/product_tag?post=10804"}],"curies":[{"name":"wp","href":"https:\/\/api.w.org\/{rel}","templated":true}]}}