{"id":10809,"date":"2023-07-26T13:14:28","date_gmt":"2023-07-26T13:14:28","guid":{"rendered":"https:\/\/anivet.lt\/elparduotuve\/?post_type=product&#038;p=10809"},"modified":"2025-05-27T13:14:53","modified_gmt":"2025-05-27T13:14:53","slug":"calibra-cat-life-pouch-adult-veal-in-gravy-slapias-maistas-suaugusioms-katems-su-elniena","status":"publish","type":"product","link":"https:\/\/anivet.lt\/elparduotuve\/produktas\/calibra-cat-life-pouch-adult-veal-in-gravy-slapias-maistas-suaugusioms-katems-su-elniena\/","title":{"rendered":"Calibra Cat Life pouch Adult Veal in gravy \u0161lapias maistas suaugusioms kat\u0117ms su elniena 85g"},"content":{"rendered":"<ul>\n<li style=\"font-weight: 400;\" aria-level=\"1\"><span style=\"font-weight: 400;\">Didelis m\u0117sos kiekis: Sud\u0117tyje 88% m\u0117sos, i\u0161 kurios 40,6% elnienos, u\u017etikrina auk\u0161tos kokyb\u0117s baltymus ir i\u0161skirtin\u012f skon\u012f.<\/span><\/li>\n<li style=\"font-weight: 400;\" aria-level=\"1\"><span style=\"font-weight: 400;\">Praturtintas rozmarinais ir \u010diobreliais: \u017dolel\u0117s gerina skon\u012f, palaiko imunin\u0119 sistem\u0105 ir ma\u017eina \u017ealing\u0173 bakterij\u0173 atsiradim\u0105.<\/span><\/li>\n<li style=\"font-weight: 400;\" aria-level=\"1\"><span style=\"font-weight: 400;\">Praturtintas taurinu: Taurinas (520 mg\/kg) yra b\u016btinas aki\u0173 ir \u0161irdies funkcijoms palaikyti.<\/span><\/li>\n<li style=\"font-weight: 400;\" aria-level=\"1\"><span style=\"font-weight: 400;\">Lengvai vir\u0161kinamas: Be gr\u016bd\u0173, kukur\u016bz\u0173, sojos ar GMO \u2013 tinka jautresniems augintiniams.<\/span><\/li>\n<li style=\"font-weight: 400;\" aria-level=\"1\"><span style=\"font-weight: 400;\">Papildytas pomidorais: Pomidorai suteikia papildom\u0173 antioksidant\u0173 ir vitamin\u0173, stiprinan\u010di\u0173 bendr\u0105 sveikat\u0105.<\/span><\/li>\n<\/ul>\n<p><span style=\"font-weight: 400;\">\u0160is pa\u0161aras idealiai tinka kasdienei kat\u0117s mitybai, palaikydamas jos gyvybingum\u0105, sveikat\u0105 ir energij\u0105. Puikus pasirinkimas net ir i\u0161rankiausioms kat\u0117ms.<\/span><\/p>\n","protected":false},"excerpt":{"rendered":"<p><span style=\"font-weight: 400;\">Visavertis superpremium klas\u0117s dr\u0117gnas pa\u0161aras, skirtas suaugusioms kat\u0117ms. Sud\u0117tyje yra 88% m\u0117sos, \u012fskaitant elnien\u0105, fil\u0117 pada\u017ee. Receptas be gr\u016bd\u0173 u\u017etikrina lengv\u0105 vir\u0161kinim\u0105 ir i\u0161skirtin\u012f skon\u012f.<\/span><\/p>\n","protected":false},"featured_media":10810,"template":"","meta":[],"product_brand":[],"product_cat":[114,102,116,339],"product_tag":[],"class_list":{"0":"post-10809","1":"product","2":"type-product","3":"status-publish","4":"has-post-thumbnail","6":"product_cat-kaciu-maistas","7":"product_cat-katems","8":"product_cat-konservai-katems","9":"product_cat-calibra-kaciu-maistas","10":"pa_prekinis-zenklas-calibra","12":"first","13":"instock","14":"taxable","15":"shipping-taxable","16":"purchasable","17":"product-type-simple"},"yoast_head":"<!-- This site is optimized with the Yoast SEO Premium plugin v27.1 (Yoast SEO v27.3) - https:\/\/yoast.com\/product\/yoast-seo-premium-wordpress\/ -->\n<title>Calibra Cat Life pouch Adult Veal in gravy \u0161lapias maistas suaugusioms kat\u0117ms su elniena 85g - anivet.lt<\/title>\n<meta name=\"description\" content=\"Visavertis superpremium klas\u0117s dr\u0117gnas pa\u0161aras, skirtas suaugusioms kat\u0117ms. Sud\u0117tyje yra 88% m\u0117sos, \u012fskaitant elnien\u0105, fil\u0117 pada\u017ee. Receptas be gr\u016bd\u0173 u\u017etikrina lengv\u0105 vir\u0161kinim\u0105 ir i\u0161skirtin\u012f skon\u012f.\" \/>\n<meta name=\"robots\" content=\"index, follow, max-snippet:-1, max-image-preview:large, max-video-preview:-1\" \/>\n<link rel=\"canonical\" href=\"https:\/\/anivet.lt\/elparduotuve\/produktas\/calibra-cat-life-pouch-adult-veal-in-gravy-slapias-maistas-suaugusioms-katems-su-elniena\/\" \/>\n<meta property=\"og:locale\" content=\"lt_LT\" \/>\n<meta property=\"og:type\" content=\"article\" \/>\n<meta property=\"og:title\" content=\"Calibra Cat Life pouch Adult Veal in gravy \u0161lapias maistas suaugusioms kat\u0117ms su elniena 85g\" \/>\n<meta property=\"og:description\" content=\"Visavertis superpremium klas\u0117s dr\u0117gnas pa\u0161aras, skirtas suaugusioms kat\u0117ms. Sud\u0117tyje yra 88% m\u0117sos, \u012fskaitant elnien\u0105, fil\u0117 pada\u017ee. Receptas be gr\u016bd\u0173 u\u017etikrina lengv\u0105 vir\u0161kinim\u0105 ir i\u0161skirtin\u012f skon\u012f.\" \/>\n<meta property=\"og:url\" content=\"https:\/\/anivet.lt\/elparduotuve\/produktas\/calibra-cat-life-pouch-adult-veal-in-gravy-slapias-maistas-suaugusioms-katems-su-elniena\/\" \/>\n<meta property=\"og:site_name\" content=\"anivet.lt\" \/>\n<meta property=\"article:modified_time\" content=\"2025-05-27T13:14:53+00:00\" \/>\n<meta property=\"og:image\" content=\"https:\/\/anivet.lt\/elparduotuve\/wp-content\/uploads\/2023\/07\/2652-calibra-cat-life-kapsicka-adult-veal.webp\" \/>\n\t<meta property=\"og:image:width\" content=\"1300\" \/>\n\t<meta property=\"og:image:height\" content=\"1300\" \/>\n\t<meta property=\"og:image:type\" content=\"image\/webp\" \/>\n<meta name=\"twitter:card\" content=\"summary_large_image\" \/>\n<meta name=\"twitter:label1\" content=\"Est. reading time\" \/>\n\t<meta name=\"twitter:data1\" content=\"1 minut\u0117\" \/>\n<script type=\"application\/ld+json\" class=\"yoast-schema-graph\">{\"@context\":\"https:\\\/\\\/schema.org\",\"@graph\":[{\"@type\":\"WebPage\",\"@id\":\"https:\\\/\\\/anivet.lt\\\/elparduotuve\\\/produktas\\\/calibra-cat-life-pouch-adult-veal-in-gravy-slapias-maistas-suaugusioms-katems-su-elniena\\\/\",\"url\":\"https:\\\/\\\/anivet.lt\\\/elparduotuve\\\/produktas\\\/calibra-cat-life-pouch-adult-veal-in-gravy-slapias-maistas-suaugusioms-katems-su-elniena\\\/\",\"name\":\"Calibra Cat Life pouch Adult Veal in gravy \u0161lapias maistas suaugusioms kat\u0117ms su elniena 85g - anivet.lt\",\"isPartOf\":{\"@id\":\"https:\\\/\\\/anivet.lt\\\/elparduotuve\\\/#website\"},\"primaryImageOfPage\":{\"@id\":\"https:\\\/\\\/anivet.lt\\\/elparduotuve\\\/produktas\\\/calibra-cat-life-pouch-adult-veal-in-gravy-slapias-maistas-suaugusioms-katems-su-elniena\\\/#primaryimage\"},\"image\":{\"@id\":\"https:\\\/\\\/anivet.lt\\\/elparduotuve\\\/produktas\\\/calibra-cat-life-pouch-adult-veal-in-gravy-slapias-maistas-suaugusioms-katems-su-elniena\\\/#primaryimage\"},\"thumbnailUrl\":\"https:\\\/\\\/anivet.lt\\\/elparduotuve\\\/wp-content\\\/uploads\\\/2023\\\/07\\\/2652-calibra-cat-life-kapsicka-adult-veal.webp\",\"datePublished\":\"2023-07-26T13:14:28+00:00\",\"dateModified\":\"2025-05-27T13:14:53+00:00\",\"description\":\"Visavertis superpremium klas\u0117s dr\u0117gnas pa\u0161aras, skirtas suaugusioms kat\u0117ms. Sud\u0117tyje yra 88% m\u0117sos, \u012fskaitant elnien\u0105, fil\u0117 pada\u017ee. Receptas be gr\u016bd\u0173 u\u017etikrina lengv\u0105 vir\u0161kinim\u0105 ir i\u0161skirtin\u012f skon\u012f.\",\"breadcrumb\":{\"@id\":\"https:\\\/\\\/anivet.lt\\\/elparduotuve\\\/produktas\\\/calibra-cat-life-pouch-adult-veal-in-gravy-slapias-maistas-suaugusioms-katems-su-elniena\\\/#breadcrumb\"},\"inLanguage\":\"lt-LT\",\"potentialAction\":[{\"@type\":\"ReadAction\",\"target\":[\"https:\\\/\\\/anivet.lt\\\/elparduotuve\\\/produktas\\\/calibra-cat-life-pouch-adult-veal-in-gravy-slapias-maistas-suaugusioms-katems-su-elniena\\\/\"]}]},{\"@type\":\"ImageObject\",\"inLanguage\":\"lt-LT\",\"@id\":\"https:\\\/\\\/anivet.lt\\\/elparduotuve\\\/produktas\\\/calibra-cat-life-pouch-adult-veal-in-gravy-slapias-maistas-suaugusioms-katems-su-elniena\\\/#primaryimage\",\"url\":\"https:\\\/\\\/anivet.lt\\\/elparduotuve\\\/wp-content\\\/uploads\\\/2023\\\/07\\\/2652-calibra-cat-life-kapsicka-adult-veal.webp\",\"contentUrl\":\"https:\\\/\\\/anivet.lt\\\/elparduotuve\\\/wp-content\\\/uploads\\\/2023\\\/07\\\/2652-calibra-cat-life-kapsicka-adult-veal.webp\",\"width\":1300,\"height\":1300,\"caption\":\"Calibra Cat Life pouch Adult Veal in gravy \u0161lapias maistas suaugusioms kat\u0117ms su elniena 85g\"},{\"@type\":\"BreadcrumbList\",\"@id\":\"https:\\\/\\\/anivet.lt\\\/elparduotuve\\\/produktas\\\/calibra-cat-life-pouch-adult-veal-in-gravy-slapias-maistas-suaugusioms-katems-su-elniena\\\/#breadcrumb\",\"itemListElement\":[{\"@type\":\"ListItem\",\"position\":1,\"name\":\"Home\",\"item\":\"https:\\\/\\\/anivet.lt\\\/elparduotuve\\\/\"},{\"@type\":\"ListItem\",\"position\":2,\"name\":\"Produktai\",\"item\":\"https:\\\/\\\/anivet.lt\\\/elparduotuve\\\/produktai\\\/\"},{\"@type\":\"ListItem\",\"position\":3,\"name\":\"Calibra Cat Life pouch Adult Veal in gravy \u0161lapias maistas suaugusioms kat\u0117ms su elniena 85g\"}]},{\"@type\":\"WebSite\",\"@id\":\"https:\\\/\\\/anivet.lt\\\/elparduotuve\\\/#website\",\"url\":\"https:\\\/\\\/anivet.lt\\\/elparduotuve\\\/\",\"name\":\"anivet.lt\",\"description\":\"Viskas J\u016bs\u0173 \u0161uns, kat\u0117s prie\u017ei\u016brai\",\"publisher\":{\"@id\":\"https:\\\/\\\/anivet.lt\\\/elparduotuve\\\/#organization\"},\"alternateName\":\"Viskas J\u016bs\u0173 \u0161uns, kat\u0117s prie\u017ei\u016brai\",\"potentialAction\":[{\"@type\":\"SearchAction\",\"target\":{\"@type\":\"EntryPoint\",\"urlTemplate\":\"https:\\\/\\\/anivet.lt\\\/elparduotuve\\\/?s={search_term_string}\"},\"query-input\":{\"@type\":\"PropertyValueSpecification\",\"valueRequired\":true,\"valueName\":\"search_term_string\"}}],\"inLanguage\":\"lt-LT\"},{\"@type\":\"Organization\",\"@id\":\"https:\\\/\\\/anivet.lt\\\/elparduotuve\\\/#organization\",\"name\":\"Viskas J\u016bs\u0173 \u0161uns, kat\u0117s prie\u017ei\u016brai\",\"url\":\"https:\\\/\\\/anivet.lt\\\/elparduotuve\\\/\",\"logo\":{\"@type\":\"ImageObject\",\"inLanguage\":\"lt-LT\",\"@id\":\"https:\\\/\\\/anivet.lt\\\/elparduotuve\\\/#\\\/schema\\\/logo\\\/image\\\/\",\"url\":\"https:\\\/\\\/anivet.lt\\\/elparduotuve\\\/wp-content\\\/uploads\\\/2023\\\/06\\\/logo2.jpg\",\"contentUrl\":\"https:\\\/\\\/anivet.lt\\\/elparduotuve\\\/wp-content\\\/uploads\\\/2023\\\/06\\\/logo2.jpg\",\"width\":655,\"height\":194,\"caption\":\"Viskas J\u016bs\u0173 \u0161uns, kat\u0117s prie\u017ei\u016brai\"},\"image\":{\"@id\":\"https:\\\/\\\/anivet.lt\\\/elparduotuve\\\/#\\\/schema\\\/logo\\\/image\\\/\"}}]}<\/script>\n<!-- \/ Yoast SEO Premium plugin. -->","yoast_head_json":{"title":"Calibra Cat Life pouch Adult Veal in gravy \u0161lapias maistas suaugusioms kat\u0117ms su elniena 85g - anivet.lt","description":"Visavertis superpremium klas\u0117s dr\u0117gnas pa\u0161aras, skirtas suaugusioms kat\u0117ms. Sud\u0117tyje yra 88% m\u0117sos, \u012fskaitant elnien\u0105, fil\u0117 pada\u017ee. Receptas be gr\u016bd\u0173 u\u017etikrina lengv\u0105 vir\u0161kinim\u0105 ir i\u0161skirtin\u012f skon\u012f.","robots":{"index":"index","follow":"follow","max-snippet":"max-snippet:-1","max-image-preview":"max-image-preview:large","max-video-preview":"max-video-preview:-1"},"canonical":"https:\/\/anivet.lt\/elparduotuve\/produktas\/calibra-cat-life-pouch-adult-veal-in-gravy-slapias-maistas-suaugusioms-katems-su-elniena\/","og_locale":"lt_LT","og_type":"article","og_title":"Calibra Cat Life pouch Adult Veal in gravy \u0161lapias maistas suaugusioms kat\u0117ms su elniena 85g","og_description":"Visavertis superpremium klas\u0117s dr\u0117gnas pa\u0161aras, skirtas suaugusioms kat\u0117ms. Sud\u0117tyje yra 88% m\u0117sos, \u012fskaitant elnien\u0105, fil\u0117 pada\u017ee. Receptas be gr\u016bd\u0173 u\u017etikrina lengv\u0105 vir\u0161kinim\u0105 ir i\u0161skirtin\u012f skon\u012f.","og_url":"https:\/\/anivet.lt\/elparduotuve\/produktas\/calibra-cat-life-pouch-adult-veal-in-gravy-slapias-maistas-suaugusioms-katems-su-elniena\/","og_site_name":"anivet.lt","article_modified_time":"2025-05-27T13:14:53+00:00","og_image":[{"width":1300,"height":1300,"url":"https:\/\/anivet.lt\/elparduotuve\/wp-content\/uploads\/2023\/07\/2652-calibra-cat-life-kapsicka-adult-veal.webp","type":"image\/webp"}],"twitter_card":"summary_large_image","twitter_misc":{"Est. reading time":"1 minut\u0117"},"schema":{"@context":"https:\/\/schema.org","@graph":[{"@type":"WebPage","@id":"https:\/\/anivet.lt\/elparduotuve\/produktas\/calibra-cat-life-pouch-adult-veal-in-gravy-slapias-maistas-suaugusioms-katems-su-elniena\/","url":"https:\/\/anivet.lt\/elparduotuve\/produktas\/calibra-cat-life-pouch-adult-veal-in-gravy-slapias-maistas-suaugusioms-katems-su-elniena\/","name":"Calibra Cat Life pouch Adult Veal in gravy \u0161lapias maistas suaugusioms kat\u0117ms su elniena 85g - anivet.lt","isPartOf":{"@id":"https:\/\/anivet.lt\/elparduotuve\/#website"},"primaryImageOfPage":{"@id":"https:\/\/anivet.lt\/elparduotuve\/produktas\/calibra-cat-life-pouch-adult-veal-in-gravy-slapias-maistas-suaugusioms-katems-su-elniena\/#primaryimage"},"image":{"@id":"https:\/\/anivet.lt\/elparduotuve\/produktas\/calibra-cat-life-pouch-adult-veal-in-gravy-slapias-maistas-suaugusioms-katems-su-elniena\/#primaryimage"},"thumbnailUrl":"https:\/\/anivet.lt\/elparduotuve\/wp-content\/uploads\/2023\/07\/2652-calibra-cat-life-kapsicka-adult-veal.webp","datePublished":"2023-07-26T13:14:28+00:00","dateModified":"2025-05-27T13:14:53+00:00","description":"Visavertis superpremium klas\u0117s dr\u0117gnas pa\u0161aras, skirtas suaugusioms kat\u0117ms. Sud\u0117tyje yra 88% m\u0117sos, \u012fskaitant elnien\u0105, fil\u0117 pada\u017ee. Receptas be gr\u016bd\u0173 u\u017etikrina lengv\u0105 vir\u0161kinim\u0105 ir i\u0161skirtin\u012f skon\u012f.","breadcrumb":{"@id":"https:\/\/anivet.lt\/elparduotuve\/produktas\/calibra-cat-life-pouch-adult-veal-in-gravy-slapias-maistas-suaugusioms-katems-su-elniena\/#breadcrumb"},"inLanguage":"lt-LT","potentialAction":[{"@type":"ReadAction","target":["https:\/\/anivet.lt\/elparduotuve\/produktas\/calibra-cat-life-pouch-adult-veal-in-gravy-slapias-maistas-suaugusioms-katems-su-elniena\/"]}]},{"@type":"ImageObject","inLanguage":"lt-LT","@id":"https:\/\/anivet.lt\/elparduotuve\/produktas\/calibra-cat-life-pouch-adult-veal-in-gravy-slapias-maistas-suaugusioms-katems-su-elniena\/#primaryimage","url":"https:\/\/anivet.lt\/elparduotuve\/wp-content\/uploads\/2023\/07\/2652-calibra-cat-life-kapsicka-adult-veal.webp","contentUrl":"https:\/\/anivet.lt\/elparduotuve\/wp-content\/uploads\/2023\/07\/2652-calibra-cat-life-kapsicka-adult-veal.webp","width":1300,"height":1300,"caption":"Calibra Cat Life pouch Adult Veal in gravy \u0161lapias maistas suaugusioms kat\u0117ms su elniena 85g"},{"@type":"BreadcrumbList","@id":"https:\/\/anivet.lt\/elparduotuve\/produktas\/calibra-cat-life-pouch-adult-veal-in-gravy-slapias-maistas-suaugusioms-katems-su-elniena\/#breadcrumb","itemListElement":[{"@type":"ListItem","position":1,"name":"Home","item":"https:\/\/anivet.lt\/elparduotuve\/"},{"@type":"ListItem","position":2,"name":"Produktai","item":"https:\/\/anivet.lt\/elparduotuve\/produktai\/"},{"@type":"ListItem","position":3,"name":"Calibra Cat Life pouch Adult Veal in gravy \u0161lapias maistas suaugusioms kat\u0117ms su elniena 85g"}]},{"@type":"WebSite","@id":"https:\/\/anivet.lt\/elparduotuve\/#website","url":"https:\/\/anivet.lt\/elparduotuve\/","name":"anivet.lt","description":"Viskas J\u016bs\u0173 \u0161uns, kat\u0117s prie\u017ei\u016brai","publisher":{"@id":"https:\/\/anivet.lt\/elparduotuve\/#organization"},"alternateName":"Viskas J\u016bs\u0173 \u0161uns, kat\u0117s prie\u017ei\u016brai","potentialAction":[{"@type":"SearchAction","target":{"@type":"EntryPoint","urlTemplate":"https:\/\/anivet.lt\/elparduotuve\/?s={search_term_string}"},"query-input":{"@type":"PropertyValueSpecification","valueRequired":true,"valueName":"search_term_string"}}],"inLanguage":"lt-LT"},{"@type":"Organization","@id":"https:\/\/anivet.lt\/elparduotuve\/#organization","name":"Viskas J\u016bs\u0173 \u0161uns, kat\u0117s prie\u017ei\u016brai","url":"https:\/\/anivet.lt\/elparduotuve\/","logo":{"@type":"ImageObject","inLanguage":"lt-LT","@id":"https:\/\/anivet.lt\/elparduotuve\/#\/schema\/logo\/image\/","url":"https:\/\/anivet.lt\/elparduotuve\/wp-content\/uploads\/2023\/06\/logo2.jpg","contentUrl":"https:\/\/anivet.lt\/elparduotuve\/wp-content\/uploads\/2023\/06\/logo2.jpg","width":655,"height":194,"caption":"Viskas J\u016bs\u0173 \u0161uns, kat\u0117s prie\u017ei\u016brai"},"image":{"@id":"https:\/\/anivet.lt\/elparduotuve\/#\/schema\/logo\/image\/"}}]}},"_links":{"self":[{"href":"https:\/\/anivet.lt\/elparduotuve\/wp-json\/wp\/v2\/product\/10809","targetHints":{"allow":["GET"]}}],"collection":[{"href":"https:\/\/anivet.lt\/elparduotuve\/wp-json\/wp\/v2\/product"}],"about":[{"href":"https:\/\/anivet.lt\/elparduotuve\/wp-json\/wp\/v2\/types\/product"}],"wp:featuredmedia":[{"embeddable":true,"href":"https:\/\/anivet.lt\/elparduotuve\/wp-json\/wp\/v2\/media\/10810"}],"wp:attachment":[{"href":"https:\/\/anivet.lt\/elparduotuve\/wp-json\/wp\/v2\/media?parent=10809"}],"wp:term":[{"taxonomy":"product_brand","embeddable":true,"href":"https:\/\/anivet.lt\/elparduotuve\/wp-json\/wp\/v2\/product_brand?post=10809"},{"taxonomy":"product_cat","embeddable":true,"href":"https:\/\/anivet.lt\/elparduotuve\/wp-json\/wp\/v2\/product_cat?post=10809"},{"taxonomy":"product_tag","embeddable":true,"href":"https:\/\/anivet.lt\/elparduotuve\/wp-json\/wp\/v2\/product_tag?post=10809"}],"curies":[{"name":"wp","href":"https:\/\/api.w.org\/{rel}","templated":true}]}}