{"id":10817,"date":"2023-07-26T14:00:27","date_gmt":"2023-07-26T14:00:27","guid":{"rendered":"https:\/\/anivet.lt\/elparduotuve\/?post_type=product&#038;p=10817"},"modified":"2026-04-02T15:35:24","modified_gmt":"2026-04-02T15:35:24","slug":"calibra-cat-life-pouches-adult-multipack-12x85g-slapio-maisto-rinkinys-suaugusioms-katems","status":"publish","type":"product","link":"https:\/\/anivet.lt\/elparduotuve\/produktas\/calibra-cat-life-pouches-adult-multipack-12x85g-slapio-maisto-rinkinys-suaugusioms-katems\/","title":{"rendered":"Calibra Cat Life pouches Adult Multipack 12x85g \u0161lapio maisto rinkinys suaugusioms kat\u0117ms"},"content":{"rendered":"<ul>\n<li style=\"font-weight: 400;\" aria-level=\"1\"><span style=\"font-weight: 400;\">Didelis m\u0117sos kiekis: Sud\u0117tyje 88% m\u0117sos, \u012fskaitant jautien\u0105, antien\u0105, kalakutien\u0105 ir elnien\u0105.<\/span><\/li>\n<li style=\"font-weight: 400;\" aria-level=\"1\"><span style=\"font-weight: 400;\">Be gr\u016bd\u0173 ir GMO: Lengvai vir\u0161kinamas receptas, tinkantis net jautrioms kat\u0117ms.<\/span><\/li>\n<li style=\"font-weight: 400;\" aria-level=\"1\"><span style=\"font-weight: 400;\">Praturtintas taurinu: Taurinas palaiko aki\u0173 ir \u0161irdies sveikat\u0105.<\/span><\/li>\n<li style=\"font-weight: 400;\" aria-level=\"1\"><span style=\"font-weight: 400;\">Papildytas funkcionaliais ingredientais: Spanguol\u0117s, \u0161altalankiai, lin\u0173 s\u0117men\u0173 aliejus ir \u017eolel\u0117s (rozmarinas, \u010diobreliai) prisideda prie bendros sveikatos ir imuniteto stiprinimo.<\/span><\/li>\n<li style=\"font-weight: 400;\" aria-level=\"1\"><span style=\"font-weight: 400;\">\u012evair\u016bs skoniai: Rinkinyje yra 4 skirting\u0173 r\u016b\u0161i\u0173 konservai: jautiena, antiena, kalakutiena ir elniena.<\/span><\/li>\n<\/ul>\n<p><span style=\"font-weight: 400;\">\u0160is rinkinys suteikia galimyb\u0119 \u012fvairinti kat\u0117s mityb\u0105, u\u017etikrinant skanius ir maistingus valgius kiekvien\u0105 dien\u0105. Tai puikus pasirinkimas kasdienei mitybai, palaikant j\u016bs\u0173 kat\u0117s energij\u0105, sveikat\u0105 ir gyvenimo kokyb\u0119.<\/span><\/p>\n","protected":false},"excerpt":{"rendered":"<p><span style=\"font-weight: 400;\">\u0160is superpremium klas\u0117s rinkinys sudarytas i\u0161 keturi\u0173 r\u016b\u0161i\u0173 m\u0117sing\u0173 konserv\u0173 su fil\u0117 pada\u017ee. Kiekviename mai\u0161elyje yra didelis m\u0117sos kiekis (88%), o gr\u016bd\u0173 nebuvimas u\u017etikrina lengv\u0105 vir\u0161kinim\u0105. Auk\u0161tos kokyb\u0117s ingredientai sukuria puik\u0173 skon\u012f ir u\u017etikrina ilgalaik\u0119 ka\u010di\u0173 sveikat\u0105.<\/span><\/p>\n","protected":false},"featured_media":10818,"template":"","meta":[],"product_brand":[],"product_cat":[114,102,116,339],"product_tag":[],"class_list":{"0":"post-10817","1":"product","2":"type-product","3":"status-publish","4":"has-post-thumbnail","6":"product_cat-kaciu-maistas","7":"product_cat-katems","8":"product_cat-konservai-katems","9":"product_cat-calibra-kaciu-maistas","10":"pa_prekinis-zenklas-calibra","12":"first","13":"outofstock","14":"taxable","15":"shipping-taxable","16":"purchasable","17":"product-type-simple"},"yoast_head":"<!-- This site is optimized with the Yoast SEO Premium plugin v27.1 (Yoast SEO v27.3) - https:\/\/yoast.com\/product\/yoast-seo-premium-wordpress\/ -->\n<title>Calibra Cat Life pouches Adult Multipack 12x85g \u0161lapio maisto rinkinys suaugusioms kat\u0117ms - anivet.lt<\/title>\n<meta name=\"description\" content=\"\u0160is superpremium klas\u0117s rinkinys sudarytas i\u0161 keturi\u0173 r\u016b\u0161i\u0173 m\u0117sing\u0173 konserv\u0173 su fil\u0117 pada\u017ee. Kiekviename mai\u0161elyje yra didelis m\u0117sos kiekis (88%), o gr\u016bd\u0173 nebuvimas u\u017etikrina lengv\u0105 vir\u0161kinim\u0105. Auk\u0161tos kokyb\u0117s ingredientai sukuria puik\u0173 skon\u012f ir u\u017etikrina ilgalaik\u0119 ka\u010di\u0173 sveikat\u0105.\" \/>\n<meta name=\"robots\" content=\"index, follow, max-snippet:-1, max-image-preview:large, max-video-preview:-1\" \/>\n<link rel=\"canonical\" href=\"https:\/\/anivet.lt\/elparduotuve\/produktas\/calibra-cat-life-pouches-adult-multipack-12x85g-slapio-maisto-rinkinys-suaugusioms-katems\/\" \/>\n<meta property=\"og:locale\" content=\"lt_LT\" \/>\n<meta property=\"og:type\" content=\"article\" \/>\n<meta property=\"og:title\" content=\"Calibra Cat Life pouches Adult Multipack 12x85g \u0161lapio maisto rinkinys suaugusioms kat\u0117ms\" \/>\n<meta property=\"og:description\" content=\"\u0160is superpremium klas\u0117s rinkinys sudarytas i\u0161 keturi\u0173 r\u016b\u0161i\u0173 m\u0117sing\u0173 konserv\u0173 su fil\u0117 pada\u017ee. Kiekviename mai\u0161elyje yra didelis m\u0117sos kiekis (88%), o gr\u016bd\u0173 nebuvimas u\u017etikrina lengv\u0105 vir\u0161kinim\u0105. Auk\u0161tos kokyb\u0117s ingredientai sukuria puik\u0173 skon\u012f ir u\u017etikrina ilgalaik\u0119 ka\u010di\u0173 sveikat\u0105.\" \/>\n<meta property=\"og:url\" content=\"https:\/\/anivet.lt\/elparduotuve\/produktas\/calibra-cat-life-pouches-adult-multipack-12x85g-slapio-maisto-rinkinys-suaugusioms-katems\/\" \/>\n<meta property=\"og:site_name\" content=\"anivet.lt\" \/>\n<meta property=\"article:modified_time\" content=\"2026-04-02T15:35:24+00:00\" \/>\n<meta property=\"og:image\" content=\"https:\/\/anivet.lt\/elparduotuve\/wp-content\/uploads\/2023\/07\/2649-calibra-cat-life-kapsicka-multipack-adult.webp\" \/>\n\t<meta property=\"og:image:width\" content=\"1300\" \/>\n\t<meta property=\"og:image:height\" content=\"1300\" \/>\n\t<meta property=\"og:image:type\" content=\"image\/webp\" \/>\n<meta name=\"twitter:card\" content=\"summary_large_image\" \/>\n<meta name=\"twitter:label1\" content=\"Est. reading time\" \/>\n\t<meta name=\"twitter:data1\" content=\"1 minut\u0117\" \/>\n<script type=\"application\/ld+json\" class=\"yoast-schema-graph\">{\"@context\":\"https:\\\/\\\/schema.org\",\"@graph\":[{\"@type\":\"WebPage\",\"@id\":\"https:\\\/\\\/anivet.lt\\\/elparduotuve\\\/produktas\\\/calibra-cat-life-pouches-adult-multipack-12x85g-slapio-maisto-rinkinys-suaugusioms-katems\\\/\",\"url\":\"https:\\\/\\\/anivet.lt\\\/elparduotuve\\\/produktas\\\/calibra-cat-life-pouches-adult-multipack-12x85g-slapio-maisto-rinkinys-suaugusioms-katems\\\/\",\"name\":\"Calibra Cat Life pouches Adult Multipack 12x85g \u0161lapio maisto rinkinys suaugusioms kat\u0117ms - anivet.lt\",\"isPartOf\":{\"@id\":\"https:\\\/\\\/anivet.lt\\\/elparduotuve\\\/#website\"},\"primaryImageOfPage\":{\"@id\":\"https:\\\/\\\/anivet.lt\\\/elparduotuve\\\/produktas\\\/calibra-cat-life-pouches-adult-multipack-12x85g-slapio-maisto-rinkinys-suaugusioms-katems\\\/#primaryimage\"},\"image\":{\"@id\":\"https:\\\/\\\/anivet.lt\\\/elparduotuve\\\/produktas\\\/calibra-cat-life-pouches-adult-multipack-12x85g-slapio-maisto-rinkinys-suaugusioms-katems\\\/#primaryimage\"},\"thumbnailUrl\":\"https:\\\/\\\/anivet.lt\\\/elparduotuve\\\/wp-content\\\/uploads\\\/2023\\\/07\\\/2649-calibra-cat-life-kapsicka-multipack-adult.webp\",\"datePublished\":\"2023-07-26T14:00:27+00:00\",\"dateModified\":\"2026-04-02T15:35:24+00:00\",\"description\":\"\u0160is superpremium klas\u0117s rinkinys sudarytas i\u0161 keturi\u0173 r\u016b\u0161i\u0173 m\u0117sing\u0173 konserv\u0173 su fil\u0117 pada\u017ee. Kiekviename mai\u0161elyje yra didelis m\u0117sos kiekis (88%), o gr\u016bd\u0173 nebuvimas u\u017etikrina lengv\u0105 vir\u0161kinim\u0105. Auk\u0161tos kokyb\u0117s ingredientai sukuria puik\u0173 skon\u012f ir u\u017etikrina ilgalaik\u0119 ka\u010di\u0173 sveikat\u0105.\",\"breadcrumb\":{\"@id\":\"https:\\\/\\\/anivet.lt\\\/elparduotuve\\\/produktas\\\/calibra-cat-life-pouches-adult-multipack-12x85g-slapio-maisto-rinkinys-suaugusioms-katems\\\/#breadcrumb\"},\"inLanguage\":\"lt-LT\",\"potentialAction\":[{\"@type\":\"ReadAction\",\"target\":[\"https:\\\/\\\/anivet.lt\\\/elparduotuve\\\/produktas\\\/calibra-cat-life-pouches-adult-multipack-12x85g-slapio-maisto-rinkinys-suaugusioms-katems\\\/\"]}]},{\"@type\":\"ImageObject\",\"inLanguage\":\"lt-LT\",\"@id\":\"https:\\\/\\\/anivet.lt\\\/elparduotuve\\\/produktas\\\/calibra-cat-life-pouches-adult-multipack-12x85g-slapio-maisto-rinkinys-suaugusioms-katems\\\/#primaryimage\",\"url\":\"https:\\\/\\\/anivet.lt\\\/elparduotuve\\\/wp-content\\\/uploads\\\/2023\\\/07\\\/2649-calibra-cat-life-kapsicka-multipack-adult.webp\",\"contentUrl\":\"https:\\\/\\\/anivet.lt\\\/elparduotuve\\\/wp-content\\\/uploads\\\/2023\\\/07\\\/2649-calibra-cat-life-kapsicka-multipack-adult.webp\",\"width\":1300,\"height\":1300,\"caption\":\"Calibra Cat Life pouches Adult Multipack 12x85g \u0161lapio maisto rinkinys suaugusioms kat\u0117ms\"},{\"@type\":\"BreadcrumbList\",\"@id\":\"https:\\\/\\\/anivet.lt\\\/elparduotuve\\\/produktas\\\/calibra-cat-life-pouches-adult-multipack-12x85g-slapio-maisto-rinkinys-suaugusioms-katems\\\/#breadcrumb\",\"itemListElement\":[{\"@type\":\"ListItem\",\"position\":1,\"name\":\"Home\",\"item\":\"https:\\\/\\\/anivet.lt\\\/elparduotuve\\\/\"},{\"@type\":\"ListItem\",\"position\":2,\"name\":\"Produktai\",\"item\":\"https:\\\/\\\/anivet.lt\\\/elparduotuve\\\/produktai\\\/\"},{\"@type\":\"ListItem\",\"position\":3,\"name\":\"Calibra Cat Life pouches Adult Multipack 12x85g \u0161lapio maisto rinkinys suaugusioms kat\u0117ms\"}]},{\"@type\":\"WebSite\",\"@id\":\"https:\\\/\\\/anivet.lt\\\/elparduotuve\\\/#website\",\"url\":\"https:\\\/\\\/anivet.lt\\\/elparduotuve\\\/\",\"name\":\"anivet.lt\",\"description\":\"Viskas J\u016bs\u0173 \u0161uns, kat\u0117s prie\u017ei\u016brai\",\"publisher\":{\"@id\":\"https:\\\/\\\/anivet.lt\\\/elparduotuve\\\/#organization\"},\"alternateName\":\"Viskas J\u016bs\u0173 \u0161uns, kat\u0117s prie\u017ei\u016brai\",\"potentialAction\":[{\"@type\":\"SearchAction\",\"target\":{\"@type\":\"EntryPoint\",\"urlTemplate\":\"https:\\\/\\\/anivet.lt\\\/elparduotuve\\\/?s={search_term_string}\"},\"query-input\":{\"@type\":\"PropertyValueSpecification\",\"valueRequired\":true,\"valueName\":\"search_term_string\"}}],\"inLanguage\":\"lt-LT\"},{\"@type\":\"Organization\",\"@id\":\"https:\\\/\\\/anivet.lt\\\/elparduotuve\\\/#organization\",\"name\":\"Viskas J\u016bs\u0173 \u0161uns, kat\u0117s prie\u017ei\u016brai\",\"url\":\"https:\\\/\\\/anivet.lt\\\/elparduotuve\\\/\",\"logo\":{\"@type\":\"ImageObject\",\"inLanguage\":\"lt-LT\",\"@id\":\"https:\\\/\\\/anivet.lt\\\/elparduotuve\\\/#\\\/schema\\\/logo\\\/image\\\/\",\"url\":\"https:\\\/\\\/anivet.lt\\\/elparduotuve\\\/wp-content\\\/uploads\\\/2023\\\/06\\\/logo2.jpg\",\"contentUrl\":\"https:\\\/\\\/anivet.lt\\\/elparduotuve\\\/wp-content\\\/uploads\\\/2023\\\/06\\\/logo2.jpg\",\"width\":655,\"height\":194,\"caption\":\"Viskas J\u016bs\u0173 \u0161uns, kat\u0117s prie\u017ei\u016brai\"},\"image\":{\"@id\":\"https:\\\/\\\/anivet.lt\\\/elparduotuve\\\/#\\\/schema\\\/logo\\\/image\\\/\"}}]}<\/script>\n<!-- \/ Yoast SEO Premium plugin. -->","yoast_head_json":{"title":"Calibra Cat Life pouches Adult Multipack 12x85g \u0161lapio maisto rinkinys suaugusioms kat\u0117ms - anivet.lt","description":"\u0160is superpremium klas\u0117s rinkinys sudarytas i\u0161 keturi\u0173 r\u016b\u0161i\u0173 m\u0117sing\u0173 konserv\u0173 su fil\u0117 pada\u017ee. Kiekviename mai\u0161elyje yra didelis m\u0117sos kiekis (88%), o gr\u016bd\u0173 nebuvimas u\u017etikrina lengv\u0105 vir\u0161kinim\u0105. Auk\u0161tos kokyb\u0117s ingredientai sukuria puik\u0173 skon\u012f ir u\u017etikrina ilgalaik\u0119 ka\u010di\u0173 sveikat\u0105.","robots":{"index":"index","follow":"follow","max-snippet":"max-snippet:-1","max-image-preview":"max-image-preview:large","max-video-preview":"max-video-preview:-1"},"canonical":"https:\/\/anivet.lt\/elparduotuve\/produktas\/calibra-cat-life-pouches-adult-multipack-12x85g-slapio-maisto-rinkinys-suaugusioms-katems\/","og_locale":"lt_LT","og_type":"article","og_title":"Calibra Cat Life pouches Adult Multipack 12x85g \u0161lapio maisto rinkinys suaugusioms kat\u0117ms","og_description":"\u0160is superpremium klas\u0117s rinkinys sudarytas i\u0161 keturi\u0173 r\u016b\u0161i\u0173 m\u0117sing\u0173 konserv\u0173 su fil\u0117 pada\u017ee. Kiekviename mai\u0161elyje yra didelis m\u0117sos kiekis (88%), o gr\u016bd\u0173 nebuvimas u\u017etikrina lengv\u0105 vir\u0161kinim\u0105. Auk\u0161tos kokyb\u0117s ingredientai sukuria puik\u0173 skon\u012f ir u\u017etikrina ilgalaik\u0119 ka\u010di\u0173 sveikat\u0105.","og_url":"https:\/\/anivet.lt\/elparduotuve\/produktas\/calibra-cat-life-pouches-adult-multipack-12x85g-slapio-maisto-rinkinys-suaugusioms-katems\/","og_site_name":"anivet.lt","article_modified_time":"2026-04-02T15:35:24+00:00","og_image":[{"width":1300,"height":1300,"url":"https:\/\/anivet.lt\/elparduotuve\/wp-content\/uploads\/2023\/07\/2649-calibra-cat-life-kapsicka-multipack-adult.webp","type":"image\/webp"}],"twitter_card":"summary_large_image","twitter_misc":{"Est. reading time":"1 minut\u0117"},"schema":{"@context":"https:\/\/schema.org","@graph":[{"@type":"WebPage","@id":"https:\/\/anivet.lt\/elparduotuve\/produktas\/calibra-cat-life-pouches-adult-multipack-12x85g-slapio-maisto-rinkinys-suaugusioms-katems\/","url":"https:\/\/anivet.lt\/elparduotuve\/produktas\/calibra-cat-life-pouches-adult-multipack-12x85g-slapio-maisto-rinkinys-suaugusioms-katems\/","name":"Calibra Cat Life pouches Adult Multipack 12x85g \u0161lapio maisto rinkinys suaugusioms kat\u0117ms - anivet.lt","isPartOf":{"@id":"https:\/\/anivet.lt\/elparduotuve\/#website"},"primaryImageOfPage":{"@id":"https:\/\/anivet.lt\/elparduotuve\/produktas\/calibra-cat-life-pouches-adult-multipack-12x85g-slapio-maisto-rinkinys-suaugusioms-katems\/#primaryimage"},"image":{"@id":"https:\/\/anivet.lt\/elparduotuve\/produktas\/calibra-cat-life-pouches-adult-multipack-12x85g-slapio-maisto-rinkinys-suaugusioms-katems\/#primaryimage"},"thumbnailUrl":"https:\/\/anivet.lt\/elparduotuve\/wp-content\/uploads\/2023\/07\/2649-calibra-cat-life-kapsicka-multipack-adult.webp","datePublished":"2023-07-26T14:00:27+00:00","dateModified":"2026-04-02T15:35:24+00:00","description":"\u0160is superpremium klas\u0117s rinkinys sudarytas i\u0161 keturi\u0173 r\u016b\u0161i\u0173 m\u0117sing\u0173 konserv\u0173 su fil\u0117 pada\u017ee. Kiekviename mai\u0161elyje yra didelis m\u0117sos kiekis (88%), o gr\u016bd\u0173 nebuvimas u\u017etikrina lengv\u0105 vir\u0161kinim\u0105. Auk\u0161tos kokyb\u0117s ingredientai sukuria puik\u0173 skon\u012f ir u\u017etikrina ilgalaik\u0119 ka\u010di\u0173 sveikat\u0105.","breadcrumb":{"@id":"https:\/\/anivet.lt\/elparduotuve\/produktas\/calibra-cat-life-pouches-adult-multipack-12x85g-slapio-maisto-rinkinys-suaugusioms-katems\/#breadcrumb"},"inLanguage":"lt-LT","potentialAction":[{"@type":"ReadAction","target":["https:\/\/anivet.lt\/elparduotuve\/produktas\/calibra-cat-life-pouches-adult-multipack-12x85g-slapio-maisto-rinkinys-suaugusioms-katems\/"]}]},{"@type":"ImageObject","inLanguage":"lt-LT","@id":"https:\/\/anivet.lt\/elparduotuve\/produktas\/calibra-cat-life-pouches-adult-multipack-12x85g-slapio-maisto-rinkinys-suaugusioms-katems\/#primaryimage","url":"https:\/\/anivet.lt\/elparduotuve\/wp-content\/uploads\/2023\/07\/2649-calibra-cat-life-kapsicka-multipack-adult.webp","contentUrl":"https:\/\/anivet.lt\/elparduotuve\/wp-content\/uploads\/2023\/07\/2649-calibra-cat-life-kapsicka-multipack-adult.webp","width":1300,"height":1300,"caption":"Calibra Cat Life pouches Adult Multipack 12x85g \u0161lapio maisto rinkinys suaugusioms kat\u0117ms"},{"@type":"BreadcrumbList","@id":"https:\/\/anivet.lt\/elparduotuve\/produktas\/calibra-cat-life-pouches-adult-multipack-12x85g-slapio-maisto-rinkinys-suaugusioms-katems\/#breadcrumb","itemListElement":[{"@type":"ListItem","position":1,"name":"Home","item":"https:\/\/anivet.lt\/elparduotuve\/"},{"@type":"ListItem","position":2,"name":"Produktai","item":"https:\/\/anivet.lt\/elparduotuve\/produktai\/"},{"@type":"ListItem","position":3,"name":"Calibra Cat Life pouches Adult Multipack 12x85g \u0161lapio maisto rinkinys suaugusioms kat\u0117ms"}]},{"@type":"WebSite","@id":"https:\/\/anivet.lt\/elparduotuve\/#website","url":"https:\/\/anivet.lt\/elparduotuve\/","name":"anivet.lt","description":"Viskas J\u016bs\u0173 \u0161uns, kat\u0117s prie\u017ei\u016brai","publisher":{"@id":"https:\/\/anivet.lt\/elparduotuve\/#organization"},"alternateName":"Viskas J\u016bs\u0173 \u0161uns, kat\u0117s prie\u017ei\u016brai","potentialAction":[{"@type":"SearchAction","target":{"@type":"EntryPoint","urlTemplate":"https:\/\/anivet.lt\/elparduotuve\/?s={search_term_string}"},"query-input":{"@type":"PropertyValueSpecification","valueRequired":true,"valueName":"search_term_string"}}],"inLanguage":"lt-LT"},{"@type":"Organization","@id":"https:\/\/anivet.lt\/elparduotuve\/#organization","name":"Viskas J\u016bs\u0173 \u0161uns, kat\u0117s prie\u017ei\u016brai","url":"https:\/\/anivet.lt\/elparduotuve\/","logo":{"@type":"ImageObject","inLanguage":"lt-LT","@id":"https:\/\/anivet.lt\/elparduotuve\/#\/schema\/logo\/image\/","url":"https:\/\/anivet.lt\/elparduotuve\/wp-content\/uploads\/2023\/06\/logo2.jpg","contentUrl":"https:\/\/anivet.lt\/elparduotuve\/wp-content\/uploads\/2023\/06\/logo2.jpg","width":655,"height":194,"caption":"Viskas J\u016bs\u0173 \u0161uns, kat\u0117s prie\u017ei\u016brai"},"image":{"@id":"https:\/\/anivet.lt\/elparduotuve\/#\/schema\/logo\/image\/"}}]}},"_links":{"self":[{"href":"https:\/\/anivet.lt\/elparduotuve\/wp-json\/wp\/v2\/product\/10817","targetHints":{"allow":["GET"]}}],"collection":[{"href":"https:\/\/anivet.lt\/elparduotuve\/wp-json\/wp\/v2\/product"}],"about":[{"href":"https:\/\/anivet.lt\/elparduotuve\/wp-json\/wp\/v2\/types\/product"}],"wp:featuredmedia":[{"embeddable":true,"href":"https:\/\/anivet.lt\/elparduotuve\/wp-json\/wp\/v2\/media\/10818"}],"wp:attachment":[{"href":"https:\/\/anivet.lt\/elparduotuve\/wp-json\/wp\/v2\/media?parent=10817"}],"wp:term":[{"taxonomy":"product_brand","embeddable":true,"href":"https:\/\/anivet.lt\/elparduotuve\/wp-json\/wp\/v2\/product_brand?post=10817"},{"taxonomy":"product_cat","embeddable":true,"href":"https:\/\/anivet.lt\/elparduotuve\/wp-json\/wp\/v2\/product_cat?post=10817"},{"taxonomy":"product_tag","embeddable":true,"href":"https:\/\/anivet.lt\/elparduotuve\/wp-json\/wp\/v2\/product_tag?post=10817"}],"curies":[{"name":"wp","href":"https:\/\/api.w.org\/{rel}","templated":true}]}}