{"id":10822,"date":"2023-07-26T14:22:46","date_gmt":"2023-07-26T14:22:46","guid":{"rendered":"https:\/\/anivet.lt\/elparduotuve\/?post_type=product&#038;p=10822"},"modified":"2025-12-29T17:32:48","modified_gmt":"2025-12-29T17:32:48","slug":"calibra-cat-life-pouches-kitten-multipack-rinkinys-jauniems-kaciukams","status":"publish","type":"product","link":"https:\/\/anivet.lt\/elparduotuve\/produktas\/calibra-cat-life-pouches-kitten-multipack-rinkinys-jauniems-kaciukams\/","title":{"rendered":"Calibra Cat Life pouches Kitten Multipack rinkinys jauniems ka\u010diukams 12x85g"},"content":{"rendered":"<ul>\n<li style=\"font-weight: 400;\" aria-level=\"1\"><span style=\"font-weight: 400;\">Didelis m\u0117sos kiekis: Sud\u0117tyje yra iki 88 % gyv\u016bnini\u0173 ingredient\u0173, u\u017etikrinan\u010di\u0173 auk\u0161tos kokyb\u0117s baltym\u0173 \u0161altin\u012f.<\/span><\/li>\n<li style=\"font-weight: 400;\" aria-level=\"1\"><span style=\"font-weight: 400;\">Be gr\u016bd\u0173: Lengvai vir\u0161kinama formul\u0117, tinkama jautresn\u0117ms vir\u0161kinimo sistemoms.<\/span><\/li>\n<li style=\"font-weight: 400;\" aria-level=\"1\"><span style=\"font-weight: 400;\">Praturtintas taurinu: B\u016btina maistin\u0117 med\u017eiaga, palaikanti ka\u010diuk\u0173 \u0161irdies, reg\u0117jimo ir bendr\u0105 sveikat\u0105.<\/span><\/li>\n<li style=\"font-weight: 400;\" aria-level=\"1\"><span style=\"font-weight: 400;\">Funkciniai priedai: Inulinas ir spanguol\u0117s prisideda prie vir\u0161kinimo ir \u0161lapimo tak\u0173 sveikatos.<\/span><\/li>\n<li style=\"font-weight: 400;\" aria-level=\"1\"><span style=\"font-weight: 400;\">Skoni\u0173 \u012fvairov\u0117: Rinkin\u012f sudaro kalakutiena ir la\u0161i\u0161a pada\u017ee, tod\u0117l \u0161\u0117rimas tampa malonesnis ir \u012fvairiapusi\u0161kas.<\/span><\/li>\n<\/ul>\n<p><span style=\"font-weight: 400;\">\u0160is rinkinys yra puikus pasirinkimas ka\u010diukams, norint u\u017etikrinti subalansuot\u0105 mityb\u0105 ir stipr\u0173 imunitet\u0105. J\u016bs\u0173 ma\u017eylis m\u0117gausis gard\u017eiais skoniais, o j\u016bs b\u016bsite ram\u016bs d\u0117l jo sveikatos ir augimo.<\/span><\/p>\n","protected":false},"excerpt":{"rendered":"<p><span style=\"font-weight: 400;\">Subalansuotas konserv\u0173 rinkinys su kalakutienos ir la\u0161i\u0161os fil\u0117 pada\u017ee, sukurtas specialiai ka\u010diuk\u0173 sveikam augimui. \u0160is superpremium klas\u0117s dr\u0117gnas pa\u0161aras puikiai tinka ilgalaikiam \u0161\u0117rimui, u\u017etikrindamas optimal\u0173 maistini\u0173 med\u017eiag\u0173 kiek\u012f.<\/span><\/p>\n","protected":false},"featured_media":10823,"template":"","meta":[],"product_brand":[],"product_cat":[114,102,116,339],"product_tag":[],"class_list":{"0":"post-10822","1":"product","2":"type-product","3":"status-publish","4":"has-post-thumbnail","6":"product_cat-kaciu-maistas","7":"product_cat-katems","8":"product_cat-konservai-katems","9":"product_cat-calibra-kaciu-maistas","10":"pa_prekinis-zenklas-calibra","12":"first","13":"instock","14":"taxable","15":"shipping-taxable","16":"purchasable","17":"product-type-simple"},"yoast_head":"<!-- This site is optimized with the Yoast SEO Premium plugin v27.1 (Yoast SEO v27.3) - https:\/\/yoast.com\/product\/yoast-seo-premium-wordpress\/ -->\n<title>Calibra Cat Life pouches Kitten Multipack rinkinys jauniems ka\u010diukams 12x85g - anivet.lt<\/title>\n<meta name=\"description\" content=\"Subalansuotas konserv\u0173 rinkinys su kalakutienos ir la\u0161i\u0161os fil\u0117 pada\u017ee, sukurtas specialiai ka\u010diuk\u0173 sveikam augimui. \u0160is superpremium klas\u0117s dr\u0117gnas pa\u0161aras puikiai tinka ilgalaikiam \u0161\u0117rimui, u\u017etikrindamas optimal\u0173 maistini\u0173 med\u017eiag\u0173 kiek\u012f.\" \/>\n<meta name=\"robots\" content=\"index, follow, max-snippet:-1, max-image-preview:large, max-video-preview:-1\" \/>\n<link rel=\"canonical\" href=\"https:\/\/anivet.lt\/elparduotuve\/produktas\/calibra-cat-life-pouches-kitten-multipack-rinkinys-jauniems-kaciukams\/\" \/>\n<meta property=\"og:locale\" content=\"lt_LT\" \/>\n<meta property=\"og:type\" content=\"article\" \/>\n<meta property=\"og:title\" content=\"Calibra Cat Life pouches Kitten Multipack rinkinys jauniems ka\u010diukams 12x85g\" \/>\n<meta property=\"og:description\" content=\"Subalansuotas konserv\u0173 rinkinys su kalakutienos ir la\u0161i\u0161os fil\u0117 pada\u017ee, sukurtas specialiai ka\u010diuk\u0173 sveikam augimui. \u0160is superpremium klas\u0117s dr\u0117gnas pa\u0161aras puikiai tinka ilgalaikiam \u0161\u0117rimui, u\u017etikrindamas optimal\u0173 maistini\u0173 med\u017eiag\u0173 kiek\u012f.\" \/>\n<meta property=\"og:url\" content=\"https:\/\/anivet.lt\/elparduotuve\/produktas\/calibra-cat-life-pouches-kitten-multipack-rinkinys-jauniems-kaciukams\/\" \/>\n<meta property=\"og:site_name\" content=\"anivet.lt\" \/>\n<meta property=\"article:modified_time\" content=\"2025-12-29T17:32:48+00:00\" \/>\n<meta property=\"og:image\" content=\"https:\/\/anivet.lt\/elparduotuve\/wp-content\/uploads\/2023\/07\/2643-calibra-cat-life-kapsicka-multipack-kitten.webp\" \/>\n\t<meta property=\"og:image:width\" content=\"1300\" \/>\n\t<meta property=\"og:image:height\" content=\"1300\" \/>\n\t<meta property=\"og:image:type\" content=\"image\/webp\" \/>\n<meta name=\"twitter:card\" content=\"summary_large_image\" \/>\n<meta name=\"twitter:label1\" content=\"Est. reading time\" \/>\n\t<meta name=\"twitter:data1\" content=\"1 minut\u0117\" \/>\n<script type=\"application\/ld+json\" class=\"yoast-schema-graph\">{\"@context\":\"https:\\\/\\\/schema.org\",\"@graph\":[{\"@type\":\"WebPage\",\"@id\":\"https:\\\/\\\/anivet.lt\\\/elparduotuve\\\/produktas\\\/calibra-cat-life-pouches-kitten-multipack-rinkinys-jauniems-kaciukams\\\/\",\"url\":\"https:\\\/\\\/anivet.lt\\\/elparduotuve\\\/produktas\\\/calibra-cat-life-pouches-kitten-multipack-rinkinys-jauniems-kaciukams\\\/\",\"name\":\"Calibra Cat Life pouches Kitten Multipack rinkinys jauniems ka\u010diukams 12x85g - anivet.lt\",\"isPartOf\":{\"@id\":\"https:\\\/\\\/anivet.lt\\\/elparduotuve\\\/#website\"},\"primaryImageOfPage\":{\"@id\":\"https:\\\/\\\/anivet.lt\\\/elparduotuve\\\/produktas\\\/calibra-cat-life-pouches-kitten-multipack-rinkinys-jauniems-kaciukams\\\/#primaryimage\"},\"image\":{\"@id\":\"https:\\\/\\\/anivet.lt\\\/elparduotuve\\\/produktas\\\/calibra-cat-life-pouches-kitten-multipack-rinkinys-jauniems-kaciukams\\\/#primaryimage\"},\"thumbnailUrl\":\"https:\\\/\\\/anivet.lt\\\/elparduotuve\\\/wp-content\\\/uploads\\\/2023\\\/07\\\/2643-calibra-cat-life-kapsicka-multipack-kitten.webp\",\"datePublished\":\"2023-07-26T14:22:46+00:00\",\"dateModified\":\"2025-12-29T17:32:48+00:00\",\"description\":\"Subalansuotas konserv\u0173 rinkinys su kalakutienos ir la\u0161i\u0161os fil\u0117 pada\u017ee, sukurtas specialiai ka\u010diuk\u0173 sveikam augimui. \u0160is superpremium klas\u0117s dr\u0117gnas pa\u0161aras puikiai tinka ilgalaikiam \u0161\u0117rimui, u\u017etikrindamas optimal\u0173 maistini\u0173 med\u017eiag\u0173 kiek\u012f.\",\"breadcrumb\":{\"@id\":\"https:\\\/\\\/anivet.lt\\\/elparduotuve\\\/produktas\\\/calibra-cat-life-pouches-kitten-multipack-rinkinys-jauniems-kaciukams\\\/#breadcrumb\"},\"inLanguage\":\"lt-LT\",\"potentialAction\":[{\"@type\":\"ReadAction\",\"target\":[\"https:\\\/\\\/anivet.lt\\\/elparduotuve\\\/produktas\\\/calibra-cat-life-pouches-kitten-multipack-rinkinys-jauniems-kaciukams\\\/\"]}]},{\"@type\":\"ImageObject\",\"inLanguage\":\"lt-LT\",\"@id\":\"https:\\\/\\\/anivet.lt\\\/elparduotuve\\\/produktas\\\/calibra-cat-life-pouches-kitten-multipack-rinkinys-jauniems-kaciukams\\\/#primaryimage\",\"url\":\"https:\\\/\\\/anivet.lt\\\/elparduotuve\\\/wp-content\\\/uploads\\\/2023\\\/07\\\/2643-calibra-cat-life-kapsicka-multipack-kitten.webp\",\"contentUrl\":\"https:\\\/\\\/anivet.lt\\\/elparduotuve\\\/wp-content\\\/uploads\\\/2023\\\/07\\\/2643-calibra-cat-life-kapsicka-multipack-kitten.webp\",\"width\":1300,\"height\":1300,\"caption\":\"Calibra Cat Life pouches Kitten Multipack rinkinys jauniems ka\u010diukams 12x85g\"},{\"@type\":\"BreadcrumbList\",\"@id\":\"https:\\\/\\\/anivet.lt\\\/elparduotuve\\\/produktas\\\/calibra-cat-life-pouches-kitten-multipack-rinkinys-jauniems-kaciukams\\\/#breadcrumb\",\"itemListElement\":[{\"@type\":\"ListItem\",\"position\":1,\"name\":\"Home\",\"item\":\"https:\\\/\\\/anivet.lt\\\/elparduotuve\\\/\"},{\"@type\":\"ListItem\",\"position\":2,\"name\":\"Produktai\",\"item\":\"https:\\\/\\\/anivet.lt\\\/elparduotuve\\\/produktai\\\/\"},{\"@type\":\"ListItem\",\"position\":3,\"name\":\"Calibra Cat Life pouches Kitten Multipack rinkinys jauniems ka\u010diukams 12x85g\"}]},{\"@type\":\"WebSite\",\"@id\":\"https:\\\/\\\/anivet.lt\\\/elparduotuve\\\/#website\",\"url\":\"https:\\\/\\\/anivet.lt\\\/elparduotuve\\\/\",\"name\":\"anivet.lt\",\"description\":\"Viskas J\u016bs\u0173 \u0161uns, kat\u0117s prie\u017ei\u016brai\",\"publisher\":{\"@id\":\"https:\\\/\\\/anivet.lt\\\/elparduotuve\\\/#organization\"},\"alternateName\":\"Viskas J\u016bs\u0173 \u0161uns, kat\u0117s prie\u017ei\u016brai\",\"potentialAction\":[{\"@type\":\"SearchAction\",\"target\":{\"@type\":\"EntryPoint\",\"urlTemplate\":\"https:\\\/\\\/anivet.lt\\\/elparduotuve\\\/?s={search_term_string}\"},\"query-input\":{\"@type\":\"PropertyValueSpecification\",\"valueRequired\":true,\"valueName\":\"search_term_string\"}}],\"inLanguage\":\"lt-LT\"},{\"@type\":\"Organization\",\"@id\":\"https:\\\/\\\/anivet.lt\\\/elparduotuve\\\/#organization\",\"name\":\"Viskas J\u016bs\u0173 \u0161uns, kat\u0117s prie\u017ei\u016brai\",\"url\":\"https:\\\/\\\/anivet.lt\\\/elparduotuve\\\/\",\"logo\":{\"@type\":\"ImageObject\",\"inLanguage\":\"lt-LT\",\"@id\":\"https:\\\/\\\/anivet.lt\\\/elparduotuve\\\/#\\\/schema\\\/logo\\\/image\\\/\",\"url\":\"https:\\\/\\\/anivet.lt\\\/elparduotuve\\\/wp-content\\\/uploads\\\/2023\\\/06\\\/logo2.jpg\",\"contentUrl\":\"https:\\\/\\\/anivet.lt\\\/elparduotuve\\\/wp-content\\\/uploads\\\/2023\\\/06\\\/logo2.jpg\",\"width\":655,\"height\":194,\"caption\":\"Viskas J\u016bs\u0173 \u0161uns, kat\u0117s prie\u017ei\u016brai\"},\"image\":{\"@id\":\"https:\\\/\\\/anivet.lt\\\/elparduotuve\\\/#\\\/schema\\\/logo\\\/image\\\/\"}}]}<\/script>\n<!-- \/ Yoast SEO Premium plugin. -->","yoast_head_json":{"title":"Calibra Cat Life pouches Kitten Multipack rinkinys jauniems ka\u010diukams 12x85g - anivet.lt","description":"Subalansuotas konserv\u0173 rinkinys su kalakutienos ir la\u0161i\u0161os fil\u0117 pada\u017ee, sukurtas specialiai ka\u010diuk\u0173 sveikam augimui. \u0160is superpremium klas\u0117s dr\u0117gnas pa\u0161aras puikiai tinka ilgalaikiam \u0161\u0117rimui, u\u017etikrindamas optimal\u0173 maistini\u0173 med\u017eiag\u0173 kiek\u012f.","robots":{"index":"index","follow":"follow","max-snippet":"max-snippet:-1","max-image-preview":"max-image-preview:large","max-video-preview":"max-video-preview:-1"},"canonical":"https:\/\/anivet.lt\/elparduotuve\/produktas\/calibra-cat-life-pouches-kitten-multipack-rinkinys-jauniems-kaciukams\/","og_locale":"lt_LT","og_type":"article","og_title":"Calibra Cat Life pouches Kitten Multipack rinkinys jauniems ka\u010diukams 12x85g","og_description":"Subalansuotas konserv\u0173 rinkinys su kalakutienos ir la\u0161i\u0161os fil\u0117 pada\u017ee, sukurtas specialiai ka\u010diuk\u0173 sveikam augimui. \u0160is superpremium klas\u0117s dr\u0117gnas pa\u0161aras puikiai tinka ilgalaikiam \u0161\u0117rimui, u\u017etikrindamas optimal\u0173 maistini\u0173 med\u017eiag\u0173 kiek\u012f.","og_url":"https:\/\/anivet.lt\/elparduotuve\/produktas\/calibra-cat-life-pouches-kitten-multipack-rinkinys-jauniems-kaciukams\/","og_site_name":"anivet.lt","article_modified_time":"2025-12-29T17:32:48+00:00","og_image":[{"width":1300,"height":1300,"url":"https:\/\/anivet.lt\/elparduotuve\/wp-content\/uploads\/2023\/07\/2643-calibra-cat-life-kapsicka-multipack-kitten.webp","type":"image\/webp"}],"twitter_card":"summary_large_image","twitter_misc":{"Est. reading time":"1 minut\u0117"},"schema":{"@context":"https:\/\/schema.org","@graph":[{"@type":"WebPage","@id":"https:\/\/anivet.lt\/elparduotuve\/produktas\/calibra-cat-life-pouches-kitten-multipack-rinkinys-jauniems-kaciukams\/","url":"https:\/\/anivet.lt\/elparduotuve\/produktas\/calibra-cat-life-pouches-kitten-multipack-rinkinys-jauniems-kaciukams\/","name":"Calibra Cat Life pouches Kitten Multipack rinkinys jauniems ka\u010diukams 12x85g - anivet.lt","isPartOf":{"@id":"https:\/\/anivet.lt\/elparduotuve\/#website"},"primaryImageOfPage":{"@id":"https:\/\/anivet.lt\/elparduotuve\/produktas\/calibra-cat-life-pouches-kitten-multipack-rinkinys-jauniems-kaciukams\/#primaryimage"},"image":{"@id":"https:\/\/anivet.lt\/elparduotuve\/produktas\/calibra-cat-life-pouches-kitten-multipack-rinkinys-jauniems-kaciukams\/#primaryimage"},"thumbnailUrl":"https:\/\/anivet.lt\/elparduotuve\/wp-content\/uploads\/2023\/07\/2643-calibra-cat-life-kapsicka-multipack-kitten.webp","datePublished":"2023-07-26T14:22:46+00:00","dateModified":"2025-12-29T17:32:48+00:00","description":"Subalansuotas konserv\u0173 rinkinys su kalakutienos ir la\u0161i\u0161os fil\u0117 pada\u017ee, sukurtas specialiai ka\u010diuk\u0173 sveikam augimui. \u0160is superpremium klas\u0117s dr\u0117gnas pa\u0161aras puikiai tinka ilgalaikiam \u0161\u0117rimui, u\u017etikrindamas optimal\u0173 maistini\u0173 med\u017eiag\u0173 kiek\u012f.","breadcrumb":{"@id":"https:\/\/anivet.lt\/elparduotuve\/produktas\/calibra-cat-life-pouches-kitten-multipack-rinkinys-jauniems-kaciukams\/#breadcrumb"},"inLanguage":"lt-LT","potentialAction":[{"@type":"ReadAction","target":["https:\/\/anivet.lt\/elparduotuve\/produktas\/calibra-cat-life-pouches-kitten-multipack-rinkinys-jauniems-kaciukams\/"]}]},{"@type":"ImageObject","inLanguage":"lt-LT","@id":"https:\/\/anivet.lt\/elparduotuve\/produktas\/calibra-cat-life-pouches-kitten-multipack-rinkinys-jauniems-kaciukams\/#primaryimage","url":"https:\/\/anivet.lt\/elparduotuve\/wp-content\/uploads\/2023\/07\/2643-calibra-cat-life-kapsicka-multipack-kitten.webp","contentUrl":"https:\/\/anivet.lt\/elparduotuve\/wp-content\/uploads\/2023\/07\/2643-calibra-cat-life-kapsicka-multipack-kitten.webp","width":1300,"height":1300,"caption":"Calibra Cat Life pouches Kitten Multipack rinkinys jauniems ka\u010diukams 12x85g"},{"@type":"BreadcrumbList","@id":"https:\/\/anivet.lt\/elparduotuve\/produktas\/calibra-cat-life-pouches-kitten-multipack-rinkinys-jauniems-kaciukams\/#breadcrumb","itemListElement":[{"@type":"ListItem","position":1,"name":"Home","item":"https:\/\/anivet.lt\/elparduotuve\/"},{"@type":"ListItem","position":2,"name":"Produktai","item":"https:\/\/anivet.lt\/elparduotuve\/produktai\/"},{"@type":"ListItem","position":3,"name":"Calibra Cat Life pouches Kitten Multipack rinkinys jauniems ka\u010diukams 12x85g"}]},{"@type":"WebSite","@id":"https:\/\/anivet.lt\/elparduotuve\/#website","url":"https:\/\/anivet.lt\/elparduotuve\/","name":"anivet.lt","description":"Viskas J\u016bs\u0173 \u0161uns, kat\u0117s prie\u017ei\u016brai","publisher":{"@id":"https:\/\/anivet.lt\/elparduotuve\/#organization"},"alternateName":"Viskas J\u016bs\u0173 \u0161uns, kat\u0117s prie\u017ei\u016brai","potentialAction":[{"@type":"SearchAction","target":{"@type":"EntryPoint","urlTemplate":"https:\/\/anivet.lt\/elparduotuve\/?s={search_term_string}"},"query-input":{"@type":"PropertyValueSpecification","valueRequired":true,"valueName":"search_term_string"}}],"inLanguage":"lt-LT"},{"@type":"Organization","@id":"https:\/\/anivet.lt\/elparduotuve\/#organization","name":"Viskas J\u016bs\u0173 \u0161uns, kat\u0117s prie\u017ei\u016brai","url":"https:\/\/anivet.lt\/elparduotuve\/","logo":{"@type":"ImageObject","inLanguage":"lt-LT","@id":"https:\/\/anivet.lt\/elparduotuve\/#\/schema\/logo\/image\/","url":"https:\/\/anivet.lt\/elparduotuve\/wp-content\/uploads\/2023\/06\/logo2.jpg","contentUrl":"https:\/\/anivet.lt\/elparduotuve\/wp-content\/uploads\/2023\/06\/logo2.jpg","width":655,"height":194,"caption":"Viskas J\u016bs\u0173 \u0161uns, kat\u0117s prie\u017ei\u016brai"},"image":{"@id":"https:\/\/anivet.lt\/elparduotuve\/#\/schema\/logo\/image\/"}}]}},"_links":{"self":[{"href":"https:\/\/anivet.lt\/elparduotuve\/wp-json\/wp\/v2\/product\/10822","targetHints":{"allow":["GET"]}}],"collection":[{"href":"https:\/\/anivet.lt\/elparduotuve\/wp-json\/wp\/v2\/product"}],"about":[{"href":"https:\/\/anivet.lt\/elparduotuve\/wp-json\/wp\/v2\/types\/product"}],"wp:featuredmedia":[{"embeddable":true,"href":"https:\/\/anivet.lt\/elparduotuve\/wp-json\/wp\/v2\/media\/10823"}],"wp:attachment":[{"href":"https:\/\/anivet.lt\/elparduotuve\/wp-json\/wp\/v2\/media?parent=10822"}],"wp:term":[{"taxonomy":"product_brand","embeddable":true,"href":"https:\/\/anivet.lt\/elparduotuve\/wp-json\/wp\/v2\/product_brand?post=10822"},{"taxonomy":"product_cat","embeddable":true,"href":"https:\/\/anivet.lt\/elparduotuve\/wp-json\/wp\/v2\/product_cat?post=10822"},{"taxonomy":"product_tag","embeddable":true,"href":"https:\/\/anivet.lt\/elparduotuve\/wp-json\/wp\/v2\/product_tag?post=10822"}],"curies":[{"name":"wp","href":"https:\/\/api.w.org\/{rel}","templated":true}]}}