{"id":10824,"date":"2023-07-26T14:33:04","date_gmt":"2023-07-26T14:33:04","guid":{"rendered":"https:\/\/anivet.lt\/elparduotuve\/?post_type=product&#038;p=10824"},"modified":"2025-05-27T13:14:59","modified_gmt":"2025-05-27T13:14:59","slug":"calibra-dog-life-puppyjunior-chickenrice-konservas-jauniems-sunims-su-vistiena-ir-ryziais","status":"publish","type":"product","link":"https:\/\/anivet.lt\/elparduotuve\/produktas\/calibra-dog-life-puppyjunior-chickenrice-konservas-jauniems-sunims-su-vistiena-ir-ryziais\/","title":{"rendered":"Calibra Dog Life Puppy&amp;Junior Chicken&amp;rice konservas jauniems \u0161unims su vi\u0161tiena ir ry\u017eiais 400g"},"content":{"rendered":"<ul>\n<li style=\"font-weight: 400;\" aria-level=\"1\"><span style=\"font-weight: 400;\">Vienas baltym\u0173 \u0161altinis: 70 % vi\u0161tienos ir vi\u0161t\u0173 \u0161irdeli\u0173, u\u017etikrinan\u010di\u0173 nat\u016bral\u0173 ir gerai vir\u0161kinam\u0105 baltym\u0173 \u0161altin\u012f.<\/span><\/li>\n<li style=\"font-weight: 400;\" aria-level=\"1\"><span style=\"font-weight: 400;\">Be glitimo: Pa\u0161aras be kvie\u010di\u0173, kukur\u016bz\u0173, soj\u0173 ir GMO, tinkamas jautriems augintiniams.<\/span><\/li>\n<li style=\"font-weight: 400;\" aria-level=\"1\"><span style=\"font-weight: 400;\">Omega-3 \u0161altinis: La\u0161i\u0161\u0173 aliejus ir j\u016bros dumbliai (Schizochytrium limacinum) palaiko smegen\u0173 veikl\u0105, odos ir kailio sveikat\u0105 bei turi prie\u0161u\u017edegimini\u0173 savybi\u0173.<\/span><\/li>\n<li style=\"font-weight: 400;\" aria-level=\"1\"><span style=\"font-weight: 400;\">Puikus vir\u0161kinamumas: Nedidelis ry\u017ei\u0173 kiekis prisideda prie lengvesnio vir\u0161kinimo, u\u017etikrinant tinkam\u0105 maisto pasisavinim\u0105.<\/span><\/li>\n<li style=\"font-weight: 400;\" aria-level=\"1\"><span style=\"font-weight: 400;\">Praturtintas vitaminais ir mineralais: Palaiko stipri\u0105 imunin\u0119 sistem\u0105 ir visapusi\u0161k\u0105 \u0161uniuko augim\u0105 bei vystym\u0105si.<\/span><\/li>\n<\/ul>\n<p><span style=\"font-weight: 400;\">\u201eCalibra Dog Life Puppy &amp; Junior Chicken &amp; Rice\u201c yra idealus pasirinkimas j\u016bs\u0173 \u0161uniuko kasdien\u0117s mitybos u\u017etikrinimui, palaikant sveik\u0105 augim\u0105 ir puiki\u0105 savijaut\u0105. Tai gardus ir maistingas sprendimas kiekvieno jauno \u0161uns gyvenimo prad\u017eiai.<\/span><\/p>\n","protected":false},"excerpt":{"rendered":"<p><span style=\"font-weight: 400;\">Visavertis konservuotas pa\u0161aras, specialiai sukurtas \u0161uniukams, taip pat \u0161uningoms ir laktuojan\u010dioms kal\u0117ms. Sud\u0117tyje yra auk\u0161tos kokyb\u0117s vi\u0161tiena, vi\u0161t\u0173 \u0161irdel\u0117s ir nedidelis kiekis ry\u017ei\u0173, u\u017etikrinan\u010di\u0173 subalansuot\u0105 ir lengvai vir\u0161kinam\u0105 mityb\u0105.<\/span><\/p>\n","protected":false},"featured_media":10825,"template":"","meta":[],"product_brand":[],"product_cat":[101,103,105,332],"product_tag":[],"class_list":{"0":"post-10824","1":"product","2":"type-product","3":"status-publish","4":"has-post-thumbnail","6":"product_cat-sunims","7":"product_cat-sunu-maistas","8":"product_cat-konservai","9":"product_cat-calibra-sunu-maistas","10":"pa_prekinis-zenklas-calibra","12":"first","13":"instock","14":"taxable","15":"shipping-taxable","16":"purchasable","17":"product-type-simple"},"yoast_head":"<!-- This site is optimized with the Yoast SEO Premium plugin v27.1 (Yoast SEO v27.3) - https:\/\/yoast.com\/product\/yoast-seo-premium-wordpress\/ -->\n<title>Calibra Dog Life Puppy&amp;Junior Chicken&amp;rice konservas jauniems \u0161unims su vi\u0161tiena ir ry\u017eiais 400g - anivet.lt<\/title>\n<meta name=\"description\" content=\"Visavertis konservuotas pa\u0161aras, specialiai sukurtas \u0161uniukams, taip pat \u0161uningoms ir laktuojan\u010dioms kal\u0117ms. Sud\u0117tyje yra auk\u0161tos kokyb\u0117s vi\u0161tiena, vi\u0161t\u0173 \u0161irdel\u0117s ir nedidelis kiekis ry\u017ei\u0173, u\u017etikrinan\u010di\u0173 subalansuot\u0105 ir lengvai vir\u0161kinam\u0105 mityb\u0105.\" \/>\n<meta name=\"robots\" content=\"index, follow, max-snippet:-1, max-image-preview:large, max-video-preview:-1\" \/>\n<link rel=\"canonical\" href=\"https:\/\/anivet.lt\/elparduotuve\/produktas\/calibra-dog-life-puppyjunior-chickenrice-konservas-jauniems-sunims-su-vistiena-ir-ryziais\/\" \/>\n<meta property=\"og:locale\" content=\"lt_LT\" \/>\n<meta property=\"og:type\" content=\"article\" \/>\n<meta property=\"og:title\" content=\"Calibra Dog Life Puppy&amp;Junior Chicken&amp;rice konservas jauniems \u0161unims su vi\u0161tiena ir ry\u017eiais 400g\" \/>\n<meta property=\"og:description\" content=\"Visavertis konservuotas pa\u0161aras, specialiai sukurtas \u0161uniukams, taip pat \u0161uningoms ir laktuojan\u010dioms kal\u0117ms. Sud\u0117tyje yra auk\u0161tos kokyb\u0117s vi\u0161tiena, vi\u0161t\u0173 \u0161irdel\u0117s ir nedidelis kiekis ry\u017ei\u0173, u\u017etikrinan\u010di\u0173 subalansuot\u0105 ir lengvai vir\u0161kinam\u0105 mityb\u0105.\" \/>\n<meta property=\"og:url\" content=\"https:\/\/anivet.lt\/elparduotuve\/produktas\/calibra-dog-life-puppyjunior-chickenrice-konservas-jauniems-sunims-su-vistiena-ir-ryziais\/\" \/>\n<meta property=\"og:site_name\" content=\"anivet.lt\" \/>\n<meta property=\"article:modified_time\" content=\"2025-05-27T13:14:59+00:00\" \/>\n<meta property=\"og:image\" content=\"https:\/\/anivet.lt\/elparduotuve\/wp-content\/uploads\/2023\/07\/2134-calibra-life-dog-konzerva-400g-puppy-junior-chicken.webp\" \/>\n\t<meta property=\"og:image:width\" content=\"1920\" \/>\n\t<meta property=\"og:image:height\" content=\"1920\" \/>\n\t<meta property=\"og:image:type\" content=\"image\/webp\" \/>\n<meta name=\"twitter:card\" content=\"summary_large_image\" \/>\n<meta name=\"twitter:label1\" content=\"Est. reading time\" \/>\n\t<meta name=\"twitter:data1\" content=\"1 minut\u0117\" \/>\n<script type=\"application\/ld+json\" class=\"yoast-schema-graph\">{\"@context\":\"https:\\\/\\\/schema.org\",\"@graph\":[{\"@type\":\"WebPage\",\"@id\":\"https:\\\/\\\/anivet.lt\\\/elparduotuve\\\/produktas\\\/calibra-dog-life-puppyjunior-chickenrice-konservas-jauniems-sunims-su-vistiena-ir-ryziais\\\/\",\"url\":\"https:\\\/\\\/anivet.lt\\\/elparduotuve\\\/produktas\\\/calibra-dog-life-puppyjunior-chickenrice-konservas-jauniems-sunims-su-vistiena-ir-ryziais\\\/\",\"name\":\"Calibra Dog Life Puppy&amp;Junior Chicken&amp;rice konservas jauniems \u0161unims su vi\u0161tiena ir ry\u017eiais 400g - anivet.lt\",\"isPartOf\":{\"@id\":\"https:\\\/\\\/anivet.lt\\\/elparduotuve\\\/#website\"},\"primaryImageOfPage\":{\"@id\":\"https:\\\/\\\/anivet.lt\\\/elparduotuve\\\/produktas\\\/calibra-dog-life-puppyjunior-chickenrice-konservas-jauniems-sunims-su-vistiena-ir-ryziais\\\/#primaryimage\"},\"image\":{\"@id\":\"https:\\\/\\\/anivet.lt\\\/elparduotuve\\\/produktas\\\/calibra-dog-life-puppyjunior-chickenrice-konservas-jauniems-sunims-su-vistiena-ir-ryziais\\\/#primaryimage\"},\"thumbnailUrl\":\"https:\\\/\\\/anivet.lt\\\/elparduotuve\\\/wp-content\\\/uploads\\\/2023\\\/07\\\/2134-calibra-life-dog-konzerva-400g-puppy-junior-chicken.webp\",\"datePublished\":\"2023-07-26T14:33:04+00:00\",\"dateModified\":\"2025-05-27T13:14:59+00:00\",\"description\":\"Visavertis konservuotas pa\u0161aras, specialiai sukurtas \u0161uniukams, taip pat \u0161uningoms ir laktuojan\u010dioms kal\u0117ms. Sud\u0117tyje yra auk\u0161tos kokyb\u0117s vi\u0161tiena, vi\u0161t\u0173 \u0161irdel\u0117s ir nedidelis kiekis ry\u017ei\u0173, u\u017etikrinan\u010di\u0173 subalansuot\u0105 ir lengvai vir\u0161kinam\u0105 mityb\u0105.\",\"breadcrumb\":{\"@id\":\"https:\\\/\\\/anivet.lt\\\/elparduotuve\\\/produktas\\\/calibra-dog-life-puppyjunior-chickenrice-konservas-jauniems-sunims-su-vistiena-ir-ryziais\\\/#breadcrumb\"},\"inLanguage\":\"lt-LT\",\"potentialAction\":[{\"@type\":\"ReadAction\",\"target\":[\"https:\\\/\\\/anivet.lt\\\/elparduotuve\\\/produktas\\\/calibra-dog-life-puppyjunior-chickenrice-konservas-jauniems-sunims-su-vistiena-ir-ryziais\\\/\"]}]},{\"@type\":\"ImageObject\",\"inLanguage\":\"lt-LT\",\"@id\":\"https:\\\/\\\/anivet.lt\\\/elparduotuve\\\/produktas\\\/calibra-dog-life-puppyjunior-chickenrice-konservas-jauniems-sunims-su-vistiena-ir-ryziais\\\/#primaryimage\",\"url\":\"https:\\\/\\\/anivet.lt\\\/elparduotuve\\\/wp-content\\\/uploads\\\/2023\\\/07\\\/2134-calibra-life-dog-konzerva-400g-puppy-junior-chicken.webp\",\"contentUrl\":\"https:\\\/\\\/anivet.lt\\\/elparduotuve\\\/wp-content\\\/uploads\\\/2023\\\/07\\\/2134-calibra-life-dog-konzerva-400g-puppy-junior-chicken.webp\",\"width\":1920,\"height\":1920,\"caption\":\"Calibra Dog Life Puppy&amp;Junior Chicken&amp;rice konservas jauniems \u0161unims su vi\u0161tiena ir ry\u017eiais 400g\"},{\"@type\":\"BreadcrumbList\",\"@id\":\"https:\\\/\\\/anivet.lt\\\/elparduotuve\\\/produktas\\\/calibra-dog-life-puppyjunior-chickenrice-konservas-jauniems-sunims-su-vistiena-ir-ryziais\\\/#breadcrumb\",\"itemListElement\":[{\"@type\":\"ListItem\",\"position\":1,\"name\":\"Home\",\"item\":\"https:\\\/\\\/anivet.lt\\\/elparduotuve\\\/\"},{\"@type\":\"ListItem\",\"position\":2,\"name\":\"Produktai\",\"item\":\"https:\\\/\\\/anivet.lt\\\/elparduotuve\\\/produktai\\\/\"},{\"@type\":\"ListItem\",\"position\":3,\"name\":\"Calibra Dog Life Puppy&amp;Junior Chicken&amp;rice konservas jauniems \u0161unims su vi\u0161tiena ir ry\u017eiais 400g\"}]},{\"@type\":\"WebSite\",\"@id\":\"https:\\\/\\\/anivet.lt\\\/elparduotuve\\\/#website\",\"url\":\"https:\\\/\\\/anivet.lt\\\/elparduotuve\\\/\",\"name\":\"anivet.lt\",\"description\":\"Viskas J\u016bs\u0173 \u0161uns, kat\u0117s prie\u017ei\u016brai\",\"publisher\":{\"@id\":\"https:\\\/\\\/anivet.lt\\\/elparduotuve\\\/#organization\"},\"alternateName\":\"Viskas J\u016bs\u0173 \u0161uns, kat\u0117s prie\u017ei\u016brai\",\"potentialAction\":[{\"@type\":\"SearchAction\",\"target\":{\"@type\":\"EntryPoint\",\"urlTemplate\":\"https:\\\/\\\/anivet.lt\\\/elparduotuve\\\/?s={search_term_string}\"},\"query-input\":{\"@type\":\"PropertyValueSpecification\",\"valueRequired\":true,\"valueName\":\"search_term_string\"}}],\"inLanguage\":\"lt-LT\"},{\"@type\":\"Organization\",\"@id\":\"https:\\\/\\\/anivet.lt\\\/elparduotuve\\\/#organization\",\"name\":\"Viskas J\u016bs\u0173 \u0161uns, kat\u0117s prie\u017ei\u016brai\",\"url\":\"https:\\\/\\\/anivet.lt\\\/elparduotuve\\\/\",\"logo\":{\"@type\":\"ImageObject\",\"inLanguage\":\"lt-LT\",\"@id\":\"https:\\\/\\\/anivet.lt\\\/elparduotuve\\\/#\\\/schema\\\/logo\\\/image\\\/\",\"url\":\"https:\\\/\\\/anivet.lt\\\/elparduotuve\\\/wp-content\\\/uploads\\\/2023\\\/06\\\/logo2.jpg\",\"contentUrl\":\"https:\\\/\\\/anivet.lt\\\/elparduotuve\\\/wp-content\\\/uploads\\\/2023\\\/06\\\/logo2.jpg\",\"width\":655,\"height\":194,\"caption\":\"Viskas J\u016bs\u0173 \u0161uns, kat\u0117s prie\u017ei\u016brai\"},\"image\":{\"@id\":\"https:\\\/\\\/anivet.lt\\\/elparduotuve\\\/#\\\/schema\\\/logo\\\/image\\\/\"}}]}<\/script>\n<!-- \/ Yoast SEO Premium plugin. -->","yoast_head_json":{"title":"Calibra Dog Life Puppy&amp;Junior Chicken&amp;rice konservas jauniems \u0161unims su vi\u0161tiena ir ry\u017eiais 400g - anivet.lt","description":"Visavertis konservuotas pa\u0161aras, specialiai sukurtas \u0161uniukams, taip pat \u0161uningoms ir laktuojan\u010dioms kal\u0117ms. Sud\u0117tyje yra auk\u0161tos kokyb\u0117s vi\u0161tiena, vi\u0161t\u0173 \u0161irdel\u0117s ir nedidelis kiekis ry\u017ei\u0173, u\u017etikrinan\u010di\u0173 subalansuot\u0105 ir lengvai vir\u0161kinam\u0105 mityb\u0105.","robots":{"index":"index","follow":"follow","max-snippet":"max-snippet:-1","max-image-preview":"max-image-preview:large","max-video-preview":"max-video-preview:-1"},"canonical":"https:\/\/anivet.lt\/elparduotuve\/produktas\/calibra-dog-life-puppyjunior-chickenrice-konservas-jauniems-sunims-su-vistiena-ir-ryziais\/","og_locale":"lt_LT","og_type":"article","og_title":"Calibra Dog Life Puppy&amp;Junior Chicken&amp;rice konservas jauniems \u0161unims su vi\u0161tiena ir ry\u017eiais 400g","og_description":"Visavertis konservuotas pa\u0161aras, specialiai sukurtas \u0161uniukams, taip pat \u0161uningoms ir laktuojan\u010dioms kal\u0117ms. Sud\u0117tyje yra auk\u0161tos kokyb\u0117s vi\u0161tiena, vi\u0161t\u0173 \u0161irdel\u0117s ir nedidelis kiekis ry\u017ei\u0173, u\u017etikrinan\u010di\u0173 subalansuot\u0105 ir lengvai vir\u0161kinam\u0105 mityb\u0105.","og_url":"https:\/\/anivet.lt\/elparduotuve\/produktas\/calibra-dog-life-puppyjunior-chickenrice-konservas-jauniems-sunims-su-vistiena-ir-ryziais\/","og_site_name":"anivet.lt","article_modified_time":"2025-05-27T13:14:59+00:00","og_image":[{"width":1920,"height":1920,"url":"https:\/\/anivet.lt\/elparduotuve\/wp-content\/uploads\/2023\/07\/2134-calibra-life-dog-konzerva-400g-puppy-junior-chicken.webp","type":"image\/webp"}],"twitter_card":"summary_large_image","twitter_misc":{"Est. reading time":"1 minut\u0117"},"schema":{"@context":"https:\/\/schema.org","@graph":[{"@type":"WebPage","@id":"https:\/\/anivet.lt\/elparduotuve\/produktas\/calibra-dog-life-puppyjunior-chickenrice-konservas-jauniems-sunims-su-vistiena-ir-ryziais\/","url":"https:\/\/anivet.lt\/elparduotuve\/produktas\/calibra-dog-life-puppyjunior-chickenrice-konservas-jauniems-sunims-su-vistiena-ir-ryziais\/","name":"Calibra Dog Life Puppy&amp;Junior Chicken&amp;rice konservas jauniems \u0161unims su vi\u0161tiena ir ry\u017eiais 400g - anivet.lt","isPartOf":{"@id":"https:\/\/anivet.lt\/elparduotuve\/#website"},"primaryImageOfPage":{"@id":"https:\/\/anivet.lt\/elparduotuve\/produktas\/calibra-dog-life-puppyjunior-chickenrice-konservas-jauniems-sunims-su-vistiena-ir-ryziais\/#primaryimage"},"image":{"@id":"https:\/\/anivet.lt\/elparduotuve\/produktas\/calibra-dog-life-puppyjunior-chickenrice-konservas-jauniems-sunims-su-vistiena-ir-ryziais\/#primaryimage"},"thumbnailUrl":"https:\/\/anivet.lt\/elparduotuve\/wp-content\/uploads\/2023\/07\/2134-calibra-life-dog-konzerva-400g-puppy-junior-chicken.webp","datePublished":"2023-07-26T14:33:04+00:00","dateModified":"2025-05-27T13:14:59+00:00","description":"Visavertis konservuotas pa\u0161aras, specialiai sukurtas \u0161uniukams, taip pat \u0161uningoms ir laktuojan\u010dioms kal\u0117ms. Sud\u0117tyje yra auk\u0161tos kokyb\u0117s vi\u0161tiena, vi\u0161t\u0173 \u0161irdel\u0117s ir nedidelis kiekis ry\u017ei\u0173, u\u017etikrinan\u010di\u0173 subalansuot\u0105 ir lengvai vir\u0161kinam\u0105 mityb\u0105.","breadcrumb":{"@id":"https:\/\/anivet.lt\/elparduotuve\/produktas\/calibra-dog-life-puppyjunior-chickenrice-konservas-jauniems-sunims-su-vistiena-ir-ryziais\/#breadcrumb"},"inLanguage":"lt-LT","potentialAction":[{"@type":"ReadAction","target":["https:\/\/anivet.lt\/elparduotuve\/produktas\/calibra-dog-life-puppyjunior-chickenrice-konservas-jauniems-sunims-su-vistiena-ir-ryziais\/"]}]},{"@type":"ImageObject","inLanguage":"lt-LT","@id":"https:\/\/anivet.lt\/elparduotuve\/produktas\/calibra-dog-life-puppyjunior-chickenrice-konservas-jauniems-sunims-su-vistiena-ir-ryziais\/#primaryimage","url":"https:\/\/anivet.lt\/elparduotuve\/wp-content\/uploads\/2023\/07\/2134-calibra-life-dog-konzerva-400g-puppy-junior-chicken.webp","contentUrl":"https:\/\/anivet.lt\/elparduotuve\/wp-content\/uploads\/2023\/07\/2134-calibra-life-dog-konzerva-400g-puppy-junior-chicken.webp","width":1920,"height":1920,"caption":"Calibra Dog Life Puppy&amp;Junior Chicken&amp;rice konservas jauniems \u0161unims su vi\u0161tiena ir ry\u017eiais 400g"},{"@type":"BreadcrumbList","@id":"https:\/\/anivet.lt\/elparduotuve\/produktas\/calibra-dog-life-puppyjunior-chickenrice-konservas-jauniems-sunims-su-vistiena-ir-ryziais\/#breadcrumb","itemListElement":[{"@type":"ListItem","position":1,"name":"Home","item":"https:\/\/anivet.lt\/elparduotuve\/"},{"@type":"ListItem","position":2,"name":"Produktai","item":"https:\/\/anivet.lt\/elparduotuve\/produktai\/"},{"@type":"ListItem","position":3,"name":"Calibra Dog Life Puppy&amp;Junior Chicken&amp;rice konservas jauniems \u0161unims su vi\u0161tiena ir ry\u017eiais 400g"}]},{"@type":"WebSite","@id":"https:\/\/anivet.lt\/elparduotuve\/#website","url":"https:\/\/anivet.lt\/elparduotuve\/","name":"anivet.lt","description":"Viskas J\u016bs\u0173 \u0161uns, kat\u0117s prie\u017ei\u016brai","publisher":{"@id":"https:\/\/anivet.lt\/elparduotuve\/#organization"},"alternateName":"Viskas J\u016bs\u0173 \u0161uns, kat\u0117s prie\u017ei\u016brai","potentialAction":[{"@type":"SearchAction","target":{"@type":"EntryPoint","urlTemplate":"https:\/\/anivet.lt\/elparduotuve\/?s={search_term_string}"},"query-input":{"@type":"PropertyValueSpecification","valueRequired":true,"valueName":"search_term_string"}}],"inLanguage":"lt-LT"},{"@type":"Organization","@id":"https:\/\/anivet.lt\/elparduotuve\/#organization","name":"Viskas J\u016bs\u0173 \u0161uns, kat\u0117s prie\u017ei\u016brai","url":"https:\/\/anivet.lt\/elparduotuve\/","logo":{"@type":"ImageObject","inLanguage":"lt-LT","@id":"https:\/\/anivet.lt\/elparduotuve\/#\/schema\/logo\/image\/","url":"https:\/\/anivet.lt\/elparduotuve\/wp-content\/uploads\/2023\/06\/logo2.jpg","contentUrl":"https:\/\/anivet.lt\/elparduotuve\/wp-content\/uploads\/2023\/06\/logo2.jpg","width":655,"height":194,"caption":"Viskas J\u016bs\u0173 \u0161uns, kat\u0117s prie\u017ei\u016brai"},"image":{"@id":"https:\/\/anivet.lt\/elparduotuve\/#\/schema\/logo\/image\/"}}]}},"_links":{"self":[{"href":"https:\/\/anivet.lt\/elparduotuve\/wp-json\/wp\/v2\/product\/10824","targetHints":{"allow":["GET"]}}],"collection":[{"href":"https:\/\/anivet.lt\/elparduotuve\/wp-json\/wp\/v2\/product"}],"about":[{"href":"https:\/\/anivet.lt\/elparduotuve\/wp-json\/wp\/v2\/types\/product"}],"wp:featuredmedia":[{"embeddable":true,"href":"https:\/\/anivet.lt\/elparduotuve\/wp-json\/wp\/v2\/media\/10825"}],"wp:attachment":[{"href":"https:\/\/anivet.lt\/elparduotuve\/wp-json\/wp\/v2\/media?parent=10824"}],"wp:term":[{"taxonomy":"product_brand","embeddable":true,"href":"https:\/\/anivet.lt\/elparduotuve\/wp-json\/wp\/v2\/product_brand?post=10824"},{"taxonomy":"product_cat","embeddable":true,"href":"https:\/\/anivet.lt\/elparduotuve\/wp-json\/wp\/v2\/product_cat?post=10824"},{"taxonomy":"product_tag","embeddable":true,"href":"https:\/\/anivet.lt\/elparduotuve\/wp-json\/wp\/v2\/product_tag?post=10824"}],"curies":[{"name":"wp","href":"https:\/\/api.w.org\/{rel}","templated":true}]}}