{"id":10826,"date":"2023-07-26T14:41:54","date_gmt":"2023-07-26T14:41:54","guid":{"rendered":"https:\/\/anivet.lt\/elparduotuve\/?post_type=product&#038;p=10826"},"modified":"2025-05-27T13:15:00","modified_gmt":"2025-05-27T13:15:00","slug":"calibra-dog-life-puppyjunior-lambrice-konservas-jauniems-sunims-su-eriena-ir-ryziais","status":"publish","type":"product","link":"https:\/\/anivet.lt\/elparduotuve\/produktas\/calibra-dog-life-puppyjunior-lambrice-konservas-jauniems-sunims-su-eriena-ir-ryziais\/","title":{"rendered":"Calibra Dog Life Puppy&amp;Junior Lamb&amp;rice konservas jauniems \u0161unims su \u0117riena ir ry\u017eiais 400g"},"content":{"rendered":"<ul>\n<li style=\"font-weight: 400;\" aria-level=\"1\"><span style=\"font-weight: 400;\">Vienas baltym\u0173 \u0161altinis: 70 % auk\u0161tos kokyb\u0117s \u0117rienos, u\u017etikrinan\u010dios lengv\u0105 vir\u0161kinim\u0105.<\/span><\/li>\n<li style=\"font-weight: 400;\" aria-level=\"1\"><span style=\"font-weight: 400;\">Omega-3 riebal\u0173 r\u016bg\u0161tys: J\u016bros dumbliai ir la\u0161i\u0161\u0173 aliejus prisideda prie sveiko smegen\u0173 vystymosi bei prie\u0161u\u017edegimini\u0173 proces\u0173.<\/span><\/li>\n<li style=\"font-weight: 400;\" aria-level=\"1\"><span style=\"font-weight: 400;\">Be glitimo: Tinka net jautriems ar alergi\u0161kiems \u0161unims.<\/span><\/li>\n<li style=\"font-weight: 400;\" aria-level=\"1\"><span style=\"font-weight: 400;\">Subalansuota sud\u0117tis: Sud\u0117tyje esantys vitaminai ir mineralai palaiko sveikat\u0105 bei energij\u0105.<\/span><\/li>\n<li style=\"font-weight: 400;\" aria-level=\"1\"><span style=\"font-weight: 400;\">Lengvas vir\u0161kinimas: Ry\u017eiai ir \u017eirni\u0173 miltai padeda u\u017etikrinti ger\u0105 vir\u0161kinimo veikl\u0105.<\/span><\/li>\n<\/ul>\n<p><span style=\"font-weight: 400;\">\u0160\u012f pa\u0161ar\u0105 verta rinktis, nes jis u\u017etikrina subalansuot\u0105 mityb\u0105 tiek augantiems \u0161uniukams, tiek \u0161uningoms ar maitinan\u010dioms kal\u0117ms. Kruop\u0161\u010diai atrinkti auk\u0161tos kokyb\u0117s ingredientai padeda palaikyti sveik\u0105 augintinio imunitet\u0105 ir bendr\u0105 sveikat\u0105. <\/span><\/p>\n","protected":false},"excerpt":{"rendered":"<p><span style=\"font-weight: 400;\">\u0160is konservuotas pa\u0161aras yra specialiai sukurtas jauniems \u0161uniukams, taip pat \u0161uningoms ir laktuojan\u010dioms kal\u0117ms. Jis pagamintas i\u0161 vieno baltym\u0173 \u0161altinio \u2013 \u0117rienos, papildytas lengvai vir\u0161kinamais ry\u017eiais, o jo sud\u0117tis u\u017etikrina optimal\u0173 \u0161uniuko augim\u0105 ir vystym\u0105si. Pa\u0161aras be glitimo, kvie\u010di\u0173, kukur\u016bz\u0173 ir GMO, tod\u0117l tinka net jautriems augintiniams.<\/span><\/p>\n","protected":false},"featured_media":10827,"template":"","meta":[],"product_brand":[],"product_cat":[101,103,105,332],"product_tag":[],"class_list":{"0":"post-10826","1":"product","2":"type-product","3":"status-publish","4":"has-post-thumbnail","6":"product_cat-sunims","7":"product_cat-sunu-maistas","8":"product_cat-konservai","9":"product_cat-calibra-sunu-maistas","10":"pa_prekinis-zenklas-calibra","12":"first","13":"instock","14":"taxable","15":"shipping-taxable","16":"purchasable","17":"product-type-simple"},"yoast_head":"<!-- This site is optimized with the Yoast SEO Premium plugin v27.1 (Yoast SEO v27.3) - https:\/\/yoast.com\/product\/yoast-seo-premium-wordpress\/ -->\n<title>Calibra Dog Life Puppy&amp;Junior Lamb&amp;rice konservas jauniems \u0161unims su \u0117riena ir ry\u017eiais 400g - anivet.lt<\/title>\n<meta name=\"description\" content=\"\u0160is konservuotas pa\u0161aras yra specialiai sukurtas jauniems \u0161uniukams, taip pat \u0161uningoms ir laktuojan\u010dioms kal\u0117ms. Jis pagamintas i\u0161 vieno baltym\u0173 \u0161altinio \u2013 \u0117rienos, papildytas lengvai vir\u0161kinamais ry\u017eiais, o jo sud\u0117tis u\u017etikrina optimal\u0173 \u0161uniuko augim\u0105 ir vystym\u0105si. Pa\u0161aras be glitimo, kvie\u010di\u0173, kukur\u016bz\u0173 ir GMO, tod\u0117l tinka net jautriems augintiniams.\" \/>\n<meta name=\"robots\" content=\"index, follow, max-snippet:-1, max-image-preview:large, max-video-preview:-1\" \/>\n<link rel=\"canonical\" href=\"https:\/\/anivet.lt\/elparduotuve\/produktas\/calibra-dog-life-puppyjunior-lambrice-konservas-jauniems-sunims-su-eriena-ir-ryziais\/\" \/>\n<meta property=\"og:locale\" content=\"lt_LT\" \/>\n<meta property=\"og:type\" content=\"article\" \/>\n<meta property=\"og:title\" content=\"Calibra Dog Life Puppy&amp;Junior Lamb&amp;rice konservas jauniems \u0161unims su \u0117riena ir ry\u017eiais 400g\" \/>\n<meta property=\"og:description\" content=\"\u0160is konservuotas pa\u0161aras yra specialiai sukurtas jauniems \u0161uniukams, taip pat \u0161uningoms ir laktuojan\u010dioms kal\u0117ms. Jis pagamintas i\u0161 vieno baltym\u0173 \u0161altinio \u2013 \u0117rienos, papildytas lengvai vir\u0161kinamais ry\u017eiais, o jo sud\u0117tis u\u017etikrina optimal\u0173 \u0161uniuko augim\u0105 ir vystym\u0105si. Pa\u0161aras be glitimo, kvie\u010di\u0173, kukur\u016bz\u0173 ir GMO, tod\u0117l tinka net jautriems augintiniams.\" \/>\n<meta property=\"og:url\" content=\"https:\/\/anivet.lt\/elparduotuve\/produktas\/calibra-dog-life-puppyjunior-lambrice-konservas-jauniems-sunims-su-eriena-ir-ryziais\/\" \/>\n<meta property=\"og:site_name\" content=\"anivet.lt\" \/>\n<meta property=\"article:modified_time\" content=\"2025-05-27T13:15:00+00:00\" \/>\n<meta property=\"og:image\" content=\"https:\/\/anivet.lt\/elparduotuve\/wp-content\/uploads\/2023\/07\/2096-calibra-life-dog-konzerva-400g-puppy-junior-lamb.webp\" \/>\n\t<meta property=\"og:image:width\" content=\"1920\" \/>\n\t<meta property=\"og:image:height\" content=\"1920\" \/>\n\t<meta property=\"og:image:type\" content=\"image\/webp\" \/>\n<meta name=\"twitter:card\" content=\"summary_large_image\" \/>\n<meta name=\"twitter:label1\" content=\"Est. reading time\" \/>\n\t<meta name=\"twitter:data1\" content=\"1 minut\u0117\" \/>\n<script type=\"application\/ld+json\" class=\"yoast-schema-graph\">{\"@context\":\"https:\\\/\\\/schema.org\",\"@graph\":[{\"@type\":\"WebPage\",\"@id\":\"https:\\\/\\\/anivet.lt\\\/elparduotuve\\\/produktas\\\/calibra-dog-life-puppyjunior-lambrice-konservas-jauniems-sunims-su-eriena-ir-ryziais\\\/\",\"url\":\"https:\\\/\\\/anivet.lt\\\/elparduotuve\\\/produktas\\\/calibra-dog-life-puppyjunior-lambrice-konservas-jauniems-sunims-su-eriena-ir-ryziais\\\/\",\"name\":\"Calibra Dog Life Puppy&amp;Junior Lamb&amp;rice konservas jauniems \u0161unims su \u0117riena ir ry\u017eiais 400g - anivet.lt\",\"isPartOf\":{\"@id\":\"https:\\\/\\\/anivet.lt\\\/elparduotuve\\\/#website\"},\"primaryImageOfPage\":{\"@id\":\"https:\\\/\\\/anivet.lt\\\/elparduotuve\\\/produktas\\\/calibra-dog-life-puppyjunior-lambrice-konservas-jauniems-sunims-su-eriena-ir-ryziais\\\/#primaryimage\"},\"image\":{\"@id\":\"https:\\\/\\\/anivet.lt\\\/elparduotuve\\\/produktas\\\/calibra-dog-life-puppyjunior-lambrice-konservas-jauniems-sunims-su-eriena-ir-ryziais\\\/#primaryimage\"},\"thumbnailUrl\":\"https:\\\/\\\/anivet.lt\\\/elparduotuve\\\/wp-content\\\/uploads\\\/2023\\\/07\\\/2096-calibra-life-dog-konzerva-400g-puppy-junior-lamb.webp\",\"datePublished\":\"2023-07-26T14:41:54+00:00\",\"dateModified\":\"2025-05-27T13:15:00+00:00\",\"description\":\"\u0160is konservuotas pa\u0161aras yra specialiai sukurtas jauniems \u0161uniukams, taip pat \u0161uningoms ir laktuojan\u010dioms kal\u0117ms. Jis pagamintas i\u0161 vieno baltym\u0173 \u0161altinio \u2013 \u0117rienos, papildytas lengvai vir\u0161kinamais ry\u017eiais, o jo sud\u0117tis u\u017etikrina optimal\u0173 \u0161uniuko augim\u0105 ir vystym\u0105si. Pa\u0161aras be glitimo, kvie\u010di\u0173, kukur\u016bz\u0173 ir GMO, tod\u0117l tinka net jautriems augintiniams.\",\"breadcrumb\":{\"@id\":\"https:\\\/\\\/anivet.lt\\\/elparduotuve\\\/produktas\\\/calibra-dog-life-puppyjunior-lambrice-konservas-jauniems-sunims-su-eriena-ir-ryziais\\\/#breadcrumb\"},\"inLanguage\":\"lt-LT\",\"potentialAction\":[{\"@type\":\"ReadAction\",\"target\":[\"https:\\\/\\\/anivet.lt\\\/elparduotuve\\\/produktas\\\/calibra-dog-life-puppyjunior-lambrice-konservas-jauniems-sunims-su-eriena-ir-ryziais\\\/\"]}]},{\"@type\":\"ImageObject\",\"inLanguage\":\"lt-LT\",\"@id\":\"https:\\\/\\\/anivet.lt\\\/elparduotuve\\\/produktas\\\/calibra-dog-life-puppyjunior-lambrice-konservas-jauniems-sunims-su-eriena-ir-ryziais\\\/#primaryimage\",\"url\":\"https:\\\/\\\/anivet.lt\\\/elparduotuve\\\/wp-content\\\/uploads\\\/2023\\\/07\\\/2096-calibra-life-dog-konzerva-400g-puppy-junior-lamb.webp\",\"contentUrl\":\"https:\\\/\\\/anivet.lt\\\/elparduotuve\\\/wp-content\\\/uploads\\\/2023\\\/07\\\/2096-calibra-life-dog-konzerva-400g-puppy-junior-lamb.webp\",\"width\":1920,\"height\":1920,\"caption\":\"Calibra Dog Life Puppy&amp;Junior Lamb&amp;rice konservas jauniems \u0161unims su \u0117riena ir ry\u017eiais 400g\"},{\"@type\":\"BreadcrumbList\",\"@id\":\"https:\\\/\\\/anivet.lt\\\/elparduotuve\\\/produktas\\\/calibra-dog-life-puppyjunior-lambrice-konservas-jauniems-sunims-su-eriena-ir-ryziais\\\/#breadcrumb\",\"itemListElement\":[{\"@type\":\"ListItem\",\"position\":1,\"name\":\"Home\",\"item\":\"https:\\\/\\\/anivet.lt\\\/elparduotuve\\\/\"},{\"@type\":\"ListItem\",\"position\":2,\"name\":\"Produktai\",\"item\":\"https:\\\/\\\/anivet.lt\\\/elparduotuve\\\/produktai\\\/\"},{\"@type\":\"ListItem\",\"position\":3,\"name\":\"Calibra Dog Life Puppy&amp;Junior Lamb&amp;rice konservas jauniems \u0161unims su \u0117riena ir ry\u017eiais 400g\"}]},{\"@type\":\"WebSite\",\"@id\":\"https:\\\/\\\/anivet.lt\\\/elparduotuve\\\/#website\",\"url\":\"https:\\\/\\\/anivet.lt\\\/elparduotuve\\\/\",\"name\":\"anivet.lt\",\"description\":\"Viskas J\u016bs\u0173 \u0161uns, kat\u0117s prie\u017ei\u016brai\",\"publisher\":{\"@id\":\"https:\\\/\\\/anivet.lt\\\/elparduotuve\\\/#organization\"},\"alternateName\":\"Viskas J\u016bs\u0173 \u0161uns, kat\u0117s prie\u017ei\u016brai\",\"potentialAction\":[{\"@type\":\"SearchAction\",\"target\":{\"@type\":\"EntryPoint\",\"urlTemplate\":\"https:\\\/\\\/anivet.lt\\\/elparduotuve\\\/?s={search_term_string}\"},\"query-input\":{\"@type\":\"PropertyValueSpecification\",\"valueRequired\":true,\"valueName\":\"search_term_string\"}}],\"inLanguage\":\"lt-LT\"},{\"@type\":\"Organization\",\"@id\":\"https:\\\/\\\/anivet.lt\\\/elparduotuve\\\/#organization\",\"name\":\"Viskas J\u016bs\u0173 \u0161uns, kat\u0117s prie\u017ei\u016brai\",\"url\":\"https:\\\/\\\/anivet.lt\\\/elparduotuve\\\/\",\"logo\":{\"@type\":\"ImageObject\",\"inLanguage\":\"lt-LT\",\"@id\":\"https:\\\/\\\/anivet.lt\\\/elparduotuve\\\/#\\\/schema\\\/logo\\\/image\\\/\",\"url\":\"https:\\\/\\\/anivet.lt\\\/elparduotuve\\\/wp-content\\\/uploads\\\/2023\\\/06\\\/logo2.jpg\",\"contentUrl\":\"https:\\\/\\\/anivet.lt\\\/elparduotuve\\\/wp-content\\\/uploads\\\/2023\\\/06\\\/logo2.jpg\",\"width\":655,\"height\":194,\"caption\":\"Viskas J\u016bs\u0173 \u0161uns, kat\u0117s prie\u017ei\u016brai\"},\"image\":{\"@id\":\"https:\\\/\\\/anivet.lt\\\/elparduotuve\\\/#\\\/schema\\\/logo\\\/image\\\/\"}}]}<\/script>\n<!-- \/ Yoast SEO Premium plugin. -->","yoast_head_json":{"title":"Calibra Dog Life Puppy&amp;Junior Lamb&amp;rice konservas jauniems \u0161unims su \u0117riena ir ry\u017eiais 400g - anivet.lt","description":"\u0160is konservuotas pa\u0161aras yra specialiai sukurtas jauniems \u0161uniukams, taip pat \u0161uningoms ir laktuojan\u010dioms kal\u0117ms. Jis pagamintas i\u0161 vieno baltym\u0173 \u0161altinio \u2013 \u0117rienos, papildytas lengvai vir\u0161kinamais ry\u017eiais, o jo sud\u0117tis u\u017etikrina optimal\u0173 \u0161uniuko augim\u0105 ir vystym\u0105si. Pa\u0161aras be glitimo, kvie\u010di\u0173, kukur\u016bz\u0173 ir GMO, tod\u0117l tinka net jautriems augintiniams.","robots":{"index":"index","follow":"follow","max-snippet":"max-snippet:-1","max-image-preview":"max-image-preview:large","max-video-preview":"max-video-preview:-1"},"canonical":"https:\/\/anivet.lt\/elparduotuve\/produktas\/calibra-dog-life-puppyjunior-lambrice-konservas-jauniems-sunims-su-eriena-ir-ryziais\/","og_locale":"lt_LT","og_type":"article","og_title":"Calibra Dog Life Puppy&amp;Junior Lamb&amp;rice konservas jauniems \u0161unims su \u0117riena ir ry\u017eiais 400g","og_description":"\u0160is konservuotas pa\u0161aras yra specialiai sukurtas jauniems \u0161uniukams, taip pat \u0161uningoms ir laktuojan\u010dioms kal\u0117ms. Jis pagamintas i\u0161 vieno baltym\u0173 \u0161altinio \u2013 \u0117rienos, papildytas lengvai vir\u0161kinamais ry\u017eiais, o jo sud\u0117tis u\u017etikrina optimal\u0173 \u0161uniuko augim\u0105 ir vystym\u0105si. Pa\u0161aras be glitimo, kvie\u010di\u0173, kukur\u016bz\u0173 ir GMO, tod\u0117l tinka net jautriems augintiniams.","og_url":"https:\/\/anivet.lt\/elparduotuve\/produktas\/calibra-dog-life-puppyjunior-lambrice-konservas-jauniems-sunims-su-eriena-ir-ryziais\/","og_site_name":"anivet.lt","article_modified_time":"2025-05-27T13:15:00+00:00","og_image":[{"width":1920,"height":1920,"url":"https:\/\/anivet.lt\/elparduotuve\/wp-content\/uploads\/2023\/07\/2096-calibra-life-dog-konzerva-400g-puppy-junior-lamb.webp","type":"image\/webp"}],"twitter_card":"summary_large_image","twitter_misc":{"Est. reading time":"1 minut\u0117"},"schema":{"@context":"https:\/\/schema.org","@graph":[{"@type":"WebPage","@id":"https:\/\/anivet.lt\/elparduotuve\/produktas\/calibra-dog-life-puppyjunior-lambrice-konservas-jauniems-sunims-su-eriena-ir-ryziais\/","url":"https:\/\/anivet.lt\/elparduotuve\/produktas\/calibra-dog-life-puppyjunior-lambrice-konservas-jauniems-sunims-su-eriena-ir-ryziais\/","name":"Calibra Dog Life Puppy&amp;Junior Lamb&amp;rice konservas jauniems \u0161unims su \u0117riena ir ry\u017eiais 400g - anivet.lt","isPartOf":{"@id":"https:\/\/anivet.lt\/elparduotuve\/#website"},"primaryImageOfPage":{"@id":"https:\/\/anivet.lt\/elparduotuve\/produktas\/calibra-dog-life-puppyjunior-lambrice-konservas-jauniems-sunims-su-eriena-ir-ryziais\/#primaryimage"},"image":{"@id":"https:\/\/anivet.lt\/elparduotuve\/produktas\/calibra-dog-life-puppyjunior-lambrice-konservas-jauniems-sunims-su-eriena-ir-ryziais\/#primaryimage"},"thumbnailUrl":"https:\/\/anivet.lt\/elparduotuve\/wp-content\/uploads\/2023\/07\/2096-calibra-life-dog-konzerva-400g-puppy-junior-lamb.webp","datePublished":"2023-07-26T14:41:54+00:00","dateModified":"2025-05-27T13:15:00+00:00","description":"\u0160is konservuotas pa\u0161aras yra specialiai sukurtas jauniems \u0161uniukams, taip pat \u0161uningoms ir laktuojan\u010dioms kal\u0117ms. Jis pagamintas i\u0161 vieno baltym\u0173 \u0161altinio \u2013 \u0117rienos, papildytas lengvai vir\u0161kinamais ry\u017eiais, o jo sud\u0117tis u\u017etikrina optimal\u0173 \u0161uniuko augim\u0105 ir vystym\u0105si. Pa\u0161aras be glitimo, kvie\u010di\u0173, kukur\u016bz\u0173 ir GMO, tod\u0117l tinka net jautriems augintiniams.","breadcrumb":{"@id":"https:\/\/anivet.lt\/elparduotuve\/produktas\/calibra-dog-life-puppyjunior-lambrice-konservas-jauniems-sunims-su-eriena-ir-ryziais\/#breadcrumb"},"inLanguage":"lt-LT","potentialAction":[{"@type":"ReadAction","target":["https:\/\/anivet.lt\/elparduotuve\/produktas\/calibra-dog-life-puppyjunior-lambrice-konservas-jauniems-sunims-su-eriena-ir-ryziais\/"]}]},{"@type":"ImageObject","inLanguage":"lt-LT","@id":"https:\/\/anivet.lt\/elparduotuve\/produktas\/calibra-dog-life-puppyjunior-lambrice-konservas-jauniems-sunims-su-eriena-ir-ryziais\/#primaryimage","url":"https:\/\/anivet.lt\/elparduotuve\/wp-content\/uploads\/2023\/07\/2096-calibra-life-dog-konzerva-400g-puppy-junior-lamb.webp","contentUrl":"https:\/\/anivet.lt\/elparduotuve\/wp-content\/uploads\/2023\/07\/2096-calibra-life-dog-konzerva-400g-puppy-junior-lamb.webp","width":1920,"height":1920,"caption":"Calibra Dog Life Puppy&amp;Junior Lamb&amp;rice konservas jauniems \u0161unims su \u0117riena ir ry\u017eiais 400g"},{"@type":"BreadcrumbList","@id":"https:\/\/anivet.lt\/elparduotuve\/produktas\/calibra-dog-life-puppyjunior-lambrice-konservas-jauniems-sunims-su-eriena-ir-ryziais\/#breadcrumb","itemListElement":[{"@type":"ListItem","position":1,"name":"Home","item":"https:\/\/anivet.lt\/elparduotuve\/"},{"@type":"ListItem","position":2,"name":"Produktai","item":"https:\/\/anivet.lt\/elparduotuve\/produktai\/"},{"@type":"ListItem","position":3,"name":"Calibra Dog Life Puppy&amp;Junior Lamb&amp;rice konservas jauniems \u0161unims su \u0117riena ir ry\u017eiais 400g"}]},{"@type":"WebSite","@id":"https:\/\/anivet.lt\/elparduotuve\/#website","url":"https:\/\/anivet.lt\/elparduotuve\/","name":"anivet.lt","description":"Viskas J\u016bs\u0173 \u0161uns, kat\u0117s prie\u017ei\u016brai","publisher":{"@id":"https:\/\/anivet.lt\/elparduotuve\/#organization"},"alternateName":"Viskas J\u016bs\u0173 \u0161uns, kat\u0117s prie\u017ei\u016brai","potentialAction":[{"@type":"SearchAction","target":{"@type":"EntryPoint","urlTemplate":"https:\/\/anivet.lt\/elparduotuve\/?s={search_term_string}"},"query-input":{"@type":"PropertyValueSpecification","valueRequired":true,"valueName":"search_term_string"}}],"inLanguage":"lt-LT"},{"@type":"Organization","@id":"https:\/\/anivet.lt\/elparduotuve\/#organization","name":"Viskas J\u016bs\u0173 \u0161uns, kat\u0117s prie\u017ei\u016brai","url":"https:\/\/anivet.lt\/elparduotuve\/","logo":{"@type":"ImageObject","inLanguage":"lt-LT","@id":"https:\/\/anivet.lt\/elparduotuve\/#\/schema\/logo\/image\/","url":"https:\/\/anivet.lt\/elparduotuve\/wp-content\/uploads\/2023\/06\/logo2.jpg","contentUrl":"https:\/\/anivet.lt\/elparduotuve\/wp-content\/uploads\/2023\/06\/logo2.jpg","width":655,"height":194,"caption":"Viskas J\u016bs\u0173 \u0161uns, kat\u0117s prie\u017ei\u016brai"},"image":{"@id":"https:\/\/anivet.lt\/elparduotuve\/#\/schema\/logo\/image\/"}}]}},"_links":{"self":[{"href":"https:\/\/anivet.lt\/elparduotuve\/wp-json\/wp\/v2\/product\/10826","targetHints":{"allow":["GET"]}}],"collection":[{"href":"https:\/\/anivet.lt\/elparduotuve\/wp-json\/wp\/v2\/product"}],"about":[{"href":"https:\/\/anivet.lt\/elparduotuve\/wp-json\/wp\/v2\/types\/product"}],"wp:featuredmedia":[{"embeddable":true,"href":"https:\/\/anivet.lt\/elparduotuve\/wp-json\/wp\/v2\/media\/10827"}],"wp:attachment":[{"href":"https:\/\/anivet.lt\/elparduotuve\/wp-json\/wp\/v2\/media?parent=10826"}],"wp:term":[{"taxonomy":"product_brand","embeddable":true,"href":"https:\/\/anivet.lt\/elparduotuve\/wp-json\/wp\/v2\/product_brand?post=10826"},{"taxonomy":"product_cat","embeddable":true,"href":"https:\/\/anivet.lt\/elparduotuve\/wp-json\/wp\/v2\/product_cat?post=10826"},{"taxonomy":"product_tag","embeddable":true,"href":"https:\/\/anivet.lt\/elparduotuve\/wp-json\/wp\/v2\/product_tag?post=10826"}],"curies":[{"name":"wp","href":"https:\/\/api.w.org\/{rel}","templated":true}]}}