{"id":10832,"date":"2023-07-27T06:55:46","date_gmt":"2023-07-27T06:55:46","guid":{"rendered":"https:\/\/anivet.lt\/elparduotuve\/?post_type=product&#038;p=10832"},"modified":"2026-03-16T18:43:55","modified_gmt":"2026-03-16T18:43:55","slug":"calibra-dog-life-adult-large-breed-lamb-sausas-maistas-dideliu-veisliu-suaugusiems-sunims-su-eriena","status":"publish","type":"product","link":"https:\/\/anivet.lt\/elparduotuve\/produktas\/calibra-dog-life-adult-large-breed-lamb-sausas-maistas-dideliu-veisliu-suaugusiems-sunims-su-eriena\/","title":{"rendered":"Calibra Dog Life Adult Large Breed Lamb sausas maistas dideli\u0173 veisli\u0173 suaugusiems \u0161unims su \u0117riena"},"content":{"rendered":"<ul>\n<li style=\"font-weight: 400;\" aria-level=\"1\"><span style=\"font-weight: 400;\">Hipoalergin\u0117 sud\u0117tis: Pa\u0161aras su \u0117riena ir ry\u017eiais, be kvie\u010di\u0173 ar soj\u0173, tinka jautri\u0105 vir\u0161kinimo sistem\u0105 turintiems \u0161unims.<\/span><\/li>\n<li style=\"font-weight: 400;\" aria-level=\"1\"><span style=\"font-weight: 400;\">Chondroprotektoriai: Chondroitino sulfatas ir gliukozaminas palaiko s\u0105nari\u0173 sveikat\u0105 ir kremzli\u0173 stiprum\u0105.<\/span><\/li>\n<li style=\"font-weight: 400;\" aria-level=\"1\"><span style=\"font-weight: 400;\">Prebiotikai ir jukos ekstraktas: Pagerina vir\u0161kinim\u0105, palaiko sveik\u0105 \u017earnyno mikroflor\u0105 ir suma\u017eina nemalonius kvapus.<\/span><\/li>\n<li style=\"font-weight: 400;\" aria-level=\"1\"><span style=\"font-weight: 400;\">Omega-3 ir omega-6 riebiosios r\u016bg\u0161tys: Prisideda prie sveikos odos ir blizgaus kailio palaikymo, taip pat turi prie\u0161u\u017edegimini\u0173 savybi\u0173.<\/span><\/li>\n<li style=\"font-weight: 400;\" aria-level=\"1\"><span style=\"font-weight: 400;\">Granuli\u0173 dydis ir forma: Specialiai pritaikyti dideli\u0173 veisli\u0173 \u0161unims, kad b\u016bt\u0173 lengviau kramtyti ir vir\u0161kinti.<\/span><\/li>\n<\/ul>\n<p><span style=\"font-weight: 400;\">\u201eCalibra Dog Life Adult Large Breed Lamb\u201c yra subalansuotas pa\u0161aras, pritaikytas dideli\u0173 \u0161un\u0173 energijos, s\u0105nari\u0173 ir vir\u0161kinimo poreikiams. J\u016bs\u0173 augintinis m\u0117gausis puikiu skoniu ir optimaliu maistini\u0173 med\u017eiag\u0173 balansu, u\u017etikrinan\u010diu ger\u0105 sveikat\u0105 kasdien.<\/span><\/p>\n","protected":false},"excerpt":{"rendered":"<p><span style=\"font-weight: 400;\">Auk\u0161tos kokyb\u0117s superpremium sausas pa\u0161aras su \u0117riena, skirtas suaugusiems, dideli\u0173 veisli\u0173 \u0161unims, sveriantiems vir\u0161 30 kg. \u0160is pa\u0161aras u\u017etikrina subalansuot\u0105 mityb\u0105 ir yra pritaikytas didesni\u0173 \u0161un\u0173 fiziologiniams poreikiams.<\/span><\/p>\n","protected":false},"featured_media":10833,"template":"","meta":[],"product_brand":[],"product_cat":[101,103,104,332],"product_tag":[],"class_list":{"0":"post-10832","1":"product","2":"type-product","3":"status-publish","4":"has-post-thumbnail","6":"product_cat-sunims","7":"product_cat-sunu-maistas","8":"product_cat-sausas-maistas","9":"product_cat-calibra-sunu-maistas","10":"pa_prekinis-zenklas-calibra","12":"first","13":"instock","14":"taxable","15":"shipping-taxable","16":"purchasable","17":"product-type-variable"},"yoast_head":"<!-- This site is optimized with the Yoast SEO Premium plugin v27.1 (Yoast SEO v27.3) - https:\/\/yoast.com\/product\/yoast-seo-premium-wordpress\/ -->\n<title>Calibra Dog Life Adult Large Breed Lamb sausas maistas dideli\u0173 veisli\u0173 suaugusiems \u0161unims su \u0117riena - anivet.lt<\/title>\n<meta name=\"description\" content=\"Auk\u0161tos kokyb\u0117s superpremium sausas pa\u0161aras su \u0117riena, skirtas suaugusiems, dideli\u0173 veisli\u0173 \u0161unims, sveriantiems vir\u0161 30 kg. \u0160is pa\u0161aras u\u017etikrina subalansuot\u0105 mityb\u0105 ir yra pritaikytas didesni\u0173 \u0161un\u0173 fiziologiniams poreikiams.\" \/>\n<meta name=\"robots\" content=\"index, follow, max-snippet:-1, max-image-preview:large, max-video-preview:-1\" \/>\n<link rel=\"canonical\" href=\"https:\/\/anivet.lt\/elparduotuve\/produktas\/calibra-dog-life-adult-large-breed-lamb-sausas-maistas-dideliu-veisliu-suaugusiems-sunims-su-eriena\/\" \/>\n<meta property=\"og:locale\" content=\"lt_LT\" \/>\n<meta property=\"og:type\" content=\"article\" \/>\n<meta property=\"og:title\" content=\"Calibra Dog Life Adult Large Breed Lamb sausas maistas dideli\u0173 veisli\u0173 suaugusiems \u0161unims su \u0117riena\" \/>\n<meta property=\"og:description\" content=\"Auk\u0161tos kokyb\u0117s superpremium sausas pa\u0161aras su \u0117riena, skirtas suaugusiems, dideli\u0173 veisli\u0173 \u0161unims, sveriantiems vir\u0161 30 kg. \u0160is pa\u0161aras u\u017etikrina subalansuot\u0105 mityb\u0105 ir yra pritaikytas didesni\u0173 \u0161un\u0173 fiziologiniams poreikiams.\" \/>\n<meta property=\"og:url\" content=\"https:\/\/anivet.lt\/elparduotuve\/produktas\/calibra-dog-life-adult-large-breed-lamb-sausas-maistas-dideliu-veisliu-suaugusiems-sunims-su-eriena\/\" \/>\n<meta property=\"og:site_name\" content=\"anivet.lt\" \/>\n<meta property=\"article:modified_time\" content=\"2026-03-16T18:43:55+00:00\" \/>\n<meta property=\"og:image\" content=\"https:\/\/anivet.lt\/elparduotuve\/wp-content\/uploads\/2023\/07\/354-calibra-dog-life-adult-large-lamb.webp\" \/>\n\t<meta property=\"og:image:width\" content=\"1920\" \/>\n\t<meta property=\"og:image:height\" content=\"1920\" \/>\n\t<meta property=\"og:image:type\" content=\"image\/webp\" \/>\n<meta name=\"twitter:card\" content=\"summary_large_image\" \/>\n<meta name=\"twitter:label1\" content=\"Est. reading time\" \/>\n\t<meta name=\"twitter:data1\" content=\"1 minut\u0117\" \/>\n<script type=\"application\/ld+json\" class=\"yoast-schema-graph\">{\"@context\":\"https:\\\/\\\/schema.org\",\"@graph\":[{\"@type\":\"WebPage\",\"@id\":\"https:\\\/\\\/anivet.lt\\\/elparduotuve\\\/produktas\\\/calibra-dog-life-adult-large-breed-lamb-sausas-maistas-dideliu-veisliu-suaugusiems-sunims-su-eriena\\\/\",\"url\":\"https:\\\/\\\/anivet.lt\\\/elparduotuve\\\/produktas\\\/calibra-dog-life-adult-large-breed-lamb-sausas-maistas-dideliu-veisliu-suaugusiems-sunims-su-eriena\\\/\",\"name\":\"Calibra Dog Life Adult Large Breed Lamb sausas maistas dideli\u0173 veisli\u0173 suaugusiems \u0161unims su \u0117riena - anivet.lt\",\"isPartOf\":{\"@id\":\"https:\\\/\\\/anivet.lt\\\/elparduotuve\\\/#website\"},\"primaryImageOfPage\":{\"@id\":\"https:\\\/\\\/anivet.lt\\\/elparduotuve\\\/produktas\\\/calibra-dog-life-adult-large-breed-lamb-sausas-maistas-dideliu-veisliu-suaugusiems-sunims-su-eriena\\\/#primaryimage\"},\"image\":{\"@id\":\"https:\\\/\\\/anivet.lt\\\/elparduotuve\\\/produktas\\\/calibra-dog-life-adult-large-breed-lamb-sausas-maistas-dideliu-veisliu-suaugusiems-sunims-su-eriena\\\/#primaryimage\"},\"thumbnailUrl\":\"https:\\\/\\\/anivet.lt\\\/elparduotuve\\\/wp-content\\\/uploads\\\/2023\\\/07\\\/354-calibra-dog-life-adult-large-lamb.webp\",\"datePublished\":\"2023-07-27T06:55:46+00:00\",\"dateModified\":\"2026-03-16T18:43:55+00:00\",\"description\":\"Auk\u0161tos kokyb\u0117s superpremium sausas pa\u0161aras su \u0117riena, skirtas suaugusiems, dideli\u0173 veisli\u0173 \u0161unims, sveriantiems vir\u0161 30 kg. \u0160is pa\u0161aras u\u017etikrina subalansuot\u0105 mityb\u0105 ir yra pritaikytas didesni\u0173 \u0161un\u0173 fiziologiniams poreikiams.\",\"breadcrumb\":{\"@id\":\"https:\\\/\\\/anivet.lt\\\/elparduotuve\\\/produktas\\\/calibra-dog-life-adult-large-breed-lamb-sausas-maistas-dideliu-veisliu-suaugusiems-sunims-su-eriena\\\/#breadcrumb\"},\"inLanguage\":\"lt-LT\",\"potentialAction\":[{\"@type\":\"ReadAction\",\"target\":[\"https:\\\/\\\/anivet.lt\\\/elparduotuve\\\/produktas\\\/calibra-dog-life-adult-large-breed-lamb-sausas-maistas-dideliu-veisliu-suaugusiems-sunims-su-eriena\\\/\"]}]},{\"@type\":\"ImageObject\",\"inLanguage\":\"lt-LT\",\"@id\":\"https:\\\/\\\/anivet.lt\\\/elparduotuve\\\/produktas\\\/calibra-dog-life-adult-large-breed-lamb-sausas-maistas-dideliu-veisliu-suaugusiems-sunims-su-eriena\\\/#primaryimage\",\"url\":\"https:\\\/\\\/anivet.lt\\\/elparduotuve\\\/wp-content\\\/uploads\\\/2023\\\/07\\\/354-calibra-dog-life-adult-large-lamb.webp\",\"contentUrl\":\"https:\\\/\\\/anivet.lt\\\/elparduotuve\\\/wp-content\\\/uploads\\\/2023\\\/07\\\/354-calibra-dog-life-adult-large-lamb.webp\",\"width\":1920,\"height\":1920,\"caption\":\"Calibra Dog Life Adult Large Breed Lamb sausas maistas dideli\u0173 veisli\u0173 suaugusiems \u0161unims su \u0117riena\"},{\"@type\":\"BreadcrumbList\",\"@id\":\"https:\\\/\\\/anivet.lt\\\/elparduotuve\\\/produktas\\\/calibra-dog-life-adult-large-breed-lamb-sausas-maistas-dideliu-veisliu-suaugusiems-sunims-su-eriena\\\/#breadcrumb\",\"itemListElement\":[{\"@type\":\"ListItem\",\"position\":1,\"name\":\"Home\",\"item\":\"https:\\\/\\\/anivet.lt\\\/elparduotuve\\\/\"},{\"@type\":\"ListItem\",\"position\":2,\"name\":\"Produktai\",\"item\":\"https:\\\/\\\/anivet.lt\\\/elparduotuve\\\/produktai\\\/\"},{\"@type\":\"ListItem\",\"position\":3,\"name\":\"Calibra Dog Life Adult Large Breed Lamb sausas maistas dideli\u0173 veisli\u0173 suaugusiems \u0161unims su \u0117riena\"}]},{\"@type\":\"WebSite\",\"@id\":\"https:\\\/\\\/anivet.lt\\\/elparduotuve\\\/#website\",\"url\":\"https:\\\/\\\/anivet.lt\\\/elparduotuve\\\/\",\"name\":\"anivet.lt\",\"description\":\"Viskas J\u016bs\u0173 \u0161uns, kat\u0117s prie\u017ei\u016brai\",\"publisher\":{\"@id\":\"https:\\\/\\\/anivet.lt\\\/elparduotuve\\\/#organization\"},\"alternateName\":\"Viskas J\u016bs\u0173 \u0161uns, kat\u0117s prie\u017ei\u016brai\",\"potentialAction\":[{\"@type\":\"SearchAction\",\"target\":{\"@type\":\"EntryPoint\",\"urlTemplate\":\"https:\\\/\\\/anivet.lt\\\/elparduotuve\\\/?s={search_term_string}\"},\"query-input\":{\"@type\":\"PropertyValueSpecification\",\"valueRequired\":true,\"valueName\":\"search_term_string\"}}],\"inLanguage\":\"lt-LT\"},{\"@type\":\"Organization\",\"@id\":\"https:\\\/\\\/anivet.lt\\\/elparduotuve\\\/#organization\",\"name\":\"Viskas J\u016bs\u0173 \u0161uns, kat\u0117s prie\u017ei\u016brai\",\"url\":\"https:\\\/\\\/anivet.lt\\\/elparduotuve\\\/\",\"logo\":{\"@type\":\"ImageObject\",\"inLanguage\":\"lt-LT\",\"@id\":\"https:\\\/\\\/anivet.lt\\\/elparduotuve\\\/#\\\/schema\\\/logo\\\/image\\\/\",\"url\":\"https:\\\/\\\/anivet.lt\\\/elparduotuve\\\/wp-content\\\/uploads\\\/2023\\\/06\\\/logo2.jpg\",\"contentUrl\":\"https:\\\/\\\/anivet.lt\\\/elparduotuve\\\/wp-content\\\/uploads\\\/2023\\\/06\\\/logo2.jpg\",\"width\":655,\"height\":194,\"caption\":\"Viskas J\u016bs\u0173 \u0161uns, kat\u0117s prie\u017ei\u016brai\"},\"image\":{\"@id\":\"https:\\\/\\\/anivet.lt\\\/elparduotuve\\\/#\\\/schema\\\/logo\\\/image\\\/\"}}]}<\/script>\n<!-- \/ Yoast SEO Premium plugin. -->","yoast_head_json":{"title":"Calibra Dog Life Adult Large Breed Lamb sausas maistas dideli\u0173 veisli\u0173 suaugusiems \u0161unims su \u0117riena - anivet.lt","description":"Auk\u0161tos kokyb\u0117s superpremium sausas pa\u0161aras su \u0117riena, skirtas suaugusiems, dideli\u0173 veisli\u0173 \u0161unims, sveriantiems vir\u0161 30 kg. \u0160is pa\u0161aras u\u017etikrina subalansuot\u0105 mityb\u0105 ir yra pritaikytas didesni\u0173 \u0161un\u0173 fiziologiniams poreikiams.","robots":{"index":"index","follow":"follow","max-snippet":"max-snippet:-1","max-image-preview":"max-image-preview:large","max-video-preview":"max-video-preview:-1"},"canonical":"https:\/\/anivet.lt\/elparduotuve\/produktas\/calibra-dog-life-adult-large-breed-lamb-sausas-maistas-dideliu-veisliu-suaugusiems-sunims-su-eriena\/","og_locale":"lt_LT","og_type":"article","og_title":"Calibra Dog Life Adult Large Breed Lamb sausas maistas dideli\u0173 veisli\u0173 suaugusiems \u0161unims su \u0117riena","og_description":"Auk\u0161tos kokyb\u0117s superpremium sausas pa\u0161aras su \u0117riena, skirtas suaugusiems, dideli\u0173 veisli\u0173 \u0161unims, sveriantiems vir\u0161 30 kg. \u0160is pa\u0161aras u\u017etikrina subalansuot\u0105 mityb\u0105 ir yra pritaikytas didesni\u0173 \u0161un\u0173 fiziologiniams poreikiams.","og_url":"https:\/\/anivet.lt\/elparduotuve\/produktas\/calibra-dog-life-adult-large-breed-lamb-sausas-maistas-dideliu-veisliu-suaugusiems-sunims-su-eriena\/","og_site_name":"anivet.lt","article_modified_time":"2026-03-16T18:43:55+00:00","og_image":[{"width":1920,"height":1920,"url":"https:\/\/anivet.lt\/elparduotuve\/wp-content\/uploads\/2023\/07\/354-calibra-dog-life-adult-large-lamb.webp","type":"image\/webp"}],"twitter_card":"summary_large_image","twitter_misc":{"Est. reading time":"1 minut\u0117"},"schema":{"@context":"https:\/\/schema.org","@graph":[{"@type":"WebPage","@id":"https:\/\/anivet.lt\/elparduotuve\/produktas\/calibra-dog-life-adult-large-breed-lamb-sausas-maistas-dideliu-veisliu-suaugusiems-sunims-su-eriena\/","url":"https:\/\/anivet.lt\/elparduotuve\/produktas\/calibra-dog-life-adult-large-breed-lamb-sausas-maistas-dideliu-veisliu-suaugusiems-sunims-su-eriena\/","name":"Calibra Dog Life Adult Large Breed Lamb sausas maistas dideli\u0173 veisli\u0173 suaugusiems \u0161unims su \u0117riena - anivet.lt","isPartOf":{"@id":"https:\/\/anivet.lt\/elparduotuve\/#website"},"primaryImageOfPage":{"@id":"https:\/\/anivet.lt\/elparduotuve\/produktas\/calibra-dog-life-adult-large-breed-lamb-sausas-maistas-dideliu-veisliu-suaugusiems-sunims-su-eriena\/#primaryimage"},"image":{"@id":"https:\/\/anivet.lt\/elparduotuve\/produktas\/calibra-dog-life-adult-large-breed-lamb-sausas-maistas-dideliu-veisliu-suaugusiems-sunims-su-eriena\/#primaryimage"},"thumbnailUrl":"https:\/\/anivet.lt\/elparduotuve\/wp-content\/uploads\/2023\/07\/354-calibra-dog-life-adult-large-lamb.webp","datePublished":"2023-07-27T06:55:46+00:00","dateModified":"2026-03-16T18:43:55+00:00","description":"Auk\u0161tos kokyb\u0117s superpremium sausas pa\u0161aras su \u0117riena, skirtas suaugusiems, dideli\u0173 veisli\u0173 \u0161unims, sveriantiems vir\u0161 30 kg. \u0160is pa\u0161aras u\u017etikrina subalansuot\u0105 mityb\u0105 ir yra pritaikytas didesni\u0173 \u0161un\u0173 fiziologiniams poreikiams.","breadcrumb":{"@id":"https:\/\/anivet.lt\/elparduotuve\/produktas\/calibra-dog-life-adult-large-breed-lamb-sausas-maistas-dideliu-veisliu-suaugusiems-sunims-su-eriena\/#breadcrumb"},"inLanguage":"lt-LT","potentialAction":[{"@type":"ReadAction","target":["https:\/\/anivet.lt\/elparduotuve\/produktas\/calibra-dog-life-adult-large-breed-lamb-sausas-maistas-dideliu-veisliu-suaugusiems-sunims-su-eriena\/"]}]},{"@type":"ImageObject","inLanguage":"lt-LT","@id":"https:\/\/anivet.lt\/elparduotuve\/produktas\/calibra-dog-life-adult-large-breed-lamb-sausas-maistas-dideliu-veisliu-suaugusiems-sunims-su-eriena\/#primaryimage","url":"https:\/\/anivet.lt\/elparduotuve\/wp-content\/uploads\/2023\/07\/354-calibra-dog-life-adult-large-lamb.webp","contentUrl":"https:\/\/anivet.lt\/elparduotuve\/wp-content\/uploads\/2023\/07\/354-calibra-dog-life-adult-large-lamb.webp","width":1920,"height":1920,"caption":"Calibra Dog Life Adult Large Breed Lamb sausas maistas dideli\u0173 veisli\u0173 suaugusiems \u0161unims su \u0117riena"},{"@type":"BreadcrumbList","@id":"https:\/\/anivet.lt\/elparduotuve\/produktas\/calibra-dog-life-adult-large-breed-lamb-sausas-maistas-dideliu-veisliu-suaugusiems-sunims-su-eriena\/#breadcrumb","itemListElement":[{"@type":"ListItem","position":1,"name":"Home","item":"https:\/\/anivet.lt\/elparduotuve\/"},{"@type":"ListItem","position":2,"name":"Produktai","item":"https:\/\/anivet.lt\/elparduotuve\/produktai\/"},{"@type":"ListItem","position":3,"name":"Calibra Dog Life Adult Large Breed Lamb sausas maistas dideli\u0173 veisli\u0173 suaugusiems \u0161unims su \u0117riena"}]},{"@type":"WebSite","@id":"https:\/\/anivet.lt\/elparduotuve\/#website","url":"https:\/\/anivet.lt\/elparduotuve\/","name":"anivet.lt","description":"Viskas J\u016bs\u0173 \u0161uns, kat\u0117s prie\u017ei\u016brai","publisher":{"@id":"https:\/\/anivet.lt\/elparduotuve\/#organization"},"alternateName":"Viskas J\u016bs\u0173 \u0161uns, kat\u0117s prie\u017ei\u016brai","potentialAction":[{"@type":"SearchAction","target":{"@type":"EntryPoint","urlTemplate":"https:\/\/anivet.lt\/elparduotuve\/?s={search_term_string}"},"query-input":{"@type":"PropertyValueSpecification","valueRequired":true,"valueName":"search_term_string"}}],"inLanguage":"lt-LT"},{"@type":"Organization","@id":"https:\/\/anivet.lt\/elparduotuve\/#organization","name":"Viskas J\u016bs\u0173 \u0161uns, kat\u0117s prie\u017ei\u016brai","url":"https:\/\/anivet.lt\/elparduotuve\/","logo":{"@type":"ImageObject","inLanguage":"lt-LT","@id":"https:\/\/anivet.lt\/elparduotuve\/#\/schema\/logo\/image\/","url":"https:\/\/anivet.lt\/elparduotuve\/wp-content\/uploads\/2023\/06\/logo2.jpg","contentUrl":"https:\/\/anivet.lt\/elparduotuve\/wp-content\/uploads\/2023\/06\/logo2.jpg","width":655,"height":194,"caption":"Viskas J\u016bs\u0173 \u0161uns, kat\u0117s prie\u017ei\u016brai"},"image":{"@id":"https:\/\/anivet.lt\/elparduotuve\/#\/schema\/logo\/image\/"}}]}},"_links":{"self":[{"href":"https:\/\/anivet.lt\/elparduotuve\/wp-json\/wp\/v2\/product\/10832","targetHints":{"allow":["GET"]}}],"collection":[{"href":"https:\/\/anivet.lt\/elparduotuve\/wp-json\/wp\/v2\/product"}],"about":[{"href":"https:\/\/anivet.lt\/elparduotuve\/wp-json\/wp\/v2\/types\/product"}],"wp:featuredmedia":[{"embeddable":true,"href":"https:\/\/anivet.lt\/elparduotuve\/wp-json\/wp\/v2\/media\/10833"}],"wp:attachment":[{"href":"https:\/\/anivet.lt\/elparduotuve\/wp-json\/wp\/v2\/media?parent=10832"}],"wp:term":[{"taxonomy":"product_brand","embeddable":true,"href":"https:\/\/anivet.lt\/elparduotuve\/wp-json\/wp\/v2\/product_brand?post=10832"},{"taxonomy":"product_cat","embeddable":true,"href":"https:\/\/anivet.lt\/elparduotuve\/wp-json\/wp\/v2\/product_cat?post=10832"},{"taxonomy":"product_tag","embeddable":true,"href":"https:\/\/anivet.lt\/elparduotuve\/wp-json\/wp\/v2\/product_tag?post=10832"}],"curies":[{"name":"wp","href":"https:\/\/api.w.org\/{rel}","templated":true}]}}