{"id":10836,"date":"2023-07-27T07:07:03","date_gmt":"2023-07-27T07:07:03","guid":{"rendered":"https:\/\/anivet.lt\/elparduotuve\/?post_type=product&#038;p=10836"},"modified":"2026-03-16T18:42:42","modified_gmt":"2026-03-16T18:42:42","slug":"calibra-dog-life-adult-medium-breed-chicken-sausas-maistas-vidutiniu-veisliu-sunims-su-vistiena","status":"publish","type":"product","link":"https:\/\/anivet.lt\/elparduotuve\/produktas\/calibra-dog-life-adult-medium-breed-chicken-sausas-maistas-vidutiniu-veisliu-sunims-su-vistiena\/","title":{"rendered":"Calibra Dog Life Adult Medium Breed Chicken sausas maistas vidutini\u0173 veisli\u0173 \u0161unims su vi\u0161tiena"},"content":{"rendered":"<ul>\n<li><span style=\"font-weight: 400;\">Auk\u0161ta baltym\u0173 kokyb\u0117: 90% baltym\u0173 gyvulin\u0117s kilm\u0117s.<\/span><\/li>\n<li style=\"font-weight: 400;\" aria-level=\"1\"><span style=\"font-weight: 400;\">Hipoalergin\u0117 sud\u0117tis: Naudojami tik ry\u017eiai, n\u0117ra glitimo.<\/span><\/li>\n<li style=\"font-weight: 400;\" aria-level=\"1\"><span style=\"font-weight: 400;\">Imuniteto stiprinimas: Praturtintas \u03b2-gliukanais, inaktyvuotomis laktobacilomis ir prebiotikais (FOS, MOS).<\/span><\/li>\n<li style=\"font-weight: 400;\" aria-level=\"1\"><span style=\"font-weight: 400;\">Sveikas vir\u0161kinimas: \u0160eriuotoji juka ma\u017eina duj\u0173 kaupim\u0105si, prebiotikai palaiko \u017earnyno mikroflor\u0105.<\/span><\/li>\n<li style=\"font-weight: 400;\" aria-level=\"1\"><span style=\"font-weight: 400;\">Sveikai odai ir kailiui: Praturtintas omega-3 ir omega-6 riebal\u0173 r\u016bg\u0161timis.<\/span><\/li>\n<li style=\"font-weight: 400;\" aria-level=\"1\"><span style=\"font-weight: 400;\">Organini\u0173 mineral\u0173 chelatai: Geriau pasisavinami, stiprina imunitet\u0105 ir k\u016bno funkcijas.<\/span><\/li>\n<\/ul>\n<p><span style=\"font-weight: 400;\">\u0160is pa\u0161aras u\u017etikrina puik\u0173 vir\u0161kinim\u0105 ir imuniteto palaikym\u0105, yra lengvai vir\u0161kinamas ir tinka net jautriems \u0161unims. Subalansuota formul\u0117 su auk\u0161tos kokyb\u0117s baltymais, omega r\u016bg\u0161timis ir nat\u016braliais antioksidantais padeda palaikyti ger\u0105 sveikat\u0105, energij\u0105 ir blizgant\u012f kail\u012f.<\/span><\/p>\n","protected":false},"excerpt":{"rendered":"<p><span style=\"font-weight: 400;\">Visavertis superpremium linijos sausas pa\u0161aras vidutini\u0173 veisli\u0173 suaugusiems \u0161unims (10\u201330 kg). Pagrindinis baltym\u0173 \u0161altinis \u2013 vi\u0161tiena, o sud\u0117tyje naudojama tik minimalus kiekis gr\u016bdini\u0173 produkt\u0173 (ry\u017eiai), tod\u0117l pa\u0161aras yra hipoalerginis ir puikiai vir\u0161kinamas.<\/span><\/p>\n","protected":false},"featured_media":10839,"template":"","meta":[],"product_brand":[],"product_cat":[101,103,104,332],"product_tag":[],"class_list":{"0":"post-10836","1":"product","2":"type-product","3":"status-publish","4":"has-post-thumbnail","6":"product_cat-sunims","7":"product_cat-sunu-maistas","8":"product_cat-sausas-maistas","9":"product_cat-calibra-sunu-maistas","10":"pa_prekinis-zenklas-calibra","12":"first","13":"instock","14":"taxable","15":"shipping-taxable","16":"purchasable","17":"product-type-variable"},"yoast_head":"<!-- This site is optimized with the Yoast SEO Premium plugin v27.1 (Yoast SEO v27.3) - https:\/\/yoast.com\/product\/yoast-seo-premium-wordpress\/ -->\n<title>Calibra Dog Life Adult Medium Breed Chicken sausas maistas vidutini\u0173 veisli\u0173 \u0161unims su vi\u0161tiena - anivet.lt<\/title>\n<meta name=\"description\" content=\"Visavertis superpremium linijos sausas pa\u0161aras vidutini\u0173 veisli\u0173 suaugusiems \u0161unims (10\u201330 kg). Pagrindinis baltym\u0173 \u0161altinis \u2013 vi\u0161tiena, o sud\u0117tyje naudojama tik minimalus kiekis gr\u016bdini\u0173 produkt\u0173 (ry\u017eiai), tod\u0117l pa\u0161aras yra hipoalerginis ir puikiai vir\u0161kinamas.\" \/>\n<meta name=\"robots\" content=\"index, follow, max-snippet:-1, max-image-preview:large, max-video-preview:-1\" \/>\n<link rel=\"canonical\" href=\"https:\/\/anivet.lt\/elparduotuve\/produktas\/calibra-dog-life-adult-medium-breed-chicken-sausas-maistas-vidutiniu-veisliu-sunims-su-vistiena\/\" \/>\n<meta property=\"og:locale\" content=\"lt_LT\" \/>\n<meta property=\"og:type\" content=\"article\" \/>\n<meta property=\"og:title\" content=\"Calibra Dog Life Adult Medium Breed Chicken sausas maistas vidutini\u0173 veisli\u0173 \u0161unims su vi\u0161tiena\" \/>\n<meta property=\"og:description\" content=\"Visavertis superpremium linijos sausas pa\u0161aras vidutini\u0173 veisli\u0173 suaugusiems \u0161unims (10\u201330 kg). Pagrindinis baltym\u0173 \u0161altinis \u2013 vi\u0161tiena, o sud\u0117tyje naudojama tik minimalus kiekis gr\u016bdini\u0173 produkt\u0173 (ry\u017eiai), tod\u0117l pa\u0161aras yra hipoalerginis ir puikiai vir\u0161kinamas.\" \/>\n<meta property=\"og:url\" content=\"https:\/\/anivet.lt\/elparduotuve\/produktas\/calibra-dog-life-adult-medium-breed-chicken-sausas-maistas-vidutiniu-veisliu-sunims-su-vistiena\/\" \/>\n<meta property=\"og:site_name\" content=\"anivet.lt\" \/>\n<meta property=\"article:modified_time\" content=\"2026-03-16T18:42:42+00:00\" \/>\n<meta property=\"og:image\" content=\"https:\/\/anivet.lt\/elparduotuve\/wp-content\/uploads\/2023\/07\/357-calibra-dog-life-adult-medium-chicken.webp\" \/>\n\t<meta property=\"og:image:width\" content=\"1920\" \/>\n\t<meta property=\"og:image:height\" content=\"1920\" \/>\n\t<meta property=\"og:image:type\" content=\"image\/webp\" \/>\n<meta name=\"twitter:card\" content=\"summary_large_image\" \/>\n<meta name=\"twitter:label1\" content=\"Est. reading time\" \/>\n\t<meta name=\"twitter:data1\" content=\"1 minut\u0117\" \/>\n<script type=\"application\/ld+json\" class=\"yoast-schema-graph\">{\"@context\":\"https:\\\/\\\/schema.org\",\"@graph\":[{\"@type\":\"WebPage\",\"@id\":\"https:\\\/\\\/anivet.lt\\\/elparduotuve\\\/produktas\\\/calibra-dog-life-adult-medium-breed-chicken-sausas-maistas-vidutiniu-veisliu-sunims-su-vistiena\\\/\",\"url\":\"https:\\\/\\\/anivet.lt\\\/elparduotuve\\\/produktas\\\/calibra-dog-life-adult-medium-breed-chicken-sausas-maistas-vidutiniu-veisliu-sunims-su-vistiena\\\/\",\"name\":\"Calibra Dog Life Adult Medium Breed Chicken sausas maistas vidutini\u0173 veisli\u0173 \u0161unims su vi\u0161tiena - anivet.lt\",\"isPartOf\":{\"@id\":\"https:\\\/\\\/anivet.lt\\\/elparduotuve\\\/#website\"},\"primaryImageOfPage\":{\"@id\":\"https:\\\/\\\/anivet.lt\\\/elparduotuve\\\/produktas\\\/calibra-dog-life-adult-medium-breed-chicken-sausas-maistas-vidutiniu-veisliu-sunims-su-vistiena\\\/#primaryimage\"},\"image\":{\"@id\":\"https:\\\/\\\/anivet.lt\\\/elparduotuve\\\/produktas\\\/calibra-dog-life-adult-medium-breed-chicken-sausas-maistas-vidutiniu-veisliu-sunims-su-vistiena\\\/#primaryimage\"},\"thumbnailUrl\":\"https:\\\/\\\/anivet.lt\\\/elparduotuve\\\/wp-content\\\/uploads\\\/2023\\\/07\\\/357-calibra-dog-life-adult-medium-chicken.webp\",\"datePublished\":\"2023-07-27T07:07:03+00:00\",\"dateModified\":\"2026-03-16T18:42:42+00:00\",\"description\":\"Visavertis superpremium linijos sausas pa\u0161aras vidutini\u0173 veisli\u0173 suaugusiems \u0161unims (10\u201330 kg). Pagrindinis baltym\u0173 \u0161altinis \u2013 vi\u0161tiena, o sud\u0117tyje naudojama tik minimalus kiekis gr\u016bdini\u0173 produkt\u0173 (ry\u017eiai), tod\u0117l pa\u0161aras yra hipoalerginis ir puikiai vir\u0161kinamas.\",\"breadcrumb\":{\"@id\":\"https:\\\/\\\/anivet.lt\\\/elparduotuve\\\/produktas\\\/calibra-dog-life-adult-medium-breed-chicken-sausas-maistas-vidutiniu-veisliu-sunims-su-vistiena\\\/#breadcrumb\"},\"inLanguage\":\"lt-LT\",\"potentialAction\":[{\"@type\":\"ReadAction\",\"target\":[\"https:\\\/\\\/anivet.lt\\\/elparduotuve\\\/produktas\\\/calibra-dog-life-adult-medium-breed-chicken-sausas-maistas-vidutiniu-veisliu-sunims-su-vistiena\\\/\"]}]},{\"@type\":\"ImageObject\",\"inLanguage\":\"lt-LT\",\"@id\":\"https:\\\/\\\/anivet.lt\\\/elparduotuve\\\/produktas\\\/calibra-dog-life-adult-medium-breed-chicken-sausas-maistas-vidutiniu-veisliu-sunims-su-vistiena\\\/#primaryimage\",\"url\":\"https:\\\/\\\/anivet.lt\\\/elparduotuve\\\/wp-content\\\/uploads\\\/2023\\\/07\\\/357-calibra-dog-life-adult-medium-chicken.webp\",\"contentUrl\":\"https:\\\/\\\/anivet.lt\\\/elparduotuve\\\/wp-content\\\/uploads\\\/2023\\\/07\\\/357-calibra-dog-life-adult-medium-chicken.webp\",\"width\":1920,\"height\":1920,\"caption\":\"Calibra Dog Life Adult Medium Breed Chicken sausas maistas vidutini\u0173 veisli\u0173 \u0161unims su vi\u0161tiena\"},{\"@type\":\"BreadcrumbList\",\"@id\":\"https:\\\/\\\/anivet.lt\\\/elparduotuve\\\/produktas\\\/calibra-dog-life-adult-medium-breed-chicken-sausas-maistas-vidutiniu-veisliu-sunims-su-vistiena\\\/#breadcrumb\",\"itemListElement\":[{\"@type\":\"ListItem\",\"position\":1,\"name\":\"Home\",\"item\":\"https:\\\/\\\/anivet.lt\\\/elparduotuve\\\/\"},{\"@type\":\"ListItem\",\"position\":2,\"name\":\"Produktai\",\"item\":\"https:\\\/\\\/anivet.lt\\\/elparduotuve\\\/produktai\\\/\"},{\"@type\":\"ListItem\",\"position\":3,\"name\":\"Calibra Dog Life Adult Medium Breed Chicken sausas maistas vidutini\u0173 veisli\u0173 \u0161unims su vi\u0161tiena\"}]},{\"@type\":\"WebSite\",\"@id\":\"https:\\\/\\\/anivet.lt\\\/elparduotuve\\\/#website\",\"url\":\"https:\\\/\\\/anivet.lt\\\/elparduotuve\\\/\",\"name\":\"anivet.lt\",\"description\":\"Viskas J\u016bs\u0173 \u0161uns, kat\u0117s prie\u017ei\u016brai\",\"publisher\":{\"@id\":\"https:\\\/\\\/anivet.lt\\\/elparduotuve\\\/#organization\"},\"alternateName\":\"Viskas J\u016bs\u0173 \u0161uns, kat\u0117s prie\u017ei\u016brai\",\"potentialAction\":[{\"@type\":\"SearchAction\",\"target\":{\"@type\":\"EntryPoint\",\"urlTemplate\":\"https:\\\/\\\/anivet.lt\\\/elparduotuve\\\/?s={search_term_string}\"},\"query-input\":{\"@type\":\"PropertyValueSpecification\",\"valueRequired\":true,\"valueName\":\"search_term_string\"}}],\"inLanguage\":\"lt-LT\"},{\"@type\":\"Organization\",\"@id\":\"https:\\\/\\\/anivet.lt\\\/elparduotuve\\\/#organization\",\"name\":\"Viskas J\u016bs\u0173 \u0161uns, kat\u0117s prie\u017ei\u016brai\",\"url\":\"https:\\\/\\\/anivet.lt\\\/elparduotuve\\\/\",\"logo\":{\"@type\":\"ImageObject\",\"inLanguage\":\"lt-LT\",\"@id\":\"https:\\\/\\\/anivet.lt\\\/elparduotuve\\\/#\\\/schema\\\/logo\\\/image\\\/\",\"url\":\"https:\\\/\\\/anivet.lt\\\/elparduotuve\\\/wp-content\\\/uploads\\\/2023\\\/06\\\/logo2.jpg\",\"contentUrl\":\"https:\\\/\\\/anivet.lt\\\/elparduotuve\\\/wp-content\\\/uploads\\\/2023\\\/06\\\/logo2.jpg\",\"width\":655,\"height\":194,\"caption\":\"Viskas J\u016bs\u0173 \u0161uns, kat\u0117s prie\u017ei\u016brai\"},\"image\":{\"@id\":\"https:\\\/\\\/anivet.lt\\\/elparduotuve\\\/#\\\/schema\\\/logo\\\/image\\\/\"}}]}<\/script>\n<!-- \/ Yoast SEO Premium plugin. -->","yoast_head_json":{"title":"Calibra Dog Life Adult Medium Breed Chicken sausas maistas vidutini\u0173 veisli\u0173 \u0161unims su vi\u0161tiena - anivet.lt","description":"Visavertis superpremium linijos sausas pa\u0161aras vidutini\u0173 veisli\u0173 suaugusiems \u0161unims (10\u201330 kg). Pagrindinis baltym\u0173 \u0161altinis \u2013 vi\u0161tiena, o sud\u0117tyje naudojama tik minimalus kiekis gr\u016bdini\u0173 produkt\u0173 (ry\u017eiai), tod\u0117l pa\u0161aras yra hipoalerginis ir puikiai vir\u0161kinamas.","robots":{"index":"index","follow":"follow","max-snippet":"max-snippet:-1","max-image-preview":"max-image-preview:large","max-video-preview":"max-video-preview:-1"},"canonical":"https:\/\/anivet.lt\/elparduotuve\/produktas\/calibra-dog-life-adult-medium-breed-chicken-sausas-maistas-vidutiniu-veisliu-sunims-su-vistiena\/","og_locale":"lt_LT","og_type":"article","og_title":"Calibra Dog Life Adult Medium Breed Chicken sausas maistas vidutini\u0173 veisli\u0173 \u0161unims su vi\u0161tiena","og_description":"Visavertis superpremium linijos sausas pa\u0161aras vidutini\u0173 veisli\u0173 suaugusiems \u0161unims (10\u201330 kg). Pagrindinis baltym\u0173 \u0161altinis \u2013 vi\u0161tiena, o sud\u0117tyje naudojama tik minimalus kiekis gr\u016bdini\u0173 produkt\u0173 (ry\u017eiai), tod\u0117l pa\u0161aras yra hipoalerginis ir puikiai vir\u0161kinamas.","og_url":"https:\/\/anivet.lt\/elparduotuve\/produktas\/calibra-dog-life-adult-medium-breed-chicken-sausas-maistas-vidutiniu-veisliu-sunims-su-vistiena\/","og_site_name":"anivet.lt","article_modified_time":"2026-03-16T18:42:42+00:00","og_image":[{"width":1920,"height":1920,"url":"https:\/\/anivet.lt\/elparduotuve\/wp-content\/uploads\/2023\/07\/357-calibra-dog-life-adult-medium-chicken.webp","type":"image\/webp"}],"twitter_card":"summary_large_image","twitter_misc":{"Est. reading time":"1 minut\u0117"},"schema":{"@context":"https:\/\/schema.org","@graph":[{"@type":"WebPage","@id":"https:\/\/anivet.lt\/elparduotuve\/produktas\/calibra-dog-life-adult-medium-breed-chicken-sausas-maistas-vidutiniu-veisliu-sunims-su-vistiena\/","url":"https:\/\/anivet.lt\/elparduotuve\/produktas\/calibra-dog-life-adult-medium-breed-chicken-sausas-maistas-vidutiniu-veisliu-sunims-su-vistiena\/","name":"Calibra Dog Life Adult Medium Breed Chicken sausas maistas vidutini\u0173 veisli\u0173 \u0161unims su vi\u0161tiena - anivet.lt","isPartOf":{"@id":"https:\/\/anivet.lt\/elparduotuve\/#website"},"primaryImageOfPage":{"@id":"https:\/\/anivet.lt\/elparduotuve\/produktas\/calibra-dog-life-adult-medium-breed-chicken-sausas-maistas-vidutiniu-veisliu-sunims-su-vistiena\/#primaryimage"},"image":{"@id":"https:\/\/anivet.lt\/elparduotuve\/produktas\/calibra-dog-life-adult-medium-breed-chicken-sausas-maistas-vidutiniu-veisliu-sunims-su-vistiena\/#primaryimage"},"thumbnailUrl":"https:\/\/anivet.lt\/elparduotuve\/wp-content\/uploads\/2023\/07\/357-calibra-dog-life-adult-medium-chicken.webp","datePublished":"2023-07-27T07:07:03+00:00","dateModified":"2026-03-16T18:42:42+00:00","description":"Visavertis superpremium linijos sausas pa\u0161aras vidutini\u0173 veisli\u0173 suaugusiems \u0161unims (10\u201330 kg). Pagrindinis baltym\u0173 \u0161altinis \u2013 vi\u0161tiena, o sud\u0117tyje naudojama tik minimalus kiekis gr\u016bdini\u0173 produkt\u0173 (ry\u017eiai), tod\u0117l pa\u0161aras yra hipoalerginis ir puikiai vir\u0161kinamas.","breadcrumb":{"@id":"https:\/\/anivet.lt\/elparduotuve\/produktas\/calibra-dog-life-adult-medium-breed-chicken-sausas-maistas-vidutiniu-veisliu-sunims-su-vistiena\/#breadcrumb"},"inLanguage":"lt-LT","potentialAction":[{"@type":"ReadAction","target":["https:\/\/anivet.lt\/elparduotuve\/produktas\/calibra-dog-life-adult-medium-breed-chicken-sausas-maistas-vidutiniu-veisliu-sunims-su-vistiena\/"]}]},{"@type":"ImageObject","inLanguage":"lt-LT","@id":"https:\/\/anivet.lt\/elparduotuve\/produktas\/calibra-dog-life-adult-medium-breed-chicken-sausas-maistas-vidutiniu-veisliu-sunims-su-vistiena\/#primaryimage","url":"https:\/\/anivet.lt\/elparduotuve\/wp-content\/uploads\/2023\/07\/357-calibra-dog-life-adult-medium-chicken.webp","contentUrl":"https:\/\/anivet.lt\/elparduotuve\/wp-content\/uploads\/2023\/07\/357-calibra-dog-life-adult-medium-chicken.webp","width":1920,"height":1920,"caption":"Calibra Dog Life Adult Medium Breed Chicken sausas maistas vidutini\u0173 veisli\u0173 \u0161unims su vi\u0161tiena"},{"@type":"BreadcrumbList","@id":"https:\/\/anivet.lt\/elparduotuve\/produktas\/calibra-dog-life-adult-medium-breed-chicken-sausas-maistas-vidutiniu-veisliu-sunims-su-vistiena\/#breadcrumb","itemListElement":[{"@type":"ListItem","position":1,"name":"Home","item":"https:\/\/anivet.lt\/elparduotuve\/"},{"@type":"ListItem","position":2,"name":"Produktai","item":"https:\/\/anivet.lt\/elparduotuve\/produktai\/"},{"@type":"ListItem","position":3,"name":"Calibra Dog Life Adult Medium Breed Chicken sausas maistas vidutini\u0173 veisli\u0173 \u0161unims su vi\u0161tiena"}]},{"@type":"WebSite","@id":"https:\/\/anivet.lt\/elparduotuve\/#website","url":"https:\/\/anivet.lt\/elparduotuve\/","name":"anivet.lt","description":"Viskas J\u016bs\u0173 \u0161uns, kat\u0117s prie\u017ei\u016brai","publisher":{"@id":"https:\/\/anivet.lt\/elparduotuve\/#organization"},"alternateName":"Viskas J\u016bs\u0173 \u0161uns, kat\u0117s prie\u017ei\u016brai","potentialAction":[{"@type":"SearchAction","target":{"@type":"EntryPoint","urlTemplate":"https:\/\/anivet.lt\/elparduotuve\/?s={search_term_string}"},"query-input":{"@type":"PropertyValueSpecification","valueRequired":true,"valueName":"search_term_string"}}],"inLanguage":"lt-LT"},{"@type":"Organization","@id":"https:\/\/anivet.lt\/elparduotuve\/#organization","name":"Viskas J\u016bs\u0173 \u0161uns, kat\u0117s prie\u017ei\u016brai","url":"https:\/\/anivet.lt\/elparduotuve\/","logo":{"@type":"ImageObject","inLanguage":"lt-LT","@id":"https:\/\/anivet.lt\/elparduotuve\/#\/schema\/logo\/image\/","url":"https:\/\/anivet.lt\/elparduotuve\/wp-content\/uploads\/2023\/06\/logo2.jpg","contentUrl":"https:\/\/anivet.lt\/elparduotuve\/wp-content\/uploads\/2023\/06\/logo2.jpg","width":655,"height":194,"caption":"Viskas J\u016bs\u0173 \u0161uns, kat\u0117s prie\u017ei\u016brai"},"image":{"@id":"https:\/\/anivet.lt\/elparduotuve\/#\/schema\/logo\/image\/"}}]}},"_links":{"self":[{"href":"https:\/\/anivet.lt\/elparduotuve\/wp-json\/wp\/v2\/product\/10836","targetHints":{"allow":["GET"]}}],"collection":[{"href":"https:\/\/anivet.lt\/elparduotuve\/wp-json\/wp\/v2\/product"}],"about":[{"href":"https:\/\/anivet.lt\/elparduotuve\/wp-json\/wp\/v2\/types\/product"}],"wp:featuredmedia":[{"embeddable":true,"href":"https:\/\/anivet.lt\/elparduotuve\/wp-json\/wp\/v2\/media\/10839"}],"wp:attachment":[{"href":"https:\/\/anivet.lt\/elparduotuve\/wp-json\/wp\/v2\/media?parent=10836"}],"wp:term":[{"taxonomy":"product_brand","embeddable":true,"href":"https:\/\/anivet.lt\/elparduotuve\/wp-json\/wp\/v2\/product_brand?post=10836"},{"taxonomy":"product_cat","embeddable":true,"href":"https:\/\/anivet.lt\/elparduotuve\/wp-json\/wp\/v2\/product_cat?post=10836"},{"taxonomy":"product_tag","embeddable":true,"href":"https:\/\/anivet.lt\/elparduotuve\/wp-json\/wp\/v2\/product_tag?post=10836"}],"curies":[{"name":"wp","href":"https:\/\/api.w.org\/{rel}","templated":true}]}}