{"id":10840,"date":"2023-07-27T07:24:41","date_gmt":"2023-07-27T07:24:41","guid":{"rendered":"https:\/\/anivet.lt\/elparduotuve\/?post_type=product&#038;p=10840"},"modified":"2026-01-05T17:28:27","modified_gmt":"2026-01-05T17:28:27","slug":"calibra-dog-life-adult-medium-breed-lamb-sausas-maistas-suaugusiems-vidutiniu-veisliu-sunims-su-eriena","status":"publish","type":"product","link":"https:\/\/anivet.lt\/elparduotuve\/produktas\/calibra-dog-life-adult-medium-breed-lamb-sausas-maistas-suaugusiems-vidutiniu-veisliu-sunims-su-eriena\/","title":{"rendered":"Calibra Dog Life Adult Medium Breed Lamb sausas maistas suaugusiems vidutini\u0173 veisli\u0173 \u0161unims su \u0117riena"},"content":{"rendered":"<ul>\n<li><span style=\"font-weight: 400;\">Hipoalerginis: Pagrindinis ingredientas \u2013 lengvai vir\u0161kinama \u0117riena, pa\u0161aras be kvie\u010di\u0173 ir kit\u0173 alergen\u0173.<\/span><\/li>\n<li style=\"font-weight: 400;\" aria-level=\"1\"><span style=\"font-weight: 400;\">Vir\u0161kinamumo palaikymas: Prebiotikai (FOS, MOS) ir \u0161eriuotoji juka gerina \u017earnyno sveikat\u0105, ma\u017eina viduri\u0173 p\u016btim\u0105 ir i\u0161mat\u0173 kvap\u0105.<\/span><\/li>\n<li style=\"font-weight: 400;\" aria-level=\"1\"><span style=\"font-weight: 400;\">Imunin\u0117s sistemos stiprinimas: \u03b2-gliukanai ir inaktyvuotos laktobacilos teigiamai veikia imunitet\u0105.<\/span><\/li>\n<li style=\"font-weight: 400;\" aria-level=\"1\"><span style=\"font-weight: 400;\">Sveikas kailis ir oda: Pa\u0161aras papildytas la\u0161i\u0161\u0173 aliejumi, omega-3 ir omega-6 riebiosiomis r\u016bg\u0161timis.<\/span><\/li>\n<li style=\"font-weight: 400;\" aria-level=\"1\"><span style=\"font-weight: 400;\">Optimalus vitamin\u0173 ir mineral\u0173 derinys: Palaiko bendr\u0105 \u0161uns sveikat\u0105 ir energij\u0105.<\/span><\/li>\n<\/ul>\n<p><span style=\"font-weight: 400;\">\u0160is pa\u0161aras puikiai tinka vidutini\u0173 veisli\u0173 \u0161unims, u\u017etikrindamas sveik\u0105 vir\u0161kinim\u0105, stipri\u0105 imunin\u0119 sistem\u0105 ir puiki\u0105 kailio b\u016bkl\u0119. Nat\u016bral\u016bs ingredientai ir subalansuota sud\u0117tis padeda palaikyti \u0161uns sveikat\u0105 ir ger\u0105 savijaut\u0105 kasdien.<\/span><\/p>\n","protected":false},"excerpt":{"rendered":"<p><span style=\"font-weight: 400;\">Subalansuotas sausas pa\u0161aras, specialiai sukurtas vidutini\u0173 veisli\u0173 suaugusiems \u0161unims (10\u201330 kg). \u0160is pa\u0161aras su \u0117riena yra lengvai vir\u0161kinamas, hipoalerginis ir praturtintas svarbiais priedais sveikatai palaikyti.<\/span><\/p>\n","protected":false},"featured_media":10841,"template":"","meta":[],"product_brand":[],"product_cat":[101,103,104,332],"product_tag":[],"class_list":{"0":"post-10840","1":"product","2":"type-product","3":"status-publish","4":"has-post-thumbnail","6":"product_cat-sunims","7":"product_cat-sunu-maistas","8":"product_cat-sausas-maistas","9":"product_cat-calibra-sunu-maistas","10":"pa_prekinis-zenklas-calibra","12":"first","13":"instock","14":"taxable","15":"shipping-taxable","16":"purchasable","17":"product-type-variable"},"yoast_head":"<!-- This site is optimized with the Yoast SEO Premium plugin v27.1 (Yoast SEO v27.3) - https:\/\/yoast.com\/product\/yoast-seo-premium-wordpress\/ -->\n<title>Calibra Dog Life Adult Medium Breed Lamb sausas maistas suaugusiems vidutini\u0173 veisli\u0173 \u0161unims su \u0117riena - anivet.lt<\/title>\n<meta name=\"description\" content=\"Subalansuotas sausas pa\u0161aras, specialiai sukurtas vidutini\u0173 veisli\u0173 suaugusiems \u0161unims (10\u201330 kg). \u0160is pa\u0161aras su \u0117riena yra lengvai vir\u0161kinamas, hipoalerginis ir praturtintas svarbiais priedais sveikatai palaikyti.\" \/>\n<meta name=\"robots\" content=\"index, follow, max-snippet:-1, max-image-preview:large, max-video-preview:-1\" \/>\n<link rel=\"canonical\" href=\"https:\/\/anivet.lt\/elparduotuve\/produktas\/calibra-dog-life-adult-medium-breed-lamb-sausas-maistas-suaugusiems-vidutiniu-veisliu-sunims-su-eriena\/\" \/>\n<meta property=\"og:locale\" content=\"lt_LT\" \/>\n<meta property=\"og:type\" content=\"article\" \/>\n<meta property=\"og:title\" content=\"Calibra Dog Life Adult Medium Breed Lamb sausas maistas suaugusiems vidutini\u0173 veisli\u0173 \u0161unims su \u0117riena\" \/>\n<meta property=\"og:description\" content=\"Subalansuotas sausas pa\u0161aras, specialiai sukurtas vidutini\u0173 veisli\u0173 suaugusiems \u0161unims (10\u201330 kg). \u0160is pa\u0161aras su \u0117riena yra lengvai vir\u0161kinamas, hipoalerginis ir praturtintas svarbiais priedais sveikatai palaikyti.\" \/>\n<meta property=\"og:url\" content=\"https:\/\/anivet.lt\/elparduotuve\/produktas\/calibra-dog-life-adult-medium-breed-lamb-sausas-maistas-suaugusiems-vidutiniu-veisliu-sunims-su-eriena\/\" \/>\n<meta property=\"og:site_name\" content=\"anivet.lt\" \/>\n<meta property=\"article:modified_time\" content=\"2026-01-05T17:28:27+00:00\" \/>\n<meta property=\"og:image\" content=\"https:\/\/anivet.lt\/elparduotuve\/wp-content\/uploads\/2023\/07\/363-calibra-dog-life-adult-medium-lamb.webp\" \/>\n\t<meta property=\"og:image:width\" content=\"1920\" \/>\n\t<meta property=\"og:image:height\" content=\"1920\" \/>\n\t<meta property=\"og:image:type\" content=\"image\/webp\" \/>\n<meta name=\"twitter:card\" content=\"summary_large_image\" \/>\n<meta name=\"twitter:label1\" content=\"Est. reading time\" \/>\n\t<meta name=\"twitter:data1\" content=\"1 minut\u0117\" \/>\n<script type=\"application\/ld+json\" class=\"yoast-schema-graph\">{\"@context\":\"https:\\\/\\\/schema.org\",\"@graph\":[{\"@type\":\"WebPage\",\"@id\":\"https:\\\/\\\/anivet.lt\\\/elparduotuve\\\/produktas\\\/calibra-dog-life-adult-medium-breed-lamb-sausas-maistas-suaugusiems-vidutiniu-veisliu-sunims-su-eriena\\\/\",\"url\":\"https:\\\/\\\/anivet.lt\\\/elparduotuve\\\/produktas\\\/calibra-dog-life-adult-medium-breed-lamb-sausas-maistas-suaugusiems-vidutiniu-veisliu-sunims-su-eriena\\\/\",\"name\":\"Calibra Dog Life Adult Medium Breed Lamb sausas maistas suaugusiems vidutini\u0173 veisli\u0173 \u0161unims su \u0117riena - anivet.lt\",\"isPartOf\":{\"@id\":\"https:\\\/\\\/anivet.lt\\\/elparduotuve\\\/#website\"},\"primaryImageOfPage\":{\"@id\":\"https:\\\/\\\/anivet.lt\\\/elparduotuve\\\/produktas\\\/calibra-dog-life-adult-medium-breed-lamb-sausas-maistas-suaugusiems-vidutiniu-veisliu-sunims-su-eriena\\\/#primaryimage\"},\"image\":{\"@id\":\"https:\\\/\\\/anivet.lt\\\/elparduotuve\\\/produktas\\\/calibra-dog-life-adult-medium-breed-lamb-sausas-maistas-suaugusiems-vidutiniu-veisliu-sunims-su-eriena\\\/#primaryimage\"},\"thumbnailUrl\":\"https:\\\/\\\/anivet.lt\\\/elparduotuve\\\/wp-content\\\/uploads\\\/2023\\\/07\\\/363-calibra-dog-life-adult-medium-lamb.webp\",\"datePublished\":\"2023-07-27T07:24:41+00:00\",\"dateModified\":\"2026-01-05T17:28:27+00:00\",\"description\":\"Subalansuotas sausas pa\u0161aras, specialiai sukurtas vidutini\u0173 veisli\u0173 suaugusiems \u0161unims (10\u201330 kg). \u0160is pa\u0161aras su \u0117riena yra lengvai vir\u0161kinamas, hipoalerginis ir praturtintas svarbiais priedais sveikatai palaikyti.\",\"breadcrumb\":{\"@id\":\"https:\\\/\\\/anivet.lt\\\/elparduotuve\\\/produktas\\\/calibra-dog-life-adult-medium-breed-lamb-sausas-maistas-suaugusiems-vidutiniu-veisliu-sunims-su-eriena\\\/#breadcrumb\"},\"inLanguage\":\"lt-LT\",\"potentialAction\":[{\"@type\":\"ReadAction\",\"target\":[\"https:\\\/\\\/anivet.lt\\\/elparduotuve\\\/produktas\\\/calibra-dog-life-adult-medium-breed-lamb-sausas-maistas-suaugusiems-vidutiniu-veisliu-sunims-su-eriena\\\/\"]}]},{\"@type\":\"ImageObject\",\"inLanguage\":\"lt-LT\",\"@id\":\"https:\\\/\\\/anivet.lt\\\/elparduotuve\\\/produktas\\\/calibra-dog-life-adult-medium-breed-lamb-sausas-maistas-suaugusiems-vidutiniu-veisliu-sunims-su-eriena\\\/#primaryimage\",\"url\":\"https:\\\/\\\/anivet.lt\\\/elparduotuve\\\/wp-content\\\/uploads\\\/2023\\\/07\\\/363-calibra-dog-life-adult-medium-lamb.webp\",\"contentUrl\":\"https:\\\/\\\/anivet.lt\\\/elparduotuve\\\/wp-content\\\/uploads\\\/2023\\\/07\\\/363-calibra-dog-life-adult-medium-lamb.webp\",\"width\":1920,\"height\":1920,\"caption\":\"Calibra Dog Life Adult Medium Breed Lamb sausas maistas suaugusiems vidutini\u0173 veisli\u0173 \u0161unims su \u0117riena\"},{\"@type\":\"BreadcrumbList\",\"@id\":\"https:\\\/\\\/anivet.lt\\\/elparduotuve\\\/produktas\\\/calibra-dog-life-adult-medium-breed-lamb-sausas-maistas-suaugusiems-vidutiniu-veisliu-sunims-su-eriena\\\/#breadcrumb\",\"itemListElement\":[{\"@type\":\"ListItem\",\"position\":1,\"name\":\"Home\",\"item\":\"https:\\\/\\\/anivet.lt\\\/elparduotuve\\\/\"},{\"@type\":\"ListItem\",\"position\":2,\"name\":\"Produktai\",\"item\":\"https:\\\/\\\/anivet.lt\\\/elparduotuve\\\/produktai\\\/\"},{\"@type\":\"ListItem\",\"position\":3,\"name\":\"Calibra Dog Life Adult Medium Breed Lamb sausas maistas suaugusiems vidutini\u0173 veisli\u0173 \u0161unims su \u0117riena\"}]},{\"@type\":\"WebSite\",\"@id\":\"https:\\\/\\\/anivet.lt\\\/elparduotuve\\\/#website\",\"url\":\"https:\\\/\\\/anivet.lt\\\/elparduotuve\\\/\",\"name\":\"anivet.lt\",\"description\":\"Viskas J\u016bs\u0173 \u0161uns, kat\u0117s prie\u017ei\u016brai\",\"publisher\":{\"@id\":\"https:\\\/\\\/anivet.lt\\\/elparduotuve\\\/#organization\"},\"alternateName\":\"Viskas J\u016bs\u0173 \u0161uns, kat\u0117s prie\u017ei\u016brai\",\"potentialAction\":[{\"@type\":\"SearchAction\",\"target\":{\"@type\":\"EntryPoint\",\"urlTemplate\":\"https:\\\/\\\/anivet.lt\\\/elparduotuve\\\/?s={search_term_string}\"},\"query-input\":{\"@type\":\"PropertyValueSpecification\",\"valueRequired\":true,\"valueName\":\"search_term_string\"}}],\"inLanguage\":\"lt-LT\"},{\"@type\":\"Organization\",\"@id\":\"https:\\\/\\\/anivet.lt\\\/elparduotuve\\\/#organization\",\"name\":\"Viskas J\u016bs\u0173 \u0161uns, kat\u0117s prie\u017ei\u016brai\",\"url\":\"https:\\\/\\\/anivet.lt\\\/elparduotuve\\\/\",\"logo\":{\"@type\":\"ImageObject\",\"inLanguage\":\"lt-LT\",\"@id\":\"https:\\\/\\\/anivet.lt\\\/elparduotuve\\\/#\\\/schema\\\/logo\\\/image\\\/\",\"url\":\"https:\\\/\\\/anivet.lt\\\/elparduotuve\\\/wp-content\\\/uploads\\\/2023\\\/06\\\/logo2.jpg\",\"contentUrl\":\"https:\\\/\\\/anivet.lt\\\/elparduotuve\\\/wp-content\\\/uploads\\\/2023\\\/06\\\/logo2.jpg\",\"width\":655,\"height\":194,\"caption\":\"Viskas J\u016bs\u0173 \u0161uns, kat\u0117s prie\u017ei\u016brai\"},\"image\":{\"@id\":\"https:\\\/\\\/anivet.lt\\\/elparduotuve\\\/#\\\/schema\\\/logo\\\/image\\\/\"}}]}<\/script>\n<!-- \/ Yoast SEO Premium plugin. -->","yoast_head_json":{"title":"Calibra Dog Life Adult Medium Breed Lamb sausas maistas suaugusiems vidutini\u0173 veisli\u0173 \u0161unims su \u0117riena - anivet.lt","description":"Subalansuotas sausas pa\u0161aras, specialiai sukurtas vidutini\u0173 veisli\u0173 suaugusiems \u0161unims (10\u201330 kg). \u0160is pa\u0161aras su \u0117riena yra lengvai vir\u0161kinamas, hipoalerginis ir praturtintas svarbiais priedais sveikatai palaikyti.","robots":{"index":"index","follow":"follow","max-snippet":"max-snippet:-1","max-image-preview":"max-image-preview:large","max-video-preview":"max-video-preview:-1"},"canonical":"https:\/\/anivet.lt\/elparduotuve\/produktas\/calibra-dog-life-adult-medium-breed-lamb-sausas-maistas-suaugusiems-vidutiniu-veisliu-sunims-su-eriena\/","og_locale":"lt_LT","og_type":"article","og_title":"Calibra Dog Life Adult Medium Breed Lamb sausas maistas suaugusiems vidutini\u0173 veisli\u0173 \u0161unims su \u0117riena","og_description":"Subalansuotas sausas pa\u0161aras, specialiai sukurtas vidutini\u0173 veisli\u0173 suaugusiems \u0161unims (10\u201330 kg). \u0160is pa\u0161aras su \u0117riena yra lengvai vir\u0161kinamas, hipoalerginis ir praturtintas svarbiais priedais sveikatai palaikyti.","og_url":"https:\/\/anivet.lt\/elparduotuve\/produktas\/calibra-dog-life-adult-medium-breed-lamb-sausas-maistas-suaugusiems-vidutiniu-veisliu-sunims-su-eriena\/","og_site_name":"anivet.lt","article_modified_time":"2026-01-05T17:28:27+00:00","og_image":[{"width":1920,"height":1920,"url":"https:\/\/anivet.lt\/elparduotuve\/wp-content\/uploads\/2023\/07\/363-calibra-dog-life-adult-medium-lamb.webp","type":"image\/webp"}],"twitter_card":"summary_large_image","twitter_misc":{"Est. reading time":"1 minut\u0117"},"schema":{"@context":"https:\/\/schema.org","@graph":[{"@type":"WebPage","@id":"https:\/\/anivet.lt\/elparduotuve\/produktas\/calibra-dog-life-adult-medium-breed-lamb-sausas-maistas-suaugusiems-vidutiniu-veisliu-sunims-su-eriena\/","url":"https:\/\/anivet.lt\/elparduotuve\/produktas\/calibra-dog-life-adult-medium-breed-lamb-sausas-maistas-suaugusiems-vidutiniu-veisliu-sunims-su-eriena\/","name":"Calibra Dog Life Adult Medium Breed Lamb sausas maistas suaugusiems vidutini\u0173 veisli\u0173 \u0161unims su \u0117riena - anivet.lt","isPartOf":{"@id":"https:\/\/anivet.lt\/elparduotuve\/#website"},"primaryImageOfPage":{"@id":"https:\/\/anivet.lt\/elparduotuve\/produktas\/calibra-dog-life-adult-medium-breed-lamb-sausas-maistas-suaugusiems-vidutiniu-veisliu-sunims-su-eriena\/#primaryimage"},"image":{"@id":"https:\/\/anivet.lt\/elparduotuve\/produktas\/calibra-dog-life-adult-medium-breed-lamb-sausas-maistas-suaugusiems-vidutiniu-veisliu-sunims-su-eriena\/#primaryimage"},"thumbnailUrl":"https:\/\/anivet.lt\/elparduotuve\/wp-content\/uploads\/2023\/07\/363-calibra-dog-life-adult-medium-lamb.webp","datePublished":"2023-07-27T07:24:41+00:00","dateModified":"2026-01-05T17:28:27+00:00","description":"Subalansuotas sausas pa\u0161aras, specialiai sukurtas vidutini\u0173 veisli\u0173 suaugusiems \u0161unims (10\u201330 kg). \u0160is pa\u0161aras su \u0117riena yra lengvai vir\u0161kinamas, hipoalerginis ir praturtintas svarbiais priedais sveikatai palaikyti.","breadcrumb":{"@id":"https:\/\/anivet.lt\/elparduotuve\/produktas\/calibra-dog-life-adult-medium-breed-lamb-sausas-maistas-suaugusiems-vidutiniu-veisliu-sunims-su-eriena\/#breadcrumb"},"inLanguage":"lt-LT","potentialAction":[{"@type":"ReadAction","target":["https:\/\/anivet.lt\/elparduotuve\/produktas\/calibra-dog-life-adult-medium-breed-lamb-sausas-maistas-suaugusiems-vidutiniu-veisliu-sunims-su-eriena\/"]}]},{"@type":"ImageObject","inLanguage":"lt-LT","@id":"https:\/\/anivet.lt\/elparduotuve\/produktas\/calibra-dog-life-adult-medium-breed-lamb-sausas-maistas-suaugusiems-vidutiniu-veisliu-sunims-su-eriena\/#primaryimage","url":"https:\/\/anivet.lt\/elparduotuve\/wp-content\/uploads\/2023\/07\/363-calibra-dog-life-adult-medium-lamb.webp","contentUrl":"https:\/\/anivet.lt\/elparduotuve\/wp-content\/uploads\/2023\/07\/363-calibra-dog-life-adult-medium-lamb.webp","width":1920,"height":1920,"caption":"Calibra Dog Life Adult Medium Breed Lamb sausas maistas suaugusiems vidutini\u0173 veisli\u0173 \u0161unims su \u0117riena"},{"@type":"BreadcrumbList","@id":"https:\/\/anivet.lt\/elparduotuve\/produktas\/calibra-dog-life-adult-medium-breed-lamb-sausas-maistas-suaugusiems-vidutiniu-veisliu-sunims-su-eriena\/#breadcrumb","itemListElement":[{"@type":"ListItem","position":1,"name":"Home","item":"https:\/\/anivet.lt\/elparduotuve\/"},{"@type":"ListItem","position":2,"name":"Produktai","item":"https:\/\/anivet.lt\/elparduotuve\/produktai\/"},{"@type":"ListItem","position":3,"name":"Calibra Dog Life Adult Medium Breed Lamb sausas maistas suaugusiems vidutini\u0173 veisli\u0173 \u0161unims su \u0117riena"}]},{"@type":"WebSite","@id":"https:\/\/anivet.lt\/elparduotuve\/#website","url":"https:\/\/anivet.lt\/elparduotuve\/","name":"anivet.lt","description":"Viskas J\u016bs\u0173 \u0161uns, kat\u0117s prie\u017ei\u016brai","publisher":{"@id":"https:\/\/anivet.lt\/elparduotuve\/#organization"},"alternateName":"Viskas J\u016bs\u0173 \u0161uns, kat\u0117s prie\u017ei\u016brai","potentialAction":[{"@type":"SearchAction","target":{"@type":"EntryPoint","urlTemplate":"https:\/\/anivet.lt\/elparduotuve\/?s={search_term_string}"},"query-input":{"@type":"PropertyValueSpecification","valueRequired":true,"valueName":"search_term_string"}}],"inLanguage":"lt-LT"},{"@type":"Organization","@id":"https:\/\/anivet.lt\/elparduotuve\/#organization","name":"Viskas J\u016bs\u0173 \u0161uns, kat\u0117s prie\u017ei\u016brai","url":"https:\/\/anivet.lt\/elparduotuve\/","logo":{"@type":"ImageObject","inLanguage":"lt-LT","@id":"https:\/\/anivet.lt\/elparduotuve\/#\/schema\/logo\/image\/","url":"https:\/\/anivet.lt\/elparduotuve\/wp-content\/uploads\/2023\/06\/logo2.jpg","contentUrl":"https:\/\/anivet.lt\/elparduotuve\/wp-content\/uploads\/2023\/06\/logo2.jpg","width":655,"height":194,"caption":"Viskas J\u016bs\u0173 \u0161uns, kat\u0117s prie\u017ei\u016brai"},"image":{"@id":"https:\/\/anivet.lt\/elparduotuve\/#\/schema\/logo\/image\/"}}]}},"_links":{"self":[{"href":"https:\/\/anivet.lt\/elparduotuve\/wp-json\/wp\/v2\/product\/10840","targetHints":{"allow":["GET"]}}],"collection":[{"href":"https:\/\/anivet.lt\/elparduotuve\/wp-json\/wp\/v2\/product"}],"about":[{"href":"https:\/\/anivet.lt\/elparduotuve\/wp-json\/wp\/v2\/types\/product"}],"wp:featuredmedia":[{"embeddable":true,"href":"https:\/\/anivet.lt\/elparduotuve\/wp-json\/wp\/v2\/media\/10841"}],"wp:attachment":[{"href":"https:\/\/anivet.lt\/elparduotuve\/wp-json\/wp\/v2\/media?parent=10840"}],"wp:term":[{"taxonomy":"product_brand","embeddable":true,"href":"https:\/\/anivet.lt\/elparduotuve\/wp-json\/wp\/v2\/product_brand?post=10840"},{"taxonomy":"product_cat","embeddable":true,"href":"https:\/\/anivet.lt\/elparduotuve\/wp-json\/wp\/v2\/product_cat?post=10840"},{"taxonomy":"product_tag","embeddable":true,"href":"https:\/\/anivet.lt\/elparduotuve\/wp-json\/wp\/v2\/product_tag?post=10840"}],"curies":[{"name":"wp","href":"https:\/\/api.w.org\/{rel}","templated":true}]}}