{"id":10844,"date":"2023-07-27T07:34:43","date_gmt":"2023-07-27T07:34:43","guid":{"rendered":"https:\/\/anivet.lt\/elparduotuve\/?post_type=product&#038;p=10844"},"modified":"2026-01-13T17:20:22","modified_gmt":"2026-01-13T17:20:22","slug":"calibra-dog-life-adult-small-breed-chicken-sausas-maistas-mazu-veisliu-sunims-su-vistiena","status":"publish","type":"product","link":"https:\/\/anivet.lt\/elparduotuve\/produktas\/calibra-dog-life-adult-small-breed-chicken-sausas-maistas-mazu-veisliu-sunims-su-vistiena\/","title":{"rendered":"Calibra Dog Life Adult Small Breed Chicken sausas maistas ma\u017e\u0173 veisli\u0173 \u0161unims su vi\u0161tiena"},"content":{"rendered":"<ul>\n<li style=\"font-weight: 400;\" aria-level=\"1\"><span style=\"font-weight: 400;\">Lengvai vir\u0161kinamas: Hipoalergin\u0117 sud\u0117tis su ribotu gr\u016bd\u0173 kiekiu (tik ry\u017eiai) ma\u017eina vir\u0161kinimo sutrikim\u0173 rizik\u0105.<\/span><\/li>\n<li style=\"font-weight: 400;\" aria-level=\"1\"><span style=\"font-weight: 400;\">Oda ir kailis: La\u0161i\u0161\u0173 aliejus suteikia omega-3 riebal\u0173 r\u016bg\u0161\u010di\u0173, kurios gerina odos b\u016bkl\u0119 ir kailio blizges\u012f.<\/span><\/li>\n<li style=\"font-weight: 400;\" aria-level=\"1\"><span style=\"font-weight: 400;\">Imuniteto stiprinimas: Vitaminai, chelatiniai mineralai bei \u03b2-gliukanai padeda stiprinti \u0161uns imunin\u0119 sistem\u0105.<\/span><\/li>\n<li style=\"font-weight: 400;\" aria-level=\"1\"><span style=\"font-weight: 400;\">Sveikas vir\u0161kinimas: Prebiotikai (FOS ir MOS) u\u017etikrina \u017earnyno mikrofloros balans\u0105.<\/span><\/li>\n<li style=\"font-weight: 400;\" aria-level=\"1\"><span style=\"font-weight: 400;\">Skanus ir maistingas: Didesnis gyv\u016bnin\u0117s kilm\u0117s baltym\u0173 kiekis (85 %) u\u017etikrina puik\u0173 skon\u012f ir lengv\u0105 \u012fsisavinim\u0105.<\/span><\/li>\n<\/ul>\n<p><span style=\"font-weight: 400;\">Idealus pasirinkimas j\u016bs\u0173 ma\u017e\u0173 veisli\u0173 augintiniui, u\u017etikrinantis lengv\u0105 vir\u0161kinim\u0105, stipresn\u012f imunitet\u0105 ir puiki\u0105 odos bei kailio b\u016bkl\u0119. Kiekviena granul\u0117 yra kruop\u0161\u010diai subalansuota, kad atitikt\u0173 aktyvaus ir sveiko \u0161uns poreikius.<\/span><\/p>\n","protected":false},"excerpt":{"rendered":"<p><span style=\"font-weight: 400;\">Visavertis ir subalansuotas superpremium linijos sausas pa\u0161aras, skirtas ma\u017e\u0173 veisli\u0173 suaugusiems \u0161unims (iki 10 kg). Su ma\u017eesn\u0117mis granul\u0117mis ir hipoalergine sud\u0117timi, jis tinka net jautri\u0105 vir\u0161kinimo sistem\u0105 turintiems augintiniams.<\/span><\/p>\n","protected":false},"featured_media":10845,"template":"","meta":[],"product_brand":[],"product_cat":[101,103,104,332],"product_tag":[],"class_list":{"0":"post-10844","1":"product","2":"type-product","3":"status-publish","4":"has-post-thumbnail","6":"product_cat-sunims","7":"product_cat-sunu-maistas","8":"product_cat-sausas-maistas","9":"product_cat-calibra-sunu-maistas","10":"pa_prekinis-zenklas-calibra","12":"first","13":"outofstock","14":"taxable","15":"shipping-taxable","16":"purchasable","17":"product-type-variable"},"yoast_head":"<!-- This site is optimized with the Yoast SEO Premium plugin v27.1 (Yoast SEO v27.3) - https:\/\/yoast.com\/product\/yoast-seo-premium-wordpress\/ -->\n<title>Calibra Dog Life Adult Small Breed Chicken sausas maistas ma\u017e\u0173 veisli\u0173 \u0161unims su vi\u0161tiena - anivet.lt<\/title>\n<meta name=\"description\" content=\"Visavertis ir subalansuotas superpremium linijos sausas pa\u0161aras, skirtas ma\u017e\u0173 veisli\u0173 suaugusiems \u0161unims (iki 10 kg). Su ma\u017eesn\u0117mis granul\u0117mis ir hipoalergine sud\u0117timi, jis tinka net jautri\u0105 vir\u0161kinimo sistem\u0105 turintiems augintiniams.\" \/>\n<meta name=\"robots\" content=\"index, follow, max-snippet:-1, max-image-preview:large, max-video-preview:-1\" \/>\n<link rel=\"canonical\" href=\"https:\/\/anivet.lt\/elparduotuve\/produktas\/calibra-dog-life-adult-small-breed-chicken-sausas-maistas-mazu-veisliu-sunims-su-vistiena\/\" \/>\n<meta property=\"og:locale\" content=\"lt_LT\" \/>\n<meta property=\"og:type\" content=\"article\" \/>\n<meta property=\"og:title\" content=\"Calibra Dog Life Adult Small Breed Chicken sausas maistas ma\u017e\u0173 veisli\u0173 \u0161unims su vi\u0161tiena\" \/>\n<meta property=\"og:description\" content=\"Visavertis ir subalansuotas superpremium linijos sausas pa\u0161aras, skirtas ma\u017e\u0173 veisli\u0173 suaugusiems \u0161unims (iki 10 kg). Su ma\u017eesn\u0117mis granul\u0117mis ir hipoalergine sud\u0117timi, jis tinka net jautri\u0105 vir\u0161kinimo sistem\u0105 turintiems augintiniams.\" \/>\n<meta property=\"og:url\" content=\"https:\/\/anivet.lt\/elparduotuve\/produktas\/calibra-dog-life-adult-small-breed-chicken-sausas-maistas-mazu-veisliu-sunims-su-vistiena\/\" \/>\n<meta property=\"og:site_name\" content=\"anivet.lt\" \/>\n<meta property=\"article:modified_time\" content=\"2026-01-13T17:20:22+00:00\" \/>\n<meta property=\"og:image\" content=\"https:\/\/anivet.lt\/elparduotuve\/wp-content\/uploads\/2023\/07\/362-calibra-dog-life-adult-small-chicken.webp\" \/>\n\t<meta property=\"og:image:width\" content=\"1920\" \/>\n\t<meta property=\"og:image:height\" content=\"1920\" \/>\n\t<meta property=\"og:image:type\" content=\"image\/webp\" \/>\n<meta name=\"twitter:card\" content=\"summary_large_image\" \/>\n<meta name=\"twitter:label1\" content=\"Est. reading time\" \/>\n\t<meta name=\"twitter:data1\" content=\"1 minut\u0117\" \/>\n<script type=\"application\/ld+json\" class=\"yoast-schema-graph\">{\"@context\":\"https:\\\/\\\/schema.org\",\"@graph\":[{\"@type\":\"WebPage\",\"@id\":\"https:\\\/\\\/anivet.lt\\\/elparduotuve\\\/produktas\\\/calibra-dog-life-adult-small-breed-chicken-sausas-maistas-mazu-veisliu-sunims-su-vistiena\\\/\",\"url\":\"https:\\\/\\\/anivet.lt\\\/elparduotuve\\\/produktas\\\/calibra-dog-life-adult-small-breed-chicken-sausas-maistas-mazu-veisliu-sunims-su-vistiena\\\/\",\"name\":\"Calibra Dog Life Adult Small Breed Chicken sausas maistas ma\u017e\u0173 veisli\u0173 \u0161unims su vi\u0161tiena - anivet.lt\",\"isPartOf\":{\"@id\":\"https:\\\/\\\/anivet.lt\\\/elparduotuve\\\/#website\"},\"primaryImageOfPage\":{\"@id\":\"https:\\\/\\\/anivet.lt\\\/elparduotuve\\\/produktas\\\/calibra-dog-life-adult-small-breed-chicken-sausas-maistas-mazu-veisliu-sunims-su-vistiena\\\/#primaryimage\"},\"image\":{\"@id\":\"https:\\\/\\\/anivet.lt\\\/elparduotuve\\\/produktas\\\/calibra-dog-life-adult-small-breed-chicken-sausas-maistas-mazu-veisliu-sunims-su-vistiena\\\/#primaryimage\"},\"thumbnailUrl\":\"https:\\\/\\\/anivet.lt\\\/elparduotuve\\\/wp-content\\\/uploads\\\/2023\\\/07\\\/362-calibra-dog-life-adult-small-chicken.webp\",\"datePublished\":\"2023-07-27T07:34:43+00:00\",\"dateModified\":\"2026-01-13T17:20:22+00:00\",\"description\":\"Visavertis ir subalansuotas superpremium linijos sausas pa\u0161aras, skirtas ma\u017e\u0173 veisli\u0173 suaugusiems \u0161unims (iki 10 kg). Su ma\u017eesn\u0117mis granul\u0117mis ir hipoalergine sud\u0117timi, jis tinka net jautri\u0105 vir\u0161kinimo sistem\u0105 turintiems augintiniams.\",\"breadcrumb\":{\"@id\":\"https:\\\/\\\/anivet.lt\\\/elparduotuve\\\/produktas\\\/calibra-dog-life-adult-small-breed-chicken-sausas-maistas-mazu-veisliu-sunims-su-vistiena\\\/#breadcrumb\"},\"inLanguage\":\"lt-LT\",\"potentialAction\":[{\"@type\":\"ReadAction\",\"target\":[\"https:\\\/\\\/anivet.lt\\\/elparduotuve\\\/produktas\\\/calibra-dog-life-adult-small-breed-chicken-sausas-maistas-mazu-veisliu-sunims-su-vistiena\\\/\"]}]},{\"@type\":\"ImageObject\",\"inLanguage\":\"lt-LT\",\"@id\":\"https:\\\/\\\/anivet.lt\\\/elparduotuve\\\/produktas\\\/calibra-dog-life-adult-small-breed-chicken-sausas-maistas-mazu-veisliu-sunims-su-vistiena\\\/#primaryimage\",\"url\":\"https:\\\/\\\/anivet.lt\\\/elparduotuve\\\/wp-content\\\/uploads\\\/2023\\\/07\\\/362-calibra-dog-life-adult-small-chicken.webp\",\"contentUrl\":\"https:\\\/\\\/anivet.lt\\\/elparduotuve\\\/wp-content\\\/uploads\\\/2023\\\/07\\\/362-calibra-dog-life-adult-small-chicken.webp\",\"width\":1920,\"height\":1920,\"caption\":\"Calibra Dog Life Adult Small Breed Chicken sausas maistas ma\u017e\u0173 veisli\u0173 \u0161unims su vi\u0161tiena\"},{\"@type\":\"BreadcrumbList\",\"@id\":\"https:\\\/\\\/anivet.lt\\\/elparduotuve\\\/produktas\\\/calibra-dog-life-adult-small-breed-chicken-sausas-maistas-mazu-veisliu-sunims-su-vistiena\\\/#breadcrumb\",\"itemListElement\":[{\"@type\":\"ListItem\",\"position\":1,\"name\":\"Home\",\"item\":\"https:\\\/\\\/anivet.lt\\\/elparduotuve\\\/\"},{\"@type\":\"ListItem\",\"position\":2,\"name\":\"Produktai\",\"item\":\"https:\\\/\\\/anivet.lt\\\/elparduotuve\\\/produktai\\\/\"},{\"@type\":\"ListItem\",\"position\":3,\"name\":\"Calibra Dog Life Adult Small Breed Chicken sausas maistas ma\u017e\u0173 veisli\u0173 \u0161unims su vi\u0161tiena\"}]},{\"@type\":\"WebSite\",\"@id\":\"https:\\\/\\\/anivet.lt\\\/elparduotuve\\\/#website\",\"url\":\"https:\\\/\\\/anivet.lt\\\/elparduotuve\\\/\",\"name\":\"anivet.lt\",\"description\":\"Viskas J\u016bs\u0173 \u0161uns, kat\u0117s prie\u017ei\u016brai\",\"publisher\":{\"@id\":\"https:\\\/\\\/anivet.lt\\\/elparduotuve\\\/#organization\"},\"alternateName\":\"Viskas J\u016bs\u0173 \u0161uns, kat\u0117s prie\u017ei\u016brai\",\"potentialAction\":[{\"@type\":\"SearchAction\",\"target\":{\"@type\":\"EntryPoint\",\"urlTemplate\":\"https:\\\/\\\/anivet.lt\\\/elparduotuve\\\/?s={search_term_string}\"},\"query-input\":{\"@type\":\"PropertyValueSpecification\",\"valueRequired\":true,\"valueName\":\"search_term_string\"}}],\"inLanguage\":\"lt-LT\"},{\"@type\":\"Organization\",\"@id\":\"https:\\\/\\\/anivet.lt\\\/elparduotuve\\\/#organization\",\"name\":\"Viskas J\u016bs\u0173 \u0161uns, kat\u0117s prie\u017ei\u016brai\",\"url\":\"https:\\\/\\\/anivet.lt\\\/elparduotuve\\\/\",\"logo\":{\"@type\":\"ImageObject\",\"inLanguage\":\"lt-LT\",\"@id\":\"https:\\\/\\\/anivet.lt\\\/elparduotuve\\\/#\\\/schema\\\/logo\\\/image\\\/\",\"url\":\"https:\\\/\\\/anivet.lt\\\/elparduotuve\\\/wp-content\\\/uploads\\\/2023\\\/06\\\/logo2.jpg\",\"contentUrl\":\"https:\\\/\\\/anivet.lt\\\/elparduotuve\\\/wp-content\\\/uploads\\\/2023\\\/06\\\/logo2.jpg\",\"width\":655,\"height\":194,\"caption\":\"Viskas J\u016bs\u0173 \u0161uns, kat\u0117s prie\u017ei\u016brai\"},\"image\":{\"@id\":\"https:\\\/\\\/anivet.lt\\\/elparduotuve\\\/#\\\/schema\\\/logo\\\/image\\\/\"}}]}<\/script>\n<!-- \/ Yoast SEO Premium plugin. -->","yoast_head_json":{"title":"Calibra Dog Life Adult Small Breed Chicken sausas maistas ma\u017e\u0173 veisli\u0173 \u0161unims su vi\u0161tiena - anivet.lt","description":"Visavertis ir subalansuotas superpremium linijos sausas pa\u0161aras, skirtas ma\u017e\u0173 veisli\u0173 suaugusiems \u0161unims (iki 10 kg). Su ma\u017eesn\u0117mis granul\u0117mis ir hipoalergine sud\u0117timi, jis tinka net jautri\u0105 vir\u0161kinimo sistem\u0105 turintiems augintiniams.","robots":{"index":"index","follow":"follow","max-snippet":"max-snippet:-1","max-image-preview":"max-image-preview:large","max-video-preview":"max-video-preview:-1"},"canonical":"https:\/\/anivet.lt\/elparduotuve\/produktas\/calibra-dog-life-adult-small-breed-chicken-sausas-maistas-mazu-veisliu-sunims-su-vistiena\/","og_locale":"lt_LT","og_type":"article","og_title":"Calibra Dog Life Adult Small Breed Chicken sausas maistas ma\u017e\u0173 veisli\u0173 \u0161unims su vi\u0161tiena","og_description":"Visavertis ir subalansuotas superpremium linijos sausas pa\u0161aras, skirtas ma\u017e\u0173 veisli\u0173 suaugusiems \u0161unims (iki 10 kg). Su ma\u017eesn\u0117mis granul\u0117mis ir hipoalergine sud\u0117timi, jis tinka net jautri\u0105 vir\u0161kinimo sistem\u0105 turintiems augintiniams.","og_url":"https:\/\/anivet.lt\/elparduotuve\/produktas\/calibra-dog-life-adult-small-breed-chicken-sausas-maistas-mazu-veisliu-sunims-su-vistiena\/","og_site_name":"anivet.lt","article_modified_time":"2026-01-13T17:20:22+00:00","og_image":[{"width":1920,"height":1920,"url":"https:\/\/anivet.lt\/elparduotuve\/wp-content\/uploads\/2023\/07\/362-calibra-dog-life-adult-small-chicken.webp","type":"image\/webp"}],"twitter_card":"summary_large_image","twitter_misc":{"Est. reading time":"1 minut\u0117"},"schema":{"@context":"https:\/\/schema.org","@graph":[{"@type":"WebPage","@id":"https:\/\/anivet.lt\/elparduotuve\/produktas\/calibra-dog-life-adult-small-breed-chicken-sausas-maistas-mazu-veisliu-sunims-su-vistiena\/","url":"https:\/\/anivet.lt\/elparduotuve\/produktas\/calibra-dog-life-adult-small-breed-chicken-sausas-maistas-mazu-veisliu-sunims-su-vistiena\/","name":"Calibra Dog Life Adult Small Breed Chicken sausas maistas ma\u017e\u0173 veisli\u0173 \u0161unims su vi\u0161tiena - anivet.lt","isPartOf":{"@id":"https:\/\/anivet.lt\/elparduotuve\/#website"},"primaryImageOfPage":{"@id":"https:\/\/anivet.lt\/elparduotuve\/produktas\/calibra-dog-life-adult-small-breed-chicken-sausas-maistas-mazu-veisliu-sunims-su-vistiena\/#primaryimage"},"image":{"@id":"https:\/\/anivet.lt\/elparduotuve\/produktas\/calibra-dog-life-adult-small-breed-chicken-sausas-maistas-mazu-veisliu-sunims-su-vistiena\/#primaryimage"},"thumbnailUrl":"https:\/\/anivet.lt\/elparduotuve\/wp-content\/uploads\/2023\/07\/362-calibra-dog-life-adult-small-chicken.webp","datePublished":"2023-07-27T07:34:43+00:00","dateModified":"2026-01-13T17:20:22+00:00","description":"Visavertis ir subalansuotas superpremium linijos sausas pa\u0161aras, skirtas ma\u017e\u0173 veisli\u0173 suaugusiems \u0161unims (iki 10 kg). Su ma\u017eesn\u0117mis granul\u0117mis ir hipoalergine sud\u0117timi, jis tinka net jautri\u0105 vir\u0161kinimo sistem\u0105 turintiems augintiniams.","breadcrumb":{"@id":"https:\/\/anivet.lt\/elparduotuve\/produktas\/calibra-dog-life-adult-small-breed-chicken-sausas-maistas-mazu-veisliu-sunims-su-vistiena\/#breadcrumb"},"inLanguage":"lt-LT","potentialAction":[{"@type":"ReadAction","target":["https:\/\/anivet.lt\/elparduotuve\/produktas\/calibra-dog-life-adult-small-breed-chicken-sausas-maistas-mazu-veisliu-sunims-su-vistiena\/"]}]},{"@type":"ImageObject","inLanguage":"lt-LT","@id":"https:\/\/anivet.lt\/elparduotuve\/produktas\/calibra-dog-life-adult-small-breed-chicken-sausas-maistas-mazu-veisliu-sunims-su-vistiena\/#primaryimage","url":"https:\/\/anivet.lt\/elparduotuve\/wp-content\/uploads\/2023\/07\/362-calibra-dog-life-adult-small-chicken.webp","contentUrl":"https:\/\/anivet.lt\/elparduotuve\/wp-content\/uploads\/2023\/07\/362-calibra-dog-life-adult-small-chicken.webp","width":1920,"height":1920,"caption":"Calibra Dog Life Adult Small Breed Chicken sausas maistas ma\u017e\u0173 veisli\u0173 \u0161unims su vi\u0161tiena"},{"@type":"BreadcrumbList","@id":"https:\/\/anivet.lt\/elparduotuve\/produktas\/calibra-dog-life-adult-small-breed-chicken-sausas-maistas-mazu-veisliu-sunims-su-vistiena\/#breadcrumb","itemListElement":[{"@type":"ListItem","position":1,"name":"Home","item":"https:\/\/anivet.lt\/elparduotuve\/"},{"@type":"ListItem","position":2,"name":"Produktai","item":"https:\/\/anivet.lt\/elparduotuve\/produktai\/"},{"@type":"ListItem","position":3,"name":"Calibra Dog Life Adult Small Breed Chicken sausas maistas ma\u017e\u0173 veisli\u0173 \u0161unims su vi\u0161tiena"}]},{"@type":"WebSite","@id":"https:\/\/anivet.lt\/elparduotuve\/#website","url":"https:\/\/anivet.lt\/elparduotuve\/","name":"anivet.lt","description":"Viskas J\u016bs\u0173 \u0161uns, kat\u0117s prie\u017ei\u016brai","publisher":{"@id":"https:\/\/anivet.lt\/elparduotuve\/#organization"},"alternateName":"Viskas J\u016bs\u0173 \u0161uns, kat\u0117s prie\u017ei\u016brai","potentialAction":[{"@type":"SearchAction","target":{"@type":"EntryPoint","urlTemplate":"https:\/\/anivet.lt\/elparduotuve\/?s={search_term_string}"},"query-input":{"@type":"PropertyValueSpecification","valueRequired":true,"valueName":"search_term_string"}}],"inLanguage":"lt-LT"},{"@type":"Organization","@id":"https:\/\/anivet.lt\/elparduotuve\/#organization","name":"Viskas J\u016bs\u0173 \u0161uns, kat\u0117s prie\u017ei\u016brai","url":"https:\/\/anivet.lt\/elparduotuve\/","logo":{"@type":"ImageObject","inLanguage":"lt-LT","@id":"https:\/\/anivet.lt\/elparduotuve\/#\/schema\/logo\/image\/","url":"https:\/\/anivet.lt\/elparduotuve\/wp-content\/uploads\/2023\/06\/logo2.jpg","contentUrl":"https:\/\/anivet.lt\/elparduotuve\/wp-content\/uploads\/2023\/06\/logo2.jpg","width":655,"height":194,"caption":"Viskas J\u016bs\u0173 \u0161uns, kat\u0117s prie\u017ei\u016brai"},"image":{"@id":"https:\/\/anivet.lt\/elparduotuve\/#\/schema\/logo\/image\/"}}]}},"_links":{"self":[{"href":"https:\/\/anivet.lt\/elparduotuve\/wp-json\/wp\/v2\/product\/10844","targetHints":{"allow":["GET"]}}],"collection":[{"href":"https:\/\/anivet.lt\/elparduotuve\/wp-json\/wp\/v2\/product"}],"about":[{"href":"https:\/\/anivet.lt\/elparduotuve\/wp-json\/wp\/v2\/types\/product"}],"wp:featuredmedia":[{"embeddable":true,"href":"https:\/\/anivet.lt\/elparduotuve\/wp-json\/wp\/v2\/media\/10845"}],"wp:attachment":[{"href":"https:\/\/anivet.lt\/elparduotuve\/wp-json\/wp\/v2\/media?parent=10844"}],"wp:term":[{"taxonomy":"product_brand","embeddable":true,"href":"https:\/\/anivet.lt\/elparduotuve\/wp-json\/wp\/v2\/product_brand?post=10844"},{"taxonomy":"product_cat","embeddable":true,"href":"https:\/\/anivet.lt\/elparduotuve\/wp-json\/wp\/v2\/product_cat?post=10844"},{"taxonomy":"product_tag","embeddable":true,"href":"https:\/\/anivet.lt\/elparduotuve\/wp-json\/wp\/v2\/product_tag?post=10844"}],"curies":[{"name":"wp","href":"https:\/\/api.w.org\/{rel}","templated":true}]}}