{"id":10852,"date":"2023-07-27T08:30:10","date_gmt":"2023-07-27T08:30:10","guid":{"rendered":"https:\/\/anivet.lt\/elparduotuve\/?post_type=product&#038;p=10852"},"modified":"2025-08-07T08:41:21","modified_gmt":"2025-08-07T08:41:21","slug":"calibra-dog-life-senior-mediumlarge-chicken-sausas-maistas-senjorams-sunims-su-vistiena","status":"publish","type":"product","link":"https:\/\/anivet.lt\/elparduotuve\/produktas\/calibra-dog-life-senior-mediumlarge-chicken-sausas-maistas-senjorams-sunims-su-vistiena\/","title":{"rendered":"Calibra Dog Life Senior Medium&amp;Large Chicken sausas maistas senjorams \u0161unims su vi\u0161tiena 2,5kg"},"content":{"rendered":"<ul>\n<li style=\"font-weight: 400;\" aria-level=\"1\"><span style=\"font-weight: 400;\">Didelis gyv\u016bnin\u0117s kilm\u0117s baltym\u0173 kiekis: Net 85 % vis\u0173 baltym\u0173 sudaro gyv\u016bnin\u0117s kilm\u0117s baltymai, padedantys i\u0161laikyti raumen\u0173 mas\u0119 ir bendr\u0105 organizmo stiprum\u0105.<\/span><\/li>\n<li style=\"font-weight: 400;\" aria-level=\"1\"><span style=\"font-weight: 400;\">Chondroprotektoriai s\u0105nariams: Sud\u0117tyje esantis gliukozaminas ir chondroitino sulfatas maitina kremzles ir l\u0117tina j\u0173 nusid\u0117v\u0117jim\u0105.<\/span><\/li>\n<li style=\"font-weight: 400;\" aria-level=\"1\"><span style=\"font-weight: 400;\">Prebiotikai ir \u0161eriuotoji juka: Skatina sveik\u0105 vir\u0161kinim\u0105, ma\u017eina viduri\u0173 p\u016btim\u0105 ir u\u017etikrina geresn\u0119 i\u0161mat\u0173 kokyb\u0119.<\/span><\/li>\n<li style=\"font-weight: 400;\" aria-level=\"1\"><span style=\"font-weight: 400;\">Omega-3 ir Omega-6 riebiosios r\u016bg\u0161tys: Gerina odos ir kailio b\u016bkl\u0119, ma\u017eina u\u017edegim\u0105 ir stiprina imunin\u0119 sistem\u0105.<\/span><\/li>\n<li style=\"font-weight: 400;\" aria-level=\"1\"><span style=\"font-weight: 400;\">Vitaminai ir chelatiniai mineralai: Palaiko bendr\u0105 sveikat\u0105 ir stiprina organizmo atsparum\u0105 ligoms.\u00a0<\/span><\/li>\n<\/ul>\n<p><span style=\"font-weight: 400;\">Puikus pasirinkimas vyresniems \u0161unims, siekiant i\u0161laikyti j\u0173 sveikat\u0105 ir energij\u0105. Pa\u0161aras prisideda prie s\u0105nari\u0173, vir\u0161kinimo sistemos ir imuniteto stiprinimo, tod\u0117l j\u016bs\u0173 augintinis gal\u0117s m\u0117gautis aktyviu gyvenimu net senatv\u0117je. <\/span><\/p>\n","protected":false},"excerpt":{"rendered":"<p><span style=\"font-weight: 400;\">\u0160is visavertis sausas pa\u0161aras yra specialiai sukurtas vyresniems vidutini\u0173 ir dideli\u0173 veisli\u0173 \u0161unims, sveriantiems daugiau nei 10 kg ir vyresniems nei 6 met\u0173. Pa\u0161are esan\u010dios maistin\u0117s med\u017eiagos, subalansuoti baltymai ir vitaminai u\u017etikrina sveik\u0105 senjoro augintinio gyvenimo kokyb\u0119.<\/span><\/p>\n","protected":false},"featured_media":10853,"template":"","meta":[],"product_brand":[],"product_cat":[101,103,104,332],"product_tag":[],"class_list":{"0":"post-10852","1":"product","2":"type-product","3":"status-publish","4":"has-post-thumbnail","6":"product_cat-sunims","7":"product_cat-sunu-maistas","8":"product_cat-sausas-maistas","9":"product_cat-calibra-sunu-maistas","10":"pa_prekinis-zenklas-calibra","12":"first","13":"outofstock","14":"taxable","15":"shipping-taxable","16":"purchasable","17":"product-type-simple"},"yoast_head":"<!-- This site is optimized with the Yoast SEO Premium plugin v27.1 (Yoast SEO v27.3) - https:\/\/yoast.com\/product\/yoast-seo-premium-wordpress\/ -->\n<title>Calibra Dog Life Senior Medium&amp;Large Chicken sausas maistas senjorams \u0161unims su vi\u0161tiena 2,5kg - anivet.lt<\/title>\n<meta name=\"description\" content=\"\u0160is visavertis sausas pa\u0161aras yra specialiai sukurtas vyresniems vidutini\u0173 ir dideli\u0173 veisli\u0173 \u0161unims, sveriantiems daugiau nei 10 kg ir vyresniems nei 6 met\u0173. Pa\u0161are esan\u010dios maistin\u0117s med\u017eiagos, subalansuoti baltymai ir vitaminai u\u017etikrina sveik\u0105 senjoro augintinio gyvenimo kokyb\u0119.\" \/>\n<meta name=\"robots\" content=\"index, follow, max-snippet:-1, max-image-preview:large, max-video-preview:-1\" \/>\n<link rel=\"canonical\" href=\"https:\/\/anivet.lt\/elparduotuve\/produktas\/calibra-dog-life-senior-mediumlarge-chicken-sausas-maistas-senjorams-sunims-su-vistiena\/\" \/>\n<meta property=\"og:locale\" content=\"lt_LT\" \/>\n<meta property=\"og:type\" content=\"article\" \/>\n<meta property=\"og:title\" content=\"Calibra Dog Life Senior Medium&amp;Large Chicken sausas maistas senjorams \u0161unims su vi\u0161tiena 2,5kg\" \/>\n<meta property=\"og:description\" content=\"\u0160is visavertis sausas pa\u0161aras yra specialiai sukurtas vyresniems vidutini\u0173 ir dideli\u0173 veisli\u0173 \u0161unims, sveriantiems daugiau nei 10 kg ir vyresniems nei 6 met\u0173. Pa\u0161are esan\u010dios maistin\u0117s med\u017eiagos, subalansuoti baltymai ir vitaminai u\u017etikrina sveik\u0105 senjoro augintinio gyvenimo kokyb\u0119.\" \/>\n<meta property=\"og:url\" content=\"https:\/\/anivet.lt\/elparduotuve\/produktas\/calibra-dog-life-senior-mediumlarge-chicken-sausas-maistas-senjorams-sunims-su-vistiena\/\" \/>\n<meta property=\"og:site_name\" content=\"anivet.lt\" \/>\n<meta property=\"article:modified_time\" content=\"2025-08-07T08:41:21+00:00\" \/>\n<meta property=\"og:image\" content=\"https:\/\/anivet.lt\/elparduotuve\/wp-content\/uploads\/2023\/07\/355-calibra-dog-life-senior-medium-large-chicken.webp\" \/>\n\t<meta property=\"og:image:width\" content=\"1920\" \/>\n\t<meta property=\"og:image:height\" content=\"1920\" \/>\n\t<meta property=\"og:image:type\" content=\"image\/webp\" \/>\n<meta name=\"twitter:card\" content=\"summary_large_image\" \/>\n<meta name=\"twitter:label1\" content=\"Est. reading time\" \/>\n\t<meta name=\"twitter:data1\" content=\"1 minut\u0117\" \/>\n<script type=\"application\/ld+json\" class=\"yoast-schema-graph\">{\"@context\":\"https:\\\/\\\/schema.org\",\"@graph\":[{\"@type\":\"WebPage\",\"@id\":\"https:\\\/\\\/anivet.lt\\\/elparduotuve\\\/produktas\\\/calibra-dog-life-senior-mediumlarge-chicken-sausas-maistas-senjorams-sunims-su-vistiena\\\/\",\"url\":\"https:\\\/\\\/anivet.lt\\\/elparduotuve\\\/produktas\\\/calibra-dog-life-senior-mediumlarge-chicken-sausas-maistas-senjorams-sunims-su-vistiena\\\/\",\"name\":\"Calibra Dog Life Senior Medium&amp;Large Chicken sausas maistas senjorams \u0161unims su vi\u0161tiena 2,5kg - anivet.lt\",\"isPartOf\":{\"@id\":\"https:\\\/\\\/anivet.lt\\\/elparduotuve\\\/#website\"},\"primaryImageOfPage\":{\"@id\":\"https:\\\/\\\/anivet.lt\\\/elparduotuve\\\/produktas\\\/calibra-dog-life-senior-mediumlarge-chicken-sausas-maistas-senjorams-sunims-su-vistiena\\\/#primaryimage\"},\"image\":{\"@id\":\"https:\\\/\\\/anivet.lt\\\/elparduotuve\\\/produktas\\\/calibra-dog-life-senior-mediumlarge-chicken-sausas-maistas-senjorams-sunims-su-vistiena\\\/#primaryimage\"},\"thumbnailUrl\":\"https:\\\/\\\/anivet.lt\\\/elparduotuve\\\/wp-content\\\/uploads\\\/2023\\\/07\\\/355-calibra-dog-life-senior-medium-large-chicken.webp\",\"datePublished\":\"2023-07-27T08:30:10+00:00\",\"dateModified\":\"2025-08-07T08:41:21+00:00\",\"description\":\"\u0160is visavertis sausas pa\u0161aras yra specialiai sukurtas vyresniems vidutini\u0173 ir dideli\u0173 veisli\u0173 \u0161unims, sveriantiems daugiau nei 10 kg ir vyresniems nei 6 met\u0173. Pa\u0161are esan\u010dios maistin\u0117s med\u017eiagos, subalansuoti baltymai ir vitaminai u\u017etikrina sveik\u0105 senjoro augintinio gyvenimo kokyb\u0119.\",\"breadcrumb\":{\"@id\":\"https:\\\/\\\/anivet.lt\\\/elparduotuve\\\/produktas\\\/calibra-dog-life-senior-mediumlarge-chicken-sausas-maistas-senjorams-sunims-su-vistiena\\\/#breadcrumb\"},\"inLanguage\":\"lt-LT\",\"potentialAction\":[{\"@type\":\"ReadAction\",\"target\":[\"https:\\\/\\\/anivet.lt\\\/elparduotuve\\\/produktas\\\/calibra-dog-life-senior-mediumlarge-chicken-sausas-maistas-senjorams-sunims-su-vistiena\\\/\"]}]},{\"@type\":\"ImageObject\",\"inLanguage\":\"lt-LT\",\"@id\":\"https:\\\/\\\/anivet.lt\\\/elparduotuve\\\/produktas\\\/calibra-dog-life-senior-mediumlarge-chicken-sausas-maistas-senjorams-sunims-su-vistiena\\\/#primaryimage\",\"url\":\"https:\\\/\\\/anivet.lt\\\/elparduotuve\\\/wp-content\\\/uploads\\\/2023\\\/07\\\/355-calibra-dog-life-senior-medium-large-chicken.webp\",\"contentUrl\":\"https:\\\/\\\/anivet.lt\\\/elparduotuve\\\/wp-content\\\/uploads\\\/2023\\\/07\\\/355-calibra-dog-life-senior-medium-large-chicken.webp\",\"width\":1920,\"height\":1920,\"caption\":\"Calibra Dog Life Senior Medium&amp;Large Chicken sausas maistas senjorams \u0161unims su vi\u0161tiena 2,5kg\"},{\"@type\":\"BreadcrumbList\",\"@id\":\"https:\\\/\\\/anivet.lt\\\/elparduotuve\\\/produktas\\\/calibra-dog-life-senior-mediumlarge-chicken-sausas-maistas-senjorams-sunims-su-vistiena\\\/#breadcrumb\",\"itemListElement\":[{\"@type\":\"ListItem\",\"position\":1,\"name\":\"Home\",\"item\":\"https:\\\/\\\/anivet.lt\\\/elparduotuve\\\/\"},{\"@type\":\"ListItem\",\"position\":2,\"name\":\"Produktai\",\"item\":\"https:\\\/\\\/anivet.lt\\\/elparduotuve\\\/produktai\\\/\"},{\"@type\":\"ListItem\",\"position\":3,\"name\":\"Calibra Dog Life Senior Medium&amp;Large Chicken sausas maistas senjorams \u0161unims su vi\u0161tiena 2,5kg\"}]},{\"@type\":\"WebSite\",\"@id\":\"https:\\\/\\\/anivet.lt\\\/elparduotuve\\\/#website\",\"url\":\"https:\\\/\\\/anivet.lt\\\/elparduotuve\\\/\",\"name\":\"anivet.lt\",\"description\":\"Viskas J\u016bs\u0173 \u0161uns, kat\u0117s prie\u017ei\u016brai\",\"publisher\":{\"@id\":\"https:\\\/\\\/anivet.lt\\\/elparduotuve\\\/#organization\"},\"alternateName\":\"Viskas J\u016bs\u0173 \u0161uns, kat\u0117s prie\u017ei\u016brai\",\"potentialAction\":[{\"@type\":\"SearchAction\",\"target\":{\"@type\":\"EntryPoint\",\"urlTemplate\":\"https:\\\/\\\/anivet.lt\\\/elparduotuve\\\/?s={search_term_string}\"},\"query-input\":{\"@type\":\"PropertyValueSpecification\",\"valueRequired\":true,\"valueName\":\"search_term_string\"}}],\"inLanguage\":\"lt-LT\"},{\"@type\":\"Organization\",\"@id\":\"https:\\\/\\\/anivet.lt\\\/elparduotuve\\\/#organization\",\"name\":\"Viskas J\u016bs\u0173 \u0161uns, kat\u0117s prie\u017ei\u016brai\",\"url\":\"https:\\\/\\\/anivet.lt\\\/elparduotuve\\\/\",\"logo\":{\"@type\":\"ImageObject\",\"inLanguage\":\"lt-LT\",\"@id\":\"https:\\\/\\\/anivet.lt\\\/elparduotuve\\\/#\\\/schema\\\/logo\\\/image\\\/\",\"url\":\"https:\\\/\\\/anivet.lt\\\/elparduotuve\\\/wp-content\\\/uploads\\\/2023\\\/06\\\/logo2.jpg\",\"contentUrl\":\"https:\\\/\\\/anivet.lt\\\/elparduotuve\\\/wp-content\\\/uploads\\\/2023\\\/06\\\/logo2.jpg\",\"width\":655,\"height\":194,\"caption\":\"Viskas J\u016bs\u0173 \u0161uns, kat\u0117s prie\u017ei\u016brai\"},\"image\":{\"@id\":\"https:\\\/\\\/anivet.lt\\\/elparduotuve\\\/#\\\/schema\\\/logo\\\/image\\\/\"}}]}<\/script>\n<!-- \/ Yoast SEO Premium plugin. -->","yoast_head_json":{"title":"Calibra Dog Life Senior Medium&amp;Large Chicken sausas maistas senjorams \u0161unims su vi\u0161tiena 2,5kg - anivet.lt","description":"\u0160is visavertis sausas pa\u0161aras yra specialiai sukurtas vyresniems vidutini\u0173 ir dideli\u0173 veisli\u0173 \u0161unims, sveriantiems daugiau nei 10 kg ir vyresniems nei 6 met\u0173. Pa\u0161are esan\u010dios maistin\u0117s med\u017eiagos, subalansuoti baltymai ir vitaminai u\u017etikrina sveik\u0105 senjoro augintinio gyvenimo kokyb\u0119.","robots":{"index":"index","follow":"follow","max-snippet":"max-snippet:-1","max-image-preview":"max-image-preview:large","max-video-preview":"max-video-preview:-1"},"canonical":"https:\/\/anivet.lt\/elparduotuve\/produktas\/calibra-dog-life-senior-mediumlarge-chicken-sausas-maistas-senjorams-sunims-su-vistiena\/","og_locale":"lt_LT","og_type":"article","og_title":"Calibra Dog Life Senior Medium&amp;Large Chicken sausas maistas senjorams \u0161unims su vi\u0161tiena 2,5kg","og_description":"\u0160is visavertis sausas pa\u0161aras yra specialiai sukurtas vyresniems vidutini\u0173 ir dideli\u0173 veisli\u0173 \u0161unims, sveriantiems daugiau nei 10 kg ir vyresniems nei 6 met\u0173. Pa\u0161are esan\u010dios maistin\u0117s med\u017eiagos, subalansuoti baltymai ir vitaminai u\u017etikrina sveik\u0105 senjoro augintinio gyvenimo kokyb\u0119.","og_url":"https:\/\/anivet.lt\/elparduotuve\/produktas\/calibra-dog-life-senior-mediumlarge-chicken-sausas-maistas-senjorams-sunims-su-vistiena\/","og_site_name":"anivet.lt","article_modified_time":"2025-08-07T08:41:21+00:00","og_image":[{"width":1920,"height":1920,"url":"https:\/\/anivet.lt\/elparduotuve\/wp-content\/uploads\/2023\/07\/355-calibra-dog-life-senior-medium-large-chicken.webp","type":"image\/webp"}],"twitter_card":"summary_large_image","twitter_misc":{"Est. reading time":"1 minut\u0117"},"schema":{"@context":"https:\/\/schema.org","@graph":[{"@type":"WebPage","@id":"https:\/\/anivet.lt\/elparduotuve\/produktas\/calibra-dog-life-senior-mediumlarge-chicken-sausas-maistas-senjorams-sunims-su-vistiena\/","url":"https:\/\/anivet.lt\/elparduotuve\/produktas\/calibra-dog-life-senior-mediumlarge-chicken-sausas-maistas-senjorams-sunims-su-vistiena\/","name":"Calibra Dog Life Senior Medium&amp;Large Chicken sausas maistas senjorams \u0161unims su vi\u0161tiena 2,5kg - anivet.lt","isPartOf":{"@id":"https:\/\/anivet.lt\/elparduotuve\/#website"},"primaryImageOfPage":{"@id":"https:\/\/anivet.lt\/elparduotuve\/produktas\/calibra-dog-life-senior-mediumlarge-chicken-sausas-maistas-senjorams-sunims-su-vistiena\/#primaryimage"},"image":{"@id":"https:\/\/anivet.lt\/elparduotuve\/produktas\/calibra-dog-life-senior-mediumlarge-chicken-sausas-maistas-senjorams-sunims-su-vistiena\/#primaryimage"},"thumbnailUrl":"https:\/\/anivet.lt\/elparduotuve\/wp-content\/uploads\/2023\/07\/355-calibra-dog-life-senior-medium-large-chicken.webp","datePublished":"2023-07-27T08:30:10+00:00","dateModified":"2025-08-07T08:41:21+00:00","description":"\u0160is visavertis sausas pa\u0161aras yra specialiai sukurtas vyresniems vidutini\u0173 ir dideli\u0173 veisli\u0173 \u0161unims, sveriantiems daugiau nei 10 kg ir vyresniems nei 6 met\u0173. Pa\u0161are esan\u010dios maistin\u0117s med\u017eiagos, subalansuoti baltymai ir vitaminai u\u017etikrina sveik\u0105 senjoro augintinio gyvenimo kokyb\u0119.","breadcrumb":{"@id":"https:\/\/anivet.lt\/elparduotuve\/produktas\/calibra-dog-life-senior-mediumlarge-chicken-sausas-maistas-senjorams-sunims-su-vistiena\/#breadcrumb"},"inLanguage":"lt-LT","potentialAction":[{"@type":"ReadAction","target":["https:\/\/anivet.lt\/elparduotuve\/produktas\/calibra-dog-life-senior-mediumlarge-chicken-sausas-maistas-senjorams-sunims-su-vistiena\/"]}]},{"@type":"ImageObject","inLanguage":"lt-LT","@id":"https:\/\/anivet.lt\/elparduotuve\/produktas\/calibra-dog-life-senior-mediumlarge-chicken-sausas-maistas-senjorams-sunims-su-vistiena\/#primaryimage","url":"https:\/\/anivet.lt\/elparduotuve\/wp-content\/uploads\/2023\/07\/355-calibra-dog-life-senior-medium-large-chicken.webp","contentUrl":"https:\/\/anivet.lt\/elparduotuve\/wp-content\/uploads\/2023\/07\/355-calibra-dog-life-senior-medium-large-chicken.webp","width":1920,"height":1920,"caption":"Calibra Dog Life Senior Medium&amp;Large Chicken sausas maistas senjorams \u0161unims su vi\u0161tiena 2,5kg"},{"@type":"BreadcrumbList","@id":"https:\/\/anivet.lt\/elparduotuve\/produktas\/calibra-dog-life-senior-mediumlarge-chicken-sausas-maistas-senjorams-sunims-su-vistiena\/#breadcrumb","itemListElement":[{"@type":"ListItem","position":1,"name":"Home","item":"https:\/\/anivet.lt\/elparduotuve\/"},{"@type":"ListItem","position":2,"name":"Produktai","item":"https:\/\/anivet.lt\/elparduotuve\/produktai\/"},{"@type":"ListItem","position":3,"name":"Calibra Dog Life Senior Medium&amp;Large Chicken sausas maistas senjorams \u0161unims su vi\u0161tiena 2,5kg"}]},{"@type":"WebSite","@id":"https:\/\/anivet.lt\/elparduotuve\/#website","url":"https:\/\/anivet.lt\/elparduotuve\/","name":"anivet.lt","description":"Viskas J\u016bs\u0173 \u0161uns, kat\u0117s prie\u017ei\u016brai","publisher":{"@id":"https:\/\/anivet.lt\/elparduotuve\/#organization"},"alternateName":"Viskas J\u016bs\u0173 \u0161uns, kat\u0117s prie\u017ei\u016brai","potentialAction":[{"@type":"SearchAction","target":{"@type":"EntryPoint","urlTemplate":"https:\/\/anivet.lt\/elparduotuve\/?s={search_term_string}"},"query-input":{"@type":"PropertyValueSpecification","valueRequired":true,"valueName":"search_term_string"}}],"inLanguage":"lt-LT"},{"@type":"Organization","@id":"https:\/\/anivet.lt\/elparduotuve\/#organization","name":"Viskas J\u016bs\u0173 \u0161uns, kat\u0117s prie\u017ei\u016brai","url":"https:\/\/anivet.lt\/elparduotuve\/","logo":{"@type":"ImageObject","inLanguage":"lt-LT","@id":"https:\/\/anivet.lt\/elparduotuve\/#\/schema\/logo\/image\/","url":"https:\/\/anivet.lt\/elparduotuve\/wp-content\/uploads\/2023\/06\/logo2.jpg","contentUrl":"https:\/\/anivet.lt\/elparduotuve\/wp-content\/uploads\/2023\/06\/logo2.jpg","width":655,"height":194,"caption":"Viskas J\u016bs\u0173 \u0161uns, kat\u0117s prie\u017ei\u016brai"},"image":{"@id":"https:\/\/anivet.lt\/elparduotuve\/#\/schema\/logo\/image\/"}}]}},"_links":{"self":[{"href":"https:\/\/anivet.lt\/elparduotuve\/wp-json\/wp\/v2\/product\/10852","targetHints":{"allow":["GET"]}}],"collection":[{"href":"https:\/\/anivet.lt\/elparduotuve\/wp-json\/wp\/v2\/product"}],"about":[{"href":"https:\/\/anivet.lt\/elparduotuve\/wp-json\/wp\/v2\/types\/product"}],"wp:featuredmedia":[{"embeddable":true,"href":"https:\/\/anivet.lt\/elparduotuve\/wp-json\/wp\/v2\/media\/10853"}],"wp:attachment":[{"href":"https:\/\/anivet.lt\/elparduotuve\/wp-json\/wp\/v2\/media?parent=10852"}],"wp:term":[{"taxonomy":"product_brand","embeddable":true,"href":"https:\/\/anivet.lt\/elparduotuve\/wp-json\/wp\/v2\/product_brand?post=10852"},{"taxonomy":"product_cat","embeddable":true,"href":"https:\/\/anivet.lt\/elparduotuve\/wp-json\/wp\/v2\/product_cat?post=10852"},{"taxonomy":"product_tag","embeddable":true,"href":"https:\/\/anivet.lt\/elparduotuve\/wp-json\/wp\/v2\/product_tag?post=10852"}],"curies":[{"name":"wp","href":"https:\/\/api.w.org\/{rel}","templated":true}]}}