{"id":10855,"date":"2023-07-27T08:59:07","date_gmt":"2023-07-27T08:59:07","guid":{"rendered":"https:\/\/anivet.lt\/elparduotuve\/?post_type=product&#038;p=10855"},"modified":"2026-01-13T17:18:25","modified_gmt":"2026-01-13T17:18:25","slug":"calibra-dog-life-senior-small-breed-lamb-sausas-maistas-senjorams-mazu-veisliu-sunims-15kgsu-eriena","status":"publish","type":"product","link":"https:\/\/anivet.lt\/elparduotuve\/produktas\/calibra-dog-life-senior-small-breed-lamb-sausas-maistas-senjorams-mazu-veisliu-sunims-15kgsu-eriena\/","title":{"rendered":"Calibra Dog Life Senior Small Breed Lamb sausas maistas senjorams ma\u017e\u0173 veisli\u0173 \u0161unims su \u0117riena 1,5kg"},"content":{"rendered":"<p><span style=\"font-weight: 400;\">\u0160is superpremium linijos pa\u0161aras skirtas ma\u017e\u0173 veisli\u0173 vyresniems \u0161unims (iki 10 kg, vyresniems nei 7 met\u0173). Hipoalerginis ir lengvai vir\u0161kinamas, jis u\u017etikrina tinkam\u0105 mityb\u0105 bei palaiko vyresni\u0173 \u0161un\u0173 organizmo funkcijas.<\/span><\/p>\n<ul>\n<li style=\"font-weight: 400;\" aria-level=\"1\"><span style=\"font-weight: 400;\">Auk\u0161tos kokyb\u0117s \u0117riena: Puikiai toleruojamas baltym\u0173 \u0161altinis.<\/span><\/li>\n<li style=\"font-weight: 400;\" aria-level=\"1\"><span style=\"font-weight: 400;\">Prebiotikai: Gerina vir\u0161kinim\u0105 ir palaiko sveik\u0105 \u017earnyno mikroflor\u0105.<\/span><\/li>\n<li style=\"font-weight: 400;\" aria-level=\"1\"><span style=\"font-weight: 400;\">La\u0161i\u0161\u0173 aliejus: Turtingas omega-3 riebal\u0173 r\u016bg\u0161timis, kurios gerina odos ir kailio b\u016bkl\u0119 bei turi prie\u0161u\u017edegimin\u012f poveik\u012f.<\/span><\/li>\n<li style=\"font-weight: 400;\" aria-level=\"1\"><span style=\"font-weight: 400;\">Vitaminai ir chelatiniai mineralai: Stiprina imunin\u0119 sistem\u0105 ir palaiko normali\u0105 organizmo veikl\u0105.<\/span><\/li>\n<li style=\"font-weight: 400;\" aria-level=\"1\"><span style=\"font-weight: 400;\">\u03b2-gliukanai: Padeda stiprinti imunin\u0119 sistem\u0105.<\/span><\/li>\n<li style=\"font-weight: 400;\" aria-level=\"1\"><span style=\"font-weight: 400;\">Laktobacilos: Veikia kaip parabiotikai, skatinantys imunitet\u0105.<\/span><\/li>\n<\/ul>\n<p><span style=\"font-weight: 400;\">Pa\u0161aras sukurtas atsi\u017evelgiant \u012f vyresnio am\u017eiaus ma\u017e\u0173 veisli\u0173 \u0161un\u0173 poreikius. Jis palaiko sveik\u0105 vir\u0161kinim\u0105, stiprina imunin\u0119 sistem\u0105 ir prisideda prie geros odos bei kailio b\u016bkl\u0117s. Naudojant auk\u0161tos kokyb\u0117s ingredientus ir minimal\u0173 gr\u016bdini\u0173 produkt\u0173 kiek\u012f, pa\u0161aras u\u017etikrina lengv\u0105 toleravim\u0105 ir puik\u0173 skon\u012f net jautresniems augintiniams.<\/span><\/p>\n","protected":false},"excerpt":{"rendered":"<p>\u0160is superpremium linijos pa\u0161aras skirtas ma\u017e\u0173 veisli\u0173 vyresniems \u0161unims (iki 10 kg, vyresniems nei 7 met\u0173). Hipoalerginis ir lengvai vir\u0161kinamas,<\/p>\n","protected":false},"featured_media":10856,"template":"","meta":[],"product_brand":[],"product_cat":[101,103,104,332],"product_tag":[],"class_list":{"0":"post-10855","1":"product","2":"type-product","3":"status-publish","4":"has-post-thumbnail","6":"product_cat-sunims","7":"product_cat-sunu-maistas","8":"product_cat-sausas-maistas","9":"product_cat-calibra-sunu-maistas","10":"pa_prekinis-zenklas-calibra","12":"first","13":"instock","14":"taxable","15":"shipping-taxable","16":"purchasable","17":"product-type-simple"},"yoast_head":"<!-- This site is optimized with the Yoast SEO Premium plugin v27.1 (Yoast SEO v27.3) - https:\/\/yoast.com\/product\/yoast-seo-premium-wordpress\/ -->\n<title>Calibra Dog Life Senior Small Breed Lamb sausas maistas senjorams ma\u017e\u0173 veisli\u0173 \u0161unims su \u0117riena 1,5kg - anivet.lt<\/title>\n<meta name=\"description\" content=\"\u0160is superpremium linijos pa\u0161aras skirtas ma\u017e\u0173 veisli\u0173 vyresniems \u0161unims (iki 10 kg, vyresniems nei 7 met\u0173). Hipoalerginis ir lengvai vir\u0161kinamas, jis\" \/>\n<meta name=\"robots\" content=\"index, follow, max-snippet:-1, max-image-preview:large, max-video-preview:-1\" \/>\n<link rel=\"canonical\" href=\"https:\/\/anivet.lt\/elparduotuve\/produktas\/calibra-dog-life-senior-small-breed-lamb-sausas-maistas-senjorams-mazu-veisliu-sunims-15kgsu-eriena\/\" \/>\n<meta property=\"og:locale\" content=\"lt_LT\" \/>\n<meta property=\"og:type\" content=\"article\" \/>\n<meta property=\"og:title\" content=\"Calibra Dog Life Senior Small Breed Lamb sausas maistas senjorams ma\u017e\u0173 veisli\u0173 \u0161unims su \u0117riena 1,5kg\" \/>\n<meta property=\"og:description\" content=\"\u0160is superpremium linijos pa\u0161aras skirtas ma\u017e\u0173 veisli\u0173 vyresniems \u0161unims (iki 10 kg, vyresniems nei 7 met\u0173). Hipoalerginis ir lengvai vir\u0161kinamas, jis\" \/>\n<meta property=\"og:url\" content=\"https:\/\/anivet.lt\/elparduotuve\/produktas\/calibra-dog-life-senior-small-breed-lamb-sausas-maistas-senjorams-mazu-veisliu-sunims-15kgsu-eriena\/\" \/>\n<meta property=\"og:site_name\" content=\"anivet.lt\" \/>\n<meta property=\"article:modified_time\" content=\"2026-01-13T17:18:25+00:00\" \/>\n<meta property=\"og:image\" content=\"https:\/\/anivet.lt\/elparduotuve\/wp-content\/uploads\/2023\/07\/358-calibra-dog-life-senior-small-lamb.webp\" \/>\n\t<meta property=\"og:image:width\" content=\"1920\" \/>\n\t<meta property=\"og:image:height\" content=\"1920\" \/>\n\t<meta property=\"og:image:type\" content=\"image\/webp\" \/>\n<meta name=\"twitter:card\" content=\"summary_large_image\" \/>\n<meta name=\"twitter:label1\" content=\"Est. reading time\" \/>\n\t<meta name=\"twitter:data1\" content=\"1 minut\u0117\" \/>\n<script type=\"application\/ld+json\" class=\"yoast-schema-graph\">{\"@context\":\"https:\\\/\\\/schema.org\",\"@graph\":[{\"@type\":\"WebPage\",\"@id\":\"https:\\\/\\\/anivet.lt\\\/elparduotuve\\\/produktas\\\/calibra-dog-life-senior-small-breed-lamb-sausas-maistas-senjorams-mazu-veisliu-sunims-15kgsu-eriena\\\/\",\"url\":\"https:\\\/\\\/anivet.lt\\\/elparduotuve\\\/produktas\\\/calibra-dog-life-senior-small-breed-lamb-sausas-maistas-senjorams-mazu-veisliu-sunims-15kgsu-eriena\\\/\",\"name\":\"Calibra Dog Life Senior Small Breed Lamb sausas maistas senjorams ma\u017e\u0173 veisli\u0173 \u0161unims su \u0117riena 1,5kg - anivet.lt\",\"isPartOf\":{\"@id\":\"https:\\\/\\\/anivet.lt\\\/elparduotuve\\\/#website\"},\"primaryImageOfPage\":{\"@id\":\"https:\\\/\\\/anivet.lt\\\/elparduotuve\\\/produktas\\\/calibra-dog-life-senior-small-breed-lamb-sausas-maistas-senjorams-mazu-veisliu-sunims-15kgsu-eriena\\\/#primaryimage\"},\"image\":{\"@id\":\"https:\\\/\\\/anivet.lt\\\/elparduotuve\\\/produktas\\\/calibra-dog-life-senior-small-breed-lamb-sausas-maistas-senjorams-mazu-veisliu-sunims-15kgsu-eriena\\\/#primaryimage\"},\"thumbnailUrl\":\"https:\\\/\\\/anivet.lt\\\/elparduotuve\\\/wp-content\\\/uploads\\\/2023\\\/07\\\/358-calibra-dog-life-senior-small-lamb.webp\",\"datePublished\":\"2023-07-27T08:59:07+00:00\",\"dateModified\":\"2026-01-13T17:18:25+00:00\",\"description\":\"\u0160is superpremium linijos pa\u0161aras skirtas ma\u017e\u0173 veisli\u0173 vyresniems \u0161unims (iki 10 kg, vyresniems nei 7 met\u0173). Hipoalerginis ir lengvai vir\u0161kinamas, jis\",\"breadcrumb\":{\"@id\":\"https:\\\/\\\/anivet.lt\\\/elparduotuve\\\/produktas\\\/calibra-dog-life-senior-small-breed-lamb-sausas-maistas-senjorams-mazu-veisliu-sunims-15kgsu-eriena\\\/#breadcrumb\"},\"inLanguage\":\"lt-LT\",\"potentialAction\":[{\"@type\":\"ReadAction\",\"target\":[\"https:\\\/\\\/anivet.lt\\\/elparduotuve\\\/produktas\\\/calibra-dog-life-senior-small-breed-lamb-sausas-maistas-senjorams-mazu-veisliu-sunims-15kgsu-eriena\\\/\"]}]},{\"@type\":\"ImageObject\",\"inLanguage\":\"lt-LT\",\"@id\":\"https:\\\/\\\/anivet.lt\\\/elparduotuve\\\/produktas\\\/calibra-dog-life-senior-small-breed-lamb-sausas-maistas-senjorams-mazu-veisliu-sunims-15kgsu-eriena\\\/#primaryimage\",\"url\":\"https:\\\/\\\/anivet.lt\\\/elparduotuve\\\/wp-content\\\/uploads\\\/2023\\\/07\\\/358-calibra-dog-life-senior-small-lamb.webp\",\"contentUrl\":\"https:\\\/\\\/anivet.lt\\\/elparduotuve\\\/wp-content\\\/uploads\\\/2023\\\/07\\\/358-calibra-dog-life-senior-small-lamb.webp\",\"width\":1920,\"height\":1920,\"caption\":\"Calibra Dog Life Senior Small Breed Lamb sausas maistas senjorams ma\u017e\u0173 veisli\u0173 \u0161unims su \u0117riena 1,5kg\"},{\"@type\":\"BreadcrumbList\",\"@id\":\"https:\\\/\\\/anivet.lt\\\/elparduotuve\\\/produktas\\\/calibra-dog-life-senior-small-breed-lamb-sausas-maistas-senjorams-mazu-veisliu-sunims-15kgsu-eriena\\\/#breadcrumb\",\"itemListElement\":[{\"@type\":\"ListItem\",\"position\":1,\"name\":\"Home\",\"item\":\"https:\\\/\\\/anivet.lt\\\/elparduotuve\\\/\"},{\"@type\":\"ListItem\",\"position\":2,\"name\":\"Produktai\",\"item\":\"https:\\\/\\\/anivet.lt\\\/elparduotuve\\\/produktai\\\/\"},{\"@type\":\"ListItem\",\"position\":3,\"name\":\"Calibra Dog Life Senior Small Breed Lamb sausas maistas senjorams ma\u017e\u0173 veisli\u0173 \u0161unims su \u0117riena 1,5kg\"}]},{\"@type\":\"WebSite\",\"@id\":\"https:\\\/\\\/anivet.lt\\\/elparduotuve\\\/#website\",\"url\":\"https:\\\/\\\/anivet.lt\\\/elparduotuve\\\/\",\"name\":\"anivet.lt\",\"description\":\"Viskas J\u016bs\u0173 \u0161uns, kat\u0117s prie\u017ei\u016brai\",\"publisher\":{\"@id\":\"https:\\\/\\\/anivet.lt\\\/elparduotuve\\\/#organization\"},\"alternateName\":\"Viskas J\u016bs\u0173 \u0161uns, kat\u0117s prie\u017ei\u016brai\",\"potentialAction\":[{\"@type\":\"SearchAction\",\"target\":{\"@type\":\"EntryPoint\",\"urlTemplate\":\"https:\\\/\\\/anivet.lt\\\/elparduotuve\\\/?s={search_term_string}\"},\"query-input\":{\"@type\":\"PropertyValueSpecification\",\"valueRequired\":true,\"valueName\":\"search_term_string\"}}],\"inLanguage\":\"lt-LT\"},{\"@type\":\"Organization\",\"@id\":\"https:\\\/\\\/anivet.lt\\\/elparduotuve\\\/#organization\",\"name\":\"Viskas J\u016bs\u0173 \u0161uns, kat\u0117s prie\u017ei\u016brai\",\"url\":\"https:\\\/\\\/anivet.lt\\\/elparduotuve\\\/\",\"logo\":{\"@type\":\"ImageObject\",\"inLanguage\":\"lt-LT\",\"@id\":\"https:\\\/\\\/anivet.lt\\\/elparduotuve\\\/#\\\/schema\\\/logo\\\/image\\\/\",\"url\":\"https:\\\/\\\/anivet.lt\\\/elparduotuve\\\/wp-content\\\/uploads\\\/2023\\\/06\\\/logo2.jpg\",\"contentUrl\":\"https:\\\/\\\/anivet.lt\\\/elparduotuve\\\/wp-content\\\/uploads\\\/2023\\\/06\\\/logo2.jpg\",\"width\":655,\"height\":194,\"caption\":\"Viskas J\u016bs\u0173 \u0161uns, kat\u0117s prie\u017ei\u016brai\"},\"image\":{\"@id\":\"https:\\\/\\\/anivet.lt\\\/elparduotuve\\\/#\\\/schema\\\/logo\\\/image\\\/\"}}]}<\/script>\n<!-- \/ Yoast SEO Premium plugin. -->","yoast_head_json":{"title":"Calibra Dog Life Senior Small Breed Lamb sausas maistas senjorams ma\u017e\u0173 veisli\u0173 \u0161unims su \u0117riena 1,5kg - anivet.lt","description":"\u0160is superpremium linijos pa\u0161aras skirtas ma\u017e\u0173 veisli\u0173 vyresniems \u0161unims (iki 10 kg, vyresniems nei 7 met\u0173). Hipoalerginis ir lengvai vir\u0161kinamas, jis","robots":{"index":"index","follow":"follow","max-snippet":"max-snippet:-1","max-image-preview":"max-image-preview:large","max-video-preview":"max-video-preview:-1"},"canonical":"https:\/\/anivet.lt\/elparduotuve\/produktas\/calibra-dog-life-senior-small-breed-lamb-sausas-maistas-senjorams-mazu-veisliu-sunims-15kgsu-eriena\/","og_locale":"lt_LT","og_type":"article","og_title":"Calibra Dog Life Senior Small Breed Lamb sausas maistas senjorams ma\u017e\u0173 veisli\u0173 \u0161unims su \u0117riena 1,5kg","og_description":"\u0160is superpremium linijos pa\u0161aras skirtas ma\u017e\u0173 veisli\u0173 vyresniems \u0161unims (iki 10 kg, vyresniems nei 7 met\u0173). Hipoalerginis ir lengvai vir\u0161kinamas, jis","og_url":"https:\/\/anivet.lt\/elparduotuve\/produktas\/calibra-dog-life-senior-small-breed-lamb-sausas-maistas-senjorams-mazu-veisliu-sunims-15kgsu-eriena\/","og_site_name":"anivet.lt","article_modified_time":"2026-01-13T17:18:25+00:00","og_image":[{"width":1920,"height":1920,"url":"https:\/\/anivet.lt\/elparduotuve\/wp-content\/uploads\/2023\/07\/358-calibra-dog-life-senior-small-lamb.webp","type":"image\/webp"}],"twitter_card":"summary_large_image","twitter_misc":{"Est. reading time":"1 minut\u0117"},"schema":{"@context":"https:\/\/schema.org","@graph":[{"@type":"WebPage","@id":"https:\/\/anivet.lt\/elparduotuve\/produktas\/calibra-dog-life-senior-small-breed-lamb-sausas-maistas-senjorams-mazu-veisliu-sunims-15kgsu-eriena\/","url":"https:\/\/anivet.lt\/elparduotuve\/produktas\/calibra-dog-life-senior-small-breed-lamb-sausas-maistas-senjorams-mazu-veisliu-sunims-15kgsu-eriena\/","name":"Calibra Dog Life Senior Small Breed Lamb sausas maistas senjorams ma\u017e\u0173 veisli\u0173 \u0161unims su \u0117riena 1,5kg - anivet.lt","isPartOf":{"@id":"https:\/\/anivet.lt\/elparduotuve\/#website"},"primaryImageOfPage":{"@id":"https:\/\/anivet.lt\/elparduotuve\/produktas\/calibra-dog-life-senior-small-breed-lamb-sausas-maistas-senjorams-mazu-veisliu-sunims-15kgsu-eriena\/#primaryimage"},"image":{"@id":"https:\/\/anivet.lt\/elparduotuve\/produktas\/calibra-dog-life-senior-small-breed-lamb-sausas-maistas-senjorams-mazu-veisliu-sunims-15kgsu-eriena\/#primaryimage"},"thumbnailUrl":"https:\/\/anivet.lt\/elparduotuve\/wp-content\/uploads\/2023\/07\/358-calibra-dog-life-senior-small-lamb.webp","datePublished":"2023-07-27T08:59:07+00:00","dateModified":"2026-01-13T17:18:25+00:00","description":"\u0160is superpremium linijos pa\u0161aras skirtas ma\u017e\u0173 veisli\u0173 vyresniems \u0161unims (iki 10 kg, vyresniems nei 7 met\u0173). Hipoalerginis ir lengvai vir\u0161kinamas, jis","breadcrumb":{"@id":"https:\/\/anivet.lt\/elparduotuve\/produktas\/calibra-dog-life-senior-small-breed-lamb-sausas-maistas-senjorams-mazu-veisliu-sunims-15kgsu-eriena\/#breadcrumb"},"inLanguage":"lt-LT","potentialAction":[{"@type":"ReadAction","target":["https:\/\/anivet.lt\/elparduotuve\/produktas\/calibra-dog-life-senior-small-breed-lamb-sausas-maistas-senjorams-mazu-veisliu-sunims-15kgsu-eriena\/"]}]},{"@type":"ImageObject","inLanguage":"lt-LT","@id":"https:\/\/anivet.lt\/elparduotuve\/produktas\/calibra-dog-life-senior-small-breed-lamb-sausas-maistas-senjorams-mazu-veisliu-sunims-15kgsu-eriena\/#primaryimage","url":"https:\/\/anivet.lt\/elparduotuve\/wp-content\/uploads\/2023\/07\/358-calibra-dog-life-senior-small-lamb.webp","contentUrl":"https:\/\/anivet.lt\/elparduotuve\/wp-content\/uploads\/2023\/07\/358-calibra-dog-life-senior-small-lamb.webp","width":1920,"height":1920,"caption":"Calibra Dog Life Senior Small Breed Lamb sausas maistas senjorams ma\u017e\u0173 veisli\u0173 \u0161unims su \u0117riena 1,5kg"},{"@type":"BreadcrumbList","@id":"https:\/\/anivet.lt\/elparduotuve\/produktas\/calibra-dog-life-senior-small-breed-lamb-sausas-maistas-senjorams-mazu-veisliu-sunims-15kgsu-eriena\/#breadcrumb","itemListElement":[{"@type":"ListItem","position":1,"name":"Home","item":"https:\/\/anivet.lt\/elparduotuve\/"},{"@type":"ListItem","position":2,"name":"Produktai","item":"https:\/\/anivet.lt\/elparduotuve\/produktai\/"},{"@type":"ListItem","position":3,"name":"Calibra Dog Life Senior Small Breed Lamb sausas maistas senjorams ma\u017e\u0173 veisli\u0173 \u0161unims su \u0117riena 1,5kg"}]},{"@type":"WebSite","@id":"https:\/\/anivet.lt\/elparduotuve\/#website","url":"https:\/\/anivet.lt\/elparduotuve\/","name":"anivet.lt","description":"Viskas J\u016bs\u0173 \u0161uns, kat\u0117s prie\u017ei\u016brai","publisher":{"@id":"https:\/\/anivet.lt\/elparduotuve\/#organization"},"alternateName":"Viskas J\u016bs\u0173 \u0161uns, kat\u0117s prie\u017ei\u016brai","potentialAction":[{"@type":"SearchAction","target":{"@type":"EntryPoint","urlTemplate":"https:\/\/anivet.lt\/elparduotuve\/?s={search_term_string}"},"query-input":{"@type":"PropertyValueSpecification","valueRequired":true,"valueName":"search_term_string"}}],"inLanguage":"lt-LT"},{"@type":"Organization","@id":"https:\/\/anivet.lt\/elparduotuve\/#organization","name":"Viskas J\u016bs\u0173 \u0161uns, kat\u0117s prie\u017ei\u016brai","url":"https:\/\/anivet.lt\/elparduotuve\/","logo":{"@type":"ImageObject","inLanguage":"lt-LT","@id":"https:\/\/anivet.lt\/elparduotuve\/#\/schema\/logo\/image\/","url":"https:\/\/anivet.lt\/elparduotuve\/wp-content\/uploads\/2023\/06\/logo2.jpg","contentUrl":"https:\/\/anivet.lt\/elparduotuve\/wp-content\/uploads\/2023\/06\/logo2.jpg","width":655,"height":194,"caption":"Viskas J\u016bs\u0173 \u0161uns, kat\u0117s prie\u017ei\u016brai"},"image":{"@id":"https:\/\/anivet.lt\/elparduotuve\/#\/schema\/logo\/image\/"}}]}},"_links":{"self":[{"href":"https:\/\/anivet.lt\/elparduotuve\/wp-json\/wp\/v2\/product\/10855","targetHints":{"allow":["GET"]}}],"collection":[{"href":"https:\/\/anivet.lt\/elparduotuve\/wp-json\/wp\/v2\/product"}],"about":[{"href":"https:\/\/anivet.lt\/elparduotuve\/wp-json\/wp\/v2\/types\/product"}],"wp:featuredmedia":[{"embeddable":true,"href":"https:\/\/anivet.lt\/elparduotuve\/wp-json\/wp\/v2\/media\/10856"}],"wp:attachment":[{"href":"https:\/\/anivet.lt\/elparduotuve\/wp-json\/wp\/v2\/media?parent=10855"}],"wp:term":[{"taxonomy":"product_brand","embeddable":true,"href":"https:\/\/anivet.lt\/elparduotuve\/wp-json\/wp\/v2\/product_brand?post=10855"},{"taxonomy":"product_cat","embeddable":true,"href":"https:\/\/anivet.lt\/elparduotuve\/wp-json\/wp\/v2\/product_cat?post=10855"},{"taxonomy":"product_tag","embeddable":true,"href":"https:\/\/anivet.lt\/elparduotuve\/wp-json\/wp\/v2\/product_tag?post=10855"}],"curies":[{"name":"wp","href":"https:\/\/api.w.org\/{rel}","templated":true}]}}