{"id":10860,"date":"2023-07-27T09:22:31","date_gmt":"2023-07-27T09:22:31","guid":{"rendered":"https:\/\/anivet.lt\/elparduotuve\/?post_type=product&#038;p=10860"},"modified":"2026-03-31T17:28:41","modified_gmt":"2026-03-31T17:28:41","slug":"calibra-vd-dog-renal-400g-sunims-esant-inkstu-nepakankamumui","status":"publish","type":"product","link":"https:\/\/anivet.lt\/elparduotuve\/produktas\/calibra-vd-dog-renal-400g-sunims-esant-inkstu-nepakankamumui\/","title":{"rendered":"Calibra VD Dog Renal 400g \u0161unims esant inkst\u0173 nepakankamumui"},"content":{"rendered":"<ul>\n<li style=\"font-weight: 400;\" aria-level=\"1\"><span style=\"font-weight: 400;\">Inkst\u0173 funkcijai palaikyti: Suma\u017eintas baltym\u0173, fosforo ir natrio kiekis padeda apsaugoti inkstus nuo papildomo kr\u016bvio.<\/span><\/li>\n<li style=\"font-weight: 400;\" aria-level=\"1\"><span style=\"font-weight: 400;\">Ma\u017eina u\u017edegim\u0105: Omega-3 riebal\u0173 r\u016bg\u0161tys ir \u0161eriuotosios jukos ekstraktas prisideda prie u\u017edegimini\u0173 proces\u0173 ma\u017einimo.<\/span><\/li>\n<li style=\"font-weight: 400;\" aria-level=\"1\"><span style=\"font-weight: 400;\">Vir\u0161kinimo palaikymas: Sud\u0117tyje esantys prebiotikai (FOS, MOS) ir beta gliukanai padeda palaikyti sveik\u0105 \u017earnyno mikroflor\u0105.<\/span><\/li>\n<li style=\"font-weight: 400;\" aria-level=\"1\"><span style=\"font-weight: 400;\">Maistin\u0117s med\u017eiagos: Praturtintas L-argininu ir taurinu, svarbiais \u0161irdies ir inkst\u0173 veiklai.<\/span><\/li>\n<li style=\"font-weight: 400;\" aria-level=\"1\"><span style=\"font-weight: 400;\">Hipoalerginis baltym\u0173 \u0161altinis: Sud\u0117tyje naudojama vi\u0161tiena u\u017etikrina ger\u0105 vir\u0161kinamum\u0105 ir ma\u017eina alergini\u0173 reakcij\u0173 tikimyb\u0119.<\/span><\/li>\n<\/ul>\n<p><span style=\"font-weight: 400;\">\u0160is pa\u0161aras yra puikus pasirinkimas \u0161unims, turintiems inkst\u0173 problem\u0173, nes padeda palaikyti j\u0173 sveikat\u0105 ir gerov\u0119. Subalansuota sud\u0117tis u\u017etikrina b\u016btin\u0173 maistini\u0173 med\u017eiag\u0173 pasisavinim\u0105 ir padeda lengviau prisitaikyti prie speciali\u0173 dietos reikalavim\u0173. Tai atsakingas sprendimas, siekiant gerinti augintinio gyvenimo kokyb\u0119<\/span><\/p>\n","protected":false},"excerpt":{"rendered":"<p><span style=\"font-weight: 400;\">Visavertis dietinis konservuotas pa\u0161aras, specialiai sukurtas \u0161unims, ken\u010diantiems nuo l\u0117tinio ar laikino inkst\u0173 nepakankamumo. Tai subalansuotas pa\u0161aras, kuris padeda palaikyti tinkam\u0105 inkst\u0173 funkcij\u0105 ir u\u017etikrina gyv\u016bno sveikat\u0105.<\/span><\/p>\n","protected":false},"featured_media":10861,"template":"","meta":[],"product_brand":[],"product_cat":[101,103,107,332],"product_tag":[],"class_list":{"0":"post-10860","1":"product","2":"type-product","3":"status-publish","4":"has-post-thumbnail","6":"product_cat-sunims","7":"product_cat-sunu-maistas","8":"product_cat-veterinarine-dieta","9":"product_cat-calibra-sunu-maistas","10":"pa_prekinis-zenklas-calibra","12":"first","13":"instock","14":"taxable","15":"shipping-taxable","16":"purchasable","17":"product-type-simple"},"yoast_head":"<!-- This site is optimized with the Yoast SEO Premium plugin v27.1 (Yoast SEO v27.3) - https:\/\/yoast.com\/product\/yoast-seo-premium-wordpress\/ -->\n<title>Calibra VD Dog Renal 400g \u0161unims esant inkst\u0173 nepakankamumui - anivet.lt<\/title>\n<meta name=\"description\" content=\"Visavertis dietinis konservuotas pa\u0161aras, specialiai sukurtas \u0161unims, ken\u010diantiems nuo l\u0117tinio ar laikino inkst\u0173 nepakankamumo. Tai subalansuotas pa\u0161aras, kuris padeda palaikyti tinkam\u0105 inkst\u0173 funkcij\u0105 ir u\u017etikrina gyv\u016bno sveikat\u0105.\" \/>\n<meta name=\"robots\" content=\"index, follow, max-snippet:-1, max-image-preview:large, max-video-preview:-1\" \/>\n<link rel=\"canonical\" href=\"https:\/\/anivet.lt\/elparduotuve\/produktas\/calibra-vd-dog-renal-400g-sunims-esant-inkstu-nepakankamumui\/\" \/>\n<meta property=\"og:locale\" content=\"lt_LT\" \/>\n<meta property=\"og:type\" content=\"article\" \/>\n<meta property=\"og:title\" content=\"Calibra VD Dog Renal 400g \u0161unims esant inkst\u0173 nepakankamumui\" \/>\n<meta property=\"og:description\" content=\"Visavertis dietinis konservuotas pa\u0161aras, specialiai sukurtas \u0161unims, ken\u010diantiems nuo l\u0117tinio ar laikino inkst\u0173 nepakankamumo. Tai subalansuotas pa\u0161aras, kuris padeda palaikyti tinkam\u0105 inkst\u0173 funkcij\u0105 ir u\u017etikrina gyv\u016bno sveikat\u0105.\" \/>\n<meta property=\"og:url\" content=\"https:\/\/anivet.lt\/elparduotuve\/produktas\/calibra-vd-dog-renal-400g-sunims-esant-inkstu-nepakankamumui\/\" \/>\n<meta property=\"og:site_name\" content=\"anivet.lt\" \/>\n<meta property=\"article:modified_time\" content=\"2026-03-31T17:28:41+00:00\" \/>\n<meta property=\"og:image\" content=\"https:\/\/anivet.lt\/elparduotuve\/wp-content\/uploads\/2023\/07\/2409-calibra-vd-dog-konz-renal-2022.webp\" \/>\n\t<meta property=\"og:image:width\" content=\"1920\" \/>\n\t<meta property=\"og:image:height\" content=\"1920\" \/>\n\t<meta property=\"og:image:type\" content=\"image\/webp\" \/>\n<meta name=\"twitter:card\" content=\"summary_large_image\" \/>\n<meta name=\"twitter:label1\" content=\"Est. reading time\" \/>\n\t<meta name=\"twitter:data1\" content=\"1 minut\u0117\" \/>\n<script type=\"application\/ld+json\" class=\"yoast-schema-graph\">{\"@context\":\"https:\\\/\\\/schema.org\",\"@graph\":[{\"@type\":\"WebPage\",\"@id\":\"https:\\\/\\\/anivet.lt\\\/elparduotuve\\\/produktas\\\/calibra-vd-dog-renal-400g-sunims-esant-inkstu-nepakankamumui\\\/\",\"url\":\"https:\\\/\\\/anivet.lt\\\/elparduotuve\\\/produktas\\\/calibra-vd-dog-renal-400g-sunims-esant-inkstu-nepakankamumui\\\/\",\"name\":\"Calibra VD Dog Renal 400g \u0161unims esant inkst\u0173 nepakankamumui - anivet.lt\",\"isPartOf\":{\"@id\":\"https:\\\/\\\/anivet.lt\\\/elparduotuve\\\/#website\"},\"primaryImageOfPage\":{\"@id\":\"https:\\\/\\\/anivet.lt\\\/elparduotuve\\\/produktas\\\/calibra-vd-dog-renal-400g-sunims-esant-inkstu-nepakankamumui\\\/#primaryimage\"},\"image\":{\"@id\":\"https:\\\/\\\/anivet.lt\\\/elparduotuve\\\/produktas\\\/calibra-vd-dog-renal-400g-sunims-esant-inkstu-nepakankamumui\\\/#primaryimage\"},\"thumbnailUrl\":\"https:\\\/\\\/anivet.lt\\\/elparduotuve\\\/wp-content\\\/uploads\\\/2023\\\/07\\\/2409-calibra-vd-dog-konz-renal-2022.webp\",\"datePublished\":\"2023-07-27T09:22:31+00:00\",\"dateModified\":\"2026-03-31T17:28:41+00:00\",\"description\":\"Visavertis dietinis konservuotas pa\u0161aras, specialiai sukurtas \u0161unims, ken\u010diantiems nuo l\u0117tinio ar laikino inkst\u0173 nepakankamumo. Tai subalansuotas pa\u0161aras, kuris padeda palaikyti tinkam\u0105 inkst\u0173 funkcij\u0105 ir u\u017etikrina gyv\u016bno sveikat\u0105.\",\"breadcrumb\":{\"@id\":\"https:\\\/\\\/anivet.lt\\\/elparduotuve\\\/produktas\\\/calibra-vd-dog-renal-400g-sunims-esant-inkstu-nepakankamumui\\\/#breadcrumb\"},\"inLanguage\":\"lt-LT\",\"potentialAction\":[{\"@type\":\"ReadAction\",\"target\":[\"https:\\\/\\\/anivet.lt\\\/elparduotuve\\\/produktas\\\/calibra-vd-dog-renal-400g-sunims-esant-inkstu-nepakankamumui\\\/\"]}]},{\"@type\":\"ImageObject\",\"inLanguage\":\"lt-LT\",\"@id\":\"https:\\\/\\\/anivet.lt\\\/elparduotuve\\\/produktas\\\/calibra-vd-dog-renal-400g-sunims-esant-inkstu-nepakankamumui\\\/#primaryimage\",\"url\":\"https:\\\/\\\/anivet.lt\\\/elparduotuve\\\/wp-content\\\/uploads\\\/2023\\\/07\\\/2409-calibra-vd-dog-konz-renal-2022.webp\",\"contentUrl\":\"https:\\\/\\\/anivet.lt\\\/elparduotuve\\\/wp-content\\\/uploads\\\/2023\\\/07\\\/2409-calibra-vd-dog-konz-renal-2022.webp\",\"width\":1920,\"height\":1920,\"caption\":\"Calibra VD Dog Renal 400g \u0161unims esant inkst\u0173 nepakankamumui\"},{\"@type\":\"BreadcrumbList\",\"@id\":\"https:\\\/\\\/anivet.lt\\\/elparduotuve\\\/produktas\\\/calibra-vd-dog-renal-400g-sunims-esant-inkstu-nepakankamumui\\\/#breadcrumb\",\"itemListElement\":[{\"@type\":\"ListItem\",\"position\":1,\"name\":\"Home\",\"item\":\"https:\\\/\\\/anivet.lt\\\/elparduotuve\\\/\"},{\"@type\":\"ListItem\",\"position\":2,\"name\":\"Produktai\",\"item\":\"https:\\\/\\\/anivet.lt\\\/elparduotuve\\\/produktai\\\/\"},{\"@type\":\"ListItem\",\"position\":3,\"name\":\"Calibra VD Dog Renal 400g \u0161unims esant inkst\u0173 nepakankamumui\"}]},{\"@type\":\"WebSite\",\"@id\":\"https:\\\/\\\/anivet.lt\\\/elparduotuve\\\/#website\",\"url\":\"https:\\\/\\\/anivet.lt\\\/elparduotuve\\\/\",\"name\":\"anivet.lt\",\"description\":\"Viskas J\u016bs\u0173 \u0161uns, kat\u0117s prie\u017ei\u016brai\",\"publisher\":{\"@id\":\"https:\\\/\\\/anivet.lt\\\/elparduotuve\\\/#organization\"},\"alternateName\":\"Viskas J\u016bs\u0173 \u0161uns, kat\u0117s prie\u017ei\u016brai\",\"potentialAction\":[{\"@type\":\"SearchAction\",\"target\":{\"@type\":\"EntryPoint\",\"urlTemplate\":\"https:\\\/\\\/anivet.lt\\\/elparduotuve\\\/?s={search_term_string}\"},\"query-input\":{\"@type\":\"PropertyValueSpecification\",\"valueRequired\":true,\"valueName\":\"search_term_string\"}}],\"inLanguage\":\"lt-LT\"},{\"@type\":\"Organization\",\"@id\":\"https:\\\/\\\/anivet.lt\\\/elparduotuve\\\/#organization\",\"name\":\"Viskas J\u016bs\u0173 \u0161uns, kat\u0117s prie\u017ei\u016brai\",\"url\":\"https:\\\/\\\/anivet.lt\\\/elparduotuve\\\/\",\"logo\":{\"@type\":\"ImageObject\",\"inLanguage\":\"lt-LT\",\"@id\":\"https:\\\/\\\/anivet.lt\\\/elparduotuve\\\/#\\\/schema\\\/logo\\\/image\\\/\",\"url\":\"https:\\\/\\\/anivet.lt\\\/elparduotuve\\\/wp-content\\\/uploads\\\/2023\\\/06\\\/logo2.jpg\",\"contentUrl\":\"https:\\\/\\\/anivet.lt\\\/elparduotuve\\\/wp-content\\\/uploads\\\/2023\\\/06\\\/logo2.jpg\",\"width\":655,\"height\":194,\"caption\":\"Viskas J\u016bs\u0173 \u0161uns, kat\u0117s prie\u017ei\u016brai\"},\"image\":{\"@id\":\"https:\\\/\\\/anivet.lt\\\/elparduotuve\\\/#\\\/schema\\\/logo\\\/image\\\/\"}}]}<\/script>\n<!-- \/ Yoast SEO Premium plugin. -->","yoast_head_json":{"title":"Calibra VD Dog Renal 400g \u0161unims esant inkst\u0173 nepakankamumui - anivet.lt","description":"Visavertis dietinis konservuotas pa\u0161aras, specialiai sukurtas \u0161unims, ken\u010diantiems nuo l\u0117tinio ar laikino inkst\u0173 nepakankamumo. Tai subalansuotas pa\u0161aras, kuris padeda palaikyti tinkam\u0105 inkst\u0173 funkcij\u0105 ir u\u017etikrina gyv\u016bno sveikat\u0105.","robots":{"index":"index","follow":"follow","max-snippet":"max-snippet:-1","max-image-preview":"max-image-preview:large","max-video-preview":"max-video-preview:-1"},"canonical":"https:\/\/anivet.lt\/elparduotuve\/produktas\/calibra-vd-dog-renal-400g-sunims-esant-inkstu-nepakankamumui\/","og_locale":"lt_LT","og_type":"article","og_title":"Calibra VD Dog Renal 400g \u0161unims esant inkst\u0173 nepakankamumui","og_description":"Visavertis dietinis konservuotas pa\u0161aras, specialiai sukurtas \u0161unims, ken\u010diantiems nuo l\u0117tinio ar laikino inkst\u0173 nepakankamumo. Tai subalansuotas pa\u0161aras, kuris padeda palaikyti tinkam\u0105 inkst\u0173 funkcij\u0105 ir u\u017etikrina gyv\u016bno sveikat\u0105.","og_url":"https:\/\/anivet.lt\/elparduotuve\/produktas\/calibra-vd-dog-renal-400g-sunims-esant-inkstu-nepakankamumui\/","og_site_name":"anivet.lt","article_modified_time":"2026-03-31T17:28:41+00:00","og_image":[{"width":1920,"height":1920,"url":"https:\/\/anivet.lt\/elparduotuve\/wp-content\/uploads\/2023\/07\/2409-calibra-vd-dog-konz-renal-2022.webp","type":"image\/webp"}],"twitter_card":"summary_large_image","twitter_misc":{"Est. reading time":"1 minut\u0117"},"schema":{"@context":"https:\/\/schema.org","@graph":[{"@type":"WebPage","@id":"https:\/\/anivet.lt\/elparduotuve\/produktas\/calibra-vd-dog-renal-400g-sunims-esant-inkstu-nepakankamumui\/","url":"https:\/\/anivet.lt\/elparduotuve\/produktas\/calibra-vd-dog-renal-400g-sunims-esant-inkstu-nepakankamumui\/","name":"Calibra VD Dog Renal 400g \u0161unims esant inkst\u0173 nepakankamumui - anivet.lt","isPartOf":{"@id":"https:\/\/anivet.lt\/elparduotuve\/#website"},"primaryImageOfPage":{"@id":"https:\/\/anivet.lt\/elparduotuve\/produktas\/calibra-vd-dog-renal-400g-sunims-esant-inkstu-nepakankamumui\/#primaryimage"},"image":{"@id":"https:\/\/anivet.lt\/elparduotuve\/produktas\/calibra-vd-dog-renal-400g-sunims-esant-inkstu-nepakankamumui\/#primaryimage"},"thumbnailUrl":"https:\/\/anivet.lt\/elparduotuve\/wp-content\/uploads\/2023\/07\/2409-calibra-vd-dog-konz-renal-2022.webp","datePublished":"2023-07-27T09:22:31+00:00","dateModified":"2026-03-31T17:28:41+00:00","description":"Visavertis dietinis konservuotas pa\u0161aras, specialiai sukurtas \u0161unims, ken\u010diantiems nuo l\u0117tinio ar laikino inkst\u0173 nepakankamumo. Tai subalansuotas pa\u0161aras, kuris padeda palaikyti tinkam\u0105 inkst\u0173 funkcij\u0105 ir u\u017etikrina gyv\u016bno sveikat\u0105.","breadcrumb":{"@id":"https:\/\/anivet.lt\/elparduotuve\/produktas\/calibra-vd-dog-renal-400g-sunims-esant-inkstu-nepakankamumui\/#breadcrumb"},"inLanguage":"lt-LT","potentialAction":[{"@type":"ReadAction","target":["https:\/\/anivet.lt\/elparduotuve\/produktas\/calibra-vd-dog-renal-400g-sunims-esant-inkstu-nepakankamumui\/"]}]},{"@type":"ImageObject","inLanguage":"lt-LT","@id":"https:\/\/anivet.lt\/elparduotuve\/produktas\/calibra-vd-dog-renal-400g-sunims-esant-inkstu-nepakankamumui\/#primaryimage","url":"https:\/\/anivet.lt\/elparduotuve\/wp-content\/uploads\/2023\/07\/2409-calibra-vd-dog-konz-renal-2022.webp","contentUrl":"https:\/\/anivet.lt\/elparduotuve\/wp-content\/uploads\/2023\/07\/2409-calibra-vd-dog-konz-renal-2022.webp","width":1920,"height":1920,"caption":"Calibra VD Dog Renal 400g \u0161unims esant inkst\u0173 nepakankamumui"},{"@type":"BreadcrumbList","@id":"https:\/\/anivet.lt\/elparduotuve\/produktas\/calibra-vd-dog-renal-400g-sunims-esant-inkstu-nepakankamumui\/#breadcrumb","itemListElement":[{"@type":"ListItem","position":1,"name":"Home","item":"https:\/\/anivet.lt\/elparduotuve\/"},{"@type":"ListItem","position":2,"name":"Produktai","item":"https:\/\/anivet.lt\/elparduotuve\/produktai\/"},{"@type":"ListItem","position":3,"name":"Calibra VD Dog Renal 400g \u0161unims esant inkst\u0173 nepakankamumui"}]},{"@type":"WebSite","@id":"https:\/\/anivet.lt\/elparduotuve\/#website","url":"https:\/\/anivet.lt\/elparduotuve\/","name":"anivet.lt","description":"Viskas J\u016bs\u0173 \u0161uns, kat\u0117s prie\u017ei\u016brai","publisher":{"@id":"https:\/\/anivet.lt\/elparduotuve\/#organization"},"alternateName":"Viskas J\u016bs\u0173 \u0161uns, kat\u0117s prie\u017ei\u016brai","potentialAction":[{"@type":"SearchAction","target":{"@type":"EntryPoint","urlTemplate":"https:\/\/anivet.lt\/elparduotuve\/?s={search_term_string}"},"query-input":{"@type":"PropertyValueSpecification","valueRequired":true,"valueName":"search_term_string"}}],"inLanguage":"lt-LT"},{"@type":"Organization","@id":"https:\/\/anivet.lt\/elparduotuve\/#organization","name":"Viskas J\u016bs\u0173 \u0161uns, kat\u0117s prie\u017ei\u016brai","url":"https:\/\/anivet.lt\/elparduotuve\/","logo":{"@type":"ImageObject","inLanguage":"lt-LT","@id":"https:\/\/anivet.lt\/elparduotuve\/#\/schema\/logo\/image\/","url":"https:\/\/anivet.lt\/elparduotuve\/wp-content\/uploads\/2023\/06\/logo2.jpg","contentUrl":"https:\/\/anivet.lt\/elparduotuve\/wp-content\/uploads\/2023\/06\/logo2.jpg","width":655,"height":194,"caption":"Viskas J\u016bs\u0173 \u0161uns, kat\u0117s prie\u017ei\u016brai"},"image":{"@id":"https:\/\/anivet.lt\/elparduotuve\/#\/schema\/logo\/image\/"}}]}},"_links":{"self":[{"href":"https:\/\/anivet.lt\/elparduotuve\/wp-json\/wp\/v2\/product\/10860","targetHints":{"allow":["GET"]}}],"collection":[{"href":"https:\/\/anivet.lt\/elparduotuve\/wp-json\/wp\/v2\/product"}],"about":[{"href":"https:\/\/anivet.lt\/elparduotuve\/wp-json\/wp\/v2\/types\/product"}],"wp:featuredmedia":[{"embeddable":true,"href":"https:\/\/anivet.lt\/elparduotuve\/wp-json\/wp\/v2\/media\/10861"}],"wp:attachment":[{"href":"https:\/\/anivet.lt\/elparduotuve\/wp-json\/wp\/v2\/media?parent=10860"}],"wp:term":[{"taxonomy":"product_brand","embeddable":true,"href":"https:\/\/anivet.lt\/elparduotuve\/wp-json\/wp\/v2\/product_brand?post=10860"},{"taxonomy":"product_cat","embeddable":true,"href":"https:\/\/anivet.lt\/elparduotuve\/wp-json\/wp\/v2\/product_cat?post=10860"},{"taxonomy":"product_tag","embeddable":true,"href":"https:\/\/anivet.lt\/elparduotuve\/wp-json\/wp\/v2\/product_tag?post=10860"}],"curies":[{"name":"wp","href":"https:\/\/api.w.org\/{rel}","templated":true}]}}