{"id":10862,"date":"2023-07-27T09:43:42","date_gmt":"2023-07-27T09:43:42","guid":{"rendered":"https:\/\/anivet.lt\/elparduotuve\/?post_type=product&#038;p=10862"},"modified":"2026-03-31T17:27:23","modified_gmt":"2026-03-31T17:27:23","slug":"calibra-vd-dog-hepatic-konservas-400g-sunims-esant-kepenu-nepakankamumui","status":"publish","type":"product","link":"https:\/\/anivet.lt\/elparduotuve\/produktas\/calibra-vd-dog-hepatic-konservas-400g-sunims-esant-kepenu-nepakankamumui\/","title":{"rendered":"Calibra VD Dog Hepatic konservas 400g \u0161unims esant kepen\u0173 nepakankamumui"},"content":{"rendered":"<ul>\n<li style=\"font-weight: 400;\" aria-level=\"1\"><span style=\"font-weight: 400;\">Kepen\u0173 funkcijos palaikymas: Tikrojo margainio s\u0117klos ir L-karnitinas padeda stiprinti kepen\u0173 veikl\u0105 ir regeneracij\u0105.<\/span><\/li>\n<li style=\"font-weight: 400;\" aria-level=\"1\"><span style=\"font-weight: 400;\">Lengvai vir\u0161kinami baltymai: Pagrindinis baltym\u0173 \u0161altinis yra vi\u0161tiena (55 %), u\u017etikrinanti lengv\u0105 vir\u0161kinim\u0105.<\/span><\/li>\n<li style=\"font-weight: 400;\" aria-level=\"1\"><span style=\"font-weight: 400;\">Omega riebal\u0173 r\u016bg\u0161tys: \u017duv\u0173 taukai suteikia omega-3 ir omega-6 r\u016bg\u0161\u010di\u0173, palaikan\u010di\u0173 bendr\u0105 sveikat\u0105 ir u\u017edegim\u0173 kontrol\u0119.<\/span><\/li>\n<li style=\"font-weight: 400;\" aria-level=\"1\"><span style=\"font-weight: 400;\">Prebiotikai ir skaidulos: Fruktooligosacharidai, mananoligosacharidai ir gyslo\u010di\u0173 luobel\u0117s gerina vir\u0161kinim\u0105 ir skatina sveik\u0105 \u017earnyno mikroflor\u0105.<\/span><\/li>\n<li style=\"font-weight: 400;\" aria-level=\"1\"><span style=\"font-weight: 400;\">Hipoalergin\u0117 formul\u0117: Be dirbtini\u0173 pried\u0173, puikiai tinka jautriems \u0161unims.<\/span><\/li>\n<\/ul>\n<p><span style=\"font-weight: 400;\">\u201eCalibra VD Dog Hepatic\u201c \u2013 tai specializuotas, maistingas ir subalansuotas pa\u0161aras, skirtas \u0161un\u0173 kepen\u0173 sveikatos palaikymui ir gerai savijautai. Puikus sprendimas j\u016bs\u0173 augintiniui esant l\u0117tin\u0117ms kepen\u0173 problemoms.<\/span><\/p>\n","protected":false},"excerpt":{"rendered":"<p><span style=\"font-weight: 400;\">Visavertis dietinis konservuotas pa\u0161aras, skirtas \u0161unims, ken\u010diantiems nuo l\u0117tinio kepen\u0173 nepakankamumo. Sukurtas siekiant palaikyti kepen\u0173 funkcij\u0105 ir u\u017etikrinti lengv\u0105 vir\u0161kinim\u0105, pa\u0161aras remiasi auk\u0161\u010diausios kokyb\u0117s ingredientais ir naujausiais veterinarijos tyrimais.<\/span><\/p>\n","protected":false},"featured_media":10863,"template":"","meta":[],"product_brand":[],"product_cat":[101,107,332],"product_tag":[],"class_list":{"0":"post-10862","1":"product","2":"type-product","3":"status-publish","4":"has-post-thumbnail","6":"product_cat-sunims","7":"product_cat-veterinarine-dieta","8":"product_cat-calibra-sunu-maistas","9":"pa_prekinis-zenklas-calibra","11":"first","12":"instock","13":"taxable","14":"shipping-taxable","15":"purchasable","16":"product-type-simple"},"yoast_head":"<!-- This site is optimized with the Yoast SEO Premium plugin v27.1 (Yoast SEO v27.3) - https:\/\/yoast.com\/product\/yoast-seo-premium-wordpress\/ -->\n<title>Calibra VD Dog Hepatic konservas 400g \u0161unims esant kepen\u0173 nepakankamumui - anivet.lt<\/title>\n<meta name=\"description\" content=\"Visavertis dietinis konservuotas pa\u0161aras, skirtas \u0161unims, ken\u010diantiems nuo l\u0117tinio kepen\u0173 nepakankamumo. Sukurtas siekiant palaikyti kepen\u0173 funkcij\u0105 ir u\u017etikrinti lengv\u0105 vir\u0161kinim\u0105, pa\u0161aras remiasi auk\u0161\u010diausios kokyb\u0117s ingredientais ir naujausiais veterinarijos tyrimais.\" \/>\n<meta name=\"robots\" content=\"index, follow, max-snippet:-1, max-image-preview:large, max-video-preview:-1\" \/>\n<link rel=\"canonical\" href=\"https:\/\/anivet.lt\/elparduotuve\/produktas\/calibra-vd-dog-hepatic-konservas-400g-sunims-esant-kepenu-nepakankamumui\/\" \/>\n<meta property=\"og:locale\" content=\"lt_LT\" \/>\n<meta property=\"og:type\" content=\"article\" \/>\n<meta property=\"og:title\" content=\"Calibra VD Dog Hepatic konservas 400g \u0161unims esant kepen\u0173 nepakankamumui\" \/>\n<meta property=\"og:description\" content=\"Visavertis dietinis konservuotas pa\u0161aras, skirtas \u0161unims, ken\u010diantiems nuo l\u0117tinio kepen\u0173 nepakankamumo. Sukurtas siekiant palaikyti kepen\u0173 funkcij\u0105 ir u\u017etikrinti lengv\u0105 vir\u0161kinim\u0105, pa\u0161aras remiasi auk\u0161\u010diausios kokyb\u0117s ingredientais ir naujausiais veterinarijos tyrimais.\" \/>\n<meta property=\"og:url\" content=\"https:\/\/anivet.lt\/elparduotuve\/produktas\/calibra-vd-dog-hepatic-konservas-400g-sunims-esant-kepenu-nepakankamumui\/\" \/>\n<meta property=\"og:site_name\" content=\"anivet.lt\" \/>\n<meta property=\"article:modified_time\" content=\"2026-03-31T17:27:23+00:00\" \/>\n<meta property=\"og:image\" content=\"https:\/\/anivet.lt\/elparduotuve\/wp-content\/uploads\/2023\/07\/2410-calibra-vd-dog-konz-hepatic-2022.webp\" \/>\n\t<meta property=\"og:image:width\" content=\"1920\" \/>\n\t<meta property=\"og:image:height\" content=\"1920\" \/>\n\t<meta property=\"og:image:type\" content=\"image\/webp\" \/>\n<meta name=\"twitter:card\" content=\"summary_large_image\" \/>\n<meta name=\"twitter:label1\" content=\"Est. reading time\" \/>\n\t<meta name=\"twitter:data1\" content=\"1 minut\u0117\" \/>\n<script type=\"application\/ld+json\" class=\"yoast-schema-graph\">{\"@context\":\"https:\\\/\\\/schema.org\",\"@graph\":[{\"@type\":\"WebPage\",\"@id\":\"https:\\\/\\\/anivet.lt\\\/elparduotuve\\\/produktas\\\/calibra-vd-dog-hepatic-konservas-400g-sunims-esant-kepenu-nepakankamumui\\\/\",\"url\":\"https:\\\/\\\/anivet.lt\\\/elparduotuve\\\/produktas\\\/calibra-vd-dog-hepatic-konservas-400g-sunims-esant-kepenu-nepakankamumui\\\/\",\"name\":\"Calibra VD Dog Hepatic konservas 400g \u0161unims esant kepen\u0173 nepakankamumui - anivet.lt\",\"isPartOf\":{\"@id\":\"https:\\\/\\\/anivet.lt\\\/elparduotuve\\\/#website\"},\"primaryImageOfPage\":{\"@id\":\"https:\\\/\\\/anivet.lt\\\/elparduotuve\\\/produktas\\\/calibra-vd-dog-hepatic-konservas-400g-sunims-esant-kepenu-nepakankamumui\\\/#primaryimage\"},\"image\":{\"@id\":\"https:\\\/\\\/anivet.lt\\\/elparduotuve\\\/produktas\\\/calibra-vd-dog-hepatic-konservas-400g-sunims-esant-kepenu-nepakankamumui\\\/#primaryimage\"},\"thumbnailUrl\":\"https:\\\/\\\/anivet.lt\\\/elparduotuve\\\/wp-content\\\/uploads\\\/2023\\\/07\\\/2410-calibra-vd-dog-konz-hepatic-2022.webp\",\"datePublished\":\"2023-07-27T09:43:42+00:00\",\"dateModified\":\"2026-03-31T17:27:23+00:00\",\"description\":\"Visavertis dietinis konservuotas pa\u0161aras, skirtas \u0161unims, ken\u010diantiems nuo l\u0117tinio kepen\u0173 nepakankamumo. Sukurtas siekiant palaikyti kepen\u0173 funkcij\u0105 ir u\u017etikrinti lengv\u0105 vir\u0161kinim\u0105, pa\u0161aras remiasi auk\u0161\u010diausios kokyb\u0117s ingredientais ir naujausiais veterinarijos tyrimais.\",\"breadcrumb\":{\"@id\":\"https:\\\/\\\/anivet.lt\\\/elparduotuve\\\/produktas\\\/calibra-vd-dog-hepatic-konservas-400g-sunims-esant-kepenu-nepakankamumui\\\/#breadcrumb\"},\"inLanguage\":\"lt-LT\",\"potentialAction\":[{\"@type\":\"ReadAction\",\"target\":[\"https:\\\/\\\/anivet.lt\\\/elparduotuve\\\/produktas\\\/calibra-vd-dog-hepatic-konservas-400g-sunims-esant-kepenu-nepakankamumui\\\/\"]}]},{\"@type\":\"ImageObject\",\"inLanguage\":\"lt-LT\",\"@id\":\"https:\\\/\\\/anivet.lt\\\/elparduotuve\\\/produktas\\\/calibra-vd-dog-hepatic-konservas-400g-sunims-esant-kepenu-nepakankamumui\\\/#primaryimage\",\"url\":\"https:\\\/\\\/anivet.lt\\\/elparduotuve\\\/wp-content\\\/uploads\\\/2023\\\/07\\\/2410-calibra-vd-dog-konz-hepatic-2022.webp\",\"contentUrl\":\"https:\\\/\\\/anivet.lt\\\/elparduotuve\\\/wp-content\\\/uploads\\\/2023\\\/07\\\/2410-calibra-vd-dog-konz-hepatic-2022.webp\",\"width\":1920,\"height\":1920,\"caption\":\"Calibra VD Dog Hepatic konservas 400g \u0161unims esant kepen\u0173 nepakankamumui\"},{\"@type\":\"BreadcrumbList\",\"@id\":\"https:\\\/\\\/anivet.lt\\\/elparduotuve\\\/produktas\\\/calibra-vd-dog-hepatic-konservas-400g-sunims-esant-kepenu-nepakankamumui\\\/#breadcrumb\",\"itemListElement\":[{\"@type\":\"ListItem\",\"position\":1,\"name\":\"Home\",\"item\":\"https:\\\/\\\/anivet.lt\\\/elparduotuve\\\/\"},{\"@type\":\"ListItem\",\"position\":2,\"name\":\"Produktai\",\"item\":\"https:\\\/\\\/anivet.lt\\\/elparduotuve\\\/produktai\\\/\"},{\"@type\":\"ListItem\",\"position\":3,\"name\":\"Calibra VD Dog Hepatic konservas 400g \u0161unims esant kepen\u0173 nepakankamumui\"}]},{\"@type\":\"WebSite\",\"@id\":\"https:\\\/\\\/anivet.lt\\\/elparduotuve\\\/#website\",\"url\":\"https:\\\/\\\/anivet.lt\\\/elparduotuve\\\/\",\"name\":\"anivet.lt\",\"description\":\"Viskas J\u016bs\u0173 \u0161uns, kat\u0117s prie\u017ei\u016brai\",\"publisher\":{\"@id\":\"https:\\\/\\\/anivet.lt\\\/elparduotuve\\\/#organization\"},\"alternateName\":\"Viskas J\u016bs\u0173 \u0161uns, kat\u0117s prie\u017ei\u016brai\",\"potentialAction\":[{\"@type\":\"SearchAction\",\"target\":{\"@type\":\"EntryPoint\",\"urlTemplate\":\"https:\\\/\\\/anivet.lt\\\/elparduotuve\\\/?s={search_term_string}\"},\"query-input\":{\"@type\":\"PropertyValueSpecification\",\"valueRequired\":true,\"valueName\":\"search_term_string\"}}],\"inLanguage\":\"lt-LT\"},{\"@type\":\"Organization\",\"@id\":\"https:\\\/\\\/anivet.lt\\\/elparduotuve\\\/#organization\",\"name\":\"Viskas J\u016bs\u0173 \u0161uns, kat\u0117s prie\u017ei\u016brai\",\"url\":\"https:\\\/\\\/anivet.lt\\\/elparduotuve\\\/\",\"logo\":{\"@type\":\"ImageObject\",\"inLanguage\":\"lt-LT\",\"@id\":\"https:\\\/\\\/anivet.lt\\\/elparduotuve\\\/#\\\/schema\\\/logo\\\/image\\\/\",\"url\":\"https:\\\/\\\/anivet.lt\\\/elparduotuve\\\/wp-content\\\/uploads\\\/2023\\\/06\\\/logo2.jpg\",\"contentUrl\":\"https:\\\/\\\/anivet.lt\\\/elparduotuve\\\/wp-content\\\/uploads\\\/2023\\\/06\\\/logo2.jpg\",\"width\":655,\"height\":194,\"caption\":\"Viskas J\u016bs\u0173 \u0161uns, kat\u0117s prie\u017ei\u016brai\"},\"image\":{\"@id\":\"https:\\\/\\\/anivet.lt\\\/elparduotuve\\\/#\\\/schema\\\/logo\\\/image\\\/\"}}]}<\/script>\n<!-- \/ Yoast SEO Premium plugin. -->","yoast_head_json":{"title":"Calibra VD Dog Hepatic konservas 400g \u0161unims esant kepen\u0173 nepakankamumui - anivet.lt","description":"Visavertis dietinis konservuotas pa\u0161aras, skirtas \u0161unims, ken\u010diantiems nuo l\u0117tinio kepen\u0173 nepakankamumo. Sukurtas siekiant palaikyti kepen\u0173 funkcij\u0105 ir u\u017etikrinti lengv\u0105 vir\u0161kinim\u0105, pa\u0161aras remiasi auk\u0161\u010diausios kokyb\u0117s ingredientais ir naujausiais veterinarijos tyrimais.","robots":{"index":"index","follow":"follow","max-snippet":"max-snippet:-1","max-image-preview":"max-image-preview:large","max-video-preview":"max-video-preview:-1"},"canonical":"https:\/\/anivet.lt\/elparduotuve\/produktas\/calibra-vd-dog-hepatic-konservas-400g-sunims-esant-kepenu-nepakankamumui\/","og_locale":"lt_LT","og_type":"article","og_title":"Calibra VD Dog Hepatic konservas 400g \u0161unims esant kepen\u0173 nepakankamumui","og_description":"Visavertis dietinis konservuotas pa\u0161aras, skirtas \u0161unims, ken\u010diantiems nuo l\u0117tinio kepen\u0173 nepakankamumo. Sukurtas siekiant palaikyti kepen\u0173 funkcij\u0105 ir u\u017etikrinti lengv\u0105 vir\u0161kinim\u0105, pa\u0161aras remiasi auk\u0161\u010diausios kokyb\u0117s ingredientais ir naujausiais veterinarijos tyrimais.","og_url":"https:\/\/anivet.lt\/elparduotuve\/produktas\/calibra-vd-dog-hepatic-konservas-400g-sunims-esant-kepenu-nepakankamumui\/","og_site_name":"anivet.lt","article_modified_time":"2026-03-31T17:27:23+00:00","og_image":[{"width":1920,"height":1920,"url":"https:\/\/anivet.lt\/elparduotuve\/wp-content\/uploads\/2023\/07\/2410-calibra-vd-dog-konz-hepatic-2022.webp","type":"image\/webp"}],"twitter_card":"summary_large_image","twitter_misc":{"Est. reading time":"1 minut\u0117"},"schema":{"@context":"https:\/\/schema.org","@graph":[{"@type":"WebPage","@id":"https:\/\/anivet.lt\/elparduotuve\/produktas\/calibra-vd-dog-hepatic-konservas-400g-sunims-esant-kepenu-nepakankamumui\/","url":"https:\/\/anivet.lt\/elparduotuve\/produktas\/calibra-vd-dog-hepatic-konservas-400g-sunims-esant-kepenu-nepakankamumui\/","name":"Calibra VD Dog Hepatic konservas 400g \u0161unims esant kepen\u0173 nepakankamumui - anivet.lt","isPartOf":{"@id":"https:\/\/anivet.lt\/elparduotuve\/#website"},"primaryImageOfPage":{"@id":"https:\/\/anivet.lt\/elparduotuve\/produktas\/calibra-vd-dog-hepatic-konservas-400g-sunims-esant-kepenu-nepakankamumui\/#primaryimage"},"image":{"@id":"https:\/\/anivet.lt\/elparduotuve\/produktas\/calibra-vd-dog-hepatic-konservas-400g-sunims-esant-kepenu-nepakankamumui\/#primaryimage"},"thumbnailUrl":"https:\/\/anivet.lt\/elparduotuve\/wp-content\/uploads\/2023\/07\/2410-calibra-vd-dog-konz-hepatic-2022.webp","datePublished":"2023-07-27T09:43:42+00:00","dateModified":"2026-03-31T17:27:23+00:00","description":"Visavertis dietinis konservuotas pa\u0161aras, skirtas \u0161unims, ken\u010diantiems nuo l\u0117tinio kepen\u0173 nepakankamumo. Sukurtas siekiant palaikyti kepen\u0173 funkcij\u0105 ir u\u017etikrinti lengv\u0105 vir\u0161kinim\u0105, pa\u0161aras remiasi auk\u0161\u010diausios kokyb\u0117s ingredientais ir naujausiais veterinarijos tyrimais.","breadcrumb":{"@id":"https:\/\/anivet.lt\/elparduotuve\/produktas\/calibra-vd-dog-hepatic-konservas-400g-sunims-esant-kepenu-nepakankamumui\/#breadcrumb"},"inLanguage":"lt-LT","potentialAction":[{"@type":"ReadAction","target":["https:\/\/anivet.lt\/elparduotuve\/produktas\/calibra-vd-dog-hepatic-konservas-400g-sunims-esant-kepenu-nepakankamumui\/"]}]},{"@type":"ImageObject","inLanguage":"lt-LT","@id":"https:\/\/anivet.lt\/elparduotuve\/produktas\/calibra-vd-dog-hepatic-konservas-400g-sunims-esant-kepenu-nepakankamumui\/#primaryimage","url":"https:\/\/anivet.lt\/elparduotuve\/wp-content\/uploads\/2023\/07\/2410-calibra-vd-dog-konz-hepatic-2022.webp","contentUrl":"https:\/\/anivet.lt\/elparduotuve\/wp-content\/uploads\/2023\/07\/2410-calibra-vd-dog-konz-hepatic-2022.webp","width":1920,"height":1920,"caption":"Calibra VD Dog Hepatic konservas 400g \u0161unims esant kepen\u0173 nepakankamumui"},{"@type":"BreadcrumbList","@id":"https:\/\/anivet.lt\/elparduotuve\/produktas\/calibra-vd-dog-hepatic-konservas-400g-sunims-esant-kepenu-nepakankamumui\/#breadcrumb","itemListElement":[{"@type":"ListItem","position":1,"name":"Home","item":"https:\/\/anivet.lt\/elparduotuve\/"},{"@type":"ListItem","position":2,"name":"Produktai","item":"https:\/\/anivet.lt\/elparduotuve\/produktai\/"},{"@type":"ListItem","position":3,"name":"Calibra VD Dog Hepatic konservas 400g \u0161unims esant kepen\u0173 nepakankamumui"}]},{"@type":"WebSite","@id":"https:\/\/anivet.lt\/elparduotuve\/#website","url":"https:\/\/anivet.lt\/elparduotuve\/","name":"anivet.lt","description":"Viskas J\u016bs\u0173 \u0161uns, kat\u0117s prie\u017ei\u016brai","publisher":{"@id":"https:\/\/anivet.lt\/elparduotuve\/#organization"},"alternateName":"Viskas J\u016bs\u0173 \u0161uns, kat\u0117s prie\u017ei\u016brai","potentialAction":[{"@type":"SearchAction","target":{"@type":"EntryPoint","urlTemplate":"https:\/\/anivet.lt\/elparduotuve\/?s={search_term_string}"},"query-input":{"@type":"PropertyValueSpecification","valueRequired":true,"valueName":"search_term_string"}}],"inLanguage":"lt-LT"},{"@type":"Organization","@id":"https:\/\/anivet.lt\/elparduotuve\/#organization","name":"Viskas J\u016bs\u0173 \u0161uns, kat\u0117s prie\u017ei\u016brai","url":"https:\/\/anivet.lt\/elparduotuve\/","logo":{"@type":"ImageObject","inLanguage":"lt-LT","@id":"https:\/\/anivet.lt\/elparduotuve\/#\/schema\/logo\/image\/","url":"https:\/\/anivet.lt\/elparduotuve\/wp-content\/uploads\/2023\/06\/logo2.jpg","contentUrl":"https:\/\/anivet.lt\/elparduotuve\/wp-content\/uploads\/2023\/06\/logo2.jpg","width":655,"height":194,"caption":"Viskas J\u016bs\u0173 \u0161uns, kat\u0117s prie\u017ei\u016brai"},"image":{"@id":"https:\/\/anivet.lt\/elparduotuve\/#\/schema\/logo\/image\/"}}]}},"_links":{"self":[{"href":"https:\/\/anivet.lt\/elparduotuve\/wp-json\/wp\/v2\/product\/10862","targetHints":{"allow":["GET"]}}],"collection":[{"href":"https:\/\/anivet.lt\/elparduotuve\/wp-json\/wp\/v2\/product"}],"about":[{"href":"https:\/\/anivet.lt\/elparduotuve\/wp-json\/wp\/v2\/types\/product"}],"wp:featuredmedia":[{"embeddable":true,"href":"https:\/\/anivet.lt\/elparduotuve\/wp-json\/wp\/v2\/media\/10863"}],"wp:attachment":[{"href":"https:\/\/anivet.lt\/elparduotuve\/wp-json\/wp\/v2\/media?parent=10862"}],"wp:term":[{"taxonomy":"product_brand","embeddable":true,"href":"https:\/\/anivet.lt\/elparduotuve\/wp-json\/wp\/v2\/product_brand?post=10862"},{"taxonomy":"product_cat","embeddable":true,"href":"https:\/\/anivet.lt\/elparduotuve\/wp-json\/wp\/v2\/product_cat?post=10862"},{"taxonomy":"product_tag","embeddable":true,"href":"https:\/\/anivet.lt\/elparduotuve\/wp-json\/wp\/v2\/product_tag?post=10862"}],"curies":[{"name":"wp","href":"https:\/\/api.w.org\/{rel}","templated":true}]}}