{"id":10883,"date":"2023-07-27T11:41:43","date_gmt":"2023-07-27T11:41:43","guid":{"rendered":"https:\/\/anivet.lt\/elparduotuve\/?post_type=product&#038;p=10883"},"modified":"2025-09-03T19:29:11","modified_gmt":"2025-09-03T19:29:11","slug":"calibra-life-dog-can-adult-chicken-with-rice-400g-suaugusiems-sunims-su-vistiena-ir-ryziais","status":"publish","type":"product","link":"https:\/\/anivet.lt\/elparduotuve\/produktas\/calibra-life-dog-can-adult-chicken-with-rice-400g-suaugusiems-sunims-su-vistiena-ir-ryziais\/","title":{"rendered":"CALIBRA LIFE Dog can Adult Chicken with rice 400g suaugusiems \u0161unims su vi\u0161tiena ir ry\u017eiais"},"content":{"rendered":"<ul>\n<li style=\"font-weight: 400;\" aria-level=\"1\"><span style=\"font-weight: 400;\">Vieno baltymo \u0161altinis: Sud\u0117tyje yra tik auk\u0161tos kokyb\u0117s vi\u0161tiena (40 %) ir vi\u0161t\u0173 \u0161irdys (30 %).<\/span><\/li>\n<li style=\"font-weight: 400;\" aria-level=\"1\"><span style=\"font-weight: 400;\">Su ry\u017eiais: Nedidelis kiekis ry\u017ei\u0173 prisideda prie lengvo vir\u0161kinimo.<\/span><\/li>\n<li style=\"font-weight: 400;\" aria-level=\"1\"><span style=\"font-weight: 400;\">Praturtintas la\u0161i\u0161\u0173 aliejumi: Omega-3 riebal\u0173 r\u016bg\u0161tys palaiko odos ir kailio sveikat\u0105 bei turi prie\u0161u\u017edegimini\u0173 savybi\u0173.<\/span><\/li>\n<li style=\"font-weight: 400;\" aria-level=\"1\"><span style=\"font-weight: 400;\">Be glitimo ir GMO: Pa\u0161aras neturi kvie\u010di\u0173, kukur\u016bz\u0173 ar soj\u0173, tod\u0117l tinka jautriems \u0161unims.<\/span><\/li>\n<li style=\"font-weight: 400;\" aria-level=\"1\"><span style=\"font-weight: 400;\">Minimalus ingredient\u0173 kiekis: Pa\u0161aro formul\u0117 paprasta, ta\u010diau maistinga ir efektyvi.<\/span><\/li>\n<\/ul>\n<p><span style=\"font-weight: 400;\">\u0160is pa\u0161aras yra idealus pasirinkimas suaugusiems \u0161unims, siekiant u\u017etikrinti subalansuot\u0105 ir sveik\u0105 mityb\u0105. Auk\u0161\u010diausios kokyb\u0117s ingredientai suteiks j\u016bs\u0173 augintiniui visk\u0105, ko reikia kasdieniam aktyvumui ir gerai savijautai.<\/span><\/p>\n","protected":false},"excerpt":{"rendered":"<p>\u0160is visavertis konservuotas pa\u0161aras su vi\u0161tiena, vi\u0161t\u0173 \u0161irdel\u0117mis ir ry\u017eiais, skirtas suaugusiems \u0161unims.<br \/>\nCalibra Dog Life Adult Chicken with Rice \u2013 \u0161is visavertis konservuotas pa\u0161aras su vi\u0161tiena, vi\u0161t\u0173 \u0161irdel\u0117mis ir ry\u017eiais, skirtas suaugusiems \u0161unims. \u0160is vieno baltym\u0173 \u0161altinio receptas, sudarytas i\u0161 apibr\u0117\u017eto kiekio ingredient\u0173. Pa\u0161aras be glitimo, su nedideliu kiekiu ry\u017ei\u0173, gerai vir\u0161kinamas. Pa\u0161aro sud\u0117tyje tik 100 % apibr\u0117\u017eti, auk\u0161\u010diausios kokyb\u0117s ingredientai.<\/p>\n","protected":false},"featured_media":10889,"template":"","meta":[],"product_brand":[],"product_cat":[101,103,105,332],"product_tag":[],"class_list":{"0":"post-10883","1":"product","2":"type-product","3":"status-publish","4":"has-post-thumbnail","6":"product_cat-sunims","7":"product_cat-sunu-maistas","8":"product_cat-konservai","9":"product_cat-calibra-sunu-maistas","10":"pa_prekinis-zenklas-calibra","12":"first","13":"instock","14":"taxable","15":"shipping-taxable","16":"purchasable","17":"product-type-simple"},"yoast_head":"<!-- This site is optimized with the Yoast SEO Premium plugin v27.1 (Yoast SEO v27.3) - https:\/\/yoast.com\/product\/yoast-seo-premium-wordpress\/ -->\n<title>CALIBRA LIFE Dog can Adult Chicken with rice 400g suaugusiems \u0161unims su vi\u0161tiena ir ry\u017eiais - anivet.lt<\/title>\n<meta name=\"description\" content=\"\u0160is visavertis konservuotas pa\u0161aras su vi\u0161tiena, vi\u0161t\u0173 \u0161irdel\u0117mis ir ry\u017eiais, skirtas suaugusiems \u0161unims. Calibra Dog Life Adult Chicken with Rice \u2013 \u0161is visavertis konservuotas pa\u0161aras su vi\u0161tiena, vi\u0161t\u0173 \u0161irdel\u0117mis ir ry\u017eiais, skirtas suaugusiems \u0161unims. \u0160is vieno baltym\u0173 \u0161altinio receptas, sudarytas i\u0161 apibr\u0117\u017eto kiekio ingredient\u0173. Pa\u0161aras be glitimo, su nedideliu kiekiu ry\u017ei\u0173, gerai vir\u0161kinamas. Pa\u0161aro sud\u0117tyje tik 100 % apibr\u0117\u017eti, auk\u0161\u010diausios kokyb\u0117s ingredientai.\" \/>\n<meta name=\"robots\" content=\"index, follow, max-snippet:-1, max-image-preview:large, max-video-preview:-1\" \/>\n<link rel=\"canonical\" href=\"https:\/\/anivet.lt\/elparduotuve\/produktas\/calibra-life-dog-can-adult-chicken-with-rice-400g-suaugusiems-sunims-su-vistiena-ir-ryziais\/\" \/>\n<meta property=\"og:locale\" content=\"lt_LT\" \/>\n<meta property=\"og:type\" content=\"article\" \/>\n<meta property=\"og:title\" content=\"CALIBRA LIFE Dog can Adult Chicken with rice 400g suaugusiems \u0161unims su vi\u0161tiena ir ry\u017eiais\" \/>\n<meta property=\"og:description\" content=\"\u0160is visavertis konservuotas pa\u0161aras su vi\u0161tiena, vi\u0161t\u0173 \u0161irdel\u0117mis ir ry\u017eiais, skirtas suaugusiems \u0161unims. Calibra Dog Life Adult Chicken with Rice \u2013 \u0161is visavertis konservuotas pa\u0161aras su vi\u0161tiena, vi\u0161t\u0173 \u0161irdel\u0117mis ir ry\u017eiais, skirtas suaugusiems \u0161unims. \u0160is vieno baltym\u0173 \u0161altinio receptas, sudarytas i\u0161 apibr\u0117\u017eto kiekio ingredient\u0173. Pa\u0161aras be glitimo, su nedideliu kiekiu ry\u017ei\u0173, gerai vir\u0161kinamas. Pa\u0161aro sud\u0117tyje tik 100 % apibr\u0117\u017eti, auk\u0161\u010diausios kokyb\u0117s ingredientai.\" \/>\n<meta property=\"og:url\" content=\"https:\/\/anivet.lt\/elparduotuve\/produktas\/calibra-life-dog-can-adult-chicken-with-rice-400g-suaugusiems-sunims-su-vistiena-ir-ryziais\/\" \/>\n<meta property=\"og:site_name\" content=\"anivet.lt\" \/>\n<meta property=\"article:modified_time\" content=\"2025-09-03T19:29:11+00:00\" \/>\n<meta property=\"og:image\" content=\"https:\/\/anivet.lt\/elparduotuve\/wp-content\/uploads\/2023\/07\/2133-calibra-life-dog-konzerva-400g-adult-chicken.webp\" \/>\n\t<meta property=\"og:image:width\" content=\"1920\" \/>\n\t<meta property=\"og:image:height\" content=\"1920\" \/>\n\t<meta property=\"og:image:type\" content=\"image\/webp\" \/>\n<meta name=\"twitter:card\" content=\"summary_large_image\" \/>\n<meta name=\"twitter:label1\" content=\"Est. reading time\" \/>\n\t<meta name=\"twitter:data1\" content=\"1 minut\u0117\" \/>\n<script type=\"application\/ld+json\" class=\"yoast-schema-graph\">{\"@context\":\"https:\\\/\\\/schema.org\",\"@graph\":[{\"@type\":\"WebPage\",\"@id\":\"https:\\\/\\\/anivet.lt\\\/elparduotuve\\\/produktas\\\/calibra-life-dog-can-adult-chicken-with-rice-400g-suaugusiems-sunims-su-vistiena-ir-ryziais\\\/\",\"url\":\"https:\\\/\\\/anivet.lt\\\/elparduotuve\\\/produktas\\\/calibra-life-dog-can-adult-chicken-with-rice-400g-suaugusiems-sunims-su-vistiena-ir-ryziais\\\/\",\"name\":\"CALIBRA LIFE Dog can Adult Chicken with rice 400g suaugusiems \u0161unims su vi\u0161tiena ir ry\u017eiais - anivet.lt\",\"isPartOf\":{\"@id\":\"https:\\\/\\\/anivet.lt\\\/elparduotuve\\\/#website\"},\"primaryImageOfPage\":{\"@id\":\"https:\\\/\\\/anivet.lt\\\/elparduotuve\\\/produktas\\\/calibra-life-dog-can-adult-chicken-with-rice-400g-suaugusiems-sunims-su-vistiena-ir-ryziais\\\/#primaryimage\"},\"image\":{\"@id\":\"https:\\\/\\\/anivet.lt\\\/elparduotuve\\\/produktas\\\/calibra-life-dog-can-adult-chicken-with-rice-400g-suaugusiems-sunims-su-vistiena-ir-ryziais\\\/#primaryimage\"},\"thumbnailUrl\":\"https:\\\/\\\/anivet.lt\\\/elparduotuve\\\/wp-content\\\/uploads\\\/2023\\\/07\\\/2133-calibra-life-dog-konzerva-400g-adult-chicken.webp\",\"datePublished\":\"2023-07-27T11:41:43+00:00\",\"dateModified\":\"2025-09-03T19:29:11+00:00\",\"description\":\"\u0160is visavertis konservuotas pa\u0161aras su vi\u0161tiena, vi\u0161t\u0173 \u0161irdel\u0117mis ir ry\u017eiais, skirtas suaugusiems \u0161unims. Calibra Dog Life Adult Chicken with Rice \u2013 \u0161is visavertis konservuotas pa\u0161aras su vi\u0161tiena, vi\u0161t\u0173 \u0161irdel\u0117mis ir ry\u017eiais, skirtas suaugusiems \u0161unims. \u0160is vieno baltym\u0173 \u0161altinio receptas, sudarytas i\u0161 apibr\u0117\u017eto kiekio ingredient\u0173. Pa\u0161aras be glitimo, su nedideliu kiekiu ry\u017ei\u0173, gerai vir\u0161kinamas. Pa\u0161aro sud\u0117tyje tik 100 % apibr\u0117\u017eti, auk\u0161\u010diausios kokyb\u0117s ingredientai.\",\"breadcrumb\":{\"@id\":\"https:\\\/\\\/anivet.lt\\\/elparduotuve\\\/produktas\\\/calibra-life-dog-can-adult-chicken-with-rice-400g-suaugusiems-sunims-su-vistiena-ir-ryziais\\\/#breadcrumb\"},\"inLanguage\":\"lt-LT\",\"potentialAction\":[{\"@type\":\"ReadAction\",\"target\":[\"https:\\\/\\\/anivet.lt\\\/elparduotuve\\\/produktas\\\/calibra-life-dog-can-adult-chicken-with-rice-400g-suaugusiems-sunims-su-vistiena-ir-ryziais\\\/\"]}]},{\"@type\":\"ImageObject\",\"inLanguage\":\"lt-LT\",\"@id\":\"https:\\\/\\\/anivet.lt\\\/elparduotuve\\\/produktas\\\/calibra-life-dog-can-adult-chicken-with-rice-400g-suaugusiems-sunims-su-vistiena-ir-ryziais\\\/#primaryimage\",\"url\":\"https:\\\/\\\/anivet.lt\\\/elparduotuve\\\/wp-content\\\/uploads\\\/2023\\\/07\\\/2133-calibra-life-dog-konzerva-400g-adult-chicken.webp\",\"contentUrl\":\"https:\\\/\\\/anivet.lt\\\/elparduotuve\\\/wp-content\\\/uploads\\\/2023\\\/07\\\/2133-calibra-life-dog-konzerva-400g-adult-chicken.webp\",\"width\":1920,\"height\":1920,\"caption\":\"CALIBRA LIFE Dog can Adult Chicken with rice 400g suaugusiems \u0161unims su vi\u0161tiena ir ry\u017eiais\"},{\"@type\":\"BreadcrumbList\",\"@id\":\"https:\\\/\\\/anivet.lt\\\/elparduotuve\\\/produktas\\\/calibra-life-dog-can-adult-chicken-with-rice-400g-suaugusiems-sunims-su-vistiena-ir-ryziais\\\/#breadcrumb\",\"itemListElement\":[{\"@type\":\"ListItem\",\"position\":1,\"name\":\"Home\",\"item\":\"https:\\\/\\\/anivet.lt\\\/elparduotuve\\\/\"},{\"@type\":\"ListItem\",\"position\":2,\"name\":\"Produktai\",\"item\":\"https:\\\/\\\/anivet.lt\\\/elparduotuve\\\/produktai\\\/\"},{\"@type\":\"ListItem\",\"position\":3,\"name\":\"CALIBRA LIFE Dog can Adult Chicken with rice 400g suaugusiems \u0161unims su vi\u0161tiena ir ry\u017eiais\"}]},{\"@type\":\"WebSite\",\"@id\":\"https:\\\/\\\/anivet.lt\\\/elparduotuve\\\/#website\",\"url\":\"https:\\\/\\\/anivet.lt\\\/elparduotuve\\\/\",\"name\":\"anivet.lt\",\"description\":\"Viskas J\u016bs\u0173 \u0161uns, kat\u0117s prie\u017ei\u016brai\",\"publisher\":{\"@id\":\"https:\\\/\\\/anivet.lt\\\/elparduotuve\\\/#organization\"},\"alternateName\":\"Viskas J\u016bs\u0173 \u0161uns, kat\u0117s prie\u017ei\u016brai\",\"potentialAction\":[{\"@type\":\"SearchAction\",\"target\":{\"@type\":\"EntryPoint\",\"urlTemplate\":\"https:\\\/\\\/anivet.lt\\\/elparduotuve\\\/?s={search_term_string}\"},\"query-input\":{\"@type\":\"PropertyValueSpecification\",\"valueRequired\":true,\"valueName\":\"search_term_string\"}}],\"inLanguage\":\"lt-LT\"},{\"@type\":\"Organization\",\"@id\":\"https:\\\/\\\/anivet.lt\\\/elparduotuve\\\/#organization\",\"name\":\"Viskas J\u016bs\u0173 \u0161uns, kat\u0117s prie\u017ei\u016brai\",\"url\":\"https:\\\/\\\/anivet.lt\\\/elparduotuve\\\/\",\"logo\":{\"@type\":\"ImageObject\",\"inLanguage\":\"lt-LT\",\"@id\":\"https:\\\/\\\/anivet.lt\\\/elparduotuve\\\/#\\\/schema\\\/logo\\\/image\\\/\",\"url\":\"https:\\\/\\\/anivet.lt\\\/elparduotuve\\\/wp-content\\\/uploads\\\/2023\\\/06\\\/logo2.jpg\",\"contentUrl\":\"https:\\\/\\\/anivet.lt\\\/elparduotuve\\\/wp-content\\\/uploads\\\/2023\\\/06\\\/logo2.jpg\",\"width\":655,\"height\":194,\"caption\":\"Viskas J\u016bs\u0173 \u0161uns, kat\u0117s prie\u017ei\u016brai\"},\"image\":{\"@id\":\"https:\\\/\\\/anivet.lt\\\/elparduotuve\\\/#\\\/schema\\\/logo\\\/image\\\/\"}}]}<\/script>\n<!-- \/ Yoast SEO Premium plugin. -->","yoast_head_json":{"title":"CALIBRA LIFE Dog can Adult Chicken with rice 400g suaugusiems \u0161unims su vi\u0161tiena ir ry\u017eiais - anivet.lt","description":"\u0160is visavertis konservuotas pa\u0161aras su vi\u0161tiena, vi\u0161t\u0173 \u0161irdel\u0117mis ir ry\u017eiais, skirtas suaugusiems \u0161unims. Calibra Dog Life Adult Chicken with Rice \u2013 \u0161is visavertis konservuotas pa\u0161aras su vi\u0161tiena, vi\u0161t\u0173 \u0161irdel\u0117mis ir ry\u017eiais, skirtas suaugusiems \u0161unims. \u0160is vieno baltym\u0173 \u0161altinio receptas, sudarytas i\u0161 apibr\u0117\u017eto kiekio ingredient\u0173. Pa\u0161aras be glitimo, su nedideliu kiekiu ry\u017ei\u0173, gerai vir\u0161kinamas. Pa\u0161aro sud\u0117tyje tik 100 % apibr\u0117\u017eti, auk\u0161\u010diausios kokyb\u0117s ingredientai.","robots":{"index":"index","follow":"follow","max-snippet":"max-snippet:-1","max-image-preview":"max-image-preview:large","max-video-preview":"max-video-preview:-1"},"canonical":"https:\/\/anivet.lt\/elparduotuve\/produktas\/calibra-life-dog-can-adult-chicken-with-rice-400g-suaugusiems-sunims-su-vistiena-ir-ryziais\/","og_locale":"lt_LT","og_type":"article","og_title":"CALIBRA LIFE Dog can Adult Chicken with rice 400g suaugusiems \u0161unims su vi\u0161tiena ir ry\u017eiais","og_description":"\u0160is visavertis konservuotas pa\u0161aras su vi\u0161tiena, vi\u0161t\u0173 \u0161irdel\u0117mis ir ry\u017eiais, skirtas suaugusiems \u0161unims. Calibra Dog Life Adult Chicken with Rice \u2013 \u0161is visavertis konservuotas pa\u0161aras su vi\u0161tiena, vi\u0161t\u0173 \u0161irdel\u0117mis ir ry\u017eiais, skirtas suaugusiems \u0161unims. \u0160is vieno baltym\u0173 \u0161altinio receptas, sudarytas i\u0161 apibr\u0117\u017eto kiekio ingredient\u0173. Pa\u0161aras be glitimo, su nedideliu kiekiu ry\u017ei\u0173, gerai vir\u0161kinamas. Pa\u0161aro sud\u0117tyje tik 100 % apibr\u0117\u017eti, auk\u0161\u010diausios kokyb\u0117s ingredientai.","og_url":"https:\/\/anivet.lt\/elparduotuve\/produktas\/calibra-life-dog-can-adult-chicken-with-rice-400g-suaugusiems-sunims-su-vistiena-ir-ryziais\/","og_site_name":"anivet.lt","article_modified_time":"2025-09-03T19:29:11+00:00","og_image":[{"width":1920,"height":1920,"url":"https:\/\/anivet.lt\/elparduotuve\/wp-content\/uploads\/2023\/07\/2133-calibra-life-dog-konzerva-400g-adult-chicken.webp","type":"image\/webp"}],"twitter_card":"summary_large_image","twitter_misc":{"Est. reading time":"1 minut\u0117"},"schema":{"@context":"https:\/\/schema.org","@graph":[{"@type":"WebPage","@id":"https:\/\/anivet.lt\/elparduotuve\/produktas\/calibra-life-dog-can-adult-chicken-with-rice-400g-suaugusiems-sunims-su-vistiena-ir-ryziais\/","url":"https:\/\/anivet.lt\/elparduotuve\/produktas\/calibra-life-dog-can-adult-chicken-with-rice-400g-suaugusiems-sunims-su-vistiena-ir-ryziais\/","name":"CALIBRA LIFE Dog can Adult Chicken with rice 400g suaugusiems \u0161unims su vi\u0161tiena ir ry\u017eiais - anivet.lt","isPartOf":{"@id":"https:\/\/anivet.lt\/elparduotuve\/#website"},"primaryImageOfPage":{"@id":"https:\/\/anivet.lt\/elparduotuve\/produktas\/calibra-life-dog-can-adult-chicken-with-rice-400g-suaugusiems-sunims-su-vistiena-ir-ryziais\/#primaryimage"},"image":{"@id":"https:\/\/anivet.lt\/elparduotuve\/produktas\/calibra-life-dog-can-adult-chicken-with-rice-400g-suaugusiems-sunims-su-vistiena-ir-ryziais\/#primaryimage"},"thumbnailUrl":"https:\/\/anivet.lt\/elparduotuve\/wp-content\/uploads\/2023\/07\/2133-calibra-life-dog-konzerva-400g-adult-chicken.webp","datePublished":"2023-07-27T11:41:43+00:00","dateModified":"2025-09-03T19:29:11+00:00","description":"\u0160is visavertis konservuotas pa\u0161aras su vi\u0161tiena, vi\u0161t\u0173 \u0161irdel\u0117mis ir ry\u017eiais, skirtas suaugusiems \u0161unims. Calibra Dog Life Adult Chicken with Rice \u2013 \u0161is visavertis konservuotas pa\u0161aras su vi\u0161tiena, vi\u0161t\u0173 \u0161irdel\u0117mis ir ry\u017eiais, skirtas suaugusiems \u0161unims. \u0160is vieno baltym\u0173 \u0161altinio receptas, sudarytas i\u0161 apibr\u0117\u017eto kiekio ingredient\u0173. Pa\u0161aras be glitimo, su nedideliu kiekiu ry\u017ei\u0173, gerai vir\u0161kinamas. Pa\u0161aro sud\u0117tyje tik 100 % apibr\u0117\u017eti, auk\u0161\u010diausios kokyb\u0117s ingredientai.","breadcrumb":{"@id":"https:\/\/anivet.lt\/elparduotuve\/produktas\/calibra-life-dog-can-adult-chicken-with-rice-400g-suaugusiems-sunims-su-vistiena-ir-ryziais\/#breadcrumb"},"inLanguage":"lt-LT","potentialAction":[{"@type":"ReadAction","target":["https:\/\/anivet.lt\/elparduotuve\/produktas\/calibra-life-dog-can-adult-chicken-with-rice-400g-suaugusiems-sunims-su-vistiena-ir-ryziais\/"]}]},{"@type":"ImageObject","inLanguage":"lt-LT","@id":"https:\/\/anivet.lt\/elparduotuve\/produktas\/calibra-life-dog-can-adult-chicken-with-rice-400g-suaugusiems-sunims-su-vistiena-ir-ryziais\/#primaryimage","url":"https:\/\/anivet.lt\/elparduotuve\/wp-content\/uploads\/2023\/07\/2133-calibra-life-dog-konzerva-400g-adult-chicken.webp","contentUrl":"https:\/\/anivet.lt\/elparduotuve\/wp-content\/uploads\/2023\/07\/2133-calibra-life-dog-konzerva-400g-adult-chicken.webp","width":1920,"height":1920,"caption":"CALIBRA LIFE Dog can Adult Chicken with rice 400g suaugusiems \u0161unims su vi\u0161tiena ir ry\u017eiais"},{"@type":"BreadcrumbList","@id":"https:\/\/anivet.lt\/elparduotuve\/produktas\/calibra-life-dog-can-adult-chicken-with-rice-400g-suaugusiems-sunims-su-vistiena-ir-ryziais\/#breadcrumb","itemListElement":[{"@type":"ListItem","position":1,"name":"Home","item":"https:\/\/anivet.lt\/elparduotuve\/"},{"@type":"ListItem","position":2,"name":"Produktai","item":"https:\/\/anivet.lt\/elparduotuve\/produktai\/"},{"@type":"ListItem","position":3,"name":"CALIBRA LIFE Dog can Adult Chicken with rice 400g suaugusiems \u0161unims su vi\u0161tiena ir ry\u017eiais"}]},{"@type":"WebSite","@id":"https:\/\/anivet.lt\/elparduotuve\/#website","url":"https:\/\/anivet.lt\/elparduotuve\/","name":"anivet.lt","description":"Viskas J\u016bs\u0173 \u0161uns, kat\u0117s prie\u017ei\u016brai","publisher":{"@id":"https:\/\/anivet.lt\/elparduotuve\/#organization"},"alternateName":"Viskas J\u016bs\u0173 \u0161uns, kat\u0117s prie\u017ei\u016brai","potentialAction":[{"@type":"SearchAction","target":{"@type":"EntryPoint","urlTemplate":"https:\/\/anivet.lt\/elparduotuve\/?s={search_term_string}"},"query-input":{"@type":"PropertyValueSpecification","valueRequired":true,"valueName":"search_term_string"}}],"inLanguage":"lt-LT"},{"@type":"Organization","@id":"https:\/\/anivet.lt\/elparduotuve\/#organization","name":"Viskas J\u016bs\u0173 \u0161uns, kat\u0117s prie\u017ei\u016brai","url":"https:\/\/anivet.lt\/elparduotuve\/","logo":{"@type":"ImageObject","inLanguage":"lt-LT","@id":"https:\/\/anivet.lt\/elparduotuve\/#\/schema\/logo\/image\/","url":"https:\/\/anivet.lt\/elparduotuve\/wp-content\/uploads\/2023\/06\/logo2.jpg","contentUrl":"https:\/\/anivet.lt\/elparduotuve\/wp-content\/uploads\/2023\/06\/logo2.jpg","width":655,"height":194,"caption":"Viskas J\u016bs\u0173 \u0161uns, kat\u0117s prie\u017ei\u016brai"},"image":{"@id":"https:\/\/anivet.lt\/elparduotuve\/#\/schema\/logo\/image\/"}}]}},"_links":{"self":[{"href":"https:\/\/anivet.lt\/elparduotuve\/wp-json\/wp\/v2\/product\/10883","targetHints":{"allow":["GET"]}}],"collection":[{"href":"https:\/\/anivet.lt\/elparduotuve\/wp-json\/wp\/v2\/product"}],"about":[{"href":"https:\/\/anivet.lt\/elparduotuve\/wp-json\/wp\/v2\/types\/product"}],"wp:featuredmedia":[{"embeddable":true,"href":"https:\/\/anivet.lt\/elparduotuve\/wp-json\/wp\/v2\/media\/10889"}],"wp:attachment":[{"href":"https:\/\/anivet.lt\/elparduotuve\/wp-json\/wp\/v2\/media?parent=10883"}],"wp:term":[{"taxonomy":"product_brand","embeddable":true,"href":"https:\/\/anivet.lt\/elparduotuve\/wp-json\/wp\/v2\/product_brand?post=10883"},{"taxonomy":"product_cat","embeddable":true,"href":"https:\/\/anivet.lt\/elparduotuve\/wp-json\/wp\/v2\/product_cat?post=10883"},{"taxonomy":"product_tag","embeddable":true,"href":"https:\/\/anivet.lt\/elparduotuve\/wp-json\/wp\/v2\/product_tag?post=10883"}],"curies":[{"name":"wp","href":"https:\/\/api.w.org\/{rel}","templated":true}]}}