{"id":10885,"date":"2023-07-27T11:26:44","date_gmt":"2023-07-27T11:26:44","guid":{"rendered":"https:\/\/anivet.lt\/elparduotuve\/?post_type=product&#038;p=10885"},"modified":"2025-12-30T17:22:41","modified_gmt":"2025-12-30T17:22:41","slug":"calibra-vd-dog-hypoallergenic-skincoat-sausas-maistas-alergiskiems-sunims","status":"publish","type":"product","link":"https:\/\/anivet.lt\/elparduotuve\/produktas\/calibra-vd-dog-hypoallergenic-skincoat-sausas-maistas-alergiskiems-sunims\/","title":{"rendered":"Calibra VD Dog Hypoallergenic Skin&amp;Coat sausas maistas alergi\u0161kiems \u0161unims"},"content":{"rendered":"<ul>\n<li style=\"font-weight: 400;\" aria-level=\"1\"><span style=\"font-weight: 400;\">Hipoalergin\u0117 formul\u0117: Vienintelis baltym\u0173 \u0161altinis \u2013 la\u0161i\u0161a ir hidrolizuoti la\u0161i\u0161\u0173 baltymai, o pagrindinis angliavandeni\u0173 \u0161altinis \u2013 bulvi\u0173 krakmolas.<\/span><\/li>\n<li style=\"font-weight: 400;\" aria-level=\"1\"><span style=\"font-weight: 400;\">Odos ir kailio sveikatai: La\u0161i\u0161\u0173 aliejus ir linolo r\u016bg\u0161tis palaiko odos dr\u0117gm\u0119, elastingum\u0105 ir kailio blizges\u012f.<\/span><\/li>\n<li style=\"font-weight: 400;\" aria-level=\"1\"><span style=\"font-weight: 400;\">Omega riebal\u0173 r\u016bg\u0161tys: Omega-3 ir omega-6 r\u016bg\u0161tys turi prie\u0161u\u017edegimini\u0173 savybi\u0173 ir padeda i\u0161laikyti sveik\u0105 od\u0105 bei kail\u012f.<\/span><\/li>\n<li style=\"font-weight: 400;\" aria-level=\"1\"><span style=\"font-weight: 400;\">Prebiotikai ir probiotikai: Fruktooligosacharidai, beta-gliukanai ir Lactobacillus acidophilus gerina \u017earnyno mikroflor\u0105 ir palaiko vir\u0161kinimo sveikat\u0105.<\/span><\/li>\n<li style=\"font-weight: 400;\" aria-level=\"1\"><span style=\"font-weight: 400;\">Nat\u016bral\u016bs antioksidantai: Da\u017eini\u0173 ciber\u017eoli\u0173 ir \u017ealiosios arbatos ekstraktai apsaugo organizm\u0105 nuo laisv\u0173j\u0173 radikal\u0173 poveikio ir stiprina imunitet\u0105.<\/span><\/li>\n<\/ul>\n<p><span style=\"font-weight: 400;\">\u201eCalibra VD Dog Hypoallergenic Skin &amp; Coat\u201c \u2013 idealus pasirinkimas \u0161unims, turintiems jautri\u0105 od\u0105, kailio problemas ar maisto netoleravim\u0105. \u0160is pa\u0161aras u\u017etikrina ger\u0105 savijaut\u0105 ir padeda j\u016bs\u0173 augintiniui m\u0117gautis sveika ir subalansuota mityba.<\/span><\/p>\n","protected":false},"excerpt":{"rendered":"<p><span style=\"font-weight: 400;\">Visavertis dietinis pa\u0161aras, skirtas suma\u017einti sudedam\u0173j\u0173 dali\u0173 ir maistini\u0173 med\u017eiag\u0173 netoleravim\u0105 bei palaikyti odos funkcij\u0105 esant dermatozei ar gausiam \u0161\u0117rimui. Sukurtas alergi\u0161kiems \u0161unims, \u0161is pa\u0161aras u\u017etikrina lengv\u0105 vir\u0161kinim\u0105 ir subalansuot\u0105 mityb\u0105.<\/span><\/p>\n","protected":false},"featured_media":10886,"template":"","meta":[],"product_brand":[],"product_cat":[101,107,332],"product_tag":[],"class_list":{"0":"post-10885","1":"product","2":"type-product","3":"status-publish","4":"has-post-thumbnail","6":"product_cat-sunims","7":"product_cat-veterinarine-dieta","8":"product_cat-calibra-sunu-maistas","9":"pa_prekinis-zenklas-calibra","11":"first","12":"instock","13":"taxable","14":"shipping-taxable","15":"purchasable","16":"product-type-variable"},"yoast_head":"<!-- This site is optimized with the Yoast SEO Premium plugin v27.1 (Yoast SEO v27.3) - https:\/\/yoast.com\/product\/yoast-seo-premium-wordpress\/ -->\n<title>Calibra VD Dog Hypoallergenic Skin&amp;Coat sausas maistas alergi\u0161kiems \u0161unims - anivet.lt<\/title>\n<meta name=\"description\" content=\"Visavertis dietinis pa\u0161aras, skirtas suma\u017einti sudedam\u0173j\u0173 dali\u0173 ir maistini\u0173 med\u017eiag\u0173 netoleravim\u0105 bei palaikyti odos funkcij\u0105 esant dermatozei ar gausiam \u0161\u0117rimui. Sukurtas alergi\u0161kiems \u0161unims, \u0161is pa\u0161aras u\u017etikrina lengv\u0105 vir\u0161kinim\u0105 ir subalansuot\u0105 mityb\u0105.\" \/>\n<meta name=\"robots\" content=\"index, follow, max-snippet:-1, max-image-preview:large, max-video-preview:-1\" \/>\n<link rel=\"canonical\" href=\"https:\/\/anivet.lt\/elparduotuve\/produktas\/calibra-vd-dog-hypoallergenic-skincoat-sausas-maistas-alergiskiems-sunims\/\" \/>\n<meta property=\"og:locale\" content=\"lt_LT\" \/>\n<meta property=\"og:type\" content=\"article\" \/>\n<meta property=\"og:title\" content=\"Calibra VD Dog Hypoallergenic Skin&amp;Coat sausas maistas alergi\u0161kiems \u0161unims\" \/>\n<meta property=\"og:description\" content=\"Visavertis dietinis pa\u0161aras, skirtas suma\u017einti sudedam\u0173j\u0173 dali\u0173 ir maistini\u0173 med\u017eiag\u0173 netoleravim\u0105 bei palaikyti odos funkcij\u0105 esant dermatozei ar gausiam \u0161\u0117rimui. Sukurtas alergi\u0161kiems \u0161unims, \u0161is pa\u0161aras u\u017etikrina lengv\u0105 vir\u0161kinim\u0105 ir subalansuot\u0105 mityb\u0105.\" \/>\n<meta property=\"og:url\" content=\"https:\/\/anivet.lt\/elparduotuve\/produktas\/calibra-vd-dog-hypoallergenic-skincoat-sausas-maistas-alergiskiems-sunims\/\" \/>\n<meta property=\"og:site_name\" content=\"anivet.lt\" \/>\n<meta property=\"article:modified_time\" content=\"2025-12-30T17:22:41+00:00\" \/>\n<meta property=\"og:image\" content=\"https:\/\/anivet.lt\/elparduotuve\/wp-content\/uploads\/2023\/07\/3082-calibra-vd-dog-hypoallergenic-12kg-2023.webp\" \/>\n\t<meta property=\"og:image:width\" content=\"1920\" \/>\n\t<meta property=\"og:image:height\" content=\"1920\" \/>\n\t<meta property=\"og:image:type\" content=\"image\/webp\" \/>\n<meta name=\"twitter:card\" content=\"summary_large_image\" \/>\n<meta name=\"twitter:label1\" content=\"Est. reading time\" \/>\n\t<meta name=\"twitter:data1\" content=\"1 minut\u0117\" \/>\n<script type=\"application\/ld+json\" class=\"yoast-schema-graph\">{\"@context\":\"https:\\\/\\\/schema.org\",\"@graph\":[{\"@type\":\"WebPage\",\"@id\":\"https:\\\/\\\/anivet.lt\\\/elparduotuve\\\/produktas\\\/calibra-vd-dog-hypoallergenic-skincoat-sausas-maistas-alergiskiems-sunims\\\/\",\"url\":\"https:\\\/\\\/anivet.lt\\\/elparduotuve\\\/produktas\\\/calibra-vd-dog-hypoallergenic-skincoat-sausas-maistas-alergiskiems-sunims\\\/\",\"name\":\"Calibra VD Dog Hypoallergenic Skin&amp;Coat sausas maistas alergi\u0161kiems \u0161unims - anivet.lt\",\"isPartOf\":{\"@id\":\"https:\\\/\\\/anivet.lt\\\/elparduotuve\\\/#website\"},\"primaryImageOfPage\":{\"@id\":\"https:\\\/\\\/anivet.lt\\\/elparduotuve\\\/produktas\\\/calibra-vd-dog-hypoallergenic-skincoat-sausas-maistas-alergiskiems-sunims\\\/#primaryimage\"},\"image\":{\"@id\":\"https:\\\/\\\/anivet.lt\\\/elparduotuve\\\/produktas\\\/calibra-vd-dog-hypoallergenic-skincoat-sausas-maistas-alergiskiems-sunims\\\/#primaryimage\"},\"thumbnailUrl\":\"https:\\\/\\\/anivet.lt\\\/elparduotuve\\\/wp-content\\\/uploads\\\/2023\\\/07\\\/3082-calibra-vd-dog-hypoallergenic-12kg-2023.webp\",\"datePublished\":\"2023-07-27T11:26:44+00:00\",\"dateModified\":\"2025-12-30T17:22:41+00:00\",\"description\":\"Visavertis dietinis pa\u0161aras, skirtas suma\u017einti sudedam\u0173j\u0173 dali\u0173 ir maistini\u0173 med\u017eiag\u0173 netoleravim\u0105 bei palaikyti odos funkcij\u0105 esant dermatozei ar gausiam \u0161\u0117rimui. Sukurtas alergi\u0161kiems \u0161unims, \u0161is pa\u0161aras u\u017etikrina lengv\u0105 vir\u0161kinim\u0105 ir subalansuot\u0105 mityb\u0105.\",\"breadcrumb\":{\"@id\":\"https:\\\/\\\/anivet.lt\\\/elparduotuve\\\/produktas\\\/calibra-vd-dog-hypoallergenic-skincoat-sausas-maistas-alergiskiems-sunims\\\/#breadcrumb\"},\"inLanguage\":\"lt-LT\",\"potentialAction\":[{\"@type\":\"ReadAction\",\"target\":[\"https:\\\/\\\/anivet.lt\\\/elparduotuve\\\/produktas\\\/calibra-vd-dog-hypoallergenic-skincoat-sausas-maistas-alergiskiems-sunims\\\/\"]}]},{\"@type\":\"ImageObject\",\"inLanguage\":\"lt-LT\",\"@id\":\"https:\\\/\\\/anivet.lt\\\/elparduotuve\\\/produktas\\\/calibra-vd-dog-hypoallergenic-skincoat-sausas-maistas-alergiskiems-sunims\\\/#primaryimage\",\"url\":\"https:\\\/\\\/anivet.lt\\\/elparduotuve\\\/wp-content\\\/uploads\\\/2023\\\/07\\\/3082-calibra-vd-dog-hypoallergenic-12kg-2023.webp\",\"contentUrl\":\"https:\\\/\\\/anivet.lt\\\/elparduotuve\\\/wp-content\\\/uploads\\\/2023\\\/07\\\/3082-calibra-vd-dog-hypoallergenic-12kg-2023.webp\",\"width\":1920,\"height\":1920,\"caption\":\"Calibra VD Dog Hypoallergenic Skin&amp;Coat sausas maistas alergi\u0161kiems \u0161unims\"},{\"@type\":\"BreadcrumbList\",\"@id\":\"https:\\\/\\\/anivet.lt\\\/elparduotuve\\\/produktas\\\/calibra-vd-dog-hypoallergenic-skincoat-sausas-maistas-alergiskiems-sunims\\\/#breadcrumb\",\"itemListElement\":[{\"@type\":\"ListItem\",\"position\":1,\"name\":\"Home\",\"item\":\"https:\\\/\\\/anivet.lt\\\/elparduotuve\\\/\"},{\"@type\":\"ListItem\",\"position\":2,\"name\":\"Produktai\",\"item\":\"https:\\\/\\\/anivet.lt\\\/elparduotuve\\\/produktai\\\/\"},{\"@type\":\"ListItem\",\"position\":3,\"name\":\"Calibra VD Dog Hypoallergenic Skin&amp;Coat sausas maistas alergi\u0161kiems \u0161unims\"}]},{\"@type\":\"WebSite\",\"@id\":\"https:\\\/\\\/anivet.lt\\\/elparduotuve\\\/#website\",\"url\":\"https:\\\/\\\/anivet.lt\\\/elparduotuve\\\/\",\"name\":\"anivet.lt\",\"description\":\"Viskas J\u016bs\u0173 \u0161uns, kat\u0117s prie\u017ei\u016brai\",\"publisher\":{\"@id\":\"https:\\\/\\\/anivet.lt\\\/elparduotuve\\\/#organization\"},\"alternateName\":\"Viskas J\u016bs\u0173 \u0161uns, kat\u0117s prie\u017ei\u016brai\",\"potentialAction\":[{\"@type\":\"SearchAction\",\"target\":{\"@type\":\"EntryPoint\",\"urlTemplate\":\"https:\\\/\\\/anivet.lt\\\/elparduotuve\\\/?s={search_term_string}\"},\"query-input\":{\"@type\":\"PropertyValueSpecification\",\"valueRequired\":true,\"valueName\":\"search_term_string\"}}],\"inLanguage\":\"lt-LT\"},{\"@type\":\"Organization\",\"@id\":\"https:\\\/\\\/anivet.lt\\\/elparduotuve\\\/#organization\",\"name\":\"Viskas J\u016bs\u0173 \u0161uns, kat\u0117s prie\u017ei\u016brai\",\"url\":\"https:\\\/\\\/anivet.lt\\\/elparduotuve\\\/\",\"logo\":{\"@type\":\"ImageObject\",\"inLanguage\":\"lt-LT\",\"@id\":\"https:\\\/\\\/anivet.lt\\\/elparduotuve\\\/#\\\/schema\\\/logo\\\/image\\\/\",\"url\":\"https:\\\/\\\/anivet.lt\\\/elparduotuve\\\/wp-content\\\/uploads\\\/2023\\\/06\\\/logo2.jpg\",\"contentUrl\":\"https:\\\/\\\/anivet.lt\\\/elparduotuve\\\/wp-content\\\/uploads\\\/2023\\\/06\\\/logo2.jpg\",\"width\":655,\"height\":194,\"caption\":\"Viskas J\u016bs\u0173 \u0161uns, kat\u0117s prie\u017ei\u016brai\"},\"image\":{\"@id\":\"https:\\\/\\\/anivet.lt\\\/elparduotuve\\\/#\\\/schema\\\/logo\\\/image\\\/\"}}]}<\/script>\n<!-- \/ Yoast SEO Premium plugin. -->","yoast_head_json":{"title":"Calibra VD Dog Hypoallergenic Skin&amp;Coat sausas maistas alergi\u0161kiems \u0161unims - anivet.lt","description":"Visavertis dietinis pa\u0161aras, skirtas suma\u017einti sudedam\u0173j\u0173 dali\u0173 ir maistini\u0173 med\u017eiag\u0173 netoleravim\u0105 bei palaikyti odos funkcij\u0105 esant dermatozei ar gausiam \u0161\u0117rimui. Sukurtas alergi\u0161kiems \u0161unims, \u0161is pa\u0161aras u\u017etikrina lengv\u0105 vir\u0161kinim\u0105 ir subalansuot\u0105 mityb\u0105.","robots":{"index":"index","follow":"follow","max-snippet":"max-snippet:-1","max-image-preview":"max-image-preview:large","max-video-preview":"max-video-preview:-1"},"canonical":"https:\/\/anivet.lt\/elparduotuve\/produktas\/calibra-vd-dog-hypoallergenic-skincoat-sausas-maistas-alergiskiems-sunims\/","og_locale":"lt_LT","og_type":"article","og_title":"Calibra VD Dog Hypoallergenic Skin&amp;Coat sausas maistas alergi\u0161kiems \u0161unims","og_description":"Visavertis dietinis pa\u0161aras, skirtas suma\u017einti sudedam\u0173j\u0173 dali\u0173 ir maistini\u0173 med\u017eiag\u0173 netoleravim\u0105 bei palaikyti odos funkcij\u0105 esant dermatozei ar gausiam \u0161\u0117rimui. Sukurtas alergi\u0161kiems \u0161unims, \u0161is pa\u0161aras u\u017etikrina lengv\u0105 vir\u0161kinim\u0105 ir subalansuot\u0105 mityb\u0105.","og_url":"https:\/\/anivet.lt\/elparduotuve\/produktas\/calibra-vd-dog-hypoallergenic-skincoat-sausas-maistas-alergiskiems-sunims\/","og_site_name":"anivet.lt","article_modified_time":"2025-12-30T17:22:41+00:00","og_image":[{"width":1920,"height":1920,"url":"https:\/\/anivet.lt\/elparduotuve\/wp-content\/uploads\/2023\/07\/3082-calibra-vd-dog-hypoallergenic-12kg-2023.webp","type":"image\/webp"}],"twitter_card":"summary_large_image","twitter_misc":{"Est. reading time":"1 minut\u0117"},"schema":{"@context":"https:\/\/schema.org","@graph":[{"@type":"WebPage","@id":"https:\/\/anivet.lt\/elparduotuve\/produktas\/calibra-vd-dog-hypoallergenic-skincoat-sausas-maistas-alergiskiems-sunims\/","url":"https:\/\/anivet.lt\/elparduotuve\/produktas\/calibra-vd-dog-hypoallergenic-skincoat-sausas-maistas-alergiskiems-sunims\/","name":"Calibra VD Dog Hypoallergenic Skin&amp;Coat sausas maistas alergi\u0161kiems \u0161unims - anivet.lt","isPartOf":{"@id":"https:\/\/anivet.lt\/elparduotuve\/#website"},"primaryImageOfPage":{"@id":"https:\/\/anivet.lt\/elparduotuve\/produktas\/calibra-vd-dog-hypoallergenic-skincoat-sausas-maistas-alergiskiems-sunims\/#primaryimage"},"image":{"@id":"https:\/\/anivet.lt\/elparduotuve\/produktas\/calibra-vd-dog-hypoallergenic-skincoat-sausas-maistas-alergiskiems-sunims\/#primaryimage"},"thumbnailUrl":"https:\/\/anivet.lt\/elparduotuve\/wp-content\/uploads\/2023\/07\/3082-calibra-vd-dog-hypoallergenic-12kg-2023.webp","datePublished":"2023-07-27T11:26:44+00:00","dateModified":"2025-12-30T17:22:41+00:00","description":"Visavertis dietinis pa\u0161aras, skirtas suma\u017einti sudedam\u0173j\u0173 dali\u0173 ir maistini\u0173 med\u017eiag\u0173 netoleravim\u0105 bei palaikyti odos funkcij\u0105 esant dermatozei ar gausiam \u0161\u0117rimui. Sukurtas alergi\u0161kiems \u0161unims, \u0161is pa\u0161aras u\u017etikrina lengv\u0105 vir\u0161kinim\u0105 ir subalansuot\u0105 mityb\u0105.","breadcrumb":{"@id":"https:\/\/anivet.lt\/elparduotuve\/produktas\/calibra-vd-dog-hypoallergenic-skincoat-sausas-maistas-alergiskiems-sunims\/#breadcrumb"},"inLanguage":"lt-LT","potentialAction":[{"@type":"ReadAction","target":["https:\/\/anivet.lt\/elparduotuve\/produktas\/calibra-vd-dog-hypoallergenic-skincoat-sausas-maistas-alergiskiems-sunims\/"]}]},{"@type":"ImageObject","inLanguage":"lt-LT","@id":"https:\/\/anivet.lt\/elparduotuve\/produktas\/calibra-vd-dog-hypoallergenic-skincoat-sausas-maistas-alergiskiems-sunims\/#primaryimage","url":"https:\/\/anivet.lt\/elparduotuve\/wp-content\/uploads\/2023\/07\/3082-calibra-vd-dog-hypoallergenic-12kg-2023.webp","contentUrl":"https:\/\/anivet.lt\/elparduotuve\/wp-content\/uploads\/2023\/07\/3082-calibra-vd-dog-hypoallergenic-12kg-2023.webp","width":1920,"height":1920,"caption":"Calibra VD Dog Hypoallergenic Skin&amp;Coat sausas maistas alergi\u0161kiems \u0161unims"},{"@type":"BreadcrumbList","@id":"https:\/\/anivet.lt\/elparduotuve\/produktas\/calibra-vd-dog-hypoallergenic-skincoat-sausas-maistas-alergiskiems-sunims\/#breadcrumb","itemListElement":[{"@type":"ListItem","position":1,"name":"Home","item":"https:\/\/anivet.lt\/elparduotuve\/"},{"@type":"ListItem","position":2,"name":"Produktai","item":"https:\/\/anivet.lt\/elparduotuve\/produktai\/"},{"@type":"ListItem","position":3,"name":"Calibra VD Dog Hypoallergenic Skin&amp;Coat sausas maistas alergi\u0161kiems \u0161unims"}]},{"@type":"WebSite","@id":"https:\/\/anivet.lt\/elparduotuve\/#website","url":"https:\/\/anivet.lt\/elparduotuve\/","name":"anivet.lt","description":"Viskas J\u016bs\u0173 \u0161uns, kat\u0117s prie\u017ei\u016brai","publisher":{"@id":"https:\/\/anivet.lt\/elparduotuve\/#organization"},"alternateName":"Viskas J\u016bs\u0173 \u0161uns, kat\u0117s prie\u017ei\u016brai","potentialAction":[{"@type":"SearchAction","target":{"@type":"EntryPoint","urlTemplate":"https:\/\/anivet.lt\/elparduotuve\/?s={search_term_string}"},"query-input":{"@type":"PropertyValueSpecification","valueRequired":true,"valueName":"search_term_string"}}],"inLanguage":"lt-LT"},{"@type":"Organization","@id":"https:\/\/anivet.lt\/elparduotuve\/#organization","name":"Viskas J\u016bs\u0173 \u0161uns, kat\u0117s prie\u017ei\u016brai","url":"https:\/\/anivet.lt\/elparduotuve\/","logo":{"@type":"ImageObject","inLanguage":"lt-LT","@id":"https:\/\/anivet.lt\/elparduotuve\/#\/schema\/logo\/image\/","url":"https:\/\/anivet.lt\/elparduotuve\/wp-content\/uploads\/2023\/06\/logo2.jpg","contentUrl":"https:\/\/anivet.lt\/elparduotuve\/wp-content\/uploads\/2023\/06\/logo2.jpg","width":655,"height":194,"caption":"Viskas J\u016bs\u0173 \u0161uns, kat\u0117s prie\u017ei\u016brai"},"image":{"@id":"https:\/\/anivet.lt\/elparduotuve\/#\/schema\/logo\/image\/"}}]}},"_links":{"self":[{"href":"https:\/\/anivet.lt\/elparduotuve\/wp-json\/wp\/v2\/product\/10885","targetHints":{"allow":["GET"]}}],"collection":[{"href":"https:\/\/anivet.lt\/elparduotuve\/wp-json\/wp\/v2\/product"}],"about":[{"href":"https:\/\/anivet.lt\/elparduotuve\/wp-json\/wp\/v2\/types\/product"}],"wp:featuredmedia":[{"embeddable":true,"href":"https:\/\/anivet.lt\/elparduotuve\/wp-json\/wp\/v2\/media\/10886"}],"wp:attachment":[{"href":"https:\/\/anivet.lt\/elparduotuve\/wp-json\/wp\/v2\/media?parent=10885"}],"wp:term":[{"taxonomy":"product_brand","embeddable":true,"href":"https:\/\/anivet.lt\/elparduotuve\/wp-json\/wp\/v2\/product_brand?post=10885"},{"taxonomy":"product_cat","embeddable":true,"href":"https:\/\/anivet.lt\/elparduotuve\/wp-json\/wp\/v2\/product_cat?post=10885"},{"taxonomy":"product_tag","embeddable":true,"href":"https:\/\/anivet.lt\/elparduotuve\/wp-json\/wp\/v2\/product_tag?post=10885"}],"curies":[{"name":"wp","href":"https:\/\/api.w.org\/{rel}","templated":true}]}}