{"id":10891,"date":"2023-07-27T11:53:29","date_gmt":"2023-07-27T11:53:29","guid":{"rendered":"https:\/\/anivet.lt\/elparduotuve\/?post_type=product&#038;p=10891"},"modified":"2025-11-17T17:28:12","modified_gmt":"2025-11-17T17:28:12","slug":"calibra-vd-dog-joint-mobility-sausas-maistas-sunims-su-vistiena","status":"publish","type":"product","link":"https:\/\/anivet.lt\/elparduotuve\/produktas\/calibra-vd-dog-joint-mobility-sausas-maistas-sunims-su-vistiena\/","title":{"rendered":"Calibra VD Dog Joint &amp; Mobility sausas maistas \u0161unims su pauk\u0161tiena"},"content":{"rendered":"<ul>\n<li style=\"font-weight: 400;\" aria-level=\"1\"><span style=\"font-weight: 400;\">S\u0105nari\u0173 stiprinimas: Gliukozaminas (1400 mg\/kg) ir chondroitino sulfatas (1200 mg\/kg) padeda apsaugoti ir atkurti s\u0105nari\u0173 kremzles.<\/span><\/li>\n<li style=\"font-weight: 400;\" aria-level=\"1\"><span style=\"font-weight: 400;\">Prie\u0161u\u017edegimin\u0117s savyb\u0117s: Omega-3 riebal\u0173 r\u016bg\u0161tys ir metilsulfonilmetanas (MSM) padeda ma\u017einti u\u017edegimus.<\/span><\/li>\n<li style=\"font-weight: 400;\" aria-level=\"1\"><span style=\"font-weight: 400;\">Nat\u016bral\u016bs ingredientai: Bosvelij\u0173 dervos ir ciber\u017eoli\u0173 ekstraktai prisideda prie s\u0105nari\u0173 sveikatos ir veikia kaip nat\u016bral\u016bs antioksidantai.<\/span><\/li>\n<li style=\"font-weight: 400;\" aria-level=\"1\"><span style=\"font-weight: 400;\">Lengvai vir\u0161kinama formul\u0117: Vi\u0161tienos ir kalakutienos baltymai kartu su ry\u017eiais ir avi\u017eomis palaiko ger\u0105 vir\u0161kinim\u0105.<\/span><\/li>\n<li style=\"font-weight: 400;\" aria-level=\"1\"><span style=\"font-weight: 400;\">Probiotikai ir prebiotikai: Lactobacillus acidophilus ir prebiotikai (FOS, MOS) gerina \u017earnyno mikroflor\u0105 ir stiprina imunin\u0119 sistem\u0105.<\/span><\/li>\n<\/ul>\n<p><span style=\"font-weight: 400;\">\u201eCalibra VD Dog Joint &amp; Mobility\u201c \u2013 tai subalansuotas ir gardus pa\u0161aras, padedantis u\u017etikrinti j\u016bs\u0173 \u0161uns s\u0105nari\u0173 sveikat\u0105 ir judrum\u0105. Puikus sprendimas augintiniams, kuriems reikalingas papildomas palaikymas esant osteoartritui ar s\u0105nari\u0173 problemoms.<\/span><\/p>\n","protected":false},"excerpt":{"rendered":"<p><span style=\"font-weight: 400;\">Visavertis dietinis pa\u0161aras, skirtas palaikyti s\u0105nari\u0173 sveikat\u0105 ir metabolizm\u0105 osteoartrito atveju. Pagamintas naudojant auk\u0161tos kokyb\u0117s ingredientus ir remiantis naujausiais veterinarijos tyrimais, \u0161is pa\u0161aras padeda i\u0161spr\u0119sti s\u0105nari\u0173 problemas ir palaiko bendr\u0105 gyv\u016bno judrum\u0105.<\/span><\/p>\n","protected":false},"featured_media":10892,"template":"","meta":[],"product_brand":[],"product_cat":[101,107,332],"product_tag":[],"class_list":{"0":"post-10891","1":"product","2":"type-product","3":"status-publish","4":"has-post-thumbnail","6":"product_cat-sunims","7":"product_cat-veterinarine-dieta","8":"product_cat-calibra-sunu-maistas","9":"pa_prekinis-zenklas-calibra","11":"first","12":"instock","13":"taxable","14":"shipping-taxable","15":"purchasable","16":"product-type-variable"},"yoast_head":"<!-- This site is optimized with the Yoast SEO Premium plugin v27.1 (Yoast SEO v27.3) - https:\/\/yoast.com\/product\/yoast-seo-premium-wordpress\/ -->\n<title>Calibra VD Dog Joint &amp; Mobility sausas maistas \u0161unims su pauk\u0161tiena - anivet.lt<\/title>\n<meta name=\"description\" content=\"Visavertis dietinis pa\u0161aras, skirtas palaikyti s\u0105nari\u0173 sveikat\u0105 ir metabolizm\u0105 osteoartrito atveju. Pagamintas naudojant auk\u0161tos kokyb\u0117s ingredientus ir remiantis naujausiais veterinarijos tyrimais, \u0161is pa\u0161aras padeda i\u0161spr\u0119sti s\u0105nari\u0173 problemas ir palaiko bendr\u0105 gyv\u016bno judrum\u0105.\" \/>\n<meta name=\"robots\" content=\"index, follow, max-snippet:-1, max-image-preview:large, max-video-preview:-1\" \/>\n<link rel=\"canonical\" href=\"https:\/\/anivet.lt\/elparduotuve\/produktas\/calibra-vd-dog-joint-mobility-sausas-maistas-sunims-su-vistiena\/\" \/>\n<meta property=\"og:locale\" content=\"lt_LT\" \/>\n<meta property=\"og:type\" content=\"article\" \/>\n<meta property=\"og:title\" content=\"Calibra VD Dog Joint &amp; Mobility sausas maistas \u0161unims su pauk\u0161tiena\" \/>\n<meta property=\"og:description\" content=\"Visavertis dietinis pa\u0161aras, skirtas palaikyti s\u0105nari\u0173 sveikat\u0105 ir metabolizm\u0105 osteoartrito atveju. Pagamintas naudojant auk\u0161tos kokyb\u0117s ingredientus ir remiantis naujausiais veterinarijos tyrimais, \u0161is pa\u0161aras padeda i\u0161spr\u0119sti s\u0105nari\u0173 problemas ir palaiko bendr\u0105 gyv\u016bno judrum\u0105.\" \/>\n<meta property=\"og:url\" content=\"https:\/\/anivet.lt\/elparduotuve\/produktas\/calibra-vd-dog-joint-mobility-sausas-maistas-sunims-su-vistiena\/\" \/>\n<meta property=\"og:site_name\" content=\"anivet.lt\" \/>\n<meta property=\"article:modified_time\" content=\"2025-11-17T17:28:12+00:00\" \/>\n<meta property=\"og:image\" content=\"https:\/\/anivet.lt\/elparduotuve\/wp-content\/uploads\/2023\/07\/886-calibra-vd-dog-mobility-12kg.webp\" \/>\n\t<meta property=\"og:image:width\" content=\"1920\" \/>\n\t<meta property=\"og:image:height\" content=\"1920\" \/>\n\t<meta property=\"og:image:type\" content=\"image\/webp\" \/>\n<meta name=\"twitter:card\" content=\"summary_large_image\" \/>\n<meta name=\"twitter:label1\" content=\"Est. reading time\" \/>\n\t<meta name=\"twitter:data1\" content=\"1 minut\u0117\" \/>\n<script type=\"application\/ld+json\" class=\"yoast-schema-graph\">{\"@context\":\"https:\\\/\\\/schema.org\",\"@graph\":[{\"@type\":\"WebPage\",\"@id\":\"https:\\\/\\\/anivet.lt\\\/elparduotuve\\\/produktas\\\/calibra-vd-dog-joint-mobility-sausas-maistas-sunims-su-vistiena\\\/\",\"url\":\"https:\\\/\\\/anivet.lt\\\/elparduotuve\\\/produktas\\\/calibra-vd-dog-joint-mobility-sausas-maistas-sunims-su-vistiena\\\/\",\"name\":\"Calibra VD Dog Joint &amp; Mobility sausas maistas \u0161unims su pauk\u0161tiena - anivet.lt\",\"isPartOf\":{\"@id\":\"https:\\\/\\\/anivet.lt\\\/elparduotuve\\\/#website\"},\"primaryImageOfPage\":{\"@id\":\"https:\\\/\\\/anivet.lt\\\/elparduotuve\\\/produktas\\\/calibra-vd-dog-joint-mobility-sausas-maistas-sunims-su-vistiena\\\/#primaryimage\"},\"image\":{\"@id\":\"https:\\\/\\\/anivet.lt\\\/elparduotuve\\\/produktas\\\/calibra-vd-dog-joint-mobility-sausas-maistas-sunims-su-vistiena\\\/#primaryimage\"},\"thumbnailUrl\":\"https:\\\/\\\/anivet.lt\\\/elparduotuve\\\/wp-content\\\/uploads\\\/2023\\\/07\\\/886-calibra-vd-dog-mobility-12kg.webp\",\"datePublished\":\"2023-07-27T11:53:29+00:00\",\"dateModified\":\"2025-11-17T17:28:12+00:00\",\"description\":\"Visavertis dietinis pa\u0161aras, skirtas palaikyti s\u0105nari\u0173 sveikat\u0105 ir metabolizm\u0105 osteoartrito atveju. Pagamintas naudojant auk\u0161tos kokyb\u0117s ingredientus ir remiantis naujausiais veterinarijos tyrimais, \u0161is pa\u0161aras padeda i\u0161spr\u0119sti s\u0105nari\u0173 problemas ir palaiko bendr\u0105 gyv\u016bno judrum\u0105.\",\"breadcrumb\":{\"@id\":\"https:\\\/\\\/anivet.lt\\\/elparduotuve\\\/produktas\\\/calibra-vd-dog-joint-mobility-sausas-maistas-sunims-su-vistiena\\\/#breadcrumb\"},\"inLanguage\":\"lt-LT\",\"potentialAction\":[{\"@type\":\"ReadAction\",\"target\":[\"https:\\\/\\\/anivet.lt\\\/elparduotuve\\\/produktas\\\/calibra-vd-dog-joint-mobility-sausas-maistas-sunims-su-vistiena\\\/\"]}]},{\"@type\":\"ImageObject\",\"inLanguage\":\"lt-LT\",\"@id\":\"https:\\\/\\\/anivet.lt\\\/elparduotuve\\\/produktas\\\/calibra-vd-dog-joint-mobility-sausas-maistas-sunims-su-vistiena\\\/#primaryimage\",\"url\":\"https:\\\/\\\/anivet.lt\\\/elparduotuve\\\/wp-content\\\/uploads\\\/2023\\\/07\\\/886-calibra-vd-dog-mobility-12kg.webp\",\"contentUrl\":\"https:\\\/\\\/anivet.lt\\\/elparduotuve\\\/wp-content\\\/uploads\\\/2023\\\/07\\\/886-calibra-vd-dog-mobility-12kg.webp\",\"width\":1920,\"height\":1920,\"caption\":\"Calibra VD Dog Joint &amp; Mobility sausas maistas \u0161unims su pauk\u0161tiena\"},{\"@type\":\"BreadcrumbList\",\"@id\":\"https:\\\/\\\/anivet.lt\\\/elparduotuve\\\/produktas\\\/calibra-vd-dog-joint-mobility-sausas-maistas-sunims-su-vistiena\\\/#breadcrumb\",\"itemListElement\":[{\"@type\":\"ListItem\",\"position\":1,\"name\":\"Home\",\"item\":\"https:\\\/\\\/anivet.lt\\\/elparduotuve\\\/\"},{\"@type\":\"ListItem\",\"position\":2,\"name\":\"Produktai\",\"item\":\"https:\\\/\\\/anivet.lt\\\/elparduotuve\\\/produktai\\\/\"},{\"@type\":\"ListItem\",\"position\":3,\"name\":\"Calibra VD Dog Joint &amp; Mobility sausas maistas \u0161unims su pauk\u0161tiena\"}]},{\"@type\":\"WebSite\",\"@id\":\"https:\\\/\\\/anivet.lt\\\/elparduotuve\\\/#website\",\"url\":\"https:\\\/\\\/anivet.lt\\\/elparduotuve\\\/\",\"name\":\"anivet.lt\",\"description\":\"Viskas J\u016bs\u0173 \u0161uns, kat\u0117s prie\u017ei\u016brai\",\"publisher\":{\"@id\":\"https:\\\/\\\/anivet.lt\\\/elparduotuve\\\/#organization\"},\"alternateName\":\"Viskas J\u016bs\u0173 \u0161uns, kat\u0117s prie\u017ei\u016brai\",\"potentialAction\":[{\"@type\":\"SearchAction\",\"target\":{\"@type\":\"EntryPoint\",\"urlTemplate\":\"https:\\\/\\\/anivet.lt\\\/elparduotuve\\\/?s={search_term_string}\"},\"query-input\":{\"@type\":\"PropertyValueSpecification\",\"valueRequired\":true,\"valueName\":\"search_term_string\"}}],\"inLanguage\":\"lt-LT\"},{\"@type\":\"Organization\",\"@id\":\"https:\\\/\\\/anivet.lt\\\/elparduotuve\\\/#organization\",\"name\":\"Viskas J\u016bs\u0173 \u0161uns, kat\u0117s prie\u017ei\u016brai\",\"url\":\"https:\\\/\\\/anivet.lt\\\/elparduotuve\\\/\",\"logo\":{\"@type\":\"ImageObject\",\"inLanguage\":\"lt-LT\",\"@id\":\"https:\\\/\\\/anivet.lt\\\/elparduotuve\\\/#\\\/schema\\\/logo\\\/image\\\/\",\"url\":\"https:\\\/\\\/anivet.lt\\\/elparduotuve\\\/wp-content\\\/uploads\\\/2023\\\/06\\\/logo2.jpg\",\"contentUrl\":\"https:\\\/\\\/anivet.lt\\\/elparduotuve\\\/wp-content\\\/uploads\\\/2023\\\/06\\\/logo2.jpg\",\"width\":655,\"height\":194,\"caption\":\"Viskas J\u016bs\u0173 \u0161uns, kat\u0117s prie\u017ei\u016brai\"},\"image\":{\"@id\":\"https:\\\/\\\/anivet.lt\\\/elparduotuve\\\/#\\\/schema\\\/logo\\\/image\\\/\"}}]}<\/script>\n<!-- \/ Yoast SEO Premium plugin. -->","yoast_head_json":{"title":"Calibra VD Dog Joint &amp; Mobility sausas maistas \u0161unims su pauk\u0161tiena - anivet.lt","description":"Visavertis dietinis pa\u0161aras, skirtas palaikyti s\u0105nari\u0173 sveikat\u0105 ir metabolizm\u0105 osteoartrito atveju. Pagamintas naudojant auk\u0161tos kokyb\u0117s ingredientus ir remiantis naujausiais veterinarijos tyrimais, \u0161is pa\u0161aras padeda i\u0161spr\u0119sti s\u0105nari\u0173 problemas ir palaiko bendr\u0105 gyv\u016bno judrum\u0105.","robots":{"index":"index","follow":"follow","max-snippet":"max-snippet:-1","max-image-preview":"max-image-preview:large","max-video-preview":"max-video-preview:-1"},"canonical":"https:\/\/anivet.lt\/elparduotuve\/produktas\/calibra-vd-dog-joint-mobility-sausas-maistas-sunims-su-vistiena\/","og_locale":"lt_LT","og_type":"article","og_title":"Calibra VD Dog Joint &amp; Mobility sausas maistas \u0161unims su pauk\u0161tiena","og_description":"Visavertis dietinis pa\u0161aras, skirtas palaikyti s\u0105nari\u0173 sveikat\u0105 ir metabolizm\u0105 osteoartrito atveju. Pagamintas naudojant auk\u0161tos kokyb\u0117s ingredientus ir remiantis naujausiais veterinarijos tyrimais, \u0161is pa\u0161aras padeda i\u0161spr\u0119sti s\u0105nari\u0173 problemas ir palaiko bendr\u0105 gyv\u016bno judrum\u0105.","og_url":"https:\/\/anivet.lt\/elparduotuve\/produktas\/calibra-vd-dog-joint-mobility-sausas-maistas-sunims-su-vistiena\/","og_site_name":"anivet.lt","article_modified_time":"2025-11-17T17:28:12+00:00","og_image":[{"width":1920,"height":1920,"url":"https:\/\/anivet.lt\/elparduotuve\/wp-content\/uploads\/2023\/07\/886-calibra-vd-dog-mobility-12kg.webp","type":"image\/webp"}],"twitter_card":"summary_large_image","twitter_misc":{"Est. reading time":"1 minut\u0117"},"schema":{"@context":"https:\/\/schema.org","@graph":[{"@type":"WebPage","@id":"https:\/\/anivet.lt\/elparduotuve\/produktas\/calibra-vd-dog-joint-mobility-sausas-maistas-sunims-su-vistiena\/","url":"https:\/\/anivet.lt\/elparduotuve\/produktas\/calibra-vd-dog-joint-mobility-sausas-maistas-sunims-su-vistiena\/","name":"Calibra VD Dog Joint &amp; Mobility sausas maistas \u0161unims su pauk\u0161tiena - anivet.lt","isPartOf":{"@id":"https:\/\/anivet.lt\/elparduotuve\/#website"},"primaryImageOfPage":{"@id":"https:\/\/anivet.lt\/elparduotuve\/produktas\/calibra-vd-dog-joint-mobility-sausas-maistas-sunims-su-vistiena\/#primaryimage"},"image":{"@id":"https:\/\/anivet.lt\/elparduotuve\/produktas\/calibra-vd-dog-joint-mobility-sausas-maistas-sunims-su-vistiena\/#primaryimage"},"thumbnailUrl":"https:\/\/anivet.lt\/elparduotuve\/wp-content\/uploads\/2023\/07\/886-calibra-vd-dog-mobility-12kg.webp","datePublished":"2023-07-27T11:53:29+00:00","dateModified":"2025-11-17T17:28:12+00:00","description":"Visavertis dietinis pa\u0161aras, skirtas palaikyti s\u0105nari\u0173 sveikat\u0105 ir metabolizm\u0105 osteoartrito atveju. Pagamintas naudojant auk\u0161tos kokyb\u0117s ingredientus ir remiantis naujausiais veterinarijos tyrimais, \u0161is pa\u0161aras padeda i\u0161spr\u0119sti s\u0105nari\u0173 problemas ir palaiko bendr\u0105 gyv\u016bno judrum\u0105.","breadcrumb":{"@id":"https:\/\/anivet.lt\/elparduotuve\/produktas\/calibra-vd-dog-joint-mobility-sausas-maistas-sunims-su-vistiena\/#breadcrumb"},"inLanguage":"lt-LT","potentialAction":[{"@type":"ReadAction","target":["https:\/\/anivet.lt\/elparduotuve\/produktas\/calibra-vd-dog-joint-mobility-sausas-maistas-sunims-su-vistiena\/"]}]},{"@type":"ImageObject","inLanguage":"lt-LT","@id":"https:\/\/anivet.lt\/elparduotuve\/produktas\/calibra-vd-dog-joint-mobility-sausas-maistas-sunims-su-vistiena\/#primaryimage","url":"https:\/\/anivet.lt\/elparduotuve\/wp-content\/uploads\/2023\/07\/886-calibra-vd-dog-mobility-12kg.webp","contentUrl":"https:\/\/anivet.lt\/elparduotuve\/wp-content\/uploads\/2023\/07\/886-calibra-vd-dog-mobility-12kg.webp","width":1920,"height":1920,"caption":"Calibra VD Dog Joint &amp; Mobility sausas maistas \u0161unims su pauk\u0161tiena"},{"@type":"BreadcrumbList","@id":"https:\/\/anivet.lt\/elparduotuve\/produktas\/calibra-vd-dog-joint-mobility-sausas-maistas-sunims-su-vistiena\/#breadcrumb","itemListElement":[{"@type":"ListItem","position":1,"name":"Home","item":"https:\/\/anivet.lt\/elparduotuve\/"},{"@type":"ListItem","position":2,"name":"Produktai","item":"https:\/\/anivet.lt\/elparduotuve\/produktai\/"},{"@type":"ListItem","position":3,"name":"Calibra VD Dog Joint &amp; Mobility sausas maistas \u0161unims su pauk\u0161tiena"}]},{"@type":"WebSite","@id":"https:\/\/anivet.lt\/elparduotuve\/#website","url":"https:\/\/anivet.lt\/elparduotuve\/","name":"anivet.lt","description":"Viskas J\u016bs\u0173 \u0161uns, kat\u0117s prie\u017ei\u016brai","publisher":{"@id":"https:\/\/anivet.lt\/elparduotuve\/#organization"},"alternateName":"Viskas J\u016bs\u0173 \u0161uns, kat\u0117s prie\u017ei\u016brai","potentialAction":[{"@type":"SearchAction","target":{"@type":"EntryPoint","urlTemplate":"https:\/\/anivet.lt\/elparduotuve\/?s={search_term_string}"},"query-input":{"@type":"PropertyValueSpecification","valueRequired":true,"valueName":"search_term_string"}}],"inLanguage":"lt-LT"},{"@type":"Organization","@id":"https:\/\/anivet.lt\/elparduotuve\/#organization","name":"Viskas J\u016bs\u0173 \u0161uns, kat\u0117s prie\u017ei\u016brai","url":"https:\/\/anivet.lt\/elparduotuve\/","logo":{"@type":"ImageObject","inLanguage":"lt-LT","@id":"https:\/\/anivet.lt\/elparduotuve\/#\/schema\/logo\/image\/","url":"https:\/\/anivet.lt\/elparduotuve\/wp-content\/uploads\/2023\/06\/logo2.jpg","contentUrl":"https:\/\/anivet.lt\/elparduotuve\/wp-content\/uploads\/2023\/06\/logo2.jpg","width":655,"height":194,"caption":"Viskas J\u016bs\u0173 \u0161uns, kat\u0117s prie\u017ei\u016brai"},"image":{"@id":"https:\/\/anivet.lt\/elparduotuve\/#\/schema\/logo\/image\/"}}]}},"_links":{"self":[{"href":"https:\/\/anivet.lt\/elparduotuve\/wp-json\/wp\/v2\/product\/10891","targetHints":{"allow":["GET"]}}],"collection":[{"href":"https:\/\/anivet.lt\/elparduotuve\/wp-json\/wp\/v2\/product"}],"about":[{"href":"https:\/\/anivet.lt\/elparduotuve\/wp-json\/wp\/v2\/types\/product"}],"wp:featuredmedia":[{"embeddable":true,"href":"https:\/\/anivet.lt\/elparduotuve\/wp-json\/wp\/v2\/media\/10892"}],"wp:attachment":[{"href":"https:\/\/anivet.lt\/elparduotuve\/wp-json\/wp\/v2\/media?parent=10891"}],"wp:term":[{"taxonomy":"product_brand","embeddable":true,"href":"https:\/\/anivet.lt\/elparduotuve\/wp-json\/wp\/v2\/product_brand?post=10891"},{"taxonomy":"product_cat","embeddable":true,"href":"https:\/\/anivet.lt\/elparduotuve\/wp-json\/wp\/v2\/product_cat?post=10891"},{"taxonomy":"product_tag","embeddable":true,"href":"https:\/\/anivet.lt\/elparduotuve\/wp-json\/wp\/v2\/product_tag?post=10891"}],"curies":[{"name":"wp","href":"https:\/\/api.w.org\/{rel}","templated":true}]}}