{"id":10899,"date":"2023-07-27T12:32:56","date_gmt":"2023-07-27T12:32:56","guid":{"rendered":"https:\/\/anivet.lt\/elparduotuve\/?post_type=product&#038;p=10899"},"modified":"2025-09-05T14:40:20","modified_gmt":"2025-09-05T14:40:20","slug":"calibra-life-dog-can-adult-lamb-400g-suaugusiems-sunims-su-eriena-ir-lasisu-aliejumi","status":"publish","type":"product","link":"https:\/\/anivet.lt\/elparduotuve\/produktas\/calibra-life-dog-can-adult-lamb-400g-suaugusiems-sunims-su-eriena-ir-lasisu-aliejumi\/","title":{"rendered":"CALIBRA LIFE Dog can Adult Lamb 400g suaugusiems \u0161unims su \u0117riena ir la\u0161i\u0161\u0173 aliejumi"},"content":{"rendered":"<ul>\n<li style=\"font-weight: 400;\" aria-level=\"1\"><span style=\"font-weight: 400;\">Vieno baltymo \u0161altinis: Sud\u0117tyje yra 70 % auk\u0161\u010diausios kokyb\u0117s \u0117rienos.<\/span><\/li>\n<li style=\"font-weight: 400;\" aria-level=\"1\"><span style=\"font-weight: 400;\">Praturtintas la\u0161i\u0161\u0173 aliejumi: Omega-3 riebal\u0173 r\u016bg\u0161tys palaiko odos ir kailio sveikat\u0105 bei smegen\u0173 veikl\u0105.<\/span><\/li>\n<li style=\"font-weight: 400;\" aria-level=\"1\"><span style=\"font-weight: 400;\">Hipoalerginis receptas: Pa\u0161aras neturi kvie\u010di\u0173, kukur\u016bz\u0173, glitimo, soj\u0173 ar GMO.<\/span><\/li>\n<li style=\"font-weight: 400;\" aria-level=\"1\"><span style=\"font-weight: 400;\">Su ry\u017eiais: Nedidelis j\u0173 kiekis u\u017etikrina lengv\u0105 vir\u0161kinim\u0105.<\/span><\/li>\n<li style=\"font-weight: 400;\" aria-level=\"1\"><span style=\"font-weight: 400;\">Tiksliai subalansuota formul\u0117: U\u017etikrina optimal\u0173 \u0161uns energijos ir maistini\u0173 med\u017eiag\u0173 poreik\u012f.<\/span><\/li>\n<\/ul>\n<p><span style=\"font-weight: 400;\">\u0160is visavertis pa\u0161aras yra puikus pasirinkimas jautriems \u0161unims, siekiant u\u017etikrinti sveik\u0105 mityb\u0105 ir auk\u0161\u010diausi\u0105 gyvenimo kokyb\u0119. Auk\u0161\u010diausios kokyb\u0117s ingredientai ir subalansuotas receptas pad\u0117s palaikyti j\u016bs\u0173 augintinio ger\u0105 savijaut\u0105.<\/span><\/p>\n","protected":false},"excerpt":{"rendered":"<p><span style=\"font-weight: 400;\">Hipoalerginis konservuotas pa\u0161aras su \u0117riena, skirtas suaugusiems \u0161unims. Pa\u0161aras pasi\u017eymi lengvai vir\u0161kinama sud\u0117timi ir praturtintas auk\u0161tos kokyb\u0117s ingredientais.<\/span><\/p>\n","protected":false},"featured_media":10900,"template":"","meta":[],"product_brand":[],"product_cat":[101,103,105,332],"product_tag":[],"class_list":{"0":"post-10899","1":"product","2":"type-product","3":"status-publish","4":"has-post-thumbnail","6":"product_cat-sunims","7":"product_cat-sunu-maistas","8":"product_cat-konservai","9":"product_cat-calibra-sunu-maistas","10":"pa_prekinis-zenklas-calibra","12":"first","13":"instock","14":"taxable","15":"shipping-taxable","16":"purchasable","17":"product-type-simple"},"yoast_head":"<!-- This site is optimized with the Yoast SEO Premium plugin v27.1 (Yoast SEO v27.3) - https:\/\/yoast.com\/product\/yoast-seo-premium-wordpress\/ -->\n<title>CALIBRA LIFE Dog can Adult Lamb 400g suaugusiems \u0161unims su \u0117riena ir la\u0161i\u0161\u0173 aliejumi - anivet.lt<\/title>\n<meta name=\"description\" content=\"Hipoalerginis konservuotas pa\u0161aras su \u0117riena, skirtas suaugusiems \u0161unims. Pa\u0161aras pasi\u017eymi lengvai vir\u0161kinama sud\u0117timi ir praturtintas auk\u0161tos kokyb\u0117s ingredientais.\" \/>\n<meta name=\"robots\" content=\"index, follow, max-snippet:-1, max-image-preview:large, max-video-preview:-1\" \/>\n<link rel=\"canonical\" href=\"https:\/\/anivet.lt\/elparduotuve\/produktas\/calibra-life-dog-can-adult-lamb-400g-suaugusiems-sunims-su-eriena-ir-lasisu-aliejumi\/\" \/>\n<meta property=\"og:locale\" content=\"lt_LT\" \/>\n<meta property=\"og:type\" content=\"article\" \/>\n<meta property=\"og:title\" content=\"CALIBRA LIFE Dog can Adult Lamb 400g suaugusiems \u0161unims su \u0117riena ir la\u0161i\u0161\u0173 aliejumi\" \/>\n<meta property=\"og:description\" content=\"Hipoalerginis konservuotas pa\u0161aras su \u0117riena, skirtas suaugusiems \u0161unims. Pa\u0161aras pasi\u017eymi lengvai vir\u0161kinama sud\u0117timi ir praturtintas auk\u0161tos kokyb\u0117s ingredientais.\" \/>\n<meta property=\"og:url\" content=\"https:\/\/anivet.lt\/elparduotuve\/produktas\/calibra-life-dog-can-adult-lamb-400g-suaugusiems-sunims-su-eriena-ir-lasisu-aliejumi\/\" \/>\n<meta property=\"og:site_name\" content=\"anivet.lt\" \/>\n<meta property=\"article:modified_time\" content=\"2025-09-05T14:40:20+00:00\" \/>\n<meta property=\"og:image\" content=\"https:\/\/anivet.lt\/elparduotuve\/wp-content\/uploads\/2023\/07\/2089-calibra-life-dog-konzerva-400g-adult-lamb.webp\" \/>\n\t<meta property=\"og:image:width\" content=\"1920\" \/>\n\t<meta property=\"og:image:height\" content=\"1920\" \/>\n\t<meta property=\"og:image:type\" content=\"image\/webp\" \/>\n<meta name=\"twitter:card\" content=\"summary_large_image\" \/>\n<meta name=\"twitter:label1\" content=\"Est. reading time\" \/>\n\t<meta name=\"twitter:data1\" content=\"1 minut\u0117\" \/>\n<script type=\"application\/ld+json\" class=\"yoast-schema-graph\">{\"@context\":\"https:\\\/\\\/schema.org\",\"@graph\":[{\"@type\":\"WebPage\",\"@id\":\"https:\\\/\\\/anivet.lt\\\/elparduotuve\\\/produktas\\\/calibra-life-dog-can-adult-lamb-400g-suaugusiems-sunims-su-eriena-ir-lasisu-aliejumi\\\/\",\"url\":\"https:\\\/\\\/anivet.lt\\\/elparduotuve\\\/produktas\\\/calibra-life-dog-can-adult-lamb-400g-suaugusiems-sunims-su-eriena-ir-lasisu-aliejumi\\\/\",\"name\":\"CALIBRA LIFE Dog can Adult Lamb 400g suaugusiems \u0161unims su \u0117riena ir la\u0161i\u0161\u0173 aliejumi - anivet.lt\",\"isPartOf\":{\"@id\":\"https:\\\/\\\/anivet.lt\\\/elparduotuve\\\/#website\"},\"primaryImageOfPage\":{\"@id\":\"https:\\\/\\\/anivet.lt\\\/elparduotuve\\\/produktas\\\/calibra-life-dog-can-adult-lamb-400g-suaugusiems-sunims-su-eriena-ir-lasisu-aliejumi\\\/#primaryimage\"},\"image\":{\"@id\":\"https:\\\/\\\/anivet.lt\\\/elparduotuve\\\/produktas\\\/calibra-life-dog-can-adult-lamb-400g-suaugusiems-sunims-su-eriena-ir-lasisu-aliejumi\\\/#primaryimage\"},\"thumbnailUrl\":\"https:\\\/\\\/anivet.lt\\\/elparduotuve\\\/wp-content\\\/uploads\\\/2023\\\/07\\\/2089-calibra-life-dog-konzerva-400g-adult-lamb.webp\",\"datePublished\":\"2023-07-27T12:32:56+00:00\",\"dateModified\":\"2025-09-05T14:40:20+00:00\",\"description\":\"Hipoalerginis konservuotas pa\u0161aras su \u0117riena, skirtas suaugusiems \u0161unims. Pa\u0161aras pasi\u017eymi lengvai vir\u0161kinama sud\u0117timi ir praturtintas auk\u0161tos kokyb\u0117s ingredientais.\",\"breadcrumb\":{\"@id\":\"https:\\\/\\\/anivet.lt\\\/elparduotuve\\\/produktas\\\/calibra-life-dog-can-adult-lamb-400g-suaugusiems-sunims-su-eriena-ir-lasisu-aliejumi\\\/#breadcrumb\"},\"inLanguage\":\"lt-LT\",\"potentialAction\":[{\"@type\":\"ReadAction\",\"target\":[\"https:\\\/\\\/anivet.lt\\\/elparduotuve\\\/produktas\\\/calibra-life-dog-can-adult-lamb-400g-suaugusiems-sunims-su-eriena-ir-lasisu-aliejumi\\\/\"]}]},{\"@type\":\"ImageObject\",\"inLanguage\":\"lt-LT\",\"@id\":\"https:\\\/\\\/anivet.lt\\\/elparduotuve\\\/produktas\\\/calibra-life-dog-can-adult-lamb-400g-suaugusiems-sunims-su-eriena-ir-lasisu-aliejumi\\\/#primaryimage\",\"url\":\"https:\\\/\\\/anivet.lt\\\/elparduotuve\\\/wp-content\\\/uploads\\\/2023\\\/07\\\/2089-calibra-life-dog-konzerva-400g-adult-lamb.webp\",\"contentUrl\":\"https:\\\/\\\/anivet.lt\\\/elparduotuve\\\/wp-content\\\/uploads\\\/2023\\\/07\\\/2089-calibra-life-dog-konzerva-400g-adult-lamb.webp\",\"width\":1920,\"height\":1920,\"caption\":\"CALIBRA LIFE Dog can Adult Lamb 400g suaugusiems \u0161unims su \u0117riena ir la\u0161i\u0161\u0173 aliejumi\"},{\"@type\":\"BreadcrumbList\",\"@id\":\"https:\\\/\\\/anivet.lt\\\/elparduotuve\\\/produktas\\\/calibra-life-dog-can-adult-lamb-400g-suaugusiems-sunims-su-eriena-ir-lasisu-aliejumi\\\/#breadcrumb\",\"itemListElement\":[{\"@type\":\"ListItem\",\"position\":1,\"name\":\"Home\",\"item\":\"https:\\\/\\\/anivet.lt\\\/elparduotuve\\\/\"},{\"@type\":\"ListItem\",\"position\":2,\"name\":\"Produktai\",\"item\":\"https:\\\/\\\/anivet.lt\\\/elparduotuve\\\/produktai\\\/\"},{\"@type\":\"ListItem\",\"position\":3,\"name\":\"CALIBRA LIFE Dog can Adult Lamb 400g suaugusiems \u0161unims su \u0117riena ir la\u0161i\u0161\u0173 aliejumi\"}]},{\"@type\":\"WebSite\",\"@id\":\"https:\\\/\\\/anivet.lt\\\/elparduotuve\\\/#website\",\"url\":\"https:\\\/\\\/anivet.lt\\\/elparduotuve\\\/\",\"name\":\"anivet.lt\",\"description\":\"Viskas J\u016bs\u0173 \u0161uns, kat\u0117s prie\u017ei\u016brai\",\"publisher\":{\"@id\":\"https:\\\/\\\/anivet.lt\\\/elparduotuve\\\/#organization\"},\"alternateName\":\"Viskas J\u016bs\u0173 \u0161uns, kat\u0117s prie\u017ei\u016brai\",\"potentialAction\":[{\"@type\":\"SearchAction\",\"target\":{\"@type\":\"EntryPoint\",\"urlTemplate\":\"https:\\\/\\\/anivet.lt\\\/elparduotuve\\\/?s={search_term_string}\"},\"query-input\":{\"@type\":\"PropertyValueSpecification\",\"valueRequired\":true,\"valueName\":\"search_term_string\"}}],\"inLanguage\":\"lt-LT\"},{\"@type\":\"Organization\",\"@id\":\"https:\\\/\\\/anivet.lt\\\/elparduotuve\\\/#organization\",\"name\":\"Viskas J\u016bs\u0173 \u0161uns, kat\u0117s prie\u017ei\u016brai\",\"url\":\"https:\\\/\\\/anivet.lt\\\/elparduotuve\\\/\",\"logo\":{\"@type\":\"ImageObject\",\"inLanguage\":\"lt-LT\",\"@id\":\"https:\\\/\\\/anivet.lt\\\/elparduotuve\\\/#\\\/schema\\\/logo\\\/image\\\/\",\"url\":\"https:\\\/\\\/anivet.lt\\\/elparduotuve\\\/wp-content\\\/uploads\\\/2023\\\/06\\\/logo2.jpg\",\"contentUrl\":\"https:\\\/\\\/anivet.lt\\\/elparduotuve\\\/wp-content\\\/uploads\\\/2023\\\/06\\\/logo2.jpg\",\"width\":655,\"height\":194,\"caption\":\"Viskas J\u016bs\u0173 \u0161uns, kat\u0117s prie\u017ei\u016brai\"},\"image\":{\"@id\":\"https:\\\/\\\/anivet.lt\\\/elparduotuve\\\/#\\\/schema\\\/logo\\\/image\\\/\"}}]}<\/script>\n<!-- \/ Yoast SEO Premium plugin. -->","yoast_head_json":{"title":"CALIBRA LIFE Dog can Adult Lamb 400g suaugusiems \u0161unims su \u0117riena ir la\u0161i\u0161\u0173 aliejumi - anivet.lt","description":"Hipoalerginis konservuotas pa\u0161aras su \u0117riena, skirtas suaugusiems \u0161unims. Pa\u0161aras pasi\u017eymi lengvai vir\u0161kinama sud\u0117timi ir praturtintas auk\u0161tos kokyb\u0117s ingredientais.","robots":{"index":"index","follow":"follow","max-snippet":"max-snippet:-1","max-image-preview":"max-image-preview:large","max-video-preview":"max-video-preview:-1"},"canonical":"https:\/\/anivet.lt\/elparduotuve\/produktas\/calibra-life-dog-can-adult-lamb-400g-suaugusiems-sunims-su-eriena-ir-lasisu-aliejumi\/","og_locale":"lt_LT","og_type":"article","og_title":"CALIBRA LIFE Dog can Adult Lamb 400g suaugusiems \u0161unims su \u0117riena ir la\u0161i\u0161\u0173 aliejumi","og_description":"Hipoalerginis konservuotas pa\u0161aras su \u0117riena, skirtas suaugusiems \u0161unims. Pa\u0161aras pasi\u017eymi lengvai vir\u0161kinama sud\u0117timi ir praturtintas auk\u0161tos kokyb\u0117s ingredientais.","og_url":"https:\/\/anivet.lt\/elparduotuve\/produktas\/calibra-life-dog-can-adult-lamb-400g-suaugusiems-sunims-su-eriena-ir-lasisu-aliejumi\/","og_site_name":"anivet.lt","article_modified_time":"2025-09-05T14:40:20+00:00","og_image":[{"width":1920,"height":1920,"url":"https:\/\/anivet.lt\/elparduotuve\/wp-content\/uploads\/2023\/07\/2089-calibra-life-dog-konzerva-400g-adult-lamb.webp","type":"image\/webp"}],"twitter_card":"summary_large_image","twitter_misc":{"Est. reading time":"1 minut\u0117"},"schema":{"@context":"https:\/\/schema.org","@graph":[{"@type":"WebPage","@id":"https:\/\/anivet.lt\/elparduotuve\/produktas\/calibra-life-dog-can-adult-lamb-400g-suaugusiems-sunims-su-eriena-ir-lasisu-aliejumi\/","url":"https:\/\/anivet.lt\/elparduotuve\/produktas\/calibra-life-dog-can-adult-lamb-400g-suaugusiems-sunims-su-eriena-ir-lasisu-aliejumi\/","name":"CALIBRA LIFE Dog can Adult Lamb 400g suaugusiems \u0161unims su \u0117riena ir la\u0161i\u0161\u0173 aliejumi - anivet.lt","isPartOf":{"@id":"https:\/\/anivet.lt\/elparduotuve\/#website"},"primaryImageOfPage":{"@id":"https:\/\/anivet.lt\/elparduotuve\/produktas\/calibra-life-dog-can-adult-lamb-400g-suaugusiems-sunims-su-eriena-ir-lasisu-aliejumi\/#primaryimage"},"image":{"@id":"https:\/\/anivet.lt\/elparduotuve\/produktas\/calibra-life-dog-can-adult-lamb-400g-suaugusiems-sunims-su-eriena-ir-lasisu-aliejumi\/#primaryimage"},"thumbnailUrl":"https:\/\/anivet.lt\/elparduotuve\/wp-content\/uploads\/2023\/07\/2089-calibra-life-dog-konzerva-400g-adult-lamb.webp","datePublished":"2023-07-27T12:32:56+00:00","dateModified":"2025-09-05T14:40:20+00:00","description":"Hipoalerginis konservuotas pa\u0161aras su \u0117riena, skirtas suaugusiems \u0161unims. Pa\u0161aras pasi\u017eymi lengvai vir\u0161kinama sud\u0117timi ir praturtintas auk\u0161tos kokyb\u0117s ingredientais.","breadcrumb":{"@id":"https:\/\/anivet.lt\/elparduotuve\/produktas\/calibra-life-dog-can-adult-lamb-400g-suaugusiems-sunims-su-eriena-ir-lasisu-aliejumi\/#breadcrumb"},"inLanguage":"lt-LT","potentialAction":[{"@type":"ReadAction","target":["https:\/\/anivet.lt\/elparduotuve\/produktas\/calibra-life-dog-can-adult-lamb-400g-suaugusiems-sunims-su-eriena-ir-lasisu-aliejumi\/"]}]},{"@type":"ImageObject","inLanguage":"lt-LT","@id":"https:\/\/anivet.lt\/elparduotuve\/produktas\/calibra-life-dog-can-adult-lamb-400g-suaugusiems-sunims-su-eriena-ir-lasisu-aliejumi\/#primaryimage","url":"https:\/\/anivet.lt\/elparduotuve\/wp-content\/uploads\/2023\/07\/2089-calibra-life-dog-konzerva-400g-adult-lamb.webp","contentUrl":"https:\/\/anivet.lt\/elparduotuve\/wp-content\/uploads\/2023\/07\/2089-calibra-life-dog-konzerva-400g-adult-lamb.webp","width":1920,"height":1920,"caption":"CALIBRA LIFE Dog can Adult Lamb 400g suaugusiems \u0161unims su \u0117riena ir la\u0161i\u0161\u0173 aliejumi"},{"@type":"BreadcrumbList","@id":"https:\/\/anivet.lt\/elparduotuve\/produktas\/calibra-life-dog-can-adult-lamb-400g-suaugusiems-sunims-su-eriena-ir-lasisu-aliejumi\/#breadcrumb","itemListElement":[{"@type":"ListItem","position":1,"name":"Home","item":"https:\/\/anivet.lt\/elparduotuve\/"},{"@type":"ListItem","position":2,"name":"Produktai","item":"https:\/\/anivet.lt\/elparduotuve\/produktai\/"},{"@type":"ListItem","position":3,"name":"CALIBRA LIFE Dog can Adult Lamb 400g suaugusiems \u0161unims su \u0117riena ir la\u0161i\u0161\u0173 aliejumi"}]},{"@type":"WebSite","@id":"https:\/\/anivet.lt\/elparduotuve\/#website","url":"https:\/\/anivet.lt\/elparduotuve\/","name":"anivet.lt","description":"Viskas J\u016bs\u0173 \u0161uns, kat\u0117s prie\u017ei\u016brai","publisher":{"@id":"https:\/\/anivet.lt\/elparduotuve\/#organization"},"alternateName":"Viskas J\u016bs\u0173 \u0161uns, kat\u0117s prie\u017ei\u016brai","potentialAction":[{"@type":"SearchAction","target":{"@type":"EntryPoint","urlTemplate":"https:\/\/anivet.lt\/elparduotuve\/?s={search_term_string}"},"query-input":{"@type":"PropertyValueSpecification","valueRequired":true,"valueName":"search_term_string"}}],"inLanguage":"lt-LT"},{"@type":"Organization","@id":"https:\/\/anivet.lt\/elparduotuve\/#organization","name":"Viskas J\u016bs\u0173 \u0161uns, kat\u0117s prie\u017ei\u016brai","url":"https:\/\/anivet.lt\/elparduotuve\/","logo":{"@type":"ImageObject","inLanguage":"lt-LT","@id":"https:\/\/anivet.lt\/elparduotuve\/#\/schema\/logo\/image\/","url":"https:\/\/anivet.lt\/elparduotuve\/wp-content\/uploads\/2023\/06\/logo2.jpg","contentUrl":"https:\/\/anivet.lt\/elparduotuve\/wp-content\/uploads\/2023\/06\/logo2.jpg","width":655,"height":194,"caption":"Viskas J\u016bs\u0173 \u0161uns, kat\u0117s prie\u017ei\u016brai"},"image":{"@id":"https:\/\/anivet.lt\/elparduotuve\/#\/schema\/logo\/image\/"}}]}},"_links":{"self":[{"href":"https:\/\/anivet.lt\/elparduotuve\/wp-json\/wp\/v2\/product\/10899","targetHints":{"allow":["GET"]}}],"collection":[{"href":"https:\/\/anivet.lt\/elparduotuve\/wp-json\/wp\/v2\/product"}],"about":[{"href":"https:\/\/anivet.lt\/elparduotuve\/wp-json\/wp\/v2\/types\/product"}],"wp:featuredmedia":[{"embeddable":true,"href":"https:\/\/anivet.lt\/elparduotuve\/wp-json\/wp\/v2\/media\/10900"}],"wp:attachment":[{"href":"https:\/\/anivet.lt\/elparduotuve\/wp-json\/wp\/v2\/media?parent=10899"}],"wp:term":[{"taxonomy":"product_brand","embeddable":true,"href":"https:\/\/anivet.lt\/elparduotuve\/wp-json\/wp\/v2\/product_brand?post=10899"},{"taxonomy":"product_cat","embeddable":true,"href":"https:\/\/anivet.lt\/elparduotuve\/wp-json\/wp\/v2\/product_cat?post=10899"},{"taxonomy":"product_tag","embeddable":true,"href":"https:\/\/anivet.lt\/elparduotuve\/wp-json\/wp\/v2\/product_tag?post=10899"}],"curies":[{"name":"wp","href":"https:\/\/api.w.org\/{rel}","templated":true}]}}