{"id":10905,"date":"2023-07-27T12:47:18","date_gmt":"2023-07-27T12:47:18","guid":{"rendered":"https:\/\/anivet.lt\/elparduotuve\/?post_type=product&#038;p=10905"},"modified":"2025-05-27T13:15:27","modified_gmt":"2025-05-27T13:15:27","slug":"calibra-life-dog-can-adult-turkey-with-apples-400g-suaugusiems-sunims-su-kalakutiena-ir-obuoliais","status":"publish","type":"product","link":"https:\/\/anivet.lt\/elparduotuve\/produktas\/calibra-life-dog-can-adult-turkey-with-apples-400g-suaugusiems-sunims-su-kalakutiena-ir-obuoliais\/","title":{"rendered":"CALIBRA LIFE Dog can Adult Turkey with apples 400g suaugusiems \u0161unims su kalakutiena ir obuoliais"},"content":{"rendered":"<ul>\n<li style=\"font-weight: 400;\" aria-level=\"1\"><span style=\"font-weight: 400;\">Auk\u0161tos kokyb\u0117s kalakutiena: 70 % sud\u0117ties u\u017etikrina nat\u016bral\u0173 baltym\u0173 \u0161altin\u012f.<\/span><\/li>\n<li style=\"font-weight: 400;\" aria-level=\"1\"><span style=\"font-weight: 400;\">Praturtintas obuoliais: Obuoliai suteikia vitamin\u0173, mineral\u0173 ir skaidul\u0173, stiprina imunitet\u0105 ir palaiko sveik\u0105 vir\u0161kinim\u0105.<\/span><\/li>\n<li style=\"font-weight: 400;\" aria-level=\"1\"><span style=\"font-weight: 400;\">Omega-3 r\u016bg\u0161tys i\u0161 la\u0161i\u0161\u0173 aliejaus: Padeda palaikyti sveik\u0105 od\u0105, blizgant\u012f kail\u012f bei smegen\u0173 funkcijas.<\/span><\/li>\n<li style=\"font-weight: 400;\" aria-level=\"1\"><span style=\"font-weight: 400;\">Hipoalergin\u0117 formul\u0117: Tinka jautriems \u0161unims, nes n\u0117ra kvie\u010di\u0173, glitimo, kukur\u016bz\u0173, soj\u0173 ar GMO.<\/span><\/li>\n<li style=\"font-weight: 400;\" aria-level=\"1\"><span style=\"font-weight: 400;\">Lengvas vir\u0161kinimas: Nat\u016bral\u016bs ingredientai ir specialiai subalansuotas receptas palaiko ger\u0105 \u0161uns savijaut\u0105.<\/span><\/li>\n<\/ul>\n<p><span style=\"font-weight: 400;\">\u201eCalibra Life Dog Can Adult Turkey with Apples\u201c \u2013 gardus ir sveikas pasirinkimas, praturtinantis suaugusi\u0173 \u0161un\u0173 racion\u0105 auk\u0161tos kokyb\u0117s ingredientais ir naudingomis maistin\u0117mis med\u017eiagomis. Puikiai tinka kasdieniam maitinimui.<\/span><\/p>\n","protected":false},"excerpt":{"rendered":"<p><span style=\"font-weight: 400;\">\u0160is hipoalerginis konservuotas pa\u0161aras, pagamintas i\u0161 kalakutienos ir obuoli\u0173, yra puikus pasirinkimas suaugusiems \u0161unims. Begr\u016bd\u0117 formul\u0117 ir nat\u016bral\u016bs ingredientai u\u017etikrina lengv\u0105 vir\u0161kinim\u0105 ir subalansuot\u0105 mityb\u0105 kasdien.<\/span><\/p>\n","protected":false},"featured_media":10907,"template":"","meta":[],"product_brand":[],"product_cat":[101,103,105,332],"product_tag":[],"class_list":{"0":"post-10905","1":"product","2":"type-product","3":"status-publish","4":"has-post-thumbnail","6":"product_cat-sunims","7":"product_cat-sunu-maistas","8":"product_cat-konservai","9":"product_cat-calibra-sunu-maistas","10":"pa_prekinis-zenklas-calibra","12":"first","13":"instock","14":"taxable","15":"shipping-taxable","16":"purchasable","17":"product-type-simple"},"yoast_head":"<!-- This site is optimized with the Yoast SEO Premium plugin v27.1 (Yoast SEO v27.3) - https:\/\/yoast.com\/product\/yoast-seo-premium-wordpress\/ -->\n<title>CALIBRA LIFE Dog can Adult Turkey with apples 400g suaugusiems \u0161unims su kalakutiena ir obuoliais - anivet.lt<\/title>\n<meta name=\"description\" content=\"\u0160is hipoalerginis konservuotas pa\u0161aras, pagamintas i\u0161 kalakutienos ir obuoli\u0173, yra puikus pasirinkimas suaugusiems \u0161unims. Begr\u016bd\u0117 formul\u0117 ir nat\u016bral\u016bs ingredientai u\u017etikrina lengv\u0105 vir\u0161kinim\u0105 ir subalansuot\u0105 mityb\u0105 kasdien.\" \/>\n<meta name=\"robots\" content=\"index, follow, max-snippet:-1, max-image-preview:large, max-video-preview:-1\" \/>\n<link rel=\"canonical\" href=\"https:\/\/anivet.lt\/elparduotuve\/produktas\/calibra-life-dog-can-adult-turkey-with-apples-400g-suaugusiems-sunims-su-kalakutiena-ir-obuoliais\/\" \/>\n<meta property=\"og:locale\" content=\"lt_LT\" \/>\n<meta property=\"og:type\" content=\"article\" \/>\n<meta property=\"og:title\" content=\"CALIBRA LIFE Dog can Adult Turkey with apples 400g suaugusiems \u0161unims su kalakutiena ir obuoliais\" \/>\n<meta property=\"og:description\" content=\"\u0160is hipoalerginis konservuotas pa\u0161aras, pagamintas i\u0161 kalakutienos ir obuoli\u0173, yra puikus pasirinkimas suaugusiems \u0161unims. Begr\u016bd\u0117 formul\u0117 ir nat\u016bral\u016bs ingredientai u\u017etikrina lengv\u0105 vir\u0161kinim\u0105 ir subalansuot\u0105 mityb\u0105 kasdien.\" \/>\n<meta property=\"og:url\" content=\"https:\/\/anivet.lt\/elparduotuve\/produktas\/calibra-life-dog-can-adult-turkey-with-apples-400g-suaugusiems-sunims-su-kalakutiena-ir-obuoliais\/\" \/>\n<meta property=\"og:site_name\" content=\"anivet.lt\" \/>\n<meta property=\"article:modified_time\" content=\"2025-05-27T13:15:27+00:00\" \/>\n<meta property=\"og:image\" content=\"https:\/\/anivet.lt\/elparduotuve\/wp-content\/uploads\/2023\/07\/2094-calibra-life-dog-konzerva-400g-adult-turkey.webp\" \/>\n\t<meta property=\"og:image:width\" content=\"1920\" \/>\n\t<meta property=\"og:image:height\" content=\"1920\" \/>\n\t<meta property=\"og:image:type\" content=\"image\/webp\" \/>\n<meta name=\"twitter:card\" content=\"summary_large_image\" \/>\n<meta name=\"twitter:label1\" content=\"Est. reading time\" \/>\n\t<meta name=\"twitter:data1\" content=\"1 minut\u0117\" \/>\n<script type=\"application\/ld+json\" class=\"yoast-schema-graph\">{\"@context\":\"https:\\\/\\\/schema.org\",\"@graph\":[{\"@type\":\"WebPage\",\"@id\":\"https:\\\/\\\/anivet.lt\\\/elparduotuve\\\/produktas\\\/calibra-life-dog-can-adult-turkey-with-apples-400g-suaugusiems-sunims-su-kalakutiena-ir-obuoliais\\\/\",\"url\":\"https:\\\/\\\/anivet.lt\\\/elparduotuve\\\/produktas\\\/calibra-life-dog-can-adult-turkey-with-apples-400g-suaugusiems-sunims-su-kalakutiena-ir-obuoliais\\\/\",\"name\":\"CALIBRA LIFE Dog can Adult Turkey with apples 400g suaugusiems \u0161unims su kalakutiena ir obuoliais - anivet.lt\",\"isPartOf\":{\"@id\":\"https:\\\/\\\/anivet.lt\\\/elparduotuve\\\/#website\"},\"primaryImageOfPage\":{\"@id\":\"https:\\\/\\\/anivet.lt\\\/elparduotuve\\\/produktas\\\/calibra-life-dog-can-adult-turkey-with-apples-400g-suaugusiems-sunims-su-kalakutiena-ir-obuoliais\\\/#primaryimage\"},\"image\":{\"@id\":\"https:\\\/\\\/anivet.lt\\\/elparduotuve\\\/produktas\\\/calibra-life-dog-can-adult-turkey-with-apples-400g-suaugusiems-sunims-su-kalakutiena-ir-obuoliais\\\/#primaryimage\"},\"thumbnailUrl\":\"https:\\\/\\\/anivet.lt\\\/elparduotuve\\\/wp-content\\\/uploads\\\/2023\\\/07\\\/2094-calibra-life-dog-konzerva-400g-adult-turkey.webp\",\"datePublished\":\"2023-07-27T12:47:18+00:00\",\"dateModified\":\"2025-05-27T13:15:27+00:00\",\"description\":\"\u0160is hipoalerginis konservuotas pa\u0161aras, pagamintas i\u0161 kalakutienos ir obuoli\u0173, yra puikus pasirinkimas suaugusiems \u0161unims. Begr\u016bd\u0117 formul\u0117 ir nat\u016bral\u016bs ingredientai u\u017etikrina lengv\u0105 vir\u0161kinim\u0105 ir subalansuot\u0105 mityb\u0105 kasdien.\",\"breadcrumb\":{\"@id\":\"https:\\\/\\\/anivet.lt\\\/elparduotuve\\\/produktas\\\/calibra-life-dog-can-adult-turkey-with-apples-400g-suaugusiems-sunims-su-kalakutiena-ir-obuoliais\\\/#breadcrumb\"},\"inLanguage\":\"lt-LT\",\"potentialAction\":[{\"@type\":\"ReadAction\",\"target\":[\"https:\\\/\\\/anivet.lt\\\/elparduotuve\\\/produktas\\\/calibra-life-dog-can-adult-turkey-with-apples-400g-suaugusiems-sunims-su-kalakutiena-ir-obuoliais\\\/\"]}]},{\"@type\":\"ImageObject\",\"inLanguage\":\"lt-LT\",\"@id\":\"https:\\\/\\\/anivet.lt\\\/elparduotuve\\\/produktas\\\/calibra-life-dog-can-adult-turkey-with-apples-400g-suaugusiems-sunims-su-kalakutiena-ir-obuoliais\\\/#primaryimage\",\"url\":\"https:\\\/\\\/anivet.lt\\\/elparduotuve\\\/wp-content\\\/uploads\\\/2023\\\/07\\\/2094-calibra-life-dog-konzerva-400g-adult-turkey.webp\",\"contentUrl\":\"https:\\\/\\\/anivet.lt\\\/elparduotuve\\\/wp-content\\\/uploads\\\/2023\\\/07\\\/2094-calibra-life-dog-konzerva-400g-adult-turkey.webp\",\"width\":1920,\"height\":1920,\"caption\":\"CALIBRA LIFE Dog can Adult Turkey with apples 400g suaugusiems \u0161unims su kalakutiena ir obuoliais\"},{\"@type\":\"BreadcrumbList\",\"@id\":\"https:\\\/\\\/anivet.lt\\\/elparduotuve\\\/produktas\\\/calibra-life-dog-can-adult-turkey-with-apples-400g-suaugusiems-sunims-su-kalakutiena-ir-obuoliais\\\/#breadcrumb\",\"itemListElement\":[{\"@type\":\"ListItem\",\"position\":1,\"name\":\"Home\",\"item\":\"https:\\\/\\\/anivet.lt\\\/elparduotuve\\\/\"},{\"@type\":\"ListItem\",\"position\":2,\"name\":\"Produktai\",\"item\":\"https:\\\/\\\/anivet.lt\\\/elparduotuve\\\/produktai\\\/\"},{\"@type\":\"ListItem\",\"position\":3,\"name\":\"CALIBRA LIFE Dog can Adult Turkey with apples 400g suaugusiems \u0161unims su kalakutiena ir obuoliais\"}]},{\"@type\":\"WebSite\",\"@id\":\"https:\\\/\\\/anivet.lt\\\/elparduotuve\\\/#website\",\"url\":\"https:\\\/\\\/anivet.lt\\\/elparduotuve\\\/\",\"name\":\"anivet.lt\",\"description\":\"Viskas J\u016bs\u0173 \u0161uns, kat\u0117s prie\u017ei\u016brai\",\"publisher\":{\"@id\":\"https:\\\/\\\/anivet.lt\\\/elparduotuve\\\/#organization\"},\"alternateName\":\"Viskas J\u016bs\u0173 \u0161uns, kat\u0117s prie\u017ei\u016brai\",\"potentialAction\":[{\"@type\":\"SearchAction\",\"target\":{\"@type\":\"EntryPoint\",\"urlTemplate\":\"https:\\\/\\\/anivet.lt\\\/elparduotuve\\\/?s={search_term_string}\"},\"query-input\":{\"@type\":\"PropertyValueSpecification\",\"valueRequired\":true,\"valueName\":\"search_term_string\"}}],\"inLanguage\":\"lt-LT\"},{\"@type\":\"Organization\",\"@id\":\"https:\\\/\\\/anivet.lt\\\/elparduotuve\\\/#organization\",\"name\":\"Viskas J\u016bs\u0173 \u0161uns, kat\u0117s prie\u017ei\u016brai\",\"url\":\"https:\\\/\\\/anivet.lt\\\/elparduotuve\\\/\",\"logo\":{\"@type\":\"ImageObject\",\"inLanguage\":\"lt-LT\",\"@id\":\"https:\\\/\\\/anivet.lt\\\/elparduotuve\\\/#\\\/schema\\\/logo\\\/image\\\/\",\"url\":\"https:\\\/\\\/anivet.lt\\\/elparduotuve\\\/wp-content\\\/uploads\\\/2023\\\/06\\\/logo2.jpg\",\"contentUrl\":\"https:\\\/\\\/anivet.lt\\\/elparduotuve\\\/wp-content\\\/uploads\\\/2023\\\/06\\\/logo2.jpg\",\"width\":655,\"height\":194,\"caption\":\"Viskas J\u016bs\u0173 \u0161uns, kat\u0117s prie\u017ei\u016brai\"},\"image\":{\"@id\":\"https:\\\/\\\/anivet.lt\\\/elparduotuve\\\/#\\\/schema\\\/logo\\\/image\\\/\"}}]}<\/script>\n<!-- \/ Yoast SEO Premium plugin. -->","yoast_head_json":{"title":"CALIBRA LIFE Dog can Adult Turkey with apples 400g suaugusiems \u0161unims su kalakutiena ir obuoliais - anivet.lt","description":"\u0160is hipoalerginis konservuotas pa\u0161aras, pagamintas i\u0161 kalakutienos ir obuoli\u0173, yra puikus pasirinkimas suaugusiems \u0161unims. Begr\u016bd\u0117 formul\u0117 ir nat\u016bral\u016bs ingredientai u\u017etikrina lengv\u0105 vir\u0161kinim\u0105 ir subalansuot\u0105 mityb\u0105 kasdien.","robots":{"index":"index","follow":"follow","max-snippet":"max-snippet:-1","max-image-preview":"max-image-preview:large","max-video-preview":"max-video-preview:-1"},"canonical":"https:\/\/anivet.lt\/elparduotuve\/produktas\/calibra-life-dog-can-adult-turkey-with-apples-400g-suaugusiems-sunims-su-kalakutiena-ir-obuoliais\/","og_locale":"lt_LT","og_type":"article","og_title":"CALIBRA LIFE Dog can Adult Turkey with apples 400g suaugusiems \u0161unims su kalakutiena ir obuoliais","og_description":"\u0160is hipoalerginis konservuotas pa\u0161aras, pagamintas i\u0161 kalakutienos ir obuoli\u0173, yra puikus pasirinkimas suaugusiems \u0161unims. Begr\u016bd\u0117 formul\u0117 ir nat\u016bral\u016bs ingredientai u\u017etikrina lengv\u0105 vir\u0161kinim\u0105 ir subalansuot\u0105 mityb\u0105 kasdien.","og_url":"https:\/\/anivet.lt\/elparduotuve\/produktas\/calibra-life-dog-can-adult-turkey-with-apples-400g-suaugusiems-sunims-su-kalakutiena-ir-obuoliais\/","og_site_name":"anivet.lt","article_modified_time":"2025-05-27T13:15:27+00:00","og_image":[{"width":1920,"height":1920,"url":"https:\/\/anivet.lt\/elparduotuve\/wp-content\/uploads\/2023\/07\/2094-calibra-life-dog-konzerva-400g-adult-turkey.webp","type":"image\/webp"}],"twitter_card":"summary_large_image","twitter_misc":{"Est. reading time":"1 minut\u0117"},"schema":{"@context":"https:\/\/schema.org","@graph":[{"@type":"WebPage","@id":"https:\/\/anivet.lt\/elparduotuve\/produktas\/calibra-life-dog-can-adult-turkey-with-apples-400g-suaugusiems-sunims-su-kalakutiena-ir-obuoliais\/","url":"https:\/\/anivet.lt\/elparduotuve\/produktas\/calibra-life-dog-can-adult-turkey-with-apples-400g-suaugusiems-sunims-su-kalakutiena-ir-obuoliais\/","name":"CALIBRA LIFE Dog can Adult Turkey with apples 400g suaugusiems \u0161unims su kalakutiena ir obuoliais - anivet.lt","isPartOf":{"@id":"https:\/\/anivet.lt\/elparduotuve\/#website"},"primaryImageOfPage":{"@id":"https:\/\/anivet.lt\/elparduotuve\/produktas\/calibra-life-dog-can-adult-turkey-with-apples-400g-suaugusiems-sunims-su-kalakutiena-ir-obuoliais\/#primaryimage"},"image":{"@id":"https:\/\/anivet.lt\/elparduotuve\/produktas\/calibra-life-dog-can-adult-turkey-with-apples-400g-suaugusiems-sunims-su-kalakutiena-ir-obuoliais\/#primaryimage"},"thumbnailUrl":"https:\/\/anivet.lt\/elparduotuve\/wp-content\/uploads\/2023\/07\/2094-calibra-life-dog-konzerva-400g-adult-turkey.webp","datePublished":"2023-07-27T12:47:18+00:00","dateModified":"2025-05-27T13:15:27+00:00","description":"\u0160is hipoalerginis konservuotas pa\u0161aras, pagamintas i\u0161 kalakutienos ir obuoli\u0173, yra puikus pasirinkimas suaugusiems \u0161unims. Begr\u016bd\u0117 formul\u0117 ir nat\u016bral\u016bs ingredientai u\u017etikrina lengv\u0105 vir\u0161kinim\u0105 ir subalansuot\u0105 mityb\u0105 kasdien.","breadcrumb":{"@id":"https:\/\/anivet.lt\/elparduotuve\/produktas\/calibra-life-dog-can-adult-turkey-with-apples-400g-suaugusiems-sunims-su-kalakutiena-ir-obuoliais\/#breadcrumb"},"inLanguage":"lt-LT","potentialAction":[{"@type":"ReadAction","target":["https:\/\/anivet.lt\/elparduotuve\/produktas\/calibra-life-dog-can-adult-turkey-with-apples-400g-suaugusiems-sunims-su-kalakutiena-ir-obuoliais\/"]}]},{"@type":"ImageObject","inLanguage":"lt-LT","@id":"https:\/\/anivet.lt\/elparduotuve\/produktas\/calibra-life-dog-can-adult-turkey-with-apples-400g-suaugusiems-sunims-su-kalakutiena-ir-obuoliais\/#primaryimage","url":"https:\/\/anivet.lt\/elparduotuve\/wp-content\/uploads\/2023\/07\/2094-calibra-life-dog-konzerva-400g-adult-turkey.webp","contentUrl":"https:\/\/anivet.lt\/elparduotuve\/wp-content\/uploads\/2023\/07\/2094-calibra-life-dog-konzerva-400g-adult-turkey.webp","width":1920,"height":1920,"caption":"CALIBRA LIFE Dog can Adult Turkey with apples 400g suaugusiems \u0161unims su kalakutiena ir obuoliais"},{"@type":"BreadcrumbList","@id":"https:\/\/anivet.lt\/elparduotuve\/produktas\/calibra-life-dog-can-adult-turkey-with-apples-400g-suaugusiems-sunims-su-kalakutiena-ir-obuoliais\/#breadcrumb","itemListElement":[{"@type":"ListItem","position":1,"name":"Home","item":"https:\/\/anivet.lt\/elparduotuve\/"},{"@type":"ListItem","position":2,"name":"Produktai","item":"https:\/\/anivet.lt\/elparduotuve\/produktai\/"},{"@type":"ListItem","position":3,"name":"CALIBRA LIFE Dog can Adult Turkey with apples 400g suaugusiems \u0161unims su kalakutiena ir obuoliais"}]},{"@type":"WebSite","@id":"https:\/\/anivet.lt\/elparduotuve\/#website","url":"https:\/\/anivet.lt\/elparduotuve\/","name":"anivet.lt","description":"Viskas J\u016bs\u0173 \u0161uns, kat\u0117s prie\u017ei\u016brai","publisher":{"@id":"https:\/\/anivet.lt\/elparduotuve\/#organization"},"alternateName":"Viskas J\u016bs\u0173 \u0161uns, kat\u0117s prie\u017ei\u016brai","potentialAction":[{"@type":"SearchAction","target":{"@type":"EntryPoint","urlTemplate":"https:\/\/anivet.lt\/elparduotuve\/?s={search_term_string}"},"query-input":{"@type":"PropertyValueSpecification","valueRequired":true,"valueName":"search_term_string"}}],"inLanguage":"lt-LT"},{"@type":"Organization","@id":"https:\/\/anivet.lt\/elparduotuve\/#organization","name":"Viskas J\u016bs\u0173 \u0161uns, kat\u0117s prie\u017ei\u016brai","url":"https:\/\/anivet.lt\/elparduotuve\/","logo":{"@type":"ImageObject","inLanguage":"lt-LT","@id":"https:\/\/anivet.lt\/elparduotuve\/#\/schema\/logo\/image\/","url":"https:\/\/anivet.lt\/elparduotuve\/wp-content\/uploads\/2023\/06\/logo2.jpg","contentUrl":"https:\/\/anivet.lt\/elparduotuve\/wp-content\/uploads\/2023\/06\/logo2.jpg","width":655,"height":194,"caption":"Viskas J\u016bs\u0173 \u0161uns, kat\u0117s prie\u017ei\u016brai"},"image":{"@id":"https:\/\/anivet.lt\/elparduotuve\/#\/schema\/logo\/image\/"}}]}},"_links":{"self":[{"href":"https:\/\/anivet.lt\/elparduotuve\/wp-json\/wp\/v2\/product\/10905","targetHints":{"allow":["GET"]}}],"collection":[{"href":"https:\/\/anivet.lt\/elparduotuve\/wp-json\/wp\/v2\/product"}],"about":[{"href":"https:\/\/anivet.lt\/elparduotuve\/wp-json\/wp\/v2\/types\/product"}],"wp:featuredmedia":[{"embeddable":true,"href":"https:\/\/anivet.lt\/elparduotuve\/wp-json\/wp\/v2\/media\/10907"}],"wp:attachment":[{"href":"https:\/\/anivet.lt\/elparduotuve\/wp-json\/wp\/v2\/media?parent=10905"}],"wp:term":[{"taxonomy":"product_brand","embeddable":true,"href":"https:\/\/anivet.lt\/elparduotuve\/wp-json\/wp\/v2\/product_brand?post=10905"},{"taxonomy":"product_cat","embeddable":true,"href":"https:\/\/anivet.lt\/elparduotuve\/wp-json\/wp\/v2\/product_cat?post=10905"},{"taxonomy":"product_tag","embeddable":true,"href":"https:\/\/anivet.lt\/elparduotuve\/wp-json\/wp\/v2\/product_tag?post=10905"}],"curies":[{"name":"wp","href":"https:\/\/api.w.org\/{rel}","templated":true}]}}