{"id":10906,"date":"2023-07-27T12:48:13","date_gmt":"2023-07-27T12:48:13","guid":{"rendered":"https:\/\/anivet.lt\/elparduotuve\/?post_type=product&#038;p=10906"},"modified":"2026-03-24T16:46:51","modified_gmt":"2026-03-24T16:46:51","slug":"calibra-vd-dog-renalcardiac-sausas-maistas-sunims-su-paukstiena","status":"publish","type":"product","link":"https:\/\/anivet.lt\/elparduotuve\/produktas\/calibra-vd-dog-renalcardiac-sausas-maistas-sunims-su-paukstiena\/","title":{"rendered":"Calibra VD Dog Renal&amp;Cardiac  sausas maistas \u0161unims su pauk\u0161tiena"},"content":{"rendered":"<ul>\n<li><span style=\"font-weight: 400;\">Palaiko inkst\u0173 ir \u0161irdies sveikat\u0105: Suma\u017eintas fosforo, natrio ir magnio kiekis.<\/span><\/li>\n<li style=\"font-weight: 400;\" aria-level=\"1\"><span style=\"font-weight: 400;\">Auk\u0161tos kokyb\u0117s baltymai: D\u017eiovinti kiau\u0161iniai kaip pagrindinis baltym\u0173 \u0161altinis.<\/span><\/li>\n<li style=\"font-weight: 400;\" aria-level=\"1\"><span style=\"font-weight: 400;\">Omega-3 ir Omega-6 riebal\u0173 r\u016bg\u0161tys: I\u0161 la\u0161i\u0161\u0173 aliejaus ir dumbli\u0173, padeda palaikyti odos ir kailio sveikat\u0105.<\/span><\/li>\n<li style=\"font-weight: 400;\" aria-level=\"1\"><span style=\"font-weight: 400;\">Praturtintas prebiotikais ir probiotikais: Palaiko sveik\u0105 \u017earnyno mikroflor\u0105 ir gerina vir\u0161kinim\u0105.<\/span><\/li>\n<li style=\"font-weight: 400;\" aria-level=\"1\"><span style=\"font-weight: 400;\">L-karnitinas ir taurinas: Padeda palaikyti \u0161irdies raumens funkcij\u0105 ir bendr\u0105 gyv\u016bno energij\u0105.<\/span><\/li>\n<li style=\"font-weight: 400;\" aria-level=\"1\"><span style=\"font-weight: 400;\">Augaliniai ekstraktai: Ciber\u017eol\u0117s ir \u017ealiosios arbatos ekstraktai suteikia antioksidacin\u012f poveik\u012f.<\/span><\/li>\n<\/ul>\n<p><span style=\"font-weight: 400;\">\u201eCalibra VD Dog Renal &amp; Cardiac\u201c yra puikus sprendimas \u0161unims, kuriems reikia specialios prie\u017ei\u016bros d\u0117l inkst\u0173 ar \u0161irdies funkcij\u0173 sutrikim\u0173. Maisto sud\u0117tis u\u017etikrina subalansuot\u0105 mityb\u0105, kuri palaiko gyv\u016bno gerov\u0119 ir suteikia papildom\u0105 energij\u0105.<\/span><\/p>\n","protected":false},"excerpt":{"rendered":"<p><span style=\"font-weight: 400;\">Specializuotas dietinis maistas, skirtas palaikyti \u0161un\u0173 inkst\u0173 ir \u0161irdies funkcij\u0105. Sukurtas pagal naujausius mokslinius tyrimus, \u0161is pa\u0161aras u\u017etikrina auk\u0161tos kokyb\u0117s sud\u0117t\u012f ir efektyvum\u0105 sprend\u017eiant augintini\u0173 sveikatos problemas.<\/span><\/p>\n","protected":false},"featured_media":10908,"template":"","meta":[],"product_brand":[],"product_cat":[101,107,332],"product_tag":[],"class_list":{"0":"post-10906","1":"product","2":"type-product","3":"status-publish","4":"has-post-thumbnail","6":"product_cat-sunims","7":"product_cat-veterinarine-dieta","8":"product_cat-calibra-sunu-maistas","9":"pa_prekinis-zenklas-calibra","11":"first","12":"instock","13":"taxable","14":"shipping-taxable","15":"purchasable","16":"product-type-variable"},"yoast_head":"<!-- This site is optimized with the Yoast SEO Premium plugin v27.1 (Yoast SEO v27.3) - https:\/\/yoast.com\/product\/yoast-seo-premium-wordpress\/ -->\n<title>Calibra VD Dog Renal&amp;Cardiac sausas maistas \u0161unims su pauk\u0161tiena - anivet.lt<\/title>\n<meta name=\"description\" content=\"Specializuotas dietinis maistas, skirtas palaikyti \u0161un\u0173 inkst\u0173 ir \u0161irdies funkcij\u0105. Sukurtas pagal naujausius mokslinius tyrimus, \u0161is pa\u0161aras u\u017etikrina auk\u0161tos kokyb\u0117s sud\u0117t\u012f ir efektyvum\u0105 sprend\u017eiant augintini\u0173 sveikatos problemas.\" \/>\n<meta name=\"robots\" content=\"index, follow, max-snippet:-1, max-image-preview:large, max-video-preview:-1\" \/>\n<link rel=\"canonical\" href=\"https:\/\/anivet.lt\/elparduotuve\/produktas\/calibra-vd-dog-renalcardiac-sausas-maistas-sunims-su-paukstiena\/\" \/>\n<meta property=\"og:locale\" content=\"lt_LT\" \/>\n<meta property=\"og:type\" content=\"article\" \/>\n<meta property=\"og:title\" content=\"Calibra VD Dog Renal&amp;Cardiac sausas maistas \u0161unims su pauk\u0161tiena\" \/>\n<meta property=\"og:description\" content=\"Specializuotas dietinis maistas, skirtas palaikyti \u0161un\u0173 inkst\u0173 ir \u0161irdies funkcij\u0105. Sukurtas pagal naujausius mokslinius tyrimus, \u0161is pa\u0161aras u\u017etikrina auk\u0161tos kokyb\u0117s sud\u0117t\u012f ir efektyvum\u0105 sprend\u017eiant augintini\u0173 sveikatos problemas.\" \/>\n<meta property=\"og:url\" content=\"https:\/\/anivet.lt\/elparduotuve\/produktas\/calibra-vd-dog-renalcardiac-sausas-maistas-sunims-su-paukstiena\/\" \/>\n<meta property=\"og:site_name\" content=\"anivet.lt\" \/>\n<meta property=\"article:modified_time\" content=\"2026-03-24T16:46:51+00:00\" \/>\n<meta property=\"og:image\" content=\"https:\/\/anivet.lt\/elparduotuve\/wp-content\/uploads\/2023\/07\/1578-calibra-vd-dog-renal-12kg-2021.webp\" \/>\n\t<meta property=\"og:image:width\" content=\"1920\" \/>\n\t<meta property=\"og:image:height\" content=\"1920\" \/>\n\t<meta property=\"og:image:type\" content=\"image\/webp\" \/>\n<meta name=\"twitter:card\" content=\"summary_large_image\" \/>\n<meta name=\"twitter:label1\" content=\"Est. reading time\" \/>\n\t<meta name=\"twitter:data1\" content=\"1 minut\u0117\" \/>\n<script type=\"application\/ld+json\" class=\"yoast-schema-graph\">{\"@context\":\"https:\\\/\\\/schema.org\",\"@graph\":[{\"@type\":\"WebPage\",\"@id\":\"https:\\\/\\\/anivet.lt\\\/elparduotuve\\\/produktas\\\/calibra-vd-dog-renalcardiac-sausas-maistas-sunims-su-paukstiena\\\/\",\"url\":\"https:\\\/\\\/anivet.lt\\\/elparduotuve\\\/produktas\\\/calibra-vd-dog-renalcardiac-sausas-maistas-sunims-su-paukstiena\\\/\",\"name\":\"Calibra VD Dog Renal&amp;Cardiac sausas maistas \u0161unims su pauk\u0161tiena - anivet.lt\",\"isPartOf\":{\"@id\":\"https:\\\/\\\/anivet.lt\\\/elparduotuve\\\/#website\"},\"primaryImageOfPage\":{\"@id\":\"https:\\\/\\\/anivet.lt\\\/elparduotuve\\\/produktas\\\/calibra-vd-dog-renalcardiac-sausas-maistas-sunims-su-paukstiena\\\/#primaryimage\"},\"image\":{\"@id\":\"https:\\\/\\\/anivet.lt\\\/elparduotuve\\\/produktas\\\/calibra-vd-dog-renalcardiac-sausas-maistas-sunims-su-paukstiena\\\/#primaryimage\"},\"thumbnailUrl\":\"https:\\\/\\\/anivet.lt\\\/elparduotuve\\\/wp-content\\\/uploads\\\/2023\\\/07\\\/1578-calibra-vd-dog-renal-12kg-2021.webp\",\"datePublished\":\"2023-07-27T12:48:13+00:00\",\"dateModified\":\"2026-03-24T16:46:51+00:00\",\"description\":\"Specializuotas dietinis maistas, skirtas palaikyti \u0161un\u0173 inkst\u0173 ir \u0161irdies funkcij\u0105. Sukurtas pagal naujausius mokslinius tyrimus, \u0161is pa\u0161aras u\u017etikrina auk\u0161tos kokyb\u0117s sud\u0117t\u012f ir efektyvum\u0105 sprend\u017eiant augintini\u0173 sveikatos problemas.\",\"breadcrumb\":{\"@id\":\"https:\\\/\\\/anivet.lt\\\/elparduotuve\\\/produktas\\\/calibra-vd-dog-renalcardiac-sausas-maistas-sunims-su-paukstiena\\\/#breadcrumb\"},\"inLanguage\":\"lt-LT\",\"potentialAction\":[{\"@type\":\"ReadAction\",\"target\":[\"https:\\\/\\\/anivet.lt\\\/elparduotuve\\\/produktas\\\/calibra-vd-dog-renalcardiac-sausas-maistas-sunims-su-paukstiena\\\/\"]}]},{\"@type\":\"ImageObject\",\"inLanguage\":\"lt-LT\",\"@id\":\"https:\\\/\\\/anivet.lt\\\/elparduotuve\\\/produktas\\\/calibra-vd-dog-renalcardiac-sausas-maistas-sunims-su-paukstiena\\\/#primaryimage\",\"url\":\"https:\\\/\\\/anivet.lt\\\/elparduotuve\\\/wp-content\\\/uploads\\\/2023\\\/07\\\/1578-calibra-vd-dog-renal-12kg-2021.webp\",\"contentUrl\":\"https:\\\/\\\/anivet.lt\\\/elparduotuve\\\/wp-content\\\/uploads\\\/2023\\\/07\\\/1578-calibra-vd-dog-renal-12kg-2021.webp\",\"width\":1920,\"height\":1920,\"caption\":\"Calibra VD Dog Renal&amp;Cardiac sausas maistas \u0161unims su pauk\u0161tiena\"},{\"@type\":\"BreadcrumbList\",\"@id\":\"https:\\\/\\\/anivet.lt\\\/elparduotuve\\\/produktas\\\/calibra-vd-dog-renalcardiac-sausas-maistas-sunims-su-paukstiena\\\/#breadcrumb\",\"itemListElement\":[{\"@type\":\"ListItem\",\"position\":1,\"name\":\"Home\",\"item\":\"https:\\\/\\\/anivet.lt\\\/elparduotuve\\\/\"},{\"@type\":\"ListItem\",\"position\":2,\"name\":\"Produktai\",\"item\":\"https:\\\/\\\/anivet.lt\\\/elparduotuve\\\/produktai\\\/\"},{\"@type\":\"ListItem\",\"position\":3,\"name\":\"Calibra VD Dog Renal&amp;Cardiac sausas maistas \u0161unims su pauk\u0161tiena\"}]},{\"@type\":\"WebSite\",\"@id\":\"https:\\\/\\\/anivet.lt\\\/elparduotuve\\\/#website\",\"url\":\"https:\\\/\\\/anivet.lt\\\/elparduotuve\\\/\",\"name\":\"anivet.lt\",\"description\":\"Viskas J\u016bs\u0173 \u0161uns, kat\u0117s prie\u017ei\u016brai\",\"publisher\":{\"@id\":\"https:\\\/\\\/anivet.lt\\\/elparduotuve\\\/#organization\"},\"alternateName\":\"Viskas J\u016bs\u0173 \u0161uns, kat\u0117s prie\u017ei\u016brai\",\"potentialAction\":[{\"@type\":\"SearchAction\",\"target\":{\"@type\":\"EntryPoint\",\"urlTemplate\":\"https:\\\/\\\/anivet.lt\\\/elparduotuve\\\/?s={search_term_string}\"},\"query-input\":{\"@type\":\"PropertyValueSpecification\",\"valueRequired\":true,\"valueName\":\"search_term_string\"}}],\"inLanguage\":\"lt-LT\"},{\"@type\":\"Organization\",\"@id\":\"https:\\\/\\\/anivet.lt\\\/elparduotuve\\\/#organization\",\"name\":\"Viskas J\u016bs\u0173 \u0161uns, kat\u0117s prie\u017ei\u016brai\",\"url\":\"https:\\\/\\\/anivet.lt\\\/elparduotuve\\\/\",\"logo\":{\"@type\":\"ImageObject\",\"inLanguage\":\"lt-LT\",\"@id\":\"https:\\\/\\\/anivet.lt\\\/elparduotuve\\\/#\\\/schema\\\/logo\\\/image\\\/\",\"url\":\"https:\\\/\\\/anivet.lt\\\/elparduotuve\\\/wp-content\\\/uploads\\\/2023\\\/06\\\/logo2.jpg\",\"contentUrl\":\"https:\\\/\\\/anivet.lt\\\/elparduotuve\\\/wp-content\\\/uploads\\\/2023\\\/06\\\/logo2.jpg\",\"width\":655,\"height\":194,\"caption\":\"Viskas J\u016bs\u0173 \u0161uns, kat\u0117s prie\u017ei\u016brai\"},\"image\":{\"@id\":\"https:\\\/\\\/anivet.lt\\\/elparduotuve\\\/#\\\/schema\\\/logo\\\/image\\\/\"}}]}<\/script>\n<!-- \/ Yoast SEO Premium plugin. -->","yoast_head_json":{"title":"Calibra VD Dog Renal&amp;Cardiac sausas maistas \u0161unims su pauk\u0161tiena - anivet.lt","description":"Specializuotas dietinis maistas, skirtas palaikyti \u0161un\u0173 inkst\u0173 ir \u0161irdies funkcij\u0105. Sukurtas pagal naujausius mokslinius tyrimus, \u0161is pa\u0161aras u\u017etikrina auk\u0161tos kokyb\u0117s sud\u0117t\u012f ir efektyvum\u0105 sprend\u017eiant augintini\u0173 sveikatos problemas.","robots":{"index":"index","follow":"follow","max-snippet":"max-snippet:-1","max-image-preview":"max-image-preview:large","max-video-preview":"max-video-preview:-1"},"canonical":"https:\/\/anivet.lt\/elparduotuve\/produktas\/calibra-vd-dog-renalcardiac-sausas-maistas-sunims-su-paukstiena\/","og_locale":"lt_LT","og_type":"article","og_title":"Calibra VD Dog Renal&amp;Cardiac sausas maistas \u0161unims su pauk\u0161tiena","og_description":"Specializuotas dietinis maistas, skirtas palaikyti \u0161un\u0173 inkst\u0173 ir \u0161irdies funkcij\u0105. Sukurtas pagal naujausius mokslinius tyrimus, \u0161is pa\u0161aras u\u017etikrina auk\u0161tos kokyb\u0117s sud\u0117t\u012f ir efektyvum\u0105 sprend\u017eiant augintini\u0173 sveikatos problemas.","og_url":"https:\/\/anivet.lt\/elparduotuve\/produktas\/calibra-vd-dog-renalcardiac-sausas-maistas-sunims-su-paukstiena\/","og_site_name":"anivet.lt","article_modified_time":"2026-03-24T16:46:51+00:00","og_image":[{"width":1920,"height":1920,"url":"https:\/\/anivet.lt\/elparduotuve\/wp-content\/uploads\/2023\/07\/1578-calibra-vd-dog-renal-12kg-2021.webp","type":"image\/webp"}],"twitter_card":"summary_large_image","twitter_misc":{"Est. reading time":"1 minut\u0117"},"schema":{"@context":"https:\/\/schema.org","@graph":[{"@type":"WebPage","@id":"https:\/\/anivet.lt\/elparduotuve\/produktas\/calibra-vd-dog-renalcardiac-sausas-maistas-sunims-su-paukstiena\/","url":"https:\/\/anivet.lt\/elparduotuve\/produktas\/calibra-vd-dog-renalcardiac-sausas-maistas-sunims-su-paukstiena\/","name":"Calibra VD Dog Renal&amp;Cardiac sausas maistas \u0161unims su pauk\u0161tiena - anivet.lt","isPartOf":{"@id":"https:\/\/anivet.lt\/elparduotuve\/#website"},"primaryImageOfPage":{"@id":"https:\/\/anivet.lt\/elparduotuve\/produktas\/calibra-vd-dog-renalcardiac-sausas-maistas-sunims-su-paukstiena\/#primaryimage"},"image":{"@id":"https:\/\/anivet.lt\/elparduotuve\/produktas\/calibra-vd-dog-renalcardiac-sausas-maistas-sunims-su-paukstiena\/#primaryimage"},"thumbnailUrl":"https:\/\/anivet.lt\/elparduotuve\/wp-content\/uploads\/2023\/07\/1578-calibra-vd-dog-renal-12kg-2021.webp","datePublished":"2023-07-27T12:48:13+00:00","dateModified":"2026-03-24T16:46:51+00:00","description":"Specializuotas dietinis maistas, skirtas palaikyti \u0161un\u0173 inkst\u0173 ir \u0161irdies funkcij\u0105. Sukurtas pagal naujausius mokslinius tyrimus, \u0161is pa\u0161aras u\u017etikrina auk\u0161tos kokyb\u0117s sud\u0117t\u012f ir efektyvum\u0105 sprend\u017eiant augintini\u0173 sveikatos problemas.","breadcrumb":{"@id":"https:\/\/anivet.lt\/elparduotuve\/produktas\/calibra-vd-dog-renalcardiac-sausas-maistas-sunims-su-paukstiena\/#breadcrumb"},"inLanguage":"lt-LT","potentialAction":[{"@type":"ReadAction","target":["https:\/\/anivet.lt\/elparduotuve\/produktas\/calibra-vd-dog-renalcardiac-sausas-maistas-sunims-su-paukstiena\/"]}]},{"@type":"ImageObject","inLanguage":"lt-LT","@id":"https:\/\/anivet.lt\/elparduotuve\/produktas\/calibra-vd-dog-renalcardiac-sausas-maistas-sunims-su-paukstiena\/#primaryimage","url":"https:\/\/anivet.lt\/elparduotuve\/wp-content\/uploads\/2023\/07\/1578-calibra-vd-dog-renal-12kg-2021.webp","contentUrl":"https:\/\/anivet.lt\/elparduotuve\/wp-content\/uploads\/2023\/07\/1578-calibra-vd-dog-renal-12kg-2021.webp","width":1920,"height":1920,"caption":"Calibra VD Dog Renal&amp;Cardiac sausas maistas \u0161unims su pauk\u0161tiena"},{"@type":"BreadcrumbList","@id":"https:\/\/anivet.lt\/elparduotuve\/produktas\/calibra-vd-dog-renalcardiac-sausas-maistas-sunims-su-paukstiena\/#breadcrumb","itemListElement":[{"@type":"ListItem","position":1,"name":"Home","item":"https:\/\/anivet.lt\/elparduotuve\/"},{"@type":"ListItem","position":2,"name":"Produktai","item":"https:\/\/anivet.lt\/elparduotuve\/produktai\/"},{"@type":"ListItem","position":3,"name":"Calibra VD Dog Renal&amp;Cardiac sausas maistas \u0161unims su pauk\u0161tiena"}]},{"@type":"WebSite","@id":"https:\/\/anivet.lt\/elparduotuve\/#website","url":"https:\/\/anivet.lt\/elparduotuve\/","name":"anivet.lt","description":"Viskas J\u016bs\u0173 \u0161uns, kat\u0117s prie\u017ei\u016brai","publisher":{"@id":"https:\/\/anivet.lt\/elparduotuve\/#organization"},"alternateName":"Viskas J\u016bs\u0173 \u0161uns, kat\u0117s prie\u017ei\u016brai","potentialAction":[{"@type":"SearchAction","target":{"@type":"EntryPoint","urlTemplate":"https:\/\/anivet.lt\/elparduotuve\/?s={search_term_string}"},"query-input":{"@type":"PropertyValueSpecification","valueRequired":true,"valueName":"search_term_string"}}],"inLanguage":"lt-LT"},{"@type":"Organization","@id":"https:\/\/anivet.lt\/elparduotuve\/#organization","name":"Viskas J\u016bs\u0173 \u0161uns, kat\u0117s prie\u017ei\u016brai","url":"https:\/\/anivet.lt\/elparduotuve\/","logo":{"@type":"ImageObject","inLanguage":"lt-LT","@id":"https:\/\/anivet.lt\/elparduotuve\/#\/schema\/logo\/image\/","url":"https:\/\/anivet.lt\/elparduotuve\/wp-content\/uploads\/2023\/06\/logo2.jpg","contentUrl":"https:\/\/anivet.lt\/elparduotuve\/wp-content\/uploads\/2023\/06\/logo2.jpg","width":655,"height":194,"caption":"Viskas J\u016bs\u0173 \u0161uns, kat\u0117s prie\u017ei\u016brai"},"image":{"@id":"https:\/\/anivet.lt\/elparduotuve\/#\/schema\/logo\/image\/"}}]}},"_links":{"self":[{"href":"https:\/\/anivet.lt\/elparduotuve\/wp-json\/wp\/v2\/product\/10906","targetHints":{"allow":["GET"]}}],"collection":[{"href":"https:\/\/anivet.lt\/elparduotuve\/wp-json\/wp\/v2\/product"}],"about":[{"href":"https:\/\/anivet.lt\/elparduotuve\/wp-json\/wp\/v2\/types\/product"}],"wp:featuredmedia":[{"embeddable":true,"href":"https:\/\/anivet.lt\/elparduotuve\/wp-json\/wp\/v2\/media\/10908"}],"wp:attachment":[{"href":"https:\/\/anivet.lt\/elparduotuve\/wp-json\/wp\/v2\/media?parent=10906"}],"wp:term":[{"taxonomy":"product_brand","embeddable":true,"href":"https:\/\/anivet.lt\/elparduotuve\/wp-json\/wp\/v2\/product_brand?post=10906"},{"taxonomy":"product_cat","embeddable":true,"href":"https:\/\/anivet.lt\/elparduotuve\/wp-json\/wp\/v2\/product_cat?post=10906"},{"taxonomy":"product_tag","embeddable":true,"href":"https:\/\/anivet.lt\/elparduotuve\/wp-json\/wp\/v2\/product_tag?post=10906"}],"curies":[{"name":"wp","href":"https:\/\/api.w.org\/{rel}","templated":true}]}}