{"id":10913,"date":"2023-07-27T13:21:35","date_gmt":"2023-07-27T13:21:35","guid":{"rendered":"https:\/\/anivet.lt\/elparduotuve\/?post_type=product&#038;p=10913"},"modified":"2026-02-20T19:03:37","modified_gmt":"2026-02-20T19:03:37","slug":"calibra-pouch-cat-premium-line-adult-multipack-slapias-pasaras-suaugusioms-katems-12x100-g","status":"publish","type":"product","link":"https:\/\/anivet.lt\/elparduotuve\/produktas\/calibra-pouch-cat-premium-line-adult-multipack-slapias-pasaras-suaugusioms-katems-12x100-g\/","title":{"rendered":"CALIBRA POUCH Cat (Premium Line), Adult Multipack, \u0161lapias pa\u0161aras suaugusioms kat\u0117ms 12&#215;100 g"},"content":{"rendered":"<ul>\n<li style=\"font-weight: 400;\" aria-level=\"1\"><span style=\"font-weight: 400;\">Keturi skoni\u0173 variantai: Rinkin\u012f sudaro vi\u0161tiena ir jautiena, \u0117riena ir pauk\u0161tiena, up\u0117takis ir la\u0161i\u0161a bei antiena ir vi\u0161tiena, kad kat\u0117 gal\u0117t\u0173 m\u0117gautis \u012fvairiais skoniais.<\/span><\/li>\n<li style=\"font-weight: 400;\" aria-level=\"1\"><span style=\"font-weight: 400;\">Nat\u016bral\u016bs ingredientai: Pa\u0161aras pagamintas be chemini\u0173 konservant\u0173, dirbtini\u0173 da\u017eikli\u0173 ir prid\u0117tinio cukraus.<\/span><\/li>\n<li style=\"font-weight: 400;\" aria-level=\"1\"><span style=\"font-weight: 400;\">Lengvas vir\u0161kinimas: Auk\u0161tos kokyb\u0117s m\u0117sa ir \u017euvis palaiko ger\u0105 vir\u0161kinim\u0105 ir subalansuot\u0105 mityb\u0105.<\/span><\/li>\n<li style=\"font-weight: 400;\" aria-level=\"1\"><span style=\"font-weight: 400;\">Vitaminai ir mineralai: Taurinas, vitaminas D3 ir biotinas stiprina \u0161ird\u012f, imunin\u0119 sistem\u0105 ir u\u017etikrina sveik\u0105 kail\u012f.<\/span><\/li>\n<li style=\"font-weight: 400;\" aria-level=\"1\"><span style=\"font-weight: 400;\">Patogus rinkinys: Skirtingi skoniai leis \u012fvairinti kat\u0117s racion\u0105 ir u\u017etikrinti jos skonio malonum\u0105.<\/span><\/li>\n<\/ul>\n<p><span style=\"font-weight: 400;\">Puikus pasirinkimas kasdieniam suaugusi\u0173 ka\u010di\u0173 maitinimui. Kokybi\u0161ki ingredientai, subalansuota sud\u0117tis ir i\u0161skirtinis skonis u\u017etikrina j\u016bs\u0173 augintinio sveikat\u0105 ir d\u017eiaugsm\u0105.<\/span><\/p>\n","protected":false},"excerpt":{"rendered":"<p><span style=\"font-weight: 400;\">Visaver\u010dio pa\u0161aro rinkinys su m\u0117sos gabaliukais pada\u017ee, pritaikytas net i\u0161rankiausi\u0173 ka\u010di\u0173 poreikiams. Be dirbtini\u0173 da\u017eikli\u0173, chemini\u0173 konservant\u0173, sojos, GMO ar prid\u0117tinio cukraus.<\/span><\/p>\n","protected":false},"featured_media":10917,"template":"","meta":[],"product_brand":[],"product_cat":[114,102,116,339],"product_tag":[],"class_list":{"0":"post-10913","1":"product","2":"type-product","3":"status-publish","4":"has-post-thumbnail","6":"product_cat-kaciu-maistas","7":"product_cat-katems","8":"product_cat-konservai-katems","9":"product_cat-calibra-kaciu-maistas","10":"pa_prekinis-zenklas-calibra","12":"first","13":"instock","14":"taxable","15":"shipping-taxable","16":"purchasable","17":"product-type-simple"},"yoast_head":"<!-- This site is optimized with the Yoast SEO Premium plugin v27.1 (Yoast SEO v27.3) - https:\/\/yoast.com\/product\/yoast-seo-premium-wordpress\/ -->\n<title>CALIBRA POUCH Cat (Premium Line), Adult Multipack, \u0161lapias pa\u0161aras suaugusioms kat\u0117ms 12x100 g - anivet.lt<\/title>\n<meta name=\"description\" content=\"Visaver\u010dio pa\u0161aro rinkinys su m\u0117sos gabaliukais pada\u017ee, pritaikytas net i\u0161rankiausi\u0173 ka\u010di\u0173 poreikiams. Be dirbtini\u0173 da\u017eikli\u0173, chemini\u0173 konservant\u0173, sojos, GMO ar prid\u0117tinio cukraus.\" \/>\n<meta name=\"robots\" content=\"index, follow, max-snippet:-1, max-image-preview:large, max-video-preview:-1\" \/>\n<link rel=\"canonical\" href=\"https:\/\/anivet.lt\/elparduotuve\/produktas\/calibra-pouch-cat-premium-line-adult-multipack-slapias-pasaras-suaugusioms-katems-12x100-g\/\" \/>\n<meta property=\"og:locale\" content=\"lt_LT\" \/>\n<meta property=\"og:type\" content=\"article\" \/>\n<meta property=\"og:title\" content=\"CALIBRA POUCH Cat (Premium Line), Adult Multipack, \u0161lapias pa\u0161aras suaugusioms kat\u0117ms 12x100 g\" \/>\n<meta property=\"og:description\" content=\"Visaver\u010dio pa\u0161aro rinkinys su m\u0117sos gabaliukais pada\u017ee, pritaikytas net i\u0161rankiausi\u0173 ka\u010di\u0173 poreikiams. Be dirbtini\u0173 da\u017eikli\u0173, chemini\u0173 konservant\u0173, sojos, GMO ar prid\u0117tinio cukraus.\" \/>\n<meta property=\"og:url\" content=\"https:\/\/anivet.lt\/elparduotuve\/produktas\/calibra-pouch-cat-premium-line-adult-multipack-slapias-pasaras-suaugusioms-katems-12x100-g\/\" \/>\n<meta property=\"og:site_name\" content=\"anivet.lt\" \/>\n<meta property=\"article:modified_time\" content=\"2026-02-20T19:03:37+00:00\" \/>\n<meta property=\"og:image\" content=\"https:\/\/anivet.lt\/elparduotuve\/wp-content\/uploads\/2023\/07\/451-calibra-cat-pouches-adult-multipack.webp\" \/>\n\t<meta property=\"og:image:width\" content=\"1300\" \/>\n\t<meta property=\"og:image:height\" content=\"1300\" \/>\n\t<meta property=\"og:image:type\" content=\"image\/webp\" \/>\n<meta name=\"twitter:card\" content=\"summary_large_image\" \/>\n<meta name=\"twitter:label1\" content=\"Est. reading time\" \/>\n\t<meta name=\"twitter:data1\" content=\"1 minut\u0117\" \/>\n<script type=\"application\/ld+json\" class=\"yoast-schema-graph\">{\"@context\":\"https:\\\/\\\/schema.org\",\"@graph\":[{\"@type\":\"WebPage\",\"@id\":\"https:\\\/\\\/anivet.lt\\\/elparduotuve\\\/produktas\\\/calibra-pouch-cat-premium-line-adult-multipack-slapias-pasaras-suaugusioms-katems-12x100-g\\\/\",\"url\":\"https:\\\/\\\/anivet.lt\\\/elparduotuve\\\/produktas\\\/calibra-pouch-cat-premium-line-adult-multipack-slapias-pasaras-suaugusioms-katems-12x100-g\\\/\",\"name\":\"CALIBRA POUCH Cat (Premium Line), Adult Multipack, \u0161lapias pa\u0161aras suaugusioms kat\u0117ms 12x100 g - anivet.lt\",\"isPartOf\":{\"@id\":\"https:\\\/\\\/anivet.lt\\\/elparduotuve\\\/#website\"},\"primaryImageOfPage\":{\"@id\":\"https:\\\/\\\/anivet.lt\\\/elparduotuve\\\/produktas\\\/calibra-pouch-cat-premium-line-adult-multipack-slapias-pasaras-suaugusioms-katems-12x100-g\\\/#primaryimage\"},\"image\":{\"@id\":\"https:\\\/\\\/anivet.lt\\\/elparduotuve\\\/produktas\\\/calibra-pouch-cat-premium-line-adult-multipack-slapias-pasaras-suaugusioms-katems-12x100-g\\\/#primaryimage\"},\"thumbnailUrl\":\"https:\\\/\\\/anivet.lt\\\/elparduotuve\\\/wp-content\\\/uploads\\\/2023\\\/07\\\/451-calibra-cat-pouches-adult-multipack.webp\",\"datePublished\":\"2023-07-27T13:21:35+00:00\",\"dateModified\":\"2026-02-20T19:03:37+00:00\",\"description\":\"Visaver\u010dio pa\u0161aro rinkinys su m\u0117sos gabaliukais pada\u017ee, pritaikytas net i\u0161rankiausi\u0173 ka\u010di\u0173 poreikiams. Be dirbtini\u0173 da\u017eikli\u0173, chemini\u0173 konservant\u0173, sojos, GMO ar prid\u0117tinio cukraus.\",\"breadcrumb\":{\"@id\":\"https:\\\/\\\/anivet.lt\\\/elparduotuve\\\/produktas\\\/calibra-pouch-cat-premium-line-adult-multipack-slapias-pasaras-suaugusioms-katems-12x100-g\\\/#breadcrumb\"},\"inLanguage\":\"lt-LT\",\"potentialAction\":[{\"@type\":\"ReadAction\",\"target\":[\"https:\\\/\\\/anivet.lt\\\/elparduotuve\\\/produktas\\\/calibra-pouch-cat-premium-line-adult-multipack-slapias-pasaras-suaugusioms-katems-12x100-g\\\/\"]}]},{\"@type\":\"ImageObject\",\"inLanguage\":\"lt-LT\",\"@id\":\"https:\\\/\\\/anivet.lt\\\/elparduotuve\\\/produktas\\\/calibra-pouch-cat-premium-line-adult-multipack-slapias-pasaras-suaugusioms-katems-12x100-g\\\/#primaryimage\",\"url\":\"https:\\\/\\\/anivet.lt\\\/elparduotuve\\\/wp-content\\\/uploads\\\/2023\\\/07\\\/451-calibra-cat-pouches-adult-multipack.webp\",\"contentUrl\":\"https:\\\/\\\/anivet.lt\\\/elparduotuve\\\/wp-content\\\/uploads\\\/2023\\\/07\\\/451-calibra-cat-pouches-adult-multipack.webp\",\"width\":1300,\"height\":1300,\"caption\":\"CALIBRA POUCH Cat (Premium Line), Adult Multipack, \u0161lapias pa\u0161aras suaugusioms kat\u0117ms 12x100 g\"},{\"@type\":\"BreadcrumbList\",\"@id\":\"https:\\\/\\\/anivet.lt\\\/elparduotuve\\\/produktas\\\/calibra-pouch-cat-premium-line-adult-multipack-slapias-pasaras-suaugusioms-katems-12x100-g\\\/#breadcrumb\",\"itemListElement\":[{\"@type\":\"ListItem\",\"position\":1,\"name\":\"Home\",\"item\":\"https:\\\/\\\/anivet.lt\\\/elparduotuve\\\/\"},{\"@type\":\"ListItem\",\"position\":2,\"name\":\"Produktai\",\"item\":\"https:\\\/\\\/anivet.lt\\\/elparduotuve\\\/produktai\\\/\"},{\"@type\":\"ListItem\",\"position\":3,\"name\":\"CALIBRA POUCH Cat (Premium Line), Adult Multipack, \u0161lapias pa\u0161aras suaugusioms kat\u0117ms 12&#215;100 g\"}]},{\"@type\":\"WebSite\",\"@id\":\"https:\\\/\\\/anivet.lt\\\/elparduotuve\\\/#website\",\"url\":\"https:\\\/\\\/anivet.lt\\\/elparduotuve\\\/\",\"name\":\"anivet.lt\",\"description\":\"Viskas J\u016bs\u0173 \u0161uns, kat\u0117s prie\u017ei\u016brai\",\"publisher\":{\"@id\":\"https:\\\/\\\/anivet.lt\\\/elparduotuve\\\/#organization\"},\"alternateName\":\"Viskas J\u016bs\u0173 \u0161uns, kat\u0117s prie\u017ei\u016brai\",\"potentialAction\":[{\"@type\":\"SearchAction\",\"target\":{\"@type\":\"EntryPoint\",\"urlTemplate\":\"https:\\\/\\\/anivet.lt\\\/elparduotuve\\\/?s={search_term_string}\"},\"query-input\":{\"@type\":\"PropertyValueSpecification\",\"valueRequired\":true,\"valueName\":\"search_term_string\"}}],\"inLanguage\":\"lt-LT\"},{\"@type\":\"Organization\",\"@id\":\"https:\\\/\\\/anivet.lt\\\/elparduotuve\\\/#organization\",\"name\":\"Viskas J\u016bs\u0173 \u0161uns, kat\u0117s prie\u017ei\u016brai\",\"url\":\"https:\\\/\\\/anivet.lt\\\/elparduotuve\\\/\",\"logo\":{\"@type\":\"ImageObject\",\"inLanguage\":\"lt-LT\",\"@id\":\"https:\\\/\\\/anivet.lt\\\/elparduotuve\\\/#\\\/schema\\\/logo\\\/image\\\/\",\"url\":\"https:\\\/\\\/anivet.lt\\\/elparduotuve\\\/wp-content\\\/uploads\\\/2023\\\/06\\\/logo2.jpg\",\"contentUrl\":\"https:\\\/\\\/anivet.lt\\\/elparduotuve\\\/wp-content\\\/uploads\\\/2023\\\/06\\\/logo2.jpg\",\"width\":655,\"height\":194,\"caption\":\"Viskas J\u016bs\u0173 \u0161uns, kat\u0117s prie\u017ei\u016brai\"},\"image\":{\"@id\":\"https:\\\/\\\/anivet.lt\\\/elparduotuve\\\/#\\\/schema\\\/logo\\\/image\\\/\"}}]}<\/script>\n<!-- \/ Yoast SEO Premium plugin. -->","yoast_head_json":{"title":"CALIBRA POUCH Cat (Premium Line), Adult Multipack, \u0161lapias pa\u0161aras suaugusioms kat\u0117ms 12x100 g - anivet.lt","description":"Visaver\u010dio pa\u0161aro rinkinys su m\u0117sos gabaliukais pada\u017ee, pritaikytas net i\u0161rankiausi\u0173 ka\u010di\u0173 poreikiams. Be dirbtini\u0173 da\u017eikli\u0173, chemini\u0173 konservant\u0173, sojos, GMO ar prid\u0117tinio cukraus.","robots":{"index":"index","follow":"follow","max-snippet":"max-snippet:-1","max-image-preview":"max-image-preview:large","max-video-preview":"max-video-preview:-1"},"canonical":"https:\/\/anivet.lt\/elparduotuve\/produktas\/calibra-pouch-cat-premium-line-adult-multipack-slapias-pasaras-suaugusioms-katems-12x100-g\/","og_locale":"lt_LT","og_type":"article","og_title":"CALIBRA POUCH Cat (Premium Line), Adult Multipack, \u0161lapias pa\u0161aras suaugusioms kat\u0117ms 12x100 g","og_description":"Visaver\u010dio pa\u0161aro rinkinys su m\u0117sos gabaliukais pada\u017ee, pritaikytas net i\u0161rankiausi\u0173 ka\u010di\u0173 poreikiams. Be dirbtini\u0173 da\u017eikli\u0173, chemini\u0173 konservant\u0173, sojos, GMO ar prid\u0117tinio cukraus.","og_url":"https:\/\/anivet.lt\/elparduotuve\/produktas\/calibra-pouch-cat-premium-line-adult-multipack-slapias-pasaras-suaugusioms-katems-12x100-g\/","og_site_name":"anivet.lt","article_modified_time":"2026-02-20T19:03:37+00:00","og_image":[{"width":1300,"height":1300,"url":"https:\/\/anivet.lt\/elparduotuve\/wp-content\/uploads\/2023\/07\/451-calibra-cat-pouches-adult-multipack.webp","type":"image\/webp"}],"twitter_card":"summary_large_image","twitter_misc":{"Est. reading time":"1 minut\u0117"},"schema":{"@context":"https:\/\/schema.org","@graph":[{"@type":"WebPage","@id":"https:\/\/anivet.lt\/elparduotuve\/produktas\/calibra-pouch-cat-premium-line-adult-multipack-slapias-pasaras-suaugusioms-katems-12x100-g\/","url":"https:\/\/anivet.lt\/elparduotuve\/produktas\/calibra-pouch-cat-premium-line-adult-multipack-slapias-pasaras-suaugusioms-katems-12x100-g\/","name":"CALIBRA POUCH Cat (Premium Line), Adult Multipack, \u0161lapias pa\u0161aras suaugusioms kat\u0117ms 12x100 g - anivet.lt","isPartOf":{"@id":"https:\/\/anivet.lt\/elparduotuve\/#website"},"primaryImageOfPage":{"@id":"https:\/\/anivet.lt\/elparduotuve\/produktas\/calibra-pouch-cat-premium-line-adult-multipack-slapias-pasaras-suaugusioms-katems-12x100-g\/#primaryimage"},"image":{"@id":"https:\/\/anivet.lt\/elparduotuve\/produktas\/calibra-pouch-cat-premium-line-adult-multipack-slapias-pasaras-suaugusioms-katems-12x100-g\/#primaryimage"},"thumbnailUrl":"https:\/\/anivet.lt\/elparduotuve\/wp-content\/uploads\/2023\/07\/451-calibra-cat-pouches-adult-multipack.webp","datePublished":"2023-07-27T13:21:35+00:00","dateModified":"2026-02-20T19:03:37+00:00","description":"Visaver\u010dio pa\u0161aro rinkinys su m\u0117sos gabaliukais pada\u017ee, pritaikytas net i\u0161rankiausi\u0173 ka\u010di\u0173 poreikiams. Be dirbtini\u0173 da\u017eikli\u0173, chemini\u0173 konservant\u0173, sojos, GMO ar prid\u0117tinio cukraus.","breadcrumb":{"@id":"https:\/\/anivet.lt\/elparduotuve\/produktas\/calibra-pouch-cat-premium-line-adult-multipack-slapias-pasaras-suaugusioms-katems-12x100-g\/#breadcrumb"},"inLanguage":"lt-LT","potentialAction":[{"@type":"ReadAction","target":["https:\/\/anivet.lt\/elparduotuve\/produktas\/calibra-pouch-cat-premium-line-adult-multipack-slapias-pasaras-suaugusioms-katems-12x100-g\/"]}]},{"@type":"ImageObject","inLanguage":"lt-LT","@id":"https:\/\/anivet.lt\/elparduotuve\/produktas\/calibra-pouch-cat-premium-line-adult-multipack-slapias-pasaras-suaugusioms-katems-12x100-g\/#primaryimage","url":"https:\/\/anivet.lt\/elparduotuve\/wp-content\/uploads\/2023\/07\/451-calibra-cat-pouches-adult-multipack.webp","contentUrl":"https:\/\/anivet.lt\/elparduotuve\/wp-content\/uploads\/2023\/07\/451-calibra-cat-pouches-adult-multipack.webp","width":1300,"height":1300,"caption":"CALIBRA POUCH Cat (Premium Line), Adult Multipack, \u0161lapias pa\u0161aras suaugusioms kat\u0117ms 12x100 g"},{"@type":"BreadcrumbList","@id":"https:\/\/anivet.lt\/elparduotuve\/produktas\/calibra-pouch-cat-premium-line-adult-multipack-slapias-pasaras-suaugusioms-katems-12x100-g\/#breadcrumb","itemListElement":[{"@type":"ListItem","position":1,"name":"Home","item":"https:\/\/anivet.lt\/elparduotuve\/"},{"@type":"ListItem","position":2,"name":"Produktai","item":"https:\/\/anivet.lt\/elparduotuve\/produktai\/"},{"@type":"ListItem","position":3,"name":"CALIBRA POUCH Cat (Premium Line), Adult Multipack, \u0161lapias pa\u0161aras suaugusioms kat\u0117ms 12&#215;100 g"}]},{"@type":"WebSite","@id":"https:\/\/anivet.lt\/elparduotuve\/#website","url":"https:\/\/anivet.lt\/elparduotuve\/","name":"anivet.lt","description":"Viskas J\u016bs\u0173 \u0161uns, kat\u0117s prie\u017ei\u016brai","publisher":{"@id":"https:\/\/anivet.lt\/elparduotuve\/#organization"},"alternateName":"Viskas J\u016bs\u0173 \u0161uns, kat\u0117s prie\u017ei\u016brai","potentialAction":[{"@type":"SearchAction","target":{"@type":"EntryPoint","urlTemplate":"https:\/\/anivet.lt\/elparduotuve\/?s={search_term_string}"},"query-input":{"@type":"PropertyValueSpecification","valueRequired":true,"valueName":"search_term_string"}}],"inLanguage":"lt-LT"},{"@type":"Organization","@id":"https:\/\/anivet.lt\/elparduotuve\/#organization","name":"Viskas J\u016bs\u0173 \u0161uns, kat\u0117s prie\u017ei\u016brai","url":"https:\/\/anivet.lt\/elparduotuve\/","logo":{"@type":"ImageObject","inLanguage":"lt-LT","@id":"https:\/\/anivet.lt\/elparduotuve\/#\/schema\/logo\/image\/","url":"https:\/\/anivet.lt\/elparduotuve\/wp-content\/uploads\/2023\/06\/logo2.jpg","contentUrl":"https:\/\/anivet.lt\/elparduotuve\/wp-content\/uploads\/2023\/06\/logo2.jpg","width":655,"height":194,"caption":"Viskas J\u016bs\u0173 \u0161uns, kat\u0117s prie\u017ei\u016brai"},"image":{"@id":"https:\/\/anivet.lt\/elparduotuve\/#\/schema\/logo\/image\/"}}]}},"_links":{"self":[{"href":"https:\/\/anivet.lt\/elparduotuve\/wp-json\/wp\/v2\/product\/10913","targetHints":{"allow":["GET"]}}],"collection":[{"href":"https:\/\/anivet.lt\/elparduotuve\/wp-json\/wp\/v2\/product"}],"about":[{"href":"https:\/\/anivet.lt\/elparduotuve\/wp-json\/wp\/v2\/types\/product"}],"wp:featuredmedia":[{"embeddable":true,"href":"https:\/\/anivet.lt\/elparduotuve\/wp-json\/wp\/v2\/media\/10917"}],"wp:attachment":[{"href":"https:\/\/anivet.lt\/elparduotuve\/wp-json\/wp\/v2\/media?parent=10913"}],"wp:term":[{"taxonomy":"product_brand","embeddable":true,"href":"https:\/\/anivet.lt\/elparduotuve\/wp-json\/wp\/v2\/product_brand?post=10913"},{"taxonomy":"product_cat","embeddable":true,"href":"https:\/\/anivet.lt\/elparduotuve\/wp-json\/wp\/v2\/product_cat?post=10913"},{"taxonomy":"product_tag","embeddable":true,"href":"https:\/\/anivet.lt\/elparduotuve\/wp-json\/wp\/v2\/product_tag?post=10913"}],"curies":[{"name":"wp","href":"https:\/\/api.w.org\/{rel}","templated":true}]}}