{"id":10914,"date":"2023-07-27T13:15:34","date_gmt":"2023-07-27T13:15:34","guid":{"rendered":"https:\/\/anivet.lt\/elparduotuve\/?post_type=product&#038;p=10914"},"modified":"2026-03-27T16:36:47","modified_gmt":"2026-03-27T16:36:47","slug":"calibra-life-dog-can-sensitive-rabbit-400g-suaugusiems-sunims-su-triusiena-ir-lasisu-aliejumi","status":"publish","type":"product","link":"https:\/\/anivet.lt\/elparduotuve\/produktas\/calibra-life-dog-can-sensitive-rabbit-400g-suaugusiems-sunims-su-triusiena-ir-lasisu-aliejumi\/","title":{"rendered":"CALIBRA LIFE Dog can Sensitive Rabbit 400g suaugusiems \u0161unims su triu\u0161iena ir la\u0161i\u0161\u0173 aliejumi"},"content":{"rendered":"<ul>\n<li style=\"font-weight: 400;\" aria-level=\"1\"><span style=\"font-weight: 400;\">Auk\u0161tos kokyb\u0117s triu\u0161iena: 70 % triu\u0161ienos u\u017etikrina lengvai vir\u0161kinam\u0105 ir nat\u016bral\u0173 baltym\u0173 \u0161altin\u012f.<\/span><\/li>\n<li style=\"font-weight: 400;\" aria-level=\"1\"><span style=\"font-weight: 400;\">Omega-3 r\u016bg\u0161\u010di\u0173 \u0161altiniai: La\u0161i\u0161\u0173 aliejus ir d\u017eiovinti j\u016bros dumbliai palaiko sveik\u0105 od\u0105, blizgant\u012f kail\u012f ir smegen\u0173 funkcijas.<\/span><\/li>\n<li style=\"font-weight: 400;\" aria-level=\"1\"><span style=\"font-weight: 400;\">Hipoalergin\u0117 formul\u0117: Vieno baltym\u0173 \u0161altinio sud\u0117tis puikiai tinka jautriems \u0161unims.<\/span><\/li>\n<li style=\"font-weight: 400;\" aria-level=\"1\"><span style=\"font-weight: 400;\">Be gr\u016bd\u0173 ir glitimo: Pa\u0161aras neturi kvie\u010di\u0173, kukur\u016bz\u0173, soj\u0173 ar GMO, tod\u0117l lengvai vir\u0161kinamas.<\/span><\/li>\n<li style=\"font-weight: 400;\" aria-level=\"1\"><span style=\"font-weight: 400;\">Nat\u016bral\u016bs papildai: D\u017eiovinti j\u016bros dumbliai praturtina pa\u0161ar\u0105 papildomomis omega-3 r\u016bg\u0161timis, palaikan\u010diomis normali\u0105 organizmo funkcij\u0105.<\/span><\/li>\n<\/ul>\n<p><span style=\"font-weight: 400;\">\u201eCalibra Life Dog Can Sensitive Rabbit\u201c \u2013 sveikas, maistingas ir subalansuotas pa\u0161aras, puikiai tinkantis jautriems \u0161unims. J\u016bs\u0173 augintinis m\u0117gausis nat\u016braliu skoniu ir gera savijauta kiekvien\u0105 dien\u0105.<\/span><\/p>\n","protected":false},"excerpt":{"rendered":"<p><span style=\"font-weight: 400;\">\u0160is hipoalerginis konservuotas pa\u0161aras su triu\u0161iena yra puikus pasirinkimas suaugusiems \u0161unims, ypa\u010d tiems, kurie turi jautri\u0105 vir\u0161kinimo sistem\u0105. Vieno baltym\u0173 \u0161altinio receptas be gr\u016bd\u0173 ir glitimo u\u017etikrina puik\u0173 vir\u0161kinamum\u0105 ir subalansuot\u0105 mityb\u0105.<\/span><\/p>\n","protected":false},"featured_media":10915,"template":"","meta":[],"product_brand":[],"product_cat":[101,103,105,332],"product_tag":[],"class_list":{"0":"post-10914","1":"product","2":"type-product","3":"status-publish","4":"has-post-thumbnail","6":"product_cat-sunims","7":"product_cat-sunu-maistas","8":"product_cat-konservai","9":"product_cat-calibra-sunu-maistas","10":"pa_prekinis-zenklas-calibra","12":"first","13":"outofstock","14":"taxable","15":"shipping-taxable","16":"purchasable","17":"product-type-simple"},"yoast_head":"<!-- This site is optimized with the Yoast SEO Premium plugin v27.1 (Yoast SEO v27.3) - https:\/\/yoast.com\/product\/yoast-seo-premium-wordpress\/ -->\n<title>CALIBRA LIFE Dog can Sensitive Rabbit 400g suaugusiems \u0161unims su triu\u0161iena ir la\u0161i\u0161\u0173 aliejumi - anivet.lt<\/title>\n<meta name=\"description\" content=\"\u0160is hipoalerginis konservuotas pa\u0161aras su triu\u0161iena yra puikus pasirinkimas suaugusiems \u0161unims, ypa\u010d tiems, kurie turi jautri\u0105 vir\u0161kinimo sistem\u0105. Vieno baltym\u0173 \u0161altinio receptas be gr\u016bd\u0173 ir glitimo u\u017etikrina puik\u0173 vir\u0161kinamum\u0105 ir subalansuot\u0105 mityb\u0105.\" \/>\n<meta name=\"robots\" content=\"index, follow, max-snippet:-1, max-image-preview:large, max-video-preview:-1\" \/>\n<link rel=\"canonical\" href=\"https:\/\/anivet.lt\/elparduotuve\/produktas\/calibra-life-dog-can-sensitive-rabbit-400g-suaugusiems-sunims-su-triusiena-ir-lasisu-aliejumi\/\" \/>\n<meta property=\"og:locale\" content=\"lt_LT\" \/>\n<meta property=\"og:type\" content=\"article\" \/>\n<meta property=\"og:title\" content=\"CALIBRA LIFE Dog can Sensitive Rabbit 400g suaugusiems \u0161unims su triu\u0161iena ir la\u0161i\u0161\u0173 aliejumi\" \/>\n<meta property=\"og:description\" content=\"\u0160is hipoalerginis konservuotas pa\u0161aras su triu\u0161iena yra puikus pasirinkimas suaugusiems \u0161unims, ypa\u010d tiems, kurie turi jautri\u0105 vir\u0161kinimo sistem\u0105. Vieno baltym\u0173 \u0161altinio receptas be gr\u016bd\u0173 ir glitimo u\u017etikrina puik\u0173 vir\u0161kinamum\u0105 ir subalansuot\u0105 mityb\u0105.\" \/>\n<meta property=\"og:url\" content=\"https:\/\/anivet.lt\/elparduotuve\/produktas\/calibra-life-dog-can-sensitive-rabbit-400g-suaugusiems-sunims-su-triusiena-ir-lasisu-aliejumi\/\" \/>\n<meta property=\"og:site_name\" content=\"anivet.lt\" \/>\n<meta property=\"article:modified_time\" content=\"2026-03-27T16:36:47+00:00\" \/>\n<meta property=\"og:image\" content=\"https:\/\/anivet.lt\/elparduotuve\/wp-content\/uploads\/2023\/07\/2132-calibra-life-dog-konzerva-400g-sensitive-rabbit.webp\" \/>\n\t<meta property=\"og:image:width\" content=\"1920\" \/>\n\t<meta property=\"og:image:height\" content=\"1920\" \/>\n\t<meta property=\"og:image:type\" content=\"image\/webp\" \/>\n<meta name=\"twitter:card\" content=\"summary_large_image\" \/>\n<meta name=\"twitter:label1\" content=\"Est. reading time\" \/>\n\t<meta name=\"twitter:data1\" content=\"1 minut\u0117\" \/>\n<script type=\"application\/ld+json\" class=\"yoast-schema-graph\">{\"@context\":\"https:\\\/\\\/schema.org\",\"@graph\":[{\"@type\":\"WebPage\",\"@id\":\"https:\\\/\\\/anivet.lt\\\/elparduotuve\\\/produktas\\\/calibra-life-dog-can-sensitive-rabbit-400g-suaugusiems-sunims-su-triusiena-ir-lasisu-aliejumi\\\/\",\"url\":\"https:\\\/\\\/anivet.lt\\\/elparduotuve\\\/produktas\\\/calibra-life-dog-can-sensitive-rabbit-400g-suaugusiems-sunims-su-triusiena-ir-lasisu-aliejumi\\\/\",\"name\":\"CALIBRA LIFE Dog can Sensitive Rabbit 400g suaugusiems \u0161unims su triu\u0161iena ir la\u0161i\u0161\u0173 aliejumi - anivet.lt\",\"isPartOf\":{\"@id\":\"https:\\\/\\\/anivet.lt\\\/elparduotuve\\\/#website\"},\"primaryImageOfPage\":{\"@id\":\"https:\\\/\\\/anivet.lt\\\/elparduotuve\\\/produktas\\\/calibra-life-dog-can-sensitive-rabbit-400g-suaugusiems-sunims-su-triusiena-ir-lasisu-aliejumi\\\/#primaryimage\"},\"image\":{\"@id\":\"https:\\\/\\\/anivet.lt\\\/elparduotuve\\\/produktas\\\/calibra-life-dog-can-sensitive-rabbit-400g-suaugusiems-sunims-su-triusiena-ir-lasisu-aliejumi\\\/#primaryimage\"},\"thumbnailUrl\":\"https:\\\/\\\/anivet.lt\\\/elparduotuve\\\/wp-content\\\/uploads\\\/2023\\\/07\\\/2132-calibra-life-dog-konzerva-400g-sensitive-rabbit.webp\",\"datePublished\":\"2023-07-27T13:15:34+00:00\",\"dateModified\":\"2026-03-27T16:36:47+00:00\",\"description\":\"\u0160is hipoalerginis konservuotas pa\u0161aras su triu\u0161iena yra puikus pasirinkimas suaugusiems \u0161unims, ypa\u010d tiems, kurie turi jautri\u0105 vir\u0161kinimo sistem\u0105. Vieno baltym\u0173 \u0161altinio receptas be gr\u016bd\u0173 ir glitimo u\u017etikrina puik\u0173 vir\u0161kinamum\u0105 ir subalansuot\u0105 mityb\u0105.\",\"breadcrumb\":{\"@id\":\"https:\\\/\\\/anivet.lt\\\/elparduotuve\\\/produktas\\\/calibra-life-dog-can-sensitive-rabbit-400g-suaugusiems-sunims-su-triusiena-ir-lasisu-aliejumi\\\/#breadcrumb\"},\"inLanguage\":\"lt-LT\",\"potentialAction\":[{\"@type\":\"ReadAction\",\"target\":[\"https:\\\/\\\/anivet.lt\\\/elparduotuve\\\/produktas\\\/calibra-life-dog-can-sensitive-rabbit-400g-suaugusiems-sunims-su-triusiena-ir-lasisu-aliejumi\\\/\"]}]},{\"@type\":\"ImageObject\",\"inLanguage\":\"lt-LT\",\"@id\":\"https:\\\/\\\/anivet.lt\\\/elparduotuve\\\/produktas\\\/calibra-life-dog-can-sensitive-rabbit-400g-suaugusiems-sunims-su-triusiena-ir-lasisu-aliejumi\\\/#primaryimage\",\"url\":\"https:\\\/\\\/anivet.lt\\\/elparduotuve\\\/wp-content\\\/uploads\\\/2023\\\/07\\\/2132-calibra-life-dog-konzerva-400g-sensitive-rabbit.webp\",\"contentUrl\":\"https:\\\/\\\/anivet.lt\\\/elparduotuve\\\/wp-content\\\/uploads\\\/2023\\\/07\\\/2132-calibra-life-dog-konzerva-400g-sensitive-rabbit.webp\",\"width\":1920,\"height\":1920,\"caption\":\"CALIBRA LIFE Dog can Sensitive Rabbit 400g suaugusiems \u0161unims su triu\u0161iena ir la\u0161i\u0161\u0173 aliejumi\"},{\"@type\":\"BreadcrumbList\",\"@id\":\"https:\\\/\\\/anivet.lt\\\/elparduotuve\\\/produktas\\\/calibra-life-dog-can-sensitive-rabbit-400g-suaugusiems-sunims-su-triusiena-ir-lasisu-aliejumi\\\/#breadcrumb\",\"itemListElement\":[{\"@type\":\"ListItem\",\"position\":1,\"name\":\"Home\",\"item\":\"https:\\\/\\\/anivet.lt\\\/elparduotuve\\\/\"},{\"@type\":\"ListItem\",\"position\":2,\"name\":\"Produktai\",\"item\":\"https:\\\/\\\/anivet.lt\\\/elparduotuve\\\/produktai\\\/\"},{\"@type\":\"ListItem\",\"position\":3,\"name\":\"CALIBRA LIFE Dog can Sensitive Rabbit 400g suaugusiems \u0161unims su triu\u0161iena ir la\u0161i\u0161\u0173 aliejumi\"}]},{\"@type\":\"WebSite\",\"@id\":\"https:\\\/\\\/anivet.lt\\\/elparduotuve\\\/#website\",\"url\":\"https:\\\/\\\/anivet.lt\\\/elparduotuve\\\/\",\"name\":\"anivet.lt\",\"description\":\"Viskas J\u016bs\u0173 \u0161uns, kat\u0117s prie\u017ei\u016brai\",\"publisher\":{\"@id\":\"https:\\\/\\\/anivet.lt\\\/elparduotuve\\\/#organization\"},\"alternateName\":\"Viskas J\u016bs\u0173 \u0161uns, kat\u0117s prie\u017ei\u016brai\",\"potentialAction\":[{\"@type\":\"SearchAction\",\"target\":{\"@type\":\"EntryPoint\",\"urlTemplate\":\"https:\\\/\\\/anivet.lt\\\/elparduotuve\\\/?s={search_term_string}\"},\"query-input\":{\"@type\":\"PropertyValueSpecification\",\"valueRequired\":true,\"valueName\":\"search_term_string\"}}],\"inLanguage\":\"lt-LT\"},{\"@type\":\"Organization\",\"@id\":\"https:\\\/\\\/anivet.lt\\\/elparduotuve\\\/#organization\",\"name\":\"Viskas J\u016bs\u0173 \u0161uns, kat\u0117s prie\u017ei\u016brai\",\"url\":\"https:\\\/\\\/anivet.lt\\\/elparduotuve\\\/\",\"logo\":{\"@type\":\"ImageObject\",\"inLanguage\":\"lt-LT\",\"@id\":\"https:\\\/\\\/anivet.lt\\\/elparduotuve\\\/#\\\/schema\\\/logo\\\/image\\\/\",\"url\":\"https:\\\/\\\/anivet.lt\\\/elparduotuve\\\/wp-content\\\/uploads\\\/2023\\\/06\\\/logo2.jpg\",\"contentUrl\":\"https:\\\/\\\/anivet.lt\\\/elparduotuve\\\/wp-content\\\/uploads\\\/2023\\\/06\\\/logo2.jpg\",\"width\":655,\"height\":194,\"caption\":\"Viskas J\u016bs\u0173 \u0161uns, kat\u0117s prie\u017ei\u016brai\"},\"image\":{\"@id\":\"https:\\\/\\\/anivet.lt\\\/elparduotuve\\\/#\\\/schema\\\/logo\\\/image\\\/\"}}]}<\/script>\n<!-- \/ Yoast SEO Premium plugin. -->","yoast_head_json":{"title":"CALIBRA LIFE Dog can Sensitive Rabbit 400g suaugusiems \u0161unims su triu\u0161iena ir la\u0161i\u0161\u0173 aliejumi - anivet.lt","description":"\u0160is hipoalerginis konservuotas pa\u0161aras su triu\u0161iena yra puikus pasirinkimas suaugusiems \u0161unims, ypa\u010d tiems, kurie turi jautri\u0105 vir\u0161kinimo sistem\u0105. Vieno baltym\u0173 \u0161altinio receptas be gr\u016bd\u0173 ir glitimo u\u017etikrina puik\u0173 vir\u0161kinamum\u0105 ir subalansuot\u0105 mityb\u0105.","robots":{"index":"index","follow":"follow","max-snippet":"max-snippet:-1","max-image-preview":"max-image-preview:large","max-video-preview":"max-video-preview:-1"},"canonical":"https:\/\/anivet.lt\/elparduotuve\/produktas\/calibra-life-dog-can-sensitive-rabbit-400g-suaugusiems-sunims-su-triusiena-ir-lasisu-aliejumi\/","og_locale":"lt_LT","og_type":"article","og_title":"CALIBRA LIFE Dog can Sensitive Rabbit 400g suaugusiems \u0161unims su triu\u0161iena ir la\u0161i\u0161\u0173 aliejumi","og_description":"\u0160is hipoalerginis konservuotas pa\u0161aras su triu\u0161iena yra puikus pasirinkimas suaugusiems \u0161unims, ypa\u010d tiems, kurie turi jautri\u0105 vir\u0161kinimo sistem\u0105. Vieno baltym\u0173 \u0161altinio receptas be gr\u016bd\u0173 ir glitimo u\u017etikrina puik\u0173 vir\u0161kinamum\u0105 ir subalansuot\u0105 mityb\u0105.","og_url":"https:\/\/anivet.lt\/elparduotuve\/produktas\/calibra-life-dog-can-sensitive-rabbit-400g-suaugusiems-sunims-su-triusiena-ir-lasisu-aliejumi\/","og_site_name":"anivet.lt","article_modified_time":"2026-03-27T16:36:47+00:00","og_image":[{"width":1920,"height":1920,"url":"https:\/\/anivet.lt\/elparduotuve\/wp-content\/uploads\/2023\/07\/2132-calibra-life-dog-konzerva-400g-sensitive-rabbit.webp","type":"image\/webp"}],"twitter_card":"summary_large_image","twitter_misc":{"Est. reading time":"1 minut\u0117"},"schema":{"@context":"https:\/\/schema.org","@graph":[{"@type":"WebPage","@id":"https:\/\/anivet.lt\/elparduotuve\/produktas\/calibra-life-dog-can-sensitive-rabbit-400g-suaugusiems-sunims-su-triusiena-ir-lasisu-aliejumi\/","url":"https:\/\/anivet.lt\/elparduotuve\/produktas\/calibra-life-dog-can-sensitive-rabbit-400g-suaugusiems-sunims-su-triusiena-ir-lasisu-aliejumi\/","name":"CALIBRA LIFE Dog can Sensitive Rabbit 400g suaugusiems \u0161unims su triu\u0161iena ir la\u0161i\u0161\u0173 aliejumi - anivet.lt","isPartOf":{"@id":"https:\/\/anivet.lt\/elparduotuve\/#website"},"primaryImageOfPage":{"@id":"https:\/\/anivet.lt\/elparduotuve\/produktas\/calibra-life-dog-can-sensitive-rabbit-400g-suaugusiems-sunims-su-triusiena-ir-lasisu-aliejumi\/#primaryimage"},"image":{"@id":"https:\/\/anivet.lt\/elparduotuve\/produktas\/calibra-life-dog-can-sensitive-rabbit-400g-suaugusiems-sunims-su-triusiena-ir-lasisu-aliejumi\/#primaryimage"},"thumbnailUrl":"https:\/\/anivet.lt\/elparduotuve\/wp-content\/uploads\/2023\/07\/2132-calibra-life-dog-konzerva-400g-sensitive-rabbit.webp","datePublished":"2023-07-27T13:15:34+00:00","dateModified":"2026-03-27T16:36:47+00:00","description":"\u0160is hipoalerginis konservuotas pa\u0161aras su triu\u0161iena yra puikus pasirinkimas suaugusiems \u0161unims, ypa\u010d tiems, kurie turi jautri\u0105 vir\u0161kinimo sistem\u0105. Vieno baltym\u0173 \u0161altinio receptas be gr\u016bd\u0173 ir glitimo u\u017etikrina puik\u0173 vir\u0161kinamum\u0105 ir subalansuot\u0105 mityb\u0105.","breadcrumb":{"@id":"https:\/\/anivet.lt\/elparduotuve\/produktas\/calibra-life-dog-can-sensitive-rabbit-400g-suaugusiems-sunims-su-triusiena-ir-lasisu-aliejumi\/#breadcrumb"},"inLanguage":"lt-LT","potentialAction":[{"@type":"ReadAction","target":["https:\/\/anivet.lt\/elparduotuve\/produktas\/calibra-life-dog-can-sensitive-rabbit-400g-suaugusiems-sunims-su-triusiena-ir-lasisu-aliejumi\/"]}]},{"@type":"ImageObject","inLanguage":"lt-LT","@id":"https:\/\/anivet.lt\/elparduotuve\/produktas\/calibra-life-dog-can-sensitive-rabbit-400g-suaugusiems-sunims-su-triusiena-ir-lasisu-aliejumi\/#primaryimage","url":"https:\/\/anivet.lt\/elparduotuve\/wp-content\/uploads\/2023\/07\/2132-calibra-life-dog-konzerva-400g-sensitive-rabbit.webp","contentUrl":"https:\/\/anivet.lt\/elparduotuve\/wp-content\/uploads\/2023\/07\/2132-calibra-life-dog-konzerva-400g-sensitive-rabbit.webp","width":1920,"height":1920,"caption":"CALIBRA LIFE Dog can Sensitive Rabbit 400g suaugusiems \u0161unims su triu\u0161iena ir la\u0161i\u0161\u0173 aliejumi"},{"@type":"BreadcrumbList","@id":"https:\/\/anivet.lt\/elparduotuve\/produktas\/calibra-life-dog-can-sensitive-rabbit-400g-suaugusiems-sunims-su-triusiena-ir-lasisu-aliejumi\/#breadcrumb","itemListElement":[{"@type":"ListItem","position":1,"name":"Home","item":"https:\/\/anivet.lt\/elparduotuve\/"},{"@type":"ListItem","position":2,"name":"Produktai","item":"https:\/\/anivet.lt\/elparduotuve\/produktai\/"},{"@type":"ListItem","position":3,"name":"CALIBRA LIFE Dog can Sensitive Rabbit 400g suaugusiems \u0161unims su triu\u0161iena ir la\u0161i\u0161\u0173 aliejumi"}]},{"@type":"WebSite","@id":"https:\/\/anivet.lt\/elparduotuve\/#website","url":"https:\/\/anivet.lt\/elparduotuve\/","name":"anivet.lt","description":"Viskas J\u016bs\u0173 \u0161uns, kat\u0117s prie\u017ei\u016brai","publisher":{"@id":"https:\/\/anivet.lt\/elparduotuve\/#organization"},"alternateName":"Viskas J\u016bs\u0173 \u0161uns, kat\u0117s prie\u017ei\u016brai","potentialAction":[{"@type":"SearchAction","target":{"@type":"EntryPoint","urlTemplate":"https:\/\/anivet.lt\/elparduotuve\/?s={search_term_string}"},"query-input":{"@type":"PropertyValueSpecification","valueRequired":true,"valueName":"search_term_string"}}],"inLanguage":"lt-LT"},{"@type":"Organization","@id":"https:\/\/anivet.lt\/elparduotuve\/#organization","name":"Viskas J\u016bs\u0173 \u0161uns, kat\u0117s prie\u017ei\u016brai","url":"https:\/\/anivet.lt\/elparduotuve\/","logo":{"@type":"ImageObject","inLanguage":"lt-LT","@id":"https:\/\/anivet.lt\/elparduotuve\/#\/schema\/logo\/image\/","url":"https:\/\/anivet.lt\/elparduotuve\/wp-content\/uploads\/2023\/06\/logo2.jpg","contentUrl":"https:\/\/anivet.lt\/elparduotuve\/wp-content\/uploads\/2023\/06\/logo2.jpg","width":655,"height":194,"caption":"Viskas J\u016bs\u0173 \u0161uns, kat\u0117s prie\u017ei\u016brai"},"image":{"@id":"https:\/\/anivet.lt\/elparduotuve\/#\/schema\/logo\/image\/"}}]}},"_links":{"self":[{"href":"https:\/\/anivet.lt\/elparduotuve\/wp-json\/wp\/v2\/product\/10914","targetHints":{"allow":["GET"]}}],"collection":[{"href":"https:\/\/anivet.lt\/elparduotuve\/wp-json\/wp\/v2\/product"}],"about":[{"href":"https:\/\/anivet.lt\/elparduotuve\/wp-json\/wp\/v2\/types\/product"}],"wp:featuredmedia":[{"embeddable":true,"href":"https:\/\/anivet.lt\/elparduotuve\/wp-json\/wp\/v2\/media\/10915"}],"wp:attachment":[{"href":"https:\/\/anivet.lt\/elparduotuve\/wp-json\/wp\/v2\/media?parent=10914"}],"wp:term":[{"taxonomy":"product_brand","embeddable":true,"href":"https:\/\/anivet.lt\/elparduotuve\/wp-json\/wp\/v2\/product_brand?post=10914"},{"taxonomy":"product_cat","embeddable":true,"href":"https:\/\/anivet.lt\/elparduotuve\/wp-json\/wp\/v2\/product_cat?post=10914"},{"taxonomy":"product_tag","embeddable":true,"href":"https:\/\/anivet.lt\/elparduotuve\/wp-json\/wp\/v2\/product_tag?post=10914"}],"curies":[{"name":"wp","href":"https:\/\/api.w.org\/{rel}","templated":true}]}}