{"id":10916,"date":"2023-07-27T13:28:06","date_gmt":"2023-07-27T13:28:06","guid":{"rendered":"https:\/\/anivet.lt\/elparduotuve\/?post_type=product&#038;p=10916"},"modified":"2025-05-27T13:15:31","modified_gmt":"2025-05-27T13:15:31","slug":"calibra-life-dog-can-sensitive-salmon-with-rice-400g-suaugusiems-sunims-su-lasisa-ir-ryziais","status":"publish","type":"product","link":"https:\/\/anivet.lt\/elparduotuve\/produktas\/calibra-life-dog-can-sensitive-salmon-with-rice-400g-suaugusiems-sunims-su-lasisa-ir-ryziais\/","title":{"rendered":"CALIBRA LIFE Dog can Sensitive Salmon with rice 400g suaugusiems \u0161unims su la\u0161i\u0161a ir ry\u017eiais"},"content":{"rendered":"<ul>\n<li style=\"font-weight: 400;\" aria-level=\"1\"><span style=\"font-weight: 400;\">Vieno baltymo \u0161altinis: Sud\u0117tyje 70 % la\u0161i\u0161os, u\u017etikrinan\u010dios lengv\u0105 \u012fsisavinim\u0105.<\/span><\/li>\n<li style=\"font-weight: 400;\" aria-level=\"1\"><span style=\"font-weight: 400;\">Praturtintas la\u0161i\u0161\u0173 aliejumi: Omega-3 riebal\u0173 r\u016bg\u0161tys palaiko sveik\u0105 od\u0105, kail\u012f ir smegen\u0173 veikl\u0105.<\/span><\/li>\n<li style=\"font-weight: 400;\" aria-level=\"1\"><span style=\"font-weight: 400;\">Hipoalerginis receptas: Sud\u0117tyje n\u0117ra kvie\u010di\u0173, glitimo, kukur\u016bz\u0173, soj\u0173 ar GMO.<\/span><\/li>\n<li style=\"font-weight: 400;\" aria-level=\"1\"><span style=\"font-weight: 400;\">Ma\u017eas ry\u017ei\u0173 kiekis: Padeda gerinti vir\u0161kinimo funkcij\u0105.<\/span><\/li>\n<li style=\"font-weight: 400;\" aria-level=\"1\"><span style=\"font-weight: 400;\">D\u017eiovinti j\u016bros dumbliai: Nat\u016bralus DHR omega-3 riebal\u0173 r\u016bg\u0161\u010di\u0173 \u0161altinis, naudingas smegen\u0173 veiklai.<\/span><\/li>\n<\/ul>\n<p><span style=\"font-weight: 400;\">\u0160is pa\u0161aras puikiai tinka jautriems ar vir\u0161kinimo sutrikim\u0173 turintiems \u0161unims. Subalansuota sud\u0117tis ir kokybi\u0161ki ingredientai u\u017etikrina ger\u0105 sveikat\u0105 bei optimal\u0173 gyv\u016bno komfort\u0105.<\/span><\/p>\n","protected":false},"excerpt":{"rendered":"<p><span style=\"font-weight: 400;\">Visavertis konservuotas pa\u0161aras su la\u0161i\u0161a ir ry\u017eiais, skirtas suaugusiems bei jautri\u0105 vir\u0161kinimo sistem\u0105 turintiems \u0161unims. \u0160is hipoalerginis pa\u0161aras u\u017etikrina puik\u0173 vir\u0161kinim\u0105 d\u0117l riboto ingredient\u0173 kiekio ir auk\u0161\u010diausios kokyb\u0117s sud\u0117ties.<\/span><\/p>\n","protected":false},"featured_media":10918,"template":"","meta":[],"product_brand":[],"product_cat":[101,103,105,332],"product_tag":[],"class_list":{"0":"post-10916","1":"product","2":"type-product","3":"status-publish","4":"has-post-thumbnail","6":"product_cat-sunims","7":"product_cat-sunu-maistas","8":"product_cat-konservai","9":"product_cat-calibra-sunu-maistas","10":"pa_prekinis-zenklas-calibra","12":"first","13":"instock","14":"taxable","15":"shipping-taxable","16":"purchasable","17":"product-type-simple"},"yoast_head":"<!-- This site is optimized with the Yoast SEO Premium plugin v27.1 (Yoast SEO v27.3) - https:\/\/yoast.com\/product\/yoast-seo-premium-wordpress\/ -->\n<title>CALIBRA LIFE Dog can Sensitive Salmon with rice 400g suaugusiems \u0161unims su la\u0161i\u0161a ir ry\u017eiais - anivet.lt<\/title>\n<meta name=\"description\" content=\"Visavertis konservuotas pa\u0161aras su la\u0161i\u0161a ir ry\u017eiais, skirtas suaugusiems bei jautri\u0105 vir\u0161kinimo sistem\u0105 turintiems \u0161unims. \u0160is hipoalerginis pa\u0161aras u\u017etikrina puik\u0173 vir\u0161kinim\u0105 d\u0117l riboto ingredient\u0173 kiekio ir auk\u0161\u010diausios kokyb\u0117s sud\u0117ties.\" \/>\n<meta name=\"robots\" content=\"index, follow, max-snippet:-1, max-image-preview:large, max-video-preview:-1\" \/>\n<link rel=\"canonical\" href=\"https:\/\/anivet.lt\/elparduotuve\/produktas\/calibra-life-dog-can-sensitive-salmon-with-rice-400g-suaugusiems-sunims-su-lasisa-ir-ryziais\/\" \/>\n<meta property=\"og:locale\" content=\"lt_LT\" \/>\n<meta property=\"og:type\" content=\"article\" \/>\n<meta property=\"og:title\" content=\"CALIBRA LIFE Dog can Sensitive Salmon with rice 400g suaugusiems \u0161unims su la\u0161i\u0161a ir ry\u017eiais\" \/>\n<meta property=\"og:description\" content=\"Visavertis konservuotas pa\u0161aras su la\u0161i\u0161a ir ry\u017eiais, skirtas suaugusiems bei jautri\u0105 vir\u0161kinimo sistem\u0105 turintiems \u0161unims. \u0160is hipoalerginis pa\u0161aras u\u017etikrina puik\u0173 vir\u0161kinim\u0105 d\u0117l riboto ingredient\u0173 kiekio ir auk\u0161\u010diausios kokyb\u0117s sud\u0117ties.\" \/>\n<meta property=\"og:url\" content=\"https:\/\/anivet.lt\/elparduotuve\/produktas\/calibra-life-dog-can-sensitive-salmon-with-rice-400g-suaugusiems-sunims-su-lasisa-ir-ryziais\/\" \/>\n<meta property=\"og:site_name\" content=\"anivet.lt\" \/>\n<meta property=\"article:modified_time\" content=\"2025-05-27T13:15:31+00:00\" \/>\n<meta property=\"og:image\" content=\"https:\/\/anivet.lt\/elparduotuve\/wp-content\/uploads\/2023\/07\/2087-calibra-life-dog-konzerva-400g-sensitive-salmon.webp\" \/>\n\t<meta property=\"og:image:width\" content=\"1920\" \/>\n\t<meta property=\"og:image:height\" content=\"1920\" \/>\n\t<meta property=\"og:image:type\" content=\"image\/webp\" \/>\n<meta name=\"twitter:card\" content=\"summary_large_image\" \/>\n<meta name=\"twitter:label1\" content=\"Est. reading time\" \/>\n\t<meta name=\"twitter:data1\" content=\"1 minut\u0117\" \/>\n<script type=\"application\/ld+json\" class=\"yoast-schema-graph\">{\"@context\":\"https:\\\/\\\/schema.org\",\"@graph\":[{\"@type\":\"WebPage\",\"@id\":\"https:\\\/\\\/anivet.lt\\\/elparduotuve\\\/produktas\\\/calibra-life-dog-can-sensitive-salmon-with-rice-400g-suaugusiems-sunims-su-lasisa-ir-ryziais\\\/\",\"url\":\"https:\\\/\\\/anivet.lt\\\/elparduotuve\\\/produktas\\\/calibra-life-dog-can-sensitive-salmon-with-rice-400g-suaugusiems-sunims-su-lasisa-ir-ryziais\\\/\",\"name\":\"CALIBRA LIFE Dog can Sensitive Salmon with rice 400g suaugusiems \u0161unims su la\u0161i\u0161a ir ry\u017eiais - anivet.lt\",\"isPartOf\":{\"@id\":\"https:\\\/\\\/anivet.lt\\\/elparduotuve\\\/#website\"},\"primaryImageOfPage\":{\"@id\":\"https:\\\/\\\/anivet.lt\\\/elparduotuve\\\/produktas\\\/calibra-life-dog-can-sensitive-salmon-with-rice-400g-suaugusiems-sunims-su-lasisa-ir-ryziais\\\/#primaryimage\"},\"image\":{\"@id\":\"https:\\\/\\\/anivet.lt\\\/elparduotuve\\\/produktas\\\/calibra-life-dog-can-sensitive-salmon-with-rice-400g-suaugusiems-sunims-su-lasisa-ir-ryziais\\\/#primaryimage\"},\"thumbnailUrl\":\"https:\\\/\\\/anivet.lt\\\/elparduotuve\\\/wp-content\\\/uploads\\\/2023\\\/07\\\/2087-calibra-life-dog-konzerva-400g-sensitive-salmon.webp\",\"datePublished\":\"2023-07-27T13:28:06+00:00\",\"dateModified\":\"2025-05-27T13:15:31+00:00\",\"description\":\"Visavertis konservuotas pa\u0161aras su la\u0161i\u0161a ir ry\u017eiais, skirtas suaugusiems bei jautri\u0105 vir\u0161kinimo sistem\u0105 turintiems \u0161unims. \u0160is hipoalerginis pa\u0161aras u\u017etikrina puik\u0173 vir\u0161kinim\u0105 d\u0117l riboto ingredient\u0173 kiekio ir auk\u0161\u010diausios kokyb\u0117s sud\u0117ties.\",\"breadcrumb\":{\"@id\":\"https:\\\/\\\/anivet.lt\\\/elparduotuve\\\/produktas\\\/calibra-life-dog-can-sensitive-salmon-with-rice-400g-suaugusiems-sunims-su-lasisa-ir-ryziais\\\/#breadcrumb\"},\"inLanguage\":\"lt-LT\",\"potentialAction\":[{\"@type\":\"ReadAction\",\"target\":[\"https:\\\/\\\/anivet.lt\\\/elparduotuve\\\/produktas\\\/calibra-life-dog-can-sensitive-salmon-with-rice-400g-suaugusiems-sunims-su-lasisa-ir-ryziais\\\/\"]}]},{\"@type\":\"ImageObject\",\"inLanguage\":\"lt-LT\",\"@id\":\"https:\\\/\\\/anivet.lt\\\/elparduotuve\\\/produktas\\\/calibra-life-dog-can-sensitive-salmon-with-rice-400g-suaugusiems-sunims-su-lasisa-ir-ryziais\\\/#primaryimage\",\"url\":\"https:\\\/\\\/anivet.lt\\\/elparduotuve\\\/wp-content\\\/uploads\\\/2023\\\/07\\\/2087-calibra-life-dog-konzerva-400g-sensitive-salmon.webp\",\"contentUrl\":\"https:\\\/\\\/anivet.lt\\\/elparduotuve\\\/wp-content\\\/uploads\\\/2023\\\/07\\\/2087-calibra-life-dog-konzerva-400g-sensitive-salmon.webp\",\"width\":1920,\"height\":1920,\"caption\":\"CALIBRA LIFE Dog can Sensitive Salmon with rice 400g suaugusiems \u0161unims su la\u0161i\u0161a ir ry\u017eiais\"},{\"@type\":\"BreadcrumbList\",\"@id\":\"https:\\\/\\\/anivet.lt\\\/elparduotuve\\\/produktas\\\/calibra-life-dog-can-sensitive-salmon-with-rice-400g-suaugusiems-sunims-su-lasisa-ir-ryziais\\\/#breadcrumb\",\"itemListElement\":[{\"@type\":\"ListItem\",\"position\":1,\"name\":\"Home\",\"item\":\"https:\\\/\\\/anivet.lt\\\/elparduotuve\\\/\"},{\"@type\":\"ListItem\",\"position\":2,\"name\":\"Produktai\",\"item\":\"https:\\\/\\\/anivet.lt\\\/elparduotuve\\\/produktai\\\/\"},{\"@type\":\"ListItem\",\"position\":3,\"name\":\"CALIBRA LIFE Dog can Sensitive Salmon with rice 400g suaugusiems \u0161unims su la\u0161i\u0161a ir ry\u017eiais\"}]},{\"@type\":\"WebSite\",\"@id\":\"https:\\\/\\\/anivet.lt\\\/elparduotuve\\\/#website\",\"url\":\"https:\\\/\\\/anivet.lt\\\/elparduotuve\\\/\",\"name\":\"anivet.lt\",\"description\":\"Viskas J\u016bs\u0173 \u0161uns, kat\u0117s prie\u017ei\u016brai\",\"publisher\":{\"@id\":\"https:\\\/\\\/anivet.lt\\\/elparduotuve\\\/#organization\"},\"alternateName\":\"Viskas J\u016bs\u0173 \u0161uns, kat\u0117s prie\u017ei\u016brai\",\"potentialAction\":[{\"@type\":\"SearchAction\",\"target\":{\"@type\":\"EntryPoint\",\"urlTemplate\":\"https:\\\/\\\/anivet.lt\\\/elparduotuve\\\/?s={search_term_string}\"},\"query-input\":{\"@type\":\"PropertyValueSpecification\",\"valueRequired\":true,\"valueName\":\"search_term_string\"}}],\"inLanguage\":\"lt-LT\"},{\"@type\":\"Organization\",\"@id\":\"https:\\\/\\\/anivet.lt\\\/elparduotuve\\\/#organization\",\"name\":\"Viskas J\u016bs\u0173 \u0161uns, kat\u0117s prie\u017ei\u016brai\",\"url\":\"https:\\\/\\\/anivet.lt\\\/elparduotuve\\\/\",\"logo\":{\"@type\":\"ImageObject\",\"inLanguage\":\"lt-LT\",\"@id\":\"https:\\\/\\\/anivet.lt\\\/elparduotuve\\\/#\\\/schema\\\/logo\\\/image\\\/\",\"url\":\"https:\\\/\\\/anivet.lt\\\/elparduotuve\\\/wp-content\\\/uploads\\\/2023\\\/06\\\/logo2.jpg\",\"contentUrl\":\"https:\\\/\\\/anivet.lt\\\/elparduotuve\\\/wp-content\\\/uploads\\\/2023\\\/06\\\/logo2.jpg\",\"width\":655,\"height\":194,\"caption\":\"Viskas J\u016bs\u0173 \u0161uns, kat\u0117s prie\u017ei\u016brai\"},\"image\":{\"@id\":\"https:\\\/\\\/anivet.lt\\\/elparduotuve\\\/#\\\/schema\\\/logo\\\/image\\\/\"}}]}<\/script>\n<!-- \/ Yoast SEO Premium plugin. -->","yoast_head_json":{"title":"CALIBRA LIFE Dog can Sensitive Salmon with rice 400g suaugusiems \u0161unims su la\u0161i\u0161a ir ry\u017eiais - anivet.lt","description":"Visavertis konservuotas pa\u0161aras su la\u0161i\u0161a ir ry\u017eiais, skirtas suaugusiems bei jautri\u0105 vir\u0161kinimo sistem\u0105 turintiems \u0161unims. \u0160is hipoalerginis pa\u0161aras u\u017etikrina puik\u0173 vir\u0161kinim\u0105 d\u0117l riboto ingredient\u0173 kiekio ir auk\u0161\u010diausios kokyb\u0117s sud\u0117ties.","robots":{"index":"index","follow":"follow","max-snippet":"max-snippet:-1","max-image-preview":"max-image-preview:large","max-video-preview":"max-video-preview:-1"},"canonical":"https:\/\/anivet.lt\/elparduotuve\/produktas\/calibra-life-dog-can-sensitive-salmon-with-rice-400g-suaugusiems-sunims-su-lasisa-ir-ryziais\/","og_locale":"lt_LT","og_type":"article","og_title":"CALIBRA LIFE Dog can Sensitive Salmon with rice 400g suaugusiems \u0161unims su la\u0161i\u0161a ir ry\u017eiais","og_description":"Visavertis konservuotas pa\u0161aras su la\u0161i\u0161a ir ry\u017eiais, skirtas suaugusiems bei jautri\u0105 vir\u0161kinimo sistem\u0105 turintiems \u0161unims. \u0160is hipoalerginis pa\u0161aras u\u017etikrina puik\u0173 vir\u0161kinim\u0105 d\u0117l riboto ingredient\u0173 kiekio ir auk\u0161\u010diausios kokyb\u0117s sud\u0117ties.","og_url":"https:\/\/anivet.lt\/elparduotuve\/produktas\/calibra-life-dog-can-sensitive-salmon-with-rice-400g-suaugusiems-sunims-su-lasisa-ir-ryziais\/","og_site_name":"anivet.lt","article_modified_time":"2025-05-27T13:15:31+00:00","og_image":[{"width":1920,"height":1920,"url":"https:\/\/anivet.lt\/elparduotuve\/wp-content\/uploads\/2023\/07\/2087-calibra-life-dog-konzerva-400g-sensitive-salmon.webp","type":"image\/webp"}],"twitter_card":"summary_large_image","twitter_misc":{"Est. reading time":"1 minut\u0117"},"schema":{"@context":"https:\/\/schema.org","@graph":[{"@type":"WebPage","@id":"https:\/\/anivet.lt\/elparduotuve\/produktas\/calibra-life-dog-can-sensitive-salmon-with-rice-400g-suaugusiems-sunims-su-lasisa-ir-ryziais\/","url":"https:\/\/anivet.lt\/elparduotuve\/produktas\/calibra-life-dog-can-sensitive-salmon-with-rice-400g-suaugusiems-sunims-su-lasisa-ir-ryziais\/","name":"CALIBRA LIFE Dog can Sensitive Salmon with rice 400g suaugusiems \u0161unims su la\u0161i\u0161a ir ry\u017eiais - anivet.lt","isPartOf":{"@id":"https:\/\/anivet.lt\/elparduotuve\/#website"},"primaryImageOfPage":{"@id":"https:\/\/anivet.lt\/elparduotuve\/produktas\/calibra-life-dog-can-sensitive-salmon-with-rice-400g-suaugusiems-sunims-su-lasisa-ir-ryziais\/#primaryimage"},"image":{"@id":"https:\/\/anivet.lt\/elparduotuve\/produktas\/calibra-life-dog-can-sensitive-salmon-with-rice-400g-suaugusiems-sunims-su-lasisa-ir-ryziais\/#primaryimage"},"thumbnailUrl":"https:\/\/anivet.lt\/elparduotuve\/wp-content\/uploads\/2023\/07\/2087-calibra-life-dog-konzerva-400g-sensitive-salmon.webp","datePublished":"2023-07-27T13:28:06+00:00","dateModified":"2025-05-27T13:15:31+00:00","description":"Visavertis konservuotas pa\u0161aras su la\u0161i\u0161a ir ry\u017eiais, skirtas suaugusiems bei jautri\u0105 vir\u0161kinimo sistem\u0105 turintiems \u0161unims. \u0160is hipoalerginis pa\u0161aras u\u017etikrina puik\u0173 vir\u0161kinim\u0105 d\u0117l riboto ingredient\u0173 kiekio ir auk\u0161\u010diausios kokyb\u0117s sud\u0117ties.","breadcrumb":{"@id":"https:\/\/anivet.lt\/elparduotuve\/produktas\/calibra-life-dog-can-sensitive-salmon-with-rice-400g-suaugusiems-sunims-su-lasisa-ir-ryziais\/#breadcrumb"},"inLanguage":"lt-LT","potentialAction":[{"@type":"ReadAction","target":["https:\/\/anivet.lt\/elparduotuve\/produktas\/calibra-life-dog-can-sensitive-salmon-with-rice-400g-suaugusiems-sunims-su-lasisa-ir-ryziais\/"]}]},{"@type":"ImageObject","inLanguage":"lt-LT","@id":"https:\/\/anivet.lt\/elparduotuve\/produktas\/calibra-life-dog-can-sensitive-salmon-with-rice-400g-suaugusiems-sunims-su-lasisa-ir-ryziais\/#primaryimage","url":"https:\/\/anivet.lt\/elparduotuve\/wp-content\/uploads\/2023\/07\/2087-calibra-life-dog-konzerva-400g-sensitive-salmon.webp","contentUrl":"https:\/\/anivet.lt\/elparduotuve\/wp-content\/uploads\/2023\/07\/2087-calibra-life-dog-konzerva-400g-sensitive-salmon.webp","width":1920,"height":1920,"caption":"CALIBRA LIFE Dog can Sensitive Salmon with rice 400g suaugusiems \u0161unims su la\u0161i\u0161a ir ry\u017eiais"},{"@type":"BreadcrumbList","@id":"https:\/\/anivet.lt\/elparduotuve\/produktas\/calibra-life-dog-can-sensitive-salmon-with-rice-400g-suaugusiems-sunims-su-lasisa-ir-ryziais\/#breadcrumb","itemListElement":[{"@type":"ListItem","position":1,"name":"Home","item":"https:\/\/anivet.lt\/elparduotuve\/"},{"@type":"ListItem","position":2,"name":"Produktai","item":"https:\/\/anivet.lt\/elparduotuve\/produktai\/"},{"@type":"ListItem","position":3,"name":"CALIBRA LIFE Dog can Sensitive Salmon with rice 400g suaugusiems \u0161unims su la\u0161i\u0161a ir ry\u017eiais"}]},{"@type":"WebSite","@id":"https:\/\/anivet.lt\/elparduotuve\/#website","url":"https:\/\/anivet.lt\/elparduotuve\/","name":"anivet.lt","description":"Viskas J\u016bs\u0173 \u0161uns, kat\u0117s prie\u017ei\u016brai","publisher":{"@id":"https:\/\/anivet.lt\/elparduotuve\/#organization"},"alternateName":"Viskas J\u016bs\u0173 \u0161uns, kat\u0117s prie\u017ei\u016brai","potentialAction":[{"@type":"SearchAction","target":{"@type":"EntryPoint","urlTemplate":"https:\/\/anivet.lt\/elparduotuve\/?s={search_term_string}"},"query-input":{"@type":"PropertyValueSpecification","valueRequired":true,"valueName":"search_term_string"}}],"inLanguage":"lt-LT"},{"@type":"Organization","@id":"https:\/\/anivet.lt\/elparduotuve\/#organization","name":"Viskas J\u016bs\u0173 \u0161uns, kat\u0117s prie\u017ei\u016brai","url":"https:\/\/anivet.lt\/elparduotuve\/","logo":{"@type":"ImageObject","inLanguage":"lt-LT","@id":"https:\/\/anivet.lt\/elparduotuve\/#\/schema\/logo\/image\/","url":"https:\/\/anivet.lt\/elparduotuve\/wp-content\/uploads\/2023\/06\/logo2.jpg","contentUrl":"https:\/\/anivet.lt\/elparduotuve\/wp-content\/uploads\/2023\/06\/logo2.jpg","width":655,"height":194,"caption":"Viskas J\u016bs\u0173 \u0161uns, kat\u0117s prie\u017ei\u016brai"},"image":{"@id":"https:\/\/anivet.lt\/elparduotuve\/#\/schema\/logo\/image\/"}}]}},"_links":{"self":[{"href":"https:\/\/anivet.lt\/elparduotuve\/wp-json\/wp\/v2\/product\/10916","targetHints":{"allow":["GET"]}}],"collection":[{"href":"https:\/\/anivet.lt\/elparduotuve\/wp-json\/wp\/v2\/product"}],"about":[{"href":"https:\/\/anivet.lt\/elparduotuve\/wp-json\/wp\/v2\/types\/product"}],"wp:featuredmedia":[{"embeddable":true,"href":"https:\/\/anivet.lt\/elparduotuve\/wp-json\/wp\/v2\/media\/10918"}],"wp:attachment":[{"href":"https:\/\/anivet.lt\/elparduotuve\/wp-json\/wp\/v2\/media?parent=10916"}],"wp:term":[{"taxonomy":"product_brand","embeddable":true,"href":"https:\/\/anivet.lt\/elparduotuve\/wp-json\/wp\/v2\/product_brand?post=10916"},{"taxonomy":"product_cat","embeddable":true,"href":"https:\/\/anivet.lt\/elparduotuve\/wp-json\/wp\/v2\/product_cat?post=10916"},{"taxonomy":"product_tag","embeddable":true,"href":"https:\/\/anivet.lt\/elparduotuve\/wp-json\/wp\/v2\/product_tag?post=10916"}],"curies":[{"name":"wp","href":"https:\/\/api.w.org\/{rel}","templated":true}]}}