{"id":10926,"date":"2023-07-28T10:10:09","date_gmt":"2023-07-28T10:10:09","guid":{"rendered":"https:\/\/anivet.lt\/elparduotuve\/?post_type=product&#038;p=10926"},"modified":"2025-05-27T13:15:40","modified_gmt":"2025-05-27T13:15:40","slug":"caibra-joy-dog-classic-beef-sticks-80g-jautienos-lazdeles-sunims","status":"publish","type":"product","link":"https:\/\/anivet.lt\/elparduotuve\/produktas\/caibra-joy-dog-classic-beef-sticks-80g-jautienos-lazdeles-sunims\/","title":{"rendered":"Calibra joy dog classic beef sticks 80g jautienos lazdel\u0117s \u0161unims"},"content":{"rendered":"<ul>\n<li style=\"font-weight: 400;\" aria-level=\"1\"><span style=\"font-weight: 400;\">Auk\u0161tos kokyb\u0117s jautiena: Sud\u0117tyje esanti jautiena suteikia baltym\u0173 (45%), b\u016btin\u0173 \u0161uns energijai ir raumen\u0173 stiprinimui.<\/span><\/li>\n<li style=\"font-weight: 400;\" aria-level=\"1\"><span style=\"font-weight: 400;\">Lengvai vir\u0161kinamos: Paprasta sud\u0117tis, praturtinta glicerinu ir ry\u017ei\u0173 krakmolu, u\u017etikrina lengv\u0105 vir\u0161kinim\u0105.<\/span><\/li>\n<li style=\"font-weight: 400;\" aria-level=\"1\"><span style=\"font-weight: 400;\">Naudingos sudedamosios dalys: Lazdel\u0117s praturtintos nepakei\u010diamomis aminor\u016bg\u0161timis ir augaliniais baltymais, svarbiais sveikatai.<\/span><\/li>\n<li style=\"font-weight: 400;\" aria-level=\"1\"><span style=\"font-weight: 400;\">Dr\u0117gnos ir aromatingos: Didelis dr\u0117gm\u0117s kiekis (20%) u\u017etikrina puik\u0173 skon\u012f ir mink\u0161t\u0105 tekst\u016br\u0105.<\/span><\/li>\n<li style=\"font-weight: 400;\" aria-level=\"1\"><span style=\"font-weight: 400;\">Subalansuotas maistini\u0173 med\u017eiag\u0173 kiekis: Sud\u0117tyje yra 6% riebal\u0173, 3% l\u0105stelienos ir 5% mineralini\u0173 med\u017eiag\u0173, kurios palaiko \u0161uns bendr\u0105 sveikat\u0105.<\/span><\/li>\n<\/ul>\n<p><span style=\"font-weight: 400;\">\u0160ios jautienos lazdel\u0117s yra puikus pasirinkimas kasdieniams u\u017ekand\u017eiams arba kaip skan\u0117stas dres\u016bros metu. Sveikas ir gardus b\u016bdas prad\u017eiuginti savo \u0161un\u012f!<\/span><\/p>\n","protected":false},"excerpt":{"rendered":"<p><span style=\"font-weight: 400;\">Skanios ir maistingos lazdel\u0117s, pagamintos i\u0161 biologi\u0161kai vertingos jautienos. Tai sveikas ir lengvai vir\u0161kinamas u\u017ekandis, puikiai papildantis j\u016bs\u0173 \u0161uns mityb\u0105.<\/span><\/p>\n","protected":false},"featured_media":10927,"template":"","meta":[],"product_brand":[],"product_cat":[101,103,106],"product_tag":[],"class_list":{"0":"post-10926","1":"product","2":"type-product","3":"status-publish","4":"has-post-thumbnail","6":"product_cat-sunims","7":"product_cat-sunu-maistas","8":"product_cat-skanestai","9":"pa_prekinis-zenklas-calibra","11":"first","12":"instock","13":"taxable","14":"shipping-taxable","15":"purchasable","16":"product-type-simple"},"yoast_head":"<!-- This site is optimized with the Yoast SEO Premium plugin v27.1 (Yoast SEO v27.3) - https:\/\/yoast.com\/product\/yoast-seo-premium-wordpress\/ -->\n<title>Calibra joy dog classic beef sticks 80g jautienos lazdel\u0117s \u0161unims - anivet.lt<\/title>\n<meta name=\"description\" content=\"Skanios ir maistingos lazdel\u0117s, pagamintos i\u0161 biologi\u0161kai vertingos jautienos. Tai sveikas ir lengvai vir\u0161kinamas u\u017ekandis, puikiai papildantis j\u016bs\u0173 \u0161uns mityb\u0105.\" \/>\n<meta name=\"robots\" content=\"index, follow, max-snippet:-1, max-image-preview:large, max-video-preview:-1\" \/>\n<link rel=\"canonical\" href=\"https:\/\/anivet.lt\/elparduotuve\/produktas\/caibra-joy-dog-classic-beef-sticks-80g-jautienos-lazdeles-sunims\/\" \/>\n<meta property=\"og:locale\" content=\"lt_LT\" \/>\n<meta property=\"og:type\" content=\"article\" \/>\n<meta property=\"og:title\" content=\"Calibra joy dog classic beef sticks 80g jautienos lazdel\u0117s \u0161unims\" \/>\n<meta property=\"og:description\" content=\"Skanios ir maistingos lazdel\u0117s, pagamintos i\u0161 biologi\u0161kai vertingos jautienos. Tai sveikas ir lengvai vir\u0161kinamas u\u017ekandis, puikiai papildantis j\u016bs\u0173 \u0161uns mityb\u0105.\" \/>\n<meta property=\"og:url\" content=\"https:\/\/anivet.lt\/elparduotuve\/produktas\/caibra-joy-dog-classic-beef-sticks-80g-jautienos-lazdeles-sunims\/\" \/>\n<meta property=\"og:site_name\" content=\"anivet.lt\" \/>\n<meta property=\"article:modified_time\" content=\"2025-05-27T13:15:40+00:00\" \/>\n<meta property=\"og:image\" content=\"https:\/\/anivet.lt\/elparduotuve\/wp-content\/uploads\/2023\/07\/420-calibra-dog-joy-classic-beef-sticks.webp\" \/>\n\t<meta property=\"og:image:width\" content=\"1300\" \/>\n\t<meta property=\"og:image:height\" content=\"1300\" \/>\n\t<meta property=\"og:image:type\" content=\"image\/webp\" \/>\n<meta name=\"twitter:card\" content=\"summary_large_image\" \/>\n<meta name=\"twitter:label1\" content=\"Est. reading time\" \/>\n\t<meta name=\"twitter:data1\" content=\"1 minut\u0117\" \/>\n<script type=\"application\/ld+json\" class=\"yoast-schema-graph\">{\"@context\":\"https:\\\/\\\/schema.org\",\"@graph\":[{\"@type\":\"WebPage\",\"@id\":\"https:\\\/\\\/anivet.lt\\\/elparduotuve\\\/produktas\\\/caibra-joy-dog-classic-beef-sticks-80g-jautienos-lazdeles-sunims\\\/\",\"url\":\"https:\\\/\\\/anivet.lt\\\/elparduotuve\\\/produktas\\\/caibra-joy-dog-classic-beef-sticks-80g-jautienos-lazdeles-sunims\\\/\",\"name\":\"Calibra joy dog classic beef sticks 80g jautienos lazdel\u0117s \u0161unims - anivet.lt\",\"isPartOf\":{\"@id\":\"https:\\\/\\\/anivet.lt\\\/elparduotuve\\\/#website\"},\"primaryImageOfPage\":{\"@id\":\"https:\\\/\\\/anivet.lt\\\/elparduotuve\\\/produktas\\\/caibra-joy-dog-classic-beef-sticks-80g-jautienos-lazdeles-sunims\\\/#primaryimage\"},\"image\":{\"@id\":\"https:\\\/\\\/anivet.lt\\\/elparduotuve\\\/produktas\\\/caibra-joy-dog-classic-beef-sticks-80g-jautienos-lazdeles-sunims\\\/#primaryimage\"},\"thumbnailUrl\":\"https:\\\/\\\/anivet.lt\\\/elparduotuve\\\/wp-content\\\/uploads\\\/2023\\\/07\\\/420-calibra-dog-joy-classic-beef-sticks.webp\",\"datePublished\":\"2023-07-28T10:10:09+00:00\",\"dateModified\":\"2025-05-27T13:15:40+00:00\",\"description\":\"Skanios ir maistingos lazdel\u0117s, pagamintos i\u0161 biologi\u0161kai vertingos jautienos. Tai sveikas ir lengvai vir\u0161kinamas u\u017ekandis, puikiai papildantis j\u016bs\u0173 \u0161uns mityb\u0105.\",\"breadcrumb\":{\"@id\":\"https:\\\/\\\/anivet.lt\\\/elparduotuve\\\/produktas\\\/caibra-joy-dog-classic-beef-sticks-80g-jautienos-lazdeles-sunims\\\/#breadcrumb\"},\"inLanguage\":\"lt-LT\",\"potentialAction\":[{\"@type\":\"ReadAction\",\"target\":[\"https:\\\/\\\/anivet.lt\\\/elparduotuve\\\/produktas\\\/caibra-joy-dog-classic-beef-sticks-80g-jautienos-lazdeles-sunims\\\/\"]}]},{\"@type\":\"ImageObject\",\"inLanguage\":\"lt-LT\",\"@id\":\"https:\\\/\\\/anivet.lt\\\/elparduotuve\\\/produktas\\\/caibra-joy-dog-classic-beef-sticks-80g-jautienos-lazdeles-sunims\\\/#primaryimage\",\"url\":\"https:\\\/\\\/anivet.lt\\\/elparduotuve\\\/wp-content\\\/uploads\\\/2023\\\/07\\\/420-calibra-dog-joy-classic-beef-sticks.webp\",\"contentUrl\":\"https:\\\/\\\/anivet.lt\\\/elparduotuve\\\/wp-content\\\/uploads\\\/2023\\\/07\\\/420-calibra-dog-joy-classic-beef-sticks.webp\",\"width\":1300,\"height\":1300,\"caption\":\"Calibra joy dog classic beef sticks 80g jautienos lazdel\u0117s \u0161unims\"},{\"@type\":\"BreadcrumbList\",\"@id\":\"https:\\\/\\\/anivet.lt\\\/elparduotuve\\\/produktas\\\/caibra-joy-dog-classic-beef-sticks-80g-jautienos-lazdeles-sunims\\\/#breadcrumb\",\"itemListElement\":[{\"@type\":\"ListItem\",\"position\":1,\"name\":\"Home\",\"item\":\"https:\\\/\\\/anivet.lt\\\/elparduotuve\\\/\"},{\"@type\":\"ListItem\",\"position\":2,\"name\":\"Produktai\",\"item\":\"https:\\\/\\\/anivet.lt\\\/elparduotuve\\\/produktai\\\/\"},{\"@type\":\"ListItem\",\"position\":3,\"name\":\"Calibra joy dog classic beef sticks 80g jautienos lazdel\u0117s \u0161unims\"}]},{\"@type\":\"WebSite\",\"@id\":\"https:\\\/\\\/anivet.lt\\\/elparduotuve\\\/#website\",\"url\":\"https:\\\/\\\/anivet.lt\\\/elparduotuve\\\/\",\"name\":\"anivet.lt\",\"description\":\"Viskas J\u016bs\u0173 \u0161uns, kat\u0117s prie\u017ei\u016brai\",\"publisher\":{\"@id\":\"https:\\\/\\\/anivet.lt\\\/elparduotuve\\\/#organization\"},\"alternateName\":\"Viskas J\u016bs\u0173 \u0161uns, kat\u0117s prie\u017ei\u016brai\",\"potentialAction\":[{\"@type\":\"SearchAction\",\"target\":{\"@type\":\"EntryPoint\",\"urlTemplate\":\"https:\\\/\\\/anivet.lt\\\/elparduotuve\\\/?s={search_term_string}\"},\"query-input\":{\"@type\":\"PropertyValueSpecification\",\"valueRequired\":true,\"valueName\":\"search_term_string\"}}],\"inLanguage\":\"lt-LT\"},{\"@type\":\"Organization\",\"@id\":\"https:\\\/\\\/anivet.lt\\\/elparduotuve\\\/#organization\",\"name\":\"Viskas J\u016bs\u0173 \u0161uns, kat\u0117s prie\u017ei\u016brai\",\"url\":\"https:\\\/\\\/anivet.lt\\\/elparduotuve\\\/\",\"logo\":{\"@type\":\"ImageObject\",\"inLanguage\":\"lt-LT\",\"@id\":\"https:\\\/\\\/anivet.lt\\\/elparduotuve\\\/#\\\/schema\\\/logo\\\/image\\\/\",\"url\":\"https:\\\/\\\/anivet.lt\\\/elparduotuve\\\/wp-content\\\/uploads\\\/2023\\\/06\\\/logo2.jpg\",\"contentUrl\":\"https:\\\/\\\/anivet.lt\\\/elparduotuve\\\/wp-content\\\/uploads\\\/2023\\\/06\\\/logo2.jpg\",\"width\":655,\"height\":194,\"caption\":\"Viskas J\u016bs\u0173 \u0161uns, kat\u0117s prie\u017ei\u016brai\"},\"image\":{\"@id\":\"https:\\\/\\\/anivet.lt\\\/elparduotuve\\\/#\\\/schema\\\/logo\\\/image\\\/\"}}]}<\/script>\n<!-- \/ Yoast SEO Premium plugin. -->","yoast_head_json":{"title":"Calibra joy dog classic beef sticks 80g jautienos lazdel\u0117s \u0161unims - anivet.lt","description":"Skanios ir maistingos lazdel\u0117s, pagamintos i\u0161 biologi\u0161kai vertingos jautienos. Tai sveikas ir lengvai vir\u0161kinamas u\u017ekandis, puikiai papildantis j\u016bs\u0173 \u0161uns mityb\u0105.","robots":{"index":"index","follow":"follow","max-snippet":"max-snippet:-1","max-image-preview":"max-image-preview:large","max-video-preview":"max-video-preview:-1"},"canonical":"https:\/\/anivet.lt\/elparduotuve\/produktas\/caibra-joy-dog-classic-beef-sticks-80g-jautienos-lazdeles-sunims\/","og_locale":"lt_LT","og_type":"article","og_title":"Calibra joy dog classic beef sticks 80g jautienos lazdel\u0117s \u0161unims","og_description":"Skanios ir maistingos lazdel\u0117s, pagamintos i\u0161 biologi\u0161kai vertingos jautienos. Tai sveikas ir lengvai vir\u0161kinamas u\u017ekandis, puikiai papildantis j\u016bs\u0173 \u0161uns mityb\u0105.","og_url":"https:\/\/anivet.lt\/elparduotuve\/produktas\/caibra-joy-dog-classic-beef-sticks-80g-jautienos-lazdeles-sunims\/","og_site_name":"anivet.lt","article_modified_time":"2025-05-27T13:15:40+00:00","og_image":[{"width":1300,"height":1300,"url":"https:\/\/anivet.lt\/elparduotuve\/wp-content\/uploads\/2023\/07\/420-calibra-dog-joy-classic-beef-sticks.webp","type":"image\/webp"}],"twitter_card":"summary_large_image","twitter_misc":{"Est. reading time":"1 minut\u0117"},"schema":{"@context":"https:\/\/schema.org","@graph":[{"@type":"WebPage","@id":"https:\/\/anivet.lt\/elparduotuve\/produktas\/caibra-joy-dog-classic-beef-sticks-80g-jautienos-lazdeles-sunims\/","url":"https:\/\/anivet.lt\/elparduotuve\/produktas\/caibra-joy-dog-classic-beef-sticks-80g-jautienos-lazdeles-sunims\/","name":"Calibra joy dog classic beef sticks 80g jautienos lazdel\u0117s \u0161unims - anivet.lt","isPartOf":{"@id":"https:\/\/anivet.lt\/elparduotuve\/#website"},"primaryImageOfPage":{"@id":"https:\/\/anivet.lt\/elparduotuve\/produktas\/caibra-joy-dog-classic-beef-sticks-80g-jautienos-lazdeles-sunims\/#primaryimage"},"image":{"@id":"https:\/\/anivet.lt\/elparduotuve\/produktas\/caibra-joy-dog-classic-beef-sticks-80g-jautienos-lazdeles-sunims\/#primaryimage"},"thumbnailUrl":"https:\/\/anivet.lt\/elparduotuve\/wp-content\/uploads\/2023\/07\/420-calibra-dog-joy-classic-beef-sticks.webp","datePublished":"2023-07-28T10:10:09+00:00","dateModified":"2025-05-27T13:15:40+00:00","description":"Skanios ir maistingos lazdel\u0117s, pagamintos i\u0161 biologi\u0161kai vertingos jautienos. Tai sveikas ir lengvai vir\u0161kinamas u\u017ekandis, puikiai papildantis j\u016bs\u0173 \u0161uns mityb\u0105.","breadcrumb":{"@id":"https:\/\/anivet.lt\/elparduotuve\/produktas\/caibra-joy-dog-classic-beef-sticks-80g-jautienos-lazdeles-sunims\/#breadcrumb"},"inLanguage":"lt-LT","potentialAction":[{"@type":"ReadAction","target":["https:\/\/anivet.lt\/elparduotuve\/produktas\/caibra-joy-dog-classic-beef-sticks-80g-jautienos-lazdeles-sunims\/"]}]},{"@type":"ImageObject","inLanguage":"lt-LT","@id":"https:\/\/anivet.lt\/elparduotuve\/produktas\/caibra-joy-dog-classic-beef-sticks-80g-jautienos-lazdeles-sunims\/#primaryimage","url":"https:\/\/anivet.lt\/elparduotuve\/wp-content\/uploads\/2023\/07\/420-calibra-dog-joy-classic-beef-sticks.webp","contentUrl":"https:\/\/anivet.lt\/elparduotuve\/wp-content\/uploads\/2023\/07\/420-calibra-dog-joy-classic-beef-sticks.webp","width":1300,"height":1300,"caption":"Calibra joy dog classic beef sticks 80g jautienos lazdel\u0117s \u0161unims"},{"@type":"BreadcrumbList","@id":"https:\/\/anivet.lt\/elparduotuve\/produktas\/caibra-joy-dog-classic-beef-sticks-80g-jautienos-lazdeles-sunims\/#breadcrumb","itemListElement":[{"@type":"ListItem","position":1,"name":"Home","item":"https:\/\/anivet.lt\/elparduotuve\/"},{"@type":"ListItem","position":2,"name":"Produktai","item":"https:\/\/anivet.lt\/elparduotuve\/produktai\/"},{"@type":"ListItem","position":3,"name":"Calibra joy dog classic beef sticks 80g jautienos lazdel\u0117s \u0161unims"}]},{"@type":"WebSite","@id":"https:\/\/anivet.lt\/elparduotuve\/#website","url":"https:\/\/anivet.lt\/elparduotuve\/","name":"anivet.lt","description":"Viskas J\u016bs\u0173 \u0161uns, kat\u0117s prie\u017ei\u016brai","publisher":{"@id":"https:\/\/anivet.lt\/elparduotuve\/#organization"},"alternateName":"Viskas J\u016bs\u0173 \u0161uns, kat\u0117s prie\u017ei\u016brai","potentialAction":[{"@type":"SearchAction","target":{"@type":"EntryPoint","urlTemplate":"https:\/\/anivet.lt\/elparduotuve\/?s={search_term_string}"},"query-input":{"@type":"PropertyValueSpecification","valueRequired":true,"valueName":"search_term_string"}}],"inLanguage":"lt-LT"},{"@type":"Organization","@id":"https:\/\/anivet.lt\/elparduotuve\/#organization","name":"Viskas J\u016bs\u0173 \u0161uns, kat\u0117s prie\u017ei\u016brai","url":"https:\/\/anivet.lt\/elparduotuve\/","logo":{"@type":"ImageObject","inLanguage":"lt-LT","@id":"https:\/\/anivet.lt\/elparduotuve\/#\/schema\/logo\/image\/","url":"https:\/\/anivet.lt\/elparduotuve\/wp-content\/uploads\/2023\/06\/logo2.jpg","contentUrl":"https:\/\/anivet.lt\/elparduotuve\/wp-content\/uploads\/2023\/06\/logo2.jpg","width":655,"height":194,"caption":"Viskas J\u016bs\u0173 \u0161uns, kat\u0117s prie\u017ei\u016brai"},"image":{"@id":"https:\/\/anivet.lt\/elparduotuve\/#\/schema\/logo\/image\/"}}]}},"_links":{"self":[{"href":"https:\/\/anivet.lt\/elparduotuve\/wp-json\/wp\/v2\/product\/10926","targetHints":{"allow":["GET"]}}],"collection":[{"href":"https:\/\/anivet.lt\/elparduotuve\/wp-json\/wp\/v2\/product"}],"about":[{"href":"https:\/\/anivet.lt\/elparduotuve\/wp-json\/wp\/v2\/types\/product"}],"wp:featuredmedia":[{"embeddable":true,"href":"https:\/\/anivet.lt\/elparduotuve\/wp-json\/wp\/v2\/media\/10927"}],"wp:attachment":[{"href":"https:\/\/anivet.lt\/elparduotuve\/wp-json\/wp\/v2\/media?parent=10926"}],"wp:term":[{"taxonomy":"product_brand","embeddable":true,"href":"https:\/\/anivet.lt\/elparduotuve\/wp-json\/wp\/v2\/product_brand?post=10926"},{"taxonomy":"product_cat","embeddable":true,"href":"https:\/\/anivet.lt\/elparduotuve\/wp-json\/wp\/v2\/product_cat?post=10926"},{"taxonomy":"product_tag","embeddable":true,"href":"https:\/\/anivet.lt\/elparduotuve\/wp-json\/wp\/v2\/product_tag?post=10926"}],"curies":[{"name":"wp","href":"https:\/\/api.w.org\/{rel}","templated":true}]}}