{"id":10928,"date":"2023-07-28T10:19:09","date_gmt":"2023-07-28T10:19:09","guid":{"rendered":"https:\/\/anivet.lt\/elparduotuve\/?post_type=product&#038;p=10928"},"modified":"2026-03-12T18:29:43","modified_gmt":"2026-03-12T18:29:43","slug":"calibra-joy-dog-classic-large-lamb-fillets-80g-skanestai-sunims-su-eriena","status":"publish","type":"product","link":"https:\/\/anivet.lt\/elparduotuve\/produktas\/calibra-joy-dog-classic-large-lamb-fillets-80g-skanestai-sunims-su-eriena\/","title":{"rendered":"Calibra joy dog classic large lamb fillets 80g skan\u0117stai \u0161unims su \u0117riena"},"content":{"rendered":"<ul>\n<li style=\"font-weight: 400;\" aria-level=\"1\"><span style=\"font-weight: 400;\">Auk\u0161tas baltym\u0173 kiekis: 45 % \u017eali\u0173 baltym\u0173 palaiko \u0161uns raumen\u0173 vystym\u0105si ir aktyvum\u0105.<\/span><\/li>\n<li style=\"font-weight: 400;\" aria-level=\"1\"><span style=\"font-weight: 400;\">Lengvai vir\u0161kinami: Tinka net jautri\u0105 vir\u0161kinimo sistem\u0105 turintiems augintiniams.<\/span><\/li>\n<li style=\"font-weight: 400;\" aria-level=\"1\"><span style=\"font-weight: 400;\">Nat\u016bralus aromatas: Gaminami i\u0161 \u0117rienos, tod\u0117l yra itin skan\u016bs ir kvapn\u016bs.<\/span><\/li>\n<li style=\"font-weight: 400;\" aria-level=\"1\"><span style=\"font-weight: 400;\">\u017demas riebal\u0173 kiekis: Tik 2 % riebal\u0173 \u2013 idealu \u0161unims, kuriems reikia kontroliuoti svor\u012f.<\/span><\/li>\n<li style=\"font-weight: 400;\" aria-level=\"1\"><span style=\"font-weight: 400;\">Be glitimo: Augaliniai baltymai ir kukur\u016bz\u0173 krakmolas u\u017etikrina puik\u0173 toleravim\u0105.<\/span><\/li>\n<\/ul>\n<p><span style=\"font-weight: 400;\">Puikus pasirinkimas norint palepinti savo augintin\u012f, nepridedant nereikaling\u0173 kalorij\u0173 ar sunkiai vir\u0161kinam\u0173 sudedam\u0173j\u0173 dali\u0173. Sud\u0117tis praturtinta nat\u016braliais baltymais ir tinkama net jautresn\u0119 mityb\u0105 turintiems \u0161unims.<\/span><\/p>\n","protected":false},"excerpt":{"rendered":"<p><span style=\"font-weight: 400;\">Sveiki ir lengvai vir\u0161kinami skan\u0117stai su dideliu kiekiu \u0117rienos, kurie puikiai papildys J\u016bs\u0173 augintinio kasdien\u0119 mityb\u0105. \u0160ie skan\u016bs fil\u0117 gabaliukai yra ne tik aromatingi, bet ir tinkami net jautri\u0105 vir\u0161kinimo sistem\u0105 turintiems \u0161unims.<\/span><\/p>\n","protected":false},"featured_media":10929,"template":"","meta":[],"product_brand":[],"product_cat":[101,103,106,332],"product_tag":[],"class_list":{"0":"post-10928","1":"product","2":"type-product","3":"status-publish","4":"has-post-thumbnail","6":"product_cat-sunims","7":"product_cat-sunu-maistas","8":"product_cat-skanestai","9":"product_cat-calibra-sunu-maistas","10":"pa_prekinis-zenklas-calibra","12":"first","13":"outofstock","14":"taxable","15":"shipping-taxable","16":"purchasable","17":"product-type-simple"},"yoast_head":"<!-- This site is optimized with the Yoast SEO Premium plugin v27.1 (Yoast SEO v27.3) - https:\/\/yoast.com\/product\/yoast-seo-premium-wordpress\/ -->\n<title>Calibra joy dog classic large lamb fillets 80g skan\u0117stai \u0161unims su \u0117riena - anivet.lt<\/title>\n<meta name=\"description\" content=\"Sveiki ir lengvai vir\u0161kinami skan\u0117stai su dideliu kiekiu \u0117rienos, kurie puikiai papildys J\u016bs\u0173 augintinio kasdien\u0119 mityb\u0105. \u0160ie skan\u016bs fil\u0117 gabaliukai yra ne tik aromatingi, bet ir tinkami net jautri\u0105 vir\u0161kinimo sistem\u0105 turintiems \u0161unims.\" \/>\n<meta name=\"robots\" content=\"index, follow, max-snippet:-1, max-image-preview:large, max-video-preview:-1\" \/>\n<link rel=\"canonical\" href=\"https:\/\/anivet.lt\/elparduotuve\/produktas\/calibra-joy-dog-classic-large-lamb-fillets-80g-skanestai-sunims-su-eriena\/\" \/>\n<meta property=\"og:locale\" content=\"lt_LT\" \/>\n<meta property=\"og:type\" content=\"article\" \/>\n<meta property=\"og:title\" content=\"Calibra joy dog classic large lamb fillets 80g skan\u0117stai \u0161unims su \u0117riena\" \/>\n<meta property=\"og:description\" content=\"Sveiki ir lengvai vir\u0161kinami skan\u0117stai su dideliu kiekiu \u0117rienos, kurie puikiai papildys J\u016bs\u0173 augintinio kasdien\u0119 mityb\u0105. \u0160ie skan\u016bs fil\u0117 gabaliukai yra ne tik aromatingi, bet ir tinkami net jautri\u0105 vir\u0161kinimo sistem\u0105 turintiems \u0161unims.\" \/>\n<meta property=\"og:url\" content=\"https:\/\/anivet.lt\/elparduotuve\/produktas\/calibra-joy-dog-classic-large-lamb-fillets-80g-skanestai-sunims-su-eriena\/\" \/>\n<meta property=\"og:site_name\" content=\"anivet.lt\" \/>\n<meta property=\"article:modified_time\" content=\"2026-03-12T18:29:43+00:00\" \/>\n<meta property=\"og:image\" content=\"https:\/\/anivet.lt\/elparduotuve\/wp-content\/uploads\/2023\/07\/409-calibra-dog-joy-classic-large-lamb-fillets.webp\" \/>\n\t<meta property=\"og:image:width\" content=\"1300\" \/>\n\t<meta property=\"og:image:height\" content=\"1300\" \/>\n\t<meta property=\"og:image:type\" content=\"image\/webp\" \/>\n<meta name=\"twitter:card\" content=\"summary_large_image\" \/>\n<meta name=\"twitter:label1\" content=\"Est. reading time\" \/>\n\t<meta name=\"twitter:data1\" content=\"1 minut\u0117\" \/>\n<script type=\"application\/ld+json\" class=\"yoast-schema-graph\">{\"@context\":\"https:\\\/\\\/schema.org\",\"@graph\":[{\"@type\":\"WebPage\",\"@id\":\"https:\\\/\\\/anivet.lt\\\/elparduotuve\\\/produktas\\\/calibra-joy-dog-classic-large-lamb-fillets-80g-skanestai-sunims-su-eriena\\\/\",\"url\":\"https:\\\/\\\/anivet.lt\\\/elparduotuve\\\/produktas\\\/calibra-joy-dog-classic-large-lamb-fillets-80g-skanestai-sunims-su-eriena\\\/\",\"name\":\"Calibra joy dog classic large lamb fillets 80g skan\u0117stai \u0161unims su \u0117riena - anivet.lt\",\"isPartOf\":{\"@id\":\"https:\\\/\\\/anivet.lt\\\/elparduotuve\\\/#website\"},\"primaryImageOfPage\":{\"@id\":\"https:\\\/\\\/anivet.lt\\\/elparduotuve\\\/produktas\\\/calibra-joy-dog-classic-large-lamb-fillets-80g-skanestai-sunims-su-eriena\\\/#primaryimage\"},\"image\":{\"@id\":\"https:\\\/\\\/anivet.lt\\\/elparduotuve\\\/produktas\\\/calibra-joy-dog-classic-large-lamb-fillets-80g-skanestai-sunims-su-eriena\\\/#primaryimage\"},\"thumbnailUrl\":\"https:\\\/\\\/anivet.lt\\\/elparduotuve\\\/wp-content\\\/uploads\\\/2023\\\/07\\\/409-calibra-dog-joy-classic-large-lamb-fillets.webp\",\"datePublished\":\"2023-07-28T10:19:09+00:00\",\"dateModified\":\"2026-03-12T18:29:43+00:00\",\"description\":\"Sveiki ir lengvai vir\u0161kinami skan\u0117stai su dideliu kiekiu \u0117rienos, kurie puikiai papildys J\u016bs\u0173 augintinio kasdien\u0119 mityb\u0105. \u0160ie skan\u016bs fil\u0117 gabaliukai yra ne tik aromatingi, bet ir tinkami net jautri\u0105 vir\u0161kinimo sistem\u0105 turintiems \u0161unims.\",\"breadcrumb\":{\"@id\":\"https:\\\/\\\/anivet.lt\\\/elparduotuve\\\/produktas\\\/calibra-joy-dog-classic-large-lamb-fillets-80g-skanestai-sunims-su-eriena\\\/#breadcrumb\"},\"inLanguage\":\"lt-LT\",\"potentialAction\":[{\"@type\":\"ReadAction\",\"target\":[\"https:\\\/\\\/anivet.lt\\\/elparduotuve\\\/produktas\\\/calibra-joy-dog-classic-large-lamb-fillets-80g-skanestai-sunims-su-eriena\\\/\"]}]},{\"@type\":\"ImageObject\",\"inLanguage\":\"lt-LT\",\"@id\":\"https:\\\/\\\/anivet.lt\\\/elparduotuve\\\/produktas\\\/calibra-joy-dog-classic-large-lamb-fillets-80g-skanestai-sunims-su-eriena\\\/#primaryimage\",\"url\":\"https:\\\/\\\/anivet.lt\\\/elparduotuve\\\/wp-content\\\/uploads\\\/2023\\\/07\\\/409-calibra-dog-joy-classic-large-lamb-fillets.webp\",\"contentUrl\":\"https:\\\/\\\/anivet.lt\\\/elparduotuve\\\/wp-content\\\/uploads\\\/2023\\\/07\\\/409-calibra-dog-joy-classic-large-lamb-fillets.webp\",\"width\":1300,\"height\":1300,\"caption\":\"Calibra joy dog classic large lamb fillets 80g skan\u0117stai \u0161unims su \u0117riena\"},{\"@type\":\"BreadcrumbList\",\"@id\":\"https:\\\/\\\/anivet.lt\\\/elparduotuve\\\/produktas\\\/calibra-joy-dog-classic-large-lamb-fillets-80g-skanestai-sunims-su-eriena\\\/#breadcrumb\",\"itemListElement\":[{\"@type\":\"ListItem\",\"position\":1,\"name\":\"Home\",\"item\":\"https:\\\/\\\/anivet.lt\\\/elparduotuve\\\/\"},{\"@type\":\"ListItem\",\"position\":2,\"name\":\"Produktai\",\"item\":\"https:\\\/\\\/anivet.lt\\\/elparduotuve\\\/produktai\\\/\"},{\"@type\":\"ListItem\",\"position\":3,\"name\":\"Calibra joy dog classic large lamb fillets 80g skan\u0117stai \u0161unims su \u0117riena\"}]},{\"@type\":\"WebSite\",\"@id\":\"https:\\\/\\\/anivet.lt\\\/elparduotuve\\\/#website\",\"url\":\"https:\\\/\\\/anivet.lt\\\/elparduotuve\\\/\",\"name\":\"anivet.lt\",\"description\":\"Viskas J\u016bs\u0173 \u0161uns, kat\u0117s prie\u017ei\u016brai\",\"publisher\":{\"@id\":\"https:\\\/\\\/anivet.lt\\\/elparduotuve\\\/#organization\"},\"alternateName\":\"Viskas J\u016bs\u0173 \u0161uns, kat\u0117s prie\u017ei\u016brai\",\"potentialAction\":[{\"@type\":\"SearchAction\",\"target\":{\"@type\":\"EntryPoint\",\"urlTemplate\":\"https:\\\/\\\/anivet.lt\\\/elparduotuve\\\/?s={search_term_string}\"},\"query-input\":{\"@type\":\"PropertyValueSpecification\",\"valueRequired\":true,\"valueName\":\"search_term_string\"}}],\"inLanguage\":\"lt-LT\"},{\"@type\":\"Organization\",\"@id\":\"https:\\\/\\\/anivet.lt\\\/elparduotuve\\\/#organization\",\"name\":\"Viskas J\u016bs\u0173 \u0161uns, kat\u0117s prie\u017ei\u016brai\",\"url\":\"https:\\\/\\\/anivet.lt\\\/elparduotuve\\\/\",\"logo\":{\"@type\":\"ImageObject\",\"inLanguage\":\"lt-LT\",\"@id\":\"https:\\\/\\\/anivet.lt\\\/elparduotuve\\\/#\\\/schema\\\/logo\\\/image\\\/\",\"url\":\"https:\\\/\\\/anivet.lt\\\/elparduotuve\\\/wp-content\\\/uploads\\\/2023\\\/06\\\/logo2.jpg\",\"contentUrl\":\"https:\\\/\\\/anivet.lt\\\/elparduotuve\\\/wp-content\\\/uploads\\\/2023\\\/06\\\/logo2.jpg\",\"width\":655,\"height\":194,\"caption\":\"Viskas J\u016bs\u0173 \u0161uns, kat\u0117s prie\u017ei\u016brai\"},\"image\":{\"@id\":\"https:\\\/\\\/anivet.lt\\\/elparduotuve\\\/#\\\/schema\\\/logo\\\/image\\\/\"}}]}<\/script>\n<!-- \/ Yoast SEO Premium plugin. -->","yoast_head_json":{"title":"Calibra joy dog classic large lamb fillets 80g skan\u0117stai \u0161unims su \u0117riena - anivet.lt","description":"Sveiki ir lengvai vir\u0161kinami skan\u0117stai su dideliu kiekiu \u0117rienos, kurie puikiai papildys J\u016bs\u0173 augintinio kasdien\u0119 mityb\u0105. \u0160ie skan\u016bs fil\u0117 gabaliukai yra ne tik aromatingi, bet ir tinkami net jautri\u0105 vir\u0161kinimo sistem\u0105 turintiems \u0161unims.","robots":{"index":"index","follow":"follow","max-snippet":"max-snippet:-1","max-image-preview":"max-image-preview:large","max-video-preview":"max-video-preview:-1"},"canonical":"https:\/\/anivet.lt\/elparduotuve\/produktas\/calibra-joy-dog-classic-large-lamb-fillets-80g-skanestai-sunims-su-eriena\/","og_locale":"lt_LT","og_type":"article","og_title":"Calibra joy dog classic large lamb fillets 80g skan\u0117stai \u0161unims su \u0117riena","og_description":"Sveiki ir lengvai vir\u0161kinami skan\u0117stai su dideliu kiekiu \u0117rienos, kurie puikiai papildys J\u016bs\u0173 augintinio kasdien\u0119 mityb\u0105. \u0160ie skan\u016bs fil\u0117 gabaliukai yra ne tik aromatingi, bet ir tinkami net jautri\u0105 vir\u0161kinimo sistem\u0105 turintiems \u0161unims.","og_url":"https:\/\/anivet.lt\/elparduotuve\/produktas\/calibra-joy-dog-classic-large-lamb-fillets-80g-skanestai-sunims-su-eriena\/","og_site_name":"anivet.lt","article_modified_time":"2026-03-12T18:29:43+00:00","og_image":[{"width":1300,"height":1300,"url":"https:\/\/anivet.lt\/elparduotuve\/wp-content\/uploads\/2023\/07\/409-calibra-dog-joy-classic-large-lamb-fillets.webp","type":"image\/webp"}],"twitter_card":"summary_large_image","twitter_misc":{"Est. reading time":"1 minut\u0117"},"schema":{"@context":"https:\/\/schema.org","@graph":[{"@type":"WebPage","@id":"https:\/\/anivet.lt\/elparduotuve\/produktas\/calibra-joy-dog-classic-large-lamb-fillets-80g-skanestai-sunims-su-eriena\/","url":"https:\/\/anivet.lt\/elparduotuve\/produktas\/calibra-joy-dog-classic-large-lamb-fillets-80g-skanestai-sunims-su-eriena\/","name":"Calibra joy dog classic large lamb fillets 80g skan\u0117stai \u0161unims su \u0117riena - anivet.lt","isPartOf":{"@id":"https:\/\/anivet.lt\/elparduotuve\/#website"},"primaryImageOfPage":{"@id":"https:\/\/anivet.lt\/elparduotuve\/produktas\/calibra-joy-dog-classic-large-lamb-fillets-80g-skanestai-sunims-su-eriena\/#primaryimage"},"image":{"@id":"https:\/\/anivet.lt\/elparduotuve\/produktas\/calibra-joy-dog-classic-large-lamb-fillets-80g-skanestai-sunims-su-eriena\/#primaryimage"},"thumbnailUrl":"https:\/\/anivet.lt\/elparduotuve\/wp-content\/uploads\/2023\/07\/409-calibra-dog-joy-classic-large-lamb-fillets.webp","datePublished":"2023-07-28T10:19:09+00:00","dateModified":"2026-03-12T18:29:43+00:00","description":"Sveiki ir lengvai vir\u0161kinami skan\u0117stai su dideliu kiekiu \u0117rienos, kurie puikiai papildys J\u016bs\u0173 augintinio kasdien\u0119 mityb\u0105. \u0160ie skan\u016bs fil\u0117 gabaliukai yra ne tik aromatingi, bet ir tinkami net jautri\u0105 vir\u0161kinimo sistem\u0105 turintiems \u0161unims.","breadcrumb":{"@id":"https:\/\/anivet.lt\/elparduotuve\/produktas\/calibra-joy-dog-classic-large-lamb-fillets-80g-skanestai-sunims-su-eriena\/#breadcrumb"},"inLanguage":"lt-LT","potentialAction":[{"@type":"ReadAction","target":["https:\/\/anivet.lt\/elparduotuve\/produktas\/calibra-joy-dog-classic-large-lamb-fillets-80g-skanestai-sunims-su-eriena\/"]}]},{"@type":"ImageObject","inLanguage":"lt-LT","@id":"https:\/\/anivet.lt\/elparduotuve\/produktas\/calibra-joy-dog-classic-large-lamb-fillets-80g-skanestai-sunims-su-eriena\/#primaryimage","url":"https:\/\/anivet.lt\/elparduotuve\/wp-content\/uploads\/2023\/07\/409-calibra-dog-joy-classic-large-lamb-fillets.webp","contentUrl":"https:\/\/anivet.lt\/elparduotuve\/wp-content\/uploads\/2023\/07\/409-calibra-dog-joy-classic-large-lamb-fillets.webp","width":1300,"height":1300,"caption":"Calibra joy dog classic large lamb fillets 80g skan\u0117stai \u0161unims su \u0117riena"},{"@type":"BreadcrumbList","@id":"https:\/\/anivet.lt\/elparduotuve\/produktas\/calibra-joy-dog-classic-large-lamb-fillets-80g-skanestai-sunims-su-eriena\/#breadcrumb","itemListElement":[{"@type":"ListItem","position":1,"name":"Home","item":"https:\/\/anivet.lt\/elparduotuve\/"},{"@type":"ListItem","position":2,"name":"Produktai","item":"https:\/\/anivet.lt\/elparduotuve\/produktai\/"},{"@type":"ListItem","position":3,"name":"Calibra joy dog classic large lamb fillets 80g skan\u0117stai \u0161unims su \u0117riena"}]},{"@type":"WebSite","@id":"https:\/\/anivet.lt\/elparduotuve\/#website","url":"https:\/\/anivet.lt\/elparduotuve\/","name":"anivet.lt","description":"Viskas J\u016bs\u0173 \u0161uns, kat\u0117s prie\u017ei\u016brai","publisher":{"@id":"https:\/\/anivet.lt\/elparduotuve\/#organization"},"alternateName":"Viskas J\u016bs\u0173 \u0161uns, kat\u0117s prie\u017ei\u016brai","potentialAction":[{"@type":"SearchAction","target":{"@type":"EntryPoint","urlTemplate":"https:\/\/anivet.lt\/elparduotuve\/?s={search_term_string}"},"query-input":{"@type":"PropertyValueSpecification","valueRequired":true,"valueName":"search_term_string"}}],"inLanguage":"lt-LT"},{"@type":"Organization","@id":"https:\/\/anivet.lt\/elparduotuve\/#organization","name":"Viskas J\u016bs\u0173 \u0161uns, kat\u0117s prie\u017ei\u016brai","url":"https:\/\/anivet.lt\/elparduotuve\/","logo":{"@type":"ImageObject","inLanguage":"lt-LT","@id":"https:\/\/anivet.lt\/elparduotuve\/#\/schema\/logo\/image\/","url":"https:\/\/anivet.lt\/elparduotuve\/wp-content\/uploads\/2023\/06\/logo2.jpg","contentUrl":"https:\/\/anivet.lt\/elparduotuve\/wp-content\/uploads\/2023\/06\/logo2.jpg","width":655,"height":194,"caption":"Viskas J\u016bs\u0173 \u0161uns, kat\u0117s prie\u017ei\u016brai"},"image":{"@id":"https:\/\/anivet.lt\/elparduotuve\/#\/schema\/logo\/image\/"}}]}},"_links":{"self":[{"href":"https:\/\/anivet.lt\/elparduotuve\/wp-json\/wp\/v2\/product\/10928","targetHints":{"allow":["GET"]}}],"collection":[{"href":"https:\/\/anivet.lt\/elparduotuve\/wp-json\/wp\/v2\/product"}],"about":[{"href":"https:\/\/anivet.lt\/elparduotuve\/wp-json\/wp\/v2\/types\/product"}],"wp:featuredmedia":[{"embeddable":true,"href":"https:\/\/anivet.lt\/elparduotuve\/wp-json\/wp\/v2\/media\/10929"}],"wp:attachment":[{"href":"https:\/\/anivet.lt\/elparduotuve\/wp-json\/wp\/v2\/media?parent=10928"}],"wp:term":[{"taxonomy":"product_brand","embeddable":true,"href":"https:\/\/anivet.lt\/elparduotuve\/wp-json\/wp\/v2\/product_brand?post=10928"},{"taxonomy":"product_cat","embeddable":true,"href":"https:\/\/anivet.lt\/elparduotuve\/wp-json\/wp\/v2\/product_cat?post=10928"},{"taxonomy":"product_tag","embeddable":true,"href":"https:\/\/anivet.lt\/elparduotuve\/wp-json\/wp\/v2\/product_tag?post=10928"}],"curies":[{"name":"wp","href":"https:\/\/api.w.org\/{rel}","templated":true}]}}