{"id":10930,"date":"2023-07-28T10:28:48","date_gmt":"2023-07-28T10:28:48","guid":{"rendered":"https:\/\/anivet.lt\/elparduotuve\/?post_type=product&#038;p=10930"},"modified":"2025-05-27T13:15:42","modified_gmt":"2025-05-27T13:15:42","slug":"calibra-joy-dog-mini-duck-and-cod-sandwich-70g-skanestai-sunims-su-antiena-ir-menke","status":"publish","type":"product","link":"https:\/\/anivet.lt\/elparduotuve\/produktas\/calibra-joy-dog-mini-duck-and-cod-sandwich-70g-skanestai-sunims-su-antiena-ir-menke\/","title":{"rendered":"Calibra joy dog mini duck and cod sandwich 70g skan\u0117stai \u0161unims su antiena ir menke"},"content":{"rendered":"<ul>\n<li style=\"font-weight: 400;\" aria-level=\"1\"><span style=\"font-weight: 400;\">Auk\u0161tas baltym\u0173 kiekis: 49 % \u017eali\u0173j\u0173 baltym\u0173 palaiko energij\u0105 ir raumen\u0173 vystym\u0105si.<\/span><\/li>\n<li style=\"font-weight: 400;\" aria-level=\"1\"><span style=\"font-weight: 400;\">Lengvas vir\u0161kinamumas: Puikiai tinka net jautri\u0105 vir\u0161kinimo sistem\u0105 turintiems \u0161unims.<\/span><\/li>\n<li style=\"font-weight: 400;\" aria-level=\"1\"><span style=\"font-weight: 400;\">Ma\u017eo dyd\u017eio k\u0105sneliai: Ideal\u016bs ma\u017eoms veisl\u0117ms ar kaip u\u017ekandis treniruo\u010di\u0173 metu.<\/span><\/li>\n<li style=\"font-weight: 400;\" aria-level=\"1\"><span style=\"font-weight: 400;\">Unikalus skoni\u0173 derinys: Antiena ir menk\u0117 sukuria i\u0161skirtin\u012f skon\u012f, kuris patiks net i\u0161rankiausiems augintiniams.<\/span><\/li>\n<li style=\"font-weight: 400;\" aria-level=\"1\"><span style=\"font-weight: 400;\">Ma\u017eas riebal\u0173 kiekis: Sveikas skan\u0117stas, tinkantis kasdieniam naudojimui.<\/span><\/li>\n<\/ul>\n<p><span style=\"font-weight: 400;\">\u201eCalibra Joy Dog Mini Duck and Cod Sandwich\u201c \u2013 tai puikus pasirinkimas j\u016bs\u0173 \u0161uns skan\u0117st\u0173 kolekcijai. Sveiki, maistingi ir gard\u016bs, jie d\u017eiugins j\u016bs\u0173 augintin\u012f kiekvien\u0105 dien\u0105!<\/span><\/p>\n","protected":false},"excerpt":{"rendered":"<p><span style=\"font-weight: 400;\">Aromatingi ir lengvai vir\u0161kinami ma\u017eo dyd\u017eio k\u0105sneliai, pagaminti i\u0161 auk\u0161tos kokyb\u0117s antienos ir menk\u0117s. \u0160ie mini sumu\u0161tiniai puikiai papildo j\u016bs\u0173 \u0161uns diet\u0105, praturtindami j\u0105 didel\u0117s maistin\u0117s vert\u0117s baltymais.<\/span><\/p>\n","protected":false},"featured_media":10931,"template":"","meta":[],"product_brand":[],"product_cat":[101,103,106,332],"product_tag":[],"class_list":{"0":"post-10930","1":"product","2":"type-product","3":"status-publish","4":"has-post-thumbnail","6":"product_cat-sunims","7":"product_cat-sunu-maistas","8":"product_cat-skanestai","9":"product_cat-calibra-sunu-maistas","10":"pa_prekinis-zenklas-calibra","12":"first","13":"instock","14":"taxable","15":"shipping-taxable","16":"purchasable","17":"product-type-simple"},"yoast_head":"<!-- This site is optimized with the Yoast SEO Premium plugin v27.1 (Yoast SEO v27.3) - https:\/\/yoast.com\/product\/yoast-seo-premium-wordpress\/ -->\n<title>Calibra joy dog mini duck and cod sandwich 70g skan\u0117stai \u0161unims su antiena ir menke - anivet.lt<\/title>\n<meta name=\"description\" content=\"Aromatingi ir lengvai vir\u0161kinami ma\u017eo dyd\u017eio k\u0105sneliai, pagaminti i\u0161 auk\u0161tos kokyb\u0117s antienos ir menk\u0117s. \u0160ie mini sumu\u0161tiniai puikiai papildo j\u016bs\u0173 \u0161uns diet\u0105, praturtindami j\u0105 didel\u0117s maistin\u0117s vert\u0117s baltymais.\" \/>\n<meta name=\"robots\" content=\"index, follow, max-snippet:-1, max-image-preview:large, max-video-preview:-1\" \/>\n<link rel=\"canonical\" href=\"https:\/\/anivet.lt\/elparduotuve\/produktas\/calibra-joy-dog-mini-duck-and-cod-sandwich-70g-skanestai-sunims-su-antiena-ir-menke\/\" \/>\n<meta property=\"og:locale\" content=\"lt_LT\" \/>\n<meta property=\"og:type\" content=\"article\" \/>\n<meta property=\"og:title\" content=\"Calibra joy dog mini duck and cod sandwich 70g skan\u0117stai \u0161unims su antiena ir menke\" \/>\n<meta property=\"og:description\" content=\"Aromatingi ir lengvai vir\u0161kinami ma\u017eo dyd\u017eio k\u0105sneliai, pagaminti i\u0161 auk\u0161tos kokyb\u0117s antienos ir menk\u0117s. \u0160ie mini sumu\u0161tiniai puikiai papildo j\u016bs\u0173 \u0161uns diet\u0105, praturtindami j\u0105 didel\u0117s maistin\u0117s vert\u0117s baltymais.\" \/>\n<meta property=\"og:url\" content=\"https:\/\/anivet.lt\/elparduotuve\/produktas\/calibra-joy-dog-mini-duck-and-cod-sandwich-70g-skanestai-sunims-su-antiena-ir-menke\/\" \/>\n<meta property=\"og:site_name\" content=\"anivet.lt\" \/>\n<meta property=\"article:modified_time\" content=\"2025-05-27T13:15:42+00:00\" \/>\n<meta property=\"og:image\" content=\"https:\/\/anivet.lt\/elparduotuve\/wp-content\/uploads\/2023\/07\/415-calibra-dog-joy-mini-duck-cod-sandwich.webp\" \/>\n\t<meta property=\"og:image:width\" content=\"1300\" \/>\n\t<meta property=\"og:image:height\" content=\"1300\" \/>\n\t<meta property=\"og:image:type\" content=\"image\/webp\" \/>\n<meta name=\"twitter:card\" content=\"summary_large_image\" \/>\n<meta name=\"twitter:label1\" content=\"Est. reading time\" \/>\n\t<meta name=\"twitter:data1\" content=\"1 minut\u0117\" \/>\n<script type=\"application\/ld+json\" class=\"yoast-schema-graph\">{\"@context\":\"https:\\\/\\\/schema.org\",\"@graph\":[{\"@type\":\"WebPage\",\"@id\":\"https:\\\/\\\/anivet.lt\\\/elparduotuve\\\/produktas\\\/calibra-joy-dog-mini-duck-and-cod-sandwich-70g-skanestai-sunims-su-antiena-ir-menke\\\/\",\"url\":\"https:\\\/\\\/anivet.lt\\\/elparduotuve\\\/produktas\\\/calibra-joy-dog-mini-duck-and-cod-sandwich-70g-skanestai-sunims-su-antiena-ir-menke\\\/\",\"name\":\"Calibra joy dog mini duck and cod sandwich 70g skan\u0117stai \u0161unims su antiena ir menke - anivet.lt\",\"isPartOf\":{\"@id\":\"https:\\\/\\\/anivet.lt\\\/elparduotuve\\\/#website\"},\"primaryImageOfPage\":{\"@id\":\"https:\\\/\\\/anivet.lt\\\/elparduotuve\\\/produktas\\\/calibra-joy-dog-mini-duck-and-cod-sandwich-70g-skanestai-sunims-su-antiena-ir-menke\\\/#primaryimage\"},\"image\":{\"@id\":\"https:\\\/\\\/anivet.lt\\\/elparduotuve\\\/produktas\\\/calibra-joy-dog-mini-duck-and-cod-sandwich-70g-skanestai-sunims-su-antiena-ir-menke\\\/#primaryimage\"},\"thumbnailUrl\":\"https:\\\/\\\/anivet.lt\\\/elparduotuve\\\/wp-content\\\/uploads\\\/2023\\\/07\\\/415-calibra-dog-joy-mini-duck-cod-sandwich.webp\",\"datePublished\":\"2023-07-28T10:28:48+00:00\",\"dateModified\":\"2025-05-27T13:15:42+00:00\",\"description\":\"Aromatingi ir lengvai vir\u0161kinami ma\u017eo dyd\u017eio k\u0105sneliai, pagaminti i\u0161 auk\u0161tos kokyb\u0117s antienos ir menk\u0117s. \u0160ie mini sumu\u0161tiniai puikiai papildo j\u016bs\u0173 \u0161uns diet\u0105, praturtindami j\u0105 didel\u0117s maistin\u0117s vert\u0117s baltymais.\",\"breadcrumb\":{\"@id\":\"https:\\\/\\\/anivet.lt\\\/elparduotuve\\\/produktas\\\/calibra-joy-dog-mini-duck-and-cod-sandwich-70g-skanestai-sunims-su-antiena-ir-menke\\\/#breadcrumb\"},\"inLanguage\":\"lt-LT\",\"potentialAction\":[{\"@type\":\"ReadAction\",\"target\":[\"https:\\\/\\\/anivet.lt\\\/elparduotuve\\\/produktas\\\/calibra-joy-dog-mini-duck-and-cod-sandwich-70g-skanestai-sunims-su-antiena-ir-menke\\\/\"]}]},{\"@type\":\"ImageObject\",\"inLanguage\":\"lt-LT\",\"@id\":\"https:\\\/\\\/anivet.lt\\\/elparduotuve\\\/produktas\\\/calibra-joy-dog-mini-duck-and-cod-sandwich-70g-skanestai-sunims-su-antiena-ir-menke\\\/#primaryimage\",\"url\":\"https:\\\/\\\/anivet.lt\\\/elparduotuve\\\/wp-content\\\/uploads\\\/2023\\\/07\\\/415-calibra-dog-joy-mini-duck-cod-sandwich.webp\",\"contentUrl\":\"https:\\\/\\\/anivet.lt\\\/elparduotuve\\\/wp-content\\\/uploads\\\/2023\\\/07\\\/415-calibra-dog-joy-mini-duck-cod-sandwich.webp\",\"width\":1300,\"height\":1300,\"caption\":\"Calibra joy dog mini duck and cod sandwich 70g skan\u0117stai \u0161unims su antiena ir menke\"},{\"@type\":\"BreadcrumbList\",\"@id\":\"https:\\\/\\\/anivet.lt\\\/elparduotuve\\\/produktas\\\/calibra-joy-dog-mini-duck-and-cod-sandwich-70g-skanestai-sunims-su-antiena-ir-menke\\\/#breadcrumb\",\"itemListElement\":[{\"@type\":\"ListItem\",\"position\":1,\"name\":\"Home\",\"item\":\"https:\\\/\\\/anivet.lt\\\/elparduotuve\\\/\"},{\"@type\":\"ListItem\",\"position\":2,\"name\":\"Produktai\",\"item\":\"https:\\\/\\\/anivet.lt\\\/elparduotuve\\\/produktai\\\/\"},{\"@type\":\"ListItem\",\"position\":3,\"name\":\"Calibra joy dog mini duck and cod sandwich 70g skan\u0117stai \u0161unims su antiena ir menke\"}]},{\"@type\":\"WebSite\",\"@id\":\"https:\\\/\\\/anivet.lt\\\/elparduotuve\\\/#website\",\"url\":\"https:\\\/\\\/anivet.lt\\\/elparduotuve\\\/\",\"name\":\"anivet.lt\",\"description\":\"Viskas J\u016bs\u0173 \u0161uns, kat\u0117s prie\u017ei\u016brai\",\"publisher\":{\"@id\":\"https:\\\/\\\/anivet.lt\\\/elparduotuve\\\/#organization\"},\"alternateName\":\"Viskas J\u016bs\u0173 \u0161uns, kat\u0117s prie\u017ei\u016brai\",\"potentialAction\":[{\"@type\":\"SearchAction\",\"target\":{\"@type\":\"EntryPoint\",\"urlTemplate\":\"https:\\\/\\\/anivet.lt\\\/elparduotuve\\\/?s={search_term_string}\"},\"query-input\":{\"@type\":\"PropertyValueSpecification\",\"valueRequired\":true,\"valueName\":\"search_term_string\"}}],\"inLanguage\":\"lt-LT\"},{\"@type\":\"Organization\",\"@id\":\"https:\\\/\\\/anivet.lt\\\/elparduotuve\\\/#organization\",\"name\":\"Viskas J\u016bs\u0173 \u0161uns, kat\u0117s prie\u017ei\u016brai\",\"url\":\"https:\\\/\\\/anivet.lt\\\/elparduotuve\\\/\",\"logo\":{\"@type\":\"ImageObject\",\"inLanguage\":\"lt-LT\",\"@id\":\"https:\\\/\\\/anivet.lt\\\/elparduotuve\\\/#\\\/schema\\\/logo\\\/image\\\/\",\"url\":\"https:\\\/\\\/anivet.lt\\\/elparduotuve\\\/wp-content\\\/uploads\\\/2023\\\/06\\\/logo2.jpg\",\"contentUrl\":\"https:\\\/\\\/anivet.lt\\\/elparduotuve\\\/wp-content\\\/uploads\\\/2023\\\/06\\\/logo2.jpg\",\"width\":655,\"height\":194,\"caption\":\"Viskas J\u016bs\u0173 \u0161uns, kat\u0117s prie\u017ei\u016brai\"},\"image\":{\"@id\":\"https:\\\/\\\/anivet.lt\\\/elparduotuve\\\/#\\\/schema\\\/logo\\\/image\\\/\"}}]}<\/script>\n<!-- \/ Yoast SEO Premium plugin. -->","yoast_head_json":{"title":"Calibra joy dog mini duck and cod sandwich 70g skan\u0117stai \u0161unims su antiena ir menke - anivet.lt","description":"Aromatingi ir lengvai vir\u0161kinami ma\u017eo dyd\u017eio k\u0105sneliai, pagaminti i\u0161 auk\u0161tos kokyb\u0117s antienos ir menk\u0117s. \u0160ie mini sumu\u0161tiniai puikiai papildo j\u016bs\u0173 \u0161uns diet\u0105, praturtindami j\u0105 didel\u0117s maistin\u0117s vert\u0117s baltymais.","robots":{"index":"index","follow":"follow","max-snippet":"max-snippet:-1","max-image-preview":"max-image-preview:large","max-video-preview":"max-video-preview:-1"},"canonical":"https:\/\/anivet.lt\/elparduotuve\/produktas\/calibra-joy-dog-mini-duck-and-cod-sandwich-70g-skanestai-sunims-su-antiena-ir-menke\/","og_locale":"lt_LT","og_type":"article","og_title":"Calibra joy dog mini duck and cod sandwich 70g skan\u0117stai \u0161unims su antiena ir menke","og_description":"Aromatingi ir lengvai vir\u0161kinami ma\u017eo dyd\u017eio k\u0105sneliai, pagaminti i\u0161 auk\u0161tos kokyb\u0117s antienos ir menk\u0117s. \u0160ie mini sumu\u0161tiniai puikiai papildo j\u016bs\u0173 \u0161uns diet\u0105, praturtindami j\u0105 didel\u0117s maistin\u0117s vert\u0117s baltymais.","og_url":"https:\/\/anivet.lt\/elparduotuve\/produktas\/calibra-joy-dog-mini-duck-and-cod-sandwich-70g-skanestai-sunims-su-antiena-ir-menke\/","og_site_name":"anivet.lt","article_modified_time":"2025-05-27T13:15:42+00:00","og_image":[{"width":1300,"height":1300,"url":"https:\/\/anivet.lt\/elparduotuve\/wp-content\/uploads\/2023\/07\/415-calibra-dog-joy-mini-duck-cod-sandwich.webp","type":"image\/webp"}],"twitter_card":"summary_large_image","twitter_misc":{"Est. reading time":"1 minut\u0117"},"schema":{"@context":"https:\/\/schema.org","@graph":[{"@type":"WebPage","@id":"https:\/\/anivet.lt\/elparduotuve\/produktas\/calibra-joy-dog-mini-duck-and-cod-sandwich-70g-skanestai-sunims-su-antiena-ir-menke\/","url":"https:\/\/anivet.lt\/elparduotuve\/produktas\/calibra-joy-dog-mini-duck-and-cod-sandwich-70g-skanestai-sunims-su-antiena-ir-menke\/","name":"Calibra joy dog mini duck and cod sandwich 70g skan\u0117stai \u0161unims su antiena ir menke - anivet.lt","isPartOf":{"@id":"https:\/\/anivet.lt\/elparduotuve\/#website"},"primaryImageOfPage":{"@id":"https:\/\/anivet.lt\/elparduotuve\/produktas\/calibra-joy-dog-mini-duck-and-cod-sandwich-70g-skanestai-sunims-su-antiena-ir-menke\/#primaryimage"},"image":{"@id":"https:\/\/anivet.lt\/elparduotuve\/produktas\/calibra-joy-dog-mini-duck-and-cod-sandwich-70g-skanestai-sunims-su-antiena-ir-menke\/#primaryimage"},"thumbnailUrl":"https:\/\/anivet.lt\/elparduotuve\/wp-content\/uploads\/2023\/07\/415-calibra-dog-joy-mini-duck-cod-sandwich.webp","datePublished":"2023-07-28T10:28:48+00:00","dateModified":"2025-05-27T13:15:42+00:00","description":"Aromatingi ir lengvai vir\u0161kinami ma\u017eo dyd\u017eio k\u0105sneliai, pagaminti i\u0161 auk\u0161tos kokyb\u0117s antienos ir menk\u0117s. \u0160ie mini sumu\u0161tiniai puikiai papildo j\u016bs\u0173 \u0161uns diet\u0105, praturtindami j\u0105 didel\u0117s maistin\u0117s vert\u0117s baltymais.","breadcrumb":{"@id":"https:\/\/anivet.lt\/elparduotuve\/produktas\/calibra-joy-dog-mini-duck-and-cod-sandwich-70g-skanestai-sunims-su-antiena-ir-menke\/#breadcrumb"},"inLanguage":"lt-LT","potentialAction":[{"@type":"ReadAction","target":["https:\/\/anivet.lt\/elparduotuve\/produktas\/calibra-joy-dog-mini-duck-and-cod-sandwich-70g-skanestai-sunims-su-antiena-ir-menke\/"]}]},{"@type":"ImageObject","inLanguage":"lt-LT","@id":"https:\/\/anivet.lt\/elparduotuve\/produktas\/calibra-joy-dog-mini-duck-and-cod-sandwich-70g-skanestai-sunims-su-antiena-ir-menke\/#primaryimage","url":"https:\/\/anivet.lt\/elparduotuve\/wp-content\/uploads\/2023\/07\/415-calibra-dog-joy-mini-duck-cod-sandwich.webp","contentUrl":"https:\/\/anivet.lt\/elparduotuve\/wp-content\/uploads\/2023\/07\/415-calibra-dog-joy-mini-duck-cod-sandwich.webp","width":1300,"height":1300,"caption":"Calibra joy dog mini duck and cod sandwich 70g skan\u0117stai \u0161unims su antiena ir menke"},{"@type":"BreadcrumbList","@id":"https:\/\/anivet.lt\/elparduotuve\/produktas\/calibra-joy-dog-mini-duck-and-cod-sandwich-70g-skanestai-sunims-su-antiena-ir-menke\/#breadcrumb","itemListElement":[{"@type":"ListItem","position":1,"name":"Home","item":"https:\/\/anivet.lt\/elparduotuve\/"},{"@type":"ListItem","position":2,"name":"Produktai","item":"https:\/\/anivet.lt\/elparduotuve\/produktai\/"},{"@type":"ListItem","position":3,"name":"Calibra joy dog mini duck and cod sandwich 70g skan\u0117stai \u0161unims su antiena ir menke"}]},{"@type":"WebSite","@id":"https:\/\/anivet.lt\/elparduotuve\/#website","url":"https:\/\/anivet.lt\/elparduotuve\/","name":"anivet.lt","description":"Viskas J\u016bs\u0173 \u0161uns, kat\u0117s prie\u017ei\u016brai","publisher":{"@id":"https:\/\/anivet.lt\/elparduotuve\/#organization"},"alternateName":"Viskas J\u016bs\u0173 \u0161uns, kat\u0117s prie\u017ei\u016brai","potentialAction":[{"@type":"SearchAction","target":{"@type":"EntryPoint","urlTemplate":"https:\/\/anivet.lt\/elparduotuve\/?s={search_term_string}"},"query-input":{"@type":"PropertyValueSpecification","valueRequired":true,"valueName":"search_term_string"}}],"inLanguage":"lt-LT"},{"@type":"Organization","@id":"https:\/\/anivet.lt\/elparduotuve\/#organization","name":"Viskas J\u016bs\u0173 \u0161uns, kat\u0117s prie\u017ei\u016brai","url":"https:\/\/anivet.lt\/elparduotuve\/","logo":{"@type":"ImageObject","inLanguage":"lt-LT","@id":"https:\/\/anivet.lt\/elparduotuve\/#\/schema\/logo\/image\/","url":"https:\/\/anivet.lt\/elparduotuve\/wp-content\/uploads\/2023\/06\/logo2.jpg","contentUrl":"https:\/\/anivet.lt\/elparduotuve\/wp-content\/uploads\/2023\/06\/logo2.jpg","width":655,"height":194,"caption":"Viskas J\u016bs\u0173 \u0161uns, kat\u0117s prie\u017ei\u016brai"},"image":{"@id":"https:\/\/anivet.lt\/elparduotuve\/#\/schema\/logo\/image\/"}}]}},"_links":{"self":[{"href":"https:\/\/anivet.lt\/elparduotuve\/wp-json\/wp\/v2\/product\/10930","targetHints":{"allow":["GET"]}}],"collection":[{"href":"https:\/\/anivet.lt\/elparduotuve\/wp-json\/wp\/v2\/product"}],"about":[{"href":"https:\/\/anivet.lt\/elparduotuve\/wp-json\/wp\/v2\/types\/product"}],"wp:featuredmedia":[{"embeddable":true,"href":"https:\/\/anivet.lt\/elparduotuve\/wp-json\/wp\/v2\/media\/10931"}],"wp:attachment":[{"href":"https:\/\/anivet.lt\/elparduotuve\/wp-json\/wp\/v2\/media?parent=10930"}],"wp:term":[{"taxonomy":"product_brand","embeddable":true,"href":"https:\/\/anivet.lt\/elparduotuve\/wp-json\/wp\/v2\/product_brand?post=10930"},{"taxonomy":"product_cat","embeddable":true,"href":"https:\/\/anivet.lt\/elparduotuve\/wp-json\/wp\/v2\/product_cat?post=10930"},{"taxonomy":"product_tag","embeddable":true,"href":"https:\/\/anivet.lt\/elparduotuve\/wp-json\/wp\/v2\/product_tag?post=10930"}],"curies":[{"name":"wp","href":"https:\/\/api.w.org\/{rel}","templated":true}]}}