{"id":10932,"date":"2023-07-28T10:37:40","date_gmt":"2023-07-28T10:37:40","guid":{"rendered":"https:\/\/anivet.lt\/elparduotuve\/?post_type=product&#038;p=10932"},"modified":"2026-03-03T16:43:38","modified_gmt":"2026-03-03T16:43:38","slug":"calibra-joy-cat-classic-salmon-sticks-70g-skanestai-katems-su-lasisa","status":"publish","type":"product","link":"https:\/\/anivet.lt\/elparduotuve\/produktas\/calibra-joy-cat-classic-salmon-sticks-70g-skanestai-katems-su-lasisa\/","title":{"rendered":"Calibra joy cat classic salmon sticks 70g skan\u0117stai kat\u0117ms su la\u0161i\u0161a"},"content":{"rendered":"<ul>\n<li style=\"font-weight: 400;\" aria-level=\"1\"><span style=\"font-weight: 400;\">Auk\u0161tas baltym\u0173 kiekis: 40 % \u017eali\u0173j\u0173 baltym\u0173 u\u017etikrina svarbi\u0173 maistini\u0173 med\u017eiag\u0173 tiekim\u0105.<\/span><\/li>\n<li style=\"font-weight: 400;\" aria-level=\"1\"><span style=\"font-weight: 400;\">Nesotieji riebalai: Palaiko sveik\u0105 od\u0105 ir blizgant\u012f kail\u012f.<\/span><\/li>\n<li style=\"font-weight: 400;\" aria-level=\"1\"><span style=\"font-weight: 400;\">Lengvai vir\u0161kinamos: Pagamintos i\u0161 auk\u0161tos kokyb\u0117s \u017euvies ir vi\u0161tienos.<\/span><\/li>\n<li style=\"font-weight: 400;\" aria-level=\"1\"><span style=\"font-weight: 400;\">Patrauklus skonis: Aromatingas gard\u0117sis, tinkantis net i\u0161rankiausioms kat\u0117ms.<\/span><\/li>\n<li style=\"font-weight: 400;\" aria-level=\"1\"><span style=\"font-weight: 400;\">Praturtina racion\u0105: Papildo kasdien\u0119 mityb\u0105 svarbiais komponentais.<\/span><\/li>\n<\/ul>\n<p><span style=\"font-weight: 400;\">\u201eCalibra Joy Cat Classic Salmon Sticks\u201c \u2013 tai puikus pasirinkimas j\u016bs\u0173 katei kaip sveikas u\u017ekandis ar atlygis. Skanus, maistingas ir patogus naudoti.<\/span><\/p>\n","protected":false},"excerpt":{"rendered":"<p><span style=\"font-weight: 400;\">\u0160ios la\u0161i\u0161os lazdel\u0117s \u2013 puikus sveikas ir skanus pasirinkimas j\u016bs\u0173 katei. Aromatingos ir gard\u017eios, jos ne tik prad\u017eiugins, bet ir praturtins kasdien\u012f j\u016bs\u0173 augintinio racion\u0105 svarbiomis maistin\u0117mis med\u017eiagomis.<\/span><\/p>\n","protected":false},"featured_media":10933,"template":"","meta":[],"product_brand":[],"product_cat":[114,102,117,339],"product_tag":[],"class_list":{"0":"post-10932","1":"product","2":"type-product","3":"status-publish","4":"has-post-thumbnail","6":"product_cat-kaciu-maistas","7":"product_cat-katems","8":"product_cat-skanestai-katems","9":"product_cat-calibra-kaciu-maistas","10":"pa_prekinis-zenklas-calibra","12":"first","13":"outofstock","14":"taxable","15":"shipping-taxable","16":"purchasable","17":"product-type-simple"},"yoast_head":"<!-- This site is optimized with the Yoast SEO Premium plugin v27.1 (Yoast SEO v27.3) - https:\/\/yoast.com\/product\/yoast-seo-premium-wordpress\/ -->\n<title>Calibra joy cat classic salmon sticks 70g skan\u0117stai kat\u0117ms su la\u0161i\u0161a - anivet.lt<\/title>\n<meta name=\"description\" content=\"\u0160ios la\u0161i\u0161os lazdel\u0117s \u2013 puikus sveikas ir skanus pasirinkimas j\u016bs\u0173 katei. Aromatingos ir gard\u017eios, jos ne tik prad\u017eiugins, bet ir praturtins kasdien\u012f j\u016bs\u0173 augintinio racion\u0105 svarbiomis maistin\u0117mis med\u017eiagomis.\" \/>\n<meta name=\"robots\" content=\"index, follow, max-snippet:-1, max-image-preview:large, max-video-preview:-1\" \/>\n<link rel=\"canonical\" href=\"https:\/\/anivet.lt\/elparduotuve\/produktas\/calibra-joy-cat-classic-salmon-sticks-70g-skanestai-katems-su-lasisa\/\" \/>\n<meta property=\"og:locale\" content=\"lt_LT\" \/>\n<meta property=\"og:type\" content=\"article\" \/>\n<meta property=\"og:title\" content=\"Calibra joy cat classic salmon sticks 70g skan\u0117stai kat\u0117ms su la\u0161i\u0161a\" \/>\n<meta property=\"og:description\" content=\"\u0160ios la\u0161i\u0161os lazdel\u0117s \u2013 puikus sveikas ir skanus pasirinkimas j\u016bs\u0173 katei. Aromatingos ir gard\u017eios, jos ne tik prad\u017eiugins, bet ir praturtins kasdien\u012f j\u016bs\u0173 augintinio racion\u0105 svarbiomis maistin\u0117mis med\u017eiagomis.\" \/>\n<meta property=\"og:url\" content=\"https:\/\/anivet.lt\/elparduotuve\/produktas\/calibra-joy-cat-classic-salmon-sticks-70g-skanestai-katems-su-lasisa\/\" \/>\n<meta property=\"og:site_name\" content=\"anivet.lt\" \/>\n<meta property=\"article:modified_time\" content=\"2026-03-03T16:43:38+00:00\" \/>\n<meta property=\"og:image\" content=\"https:\/\/anivet.lt\/elparduotuve\/wp-content\/uploads\/2023\/07\/484-calibra-cat-joy-classic-salmon-sticks.webp\" \/>\n\t<meta property=\"og:image:width\" content=\"1300\" \/>\n\t<meta property=\"og:image:height\" content=\"1300\" \/>\n\t<meta property=\"og:image:type\" content=\"image\/webp\" \/>\n<meta name=\"twitter:card\" content=\"summary_large_image\" \/>\n<meta name=\"twitter:label1\" content=\"Est. reading time\" \/>\n\t<meta name=\"twitter:data1\" content=\"1 minut\u0117\" \/>\n<script type=\"application\/ld+json\" class=\"yoast-schema-graph\">{\"@context\":\"https:\\\/\\\/schema.org\",\"@graph\":[{\"@type\":\"WebPage\",\"@id\":\"https:\\\/\\\/anivet.lt\\\/elparduotuve\\\/produktas\\\/calibra-joy-cat-classic-salmon-sticks-70g-skanestai-katems-su-lasisa\\\/\",\"url\":\"https:\\\/\\\/anivet.lt\\\/elparduotuve\\\/produktas\\\/calibra-joy-cat-classic-salmon-sticks-70g-skanestai-katems-su-lasisa\\\/\",\"name\":\"Calibra joy cat classic salmon sticks 70g skan\u0117stai kat\u0117ms su la\u0161i\u0161a - anivet.lt\",\"isPartOf\":{\"@id\":\"https:\\\/\\\/anivet.lt\\\/elparduotuve\\\/#website\"},\"primaryImageOfPage\":{\"@id\":\"https:\\\/\\\/anivet.lt\\\/elparduotuve\\\/produktas\\\/calibra-joy-cat-classic-salmon-sticks-70g-skanestai-katems-su-lasisa\\\/#primaryimage\"},\"image\":{\"@id\":\"https:\\\/\\\/anivet.lt\\\/elparduotuve\\\/produktas\\\/calibra-joy-cat-classic-salmon-sticks-70g-skanestai-katems-su-lasisa\\\/#primaryimage\"},\"thumbnailUrl\":\"https:\\\/\\\/anivet.lt\\\/elparduotuve\\\/wp-content\\\/uploads\\\/2023\\\/07\\\/484-calibra-cat-joy-classic-salmon-sticks.webp\",\"datePublished\":\"2023-07-28T10:37:40+00:00\",\"dateModified\":\"2026-03-03T16:43:38+00:00\",\"description\":\"\u0160ios la\u0161i\u0161os lazdel\u0117s \u2013 puikus sveikas ir skanus pasirinkimas j\u016bs\u0173 katei. Aromatingos ir gard\u017eios, jos ne tik prad\u017eiugins, bet ir praturtins kasdien\u012f j\u016bs\u0173 augintinio racion\u0105 svarbiomis maistin\u0117mis med\u017eiagomis.\",\"breadcrumb\":{\"@id\":\"https:\\\/\\\/anivet.lt\\\/elparduotuve\\\/produktas\\\/calibra-joy-cat-classic-salmon-sticks-70g-skanestai-katems-su-lasisa\\\/#breadcrumb\"},\"inLanguage\":\"lt-LT\",\"potentialAction\":[{\"@type\":\"ReadAction\",\"target\":[\"https:\\\/\\\/anivet.lt\\\/elparduotuve\\\/produktas\\\/calibra-joy-cat-classic-salmon-sticks-70g-skanestai-katems-su-lasisa\\\/\"]}]},{\"@type\":\"ImageObject\",\"inLanguage\":\"lt-LT\",\"@id\":\"https:\\\/\\\/anivet.lt\\\/elparduotuve\\\/produktas\\\/calibra-joy-cat-classic-salmon-sticks-70g-skanestai-katems-su-lasisa\\\/#primaryimage\",\"url\":\"https:\\\/\\\/anivet.lt\\\/elparduotuve\\\/wp-content\\\/uploads\\\/2023\\\/07\\\/484-calibra-cat-joy-classic-salmon-sticks.webp\",\"contentUrl\":\"https:\\\/\\\/anivet.lt\\\/elparduotuve\\\/wp-content\\\/uploads\\\/2023\\\/07\\\/484-calibra-cat-joy-classic-salmon-sticks.webp\",\"width\":1300,\"height\":1300,\"caption\":\"Calibra joy cat classic salmon sticks 70g skan\u0117stai kat\u0117ms su la\u0161i\u0161a\"},{\"@type\":\"BreadcrumbList\",\"@id\":\"https:\\\/\\\/anivet.lt\\\/elparduotuve\\\/produktas\\\/calibra-joy-cat-classic-salmon-sticks-70g-skanestai-katems-su-lasisa\\\/#breadcrumb\",\"itemListElement\":[{\"@type\":\"ListItem\",\"position\":1,\"name\":\"Home\",\"item\":\"https:\\\/\\\/anivet.lt\\\/elparduotuve\\\/\"},{\"@type\":\"ListItem\",\"position\":2,\"name\":\"Produktai\",\"item\":\"https:\\\/\\\/anivet.lt\\\/elparduotuve\\\/produktai\\\/\"},{\"@type\":\"ListItem\",\"position\":3,\"name\":\"Calibra joy cat classic salmon sticks 70g skan\u0117stai kat\u0117ms su la\u0161i\u0161a\"}]},{\"@type\":\"WebSite\",\"@id\":\"https:\\\/\\\/anivet.lt\\\/elparduotuve\\\/#website\",\"url\":\"https:\\\/\\\/anivet.lt\\\/elparduotuve\\\/\",\"name\":\"anivet.lt\",\"description\":\"Viskas J\u016bs\u0173 \u0161uns, kat\u0117s prie\u017ei\u016brai\",\"publisher\":{\"@id\":\"https:\\\/\\\/anivet.lt\\\/elparduotuve\\\/#organization\"},\"alternateName\":\"Viskas J\u016bs\u0173 \u0161uns, kat\u0117s prie\u017ei\u016brai\",\"potentialAction\":[{\"@type\":\"SearchAction\",\"target\":{\"@type\":\"EntryPoint\",\"urlTemplate\":\"https:\\\/\\\/anivet.lt\\\/elparduotuve\\\/?s={search_term_string}\"},\"query-input\":{\"@type\":\"PropertyValueSpecification\",\"valueRequired\":true,\"valueName\":\"search_term_string\"}}],\"inLanguage\":\"lt-LT\"},{\"@type\":\"Organization\",\"@id\":\"https:\\\/\\\/anivet.lt\\\/elparduotuve\\\/#organization\",\"name\":\"Viskas J\u016bs\u0173 \u0161uns, kat\u0117s prie\u017ei\u016brai\",\"url\":\"https:\\\/\\\/anivet.lt\\\/elparduotuve\\\/\",\"logo\":{\"@type\":\"ImageObject\",\"inLanguage\":\"lt-LT\",\"@id\":\"https:\\\/\\\/anivet.lt\\\/elparduotuve\\\/#\\\/schema\\\/logo\\\/image\\\/\",\"url\":\"https:\\\/\\\/anivet.lt\\\/elparduotuve\\\/wp-content\\\/uploads\\\/2023\\\/06\\\/logo2.jpg\",\"contentUrl\":\"https:\\\/\\\/anivet.lt\\\/elparduotuve\\\/wp-content\\\/uploads\\\/2023\\\/06\\\/logo2.jpg\",\"width\":655,\"height\":194,\"caption\":\"Viskas J\u016bs\u0173 \u0161uns, kat\u0117s prie\u017ei\u016brai\"},\"image\":{\"@id\":\"https:\\\/\\\/anivet.lt\\\/elparduotuve\\\/#\\\/schema\\\/logo\\\/image\\\/\"}}]}<\/script>\n<!-- \/ Yoast SEO Premium plugin. -->","yoast_head_json":{"title":"Calibra joy cat classic salmon sticks 70g skan\u0117stai kat\u0117ms su la\u0161i\u0161a - anivet.lt","description":"\u0160ios la\u0161i\u0161os lazdel\u0117s \u2013 puikus sveikas ir skanus pasirinkimas j\u016bs\u0173 katei. Aromatingos ir gard\u017eios, jos ne tik prad\u017eiugins, bet ir praturtins kasdien\u012f j\u016bs\u0173 augintinio racion\u0105 svarbiomis maistin\u0117mis med\u017eiagomis.","robots":{"index":"index","follow":"follow","max-snippet":"max-snippet:-1","max-image-preview":"max-image-preview:large","max-video-preview":"max-video-preview:-1"},"canonical":"https:\/\/anivet.lt\/elparduotuve\/produktas\/calibra-joy-cat-classic-salmon-sticks-70g-skanestai-katems-su-lasisa\/","og_locale":"lt_LT","og_type":"article","og_title":"Calibra joy cat classic salmon sticks 70g skan\u0117stai kat\u0117ms su la\u0161i\u0161a","og_description":"\u0160ios la\u0161i\u0161os lazdel\u0117s \u2013 puikus sveikas ir skanus pasirinkimas j\u016bs\u0173 katei. Aromatingos ir gard\u017eios, jos ne tik prad\u017eiugins, bet ir praturtins kasdien\u012f j\u016bs\u0173 augintinio racion\u0105 svarbiomis maistin\u0117mis med\u017eiagomis.","og_url":"https:\/\/anivet.lt\/elparduotuve\/produktas\/calibra-joy-cat-classic-salmon-sticks-70g-skanestai-katems-su-lasisa\/","og_site_name":"anivet.lt","article_modified_time":"2026-03-03T16:43:38+00:00","og_image":[{"width":1300,"height":1300,"url":"https:\/\/anivet.lt\/elparduotuve\/wp-content\/uploads\/2023\/07\/484-calibra-cat-joy-classic-salmon-sticks.webp","type":"image\/webp"}],"twitter_card":"summary_large_image","twitter_misc":{"Est. reading time":"1 minut\u0117"},"schema":{"@context":"https:\/\/schema.org","@graph":[{"@type":"WebPage","@id":"https:\/\/anivet.lt\/elparduotuve\/produktas\/calibra-joy-cat-classic-salmon-sticks-70g-skanestai-katems-su-lasisa\/","url":"https:\/\/anivet.lt\/elparduotuve\/produktas\/calibra-joy-cat-classic-salmon-sticks-70g-skanestai-katems-su-lasisa\/","name":"Calibra joy cat classic salmon sticks 70g skan\u0117stai kat\u0117ms su la\u0161i\u0161a - anivet.lt","isPartOf":{"@id":"https:\/\/anivet.lt\/elparduotuve\/#website"},"primaryImageOfPage":{"@id":"https:\/\/anivet.lt\/elparduotuve\/produktas\/calibra-joy-cat-classic-salmon-sticks-70g-skanestai-katems-su-lasisa\/#primaryimage"},"image":{"@id":"https:\/\/anivet.lt\/elparduotuve\/produktas\/calibra-joy-cat-classic-salmon-sticks-70g-skanestai-katems-su-lasisa\/#primaryimage"},"thumbnailUrl":"https:\/\/anivet.lt\/elparduotuve\/wp-content\/uploads\/2023\/07\/484-calibra-cat-joy-classic-salmon-sticks.webp","datePublished":"2023-07-28T10:37:40+00:00","dateModified":"2026-03-03T16:43:38+00:00","description":"\u0160ios la\u0161i\u0161os lazdel\u0117s \u2013 puikus sveikas ir skanus pasirinkimas j\u016bs\u0173 katei. Aromatingos ir gard\u017eios, jos ne tik prad\u017eiugins, bet ir praturtins kasdien\u012f j\u016bs\u0173 augintinio racion\u0105 svarbiomis maistin\u0117mis med\u017eiagomis.","breadcrumb":{"@id":"https:\/\/anivet.lt\/elparduotuve\/produktas\/calibra-joy-cat-classic-salmon-sticks-70g-skanestai-katems-su-lasisa\/#breadcrumb"},"inLanguage":"lt-LT","potentialAction":[{"@type":"ReadAction","target":["https:\/\/anivet.lt\/elparduotuve\/produktas\/calibra-joy-cat-classic-salmon-sticks-70g-skanestai-katems-su-lasisa\/"]}]},{"@type":"ImageObject","inLanguage":"lt-LT","@id":"https:\/\/anivet.lt\/elparduotuve\/produktas\/calibra-joy-cat-classic-salmon-sticks-70g-skanestai-katems-su-lasisa\/#primaryimage","url":"https:\/\/anivet.lt\/elparduotuve\/wp-content\/uploads\/2023\/07\/484-calibra-cat-joy-classic-salmon-sticks.webp","contentUrl":"https:\/\/anivet.lt\/elparduotuve\/wp-content\/uploads\/2023\/07\/484-calibra-cat-joy-classic-salmon-sticks.webp","width":1300,"height":1300,"caption":"Calibra joy cat classic salmon sticks 70g skan\u0117stai kat\u0117ms su la\u0161i\u0161a"},{"@type":"BreadcrumbList","@id":"https:\/\/anivet.lt\/elparduotuve\/produktas\/calibra-joy-cat-classic-salmon-sticks-70g-skanestai-katems-su-lasisa\/#breadcrumb","itemListElement":[{"@type":"ListItem","position":1,"name":"Home","item":"https:\/\/anivet.lt\/elparduotuve\/"},{"@type":"ListItem","position":2,"name":"Produktai","item":"https:\/\/anivet.lt\/elparduotuve\/produktai\/"},{"@type":"ListItem","position":3,"name":"Calibra joy cat classic salmon sticks 70g skan\u0117stai kat\u0117ms su la\u0161i\u0161a"}]},{"@type":"WebSite","@id":"https:\/\/anivet.lt\/elparduotuve\/#website","url":"https:\/\/anivet.lt\/elparduotuve\/","name":"anivet.lt","description":"Viskas J\u016bs\u0173 \u0161uns, kat\u0117s prie\u017ei\u016brai","publisher":{"@id":"https:\/\/anivet.lt\/elparduotuve\/#organization"},"alternateName":"Viskas J\u016bs\u0173 \u0161uns, kat\u0117s prie\u017ei\u016brai","potentialAction":[{"@type":"SearchAction","target":{"@type":"EntryPoint","urlTemplate":"https:\/\/anivet.lt\/elparduotuve\/?s={search_term_string}"},"query-input":{"@type":"PropertyValueSpecification","valueRequired":true,"valueName":"search_term_string"}}],"inLanguage":"lt-LT"},{"@type":"Organization","@id":"https:\/\/anivet.lt\/elparduotuve\/#organization","name":"Viskas J\u016bs\u0173 \u0161uns, kat\u0117s prie\u017ei\u016brai","url":"https:\/\/anivet.lt\/elparduotuve\/","logo":{"@type":"ImageObject","inLanguage":"lt-LT","@id":"https:\/\/anivet.lt\/elparduotuve\/#\/schema\/logo\/image\/","url":"https:\/\/anivet.lt\/elparduotuve\/wp-content\/uploads\/2023\/06\/logo2.jpg","contentUrl":"https:\/\/anivet.lt\/elparduotuve\/wp-content\/uploads\/2023\/06\/logo2.jpg","width":655,"height":194,"caption":"Viskas J\u016bs\u0173 \u0161uns, kat\u0117s prie\u017ei\u016brai"},"image":{"@id":"https:\/\/anivet.lt\/elparduotuve\/#\/schema\/logo\/image\/"}}]}},"_links":{"self":[{"href":"https:\/\/anivet.lt\/elparduotuve\/wp-json\/wp\/v2\/product\/10932","targetHints":{"allow":["GET"]}}],"collection":[{"href":"https:\/\/anivet.lt\/elparduotuve\/wp-json\/wp\/v2\/product"}],"about":[{"href":"https:\/\/anivet.lt\/elparduotuve\/wp-json\/wp\/v2\/types\/product"}],"wp:featuredmedia":[{"embeddable":true,"href":"https:\/\/anivet.lt\/elparduotuve\/wp-json\/wp\/v2\/media\/10933"}],"wp:attachment":[{"href":"https:\/\/anivet.lt\/elparduotuve\/wp-json\/wp\/v2\/media?parent=10932"}],"wp:term":[{"taxonomy":"product_brand","embeddable":true,"href":"https:\/\/anivet.lt\/elparduotuve\/wp-json\/wp\/v2\/product_brand?post=10932"},{"taxonomy":"product_cat","embeddable":true,"href":"https:\/\/anivet.lt\/elparduotuve\/wp-json\/wp\/v2\/product_cat?post=10932"},{"taxonomy":"product_tag","embeddable":true,"href":"https:\/\/anivet.lt\/elparduotuve\/wp-json\/wp\/v2\/product_tag?post=10932"}],"curies":[{"name":"wp","href":"https:\/\/api.w.org\/{rel}","templated":true}]}}