{"id":10935,"date":"2023-07-31T07:26:13","date_gmt":"2023-07-31T07:26:13","guid":{"rendered":"https:\/\/anivet.lt\/elparduotuve\/?post_type=product&#038;p=10935"},"modified":"2025-05-27T13:15:45","modified_gmt":"2025-05-27T13:15:45","slug":"josera-help-gastrointestinal-dog-dry-sausas-maistas-sunims","status":"publish","type":"product","link":"https:\/\/anivet.lt\/elparduotuve\/produktas\/josera-help-gastrointestinal-dog-dry-sausas-maistas-sunims\/","title":{"rendered":"Josera Help Gastrointestinal Dog Dry sausas maistas \u0161unims 10kg"},"content":{"rendered":"<p><span style=\"font-weight: 400;\">\u0160is lengvai vir\u0161kinamas sausas maistas yra specialiai sukurtas \u0161unims, ken\u010diantiems nuo \u016bmi\u0173 ar l\u0117tini\u0173 vir\u0161kinimo trakto sutrikim\u0173. Jo subalansuota sud\u0117tis padeda atkurti vir\u0161kinamojo trakto sveikat\u0105 ir gr\u0105\u017eina apetit\u0105.<\/span><\/p>\n<ul>\n<li style=\"font-weight: 400;\" aria-level=\"1\"><span style=\"font-weight: 400;\">Lengvai vir\u0161kinamas: Rinktiniai, lengvai vir\u0161kinami ingredientai be glitimo padeda atkurti vir\u0161kinimo funkcij\u0105.<\/span><\/li>\n<li style=\"font-weight: 400;\" aria-level=\"1\"><span style=\"font-weight: 400;\">Pagerina vir\u0161kinim\u0105: Maistin\u0117s skaidulos skatina ger\u0173j\u0173 bakterij\u0173 dauginim\u0105si ir reguliuoja \u017earnyno veikl\u0105.<\/span><\/li>\n<li style=\"font-weight: 400;\" aria-level=\"1\"><span style=\"font-weight: 400;\">Fitogeninis kompleksas: Raudon\u0117lis ir kitos nat\u016bralios \u017eolel\u0117s palaiko sveik\u0105 vir\u0161kinim\u0105 ir \u017earnyno peristaltik\u0105.<\/span><\/li>\n<li style=\"font-weight: 400;\" aria-level=\"1\"><span style=\"font-weight: 400;\">Gerina i\u0161mat\u0173 konsistencij\u0105: Nat\u016bral\u016bs skaidul\u0173 \u0161altiniai, tokie kaip cikorij\u0173 \u0161aknys ir runkeli\u0173 mink\u0161timas, padeda reguliuoti vir\u0161kinim\u0105.<\/span><\/li>\n<li style=\"font-weight: 400;\" aria-level=\"1\"><span style=\"font-weight: 400;\">Visavertis maistas: Pritaikytas kasdienei suaugusi\u0173 \u0161un\u0173 mitybai, turintiems vir\u0161kinimo problem\u0173.<\/span><\/li>\n<\/ul>\n<p><span style=\"font-weight: 400;\">Puikus pasirinkimas \u0161unims, kuriems reikia pagalbos sprend\u017eiant vir\u0161kinimo sutrikimus. Jo lengvai vir\u0161kinama sud\u0117tis ir nat\u016bral\u016bs ingredientai u\u017etikrina, kad j\u016bs\u0173 augintinis jaust\u0173si geriau, o jo vir\u0161kinimo sistema funkcionuot\u0173 optimaliai.<\/span><\/p>\n","protected":false},"excerpt":{"rendered":"<p lang=\"lt-LT\"><span style=\"color: #ff0000;\"><strong>D\u0117l u\u017esakymo teirautis tel. <span lang=\"en-US\">+370 671 55300 <\/span>arba fizin\u0117je parduotuv\u0117je.<\/strong><\/span><\/p>\n","protected":false},"featured_media":10939,"template":"","meta":[],"product_brand":[],"product_cat":[101,103,107,334],"product_tag":[],"class_list":{"0":"post-10935","1":"product","2":"type-product","3":"status-publish","4":"has-post-thumbnail","6":"product_cat-sunims","7":"product_cat-sunu-maistas","8":"product_cat-veterinarine-dieta","9":"product_cat-josera-sunu-maistas","10":"pa_prekinis-zenklas-josera-help","12":"first","13":"instock","14":"taxable","15":"shipping-taxable","16":"product-type-simple"},"yoast_head":"<!-- This site is optimized with the Yoast SEO Premium plugin v27.1 (Yoast SEO v27.3) - https:\/\/yoast.com\/product\/yoast-seo-premium-wordpress\/ -->\n<title>Josera Help Gastrointestinal Dog Dry sausas maistas \u0161unims 10kg - anivet.lt<\/title>\n<meta name=\"description\" content=\"D\u0117l u\u017esakymo teirautis tel. +370 671 55300 arba fizin\u0117je parduotuv\u0117je.\" \/>\n<meta name=\"robots\" content=\"index, follow, max-snippet:-1, max-image-preview:large, max-video-preview:-1\" \/>\n<link rel=\"canonical\" href=\"https:\/\/anivet.lt\/elparduotuve\/produktas\/josera-help-gastrointestinal-dog-dry-sausas-maistas-sunims\/\" \/>\n<meta property=\"og:locale\" content=\"lt_LT\" \/>\n<meta property=\"og:type\" content=\"article\" \/>\n<meta property=\"og:title\" content=\"Josera Help Gastrointestinal Dog Dry sausas maistas \u0161unims 10kg\" \/>\n<meta property=\"og:description\" content=\"D\u0117l u\u017esakymo teirautis tel. +370 671 55300 arba fizin\u0117je parduotuv\u0117je.\" \/>\n<meta property=\"og:url\" content=\"https:\/\/anivet.lt\/elparduotuve\/produktas\/josera-help-gastrointestinal-dog-dry-sausas-maistas-sunims\/\" \/>\n<meta property=\"og:site_name\" content=\"anivet.lt\" \/>\n<meta property=\"article:modified_time\" content=\"2025-05-27T13:15:45+00:00\" \/>\n<meta property=\"og:image\" content=\"https:\/\/anivet.lt\/elparduotuve\/wp-content\/uploads\/2023\/07\/4032254768159_Hund_Josera_Help_GastroIntestinal_10kg_seitlich.png\" \/>\n\t<meta property=\"og:image:width\" content=\"1850\" \/>\n\t<meta property=\"og:image:height\" content=\"2312\" \/>\n\t<meta property=\"og:image:type\" content=\"image\/png\" \/>\n<meta name=\"twitter:card\" content=\"summary_large_image\" \/>\n<meta name=\"twitter:label1\" content=\"Est. reading time\" \/>\n\t<meta name=\"twitter:data1\" content=\"1 minut\u0117\" \/>\n<script type=\"application\/ld+json\" class=\"yoast-schema-graph\">{\"@context\":\"https:\\\/\\\/schema.org\",\"@graph\":[{\"@type\":\"WebPage\",\"@id\":\"https:\\\/\\\/anivet.lt\\\/elparduotuve\\\/produktas\\\/josera-help-gastrointestinal-dog-dry-sausas-maistas-sunims\\\/\",\"url\":\"https:\\\/\\\/anivet.lt\\\/elparduotuve\\\/produktas\\\/josera-help-gastrointestinal-dog-dry-sausas-maistas-sunims\\\/\",\"name\":\"Josera Help Gastrointestinal Dog Dry sausas maistas \u0161unims 10kg - anivet.lt\",\"isPartOf\":{\"@id\":\"https:\\\/\\\/anivet.lt\\\/elparduotuve\\\/#website\"},\"primaryImageOfPage\":{\"@id\":\"https:\\\/\\\/anivet.lt\\\/elparduotuve\\\/produktas\\\/josera-help-gastrointestinal-dog-dry-sausas-maistas-sunims\\\/#primaryimage\"},\"image\":{\"@id\":\"https:\\\/\\\/anivet.lt\\\/elparduotuve\\\/produktas\\\/josera-help-gastrointestinal-dog-dry-sausas-maistas-sunims\\\/#primaryimage\"},\"thumbnailUrl\":\"https:\\\/\\\/anivet.lt\\\/elparduotuve\\\/wp-content\\\/uploads\\\/2023\\\/07\\\/4032254768159_Hund_Josera_Help_GastroIntestinal_10kg_seitlich.png\",\"datePublished\":\"2023-07-31T07:26:13+00:00\",\"dateModified\":\"2025-05-27T13:15:45+00:00\",\"description\":\"D\u0117l u\u017esakymo teirautis tel. +370 671 55300 arba fizin\u0117je parduotuv\u0117je.\",\"breadcrumb\":{\"@id\":\"https:\\\/\\\/anivet.lt\\\/elparduotuve\\\/produktas\\\/josera-help-gastrointestinal-dog-dry-sausas-maistas-sunims\\\/#breadcrumb\"},\"inLanguage\":\"lt-LT\",\"potentialAction\":[{\"@type\":\"ReadAction\",\"target\":[\"https:\\\/\\\/anivet.lt\\\/elparduotuve\\\/produktas\\\/josera-help-gastrointestinal-dog-dry-sausas-maistas-sunims\\\/\"]}]},{\"@type\":\"ImageObject\",\"inLanguage\":\"lt-LT\",\"@id\":\"https:\\\/\\\/anivet.lt\\\/elparduotuve\\\/produktas\\\/josera-help-gastrointestinal-dog-dry-sausas-maistas-sunims\\\/#primaryimage\",\"url\":\"https:\\\/\\\/anivet.lt\\\/elparduotuve\\\/wp-content\\\/uploads\\\/2023\\\/07\\\/4032254768159_Hund_Josera_Help_GastroIntestinal_10kg_seitlich.png\",\"contentUrl\":\"https:\\\/\\\/anivet.lt\\\/elparduotuve\\\/wp-content\\\/uploads\\\/2023\\\/07\\\/4032254768159_Hund_Josera_Help_GastroIntestinal_10kg_seitlich.png\",\"width\":1850,\"height\":2312,\"caption\":\"Josera Help Gastrointestinal Dog Dry sausas maistas \u0161unims 10kg\"},{\"@type\":\"BreadcrumbList\",\"@id\":\"https:\\\/\\\/anivet.lt\\\/elparduotuve\\\/produktas\\\/josera-help-gastrointestinal-dog-dry-sausas-maistas-sunims\\\/#breadcrumb\",\"itemListElement\":[{\"@type\":\"ListItem\",\"position\":1,\"name\":\"Home\",\"item\":\"https:\\\/\\\/anivet.lt\\\/elparduotuve\\\/\"},{\"@type\":\"ListItem\",\"position\":2,\"name\":\"Produktai\",\"item\":\"https:\\\/\\\/anivet.lt\\\/elparduotuve\\\/produktai\\\/\"},{\"@type\":\"ListItem\",\"position\":3,\"name\":\"Josera Help Gastrointestinal Dog Dry sausas maistas \u0161unims 10kg\"}]},{\"@type\":\"WebSite\",\"@id\":\"https:\\\/\\\/anivet.lt\\\/elparduotuve\\\/#website\",\"url\":\"https:\\\/\\\/anivet.lt\\\/elparduotuve\\\/\",\"name\":\"anivet.lt\",\"description\":\"Viskas J\u016bs\u0173 \u0161uns, kat\u0117s prie\u017ei\u016brai\",\"publisher\":{\"@id\":\"https:\\\/\\\/anivet.lt\\\/elparduotuve\\\/#organization\"},\"alternateName\":\"Viskas J\u016bs\u0173 \u0161uns, kat\u0117s prie\u017ei\u016brai\",\"potentialAction\":[{\"@type\":\"SearchAction\",\"target\":{\"@type\":\"EntryPoint\",\"urlTemplate\":\"https:\\\/\\\/anivet.lt\\\/elparduotuve\\\/?s={search_term_string}\"},\"query-input\":{\"@type\":\"PropertyValueSpecification\",\"valueRequired\":true,\"valueName\":\"search_term_string\"}}],\"inLanguage\":\"lt-LT\"},{\"@type\":\"Organization\",\"@id\":\"https:\\\/\\\/anivet.lt\\\/elparduotuve\\\/#organization\",\"name\":\"Viskas J\u016bs\u0173 \u0161uns, kat\u0117s prie\u017ei\u016brai\",\"url\":\"https:\\\/\\\/anivet.lt\\\/elparduotuve\\\/\",\"logo\":{\"@type\":\"ImageObject\",\"inLanguage\":\"lt-LT\",\"@id\":\"https:\\\/\\\/anivet.lt\\\/elparduotuve\\\/#\\\/schema\\\/logo\\\/image\\\/\",\"url\":\"https:\\\/\\\/anivet.lt\\\/elparduotuve\\\/wp-content\\\/uploads\\\/2023\\\/06\\\/logo2.jpg\",\"contentUrl\":\"https:\\\/\\\/anivet.lt\\\/elparduotuve\\\/wp-content\\\/uploads\\\/2023\\\/06\\\/logo2.jpg\",\"width\":655,\"height\":194,\"caption\":\"Viskas J\u016bs\u0173 \u0161uns, kat\u0117s prie\u017ei\u016brai\"},\"image\":{\"@id\":\"https:\\\/\\\/anivet.lt\\\/elparduotuve\\\/#\\\/schema\\\/logo\\\/image\\\/\"}}]}<\/script>\n<!-- \/ Yoast SEO Premium plugin. -->","yoast_head_json":{"title":"Josera Help Gastrointestinal Dog Dry sausas maistas \u0161unims 10kg - anivet.lt","description":"D\u0117l u\u017esakymo teirautis tel. +370 671 55300 arba fizin\u0117je parduotuv\u0117je.","robots":{"index":"index","follow":"follow","max-snippet":"max-snippet:-1","max-image-preview":"max-image-preview:large","max-video-preview":"max-video-preview:-1"},"canonical":"https:\/\/anivet.lt\/elparduotuve\/produktas\/josera-help-gastrointestinal-dog-dry-sausas-maistas-sunims\/","og_locale":"lt_LT","og_type":"article","og_title":"Josera Help Gastrointestinal Dog Dry sausas maistas \u0161unims 10kg","og_description":"D\u0117l u\u017esakymo teirautis tel. +370 671 55300 arba fizin\u0117je parduotuv\u0117je.","og_url":"https:\/\/anivet.lt\/elparduotuve\/produktas\/josera-help-gastrointestinal-dog-dry-sausas-maistas-sunims\/","og_site_name":"anivet.lt","article_modified_time":"2025-05-27T13:15:45+00:00","og_image":[{"width":1850,"height":2312,"url":"https:\/\/anivet.lt\/elparduotuve\/wp-content\/uploads\/2023\/07\/4032254768159_Hund_Josera_Help_GastroIntestinal_10kg_seitlich.png","type":"image\/png"}],"twitter_card":"summary_large_image","twitter_misc":{"Est. reading time":"1 minut\u0117"},"schema":{"@context":"https:\/\/schema.org","@graph":[{"@type":"WebPage","@id":"https:\/\/anivet.lt\/elparduotuve\/produktas\/josera-help-gastrointestinal-dog-dry-sausas-maistas-sunims\/","url":"https:\/\/anivet.lt\/elparduotuve\/produktas\/josera-help-gastrointestinal-dog-dry-sausas-maistas-sunims\/","name":"Josera Help Gastrointestinal Dog Dry sausas maistas \u0161unims 10kg - anivet.lt","isPartOf":{"@id":"https:\/\/anivet.lt\/elparduotuve\/#website"},"primaryImageOfPage":{"@id":"https:\/\/anivet.lt\/elparduotuve\/produktas\/josera-help-gastrointestinal-dog-dry-sausas-maistas-sunims\/#primaryimage"},"image":{"@id":"https:\/\/anivet.lt\/elparduotuve\/produktas\/josera-help-gastrointestinal-dog-dry-sausas-maistas-sunims\/#primaryimage"},"thumbnailUrl":"https:\/\/anivet.lt\/elparduotuve\/wp-content\/uploads\/2023\/07\/4032254768159_Hund_Josera_Help_GastroIntestinal_10kg_seitlich.png","datePublished":"2023-07-31T07:26:13+00:00","dateModified":"2025-05-27T13:15:45+00:00","description":"D\u0117l u\u017esakymo teirautis tel. +370 671 55300 arba fizin\u0117je parduotuv\u0117je.","breadcrumb":{"@id":"https:\/\/anivet.lt\/elparduotuve\/produktas\/josera-help-gastrointestinal-dog-dry-sausas-maistas-sunims\/#breadcrumb"},"inLanguage":"lt-LT","potentialAction":[{"@type":"ReadAction","target":["https:\/\/anivet.lt\/elparduotuve\/produktas\/josera-help-gastrointestinal-dog-dry-sausas-maistas-sunims\/"]}]},{"@type":"ImageObject","inLanguage":"lt-LT","@id":"https:\/\/anivet.lt\/elparduotuve\/produktas\/josera-help-gastrointestinal-dog-dry-sausas-maistas-sunims\/#primaryimage","url":"https:\/\/anivet.lt\/elparduotuve\/wp-content\/uploads\/2023\/07\/4032254768159_Hund_Josera_Help_GastroIntestinal_10kg_seitlich.png","contentUrl":"https:\/\/anivet.lt\/elparduotuve\/wp-content\/uploads\/2023\/07\/4032254768159_Hund_Josera_Help_GastroIntestinal_10kg_seitlich.png","width":1850,"height":2312,"caption":"Josera Help Gastrointestinal Dog Dry sausas maistas \u0161unims 10kg"},{"@type":"BreadcrumbList","@id":"https:\/\/anivet.lt\/elparduotuve\/produktas\/josera-help-gastrointestinal-dog-dry-sausas-maistas-sunims\/#breadcrumb","itemListElement":[{"@type":"ListItem","position":1,"name":"Home","item":"https:\/\/anivet.lt\/elparduotuve\/"},{"@type":"ListItem","position":2,"name":"Produktai","item":"https:\/\/anivet.lt\/elparduotuve\/produktai\/"},{"@type":"ListItem","position":3,"name":"Josera Help Gastrointestinal Dog Dry sausas maistas \u0161unims 10kg"}]},{"@type":"WebSite","@id":"https:\/\/anivet.lt\/elparduotuve\/#website","url":"https:\/\/anivet.lt\/elparduotuve\/","name":"anivet.lt","description":"Viskas J\u016bs\u0173 \u0161uns, kat\u0117s prie\u017ei\u016brai","publisher":{"@id":"https:\/\/anivet.lt\/elparduotuve\/#organization"},"alternateName":"Viskas J\u016bs\u0173 \u0161uns, kat\u0117s prie\u017ei\u016brai","potentialAction":[{"@type":"SearchAction","target":{"@type":"EntryPoint","urlTemplate":"https:\/\/anivet.lt\/elparduotuve\/?s={search_term_string}"},"query-input":{"@type":"PropertyValueSpecification","valueRequired":true,"valueName":"search_term_string"}}],"inLanguage":"lt-LT"},{"@type":"Organization","@id":"https:\/\/anivet.lt\/elparduotuve\/#organization","name":"Viskas J\u016bs\u0173 \u0161uns, kat\u0117s prie\u017ei\u016brai","url":"https:\/\/anivet.lt\/elparduotuve\/","logo":{"@type":"ImageObject","inLanguage":"lt-LT","@id":"https:\/\/anivet.lt\/elparduotuve\/#\/schema\/logo\/image\/","url":"https:\/\/anivet.lt\/elparduotuve\/wp-content\/uploads\/2023\/06\/logo2.jpg","contentUrl":"https:\/\/anivet.lt\/elparduotuve\/wp-content\/uploads\/2023\/06\/logo2.jpg","width":655,"height":194,"caption":"Viskas J\u016bs\u0173 \u0161uns, kat\u0117s prie\u017ei\u016brai"},"image":{"@id":"https:\/\/anivet.lt\/elparduotuve\/#\/schema\/logo\/image\/"}}]}},"_links":{"self":[{"href":"https:\/\/anivet.lt\/elparduotuve\/wp-json\/wp\/v2\/product\/10935","targetHints":{"allow":["GET"]}}],"collection":[{"href":"https:\/\/anivet.lt\/elparduotuve\/wp-json\/wp\/v2\/product"}],"about":[{"href":"https:\/\/anivet.lt\/elparduotuve\/wp-json\/wp\/v2\/types\/product"}],"wp:featuredmedia":[{"embeddable":true,"href":"https:\/\/anivet.lt\/elparduotuve\/wp-json\/wp\/v2\/media\/10939"}],"wp:attachment":[{"href":"https:\/\/anivet.lt\/elparduotuve\/wp-json\/wp\/v2\/media?parent=10935"}],"wp:term":[{"taxonomy":"product_brand","embeddable":true,"href":"https:\/\/anivet.lt\/elparduotuve\/wp-json\/wp\/v2\/product_brand?post=10935"},{"taxonomy":"product_cat","embeddable":true,"href":"https:\/\/anivet.lt\/elparduotuve\/wp-json\/wp\/v2\/product_cat?post=10935"},{"taxonomy":"product_tag","embeddable":true,"href":"https:\/\/anivet.lt\/elparduotuve\/wp-json\/wp\/v2\/product_tag?post=10935"}],"curies":[{"name":"wp","href":"https:\/\/api.w.org\/{rel}","templated":true}]}}