{"id":10946,"date":"2023-07-31T07:54:56","date_gmt":"2023-07-31T07:54:56","guid":{"rendered":"https:\/\/anivet.lt\/elparduotuve\/?post_type=product&#038;p=10946"},"modified":"2025-05-27T13:15:49","modified_gmt":"2025-05-27T13:15:49","slug":"josera-help-hypoallergenic-dog-dry-hipoalerginis-maistas-sunims","status":"publish","type":"product","link":"https:\/\/anivet.lt\/elparduotuve\/produktas\/josera-help-hypoallergenic-dog-dry-hipoalerginis-maistas-sunims\/","title":{"rendered":"Josera Help Hypoallergenic Dog Dry hipoalerginis maistas \u0161unims 10kg"},"content":{"rendered":"<ul>\n<li style=\"font-weight: 400;\" aria-level=\"1\"><span style=\"font-weight: 400;\">Gyv\u016bnin\u0117s kilm\u0117s monobaltymas: Vabzd\u017ei\u0173 baltymai (Hermetia illucens) kaip retas baltym\u0173 \u0161altinis suma\u017eina alergini\u0173 reakcij\u0173 rizik\u0105.<\/span><\/li>\n<li style=\"font-weight: 400;\" aria-level=\"1\"><span style=\"font-weight: 400;\">Be gr\u016bd\u0173: Lengvai vir\u0161kinama formul\u0117 tinka \u0161unims su jautriu vir\u0161kinimu ar netolerancija gr\u016bdams.<\/span><\/li>\n<li style=\"font-weight: 400;\" aria-level=\"1\"><span style=\"font-weight: 400;\">Rinktiniai angliavandeni\u0173 \u0161altiniai: Bulv\u0117s ir \u017eirni\u0173 miltai u\u017etikrina energij\u0105 ir lengv\u0105 \u012fsisavinim\u0105.<\/span><\/li>\n<li style=\"font-weight: 400;\" aria-level=\"1\"><span style=\"font-weight: 400;\">Palengvina simptomus: Gali pad\u0117ti suma\u017einti nie\u017e\u0117jim\u0105, viduriavim\u0105 ir kitus alergijos po\u017eymius.<\/span><\/li>\n<li style=\"font-weight: 400;\" aria-level=\"1\"><span style=\"font-weight: 400;\">Minimal\u016bs ingredientai: Nedidelis ingredient\u0173 skai\u010dius tinkamas atrankinei hipoalerginei dietai.<\/span><\/li>\n<\/ul>\n<p><span style=\"font-weight: 400;\">\u201eJosera Help Hypoallergenic\u201c yra idealus sprendimas \u0161unims, kurie ken\u010dia nuo alergij\u0173 ar netolerancijos tradiciniam pa\u0161arui. Puikiai subalansuotas ir skanus pa\u0161aras, kuris prisideda prie geros \u0161uns savijautos ir sveikatos.<\/span><\/p>\n","protected":false},"excerpt":{"rendered":"<p lang=\"lt-LT\"><span style=\"color: #ff0000;\"><strong>D\u0117l u\u017esakymo teirautis tel. <span lang=\"en-US\">+370 671 55300 <\/span>arba fizin\u0117je parduotuv\u0117je.<\/strong><\/span><\/p>\n<p lang=\"lt-LT\"><span style=\"font-weight: 400;\">Specialiai sukurtas hipoalerginis sausas maistas \u0161unims, turintiems \u0117dalo netoleravimo ar alergijos problem\u0173. Sud\u0117tyje naudojamas unikalus gyv\u016bnin\u0117s kilm\u0117s monobaltymas \u2013 vabzd\u017ei\u0173 baltymai \u2013 ir rinktiniai lengvai vir\u0161kinami ingredientai.<\/span><\/p>\n","protected":false},"featured_media":10947,"template":"","meta":[],"product_brand":[],"product_cat":[101,103,107,334],"product_tag":[],"class_list":{"0":"post-10946","1":"product","2":"type-product","3":"status-publish","4":"has-post-thumbnail","6":"product_cat-sunims","7":"product_cat-sunu-maistas","8":"product_cat-veterinarine-dieta","9":"product_cat-josera-sunu-maistas","10":"pa_prekinis-zenklas-josera-help","12":"first","13":"instock","14":"taxable","15":"shipping-taxable","16":"product-type-simple"},"yoast_head":"<!-- This site is optimized with the Yoast SEO Premium plugin v27.1 (Yoast SEO v27.3) - https:\/\/yoast.com\/product\/yoast-seo-premium-wordpress\/ -->\n<title>Josera Help Hypoallergenic Dog Dry hipoalerginis maistas \u0161unims 10kg - anivet.lt<\/title>\n<meta name=\"description\" content=\"D\u0117l u\u017esakymo teirautis tel. +370 671 55300 arba fizin\u0117je parduotuv\u0117je. Specialiai sukurtas hipoalerginis sausas maistas \u0161unims, turintiems \u0117dalo netoleravimo ar alergijos problem\u0173. Sud\u0117tyje naudojamas unikalus gyv\u016bnin\u0117s kilm\u0117s monobaltymas \u2013 vabzd\u017ei\u0173 baltymai \u2013 ir rinktiniai lengvai vir\u0161kinami ingredientai.\" \/>\n<meta name=\"robots\" content=\"index, follow, max-snippet:-1, max-image-preview:large, max-video-preview:-1\" \/>\n<link rel=\"canonical\" href=\"https:\/\/anivet.lt\/elparduotuve\/produktas\/josera-help-hypoallergenic-dog-dry-hipoalerginis-maistas-sunims\/\" \/>\n<meta property=\"og:locale\" content=\"lt_LT\" \/>\n<meta property=\"og:type\" content=\"article\" \/>\n<meta property=\"og:title\" content=\"Josera Help Hypoallergenic Dog Dry hipoalerginis maistas \u0161unims 10kg\" \/>\n<meta property=\"og:description\" content=\"D\u0117l u\u017esakymo teirautis tel. +370 671 55300 arba fizin\u0117je parduotuv\u0117je. Specialiai sukurtas hipoalerginis sausas maistas \u0161unims, turintiems \u0117dalo netoleravimo ar alergijos problem\u0173. Sud\u0117tyje naudojamas unikalus gyv\u016bnin\u0117s kilm\u0117s monobaltymas \u2013 vabzd\u017ei\u0173 baltymai \u2013 ir rinktiniai lengvai vir\u0161kinami ingredientai.\" \/>\n<meta property=\"og:url\" content=\"https:\/\/anivet.lt\/elparduotuve\/produktas\/josera-help-hypoallergenic-dog-dry-hipoalerginis-maistas-sunims\/\" \/>\n<meta property=\"og:site_name\" content=\"anivet.lt\" \/>\n<meta property=\"article:modified_time\" content=\"2025-05-27T13:15:49+00:00\" \/>\n<meta property=\"og:image\" content=\"https:\/\/anivet.lt\/elparduotuve\/wp-content\/uploads\/2023\/07\/4032254768173_Hund_Josera_Help_Hypoallergenic_10kg_seitlich.png\" \/>\n\t<meta property=\"og:image:width\" content=\"1850\" \/>\n\t<meta property=\"og:image:height\" content=\"2312\" \/>\n\t<meta property=\"og:image:type\" content=\"image\/png\" \/>\n<meta name=\"twitter:card\" content=\"summary_large_image\" \/>\n<meta name=\"twitter:label1\" content=\"Est. reading time\" \/>\n\t<meta name=\"twitter:data1\" content=\"1 minut\u0117\" \/>\n<script type=\"application\/ld+json\" class=\"yoast-schema-graph\">{\"@context\":\"https:\\\/\\\/schema.org\",\"@graph\":[{\"@type\":\"WebPage\",\"@id\":\"https:\\\/\\\/anivet.lt\\\/elparduotuve\\\/produktas\\\/josera-help-hypoallergenic-dog-dry-hipoalerginis-maistas-sunims\\\/\",\"url\":\"https:\\\/\\\/anivet.lt\\\/elparduotuve\\\/produktas\\\/josera-help-hypoallergenic-dog-dry-hipoalerginis-maistas-sunims\\\/\",\"name\":\"Josera Help Hypoallergenic Dog Dry hipoalerginis maistas \u0161unims 10kg - anivet.lt\",\"isPartOf\":{\"@id\":\"https:\\\/\\\/anivet.lt\\\/elparduotuve\\\/#website\"},\"primaryImageOfPage\":{\"@id\":\"https:\\\/\\\/anivet.lt\\\/elparduotuve\\\/produktas\\\/josera-help-hypoallergenic-dog-dry-hipoalerginis-maistas-sunims\\\/#primaryimage\"},\"image\":{\"@id\":\"https:\\\/\\\/anivet.lt\\\/elparduotuve\\\/produktas\\\/josera-help-hypoallergenic-dog-dry-hipoalerginis-maistas-sunims\\\/#primaryimage\"},\"thumbnailUrl\":\"https:\\\/\\\/anivet.lt\\\/elparduotuve\\\/wp-content\\\/uploads\\\/2023\\\/07\\\/4032254768173_Hund_Josera_Help_Hypoallergenic_10kg_seitlich.png\",\"datePublished\":\"2023-07-31T07:54:56+00:00\",\"dateModified\":\"2025-05-27T13:15:49+00:00\",\"description\":\"D\u0117l u\u017esakymo teirautis tel. +370 671 55300 arba fizin\u0117je parduotuv\u0117je. Specialiai sukurtas hipoalerginis sausas maistas \u0161unims, turintiems \u0117dalo netoleravimo ar alergijos problem\u0173. Sud\u0117tyje naudojamas unikalus gyv\u016bnin\u0117s kilm\u0117s monobaltymas \u2013 vabzd\u017ei\u0173 baltymai \u2013 ir rinktiniai lengvai vir\u0161kinami ingredientai.\",\"breadcrumb\":{\"@id\":\"https:\\\/\\\/anivet.lt\\\/elparduotuve\\\/produktas\\\/josera-help-hypoallergenic-dog-dry-hipoalerginis-maistas-sunims\\\/#breadcrumb\"},\"inLanguage\":\"lt-LT\",\"potentialAction\":[{\"@type\":\"ReadAction\",\"target\":[\"https:\\\/\\\/anivet.lt\\\/elparduotuve\\\/produktas\\\/josera-help-hypoallergenic-dog-dry-hipoalerginis-maistas-sunims\\\/\"]}]},{\"@type\":\"ImageObject\",\"inLanguage\":\"lt-LT\",\"@id\":\"https:\\\/\\\/anivet.lt\\\/elparduotuve\\\/produktas\\\/josera-help-hypoallergenic-dog-dry-hipoalerginis-maistas-sunims\\\/#primaryimage\",\"url\":\"https:\\\/\\\/anivet.lt\\\/elparduotuve\\\/wp-content\\\/uploads\\\/2023\\\/07\\\/4032254768173_Hund_Josera_Help_Hypoallergenic_10kg_seitlich.png\",\"contentUrl\":\"https:\\\/\\\/anivet.lt\\\/elparduotuve\\\/wp-content\\\/uploads\\\/2023\\\/07\\\/4032254768173_Hund_Josera_Help_Hypoallergenic_10kg_seitlich.png\",\"width\":1850,\"height\":2312,\"caption\":\"Josera Help Hypoallergenic Dog Dry hipoalerginis maistas \u0161unims 10kg\"},{\"@type\":\"BreadcrumbList\",\"@id\":\"https:\\\/\\\/anivet.lt\\\/elparduotuve\\\/produktas\\\/josera-help-hypoallergenic-dog-dry-hipoalerginis-maistas-sunims\\\/#breadcrumb\",\"itemListElement\":[{\"@type\":\"ListItem\",\"position\":1,\"name\":\"Home\",\"item\":\"https:\\\/\\\/anivet.lt\\\/elparduotuve\\\/\"},{\"@type\":\"ListItem\",\"position\":2,\"name\":\"Produktai\",\"item\":\"https:\\\/\\\/anivet.lt\\\/elparduotuve\\\/produktai\\\/\"},{\"@type\":\"ListItem\",\"position\":3,\"name\":\"Josera Help Hypoallergenic Dog Dry hipoalerginis maistas \u0161unims 10kg\"}]},{\"@type\":\"WebSite\",\"@id\":\"https:\\\/\\\/anivet.lt\\\/elparduotuve\\\/#website\",\"url\":\"https:\\\/\\\/anivet.lt\\\/elparduotuve\\\/\",\"name\":\"anivet.lt\",\"description\":\"Viskas J\u016bs\u0173 \u0161uns, kat\u0117s prie\u017ei\u016brai\",\"publisher\":{\"@id\":\"https:\\\/\\\/anivet.lt\\\/elparduotuve\\\/#organization\"},\"alternateName\":\"Viskas J\u016bs\u0173 \u0161uns, kat\u0117s prie\u017ei\u016brai\",\"potentialAction\":[{\"@type\":\"SearchAction\",\"target\":{\"@type\":\"EntryPoint\",\"urlTemplate\":\"https:\\\/\\\/anivet.lt\\\/elparduotuve\\\/?s={search_term_string}\"},\"query-input\":{\"@type\":\"PropertyValueSpecification\",\"valueRequired\":true,\"valueName\":\"search_term_string\"}}],\"inLanguage\":\"lt-LT\"},{\"@type\":\"Organization\",\"@id\":\"https:\\\/\\\/anivet.lt\\\/elparduotuve\\\/#organization\",\"name\":\"Viskas J\u016bs\u0173 \u0161uns, kat\u0117s prie\u017ei\u016brai\",\"url\":\"https:\\\/\\\/anivet.lt\\\/elparduotuve\\\/\",\"logo\":{\"@type\":\"ImageObject\",\"inLanguage\":\"lt-LT\",\"@id\":\"https:\\\/\\\/anivet.lt\\\/elparduotuve\\\/#\\\/schema\\\/logo\\\/image\\\/\",\"url\":\"https:\\\/\\\/anivet.lt\\\/elparduotuve\\\/wp-content\\\/uploads\\\/2023\\\/06\\\/logo2.jpg\",\"contentUrl\":\"https:\\\/\\\/anivet.lt\\\/elparduotuve\\\/wp-content\\\/uploads\\\/2023\\\/06\\\/logo2.jpg\",\"width\":655,\"height\":194,\"caption\":\"Viskas J\u016bs\u0173 \u0161uns, kat\u0117s prie\u017ei\u016brai\"},\"image\":{\"@id\":\"https:\\\/\\\/anivet.lt\\\/elparduotuve\\\/#\\\/schema\\\/logo\\\/image\\\/\"}}]}<\/script>\n<!-- \/ Yoast SEO Premium plugin. -->","yoast_head_json":{"title":"Josera Help Hypoallergenic Dog Dry hipoalerginis maistas \u0161unims 10kg - anivet.lt","description":"D\u0117l u\u017esakymo teirautis tel. +370 671 55300 arba fizin\u0117je parduotuv\u0117je. Specialiai sukurtas hipoalerginis sausas maistas \u0161unims, turintiems \u0117dalo netoleravimo ar alergijos problem\u0173. Sud\u0117tyje naudojamas unikalus gyv\u016bnin\u0117s kilm\u0117s monobaltymas \u2013 vabzd\u017ei\u0173 baltymai \u2013 ir rinktiniai lengvai vir\u0161kinami ingredientai.","robots":{"index":"index","follow":"follow","max-snippet":"max-snippet:-1","max-image-preview":"max-image-preview:large","max-video-preview":"max-video-preview:-1"},"canonical":"https:\/\/anivet.lt\/elparduotuve\/produktas\/josera-help-hypoallergenic-dog-dry-hipoalerginis-maistas-sunims\/","og_locale":"lt_LT","og_type":"article","og_title":"Josera Help Hypoallergenic Dog Dry hipoalerginis maistas \u0161unims 10kg","og_description":"D\u0117l u\u017esakymo teirautis tel. +370 671 55300 arba fizin\u0117je parduotuv\u0117je. Specialiai sukurtas hipoalerginis sausas maistas \u0161unims, turintiems \u0117dalo netoleravimo ar alergijos problem\u0173. Sud\u0117tyje naudojamas unikalus gyv\u016bnin\u0117s kilm\u0117s monobaltymas \u2013 vabzd\u017ei\u0173 baltymai \u2013 ir rinktiniai lengvai vir\u0161kinami ingredientai.","og_url":"https:\/\/anivet.lt\/elparduotuve\/produktas\/josera-help-hypoallergenic-dog-dry-hipoalerginis-maistas-sunims\/","og_site_name":"anivet.lt","article_modified_time":"2025-05-27T13:15:49+00:00","og_image":[{"width":1850,"height":2312,"url":"https:\/\/anivet.lt\/elparduotuve\/wp-content\/uploads\/2023\/07\/4032254768173_Hund_Josera_Help_Hypoallergenic_10kg_seitlich.png","type":"image\/png"}],"twitter_card":"summary_large_image","twitter_misc":{"Est. reading time":"1 minut\u0117"},"schema":{"@context":"https:\/\/schema.org","@graph":[{"@type":"WebPage","@id":"https:\/\/anivet.lt\/elparduotuve\/produktas\/josera-help-hypoallergenic-dog-dry-hipoalerginis-maistas-sunims\/","url":"https:\/\/anivet.lt\/elparduotuve\/produktas\/josera-help-hypoallergenic-dog-dry-hipoalerginis-maistas-sunims\/","name":"Josera Help Hypoallergenic Dog Dry hipoalerginis maistas \u0161unims 10kg - anivet.lt","isPartOf":{"@id":"https:\/\/anivet.lt\/elparduotuve\/#website"},"primaryImageOfPage":{"@id":"https:\/\/anivet.lt\/elparduotuve\/produktas\/josera-help-hypoallergenic-dog-dry-hipoalerginis-maistas-sunims\/#primaryimage"},"image":{"@id":"https:\/\/anivet.lt\/elparduotuve\/produktas\/josera-help-hypoallergenic-dog-dry-hipoalerginis-maistas-sunims\/#primaryimage"},"thumbnailUrl":"https:\/\/anivet.lt\/elparduotuve\/wp-content\/uploads\/2023\/07\/4032254768173_Hund_Josera_Help_Hypoallergenic_10kg_seitlich.png","datePublished":"2023-07-31T07:54:56+00:00","dateModified":"2025-05-27T13:15:49+00:00","description":"D\u0117l u\u017esakymo teirautis tel. +370 671 55300 arba fizin\u0117je parduotuv\u0117je. Specialiai sukurtas hipoalerginis sausas maistas \u0161unims, turintiems \u0117dalo netoleravimo ar alergijos problem\u0173. Sud\u0117tyje naudojamas unikalus gyv\u016bnin\u0117s kilm\u0117s monobaltymas \u2013 vabzd\u017ei\u0173 baltymai \u2013 ir rinktiniai lengvai vir\u0161kinami ingredientai.","breadcrumb":{"@id":"https:\/\/anivet.lt\/elparduotuve\/produktas\/josera-help-hypoallergenic-dog-dry-hipoalerginis-maistas-sunims\/#breadcrumb"},"inLanguage":"lt-LT","potentialAction":[{"@type":"ReadAction","target":["https:\/\/anivet.lt\/elparduotuve\/produktas\/josera-help-hypoallergenic-dog-dry-hipoalerginis-maistas-sunims\/"]}]},{"@type":"ImageObject","inLanguage":"lt-LT","@id":"https:\/\/anivet.lt\/elparduotuve\/produktas\/josera-help-hypoallergenic-dog-dry-hipoalerginis-maistas-sunims\/#primaryimage","url":"https:\/\/anivet.lt\/elparduotuve\/wp-content\/uploads\/2023\/07\/4032254768173_Hund_Josera_Help_Hypoallergenic_10kg_seitlich.png","contentUrl":"https:\/\/anivet.lt\/elparduotuve\/wp-content\/uploads\/2023\/07\/4032254768173_Hund_Josera_Help_Hypoallergenic_10kg_seitlich.png","width":1850,"height":2312,"caption":"Josera Help Hypoallergenic Dog Dry hipoalerginis maistas \u0161unims 10kg"},{"@type":"BreadcrumbList","@id":"https:\/\/anivet.lt\/elparduotuve\/produktas\/josera-help-hypoallergenic-dog-dry-hipoalerginis-maistas-sunims\/#breadcrumb","itemListElement":[{"@type":"ListItem","position":1,"name":"Home","item":"https:\/\/anivet.lt\/elparduotuve\/"},{"@type":"ListItem","position":2,"name":"Produktai","item":"https:\/\/anivet.lt\/elparduotuve\/produktai\/"},{"@type":"ListItem","position":3,"name":"Josera Help Hypoallergenic Dog Dry hipoalerginis maistas \u0161unims 10kg"}]},{"@type":"WebSite","@id":"https:\/\/anivet.lt\/elparduotuve\/#website","url":"https:\/\/anivet.lt\/elparduotuve\/","name":"anivet.lt","description":"Viskas J\u016bs\u0173 \u0161uns, kat\u0117s prie\u017ei\u016brai","publisher":{"@id":"https:\/\/anivet.lt\/elparduotuve\/#organization"},"alternateName":"Viskas J\u016bs\u0173 \u0161uns, kat\u0117s prie\u017ei\u016brai","potentialAction":[{"@type":"SearchAction","target":{"@type":"EntryPoint","urlTemplate":"https:\/\/anivet.lt\/elparduotuve\/?s={search_term_string}"},"query-input":{"@type":"PropertyValueSpecification","valueRequired":true,"valueName":"search_term_string"}}],"inLanguage":"lt-LT"},{"@type":"Organization","@id":"https:\/\/anivet.lt\/elparduotuve\/#organization","name":"Viskas J\u016bs\u0173 \u0161uns, kat\u0117s prie\u017ei\u016brai","url":"https:\/\/anivet.lt\/elparduotuve\/","logo":{"@type":"ImageObject","inLanguage":"lt-LT","@id":"https:\/\/anivet.lt\/elparduotuve\/#\/schema\/logo\/image\/","url":"https:\/\/anivet.lt\/elparduotuve\/wp-content\/uploads\/2023\/06\/logo2.jpg","contentUrl":"https:\/\/anivet.lt\/elparduotuve\/wp-content\/uploads\/2023\/06\/logo2.jpg","width":655,"height":194,"caption":"Viskas J\u016bs\u0173 \u0161uns, kat\u0117s prie\u017ei\u016brai"},"image":{"@id":"https:\/\/anivet.lt\/elparduotuve\/#\/schema\/logo\/image\/"}}]}},"_links":{"self":[{"href":"https:\/\/anivet.lt\/elparduotuve\/wp-json\/wp\/v2\/product\/10946","targetHints":{"allow":["GET"]}}],"collection":[{"href":"https:\/\/anivet.lt\/elparduotuve\/wp-json\/wp\/v2\/product"}],"about":[{"href":"https:\/\/anivet.lt\/elparduotuve\/wp-json\/wp\/v2\/types\/product"}],"wp:featuredmedia":[{"embeddable":true,"href":"https:\/\/anivet.lt\/elparduotuve\/wp-json\/wp\/v2\/media\/10947"}],"wp:attachment":[{"href":"https:\/\/anivet.lt\/elparduotuve\/wp-json\/wp\/v2\/media?parent=10946"}],"wp:term":[{"taxonomy":"product_brand","embeddable":true,"href":"https:\/\/anivet.lt\/elparduotuve\/wp-json\/wp\/v2\/product_brand?post=10946"},{"taxonomy":"product_cat","embeddable":true,"href":"https:\/\/anivet.lt\/elparduotuve\/wp-json\/wp\/v2\/product_cat?post=10946"},{"taxonomy":"product_tag","embeddable":true,"href":"https:\/\/anivet.lt\/elparduotuve\/wp-json\/wp\/v2\/product_tag?post=10946"}],"curies":[{"name":"wp","href":"https:\/\/api.w.org\/{rel}","templated":true}]}}