{"id":11058,"date":"2023-08-21T08:15:31","date_gmt":"2023-08-21T08:15:31","guid":{"rendered":"https:\/\/anivet.lt\/elparduotuve\/?post_type=product&#038;p=11058"},"modified":"2026-02-28T22:48:58","modified_gmt":"2026-02-28T22:48:58","slug":"winterpad-50-ml-peduciu-tepalas","status":"publish","type":"product","link":"https:\/\/anivet.lt\/elparduotuve\/produktas\/winterpad-50-ml-peduciu-tepalas\/","title":{"rendered":"Winterpad 50 ml p\u0117du\u010di\u0173 tepalas"},"content":{"rendered":"<ul>\n<li style=\"font-weight: 400;\"><span style=\"font-weight: 400;\">Apsauga nuo neigiam\u0173 aplinkos s\u0105lyg\u0173: Efektyviai saugo nuo sniego, ledo ir stipraus \u0161al\u010dio poveikio.<\/span><\/li>\n<li style=\"font-weight: 400;\"><span style=\"font-weight: 400;\">Ramina ir regeneruoja: Sud\u0117tyje esantys cinko oksidas ir arbatmed\u017eio eterinis aliejus padeda gydyti pa\u017eeistas vietas ir u\u017ekirsti keli\u0105 dirginimui.<\/span><\/li>\n<li style=\"font-weight: 400;\"><span style=\"font-weight: 400;\">Nat\u016bral\u016bs ingredientai: \u010ciobreli\u0173 eterinis aliejus ir vazelinas dr\u0117kina ir stiprina od\u0105.<\/span><\/li>\n<li style=\"font-weight: 400;\"><span style=\"font-weight: 400;\">Kasdienis naudojimas: Tinka reguliariai naudoti prevencijai ar gydymui.<\/span><\/li>\n<\/ul>\n<p><span style=\"font-weight: 400;\">\u201eWinter Pad\u201d p\u0117du\u010di\u0173 tepalas \u2013 patikima apsauga j\u016bs\u0173 augintinio leten\u0117l\u0117ms, u\u017etikrinanti komfort\u0105 ir sveikat\u0105 net ir at\u0161iauriomis s\u0105lygomis. Nat\u016brali sud\u0117tis ir gydomosios savyb\u0117s daro \u0161\u012f produkt\u0105 puikiu pasirinkimu kasdieninei prie\u017ei\u016brai.<\/span><\/p>\n","protected":false},"excerpt":{"rendered":"<p>Spe<span style=\"font-weight: 400;\">cialus p\u0117du\u010di\u0173 tepalas, skirtas \u0161unims ir kat\u0117ms, apsaugantis nuo nepalanki\u0173 aplinkos s\u0105lyg\u0173, toki\u0173 kaip sniegas, ledas, \u0161altis, purvas ir nelygus pavir\u0161ius. Sud\u0117tyje esantys nat\u016bral\u016bs ingredientai suteikia apsaug\u0105 ir r\u016bpinasi leten\u0117li\u0173 oda.<\/span><\/p>\n","protected":false},"featured_media":11059,"template":"","meta":[],"product_brand":[],"product_cat":[101,102,108,119,111,122],"product_tag":[],"class_list":{"0":"post-11058","1":"product","2":"type-product","3":"status-publish","4":"has-post-thumbnail","6":"product_cat-sunims","7":"product_cat-katems","8":"product_cat-prieziuros-priemones","9":"product_cat-prieziuros-priemones-katems","10":"product_cat-peduciu-prieziura","11":"product_cat-peduciu-prieziura-prieziuros-priemones-katems","13":"first","14":"instock","15":"taxable","16":"shipping-taxable","17":"purchasable","18":"product-type-simple"},"yoast_head":"<!-- This site is optimized with the Yoast SEO Premium plugin v27.1 (Yoast SEO v27.5) - https:\/\/yoast.com\/product\/yoast-seo-premium-wordpress\/ -->\n<title>Winterpad 50 ml p\u0117du\u010di\u0173 tepalas - anivet.lt<\/title>\n<meta name=\"description\" content=\"Specialus p\u0117du\u010di\u0173 tepalas, skirtas \u0161unims ir kat\u0117ms, apsaugantis nuo nepalanki\u0173 aplinkos s\u0105lyg\u0173, toki\u0173 kaip sniegas, ledas, \u0161altis, purvas ir nelygus pavir\u0161ius. Sud\u0117tyje esantys nat\u016bral\u016bs ingredientai suteikia apsaug\u0105 ir r\u016bpinasi leten\u0117li\u0173 oda.\" \/>\n<meta name=\"robots\" content=\"index, follow, max-snippet:-1, max-image-preview:large, max-video-preview:-1\" \/>\n<link rel=\"canonical\" href=\"https:\/\/anivet.lt\/elparduotuve\/produktas\/winterpad-50-ml-peduciu-tepalas\/\" \/>\n<meta property=\"og:locale\" content=\"lt_LT\" \/>\n<meta property=\"og:type\" content=\"article\" \/>\n<meta property=\"og:title\" content=\"Winterpad 50 ml p\u0117du\u010di\u0173 tepalas\" \/>\n<meta property=\"og:description\" content=\"Specialus p\u0117du\u010di\u0173 tepalas, skirtas \u0161unims ir kat\u0117ms, apsaugantis nuo nepalanki\u0173 aplinkos s\u0105lyg\u0173, toki\u0173 kaip sniegas, ledas, \u0161altis, purvas ir nelygus pavir\u0161ius. Sud\u0117tyje esantys nat\u016bral\u016bs ingredientai suteikia apsaug\u0105 ir r\u016bpinasi leten\u0117li\u0173 oda.\" \/>\n<meta property=\"og:url\" content=\"https:\/\/anivet.lt\/elparduotuve\/produktas\/winterpad-50-ml-peduciu-tepalas\/\" \/>\n<meta property=\"og:site_name\" content=\"anivet.lt\" \/>\n<meta property=\"article:modified_time\" content=\"2026-02-28T22:48:58+00:00\" \/>\n<meta property=\"og:image\" content=\"https:\/\/anivet.lt\/elparduotuve\/wp-content\/uploads\/2023\/08\/winterpad-50-ml-777108-1803.jpg\" \/>\n\t<meta property=\"og:image:width\" content=\"300\" \/>\n\t<meta property=\"og:image:height\" content=\"600\" \/>\n\t<meta property=\"og:image:type\" content=\"image\/jpeg\" \/>\n<meta name=\"twitter:card\" content=\"summary_large_image\" \/>\n<meta name=\"twitter:label1\" content=\"Est. reading time\" \/>\n\t<meta name=\"twitter:data1\" content=\"1 minut\u0117\" \/>\n<script type=\"application\/ld+json\" class=\"yoast-schema-graph\">{\"@context\":\"https:\\\/\\\/schema.org\",\"@graph\":[{\"@type\":\"WebPage\",\"@id\":\"https:\\\/\\\/anivet.lt\\\/elparduotuve\\\/produktas\\\/winterpad-50-ml-peduciu-tepalas\\\/\",\"url\":\"https:\\\/\\\/anivet.lt\\\/elparduotuve\\\/produktas\\\/winterpad-50-ml-peduciu-tepalas\\\/\",\"name\":\"Winterpad 50 ml p\u0117du\u010di\u0173 tepalas - anivet.lt\",\"isPartOf\":{\"@id\":\"https:\\\/\\\/anivet.lt\\\/elparduotuve\\\/#website\"},\"primaryImageOfPage\":{\"@id\":\"https:\\\/\\\/anivet.lt\\\/elparduotuve\\\/produktas\\\/winterpad-50-ml-peduciu-tepalas\\\/#primaryimage\"},\"image\":{\"@id\":\"https:\\\/\\\/anivet.lt\\\/elparduotuve\\\/produktas\\\/winterpad-50-ml-peduciu-tepalas\\\/#primaryimage\"},\"thumbnailUrl\":\"https:\\\/\\\/anivet.lt\\\/elparduotuve\\\/wp-content\\\/uploads\\\/2023\\\/08\\\/winterpad-50-ml-777108-1803.jpg\",\"datePublished\":\"2023-08-21T08:15:31+00:00\",\"dateModified\":\"2026-02-28T22:48:58+00:00\",\"description\":\"Specialus p\u0117du\u010di\u0173 tepalas, skirtas \u0161unims ir kat\u0117ms, apsaugantis nuo nepalanki\u0173 aplinkos s\u0105lyg\u0173, toki\u0173 kaip sniegas, ledas, \u0161altis, purvas ir nelygus pavir\u0161ius. Sud\u0117tyje esantys nat\u016bral\u016bs ingredientai suteikia apsaug\u0105 ir r\u016bpinasi leten\u0117li\u0173 oda.\",\"breadcrumb\":{\"@id\":\"https:\\\/\\\/anivet.lt\\\/elparduotuve\\\/produktas\\\/winterpad-50-ml-peduciu-tepalas\\\/#breadcrumb\"},\"inLanguage\":\"lt-LT\",\"potentialAction\":[{\"@type\":\"ReadAction\",\"target\":[\"https:\\\/\\\/anivet.lt\\\/elparduotuve\\\/produktas\\\/winterpad-50-ml-peduciu-tepalas\\\/\"]}]},{\"@type\":\"ImageObject\",\"inLanguage\":\"lt-LT\",\"@id\":\"https:\\\/\\\/anivet.lt\\\/elparduotuve\\\/produktas\\\/winterpad-50-ml-peduciu-tepalas\\\/#primaryimage\",\"url\":\"https:\\\/\\\/anivet.lt\\\/elparduotuve\\\/wp-content\\\/uploads\\\/2023\\\/08\\\/winterpad-50-ml-777108-1803.jpg\",\"contentUrl\":\"https:\\\/\\\/anivet.lt\\\/elparduotuve\\\/wp-content\\\/uploads\\\/2023\\\/08\\\/winterpad-50-ml-777108-1803.jpg\",\"width\":300,\"height\":600,\"caption\":\"Winterpad 50 ml p\u0117du\u010di\u0173 tepalas\"},{\"@type\":\"BreadcrumbList\",\"@id\":\"https:\\\/\\\/anivet.lt\\\/elparduotuve\\\/produktas\\\/winterpad-50-ml-peduciu-tepalas\\\/#breadcrumb\",\"itemListElement\":[{\"@type\":\"ListItem\",\"position\":1,\"name\":\"Home\",\"item\":\"https:\\\/\\\/anivet.lt\\\/elparduotuve\\\/\"},{\"@type\":\"ListItem\",\"position\":2,\"name\":\"Produktai\",\"item\":\"https:\\\/\\\/anivet.lt\\\/elparduotuve\\\/produktai\\\/\"},{\"@type\":\"ListItem\",\"position\":3,\"name\":\"Winterpad 50 ml p\u0117du\u010di\u0173 tepalas\"}]},{\"@type\":\"WebSite\",\"@id\":\"https:\\\/\\\/anivet.lt\\\/elparduotuve\\\/#website\",\"url\":\"https:\\\/\\\/anivet.lt\\\/elparduotuve\\\/\",\"name\":\"anivet.lt\",\"description\":\"Viskas J\u016bs\u0173 \u0161uns, kat\u0117s prie\u017ei\u016brai\",\"publisher\":{\"@id\":\"https:\\\/\\\/anivet.lt\\\/elparduotuve\\\/#organization\"},\"alternateName\":\"Viskas J\u016bs\u0173 \u0161uns, kat\u0117s prie\u017ei\u016brai\",\"potentialAction\":[{\"@type\":\"SearchAction\",\"target\":{\"@type\":\"EntryPoint\",\"urlTemplate\":\"https:\\\/\\\/anivet.lt\\\/elparduotuve\\\/?s={search_term_string}\"},\"query-input\":{\"@type\":\"PropertyValueSpecification\",\"valueRequired\":true,\"valueName\":\"search_term_string\"}}],\"inLanguage\":\"lt-LT\"},{\"@type\":\"Organization\",\"@id\":\"https:\\\/\\\/anivet.lt\\\/elparduotuve\\\/#organization\",\"name\":\"Viskas J\u016bs\u0173 \u0161uns, kat\u0117s prie\u017ei\u016brai\",\"url\":\"https:\\\/\\\/anivet.lt\\\/elparduotuve\\\/\",\"logo\":{\"@type\":\"ImageObject\",\"inLanguage\":\"lt-LT\",\"@id\":\"https:\\\/\\\/anivet.lt\\\/elparduotuve\\\/#\\\/schema\\\/logo\\\/image\\\/\",\"url\":\"https:\\\/\\\/anivet.lt\\\/elparduotuve\\\/wp-content\\\/uploads\\\/2023\\\/06\\\/logo2.jpg\",\"contentUrl\":\"https:\\\/\\\/anivet.lt\\\/elparduotuve\\\/wp-content\\\/uploads\\\/2023\\\/06\\\/logo2.jpg\",\"width\":655,\"height\":194,\"caption\":\"Viskas J\u016bs\u0173 \u0161uns, kat\u0117s prie\u017ei\u016brai\"},\"image\":{\"@id\":\"https:\\\/\\\/anivet.lt\\\/elparduotuve\\\/#\\\/schema\\\/logo\\\/image\\\/\"}}]}<\/script>\n<!-- \/ Yoast SEO Premium plugin. -->","yoast_head_json":{"title":"Winterpad 50 ml p\u0117du\u010di\u0173 tepalas - anivet.lt","description":"Specialus p\u0117du\u010di\u0173 tepalas, skirtas \u0161unims ir kat\u0117ms, apsaugantis nuo nepalanki\u0173 aplinkos s\u0105lyg\u0173, toki\u0173 kaip sniegas, ledas, \u0161altis, purvas ir nelygus pavir\u0161ius. Sud\u0117tyje esantys nat\u016bral\u016bs ingredientai suteikia apsaug\u0105 ir r\u016bpinasi leten\u0117li\u0173 oda.","robots":{"index":"index","follow":"follow","max-snippet":"max-snippet:-1","max-image-preview":"max-image-preview:large","max-video-preview":"max-video-preview:-1"},"canonical":"https:\/\/anivet.lt\/elparduotuve\/produktas\/winterpad-50-ml-peduciu-tepalas\/","og_locale":"lt_LT","og_type":"article","og_title":"Winterpad 50 ml p\u0117du\u010di\u0173 tepalas","og_description":"Specialus p\u0117du\u010di\u0173 tepalas, skirtas \u0161unims ir kat\u0117ms, apsaugantis nuo nepalanki\u0173 aplinkos s\u0105lyg\u0173, toki\u0173 kaip sniegas, ledas, \u0161altis, purvas ir nelygus pavir\u0161ius. Sud\u0117tyje esantys nat\u016bral\u016bs ingredientai suteikia apsaug\u0105 ir r\u016bpinasi leten\u0117li\u0173 oda.","og_url":"https:\/\/anivet.lt\/elparduotuve\/produktas\/winterpad-50-ml-peduciu-tepalas\/","og_site_name":"anivet.lt","article_modified_time":"2026-02-28T22:48:58+00:00","og_image":[{"width":300,"height":600,"url":"https:\/\/anivet.lt\/elparduotuve\/wp-content\/uploads\/2023\/08\/winterpad-50-ml-777108-1803.jpg","type":"image\/jpeg"}],"twitter_card":"summary_large_image","twitter_misc":{"Est. reading time":"1 minut\u0117"},"schema":{"@context":"https:\/\/schema.org","@graph":[{"@type":"WebPage","@id":"https:\/\/anivet.lt\/elparduotuve\/produktas\/winterpad-50-ml-peduciu-tepalas\/","url":"https:\/\/anivet.lt\/elparduotuve\/produktas\/winterpad-50-ml-peduciu-tepalas\/","name":"Winterpad 50 ml p\u0117du\u010di\u0173 tepalas - anivet.lt","isPartOf":{"@id":"https:\/\/anivet.lt\/elparduotuve\/#website"},"primaryImageOfPage":{"@id":"https:\/\/anivet.lt\/elparduotuve\/produktas\/winterpad-50-ml-peduciu-tepalas\/#primaryimage"},"image":{"@id":"https:\/\/anivet.lt\/elparduotuve\/produktas\/winterpad-50-ml-peduciu-tepalas\/#primaryimage"},"thumbnailUrl":"https:\/\/anivet.lt\/elparduotuve\/wp-content\/uploads\/2023\/08\/winterpad-50-ml-777108-1803.jpg","datePublished":"2023-08-21T08:15:31+00:00","dateModified":"2026-02-28T22:48:58+00:00","description":"Specialus p\u0117du\u010di\u0173 tepalas, skirtas \u0161unims ir kat\u0117ms, apsaugantis nuo nepalanki\u0173 aplinkos s\u0105lyg\u0173, toki\u0173 kaip sniegas, ledas, \u0161altis, purvas ir nelygus pavir\u0161ius. Sud\u0117tyje esantys nat\u016bral\u016bs ingredientai suteikia apsaug\u0105 ir r\u016bpinasi leten\u0117li\u0173 oda.","breadcrumb":{"@id":"https:\/\/anivet.lt\/elparduotuve\/produktas\/winterpad-50-ml-peduciu-tepalas\/#breadcrumb"},"inLanguage":"lt-LT","potentialAction":[{"@type":"ReadAction","target":["https:\/\/anivet.lt\/elparduotuve\/produktas\/winterpad-50-ml-peduciu-tepalas\/"]}]},{"@type":"ImageObject","inLanguage":"lt-LT","@id":"https:\/\/anivet.lt\/elparduotuve\/produktas\/winterpad-50-ml-peduciu-tepalas\/#primaryimage","url":"https:\/\/anivet.lt\/elparduotuve\/wp-content\/uploads\/2023\/08\/winterpad-50-ml-777108-1803.jpg","contentUrl":"https:\/\/anivet.lt\/elparduotuve\/wp-content\/uploads\/2023\/08\/winterpad-50-ml-777108-1803.jpg","width":300,"height":600,"caption":"Winterpad 50 ml p\u0117du\u010di\u0173 tepalas"},{"@type":"BreadcrumbList","@id":"https:\/\/anivet.lt\/elparduotuve\/produktas\/winterpad-50-ml-peduciu-tepalas\/#breadcrumb","itemListElement":[{"@type":"ListItem","position":1,"name":"Home","item":"https:\/\/anivet.lt\/elparduotuve\/"},{"@type":"ListItem","position":2,"name":"Produktai","item":"https:\/\/anivet.lt\/elparduotuve\/produktai\/"},{"@type":"ListItem","position":3,"name":"Winterpad 50 ml p\u0117du\u010di\u0173 tepalas"}]},{"@type":"WebSite","@id":"https:\/\/anivet.lt\/elparduotuve\/#website","url":"https:\/\/anivet.lt\/elparduotuve\/","name":"anivet.lt","description":"Viskas J\u016bs\u0173 \u0161uns, kat\u0117s prie\u017ei\u016brai","publisher":{"@id":"https:\/\/anivet.lt\/elparduotuve\/#organization"},"alternateName":"Viskas J\u016bs\u0173 \u0161uns, kat\u0117s prie\u017ei\u016brai","potentialAction":[{"@type":"SearchAction","target":{"@type":"EntryPoint","urlTemplate":"https:\/\/anivet.lt\/elparduotuve\/?s={search_term_string}"},"query-input":{"@type":"PropertyValueSpecification","valueRequired":true,"valueName":"search_term_string"}}],"inLanguage":"lt-LT"},{"@type":"Organization","@id":"https:\/\/anivet.lt\/elparduotuve\/#organization","name":"Viskas J\u016bs\u0173 \u0161uns, kat\u0117s prie\u017ei\u016brai","url":"https:\/\/anivet.lt\/elparduotuve\/","logo":{"@type":"ImageObject","inLanguage":"lt-LT","@id":"https:\/\/anivet.lt\/elparduotuve\/#\/schema\/logo\/image\/","url":"https:\/\/anivet.lt\/elparduotuve\/wp-content\/uploads\/2023\/06\/logo2.jpg","contentUrl":"https:\/\/anivet.lt\/elparduotuve\/wp-content\/uploads\/2023\/06\/logo2.jpg","width":655,"height":194,"caption":"Viskas J\u016bs\u0173 \u0161uns, kat\u0117s prie\u017ei\u016brai"},"image":{"@id":"https:\/\/anivet.lt\/elparduotuve\/#\/schema\/logo\/image\/"}}]}},"_links":{"self":[{"href":"https:\/\/anivet.lt\/elparduotuve\/wp-json\/wp\/v2\/product\/11058","targetHints":{"allow":["GET"]}}],"collection":[{"href":"https:\/\/anivet.lt\/elparduotuve\/wp-json\/wp\/v2\/product"}],"about":[{"href":"https:\/\/anivet.lt\/elparduotuve\/wp-json\/wp\/v2\/types\/product"}],"wp:featuredmedia":[{"embeddable":true,"href":"https:\/\/anivet.lt\/elparduotuve\/wp-json\/wp\/v2\/media\/11059"}],"wp:attachment":[{"href":"https:\/\/anivet.lt\/elparduotuve\/wp-json\/wp\/v2\/media?parent=11058"}],"wp:term":[{"taxonomy":"product_brand","embeddable":true,"href":"https:\/\/anivet.lt\/elparduotuve\/wp-json\/wp\/v2\/product_brand?post=11058"},{"taxonomy":"product_cat","embeddable":true,"href":"https:\/\/anivet.lt\/elparduotuve\/wp-json\/wp\/v2\/product_cat?post=11058"},{"taxonomy":"product_tag","embeddable":true,"href":"https:\/\/anivet.lt\/elparduotuve\/wp-json\/wp\/v2\/product_tag?post=11058"}],"curies":[{"name":"wp","href":"https:\/\/api.w.org\/{rel}","templated":true}]}}